{"id":39822,"date":"2021-09-30T10:30:15","date_gmt":"2021-09-30T10:30:15","guid":{"rendered":"https:\/\/lifenatura.dev.agenciagetdigital.com\/produto\/te-verde-premium-30-30-comprimidos-novity\/"},"modified":"2026-02-19T08:33:01","modified_gmt":"2026-02-19T08:33:01","slug":"te-verde-premium-30-30-comprimidos-novity","status":"publish","type":"product","link":"https:\/\/www.lifenatura.com\/es\/produto\/te-verde-premium-30-30-comprimidos-novity\/","title":{"rendered":"T\u00e9 Verde Premium 30 + 30 comprimidos &#8211; Novity"},"content":{"rendered":"<p>Conveniente para la quema de grasa El caf\u00e9 verde de primera calidad aumenta el metabolismo del cuerpo y, por lo tanto, tiene una acci\u00f3n antifatiga que proporciona energ\u00eda al cuerpo. Act\u00faa como un estimulante. Los estudios han demostrado que el \u00e1cido clorog\u00e9nico presente en el extracto de caf\u00e9 verde puede disminuir la acumulaci\u00f3n de grasa en las c\u00e9lulas (adipocitos) debido a la producci\u00f3n de la enzima Glutati\u00f3n-S-Transferasa o GST responsable de la oxidaci\u00f3n de la grasa en el h\u00edgado. Esta enzima es uno de los componentes principales del sistema de desintoxicaci\u00f3n del cuerpo, por lo que el extracto de caf\u00e9 verde tiene una acci\u00f3n preventiva sobre el h\u00edgado graso. PRESENTACI\u00d3N 30 + 30 tabletas<\/p>\n","protected":false},"excerpt":{"rendered":"<p>Conveniente para la quema de grasa El caf\u00e9 verde de primera calidad aumenta el metabolismo del cuerpo y, por lo tanto, tiene una acci\u00f3n antifatiga que proporciona energ\u00eda al cuerpo. Act\u00faa como un estimulante. Los estudios han demostrado que el \u00e1cido clorog\u00e9nico presente en el extracto de caf\u00e9 verde puede disminuir la acumulaci\u00f3n de grasa [&#8230;]<\/p>\n<p><a class=\"btn btn-secondary understrap-read-more-link\" href=\"https:\/\/www.lifenatura.com\/es\/produto\/te-verde-premium-30-30-comprimidos-novity\/\">Leer m\u00e1s&#8230;<span class=\"screen-reader-text\"> from T\u00e9 Verde Premium 30 + 30 comprimidos &#8211; Novity<\/span><\/a><\/p>\n","protected":false},"featured_media":21124,"template":"","meta":{"_acf_changed":false},"product_brand":[8429],"product_cat":[7190,7674,7659,7195,7179],"product_tag":[],"class_list":{"0":"post-39822","1":"product","2":"type-product","3":"status-publish","4":"has-post-thumbnail","6":"product_brand-novity","7":"product_cat-adelgazar","8":"product_cat-cafe-verde-bio","9":"product_cat-ingrediente-natural-bio","10":"product_cat-quemagrasas","11":"product_cat-salud","13":"first","14":"instock","15":"sale","16":"shipping-taxable","17":"purchasable","18":"product-type-simple","19":"add-to-wishlist-before_image"},"acf":[],"yoast_head":"<!-- This site is optimized with the Yoast SEO Premium plugin v27.1 (Yoast SEO v27.5) - https:\/\/yoast.com\/product\/yoast-seo-premium-wordpress\/ -->\n<title>T\u00e9 Verde Premium 30 + 30 comprimidos - Novity - Na Lifenatura ao Melhor Pre\u00e7o | Envio em 48h<\/title>\n<meta name=\"description\" content=\"El caf\u00e9 verde de primera calidad aumenta el metabolismo del cuerpo y, por lo tanto, tiene una acci\u00f3n antifatiga que proporciona energ\u00eda al cuerpo. Act\u00faa como un estimulante.\" \/>\n<meta name=\"robots\" content=\"index, follow, max-snippet:-1, max-image-preview:large, max-video-preview:-1\" \/>\n<link rel=\"canonical\" href=\"https:\/\/www.lifenatura.com\/es\/produto\/te-verde-premium-30-30-comprimidos-novity\/\" \/>\n<meta property=\"og:locale\" content=\"es_ES\" \/>\n<meta property=\"og:type\" content=\"article\" \/>\n<meta property=\"og:title\" content=\"T\u00e9 Verde Premium 30 + 30 comprimidos - Novity - Na Lifenatura ao Melhor Pre\u00e7o | Envio 48h\" \/>\n<meta property=\"og:description\" content=\"Compre T\u00e9 Verde Premium 30 + 30 comprimidos - Novity com envio r\u00e1pido. Entrega em 48h e portes gr\u00e1tis em compras &gt;35\u20ac. Aproveite j\u00e1 na Lifenatura\" \/>\n<meta property=\"og:url\" content=\"https:\/\/www.lifenatura.com\/es\/produto\/te-verde-premium-30-30-comprimidos-novity\/\" \/>\n<meta property=\"og:site_name\" content=\"Lifenatura\" \/>\n<meta property=\"article:publisher\" content=\"https:\/\/www.facebook.com\/lifenatura\" \/>\n<meta property=\"article:modified_time\" content=\"2026-02-19T08:33:01+00:00\" \/>\n<meta property=\"og:image\" content=\"https:\/\/www.lifenatura.com\/wp-content\/uploads\/2021\/09\/gd_cafe-verde-premium-comprimidos-novity.jpg\" \/>\n\t<meta property=\"og:image:width\" content=\"1000\" \/>\n\t<meta property=\"og:image:height\" content=\"1000\" \/>\n\t<meta property=\"og:image:type\" content=\"image\/jpeg\" \/>\n<meta name=\"twitter:card\" content=\"summary_large_image\" \/>\n<meta name=\"twitter:label1\" content=\"Precio\" \/>\n\t<meta name=\"twitter:data1\" content=\"21,32&nbsp;&euro;\" \/>\n\t<meta name=\"twitter:label2\" content=\"Disponibilidad\" \/>\n\t<meta name=\"twitter:data2\" content=\"Disponible\" \/>\n<script type=\"application\/ld+json\" class=\"yoast-schema-graph\">{\"@context\":\"https:\\\/\\\/schema.org\",\"@graph\":[{\"@type\":\"WebPage\",\"@id\":\"https:\\\/\\\/www.lifenatura.com\\\/es\\\/produto\\\/te-verde-premium-30-30-comprimidos-novity\\\/\",\"url\":\"https:\\\/\\\/www.lifenatura.com\\\/es\\\/produto\\\/te-verde-premium-30-30-comprimidos-novity\\\/\",\"name\":\"T\u00e9 Verde Premium 30 + 30 comprimidos - Novity - Na Lifenatura ao Melhor Pre\u00e7o | Envio em 48h\",\"isPartOf\":{\"@id\":\"https:\\\/\\\/www.lifenatura.com\\\/es\\\/#website\"},\"primaryImageOfPage\":{\"@id\":\"https:\\\/\\\/www.lifenatura.com\\\/es\\\/produto\\\/te-verde-premium-30-30-comprimidos-novity\\\/#primaryimage\"},\"image\":{\"@id\":\"https:\\\/\\\/www.lifenatura.com\\\/es\\\/produto\\\/te-verde-premium-30-30-comprimidos-novity\\\/#primaryimage\"},\"thumbnailUrl\":\"https:\\\/\\\/www.lifenatura.com\\\/wp-content\\\/uploads\\\/2021\\\/09\\\/gd_cafe-verde-premium-comprimidos-novity.jpg\",\"datePublished\":\"2021-09-30T10:30:15+00:00\",\"dateModified\":\"2026-02-19T08:33:01+00:00\",\"description\":\"El caf\u00e9 verde de primera calidad aumenta el metabolismo del cuerpo y, por lo tanto, tiene una acci\u00f3n antifatiga que proporciona energ\u00eda al cuerpo. Act\u00faa como un estimulante.\",\"breadcrumb\":{\"@id\":\"https:\\\/\\\/www.lifenatura.com\\\/es\\\/produto\\\/te-verde-premium-30-30-comprimidos-novity\\\/#breadcrumb\"},\"inLanguage\":\"es\",\"potentialAction\":[{\"@type\":\"ReadAction\",\"target\":[\"https:\\\/\\\/www.lifenatura.com\\\/es\\\/produto\\\/te-verde-premium-30-30-comprimidos-novity\\\/\"]}]},{\"@type\":\"ImageObject\",\"inLanguage\":\"es\",\"@id\":\"https:\\\/\\\/www.lifenatura.com\\\/es\\\/produto\\\/te-verde-premium-30-30-comprimidos-novity\\\/#primaryimage\",\"url\":\"https:\\\/\\\/www.lifenatura.com\\\/wp-content\\\/uploads\\\/2021\\\/09\\\/gd_cafe-verde-premium-comprimidos-novity.jpg\",\"contentUrl\":\"https:\\\/\\\/www.lifenatura.com\\\/wp-content\\\/uploads\\\/2021\\\/09\\\/gd_cafe-verde-premium-comprimidos-novity.jpg\",\"width\":1000,\"height\":1000,\"caption\":\"T\u00e9 Verde Premium 30 + 30 comprimidos - Novity\"},{\"@type\":\"BreadcrumbList\",\"@id\":\"https:\\\/\\\/www.lifenatura.com\\\/es\\\/produto\\\/te-verde-premium-30-30-comprimidos-novity\\\/#breadcrumb\",\"itemListElement\":[{\"@type\":\"ListItem\",\"position\":1,\"name\":\"In\u00edcio\",\"item\":\"https:\\\/\\\/www.lifenatura.com\\\/es\\\/\"},{\"@type\":\"ListItem\",\"position\":2,\"name\":\"Todos los Productos\",\"item\":\"https:\\\/\\\/www.lifenatura.com\\\/es\\\/tienda\\\/\"},{\"@type\":\"ListItem\",\"position\":3,\"name\":\"T\u00e9 Verde Premium 30 + 30 comprimidos &#8211; Novity\"}]},{\"@type\":\"WebSite\",\"@id\":\"https:\\\/\\\/www.lifenatura.com\\\/es\\\/#website\",\"url\":\"https:\\\/\\\/www.lifenatura.com\\\/es\\\/\",\"name\":\"Lifenatura\",\"description\":\"A Lifenatura \u00e9 uma loja de produtos naturais, cosm\u00e9tica natural e alimenta\u00e7\u00e3o Biol\u00f3gica.\",\"publisher\":{\"@id\":\"https:\\\/\\\/www.lifenatura.com\\\/es\\\/#organization\"},\"potentialAction\":[{\"@type\":\"SearchAction\",\"target\":{\"@type\":\"EntryPoint\",\"urlTemplate\":\"https:\\\/\\\/www.lifenatura.com\\\/es\\\/?s={search_term_string}\"},\"query-input\":{\"@type\":\"PropertyValueSpecification\",\"valueRequired\":true,\"valueName\":\"search_term_string\"}}],\"inLanguage\":\"es\"},{\"@type\":\"Organization\",\"@id\":\"https:\\\/\\\/www.lifenatura.com\\\/es\\\/#organization\",\"name\":\"Lifenatura\",\"url\":\"https:\\\/\\\/www.lifenatura.com\\\/es\\\/\",\"logo\":{\"@type\":\"ImageObject\",\"inLanguage\":\"es\",\"@id\":\"https:\\\/\\\/www.lifenatura.com\\\/es\\\/#\\\/schema\\\/logo\\\/image\\\/\",\"url\":\"https:\\\/\\\/www.lifenatura.com\\\/wp-content\\\/uploads\\\/2021\\\/07\\\/logo.png\",\"contentUrl\":\"https:\\\/\\\/www.lifenatura.com\\\/wp-content\\\/uploads\\\/2021\\\/07\\\/logo.png\",\"width\":175,\"height\":55,\"caption\":\"Lifenatura\"},\"image\":{\"@id\":\"https:\\\/\\\/www.lifenatura.com\\\/es\\\/#\\\/schema\\\/logo\\\/image\\\/\"},\"sameAs\":[\"https:\\\/\\\/www.facebook.com\\\/lifenatura\",\"https:\\\/\\\/www.instagram.com\\\/lifenaturapt\\\/\"],\"hasMerchantReturnPolicy\":{\"@type\":\"MerchantReturnPolicy\",\"merchantReturnLink\":\"https:\\\/\\\/www.lifenatura.com\\\/termos-condicoes-lifenatura\\\/\"}}]}<\/script>\n<meta property=\"product:price:amount\" content=\"21.32\" \/>\n<meta property=\"product:price:currency\" content=\"EUR\" \/>\n<meta property=\"og:availability\" content=\"instock\" \/>\n<meta property=\"product:availability\" content=\"instock\" \/>\n<meta property=\"product:retailer_item_id\" content=\"5605481408397\" \/>\n<meta property=\"product:condition\" content=\"new\" \/>\n<!-- \/ Yoast SEO Premium plugin. -->","yoast_head_json":{"title":"T\u00e9 Verde Premium 30 + 30 comprimidos - Novity - Na Lifenatura ao Melhor Pre\u00e7o | Envio em 48h","description":"El caf\u00e9 verde de primera calidad aumenta el metabolismo del cuerpo y, por lo tanto, tiene una acci\u00f3n antifatiga que proporciona energ\u00eda al cuerpo. Act\u00faa como un estimulante.","robots":{"index":"index","follow":"follow","max-snippet":"max-snippet:-1","max-image-preview":"max-image-preview:large","max-video-preview":"max-video-preview:-1"},"canonical":"https:\/\/www.lifenatura.com\/es\/produto\/te-verde-premium-30-30-comprimidos-novity\/","og_locale":"es_ES","og_type":"article","og_title":"T\u00e9 Verde Premium 30 + 30 comprimidos - Novity - Na Lifenatura ao Melhor Pre\u00e7o | Envio 48h","og_description":"Compre T\u00e9 Verde Premium 30 + 30 comprimidos - Novity com envio r\u00e1pido. Entrega em 48h e portes gr\u00e1tis em compras >35\u20ac. Aproveite j\u00e1 na Lifenatura","og_url":"https:\/\/www.lifenatura.com\/es\/produto\/te-verde-premium-30-30-comprimidos-novity\/","og_site_name":"Lifenatura","article_publisher":"https:\/\/www.facebook.com\/lifenatura","article_modified_time":"2026-02-19T08:33:01+00:00","og_image":[{"width":1000,"height":1000,"url":"https:\/\/www.lifenatura.com\/wp-content\/uploads\/2021\/09\/gd_cafe-verde-premium-comprimidos-novity.jpg","type":"image\/jpeg"}],"twitter_card":"summary_large_image","twitter_misc":{"Precio":"21,32&nbsp;&euro;","Disponibilidad":"Disponible"},"schema":{"@context":"https:\/\/schema.org","@graph":[{"@type":"WebPage","@id":"https:\/\/www.lifenatura.com\/es\/produto\/te-verde-premium-30-30-comprimidos-novity\/","url":"https:\/\/www.lifenatura.com\/es\/produto\/te-verde-premium-30-30-comprimidos-novity\/","name":"T\u00e9 Verde Premium 30 + 30 comprimidos - Novity - Na Lifenatura ao Melhor Pre\u00e7o | Envio em 48h","isPartOf":{"@id":"https:\/\/www.lifenatura.com\/es\/#website"},"primaryImageOfPage":{"@id":"https:\/\/www.lifenatura.com\/es\/produto\/te-verde-premium-30-30-comprimidos-novity\/#primaryimage"},"image":{"@id":"https:\/\/www.lifenatura.com\/es\/produto\/te-verde-premium-30-30-comprimidos-novity\/#primaryimage"},"thumbnailUrl":"https:\/\/www.lifenatura.com\/wp-content\/uploads\/2021\/09\/gd_cafe-verde-premium-comprimidos-novity.jpg","datePublished":"2021-09-30T10:30:15+00:00","dateModified":"2026-02-19T08:33:01+00:00","description":"El caf\u00e9 verde de primera calidad aumenta el metabolismo del cuerpo y, por lo tanto, tiene una acci\u00f3n antifatiga que proporciona energ\u00eda al cuerpo. Act\u00faa como un estimulante.","breadcrumb":{"@id":"https:\/\/www.lifenatura.com\/es\/produto\/te-verde-premium-30-30-comprimidos-novity\/#breadcrumb"},"inLanguage":"es","potentialAction":[{"@type":"ReadAction","target":["https:\/\/www.lifenatura.com\/es\/produto\/te-verde-premium-30-30-comprimidos-novity\/"]}]},{"@type":"ImageObject","inLanguage":"es","@id":"https:\/\/www.lifenatura.com\/es\/produto\/te-verde-premium-30-30-comprimidos-novity\/#primaryimage","url":"https:\/\/www.lifenatura.com\/wp-content\/uploads\/2021\/09\/gd_cafe-verde-premium-comprimidos-novity.jpg","contentUrl":"https:\/\/www.lifenatura.com\/wp-content\/uploads\/2021\/09\/gd_cafe-verde-premium-comprimidos-novity.jpg","width":1000,"height":1000,"caption":"T\u00e9 Verde Premium 30 + 30 comprimidos - Novity"},{"@type":"BreadcrumbList","@id":"https:\/\/www.lifenatura.com\/es\/produto\/te-verde-premium-30-30-comprimidos-novity\/#breadcrumb","itemListElement":[{"@type":"ListItem","position":1,"name":"In\u00edcio","item":"https:\/\/www.lifenatura.com\/es\/"},{"@type":"ListItem","position":2,"name":"Todos los Productos","item":"https:\/\/www.lifenatura.com\/es\/tienda\/"},{"@type":"ListItem","position":3,"name":"T\u00e9 Verde Premium 30 + 30 comprimidos &#8211; Novity"}]},{"@type":"WebSite","@id":"https:\/\/www.lifenatura.com\/es\/#website","url":"https:\/\/www.lifenatura.com\/es\/","name":"Lifenatura","description":"A Lifenatura \u00e9 uma loja de produtos naturais, cosm\u00e9tica natural e alimenta\u00e7\u00e3o Biol\u00f3gica.","publisher":{"@id":"https:\/\/www.lifenatura.com\/es\/#organization"},"potentialAction":[{"@type":"SearchAction","target":{"@type":"EntryPoint","urlTemplate":"https:\/\/www.lifenatura.com\/es\/?s={search_term_string}"},"query-input":{"@type":"PropertyValueSpecification","valueRequired":true,"valueName":"search_term_string"}}],"inLanguage":"es"},{"@type":"Organization","@id":"https:\/\/www.lifenatura.com\/es\/#organization","name":"Lifenatura","url":"https:\/\/www.lifenatura.com\/es\/","logo":{"@type":"ImageObject","inLanguage":"es","@id":"https:\/\/www.lifenatura.com\/es\/#\/schema\/logo\/image\/","url":"https:\/\/www.lifenatura.com\/wp-content\/uploads\/2021\/07\/logo.png","contentUrl":"https:\/\/www.lifenatura.com\/wp-content\/uploads\/2021\/07\/logo.png","width":175,"height":55,"caption":"Lifenatura"},"image":{"@id":"https:\/\/www.lifenatura.com\/es\/#\/schema\/logo\/image\/"},"sameAs":["https:\/\/www.facebook.com\/lifenatura","https:\/\/www.instagram.com\/lifenaturapt\/"],"hasMerchantReturnPolicy":{"@type":"MerchantReturnPolicy","merchantReturnLink":"https:\/\/www.lifenatura.com\/termos-condicoes-lifenatura\/"}}]},"product_price_amount":"21.32","product_price_currency":"EUR","og_availability":"instock","product_availability":"instock","product_retailer_item_id":"5605481408397","product_condition":"new"},"df_price":21.32,"df_sale_price":21.32,"df_regular_price":26.66,"df_image_link":"https:\/\/www.lifenatura.com\/wp-content\/uploads\/2021\/09\/gd_cafe-verde-premium-comprimidos-novity-300x300.jpg","_links":{"self":[{"href":"https:\/\/www.lifenatura.com\/es\/wp-json\/wp\/v2\/product\/39822","targetHints":{"allow":["GET"]}}],"collection":[{"href":"https:\/\/www.lifenatura.com\/es\/wp-json\/wp\/v2\/product"}],"about":[{"href":"https:\/\/www.lifenatura.com\/es\/wp-json\/wp\/v2\/types\/product"}],"wp:featuredmedia":[{"embeddable":true,"href":"https:\/\/www.lifenatura.com\/es\/wp-json\/wp\/v2\/media\/21124"}],"wp:attachment":[{"href":"https:\/\/www.lifenatura.com\/es\/wp-json\/wp\/v2\/media?parent=39822"}],"wp:term":[{"taxonomy":"product_brand","embeddable":true,"href":"https:\/\/www.lifenatura.com\/es\/wp-json\/wp\/v2\/product_brand?post=39822"},{"taxonomy":"product_cat","embeddable":true,"href":"https:\/\/www.lifenatura.com\/es\/wp-json\/wp\/v2\/product_cat?post=39822"},{"taxonomy":"product_tag","embeddable":true,"href":"https:\/\/www.lifenatura.com\/es\/wp-json\/wp\/v2\/product_tag?post=39822"}],"curies":[{"name":"wp","href":"https:\/\/api.w.org\/{rel}","templated":true}]}}