{"id":39808,"date":"2021-09-30T10:29:55","date_gmt":"2021-09-30T10:29:55","guid":{"rendered":"https:\/\/lifenatura.dev.agenciagetdigital.com\/produto\/nodacil-gel-10-saquetas-nova-diet\/"},"modified":"2026-02-19T08:32:54","modified_gmt":"2026-02-19T08:32:54","slug":"nodacil-gel-10-saquetas-nova-diet","status":"publish","type":"product","link":"https:\/\/www.lifenatura.com\/es\/produto\/nodacil-gel-10-saquetas-nova-diet\/","title":{"rendered":"Nodacil Gel 10 saquetas &#8211; Nova Diet"},"content":{"rendered":"<p>Indicado para el sistema digestivo El nodacilo contiene las sales y el magnesio y el calcio, tienen la capacidad de neutralizar el \u00e1cido estomacal y lograr la inactivaci\u00f3n clorh\u00eddrica de la pepsina. Son sustancias que reaccionan con el \u00e1cido g\u00e1strico secretado por las c\u00e9lulas parietales del est\u00f3mago, dicho \u00e1cido neutralizante, que causa el aumento del pH intra-luminal. Su mecanismo de acci\u00f3n se basa en el cual se combina con HCl (\u00e1cido clorh\u00eddrico) para formar una sal neutra y agua. Esto ayuda a reducir la carga de \u00e1cido y a desactivar la pepsina, cuya actividad es \u00f3ptima a un pH inferior a 3. PRESENTACI\u00d3N 10 sobres.<\/p>\n","protected":false},"excerpt":{"rendered":"<p>Indicado para el sistema digestivo El nodacilo contiene las sales y el magnesio y el calcio, tienen la capacidad de neutralizar el \u00e1cido estomacal y lograr la inactivaci\u00f3n clorh\u00eddrica de la pepsina. Son sustancias que reaccionan con el \u00e1cido g\u00e1strico secretado por las c\u00e9lulas parietales del est\u00f3mago, dicho \u00e1cido neutralizante, que causa el aumento del [&#8230;]<\/p>\n<p><a class=\"btn btn-secondary understrap-read-more-link\" href=\"https:\/\/www.lifenatura.com\/es\/produto\/nodacil-gel-10-saquetas-nova-diet\/\">Leer m\u00e1s&#8230;<span class=\"screen-reader-text\"> from Nodacil Gel 10 saquetas &#8211; Nova Diet<\/span><\/a><\/p>\n","protected":false},"featured_media":119729,"template":"","meta":{"_acf_changed":false},"product_brand":[8430],"product_cat":[7659,7740,7258,7179],"product_tag":[],"class_list":{"0":"post-39808","1":"product","2":"type-product","3":"status-publish","4":"has-post-thumbnail","6":"product_brand-nova-diet","7":"product_cat-ingrediente-natural-bio","8":"product_cat-magnesio-es","9":"product_cat-proteccion-del-estomago","10":"product_cat-salud","12":"first","13":"instock","14":"shipping-taxable","15":"purchasable","16":"product-type-simple","17":"add-to-wishlist-before_image"},"acf":[],"yoast_head":"<!-- This site is optimized with the Yoast SEO Premium plugin v27.1 (Yoast SEO v27.5) - https:\/\/yoast.com\/product\/yoast-seo-premium-wordpress\/ -->\n<title>Nodacil Gel 10 saquetas - Nova Diet<\/title>\n<meta name=\"description\" content=\"Nodacil contiene las sales y el magnesio y el calcio, tienen la capacidad de neutralizar el \u00e1cido estomacal y lograr la inactivaci\u00f3n clorh\u00eddrica de la pepsina.\" \/>\n<meta name=\"robots\" content=\"index, follow, max-snippet:-1, max-image-preview:large, max-video-preview:-1\" \/>\n<link rel=\"canonical\" href=\"https:\/\/www.lifenatura.com\/es\/produto\/nodacil-gel-10-saquetas-nova-diet\/\" \/>\n<meta property=\"og:locale\" content=\"es_ES\" \/>\n<meta property=\"og:type\" content=\"article\" \/>\n<meta property=\"og:title\" content=\"Nodacil Gel 10 saquetas - Nova Diet - Na Lifenatura ao Melhor Pre\u00e7o | Envio 48h\" \/>\n<meta property=\"og:description\" content=\"Compre Nodacil Gel 10 saquetas - Nova Diet com envio r\u00e1pido. Entrega em 48h e portes gr\u00e1tis em compras &gt;35\u20ac. Aproveite j\u00e1 na Lifenatura\" \/>\n<meta property=\"og:url\" content=\"https:\/\/www.lifenatura.com\/es\/produto\/nodacil-gel-10-saquetas-nova-diet\/\" \/>\n<meta property=\"og:site_name\" content=\"Lifenatura\" \/>\n<meta property=\"article:publisher\" content=\"https:\/\/www.facebook.com\/lifenatura\" \/>\n<meta property=\"article:modified_time\" content=\"2026-02-19T08:32:54+00:00\" \/>\n<meta property=\"og:image\" content=\"https:\/\/www.lifenatura.com\/wp-content\/uploads\/2021\/09\/gd_nodacil-gel-10-saquetas-nova-diet.jpg\" \/>\n\t<meta property=\"og:image:width\" content=\"1000\" \/>\n\t<meta property=\"og:image:height\" content=\"1000\" \/>\n\t<meta property=\"og:image:type\" content=\"image\/jpeg\" \/>\n<meta name=\"twitter:card\" content=\"summary_large_image\" \/>\n<meta name=\"twitter:label1\" content=\"Precio\" \/>\n\t<meta name=\"twitter:data1\" content=\"8,94&nbsp;&euro;\" \/>\n\t<meta name=\"twitter:label2\" content=\"Disponibilidad\" \/>\n\t<meta name=\"twitter:data2\" content=\"Disponible\" \/>\n<script type=\"application\/ld+json\" class=\"yoast-schema-graph\">{\"@context\":\"https:\\\/\\\/schema.org\",\"@graph\":[{\"@type\":\"WebPage\",\"@id\":\"https:\\\/\\\/www.lifenatura.com\\\/es\\\/produto\\\/nodacil-gel-10-saquetas-nova-diet\\\/\",\"url\":\"https:\\\/\\\/www.lifenatura.com\\\/es\\\/produto\\\/nodacil-gel-10-saquetas-nova-diet\\\/\",\"name\":\"Nodacil Gel 10 saquetas - Nova Diet\",\"isPartOf\":{\"@id\":\"https:\\\/\\\/www.lifenatura.com\\\/es\\\/#website\"},\"primaryImageOfPage\":{\"@id\":\"https:\\\/\\\/www.lifenatura.com\\\/es\\\/produto\\\/nodacil-gel-10-saquetas-nova-diet\\\/#primaryimage\"},\"image\":{\"@id\":\"https:\\\/\\\/www.lifenatura.com\\\/es\\\/produto\\\/nodacil-gel-10-saquetas-nova-diet\\\/#primaryimage\"},\"thumbnailUrl\":\"https:\\\/\\\/www.lifenatura.com\\\/wp-content\\\/uploads\\\/2025\\\/10\\\/nodacil-gel-novadiet.jpg\",\"datePublished\":\"2021-09-30T10:29:55+00:00\",\"dateModified\":\"2026-02-19T08:32:54+00:00\",\"description\":\"Nodacil contiene las sales y el magnesio y el calcio, tienen la capacidad de neutralizar el \u00e1cido estomacal y lograr la inactivaci\u00f3n clorh\u00eddrica de la pepsina.\",\"breadcrumb\":{\"@id\":\"https:\\\/\\\/www.lifenatura.com\\\/es\\\/produto\\\/nodacil-gel-10-saquetas-nova-diet\\\/#breadcrumb\"},\"inLanguage\":\"es\",\"potentialAction\":[{\"@type\":\"ReadAction\",\"target\":[\"https:\\\/\\\/www.lifenatura.com\\\/es\\\/produto\\\/nodacil-gel-10-saquetas-nova-diet\\\/\"]}]},{\"@type\":\"ImageObject\",\"inLanguage\":\"es\",\"@id\":\"https:\\\/\\\/www.lifenatura.com\\\/es\\\/produto\\\/nodacil-gel-10-saquetas-nova-diet\\\/#primaryimage\",\"url\":\"https:\\\/\\\/www.lifenatura.com\\\/wp-content\\\/uploads\\\/2025\\\/10\\\/nodacil-gel-novadiet.jpg\",\"contentUrl\":\"https:\\\/\\\/www.lifenatura.com\\\/wp-content\\\/uploads\\\/2025\\\/10\\\/nodacil-gel-novadiet.jpg\",\"width\":1000,\"height\":1000,\"caption\":\"Nodacil gel novadiet\"},{\"@type\":\"BreadcrumbList\",\"@id\":\"https:\\\/\\\/www.lifenatura.com\\\/es\\\/produto\\\/nodacil-gel-10-saquetas-nova-diet\\\/#breadcrumb\",\"itemListElement\":[{\"@type\":\"ListItem\",\"position\":1,\"name\":\"In\u00edcio\",\"item\":\"https:\\\/\\\/www.lifenatura.com\\\/es\\\/\"},{\"@type\":\"ListItem\",\"position\":2,\"name\":\"Todos los Productos\",\"item\":\"https:\\\/\\\/www.lifenatura.com\\\/es\\\/tienda\\\/\"},{\"@type\":\"ListItem\",\"position\":3,\"name\":\"Nodacil Gel 10 saquetas &#8211; Nova Diet\"}]},{\"@type\":\"WebSite\",\"@id\":\"https:\\\/\\\/www.lifenatura.com\\\/es\\\/#website\",\"url\":\"https:\\\/\\\/www.lifenatura.com\\\/es\\\/\",\"name\":\"Lifenatura\",\"description\":\"A Lifenatura \u00e9 uma loja de produtos naturais, cosm\u00e9tica natural e alimenta\u00e7\u00e3o Biol\u00f3gica.\",\"publisher\":{\"@id\":\"https:\\\/\\\/www.lifenatura.com\\\/es\\\/#organization\"},\"potentialAction\":[{\"@type\":\"SearchAction\",\"target\":{\"@type\":\"EntryPoint\",\"urlTemplate\":\"https:\\\/\\\/www.lifenatura.com\\\/es\\\/?s={search_term_string}\"},\"query-input\":{\"@type\":\"PropertyValueSpecification\",\"valueRequired\":true,\"valueName\":\"search_term_string\"}}],\"inLanguage\":\"es\"},{\"@type\":\"Organization\",\"@id\":\"https:\\\/\\\/www.lifenatura.com\\\/es\\\/#organization\",\"name\":\"Lifenatura\",\"url\":\"https:\\\/\\\/www.lifenatura.com\\\/es\\\/\",\"logo\":{\"@type\":\"ImageObject\",\"inLanguage\":\"es\",\"@id\":\"https:\\\/\\\/www.lifenatura.com\\\/es\\\/#\\\/schema\\\/logo\\\/image\\\/\",\"url\":\"https:\\\/\\\/www.lifenatura.com\\\/wp-content\\\/uploads\\\/2021\\\/07\\\/logo.png\",\"contentUrl\":\"https:\\\/\\\/www.lifenatura.com\\\/wp-content\\\/uploads\\\/2021\\\/07\\\/logo.png\",\"width\":175,\"height\":55,\"caption\":\"Lifenatura\"},\"image\":{\"@id\":\"https:\\\/\\\/www.lifenatura.com\\\/es\\\/#\\\/schema\\\/logo\\\/image\\\/\"},\"sameAs\":[\"https:\\\/\\\/www.facebook.com\\\/lifenatura\",\"https:\\\/\\\/www.instagram.com\\\/lifenaturapt\\\/\"],\"hasMerchantReturnPolicy\":{\"@type\":\"MerchantReturnPolicy\",\"merchantReturnLink\":\"https:\\\/\\\/www.lifenatura.com\\\/termos-condicoes-lifenatura\\\/\"}}]}<\/script>\n<meta property=\"product:price:amount\" content=\"8.94\" \/>\n<meta property=\"product:price:currency\" content=\"EUR\" \/>\n<meta property=\"og:availability\" content=\"instock\" \/>\n<meta property=\"product:availability\" content=\"instock\" \/>\n<meta property=\"product:retailer_item_id\" content=\"8425652550611\" \/>\n<meta property=\"product:condition\" content=\"new\" \/>\n<!-- \/ Yoast SEO Premium plugin. -->","yoast_head_json":{"title":"Nodacil Gel 10 saquetas - Nova Diet","description":"Nodacil contiene las sales y el magnesio y el calcio, tienen la capacidad de neutralizar el \u00e1cido estomacal y lograr la inactivaci\u00f3n clorh\u00eddrica de la pepsina.","robots":{"index":"index","follow":"follow","max-snippet":"max-snippet:-1","max-image-preview":"max-image-preview:large","max-video-preview":"max-video-preview:-1"},"canonical":"https:\/\/www.lifenatura.com\/es\/produto\/nodacil-gel-10-saquetas-nova-diet\/","og_locale":"es_ES","og_type":"article","og_title":"Nodacil Gel 10 saquetas - Nova Diet - Na Lifenatura ao Melhor Pre\u00e7o | Envio 48h","og_description":"Compre Nodacil Gel 10 saquetas - Nova Diet com envio r\u00e1pido. Entrega em 48h e portes gr\u00e1tis em compras >35\u20ac. Aproveite j\u00e1 na Lifenatura","og_url":"https:\/\/www.lifenatura.com\/es\/produto\/nodacil-gel-10-saquetas-nova-diet\/","og_site_name":"Lifenatura","article_publisher":"https:\/\/www.facebook.com\/lifenatura","article_modified_time":"2026-02-19T08:32:54+00:00","og_image":[{"width":1000,"height":1000,"url":"https:\/\/www.lifenatura.com\/wp-content\/uploads\/2021\/09\/gd_nodacil-gel-10-saquetas-nova-diet.jpg","type":"image\/jpeg"}],"twitter_card":"summary_large_image","twitter_misc":{"Precio":"8,94&nbsp;&euro;","Disponibilidad":"Disponible"},"schema":{"@context":"https:\/\/schema.org","@graph":[{"@type":"WebPage","@id":"https:\/\/www.lifenatura.com\/es\/produto\/nodacil-gel-10-saquetas-nova-diet\/","url":"https:\/\/www.lifenatura.com\/es\/produto\/nodacil-gel-10-saquetas-nova-diet\/","name":"Nodacil Gel 10 saquetas - Nova Diet","isPartOf":{"@id":"https:\/\/www.lifenatura.com\/es\/#website"},"primaryImageOfPage":{"@id":"https:\/\/www.lifenatura.com\/es\/produto\/nodacil-gel-10-saquetas-nova-diet\/#primaryimage"},"image":{"@id":"https:\/\/www.lifenatura.com\/es\/produto\/nodacil-gel-10-saquetas-nova-diet\/#primaryimage"},"thumbnailUrl":"https:\/\/www.lifenatura.com\/wp-content\/uploads\/2025\/10\/nodacil-gel-novadiet.jpg","datePublished":"2021-09-30T10:29:55+00:00","dateModified":"2026-02-19T08:32:54+00:00","description":"Nodacil contiene las sales y el magnesio y el calcio, tienen la capacidad de neutralizar el \u00e1cido estomacal y lograr la inactivaci\u00f3n clorh\u00eddrica de la pepsina.","breadcrumb":{"@id":"https:\/\/www.lifenatura.com\/es\/produto\/nodacil-gel-10-saquetas-nova-diet\/#breadcrumb"},"inLanguage":"es","potentialAction":[{"@type":"ReadAction","target":["https:\/\/www.lifenatura.com\/es\/produto\/nodacil-gel-10-saquetas-nova-diet\/"]}]},{"@type":"ImageObject","inLanguage":"es","@id":"https:\/\/www.lifenatura.com\/es\/produto\/nodacil-gel-10-saquetas-nova-diet\/#primaryimage","url":"https:\/\/www.lifenatura.com\/wp-content\/uploads\/2025\/10\/nodacil-gel-novadiet.jpg","contentUrl":"https:\/\/www.lifenatura.com\/wp-content\/uploads\/2025\/10\/nodacil-gel-novadiet.jpg","width":1000,"height":1000,"caption":"Nodacil gel novadiet"},{"@type":"BreadcrumbList","@id":"https:\/\/www.lifenatura.com\/es\/produto\/nodacil-gel-10-saquetas-nova-diet\/#breadcrumb","itemListElement":[{"@type":"ListItem","position":1,"name":"In\u00edcio","item":"https:\/\/www.lifenatura.com\/es\/"},{"@type":"ListItem","position":2,"name":"Todos los Productos","item":"https:\/\/www.lifenatura.com\/es\/tienda\/"},{"@type":"ListItem","position":3,"name":"Nodacil Gel 10 saquetas &#8211; Nova Diet"}]},{"@type":"WebSite","@id":"https:\/\/www.lifenatura.com\/es\/#website","url":"https:\/\/www.lifenatura.com\/es\/","name":"Lifenatura","description":"A Lifenatura \u00e9 uma loja de produtos naturais, cosm\u00e9tica natural e alimenta\u00e7\u00e3o Biol\u00f3gica.","publisher":{"@id":"https:\/\/www.lifenatura.com\/es\/#organization"},"potentialAction":[{"@type":"SearchAction","target":{"@type":"EntryPoint","urlTemplate":"https:\/\/www.lifenatura.com\/es\/?s={search_term_string}"},"query-input":{"@type":"PropertyValueSpecification","valueRequired":true,"valueName":"search_term_string"}}],"inLanguage":"es"},{"@type":"Organization","@id":"https:\/\/www.lifenatura.com\/es\/#organization","name":"Lifenatura","url":"https:\/\/www.lifenatura.com\/es\/","logo":{"@type":"ImageObject","inLanguage":"es","@id":"https:\/\/www.lifenatura.com\/es\/#\/schema\/logo\/image\/","url":"https:\/\/www.lifenatura.com\/wp-content\/uploads\/2021\/07\/logo.png","contentUrl":"https:\/\/www.lifenatura.com\/wp-content\/uploads\/2021\/07\/logo.png","width":175,"height":55,"caption":"Lifenatura"},"image":{"@id":"https:\/\/www.lifenatura.com\/es\/#\/schema\/logo\/image\/"},"sameAs":["https:\/\/www.facebook.com\/lifenatura","https:\/\/www.instagram.com\/lifenaturapt\/"],"hasMerchantReturnPolicy":{"@type":"MerchantReturnPolicy","merchantReturnLink":"https:\/\/www.lifenatura.com\/termos-condicoes-lifenatura\/"}}]},"product_price_amount":"8.94","product_price_currency":"EUR","og_availability":"instock","product_availability":"instock","product_retailer_item_id":"8425652550611","product_condition":"new"},"df_price":8.94,"df_sale_price":"","df_regular_price":8.94,"df_image_link":"https:\/\/www.lifenatura.com\/wp-content\/uploads\/2025\/10\/nodacil-gel-novadiet-300x300.jpg","_links":{"self":[{"href":"https:\/\/www.lifenatura.com\/es\/wp-json\/wp\/v2\/product\/39808","targetHints":{"allow":["GET"]}}],"collection":[{"href":"https:\/\/www.lifenatura.com\/es\/wp-json\/wp\/v2\/product"}],"about":[{"href":"https:\/\/www.lifenatura.com\/es\/wp-json\/wp\/v2\/types\/product"}],"wp:featuredmedia":[{"embeddable":true,"href":"https:\/\/www.lifenatura.com\/es\/wp-json\/wp\/v2\/media\/119729"}],"wp:attachment":[{"href":"https:\/\/www.lifenatura.com\/es\/wp-json\/wp\/v2\/media?parent=39808"}],"wp:term":[{"taxonomy":"product_brand","embeddable":true,"href":"https:\/\/www.lifenatura.com\/es\/wp-json\/wp\/v2\/product_brand?post=39808"},{"taxonomy":"product_cat","embeddable":true,"href":"https:\/\/www.lifenatura.com\/es\/wp-json\/wp\/v2\/product_cat?post=39808"},{"taxonomy":"product_tag","embeddable":true,"href":"https:\/\/www.lifenatura.com\/es\/wp-json\/wp\/v2\/product_tag?post=39808"}],"curies":[{"name":"wp","href":"https:\/\/api.w.org\/{rel}","templated":true}]}}