{"id":39768,"date":"2021-09-30T10:29:14","date_gmt":"2021-09-30T10:29:14","guid":{"rendered":"https:\/\/lifenatura.dev.agenciagetdigital.com\/produto\/epa-1000-mg-60-capsulas-nordic-naturals\/"},"modified":"2025-02-02T00:03:36","modified_gmt":"2025-02-02T00:03:36","slug":"epa-1000-mg-60-capsulas-nordic-naturals","status":"publish","type":"product","link":"https:\/\/www.lifenatura.com\/es\/produto\/epa-1000-mg-60-capsulas-nordic-naturals\/","title":{"rendered":"EPA 1000 mg 60 c\u00e1psulas &#8211; Nordic Naturals"},"content":{"rendered":"<h2 style=\"text-align: left;\"><strong>Nordic Naturala EPA para un apoyo esencial de la salud cardiovascular<\/strong><\/h2>\n<p>&nbsp;<\/p>\n<p>Nordic Naturals EPA es una opci\u00f3n ideal para quienes buscan un suplemento de alta calidad para promover una salud cardiovascular \u00f3ptima. Cada c\u00e1psula contiene una dosis concentrada de EPA, obtenida de fuentes de pescado de agua fr\u00eda, lo que garantiza la m\u00e1xima pureza y frescura.<\/p>\n<p>Este suplemento no contiene aromas, colorantes ni conservantes artificiales, lo que lo convierte en una opci\u00f3n segura y eficaz para complementar una dieta equilibrada.<\/p>\n<p>Con una dosis optimizada de EPA por c\u00e1psula, este producto ofrece una serie de beneficios para la salud, ayudando a promover la funci\u00f3n cardiaca, reducir la inflamaci\u00f3n y mantener niveles saludables de triglic\u00e9ridos en sangre.<\/p>\n<p><strong>Principales beneficios de EPA 1000mg:<\/strong><\/p>\n<ul>\n<li><strong>Salud Cardiovascular:<\/strong> Se sabe que el EPA ayuda a mantener la salud del coraz\u00f3n apoyando la funci\u00f3n normal del coraz\u00f3n, reduciendo los niveles de triglic\u00e9ridos en la sangre y manteniendo niveles saludables de colesterol.<\/li>\n<li><strong>Reducci\u00f3n de la Inflamaci\u00f3n:<\/strong> Este suplemento puede ayudar a reducir la inflamaci\u00f3n en el cuerpo, lo cual es importante para prevenir enfermedades cardiovasculares y otras condiciones inflamatorias.<\/li>\n<li><strong>Apoyo al estado de \u00e1nimo:<\/strong> Algunas investigaciones sugieren que el EPA puede tener efectos beneficiosos sobre el estado de \u00e1nimo y la salud mental, ayudando a reducir los s\u00edntomas de la depresi\u00f3n y la ansiedad.<\/li>\n<\/ul>\n<p><strong>PRESENTACI\u00d3N<\/strong><\/p>\n<p>60 c\u00e1psulas blandas<\/p>\n<p>&nbsp;<\/p>\n","protected":false},"excerpt":{"rendered":"<p>EPA 1000mg Nordic Naturals proporcionarun apoyo esencial para la salud cardiovascular, garantizando un coraz\u00f3n sano y una vida activa y vibrante. [&#8230;]<\/p>\n<p><a class=\"btn btn-secondary understrap-read-more-link\" href=\"https:\/\/www.lifenatura.com\/es\/produto\/epa-1000-mg-60-capsulas-nordic-naturals\/\">Leer m\u00e1s&#8230;<span class=\"screen-reader-text\"> from EPA 1000 mg 60 c\u00e1psulas &#8211; Nordic Naturals<\/span><\/a><\/p>\n","protected":false},"featured_media":137722,"template":"","meta":{"_acf_changed":false},"product_brand":[8431],"product_cat":[7222,7223,7659,7755,7179],"product_tag":[],"class_list":{"0":"post-39768","1":"product","2":"type-product","3":"status-publish","4":"has-post-thumbnail","6":"product_brand-nordic-naturals","7":"product_cat-colesterol-salud","8":"product_cat-concentracion-memoria-salud","9":"product_cat-ingrediente-natural-bio","10":"product_cat-omega-3-es","11":"product_cat-salud","12":"pa_caracteristicas-sin-omg","14":"first","15":"outofstock","16":"sale","17":"featured","18":"shipping-taxable","19":"purchasable","20":"product-type-simple","21":"add-to-wishlist-before_image"},"acf":[],"yoast_head":"<!-- This site is optimized with the Yoast SEO Premium plugin v27.1 (Yoast SEO v27.5) - https:\/\/yoast.com\/product\/yoast-seo-premium-wordpress\/ -->\n<title>EPA 1000 mg 60 c\u00e1psulas Nordic Naturals - Lifenatura<\/title>\n<meta name=\"description\" content=\"EPA 1000mg Nordic Naturals proporcionarun apoyo esencial para la salud cardiovascular, garantizando un coraz\u00f3n sano y una vida activa y vibrante.\" \/>\n<meta name=\"robots\" content=\"index, follow, max-snippet:-1, max-image-preview:large, max-video-preview:-1\" \/>\n<link rel=\"canonical\" href=\"https:\/\/www.lifenatura.com\/es\/produto\/epa-1000-mg-60-capsulas-nordic-naturals\/\" \/>\n<meta property=\"og:locale\" content=\"es_ES\" \/>\n<meta property=\"og:type\" content=\"article\" \/>\n<meta property=\"og:title\" content=\"EPA 1000 mg 60 c\u00e1psulas - Nordic Naturals - Na Lifenatura ao Melhor Pre\u00e7o | Envio 48h\" \/>\n<meta property=\"og:description\" content=\"Compre EPA 1000 mg 60 c\u00e1psulas - Nordic Naturals com envio r\u00e1pido. Entrega em 48h e portes gr\u00e1tis em compras &gt;35\u20ac. Aproveite j\u00e1 na Lifenatura\" \/>\n<meta property=\"og:url\" content=\"https:\/\/www.lifenatura.com\/es\/produto\/epa-1000-mg-60-capsulas-nordic-naturals\/\" \/>\n<meta property=\"og:site_name\" content=\"Lifenatura\" \/>\n<meta property=\"article:publisher\" content=\"https:\/\/www.facebook.com\/lifenatura\" \/>\n<meta property=\"article:modified_time\" content=\"2025-02-02T00:03:36+00:00\" \/>\n<meta property=\"og:image\" content=\"https:\/\/www.lifenatura.com\/wp-content\/uploads\/2021\/09\/epa-1000mg-nordic-naturals.jpg\" \/>\n\t<meta property=\"og:image:width\" content=\"1000\" \/>\n\t<meta property=\"og:image:height\" content=\"1000\" \/>\n\t<meta property=\"og:image:type\" content=\"image\/jpeg\" \/>\n<meta name=\"twitter:card\" content=\"summary_large_image\" \/>\n<meta name=\"twitter:label1\" content=\"Precio\" \/>\n\t<meta name=\"twitter:data1\" content=\"39,98&nbsp;&euro;\" \/>\n\t<meta name=\"twitter:label2\" content=\"Disponibilidad\" \/>\n\t<meta name=\"twitter:data2\" content=\"Sin existencias\" \/>\n<script type=\"application\/ld+json\" class=\"yoast-schema-graph\">{\"@context\":\"https:\\\/\\\/schema.org\",\"@graph\":[{\"@type\":\"WebPage\",\"@id\":\"https:\\\/\\\/www.lifenatura.com\\\/es\\\/produto\\\/epa-1000-mg-60-capsulas-nordic-naturals\\\/\",\"url\":\"https:\\\/\\\/www.lifenatura.com\\\/es\\\/produto\\\/epa-1000-mg-60-capsulas-nordic-naturals\\\/\",\"name\":\"EPA 1000 mg 60 c\u00e1psulas Nordic Naturals - Lifenatura\",\"isPartOf\":{\"@id\":\"https:\\\/\\\/www.lifenatura.com\\\/es\\\/#website\"},\"primaryImageOfPage\":{\"@id\":\"https:\\\/\\\/www.lifenatura.com\\\/es\\\/produto\\\/epa-1000-mg-60-capsulas-nordic-naturals\\\/#primaryimage\"},\"image\":{\"@id\":\"https:\\\/\\\/www.lifenatura.com\\\/es\\\/produto\\\/epa-1000-mg-60-capsulas-nordic-naturals\\\/#primaryimage\"},\"thumbnailUrl\":\"https:\\\/\\\/www.lifenatura.com\\\/wp-content\\\/uploads\\\/2026\\\/04\\\/01750RK1-EPA_60_Box_Front.jpg\",\"datePublished\":\"2021-09-30T10:29:14+00:00\",\"dateModified\":\"2025-02-02T00:03:36+00:00\",\"description\":\"EPA 1000mg Nordic Naturals proporcionarun apoyo esencial para la salud cardiovascular, garantizando un coraz\u00f3n sano y una vida activa y vibrante.\",\"breadcrumb\":{\"@id\":\"https:\\\/\\\/www.lifenatura.com\\\/es\\\/produto\\\/epa-1000-mg-60-capsulas-nordic-naturals\\\/#breadcrumb\"},\"inLanguage\":\"es\",\"potentialAction\":[{\"@type\":\"ReadAction\",\"target\":[\"https:\\\/\\\/www.lifenatura.com\\\/es\\\/produto\\\/epa-1000-mg-60-capsulas-nordic-naturals\\\/\"]}]},{\"@type\":\"ImageObject\",\"inLanguage\":\"es\",\"@id\":\"https:\\\/\\\/www.lifenatura.com\\\/es\\\/produto\\\/epa-1000-mg-60-capsulas-nordic-naturals\\\/#primaryimage\",\"url\":\"https:\\\/\\\/www.lifenatura.com\\\/wp-content\\\/uploads\\\/2026\\\/04\\\/01750RK1-EPA_60_Box_Front.jpg\",\"contentUrl\":\"https:\\\/\\\/www.lifenatura.com\\\/wp-content\\\/uploads\\\/2026\\\/04\\\/01750RK1-EPA_60_Box_Front.jpg\",\"width\":1000,\"height\":1000},{\"@type\":\"BreadcrumbList\",\"@id\":\"https:\\\/\\\/www.lifenatura.com\\\/es\\\/produto\\\/epa-1000-mg-60-capsulas-nordic-naturals\\\/#breadcrumb\",\"itemListElement\":[{\"@type\":\"ListItem\",\"position\":1,\"name\":\"In\u00edcio\",\"item\":\"https:\\\/\\\/www.lifenatura.com\\\/es\\\/\"},{\"@type\":\"ListItem\",\"position\":2,\"name\":\"Todos los Productos\",\"item\":\"https:\\\/\\\/www.lifenatura.com\\\/es\\\/tienda\\\/\"},{\"@type\":\"ListItem\",\"position\":3,\"name\":\"EPA 1000 mg 60 c\u00e1psulas &#8211; Nordic Naturals\"}]},{\"@type\":\"WebSite\",\"@id\":\"https:\\\/\\\/www.lifenatura.com\\\/es\\\/#website\",\"url\":\"https:\\\/\\\/www.lifenatura.com\\\/es\\\/\",\"name\":\"Lifenatura\",\"description\":\"A Lifenatura \u00e9 uma loja de produtos naturais, cosm\u00e9tica natural e alimenta\u00e7\u00e3o Biol\u00f3gica.\",\"publisher\":{\"@id\":\"https:\\\/\\\/www.lifenatura.com\\\/es\\\/#organization\"},\"potentialAction\":[{\"@type\":\"SearchAction\",\"target\":{\"@type\":\"EntryPoint\",\"urlTemplate\":\"https:\\\/\\\/www.lifenatura.com\\\/es\\\/?s={search_term_string}\"},\"query-input\":{\"@type\":\"PropertyValueSpecification\",\"valueRequired\":true,\"valueName\":\"search_term_string\"}}],\"inLanguage\":\"es\"},{\"@type\":\"Organization\",\"@id\":\"https:\\\/\\\/www.lifenatura.com\\\/es\\\/#organization\",\"name\":\"Lifenatura\",\"url\":\"https:\\\/\\\/www.lifenatura.com\\\/es\\\/\",\"logo\":{\"@type\":\"ImageObject\",\"inLanguage\":\"es\",\"@id\":\"https:\\\/\\\/www.lifenatura.com\\\/es\\\/#\\\/schema\\\/logo\\\/image\\\/\",\"url\":\"https:\\\/\\\/www.lifenatura.com\\\/wp-content\\\/uploads\\\/2021\\\/07\\\/logo.png\",\"contentUrl\":\"https:\\\/\\\/www.lifenatura.com\\\/wp-content\\\/uploads\\\/2021\\\/07\\\/logo.png\",\"width\":175,\"height\":55,\"caption\":\"Lifenatura\"},\"image\":{\"@id\":\"https:\\\/\\\/www.lifenatura.com\\\/es\\\/#\\\/schema\\\/logo\\\/image\\\/\"},\"sameAs\":[\"https:\\\/\\\/www.facebook.com\\\/lifenatura\",\"https:\\\/\\\/www.instagram.com\\\/lifenaturapt\\\/\"],\"hasMerchantReturnPolicy\":{\"@type\":\"MerchantReturnPolicy\",\"merchantReturnLink\":\"https:\\\/\\\/www.lifenatura.com\\\/termos-condicoes-lifenatura\\\/\"}}]}<\/script>\n<meta property=\"product:price:amount\" content=\"39.98\" \/>\n<meta property=\"product:price:currency\" content=\"EUR\" \/>\n<meta property=\"og:availability\" content=\"out of stock\" \/>\n<meta property=\"product:availability\" content=\"out of stock\" \/>\n<meta property=\"product:retailer_item_id\" content=\"0768990017506\" \/>\n<meta property=\"product:condition\" content=\"new\" \/>\n<!-- \/ Yoast SEO Premium plugin. -->","yoast_head_json":{"title":"EPA 1000 mg 60 c\u00e1psulas Nordic Naturals - Lifenatura","description":"EPA 1000mg Nordic Naturals proporcionarun apoyo esencial para la salud cardiovascular, garantizando un coraz\u00f3n sano y una vida activa y vibrante.","robots":{"index":"index","follow":"follow","max-snippet":"max-snippet:-1","max-image-preview":"max-image-preview:large","max-video-preview":"max-video-preview:-1"},"canonical":"https:\/\/www.lifenatura.com\/es\/produto\/epa-1000-mg-60-capsulas-nordic-naturals\/","og_locale":"es_ES","og_type":"article","og_title":"EPA 1000 mg 60 c\u00e1psulas - Nordic Naturals - Na Lifenatura ao Melhor Pre\u00e7o | Envio 48h","og_description":"Compre EPA 1000 mg 60 c\u00e1psulas - Nordic Naturals com envio r\u00e1pido. Entrega em 48h e portes gr\u00e1tis em compras >35\u20ac. Aproveite j\u00e1 na Lifenatura","og_url":"https:\/\/www.lifenatura.com\/es\/produto\/epa-1000-mg-60-capsulas-nordic-naturals\/","og_site_name":"Lifenatura","article_publisher":"https:\/\/www.facebook.com\/lifenatura","article_modified_time":"2025-02-02T00:03:36+00:00","og_image":[{"width":1000,"height":1000,"url":"https:\/\/www.lifenatura.com\/wp-content\/uploads\/2021\/09\/epa-1000mg-nordic-naturals.jpg","type":"image\/jpeg"}],"twitter_card":"summary_large_image","twitter_misc":{"Precio":"39,98&nbsp;&euro;","Disponibilidad":"Sin existencias"},"schema":{"@context":"https:\/\/schema.org","@graph":[{"@type":"WebPage","@id":"https:\/\/www.lifenatura.com\/es\/produto\/epa-1000-mg-60-capsulas-nordic-naturals\/","url":"https:\/\/www.lifenatura.com\/es\/produto\/epa-1000-mg-60-capsulas-nordic-naturals\/","name":"EPA 1000 mg 60 c\u00e1psulas Nordic Naturals - Lifenatura","isPartOf":{"@id":"https:\/\/www.lifenatura.com\/es\/#website"},"primaryImageOfPage":{"@id":"https:\/\/www.lifenatura.com\/es\/produto\/epa-1000-mg-60-capsulas-nordic-naturals\/#primaryimage"},"image":{"@id":"https:\/\/www.lifenatura.com\/es\/produto\/epa-1000-mg-60-capsulas-nordic-naturals\/#primaryimage"},"thumbnailUrl":"https:\/\/www.lifenatura.com\/wp-content\/uploads\/2026\/04\/01750RK1-EPA_60_Box_Front.jpg","datePublished":"2021-09-30T10:29:14+00:00","dateModified":"2025-02-02T00:03:36+00:00","description":"EPA 1000mg Nordic Naturals proporcionarun apoyo esencial para la salud cardiovascular, garantizando un coraz\u00f3n sano y una vida activa y vibrante.","breadcrumb":{"@id":"https:\/\/www.lifenatura.com\/es\/produto\/epa-1000-mg-60-capsulas-nordic-naturals\/#breadcrumb"},"inLanguage":"es","potentialAction":[{"@type":"ReadAction","target":["https:\/\/www.lifenatura.com\/es\/produto\/epa-1000-mg-60-capsulas-nordic-naturals\/"]}]},{"@type":"ImageObject","inLanguage":"es","@id":"https:\/\/www.lifenatura.com\/es\/produto\/epa-1000-mg-60-capsulas-nordic-naturals\/#primaryimage","url":"https:\/\/www.lifenatura.com\/wp-content\/uploads\/2026\/04\/01750RK1-EPA_60_Box_Front.jpg","contentUrl":"https:\/\/www.lifenatura.com\/wp-content\/uploads\/2026\/04\/01750RK1-EPA_60_Box_Front.jpg","width":1000,"height":1000},{"@type":"BreadcrumbList","@id":"https:\/\/www.lifenatura.com\/es\/produto\/epa-1000-mg-60-capsulas-nordic-naturals\/#breadcrumb","itemListElement":[{"@type":"ListItem","position":1,"name":"In\u00edcio","item":"https:\/\/www.lifenatura.com\/es\/"},{"@type":"ListItem","position":2,"name":"Todos los Productos","item":"https:\/\/www.lifenatura.com\/es\/tienda\/"},{"@type":"ListItem","position":3,"name":"EPA 1000 mg 60 c\u00e1psulas &#8211; Nordic Naturals"}]},{"@type":"WebSite","@id":"https:\/\/www.lifenatura.com\/es\/#website","url":"https:\/\/www.lifenatura.com\/es\/","name":"Lifenatura","description":"A Lifenatura \u00e9 uma loja de produtos naturais, cosm\u00e9tica natural e alimenta\u00e7\u00e3o Biol\u00f3gica.","publisher":{"@id":"https:\/\/www.lifenatura.com\/es\/#organization"},"potentialAction":[{"@type":"SearchAction","target":{"@type":"EntryPoint","urlTemplate":"https:\/\/www.lifenatura.com\/es\/?s={search_term_string}"},"query-input":{"@type":"PropertyValueSpecification","valueRequired":true,"valueName":"search_term_string"}}],"inLanguage":"es"},{"@type":"Organization","@id":"https:\/\/www.lifenatura.com\/es\/#organization","name":"Lifenatura","url":"https:\/\/www.lifenatura.com\/es\/","logo":{"@type":"ImageObject","inLanguage":"es","@id":"https:\/\/www.lifenatura.com\/es\/#\/schema\/logo\/image\/","url":"https:\/\/www.lifenatura.com\/wp-content\/uploads\/2021\/07\/logo.png","contentUrl":"https:\/\/www.lifenatura.com\/wp-content\/uploads\/2021\/07\/logo.png","width":175,"height":55,"caption":"Lifenatura"},"image":{"@id":"https:\/\/www.lifenatura.com\/es\/#\/schema\/logo\/image\/"},"sameAs":["https:\/\/www.facebook.com\/lifenatura","https:\/\/www.instagram.com\/lifenaturapt\/"],"hasMerchantReturnPolicy":{"@type":"MerchantReturnPolicy","merchantReturnLink":"https:\/\/www.lifenatura.com\/termos-condicoes-lifenatura\/"}}]},"product_price_amount":"39.98","product_price_currency":"EUR","og_availability":"out of stock","product_availability":"out of stock","product_retailer_item_id":"0768990017506","product_condition":"new"},"df_price":39.98,"df_sale_price":39.98,"df_regular_price":55.97,"df_image_link":"https:\/\/www.lifenatura.com\/wp-content\/uploads\/2026\/04\/01750RK1-EPA_60_Box_Front-300x300.jpg","_links":{"self":[{"href":"https:\/\/www.lifenatura.com\/es\/wp-json\/wp\/v2\/product\/39768","targetHints":{"allow":["GET"]}}],"collection":[{"href":"https:\/\/www.lifenatura.com\/es\/wp-json\/wp\/v2\/product"}],"about":[{"href":"https:\/\/www.lifenatura.com\/es\/wp-json\/wp\/v2\/types\/product"}],"wp:featuredmedia":[{"embeddable":true,"href":"https:\/\/www.lifenatura.com\/es\/wp-json\/wp\/v2\/media\/137722"}],"wp:attachment":[{"href":"https:\/\/www.lifenatura.com\/es\/wp-json\/wp\/v2\/media?parent=39768"}],"wp:term":[{"taxonomy":"product_brand","embeddable":true,"href":"https:\/\/www.lifenatura.com\/es\/wp-json\/wp\/v2\/product_brand?post=39768"},{"taxonomy":"product_cat","embeddable":true,"href":"https:\/\/www.lifenatura.com\/es\/wp-json\/wp\/v2\/product_cat?post=39768"},{"taxonomy":"product_tag","embeddable":true,"href":"https:\/\/www.lifenatura.com\/es\/wp-json\/wp\/v2\/product_tag?post=39768"}],"curies":[{"name":"wp","href":"https:\/\/api.w.org\/{rel}","templated":true}]}}