{"id":39763,"date":"2021-09-30T10:29:14","date_gmt":"2021-09-30T10:29:14","guid":{"rendered":"https:\/\/lifenatura.dev.agenciagetdigital.com\/produto\/daily-omega-3-kids-30-softgels-nordic-naturals\/"},"modified":"2025-02-02T00:03:34","modified_gmt":"2025-02-02T00:03:34","slug":"daily-omega-3-kids-30-softgels-nordic-naturals","status":"publish","type":"product","link":"https:\/\/www.lifenatura.com\/es\/produto\/daily-omega-3-kids-30-softgels-nordic-naturals\/","title":{"rendered":"Daily \u00d3mega 3 Kids 30 softgels &#8211; Nordic Naturals"},"content":{"rendered":"<h2 style=\"text-align: left;\"><strong>Daily Omega 3 kids Nutrici\u00f3n diaria para ni\u00f1os activos<\/strong><\/h2>\n<p>&nbsp;<\/p>\n<p>Daily Omega Kids es una opci\u00f3n ideal para los padres que desean asegurarse de que sus hijos reciben los nutrientes esenciales para un crecimiento y desarrollo saludables.<\/p>\n<p>Cada c\u00e1psula masticable contiene una mezcla concentrada de \u00e1cidos grasos Omega 3, incluidos EPA y DHA, que son esenciales para la salud cerebral y el funcionamiento general del organismo.<\/p>\n<p>Adem\u00e1s, este suplemento est\u00e1 elaborado con ingredientes de alta calidad, sin aromas, colorantes ni conservantes artificiales. Esta f\u00f3rmula suave y deliciosa ofrece una serie de beneficios para la salud de los ni\u00f1os, ayudando a promover el desarrollo cerebral, la funci\u00f3n inmunitaria y la salud cardiovascular.<\/p>\n<p><strong>Principales beneficios:<\/strong><\/p>\n<ul>\n<li><strong>Desarrollo cerebral:<\/strong> El DHA es un componente esencial de las membranas celulares del cerebro, que favorece el desarrollo cerebral y mejora la funci\u00f3n cognitiva.<\/li>\n<li><strong>Apoyo inmunitario:<\/strong> Los \u00e1cidos grasos omega-3 ayudan a fortalecer el sistema inmunitario, haciendo que los ni\u00f1os sean m\u00e1s resistentes a enfermedades e infecciones.<\/li>\n<li><strong>Salud cardiovascular:<\/strong> Se sabe que el EPA y el DHA favorecen la salud del coraz\u00f3n al reducir los niveles de triglic\u00e9ridos en sangre y favorecer el funcionamiento normal del coraz\u00f3n.<\/li>\n<\/ul>\n<p><strong>PRESENTACI\u00d3N<\/strong><\/p>\n<p>30 c\u00e1psulas blandas<\/p>\n<p>&nbsp;<\/p>\n","protected":false},"excerpt":{"rendered":"<p>Daily Omega 3 kids es una forma f\u00e1cil de garantizar que los ni\u00f1os reciban los nutrientes esenciales para un crecimiento sano y un estilo de vida activo. [&#8230;]<\/p>\n<p><a class=\"btn btn-secondary understrap-read-more-link\" href=\"https:\/\/www.lifenatura.com\/es\/produto\/daily-omega-3-kids-30-softgels-nordic-naturals\/\">Leer m\u00e1s&#8230;<span class=\"screen-reader-text\"> from Daily \u00d3mega 3 Kids 30 softgels &#8211; Nordic Naturals<\/span><\/a><\/p>\n","protected":false},"featured_media":137694,"template":"","meta":{"_acf_changed":false},"product_brand":[8431],"product_cat":[7182,7659,7755,7180,7179],"product_tag":[],"class_list":{"0":"post-39763","1":"product","2":"type-product","3":"status-publish","4":"has-post-thumbnail","6":"product_brand-nordic-naturals","7":"product_cat-concentracion-memoria","8":"product_cat-ingrediente-natural-bio","9":"product_cat-omega-3-es","10":"product_cat-para-los-ninos","11":"product_cat-salud","13":"first","14":"instock","15":"sale","16":"featured","17":"shipping-taxable","18":"purchasable","19":"product-type-simple","20":"add-to-wishlist-before_image"},"acf":[],"yoast_head":"<!-- This site is optimized with the Yoast SEO Premium plugin v27.1 (Yoast SEO v27.5) - https:\/\/yoast.com\/product\/yoast-seo-premium-wordpress\/ -->\n<title>Daily \u00d3mega 3 Kids 30 softgels Nordic Naturals - Lifenatura<\/title>\n<meta name=\"description\" content=\"Daily Omega 3 kids es una forma f\u00e1cil de garantizar que los ni\u00f1os reciban los nutrientes esenciales para un crecimiento sano y un estilo de vida activo.\" \/>\n<meta name=\"robots\" content=\"index, follow, max-snippet:-1, max-image-preview:large, max-video-preview:-1\" \/>\n<link rel=\"canonical\" href=\"https:\/\/www.lifenatura.com\/es\/produto\/daily-omega-3-kids-30-softgels-nordic-naturals\/\" \/>\n<meta property=\"og:locale\" content=\"es_ES\" \/>\n<meta property=\"og:type\" content=\"article\" \/>\n<meta property=\"og:title\" content=\"Daily \u00d3mega 3 Kids 30 softgels - Nordic Naturals - Na Lifenatura ao Melhor Pre\u00e7o | Envio 48h\" \/>\n<meta property=\"og:description\" content=\"Compre Daily \u00d3mega 3 Kids 30 softgels - Nordic Naturals com envio r\u00e1pido. Entrega em 48h e portes gr\u00e1tis em compras &gt;35\u20ac. Aproveite j\u00e1 na Lifenatura\" \/>\n<meta property=\"og:url\" content=\"https:\/\/www.lifenatura.com\/es\/produto\/daily-omega-3-kids-30-softgels-nordic-naturals\/\" \/>\n<meta property=\"og:site_name\" content=\"Lifenatura\" \/>\n<meta property=\"article:publisher\" content=\"https:\/\/www.facebook.com\/lifenatura\" \/>\n<meta property=\"article:modified_time\" content=\"2025-02-02T00:03:34+00:00\" \/>\n<meta property=\"og:image\" content=\"https:\/\/www.lifenatura.com\/wp-content\/uploads\/2021\/09\/gd_daily-omega-3-kids-30-softgels-nordic-naturals.jpg\" \/>\n\t<meta property=\"og:image:width\" content=\"1000\" \/>\n\t<meta property=\"og:image:height\" content=\"1000\" \/>\n\t<meta property=\"og:image:type\" content=\"image\/jpeg\" \/>\n<meta name=\"twitter:card\" content=\"summary_large_image\" \/>\n<meta name=\"twitter:label1\" content=\"Precio\" \/>\n\t<meta name=\"twitter:data1\" content=\"14,00&nbsp;&euro;\" \/>\n\t<meta name=\"twitter:label2\" content=\"Disponibilidad\" \/>\n\t<meta name=\"twitter:data2\" content=\"Disponible\" \/>\n<script type=\"application\/ld+json\" class=\"yoast-schema-graph\">{\"@context\":\"https:\\\/\\\/schema.org\",\"@graph\":[{\"@type\":\"WebPage\",\"@id\":\"https:\\\/\\\/www.lifenatura.com\\\/es\\\/produto\\\/daily-omega-3-kids-30-softgels-nordic-naturals\\\/\",\"url\":\"https:\\\/\\\/www.lifenatura.com\\\/es\\\/produto\\\/daily-omega-3-kids-30-softgels-nordic-naturals\\\/\",\"name\":\"Daily \u00d3mega 3 Kids 30 softgels Nordic Naturals - Lifenatura\",\"isPartOf\":{\"@id\":\"https:\\\/\\\/www.lifenatura.com\\\/es\\\/#website\"},\"primaryImageOfPage\":{\"@id\":\"https:\\\/\\\/www.lifenatura.com\\\/es\\\/produto\\\/daily-omega-3-kids-30-softgels-nordic-naturals\\\/#primaryimage\"},\"image\":{\"@id\":\"https:\\\/\\\/www.lifenatura.com\\\/es\\\/produto\\\/daily-omega-3-kids-30-softgels-nordic-naturals\\\/#primaryimage\"},\"thumbnailUrl\":\"https:\\\/\\\/www.lifenatura.com\\\/wp-content\\\/uploads\\\/2026\\\/04\\\/production_2Flistings_2F019a4f83-2d9d-7bd4-851b-262c3fe5ed38_2Fimgi_80_50_x1080_crop_center.png.png\",\"datePublished\":\"2021-09-30T10:29:14+00:00\",\"dateModified\":\"2025-02-02T00:03:34+00:00\",\"description\":\"Daily Omega 3 kids es una forma f\u00e1cil de garantizar que los ni\u00f1os reciban los nutrientes esenciales para un crecimiento sano y un estilo de vida activo.\",\"breadcrumb\":{\"@id\":\"https:\\\/\\\/www.lifenatura.com\\\/es\\\/produto\\\/daily-omega-3-kids-30-softgels-nordic-naturals\\\/#breadcrumb\"},\"inLanguage\":\"es\",\"potentialAction\":[{\"@type\":\"ReadAction\",\"target\":[\"https:\\\/\\\/www.lifenatura.com\\\/es\\\/produto\\\/daily-omega-3-kids-30-softgels-nordic-naturals\\\/\"]}]},{\"@type\":\"ImageObject\",\"inLanguage\":\"es\",\"@id\":\"https:\\\/\\\/www.lifenatura.com\\\/es\\\/produto\\\/daily-omega-3-kids-30-softgels-nordic-naturals\\\/#primaryimage\",\"url\":\"https:\\\/\\\/www.lifenatura.com\\\/wp-content\\\/uploads\\\/2026\\\/04\\\/production_2Flistings_2F019a4f83-2d9d-7bd4-851b-262c3fe5ed38_2Fimgi_80_50_x1080_crop_center.png.png\",\"contentUrl\":\"https:\\\/\\\/www.lifenatura.com\\\/wp-content\\\/uploads\\\/2026\\\/04\\\/production_2Flistings_2F019a4f83-2d9d-7bd4-851b-262c3fe5ed38_2Fimgi_80_50_x1080_crop_center.png.png\",\"width\":1024,\"height\":1024},{\"@type\":\"BreadcrumbList\",\"@id\":\"https:\\\/\\\/www.lifenatura.com\\\/es\\\/produto\\\/daily-omega-3-kids-30-softgels-nordic-naturals\\\/#breadcrumb\",\"itemListElement\":[{\"@type\":\"ListItem\",\"position\":1,\"name\":\"In\u00edcio\",\"item\":\"https:\\\/\\\/www.lifenatura.com\\\/es\\\/\"},{\"@type\":\"ListItem\",\"position\":2,\"name\":\"Todos los Productos\",\"item\":\"https:\\\/\\\/www.lifenatura.com\\\/es\\\/tienda\\\/\"},{\"@type\":\"ListItem\",\"position\":3,\"name\":\"Daily \u00d3mega 3 Kids 30 softgels &#8211; Nordic Naturals\"}]},{\"@type\":\"WebSite\",\"@id\":\"https:\\\/\\\/www.lifenatura.com\\\/es\\\/#website\",\"url\":\"https:\\\/\\\/www.lifenatura.com\\\/es\\\/\",\"name\":\"Lifenatura\",\"description\":\"A Lifenatura \u00e9 uma loja de produtos naturais, cosm\u00e9tica natural e alimenta\u00e7\u00e3o Biol\u00f3gica.\",\"publisher\":{\"@id\":\"https:\\\/\\\/www.lifenatura.com\\\/es\\\/#organization\"},\"potentialAction\":[{\"@type\":\"SearchAction\",\"target\":{\"@type\":\"EntryPoint\",\"urlTemplate\":\"https:\\\/\\\/www.lifenatura.com\\\/es\\\/?s={search_term_string}\"},\"query-input\":{\"@type\":\"PropertyValueSpecification\",\"valueRequired\":true,\"valueName\":\"search_term_string\"}}],\"inLanguage\":\"es\"},{\"@type\":\"Organization\",\"@id\":\"https:\\\/\\\/www.lifenatura.com\\\/es\\\/#organization\",\"name\":\"Lifenatura\",\"url\":\"https:\\\/\\\/www.lifenatura.com\\\/es\\\/\",\"logo\":{\"@type\":\"ImageObject\",\"inLanguage\":\"es\",\"@id\":\"https:\\\/\\\/www.lifenatura.com\\\/es\\\/#\\\/schema\\\/logo\\\/image\\\/\",\"url\":\"https:\\\/\\\/www.lifenatura.com\\\/wp-content\\\/uploads\\\/2021\\\/07\\\/logo.png\",\"contentUrl\":\"https:\\\/\\\/www.lifenatura.com\\\/wp-content\\\/uploads\\\/2021\\\/07\\\/logo.png\",\"width\":175,\"height\":55,\"caption\":\"Lifenatura\"},\"image\":{\"@id\":\"https:\\\/\\\/www.lifenatura.com\\\/es\\\/#\\\/schema\\\/logo\\\/image\\\/\"},\"sameAs\":[\"https:\\\/\\\/www.facebook.com\\\/lifenatura\",\"https:\\\/\\\/www.instagram.com\\\/lifenaturapt\\\/\"],\"hasMerchantReturnPolicy\":{\"@type\":\"MerchantReturnPolicy\",\"merchantReturnLink\":\"https:\\\/\\\/www.lifenatura.com\\\/termos-condicoes-lifenatura\\\/\"}}]}<\/script>\n<meta property=\"product:price:amount\" content=\"14.00\" \/>\n<meta property=\"product:price:currency\" content=\"EUR\" \/>\n<meta property=\"og:availability\" content=\"instock\" \/>\n<meta property=\"product:availability\" content=\"instock\" \/>\n<meta property=\"product:retailer_item_id\" content=\"0768990018176\" \/>\n<meta property=\"product:condition\" content=\"new\" \/>\n<!-- \/ Yoast SEO Premium plugin. -->","yoast_head_json":{"title":"Daily \u00d3mega 3 Kids 30 softgels Nordic Naturals - Lifenatura","description":"Daily Omega 3 kids es una forma f\u00e1cil de garantizar que los ni\u00f1os reciban los nutrientes esenciales para un crecimiento sano y un estilo de vida activo.","robots":{"index":"index","follow":"follow","max-snippet":"max-snippet:-1","max-image-preview":"max-image-preview:large","max-video-preview":"max-video-preview:-1"},"canonical":"https:\/\/www.lifenatura.com\/es\/produto\/daily-omega-3-kids-30-softgels-nordic-naturals\/","og_locale":"es_ES","og_type":"article","og_title":"Daily \u00d3mega 3 Kids 30 softgels - Nordic Naturals - Na Lifenatura ao Melhor Pre\u00e7o | Envio 48h","og_description":"Compre Daily \u00d3mega 3 Kids 30 softgels - Nordic Naturals com envio r\u00e1pido. Entrega em 48h e portes gr\u00e1tis em compras >35\u20ac. Aproveite j\u00e1 na Lifenatura","og_url":"https:\/\/www.lifenatura.com\/es\/produto\/daily-omega-3-kids-30-softgels-nordic-naturals\/","og_site_name":"Lifenatura","article_publisher":"https:\/\/www.facebook.com\/lifenatura","article_modified_time":"2025-02-02T00:03:34+00:00","og_image":[{"width":1000,"height":1000,"url":"https:\/\/www.lifenatura.com\/wp-content\/uploads\/2021\/09\/gd_daily-omega-3-kids-30-softgels-nordic-naturals.jpg","type":"image\/jpeg"}],"twitter_card":"summary_large_image","twitter_misc":{"Precio":"14,00&nbsp;&euro;","Disponibilidad":"Disponible"},"schema":{"@context":"https:\/\/schema.org","@graph":[{"@type":"WebPage","@id":"https:\/\/www.lifenatura.com\/es\/produto\/daily-omega-3-kids-30-softgels-nordic-naturals\/","url":"https:\/\/www.lifenatura.com\/es\/produto\/daily-omega-3-kids-30-softgels-nordic-naturals\/","name":"Daily \u00d3mega 3 Kids 30 softgels Nordic Naturals - Lifenatura","isPartOf":{"@id":"https:\/\/www.lifenatura.com\/es\/#website"},"primaryImageOfPage":{"@id":"https:\/\/www.lifenatura.com\/es\/produto\/daily-omega-3-kids-30-softgels-nordic-naturals\/#primaryimage"},"image":{"@id":"https:\/\/www.lifenatura.com\/es\/produto\/daily-omega-3-kids-30-softgels-nordic-naturals\/#primaryimage"},"thumbnailUrl":"https:\/\/www.lifenatura.com\/wp-content\/uploads\/2026\/04\/production_2Flistings_2F019a4f83-2d9d-7bd4-851b-262c3fe5ed38_2Fimgi_80_50_x1080_crop_center.png.png","datePublished":"2021-09-30T10:29:14+00:00","dateModified":"2025-02-02T00:03:34+00:00","description":"Daily Omega 3 kids es una forma f\u00e1cil de garantizar que los ni\u00f1os reciban los nutrientes esenciales para un crecimiento sano y un estilo de vida activo.","breadcrumb":{"@id":"https:\/\/www.lifenatura.com\/es\/produto\/daily-omega-3-kids-30-softgels-nordic-naturals\/#breadcrumb"},"inLanguage":"es","potentialAction":[{"@type":"ReadAction","target":["https:\/\/www.lifenatura.com\/es\/produto\/daily-omega-3-kids-30-softgels-nordic-naturals\/"]}]},{"@type":"ImageObject","inLanguage":"es","@id":"https:\/\/www.lifenatura.com\/es\/produto\/daily-omega-3-kids-30-softgels-nordic-naturals\/#primaryimage","url":"https:\/\/www.lifenatura.com\/wp-content\/uploads\/2026\/04\/production_2Flistings_2F019a4f83-2d9d-7bd4-851b-262c3fe5ed38_2Fimgi_80_50_x1080_crop_center.png.png","contentUrl":"https:\/\/www.lifenatura.com\/wp-content\/uploads\/2026\/04\/production_2Flistings_2F019a4f83-2d9d-7bd4-851b-262c3fe5ed38_2Fimgi_80_50_x1080_crop_center.png.png","width":1024,"height":1024},{"@type":"BreadcrumbList","@id":"https:\/\/www.lifenatura.com\/es\/produto\/daily-omega-3-kids-30-softgels-nordic-naturals\/#breadcrumb","itemListElement":[{"@type":"ListItem","position":1,"name":"In\u00edcio","item":"https:\/\/www.lifenatura.com\/es\/"},{"@type":"ListItem","position":2,"name":"Todos los Productos","item":"https:\/\/www.lifenatura.com\/es\/tienda\/"},{"@type":"ListItem","position":3,"name":"Daily \u00d3mega 3 Kids 30 softgels &#8211; Nordic Naturals"}]},{"@type":"WebSite","@id":"https:\/\/www.lifenatura.com\/es\/#website","url":"https:\/\/www.lifenatura.com\/es\/","name":"Lifenatura","description":"A Lifenatura \u00e9 uma loja de produtos naturais, cosm\u00e9tica natural e alimenta\u00e7\u00e3o Biol\u00f3gica.","publisher":{"@id":"https:\/\/www.lifenatura.com\/es\/#organization"},"potentialAction":[{"@type":"SearchAction","target":{"@type":"EntryPoint","urlTemplate":"https:\/\/www.lifenatura.com\/es\/?s={search_term_string}"},"query-input":{"@type":"PropertyValueSpecification","valueRequired":true,"valueName":"search_term_string"}}],"inLanguage":"es"},{"@type":"Organization","@id":"https:\/\/www.lifenatura.com\/es\/#organization","name":"Lifenatura","url":"https:\/\/www.lifenatura.com\/es\/","logo":{"@type":"ImageObject","inLanguage":"es","@id":"https:\/\/www.lifenatura.com\/es\/#\/schema\/logo\/image\/","url":"https:\/\/www.lifenatura.com\/wp-content\/uploads\/2021\/07\/logo.png","contentUrl":"https:\/\/www.lifenatura.com\/wp-content\/uploads\/2021\/07\/logo.png","width":175,"height":55,"caption":"Lifenatura"},"image":{"@id":"https:\/\/www.lifenatura.com\/es\/#\/schema\/logo\/image\/"},"sameAs":["https:\/\/www.facebook.com\/lifenatura","https:\/\/www.instagram.com\/lifenaturapt\/"],"hasMerchantReturnPolicy":{"@type":"MerchantReturnPolicy","merchantReturnLink":"https:\/\/www.lifenatura.com\/termos-condicoes-lifenatura\/"}}]},"product_price_amount":"14.00","product_price_currency":"EUR","og_availability":"instock","product_availability":"instock","product_retailer_item_id":"0768990018176","product_condition":"new"},"df_price":14,"df_sale_price":14,"df_regular_price":20.26,"df_image_link":"https:\/\/www.lifenatura.com\/wp-content\/uploads\/2026\/04\/production_2Flistings_2F019a4f83-2d9d-7bd4-851b-262c3fe5ed38_2Fimgi_80_50_x1080_crop_center.png-300x300.png","_links":{"self":[{"href":"https:\/\/www.lifenatura.com\/es\/wp-json\/wp\/v2\/product\/39763","targetHints":{"allow":["GET"]}}],"collection":[{"href":"https:\/\/www.lifenatura.com\/es\/wp-json\/wp\/v2\/product"}],"about":[{"href":"https:\/\/www.lifenatura.com\/es\/wp-json\/wp\/v2\/types\/product"}],"wp:featuredmedia":[{"embeddable":true,"href":"https:\/\/www.lifenatura.com\/es\/wp-json\/wp\/v2\/media\/137694"}],"wp:attachment":[{"href":"https:\/\/www.lifenatura.com\/es\/wp-json\/wp\/v2\/media?parent=39763"}],"wp:term":[{"taxonomy":"product_brand","embeddable":true,"href":"https:\/\/www.lifenatura.com\/es\/wp-json\/wp\/v2\/product_brand?post=39763"},{"taxonomy":"product_cat","embeddable":true,"href":"https:\/\/www.lifenatura.com\/es\/wp-json\/wp\/v2\/product_cat?post=39763"},{"taxonomy":"product_tag","embeddable":true,"href":"https:\/\/www.lifenatura.com\/es\/wp-json\/wp\/v2\/product_tag?post=39763"}],"curies":[{"name":"wp","href":"https:\/\/api.w.org\/{rel}","templated":true}]}}