{"id":39761,"date":"2021-09-30T10:28:54","date_gmt":"2021-09-30T10:28:54","guid":{"rendered":"https:\/\/lifenatura.dev.agenciagetdigital.com\/produto\/babys-dha-vitamina-d3-60-ml-nordic-naturals\/"},"modified":"2026-04-22T14:14:11","modified_gmt":"2026-04-22T14:14:11","slug":"babys-dha-vitamina-d3-60-ml-nordic-naturals","status":"publish","type":"product","link":"https:\/\/www.lifenatura.com\/es\/produto\/babys-dha-vitamina-d3-60-ml-nordic-naturals\/","title":{"rendered":"Babys DHA + Vitamina D3 60 ml &#8211; Nordic Naturals"},"content":{"rendered":"<h2><strong>Babys DHA pero Vitamina D3 para el desarrollo cognitivo del beb\u00e9<\/strong><\/h2>\n<p>&nbsp;<\/p>\n<p>Babys DHA + Vitamina D3 de Nordic Naturals es una f\u00f3rmula suave y segura desarrollada para beb\u00e9s desde el nacimiento hasta los 2 a\u00f1os de edad.<\/p>\n<p>Cada dosis aporta una cantidad adecuada de DHA, un \u00e1cido graso crucial para el desarrollo cerebral y ocular, junto con vitamina D3, necesaria para la salud \u00f3sea e inmunitaria.<\/p>\n<p>Este suplemento es esencial para favorecer un crecimiento y desarrollo sanos durante los primeros a\u00f1os de vida del beb\u00e9.<\/p>\n<p><strong>Principales beneficios de Babys DHA + Vitamina D3:<\/strong><\/p>\n<ul>\n<li><strong>Desarrollo cerebral<\/strong>: El DHA es un componente importante de las membranas celulares del cerebro, ayudando a promover la funci\u00f3n cerebral, la memoria y el aprendizaje desde una edad temprana.<\/li>\n<li><strong>Salud ocular<\/strong>: El DHA es esencial para el desarrollo saludable de los ojos, ayudando a prevenir problemas de visi\u00f3n y promoviendo una visi\u00f3n \u00f3ptima.<\/li>\n<li><strong>Salud \u00f3sea:<\/strong> La vitamina D3 es esencial para la absorci\u00f3n del calcio y la salud \u00f3sea, ayudando a fortalecer los huesos y prevenir la osteoporosis.<\/li>\n<\/ul>\n<p>Apoyo inmunitario: La vitamina D3 desempe\u00f1a un papel importante en la funci\u00f3n inmunitaria, ayudando a fortalecer el sistema inmunitario de tu beb\u00e9 y a protegerle frente a enfermedades e infecciones.<\/p>\n<p><strong>PRESENTACI\u00d3N<\/strong><\/p>\n<p>60 ml<\/p>\n<p>&nbsp;<\/p>\n","protected":false},"excerpt":{"rendered":"<p>Babys DHA con vitamina D3 es un suplemento rico en DHA, adecuado para el desarrollo del cerebro y del sistema nervioso de los ni\u00f1os. [&#8230;]<\/p>\n<p><a class=\"btn btn-secondary understrap-read-more-link\" href=\"https:\/\/www.lifenatura.com\/es\/produto\/babys-dha-vitamina-d3-60-ml-nordic-naturals\/\">Leer m\u00e1s&#8230;<span class=\"screen-reader-text\"> from Babys DHA + Vitamina D3 60 ml &#8211; Nordic Naturals<\/span><\/a><\/p>\n","protected":false},"featured_media":90807,"template":"","meta":{"_acf_changed":false},"product_brand":[8431],"product_cat":[7659,7755,7180,7183,7179],"product_tag":[],"class_list":{"0":"post-39761","1":"product","2":"type-product","3":"status-publish","4":"has-post-thumbnail","6":"product_brand-nordic-naturals","7":"product_cat-ingrediente-natural-bio","8":"product_cat-omega-3-es","9":"product_cat-para-los-ninos","10":"product_cat-reforza-la-inmunidad","11":"product_cat-salud","12":"pa_caracteristicas-sin-omg","14":"first","15":"instock","16":"sale","17":"shipping-taxable","18":"purchasable","19":"product-type-simple","20":"add-to-wishlist-before_image"},"acf":[],"yoast_head":"<!-- This site is optimized with the Yoast SEO Premium plugin v27.1 (Yoast SEO v27.4) - https:\/\/yoast.com\/product\/yoast-seo-premium-wordpress\/ -->\n<title>Babys DHA + Vitamina D3 Nordic Naturals - Lifenatura<\/title>\n<meta name=\"description\" content=\"Babys DHA con vitamina D3 es un suplemento rico en DHA, adecuado para el desarrollo del cerebro y del sistema nervioso de los ni\u00f1os.Babys DHA con vitamina D3 es un suplemento rico en DHA, adecuado para el desarrollo del cerebro y del sistema nervioso de los ni\u00f1os.\" \/>\n<meta name=\"robots\" content=\"index, follow, max-snippet:-1, max-image-preview:large, max-video-preview:-1\" \/>\n<link rel=\"canonical\" href=\"https:\/\/www.lifenatura.com\/es\/produto\/babys-dha-vitamina-d3-60-ml-nordic-naturals\/\" \/>\n<meta property=\"og:locale\" content=\"es_ES\" \/>\n<meta property=\"og:type\" content=\"article\" \/>\n<meta property=\"og:title\" content=\"Babys DHA + Vitamina D3 60 ml - Nordic Naturals - Lifenatura\" \/>\n<meta property=\"og:description\" content=\"Compre aqui o seu Babys DHA + Vitamina D3 60 ml - Nordic Naturals e a Lifenatura Online envia em 48 H com Portes Gratis &gt;35\u20ac de Pedido.\" \/>\n<meta property=\"og:url\" content=\"https:\/\/www.lifenatura.com\/es\/produto\/babys-dha-vitamina-d3-60-ml-nordic-naturals\/\" \/>\n<meta property=\"og:site_name\" content=\"Lifenatura\" \/>\n<meta property=\"article:publisher\" content=\"https:\/\/www.facebook.com\/lifenatura\" \/>\n<meta property=\"article:modified_time\" content=\"2026-04-22T14:14:11+00:00\" \/>\n<meta property=\"og:image\" content=\"https:\/\/www.lifenatura.com\/wp-content\/uploads\/2021\/09\/babys-dha-vitd3-nordic-naturals.jpg\" \/>\n\t<meta property=\"og:image:width\" content=\"1000\" \/>\n\t<meta property=\"og:image:height\" content=\"1000\" \/>\n\t<meta property=\"og:image:type\" content=\"image\/jpeg\" \/>\n<meta name=\"twitter:card\" content=\"summary_large_image\" \/>\n<meta name=\"twitter:label1\" content=\"Precio\" \/>\n\t<meta name=\"twitter:data1\" content=\"24,22&nbsp;&euro;\" \/>\n\t<meta name=\"twitter:label2\" content=\"Disponibilidad\" \/>\n\t<meta name=\"twitter:data2\" content=\"Disponible\" \/>\n<script type=\"application\/ld+json\" class=\"yoast-schema-graph\">{\"@context\":\"https:\\\/\\\/schema.org\",\"@graph\":[{\"@type\":\"WebPage\",\"@id\":\"https:\\\/\\\/www.lifenatura.com\\\/es\\\/produto\\\/babys-dha-vitamina-d3-60-ml-nordic-naturals\\\/\",\"url\":\"https:\\\/\\\/www.lifenatura.com\\\/es\\\/produto\\\/babys-dha-vitamina-d3-60-ml-nordic-naturals\\\/\",\"name\":\"Babys DHA + Vitamina D3 Nordic Naturals - Lifenatura\",\"isPartOf\":{\"@id\":\"https:\\\/\\\/www.lifenatura.com\\\/es\\\/#website\"},\"primaryImageOfPage\":{\"@id\":\"https:\\\/\\\/www.lifenatura.com\\\/es\\\/produto\\\/babys-dha-vitamina-d3-60-ml-nordic-naturals\\\/#primaryimage\"},\"image\":{\"@id\":\"https:\\\/\\\/www.lifenatura.com\\\/es\\\/produto\\\/babys-dha-vitamina-d3-60-ml-nordic-naturals\\\/#primaryimage\"},\"thumbnailUrl\":\"https:\\\/\\\/www.lifenatura.com\\\/wp-content\\\/uploads\\\/2021\\\/09\\\/babys-dha-vitd3-nordic-naturals.jpg\",\"datePublished\":\"2021-09-30T10:28:54+00:00\",\"dateModified\":\"2026-04-22T14:14:11+00:00\",\"description\":\"Babys DHA con vitamina D3 es un suplemento rico en DHA, adecuado para el desarrollo del cerebro y del sistema nervioso de los ni\u00f1os.Babys DHA con vitamina D3 es un suplemento rico en DHA, adecuado para el desarrollo del cerebro y del sistema nervioso de los ni\u00f1os.\",\"breadcrumb\":{\"@id\":\"https:\\\/\\\/www.lifenatura.com\\\/es\\\/produto\\\/babys-dha-vitamina-d3-60-ml-nordic-naturals\\\/#breadcrumb\"},\"inLanguage\":\"es\",\"potentialAction\":[{\"@type\":\"ReadAction\",\"target\":[\"https:\\\/\\\/www.lifenatura.com\\\/es\\\/produto\\\/babys-dha-vitamina-d3-60-ml-nordic-naturals\\\/\"]}]},{\"@type\":\"ImageObject\",\"inLanguage\":\"es\",\"@id\":\"https:\\\/\\\/www.lifenatura.com\\\/es\\\/produto\\\/babys-dha-vitamina-d3-60-ml-nordic-naturals\\\/#primaryimage\",\"url\":\"https:\\\/\\\/www.lifenatura.com\\\/wp-content\\\/uploads\\\/2021\\\/09\\\/babys-dha-vitd3-nordic-naturals.jpg\",\"contentUrl\":\"https:\\\/\\\/www.lifenatura.com\\\/wp-content\\\/uploads\\\/2021\\\/09\\\/babys-dha-vitd3-nordic-naturals.jpg\",\"width\":1000,\"height\":1000,\"caption\":\"Babys DHA da nordic naturals\"},{\"@type\":\"BreadcrumbList\",\"@id\":\"https:\\\/\\\/www.lifenatura.com\\\/es\\\/produto\\\/babys-dha-vitamina-d3-60-ml-nordic-naturals\\\/#breadcrumb\",\"itemListElement\":[{\"@type\":\"ListItem\",\"position\":1,\"name\":\"In\u00edcio\",\"item\":\"https:\\\/\\\/www.lifenatura.com\\\/es\\\/\"},{\"@type\":\"ListItem\",\"position\":2,\"name\":\"Todos los Productos\",\"item\":\"https:\\\/\\\/www.lifenatura.com\\\/es\\\/tienda\\\/\"},{\"@type\":\"ListItem\",\"position\":3,\"name\":\"Babys DHA + Vitamina D3 60 ml &#8211; Nordic Naturals\"}]},{\"@type\":\"WebSite\",\"@id\":\"https:\\\/\\\/www.lifenatura.com\\\/es\\\/#website\",\"url\":\"https:\\\/\\\/www.lifenatura.com\\\/es\\\/\",\"name\":\"Lifenatura\",\"description\":\"A Lifenatura \u00e9 uma loja de produtos naturais, cosm\u00e9tica natural e alimenta\u00e7\u00e3o Biol\u00f3gica.\",\"publisher\":{\"@id\":\"https:\\\/\\\/www.lifenatura.com\\\/es\\\/#organization\"},\"potentialAction\":[{\"@type\":\"SearchAction\",\"target\":{\"@type\":\"EntryPoint\",\"urlTemplate\":\"https:\\\/\\\/www.lifenatura.com\\\/es\\\/?s={search_term_string}\"},\"query-input\":{\"@type\":\"PropertyValueSpecification\",\"valueRequired\":true,\"valueName\":\"search_term_string\"}}],\"inLanguage\":\"es\"},{\"@type\":\"Organization\",\"@id\":\"https:\\\/\\\/www.lifenatura.com\\\/es\\\/#organization\",\"name\":\"Lifenatura\",\"url\":\"https:\\\/\\\/www.lifenatura.com\\\/es\\\/\",\"logo\":{\"@type\":\"ImageObject\",\"inLanguage\":\"es\",\"@id\":\"https:\\\/\\\/www.lifenatura.com\\\/es\\\/#\\\/schema\\\/logo\\\/image\\\/\",\"url\":\"https:\\\/\\\/www.lifenatura.com\\\/wp-content\\\/uploads\\\/2021\\\/07\\\/logo.png\",\"contentUrl\":\"https:\\\/\\\/www.lifenatura.com\\\/wp-content\\\/uploads\\\/2021\\\/07\\\/logo.png\",\"width\":175,\"height\":55,\"caption\":\"Lifenatura\"},\"image\":{\"@id\":\"https:\\\/\\\/www.lifenatura.com\\\/es\\\/#\\\/schema\\\/logo\\\/image\\\/\"},\"sameAs\":[\"https:\\\/\\\/www.facebook.com\\\/lifenatura\",\"https:\\\/\\\/www.instagram.com\\\/lifenaturapt\\\/\"],\"hasMerchantReturnPolicy\":{\"@type\":\"MerchantReturnPolicy\",\"merchantReturnLink\":\"https:\\\/\\\/www.lifenatura.com\\\/termos-condicoes-lifenatura\\\/\"}}]}<\/script>\n<meta property=\"product:price:amount\" content=\"24.22\" \/>\n<meta property=\"product:price:currency\" content=\"EUR\" \/>\n<meta property=\"og:availability\" content=\"instock\" \/>\n<meta property=\"product:availability\" content=\"instock\" \/>\n<meta property=\"product:retailer_item_id\" content=\"0768990537875\" \/>\n<meta property=\"product:condition\" content=\"new\" \/>\n<!-- \/ Yoast SEO Premium plugin. -->","yoast_head_json":{"title":"Babys DHA + Vitamina D3 Nordic Naturals - Lifenatura","description":"Babys DHA con vitamina D3 es un suplemento rico en DHA, adecuado para el desarrollo del cerebro y del sistema nervioso de los ni\u00f1os.Babys DHA con vitamina D3 es un suplemento rico en DHA, adecuado para el desarrollo del cerebro y del sistema nervioso de los ni\u00f1os.","robots":{"index":"index","follow":"follow","max-snippet":"max-snippet:-1","max-image-preview":"max-image-preview:large","max-video-preview":"max-video-preview:-1"},"canonical":"https:\/\/www.lifenatura.com\/es\/produto\/babys-dha-vitamina-d3-60-ml-nordic-naturals\/","og_locale":"es_ES","og_type":"article","og_title":"Babys DHA + Vitamina D3 60 ml - Nordic Naturals - Lifenatura","og_description":"Compre aqui o seu Babys DHA + Vitamina D3 60 ml - Nordic Naturals e a Lifenatura Online envia em 48 H com Portes Gratis >35\u20ac de Pedido.","og_url":"https:\/\/www.lifenatura.com\/es\/produto\/babys-dha-vitamina-d3-60-ml-nordic-naturals\/","og_site_name":"Lifenatura","article_publisher":"https:\/\/www.facebook.com\/lifenatura","article_modified_time":"2026-04-22T14:14:11+00:00","og_image":[{"width":1000,"height":1000,"url":"https:\/\/www.lifenatura.com\/wp-content\/uploads\/2021\/09\/babys-dha-vitd3-nordic-naturals.jpg","type":"image\/jpeg"}],"twitter_card":"summary_large_image","twitter_misc":{"Precio":"24,22&nbsp;&euro;","Disponibilidad":"Disponible"},"schema":{"@context":"https:\/\/schema.org","@graph":[{"@type":"WebPage","@id":"https:\/\/www.lifenatura.com\/es\/produto\/babys-dha-vitamina-d3-60-ml-nordic-naturals\/","url":"https:\/\/www.lifenatura.com\/es\/produto\/babys-dha-vitamina-d3-60-ml-nordic-naturals\/","name":"Babys DHA + Vitamina D3 Nordic Naturals - Lifenatura","isPartOf":{"@id":"https:\/\/www.lifenatura.com\/es\/#website"},"primaryImageOfPage":{"@id":"https:\/\/www.lifenatura.com\/es\/produto\/babys-dha-vitamina-d3-60-ml-nordic-naturals\/#primaryimage"},"image":{"@id":"https:\/\/www.lifenatura.com\/es\/produto\/babys-dha-vitamina-d3-60-ml-nordic-naturals\/#primaryimage"},"thumbnailUrl":"https:\/\/www.lifenatura.com\/wp-content\/uploads\/2021\/09\/babys-dha-vitd3-nordic-naturals.jpg","datePublished":"2021-09-30T10:28:54+00:00","dateModified":"2026-04-22T14:14:11+00:00","description":"Babys DHA con vitamina D3 es un suplemento rico en DHA, adecuado para el desarrollo del cerebro y del sistema nervioso de los ni\u00f1os.Babys DHA con vitamina D3 es un suplemento rico en DHA, adecuado para el desarrollo del cerebro y del sistema nervioso de los ni\u00f1os.","breadcrumb":{"@id":"https:\/\/www.lifenatura.com\/es\/produto\/babys-dha-vitamina-d3-60-ml-nordic-naturals\/#breadcrumb"},"inLanguage":"es","potentialAction":[{"@type":"ReadAction","target":["https:\/\/www.lifenatura.com\/es\/produto\/babys-dha-vitamina-d3-60-ml-nordic-naturals\/"]}]},{"@type":"ImageObject","inLanguage":"es","@id":"https:\/\/www.lifenatura.com\/es\/produto\/babys-dha-vitamina-d3-60-ml-nordic-naturals\/#primaryimage","url":"https:\/\/www.lifenatura.com\/wp-content\/uploads\/2021\/09\/babys-dha-vitd3-nordic-naturals.jpg","contentUrl":"https:\/\/www.lifenatura.com\/wp-content\/uploads\/2021\/09\/babys-dha-vitd3-nordic-naturals.jpg","width":1000,"height":1000,"caption":"Babys DHA da nordic naturals"},{"@type":"BreadcrumbList","@id":"https:\/\/www.lifenatura.com\/es\/produto\/babys-dha-vitamina-d3-60-ml-nordic-naturals\/#breadcrumb","itemListElement":[{"@type":"ListItem","position":1,"name":"In\u00edcio","item":"https:\/\/www.lifenatura.com\/es\/"},{"@type":"ListItem","position":2,"name":"Todos los Productos","item":"https:\/\/www.lifenatura.com\/es\/tienda\/"},{"@type":"ListItem","position":3,"name":"Babys DHA + Vitamina D3 60 ml &#8211; Nordic Naturals"}]},{"@type":"WebSite","@id":"https:\/\/www.lifenatura.com\/es\/#website","url":"https:\/\/www.lifenatura.com\/es\/","name":"Lifenatura","description":"A Lifenatura \u00e9 uma loja de produtos naturais, cosm\u00e9tica natural e alimenta\u00e7\u00e3o Biol\u00f3gica.","publisher":{"@id":"https:\/\/www.lifenatura.com\/es\/#organization"},"potentialAction":[{"@type":"SearchAction","target":{"@type":"EntryPoint","urlTemplate":"https:\/\/www.lifenatura.com\/es\/?s={search_term_string}"},"query-input":{"@type":"PropertyValueSpecification","valueRequired":true,"valueName":"search_term_string"}}],"inLanguage":"es"},{"@type":"Organization","@id":"https:\/\/www.lifenatura.com\/es\/#organization","name":"Lifenatura","url":"https:\/\/www.lifenatura.com\/es\/","logo":{"@type":"ImageObject","inLanguage":"es","@id":"https:\/\/www.lifenatura.com\/es\/#\/schema\/logo\/image\/","url":"https:\/\/www.lifenatura.com\/wp-content\/uploads\/2021\/07\/logo.png","contentUrl":"https:\/\/www.lifenatura.com\/wp-content\/uploads\/2021\/07\/logo.png","width":175,"height":55,"caption":"Lifenatura"},"image":{"@id":"https:\/\/www.lifenatura.com\/es\/#\/schema\/logo\/image\/"},"sameAs":["https:\/\/www.facebook.com\/lifenatura","https:\/\/www.instagram.com\/lifenaturapt\/"],"hasMerchantReturnPolicy":{"@type":"MerchantReturnPolicy","merchantReturnLink":"https:\/\/www.lifenatura.com\/termos-condicoes-lifenatura\/"}}]},"product_price_amount":"24.22","product_price_currency":"EUR","og_availability":"instock","product_availability":"instock","product_retailer_item_id":"0768990537875","product_condition":"new"},"df_price":24.22,"df_sale_price":24.22,"df_regular_price":33.91,"df_image_link":"https:\/\/www.lifenatura.com\/wp-content\/uploads\/2021\/09\/babys-dha-vitd3-nordic-naturals-300x300.jpg","_links":{"self":[{"href":"https:\/\/www.lifenatura.com\/es\/wp-json\/wp\/v2\/product\/39761","targetHints":{"allow":["GET"]}}],"collection":[{"href":"https:\/\/www.lifenatura.com\/es\/wp-json\/wp\/v2\/product"}],"about":[{"href":"https:\/\/www.lifenatura.com\/es\/wp-json\/wp\/v2\/types\/product"}],"wp:featuredmedia":[{"embeddable":true,"href":"https:\/\/www.lifenatura.com\/es\/wp-json\/wp\/v2\/media\/90807"}],"wp:attachment":[{"href":"https:\/\/www.lifenatura.com\/es\/wp-json\/wp\/v2\/media?parent=39761"}],"wp:term":[{"taxonomy":"product_brand","embeddable":true,"href":"https:\/\/www.lifenatura.com\/es\/wp-json\/wp\/v2\/product_brand?post=39761"},{"taxonomy":"product_cat","embeddable":true,"href":"https:\/\/www.lifenatura.com\/es\/wp-json\/wp\/v2\/product_cat?post=39761"},{"taxonomy":"product_tag","embeddable":true,"href":"https:\/\/www.lifenatura.com\/es\/wp-json\/wp\/v2\/product_tag?post=39761"}],"curies":[{"name":"wp","href":"https:\/\/api.w.org\/{rel}","templated":true}]}}