{"id":39695,"date":"2021-09-30T10:27:54","date_gmt":"2021-09-30T10:27:54","guid":{"rendered":"https:\/\/lifenatura.dev.agenciagetdigital.com\/produto\/vitamina-c-ester-1000-mg-60-comprimidos-naturmil\/"},"modified":"2023-06-21T09:14:46","modified_gmt":"2023-06-21T09:14:46","slug":"vitamina-c-ester-1000-mg-60-comprimidos-naturmil","status":"publish","type":"product","link":"https:\/\/www.lifenatura.com\/es\/produto\/vitamina-c-ester-1000-mg-60-comprimidos-naturmil\/","title":{"rendered":"Vitamina C Ester 1000 mg 60 comprimidos &#8211; Naturmil"},"content":{"rendered":"<h2 style=\"text-align: left\"><strong>Vitamina C Ester indicada para el Sistema Inmunitario<\/strong><\/h2>\n<p>&nbsp;<\/p>\n<p>El \u00e9ster de vitamina C es una forma no \u00e1cida de vitamina C con absorci\u00f3n mejorada. \u00datil para reforzar el sistema inmunitario, para estimular la formaci\u00f3n de col\u00e1geno, para beneficiar la absorci\u00f3n del hierro de la dieta, por ejemplo en caso de anemia, para reducir el cansancio y la fatiga.<\/p>\n<p><strong>PRESENTACI\u00d3N<\/strong><\/p>\n<p>60 comprimidos<\/p>\n<p>&nbsp;<\/p>\n","protected":false},"excerpt":{"rendered":"<p>\u00datil para fortalecer el sistema inmunitario, estimular la formaci\u00f3n de col\u00e1geno, beneficiarse de la absorci\u00f3n de hierro de la dieta. [&#8230;]<\/p>\n<p><a class=\"btn btn-secondary understrap-read-more-link\" href=\"https:\/\/www.lifenatura.com\/es\/produto\/vitamina-c-ester-1000-mg-60-comprimidos-naturmil\/\">Leer m\u00e1s&#8230;<span class=\"screen-reader-text\"> from Vitamina C Ester 1000 mg 60 comprimidos &#8211; Naturmil<\/span><\/a><\/p>\n","protected":false},"featured_media":68587,"template":"","meta":{"_acf_changed":false},"product_brand":[8435],"product_cat":[7259,8561,7263,7211,7179,7260],"product_tag":[],"class_list":{"0":"post-39695","1":"product","2":"type-product","3":"status-publish","4":"has-post-thumbnail","6":"product_brand-naturmil","7":"product_cat-vitaminas-y-minerales","8":"product_cat-naturmil-lleve-4-pago-3","9":"product_cat-packs-de-salud","10":"product_cat-reforza-la-inmunidad-salud","11":"product_cat-salud","12":"product_cat-vitamina-c-salud","14":"first","15":"instock","16":"sale","17":"shipping-taxable","18":"purchasable","19":"product-type-simple","20":"add-to-wishlist-before_image"},"acf":[],"yoast_head":"<!-- This site is optimized with the Yoast SEO Premium plugin v27.1 (Yoast SEO v27.5) - https:\/\/yoast.com\/product\/yoast-seo-premium-wordpress\/ -->\n<title>Vitamina C Ester 1000 mg 60 comprimidos - Naturmil - Na Lifenatura ao Melhor Pre\u00e7o | Envio em 48h<\/title>\n<meta name=\"description\" content=\"\u00datil para fortalecer el sistema inmunitario, estimular la formaci\u00f3n de col\u00e1geno, beneficiarse de la absorci\u00f3n de hierro de la dieta.\" \/>\n<meta name=\"robots\" content=\"index, follow, max-snippet:-1, max-image-preview:large, max-video-preview:-1\" \/>\n<link rel=\"canonical\" href=\"https:\/\/www.lifenatura.com\/es\/produto\/vitamina-c-ester-1000-mg-60-comprimidos-naturmil\/\" \/>\n<meta property=\"og:locale\" content=\"es_ES\" \/>\n<meta property=\"og:type\" content=\"article\" \/>\n<meta property=\"og:title\" content=\"Vitamina C Ester 1000 mg 60 comprimidos - Naturmil - Na Lifenatura ao Melhor Pre\u00e7o | Envio 48h\" \/>\n<meta property=\"og:description\" content=\"Compre Vitamina C Ester 1000 mg 60 comprimidos - Naturmil com envio r\u00e1pido. Entrega em 48h e portes gr\u00e1tis em compras &gt;35\u20ac. Aproveite j\u00e1 na Lifenatura\" \/>\n<meta property=\"og:url\" content=\"https:\/\/www.lifenatura.com\/es\/produto\/vitamina-c-ester-1000-mg-60-comprimidos-naturmil\/\" \/>\n<meta property=\"og:site_name\" content=\"Lifenatura\" \/>\n<meta property=\"article:publisher\" content=\"https:\/\/www.facebook.com\/lifenatura\" \/>\n<meta property=\"article:modified_time\" content=\"2023-06-21T09:14:46+00:00\" \/>\n<meta property=\"og:image\" content=\"https:\/\/www.lifenatura.com\/wp-content\/uploads\/2021\/09\/Vitamina-C-Ester-naturmil.jpg\" \/>\n\t<meta property=\"og:image:width\" content=\"1000\" \/>\n\t<meta property=\"og:image:height\" content=\"1000\" \/>\n\t<meta property=\"og:image:type\" content=\"image\/jpeg\" \/>\n<meta name=\"twitter:card\" content=\"summary_large_image\" \/>\n<meta name=\"twitter:label1\" content=\"Precio\" \/>\n\t<meta name=\"twitter:data1\" content=\"18,48&nbsp;&euro;\" \/>\n\t<meta name=\"twitter:label2\" content=\"Disponibilidad\" \/>\n\t<meta name=\"twitter:data2\" content=\"Disponible\" \/>\n<script type=\"application\/ld+json\" class=\"yoast-schema-graph\">{\"@context\":\"https:\\\/\\\/schema.org\",\"@graph\":[{\"@type\":\"WebPage\",\"@id\":\"https:\\\/\\\/www.lifenatura.com\\\/es\\\/produto\\\/vitamina-c-ester-1000-mg-60-comprimidos-naturmil\\\/\",\"url\":\"https:\\\/\\\/www.lifenatura.com\\\/es\\\/produto\\\/vitamina-c-ester-1000-mg-60-comprimidos-naturmil\\\/\",\"name\":\"Vitamina C Ester 1000 mg 60 comprimidos - Naturmil - Na Lifenatura ao Melhor Pre\u00e7o | Envio em 48h\",\"isPartOf\":{\"@id\":\"https:\\\/\\\/www.lifenatura.com\\\/es\\\/#website\"},\"primaryImageOfPage\":{\"@id\":\"https:\\\/\\\/www.lifenatura.com\\\/es\\\/produto\\\/vitamina-c-ester-1000-mg-60-comprimidos-naturmil\\\/#primaryimage\"},\"image\":{\"@id\":\"https:\\\/\\\/www.lifenatura.com\\\/es\\\/produto\\\/vitamina-c-ester-1000-mg-60-comprimidos-naturmil\\\/#primaryimage\"},\"thumbnailUrl\":\"https:\\\/\\\/www.lifenatura.com\\\/wp-content\\\/uploads\\\/2021\\\/09\\\/Vitamina-C-Ester-naturmil.jpg\",\"datePublished\":\"2021-09-30T10:27:54+00:00\",\"dateModified\":\"2023-06-21T09:14:46+00:00\",\"description\":\"\u00datil para fortalecer el sistema inmunitario, estimular la formaci\u00f3n de col\u00e1geno, beneficiarse de la absorci\u00f3n de hierro de la dieta.\",\"breadcrumb\":{\"@id\":\"https:\\\/\\\/www.lifenatura.com\\\/es\\\/produto\\\/vitamina-c-ester-1000-mg-60-comprimidos-naturmil\\\/#breadcrumb\"},\"inLanguage\":\"es\",\"potentialAction\":[{\"@type\":\"ReadAction\",\"target\":[\"https:\\\/\\\/www.lifenatura.com\\\/es\\\/produto\\\/vitamina-c-ester-1000-mg-60-comprimidos-naturmil\\\/\"]}]},{\"@type\":\"ImageObject\",\"inLanguage\":\"es\",\"@id\":\"https:\\\/\\\/www.lifenatura.com\\\/es\\\/produto\\\/vitamina-c-ester-1000-mg-60-comprimidos-naturmil\\\/#primaryimage\",\"url\":\"https:\\\/\\\/www.lifenatura.com\\\/wp-content\\\/uploads\\\/2021\\\/09\\\/Vitamina-C-Ester-naturmil.jpg\",\"contentUrl\":\"https:\\\/\\\/www.lifenatura.com\\\/wp-content\\\/uploads\\\/2021\\\/09\\\/Vitamina-C-Ester-naturmil.jpg\",\"width\":1000,\"height\":1000,\"caption\":\"Vitamina C Ester 1000 mg 60 comprimidos - Naturmil\"},{\"@type\":\"BreadcrumbList\",\"@id\":\"https:\\\/\\\/www.lifenatura.com\\\/es\\\/produto\\\/vitamina-c-ester-1000-mg-60-comprimidos-naturmil\\\/#breadcrumb\",\"itemListElement\":[{\"@type\":\"ListItem\",\"position\":1,\"name\":\"In\u00edcio\",\"item\":\"https:\\\/\\\/www.lifenatura.com\\\/es\\\/\"},{\"@type\":\"ListItem\",\"position\":2,\"name\":\"Todos los Productos\",\"item\":\"https:\\\/\\\/www.lifenatura.com\\\/es\\\/tienda\\\/\"},{\"@type\":\"ListItem\",\"position\":3,\"name\":\"Vitamina C Ester 1000 mg 60 comprimidos &#8211; Naturmil\"}]},{\"@type\":\"WebSite\",\"@id\":\"https:\\\/\\\/www.lifenatura.com\\\/es\\\/#website\",\"url\":\"https:\\\/\\\/www.lifenatura.com\\\/es\\\/\",\"name\":\"Lifenatura\",\"description\":\"A Lifenatura \u00e9 uma loja de produtos naturais, cosm\u00e9tica natural e alimenta\u00e7\u00e3o Biol\u00f3gica.\",\"publisher\":{\"@id\":\"https:\\\/\\\/www.lifenatura.com\\\/es\\\/#organization\"},\"potentialAction\":[{\"@type\":\"SearchAction\",\"target\":{\"@type\":\"EntryPoint\",\"urlTemplate\":\"https:\\\/\\\/www.lifenatura.com\\\/es\\\/?s={search_term_string}\"},\"query-input\":{\"@type\":\"PropertyValueSpecification\",\"valueRequired\":true,\"valueName\":\"search_term_string\"}}],\"inLanguage\":\"es\"},{\"@type\":\"Organization\",\"@id\":\"https:\\\/\\\/www.lifenatura.com\\\/es\\\/#organization\",\"name\":\"Lifenatura\",\"url\":\"https:\\\/\\\/www.lifenatura.com\\\/es\\\/\",\"logo\":{\"@type\":\"ImageObject\",\"inLanguage\":\"es\",\"@id\":\"https:\\\/\\\/www.lifenatura.com\\\/es\\\/#\\\/schema\\\/logo\\\/image\\\/\",\"url\":\"https:\\\/\\\/www.lifenatura.com\\\/wp-content\\\/uploads\\\/2021\\\/07\\\/logo.png\",\"contentUrl\":\"https:\\\/\\\/www.lifenatura.com\\\/wp-content\\\/uploads\\\/2021\\\/07\\\/logo.png\",\"width\":175,\"height\":55,\"caption\":\"Lifenatura\"},\"image\":{\"@id\":\"https:\\\/\\\/www.lifenatura.com\\\/es\\\/#\\\/schema\\\/logo\\\/image\\\/\"},\"sameAs\":[\"https:\\\/\\\/www.facebook.com\\\/lifenatura\",\"https:\\\/\\\/www.instagram.com\\\/lifenaturapt\\\/\"],\"hasMerchantReturnPolicy\":{\"@type\":\"MerchantReturnPolicy\",\"merchantReturnLink\":\"https:\\\/\\\/www.lifenatura.com\\\/termos-condicoes-lifenatura\\\/\"}}]}<\/script>\n<meta property=\"product:price:amount\" content=\"18.48\" \/>\n<meta property=\"product:price:currency\" content=\"EUR\" \/>\n<meta property=\"og:availability\" content=\"instock\" \/>\n<meta property=\"product:availability\" content=\"instock\" \/>\n<meta property=\"product:retailer_item_id\" content=\"5605481408625\" \/>\n<meta property=\"product:condition\" content=\"new\" \/>\n<!-- \/ Yoast SEO Premium plugin. -->","yoast_head_json":{"title":"Vitamina C Ester 1000 mg 60 comprimidos - Naturmil - Na Lifenatura ao Melhor Pre\u00e7o | Envio em 48h","description":"\u00datil para fortalecer el sistema inmunitario, estimular la formaci\u00f3n de col\u00e1geno, beneficiarse de la absorci\u00f3n de hierro de la dieta.","robots":{"index":"index","follow":"follow","max-snippet":"max-snippet:-1","max-image-preview":"max-image-preview:large","max-video-preview":"max-video-preview:-1"},"canonical":"https:\/\/www.lifenatura.com\/es\/produto\/vitamina-c-ester-1000-mg-60-comprimidos-naturmil\/","og_locale":"es_ES","og_type":"article","og_title":"Vitamina C Ester 1000 mg 60 comprimidos - Naturmil - Na Lifenatura ao Melhor Pre\u00e7o | Envio 48h","og_description":"Compre Vitamina C Ester 1000 mg 60 comprimidos - Naturmil com envio r\u00e1pido. Entrega em 48h e portes gr\u00e1tis em compras >35\u20ac. Aproveite j\u00e1 na Lifenatura","og_url":"https:\/\/www.lifenatura.com\/es\/produto\/vitamina-c-ester-1000-mg-60-comprimidos-naturmil\/","og_site_name":"Lifenatura","article_publisher":"https:\/\/www.facebook.com\/lifenatura","article_modified_time":"2023-06-21T09:14:46+00:00","og_image":[{"width":1000,"height":1000,"url":"https:\/\/www.lifenatura.com\/wp-content\/uploads\/2021\/09\/Vitamina-C-Ester-naturmil.jpg","type":"image\/jpeg"}],"twitter_card":"summary_large_image","twitter_misc":{"Precio":"18,48&nbsp;&euro;","Disponibilidad":"Disponible"},"schema":{"@context":"https:\/\/schema.org","@graph":[{"@type":"WebPage","@id":"https:\/\/www.lifenatura.com\/es\/produto\/vitamina-c-ester-1000-mg-60-comprimidos-naturmil\/","url":"https:\/\/www.lifenatura.com\/es\/produto\/vitamina-c-ester-1000-mg-60-comprimidos-naturmil\/","name":"Vitamina C Ester 1000 mg 60 comprimidos - Naturmil - Na Lifenatura ao Melhor Pre\u00e7o | Envio em 48h","isPartOf":{"@id":"https:\/\/www.lifenatura.com\/es\/#website"},"primaryImageOfPage":{"@id":"https:\/\/www.lifenatura.com\/es\/produto\/vitamina-c-ester-1000-mg-60-comprimidos-naturmil\/#primaryimage"},"image":{"@id":"https:\/\/www.lifenatura.com\/es\/produto\/vitamina-c-ester-1000-mg-60-comprimidos-naturmil\/#primaryimage"},"thumbnailUrl":"https:\/\/www.lifenatura.com\/wp-content\/uploads\/2021\/09\/Vitamina-C-Ester-naturmil.jpg","datePublished":"2021-09-30T10:27:54+00:00","dateModified":"2023-06-21T09:14:46+00:00","description":"\u00datil para fortalecer el sistema inmunitario, estimular la formaci\u00f3n de col\u00e1geno, beneficiarse de la absorci\u00f3n de hierro de la dieta.","breadcrumb":{"@id":"https:\/\/www.lifenatura.com\/es\/produto\/vitamina-c-ester-1000-mg-60-comprimidos-naturmil\/#breadcrumb"},"inLanguage":"es","potentialAction":[{"@type":"ReadAction","target":["https:\/\/www.lifenatura.com\/es\/produto\/vitamina-c-ester-1000-mg-60-comprimidos-naturmil\/"]}]},{"@type":"ImageObject","inLanguage":"es","@id":"https:\/\/www.lifenatura.com\/es\/produto\/vitamina-c-ester-1000-mg-60-comprimidos-naturmil\/#primaryimage","url":"https:\/\/www.lifenatura.com\/wp-content\/uploads\/2021\/09\/Vitamina-C-Ester-naturmil.jpg","contentUrl":"https:\/\/www.lifenatura.com\/wp-content\/uploads\/2021\/09\/Vitamina-C-Ester-naturmil.jpg","width":1000,"height":1000,"caption":"Vitamina C Ester 1000 mg 60 comprimidos - Naturmil"},{"@type":"BreadcrumbList","@id":"https:\/\/www.lifenatura.com\/es\/produto\/vitamina-c-ester-1000-mg-60-comprimidos-naturmil\/#breadcrumb","itemListElement":[{"@type":"ListItem","position":1,"name":"In\u00edcio","item":"https:\/\/www.lifenatura.com\/es\/"},{"@type":"ListItem","position":2,"name":"Todos los Productos","item":"https:\/\/www.lifenatura.com\/es\/tienda\/"},{"@type":"ListItem","position":3,"name":"Vitamina C Ester 1000 mg 60 comprimidos &#8211; Naturmil"}]},{"@type":"WebSite","@id":"https:\/\/www.lifenatura.com\/es\/#website","url":"https:\/\/www.lifenatura.com\/es\/","name":"Lifenatura","description":"A Lifenatura \u00e9 uma loja de produtos naturais, cosm\u00e9tica natural e alimenta\u00e7\u00e3o Biol\u00f3gica.","publisher":{"@id":"https:\/\/www.lifenatura.com\/es\/#organization"},"potentialAction":[{"@type":"SearchAction","target":{"@type":"EntryPoint","urlTemplate":"https:\/\/www.lifenatura.com\/es\/?s={search_term_string}"},"query-input":{"@type":"PropertyValueSpecification","valueRequired":true,"valueName":"search_term_string"}}],"inLanguage":"es"},{"@type":"Organization","@id":"https:\/\/www.lifenatura.com\/es\/#organization","name":"Lifenatura","url":"https:\/\/www.lifenatura.com\/es\/","logo":{"@type":"ImageObject","inLanguage":"es","@id":"https:\/\/www.lifenatura.com\/es\/#\/schema\/logo\/image\/","url":"https:\/\/www.lifenatura.com\/wp-content\/uploads\/2021\/07\/logo.png","contentUrl":"https:\/\/www.lifenatura.com\/wp-content\/uploads\/2021\/07\/logo.png","width":175,"height":55,"caption":"Lifenatura"},"image":{"@id":"https:\/\/www.lifenatura.com\/es\/#\/schema\/logo\/image\/"},"sameAs":["https:\/\/www.facebook.com\/lifenatura","https:\/\/www.instagram.com\/lifenaturapt\/"],"hasMerchantReturnPolicy":{"@type":"MerchantReturnPolicy","merchantReturnLink":"https:\/\/www.lifenatura.com\/termos-condicoes-lifenatura\/"}}]},"product_price_amount":"18.48","product_price_currency":"EUR","og_availability":"instock","product_availability":"instock","product_retailer_item_id":"5605481408625","product_condition":"new"},"df_price":18.48,"df_sale_price":18.48,"df_regular_price":23.1,"df_image_link":"https:\/\/www.lifenatura.com\/wp-content\/uploads\/2021\/09\/Vitamina-C-Ester-naturmil-300x300.jpg","_links":{"self":[{"href":"https:\/\/www.lifenatura.com\/es\/wp-json\/wp\/v2\/product\/39695","targetHints":{"allow":["GET"]}}],"collection":[{"href":"https:\/\/www.lifenatura.com\/es\/wp-json\/wp\/v2\/product"}],"about":[{"href":"https:\/\/www.lifenatura.com\/es\/wp-json\/wp\/v2\/types\/product"}],"wp:featuredmedia":[{"embeddable":true,"href":"https:\/\/www.lifenatura.com\/es\/wp-json\/wp\/v2\/media\/68587"}],"wp:attachment":[{"href":"https:\/\/www.lifenatura.com\/es\/wp-json\/wp\/v2\/media?parent=39695"}],"wp:term":[{"taxonomy":"product_brand","embeddable":true,"href":"https:\/\/www.lifenatura.com\/es\/wp-json\/wp\/v2\/product_brand?post=39695"},{"taxonomy":"product_cat","embeddable":true,"href":"https:\/\/www.lifenatura.com\/es\/wp-json\/wp\/v2\/product_cat?post=39695"},{"taxonomy":"product_tag","embeddable":true,"href":"https:\/\/www.lifenatura.com\/es\/wp-json\/wp\/v2\/product_tag?post=39695"}],"curies":[{"name":"wp","href":"https:\/\/api.w.org\/{rel}","templated":true}]}}