{"id":39654,"date":"2021-09-30T10:27:15","date_gmt":"2021-09-30T10:27:15","guid":{"rendered":"https:\/\/lifenatura.dev.agenciagetdigital.com\/produto\/melatonina-plus-active-60-capsulas-naturmil\/"},"modified":"2023-06-13T16:01:54","modified_gmt":"2023-06-13T16:01:54","slug":"melatonina-plus-active-60-capsulas-naturmil","status":"publish","type":"product","link":"https:\/\/www.lifenatura.com\/es\/produto\/melatonina-plus-active-60-capsulas-naturmil\/","title":{"rendered":"Melatonina Plus Active 60 c\u00e1psulas &#8211; Naturmil"},"content":{"rendered":"<h2 style=\"text-align: left\"><strong>Melatonina Plus Activo indicado para el sistema nervioso<\/strong><\/h2>\n<p>&nbsp;<\/p>\n<p>La Melatonina es un potente eliminador de radicales libres, producido de forma natural en la gl\u00e1ndula pineal. Esta importante mol\u00e9cula interviene en diversos procesos reguladores del organismo, entre ellos las funciones de regulaci\u00f3n de los ciclos del sue\u00f1o y aspectos del sistema inmunitario.<\/p>\n<p>La <strong>Melatonina<\/strong> contribuye a la calidad del sue\u00f1o, reduciendo el tiempo que se tarda en conciliar el sue\u00f1o y tambi\u00e9n al Jet Leg, aliviando los s\u00edntomas subjetivos de la diferencia horaria.<\/p>\n<p>Es un producto que contiene Vitaminas del <strong>Complejo B<\/strong>, lo que contribuye a la funci\u00f3n psicol\u00f3gica normal y al funcionamiento normal del sistema nervioso.<\/p>\n<p><strong>PRESENTACI\u00d3N<\/strong><\/p>\n<p>60 + 30 Comprimidos.<\/p>\n<p>&nbsp;<\/p>\n","protected":false},"excerpt":{"rendered":"<p>La Melatonina reduce el tiempo que se tarda en conciliar el sue\u00f1o y tambi\u00e9n al Jet Leg, aliviando los s\u00edntomas subjetivos de la diferencia horaria. [&#8230;]<\/p>\n<p><a class=\"btn btn-secondary understrap-read-more-link\" href=\"https:\/\/www.lifenatura.com\/es\/produto\/melatonina-plus-active-60-capsulas-naturmil\/\">Leer m\u00e1s&#8230;<span class=\"screen-reader-text\"> from Melatonina Plus Active 60 c\u00e1psulas &#8211; Naturmil<\/span><\/a><\/p>\n","protected":false},"featured_media":67966,"template":"","meta":{"_acf_changed":false},"product_brand":[8435],"product_cat":[7214,7659,8060,8561,7263,7179],"product_tag":[],"class_list":{"0":"post-39654","1":"product","2":"type-product","3":"status-publish","4":"has-post-thumbnail","6":"product_brand-naturmil","7":"product_cat-para-dormir","8":"product_cat-ingrediente-natural-bio","9":"product_cat-melatonina-es","10":"product_cat-naturmil-lleve-4-pago-3","11":"product_cat-packs-de-salud","12":"product_cat-salud","14":"first","15":"instock","16":"sale","17":"shipping-taxable","18":"purchasable","19":"product-type-simple","20":"add-to-wishlist-before_image"},"acf":[],"yoast_head":"<!-- This site is optimized with the Yoast SEO Premium plugin v27.1 (Yoast SEO v27.3) - https:\/\/yoast.com\/product\/yoast-seo-premium-wordpress\/ -->\n<title>Naturmil Melatonina Plus Active 60 c\u00e1psulas - Lifenatura<\/title>\n<meta name=\"description\" content=\"La Melatonina reduce el tiempo que se tarda en conciliar el sue\u00f1o y tambi\u00e9n al Jet Leg, aliviando los s\u00edntomas subjetivos de la diferencia horaria.\" \/>\n<meta name=\"robots\" content=\"index, follow, max-snippet:-1, max-image-preview:large, max-video-preview:-1\" \/>\n<link rel=\"canonical\" href=\"https:\/\/www.lifenatura.com\/es\/produto\/melatonina-plus-active-60-capsulas-naturmil\/\" \/>\n<meta property=\"og:locale\" content=\"es_ES\" \/>\n<meta property=\"og:type\" content=\"article\" \/>\n<meta property=\"og:title\" content=\"Melatonina Plus Active 60 c\u00e1psulas - Naturmil - Lifenatura\" \/>\n<meta property=\"og:description\" content=\"Compre aqui o seu Melatonina Plus Active 60 c\u00e1psulas - Naturmil e a Lifenatura Online envia em 48 H com Portes Gratis &gt;35\u20ac de Pedido.\" \/>\n<meta property=\"og:url\" content=\"https:\/\/www.lifenatura.com\/es\/produto\/melatonina-plus-active-60-capsulas-naturmil\/\" \/>\n<meta property=\"og:site_name\" content=\"Lifenatura\" \/>\n<meta property=\"article:publisher\" content=\"https:\/\/www.facebook.com\/lifenatura\" \/>\n<meta property=\"article:modified_time\" content=\"2023-06-13T16:01:54+00:00\" \/>\n<meta property=\"og:image\" content=\"https:\/\/www.lifenatura.com\/wp-content\/uploads\/2021\/09\/melatonina-90comp-naturmil.jpg\" \/>\n\t<meta property=\"og:image:width\" content=\"1000\" \/>\n\t<meta property=\"og:image:height\" content=\"1000\" \/>\n\t<meta property=\"og:image:type\" content=\"image\/jpeg\" \/>\n<meta name=\"twitter:card\" content=\"summary_large_image\" \/>\n<meta name=\"twitter:label1\" content=\"Precio\" \/>\n\t<meta name=\"twitter:data1\" content=\"14,65&nbsp;&euro;\" \/>\n\t<meta name=\"twitter:label2\" content=\"Disponibilidad\" \/>\n\t<meta name=\"twitter:data2\" content=\"Disponible\" \/>\n<meta property=\"product:price:amount\" content=\"14.65\" \/>\n<meta property=\"product:price:currency\" content=\"EUR\" \/>\n<meta property=\"og:availability\" content=\"instock\" \/>\n<meta property=\"product:availability\" content=\"instock\" \/>\n<meta property=\"product:retailer_item_id\" content=\"5605481108372\" \/>\n<meta property=\"product:condition\" content=\"new\" \/>\n<!-- \/ Yoast SEO Premium plugin. -->","yoast_head_json":{"title":"Naturmil Melatonina Plus Active 60 c\u00e1psulas - Lifenatura","description":"La Melatonina reduce el tiempo que se tarda en conciliar el sue\u00f1o y tambi\u00e9n al Jet Leg, aliviando los s\u00edntomas subjetivos de la diferencia horaria.","robots":{"index":"index","follow":"follow","max-snippet":"max-snippet:-1","max-image-preview":"max-image-preview:large","max-video-preview":"max-video-preview:-1"},"canonical":"https:\/\/www.lifenatura.com\/es\/produto\/melatonina-plus-active-60-capsulas-naturmil\/","og_locale":"es_ES","og_type":"article","og_title":"Melatonina Plus Active 60 c\u00e1psulas - Naturmil - Lifenatura","og_description":"Compre aqui o seu Melatonina Plus Active 60 c\u00e1psulas - Naturmil e a Lifenatura Online envia em 48 H com Portes Gratis >35\u20ac de Pedido.","og_url":"https:\/\/www.lifenatura.com\/es\/produto\/melatonina-plus-active-60-capsulas-naturmil\/","og_site_name":"Lifenatura","article_publisher":"https:\/\/www.facebook.com\/lifenatura","article_modified_time":"2023-06-13T16:01:54+00:00","og_image":[{"width":1000,"height":1000,"url":"https:\/\/www.lifenatura.com\/wp-content\/uploads\/2021\/09\/melatonina-90comp-naturmil.jpg","type":"image\/jpeg"}],"twitter_card":"summary_large_image","twitter_misc":{"Precio":"14,65&nbsp;&euro;","Disponibilidad":"Disponible"},"schema":{"@context":"https:\/\/schema.org","@graph":[{"@type":"WebPage","@id":"https:\/\/www.lifenatura.com\/es\/produto\/melatonina-plus-active-60-capsulas-naturmil\/","url":"https:\/\/www.lifenatura.com\/es\/produto\/melatonina-plus-active-60-capsulas-naturmil\/","name":"Naturmil Melatonina Plus Active 60 c\u00e1psulas - Lifenatura","isPartOf":{"@id":"https:\/\/www.lifenatura.com\/es\/#website"},"primaryImageOfPage":{"@id":"https:\/\/www.lifenatura.com\/es\/produto\/melatonina-plus-active-60-capsulas-naturmil\/#primaryimage"},"image":{"@id":"https:\/\/www.lifenatura.com\/es\/produto\/melatonina-plus-active-60-capsulas-naturmil\/#primaryimage"},"thumbnailUrl":"https:\/\/www.lifenatura.com\/wp-content\/uploads\/2021\/09\/melatonina-90comp-naturmil.jpg","datePublished":"2021-09-30T10:27:15+00:00","dateModified":"2023-06-13T16:01:54+00:00","description":"La Melatonina reduce el tiempo que se tarda en conciliar el sue\u00f1o y tambi\u00e9n al Jet Leg, aliviando los s\u00edntomas subjetivos de la diferencia horaria.","breadcrumb":{"@id":"https:\/\/www.lifenatura.com\/es\/produto\/melatonina-plus-active-60-capsulas-naturmil\/#breadcrumb"},"inLanguage":"es","potentialAction":[{"@type":"ReadAction","target":["https:\/\/www.lifenatura.com\/es\/produto\/melatonina-plus-active-60-capsulas-naturmil\/"]}]},{"@type":"ImageObject","inLanguage":"es","@id":"https:\/\/www.lifenatura.com\/es\/produto\/melatonina-plus-active-60-capsulas-naturmil\/#primaryimage","url":"https:\/\/www.lifenatura.com\/wp-content\/uploads\/2021\/09\/melatonina-90comp-naturmil.jpg","contentUrl":"https:\/\/www.lifenatura.com\/wp-content\/uploads\/2021\/09\/melatonina-90comp-naturmil.jpg","width":1000,"height":1000,"caption":"Melatonina Plus Activa 60 c\u00e1psulas - Naturmil"},{"@type":"BreadcrumbList","@id":"https:\/\/www.lifenatura.com\/es\/produto\/melatonina-plus-active-60-capsulas-naturmil\/#breadcrumb","itemListElement":[{"@type":"ListItem","position":1,"name":"In\u00edcio","item":"https:\/\/www.lifenatura.com\/es\/"},{"@type":"ListItem","position":2,"name":"Todos los Productos","item":"https:\/\/www.lifenatura.com\/es\/tienda\/"},{"@type":"ListItem","position":3,"name":"Melatonina Plus Active 60 c\u00e1psulas &#8211; Naturmil"}]},{"@type":"WebSite","@id":"https:\/\/www.lifenatura.com\/es\/#website","url":"https:\/\/www.lifenatura.com\/es\/","name":"Lifenatura","description":"A Lifenatura \u00e9 uma loja de produtos naturais, cosm\u00e9tica natural e alimenta\u00e7\u00e3o Biol\u00f3gica.","publisher":{"@id":"https:\/\/www.lifenatura.com\/es\/#organization"},"potentialAction":[{"@type":"SearchAction","target":{"@type":"EntryPoint","urlTemplate":"https:\/\/www.lifenatura.com\/es\/?s={search_term_string}"},"query-input":{"@type":"PropertyValueSpecification","valueRequired":true,"valueName":"search_term_string"}}],"inLanguage":"es"},{"@type":"Organization","@id":"https:\/\/www.lifenatura.com\/es\/#organization","name":"Lifenatura","url":"https:\/\/www.lifenatura.com\/es\/","logo":{"@type":"ImageObject","inLanguage":"es","@id":"https:\/\/www.lifenatura.com\/es\/#\/schema\/logo\/image\/","url":"https:\/\/www.lifenatura.com\/wp-content\/uploads\/2021\/11\/logo.png","contentUrl":"https:\/\/www.lifenatura.com\/wp-content\/uploads\/2021\/11\/logo.png","width":175,"height":55,"caption":"Lifenatura"},"image":{"@id":"https:\/\/www.lifenatura.com\/es\/#\/schema\/logo\/image\/"},"sameAs":["https:\/\/www.facebook.com\/lifenatura","https:\/\/www.instagram.com\/lifenaturapt\/"]}]},"product_price_amount":"14.65","product_price_currency":"EUR","og_availability":"instock","product_availability":"instock","product_retailer_item_id":"5605481108372","product_condition":"new"},"df_price":14.65,"df_sale_price":14.65,"df_regular_price":18.31,"df_image_link":"https:\/\/www.lifenatura.com\/wp-content\/uploads\/2021\/09\/melatonina-90comp-naturmil-300x300.jpg","_links":{"self":[{"href":"https:\/\/www.lifenatura.com\/es\/wp-json\/wp\/v2\/product\/39654","targetHints":{"allow":["GET"]}}],"collection":[{"href":"https:\/\/www.lifenatura.com\/es\/wp-json\/wp\/v2\/product"}],"about":[{"href":"https:\/\/www.lifenatura.com\/es\/wp-json\/wp\/v2\/types\/product"}],"wp:featuredmedia":[{"embeddable":true,"href":"https:\/\/www.lifenatura.com\/es\/wp-json\/wp\/v2\/media\/67966"}],"wp:attachment":[{"href":"https:\/\/www.lifenatura.com\/es\/wp-json\/wp\/v2\/media?parent=39654"}],"wp:term":[{"taxonomy":"product_brand","embeddable":true,"href":"https:\/\/www.lifenatura.com\/es\/wp-json\/wp\/v2\/product_brand?post=39654"},{"taxonomy":"product_cat","embeddable":true,"href":"https:\/\/www.lifenatura.com\/es\/wp-json\/wp\/v2\/product_cat?post=39654"},{"taxonomy":"product_tag","embeddable":true,"href":"https:\/\/www.lifenatura.com\/es\/wp-json\/wp\/v2\/product_tag?post=39654"}],"curies":[{"name":"wp","href":"https:\/\/api.w.org\/{rel}","templated":true}]}}