{"id":39651,"date":"2021-09-30T10:27:15","date_gmt":"2021-09-30T10:27:15","guid":{"rendered":"https:\/\/lifenatura.dev.agenciagetdigital.com\/produto\/magnesio-500-mg-90-comprimidos-naturmil\/"},"modified":"2025-04-14T12:48:25","modified_gmt":"2025-04-14T12:48:25","slug":"magnesio-500-mg-90-comprimidos-naturmil","status":"publish","type":"product","link":"https:\/\/www.lifenatura.com\/es\/produto\/magnesio-500-mg-90-comprimidos-naturmil\/","title":{"rendered":"Magn\u00e9sio 500 mg 90 comprimidos &#8211; Naturmil"},"content":{"rendered":"<h2 style=\"text-align: left;\"><strong>El Magnesio est\u00e1 indicado para el Sistema Muscular<\/strong><\/h2>\n<p>&nbsp;<\/p>\n<p>Naturmil Magnesio es un complemento alimenticio que favorece el metabolismo nervioso, muscular e inmunitario, siendo especialmente \u00fatil en casos de fatiga. El magnesio es \u00fatil en la formaci\u00f3n de huesos y dientes sanos, as\u00ed como en el buen funcionamiento de los sistemas nervioso, muscular e inmunitario.<\/p>\n<p>La administraci\u00f3n de suplementos de magnesio es muy beneficiosa cuando los m\u00fasculos est\u00e1n tensos, especialmente cuando se produce fatiga (sobre todo en presencia de calambres). Tambi\u00e9n interviene en el metabolismo de diversos nutrientes y es esencial para el crecimiento celular.<\/p>\n<p>Magnesio 500mg de Naturmil es un complemento alimenticio esencial para el buen funcionamiento del organismo, especialmente en los m\u00fasculos, el sistema nervioso y el metabolismo energ\u00e9tico. El magnesio es un mineral vital que participa en m\u00e1s de 300 reacciones bioqu\u00edmicas en el organismo y es indispensable para mantener el equilibrio f\u00edsico y mental en el d\u00eda a d\u00eda.<\/p>\n<p>Este complemento de Naturmil aporta una dosis concentrada de 500mg de magnesio por comprimido, ayudando a reducir el cansancio y la fatiga, a la funci\u00f3n muscular y neurol\u00f3gica normal y al mantenimiento de huesos y dientes sanos.<\/p>\n<p>Ideal para personas que llevan un estilo de vida activo, que est\u00e1n estresadas, que practican deporte regularmente o que sufren carencias nutricionales, Magnesio 500mg tambi\u00e9n ayuda a prevenir los calambres, la tensi\u00f3n muscular y la irritabilidad nerviosa.<\/p>\n<p>Su f\u00f3rmula sin az\u00facares a\u00f1adidos, lactosa ni gluten lo hace apto para la mayor\u00eda de las dietas, garantizando una absorci\u00f3n eficaz y segura.<\/p>\n<p><strong>Principales beneficios:<\/strong><\/p>\n<ul>\n<li>Reduce el cansancio y la fatiga;<\/li>\n<li>Contribuye al funcionamiento normal de m\u00fasculos y nervios;<\/li>\n<li>Ayuda a mantener huesos y dientes sanos;<\/li>\n<li>Favorece el metabolismo energ\u00e9tico;<\/li>\n<li>Puede ayudar a prevenir calambres y tensiones musculares.<\/li>\n<\/ul>\n<p><strong>Indicaciones:<\/strong><\/p>\n<ul>\n<li>Tengan fatiga frecuente o debilidad muscular;<\/li>\n<li>Practican ejercicio f\u00edsico regular;<\/li>\n<li>Experimentan estr\u00e9s o tensi\u00f3n emocional;<\/li>\n<li>Tienen deficiencia de magnesio en la dieta.<\/li>\n<\/ul>\n<p>Magnesio 500mg Naturmil es la elecci\u00f3n adecuada para quien busca m\u00e1s energ\u00eda, mejor rendimiento muscular y mayor equilibrio f\u00edsico y mental de forma natural.<\/p>\n<p><strong>PRESENTACI\u00d3N<\/strong><\/p>\n<p>90 comprimidos.<\/p>\n<p>&nbsp;<\/p>\n","protected":false},"excerpt":{"rendered":"<p>El magnesio de la Naturmil es un suplemento alimenticio que favorece el metabolismo nervioso, muscular e inmunitario, siendo \u00fatil en casos de fatiga. [&#8230;]<\/p>\n<p><a class=\"btn btn-secondary understrap-read-more-link\" href=\"https:\/\/www.lifenatura.com\/es\/produto\/magnesio-500-mg-90-comprimidos-naturmil\/\">Leer m\u00e1s&#8230;<span class=\"screen-reader-text\"> from Magn\u00e9sio 500 mg 90 comprimidos &#8211; Naturmil<\/span><\/a><\/p>\n","protected":false},"featured_media":67275,"template":"","meta":{"_acf_changed":false},"product_brand":[8435],"product_cat":[7659,7740,7206,8561,7263,7179],"product_tag":[],"class_list":{"0":"post-39651","1":"product","2":"type-product","3":"status-publish","4":"has-post-thumbnail","6":"product_brand-naturmil","7":"product_cat-ingrediente-natural-bio","8":"product_cat-magnesio-es","9":"product_cat-musculos-salud","10":"product_cat-naturmil-lleve-4-pago-3","11":"product_cat-packs-de-salud","12":"product_cat-salud","14":"first","15":"instock","16":"sale","17":"shipping-taxable","18":"purchasable","19":"product-type-simple","20":"add-to-wishlist-before_image"},"acf":[],"yoast_head":"<!-- This site is optimized with the Yoast SEO Premium plugin v27.1 (Yoast SEO v27.6) - https:\/\/yoast.com\/product\/yoast-seo-premium-wordpress\/ -->\n<title>Naturmil Magn\u00e9sio 500 mg 90 comprimidos - Lifenatura<\/title>\n<meta name=\"description\" content=\"El magnesio de la Naturmil es un suplemento alimenticio que favorece el metabolismo nervioso, muscular e inmunitario, siendo \u00fatil en casos de fatiga.\" \/>\n<meta name=\"robots\" content=\"index, follow, max-snippet:-1, max-image-preview:large, max-video-preview:-1\" \/>\n<link rel=\"canonical\" href=\"https:\/\/www.lifenatura.com\/es\/produto\/magnesio-500-mg-90-comprimidos-naturmil\/\" \/>\n<meta property=\"og:locale\" content=\"es_ES\" \/>\n<meta property=\"og:type\" content=\"article\" \/>\n<meta property=\"og:title\" content=\"Magn\u00e9sio 500 mg 90 comprimidos - Naturmil - Na Lifenatura ao Melhor Pre\u00e7o | Envio 48h\" \/>\n<meta property=\"og:description\" content=\"Compre Magn\u00e9sio 500 mg 90 comprimidos - Naturmil com envio r\u00e1pido. Entrega em 48h e portes gr\u00e1tis em compras &gt;35\u20ac. Aproveite j\u00e1 na Lifenatura\" \/>\n<meta property=\"og:url\" content=\"https:\/\/www.lifenatura.com\/es\/produto\/magnesio-500-mg-90-comprimidos-naturmil\/\" \/>\n<meta property=\"og:site_name\" content=\"Lifenatura\" \/>\n<meta property=\"article:publisher\" content=\"https:\/\/www.facebook.com\/lifenatura\" \/>\n<meta property=\"article:modified_time\" content=\"2025-04-14T12:48:25+00:00\" \/>\n<meta property=\"og:image\" content=\"https:\/\/www.lifenatura.com\/wp-content\/uploads\/2021\/09\/Magnesio-500mg-naturmil.jpg\" \/>\n\t<meta property=\"og:image:width\" content=\"1000\" \/>\n\t<meta property=\"og:image:height\" content=\"1000\" \/>\n\t<meta property=\"og:image:type\" content=\"image\/jpeg\" \/>\n<meta name=\"twitter:card\" content=\"summary_large_image\" \/>\n<meta name=\"twitter:label1\" content=\"Precio\" \/>\n\t<meta name=\"twitter:data1\" content=\"7,06&nbsp;&euro;\" \/>\n\t<meta name=\"twitter:label2\" content=\"Disponibilidad\" \/>\n\t<meta name=\"twitter:data2\" content=\"Disponible\" \/>\n<script type=\"application\/ld+json\" class=\"yoast-schema-graph\">{\"@context\":\"https:\\\/\\\/schema.org\",\"@graph\":[{\"@type\":\"WebPage\",\"@id\":\"https:\\\/\\\/www.lifenatura.com\\\/es\\\/produto\\\/magnesio-500-mg-90-comprimidos-naturmil\\\/\",\"url\":\"https:\\\/\\\/www.lifenatura.com\\\/es\\\/produto\\\/magnesio-500-mg-90-comprimidos-naturmil\\\/\",\"name\":\"Naturmil Magn\u00e9sio 500 mg 90 comprimidos - Lifenatura\",\"isPartOf\":{\"@id\":\"https:\\\/\\\/www.lifenatura.com\\\/es\\\/#website\"},\"primaryImageOfPage\":{\"@id\":\"https:\\\/\\\/www.lifenatura.com\\\/es\\\/produto\\\/magnesio-500-mg-90-comprimidos-naturmil\\\/#primaryimage\"},\"image\":{\"@id\":\"https:\\\/\\\/www.lifenatura.com\\\/es\\\/produto\\\/magnesio-500-mg-90-comprimidos-naturmil\\\/#primaryimage\"},\"thumbnailUrl\":\"https:\\\/\\\/www.lifenatura.com\\\/wp-content\\\/uploads\\\/2021\\\/09\\\/Magnesio-500mg-naturmil.jpg\",\"datePublished\":\"2021-09-30T10:27:15+00:00\",\"dateModified\":\"2025-04-14T12:48:25+00:00\",\"description\":\"El magnesio de la Naturmil es un suplemento alimenticio que favorece el metabolismo nervioso, muscular e inmunitario, siendo \u00fatil en casos de fatiga.\",\"breadcrumb\":{\"@id\":\"https:\\\/\\\/www.lifenatura.com\\\/es\\\/produto\\\/magnesio-500-mg-90-comprimidos-naturmil\\\/#breadcrumb\"},\"inLanguage\":\"es\",\"potentialAction\":[{\"@type\":\"ReadAction\",\"target\":[\"https:\\\/\\\/www.lifenatura.com\\\/es\\\/produto\\\/magnesio-500-mg-90-comprimidos-naturmil\\\/\"]}]},{\"@type\":\"ImageObject\",\"inLanguage\":\"es\",\"@id\":\"https:\\\/\\\/www.lifenatura.com\\\/es\\\/produto\\\/magnesio-500-mg-90-comprimidos-naturmil\\\/#primaryimage\",\"url\":\"https:\\\/\\\/www.lifenatura.com\\\/wp-content\\\/uploads\\\/2021\\\/09\\\/Magnesio-500mg-naturmil.jpg\",\"contentUrl\":\"https:\\\/\\\/www.lifenatura.com\\\/wp-content\\\/uploads\\\/2021\\\/09\\\/Magnesio-500mg-naturmil.jpg\",\"width\":1000,\"height\":1000,\"caption\":\"Magnesio 500 mg 90 comprimidos - Naturmil\"},{\"@type\":\"BreadcrumbList\",\"@id\":\"https:\\\/\\\/www.lifenatura.com\\\/es\\\/produto\\\/magnesio-500-mg-90-comprimidos-naturmil\\\/#breadcrumb\",\"itemListElement\":[{\"@type\":\"ListItem\",\"position\":1,\"name\":\"In\u00edcio\",\"item\":\"https:\\\/\\\/www.lifenatura.com\\\/es\\\/\"},{\"@type\":\"ListItem\",\"position\":2,\"name\":\"Todos los Productos\",\"item\":\"https:\\\/\\\/www.lifenatura.com\\\/es\\\/tienda\\\/\"},{\"@type\":\"ListItem\",\"position\":3,\"name\":\"Magn\u00e9sio 500 mg 90 comprimidos &#8211; Naturmil\"}]},{\"@type\":\"WebSite\",\"@id\":\"https:\\\/\\\/www.lifenatura.com\\\/es\\\/#website\",\"url\":\"https:\\\/\\\/www.lifenatura.com\\\/es\\\/\",\"name\":\"Lifenatura\",\"description\":\"A Lifenatura \u00e9 uma loja de produtos naturais, cosm\u00e9tica natural e alimenta\u00e7\u00e3o Biol\u00f3gica.\",\"publisher\":{\"@id\":\"https:\\\/\\\/www.lifenatura.com\\\/es\\\/#organization\"},\"potentialAction\":[{\"@type\":\"SearchAction\",\"target\":{\"@type\":\"EntryPoint\",\"urlTemplate\":\"https:\\\/\\\/www.lifenatura.com\\\/es\\\/?s={search_term_string}\"},\"query-input\":{\"@type\":\"PropertyValueSpecification\",\"valueRequired\":true,\"valueName\":\"search_term_string\"}}],\"inLanguage\":\"es\"},{\"@type\":\"Organization\",\"@id\":\"https:\\\/\\\/www.lifenatura.com\\\/es\\\/#organization\",\"name\":\"Lifenatura\",\"url\":\"https:\\\/\\\/www.lifenatura.com\\\/es\\\/\",\"logo\":{\"@type\":\"ImageObject\",\"inLanguage\":\"es\",\"@id\":\"https:\\\/\\\/www.lifenatura.com\\\/es\\\/#\\\/schema\\\/logo\\\/image\\\/\",\"url\":\"https:\\\/\\\/www.lifenatura.com\\\/wp-content\\\/uploads\\\/2021\\\/07\\\/logo.png\",\"contentUrl\":\"https:\\\/\\\/www.lifenatura.com\\\/wp-content\\\/uploads\\\/2021\\\/07\\\/logo.png\",\"width\":175,\"height\":55,\"caption\":\"Lifenatura\"},\"image\":{\"@id\":\"https:\\\/\\\/www.lifenatura.com\\\/es\\\/#\\\/schema\\\/logo\\\/image\\\/\"},\"sameAs\":[\"https:\\\/\\\/www.facebook.com\\\/lifenatura\",\"https:\\\/\\\/www.instagram.com\\\/lifenaturapt\\\/\"],\"hasMerchantReturnPolicy\":{\"@type\":\"MerchantReturnPolicy\",\"merchantReturnLink\":\"https:\\\/\\\/www.lifenatura.com\\\/termos-condicoes-lifenatura\\\/\"}}]}<\/script>\n<meta property=\"product:price:amount\" content=\"7.06\" \/>\n<meta property=\"product:price:currency\" content=\"EUR\" \/>\n<meta property=\"og:availability\" content=\"instock\" \/>\n<meta property=\"product:availability\" content=\"instock\" \/>\n<meta property=\"product:retailer_item_id\" content=\"5605481408168\" \/>\n<meta property=\"product:condition\" content=\"new\" \/>\n<!-- \/ Yoast SEO Premium plugin. -->","yoast_head_json":{"title":"Naturmil Magn\u00e9sio 500 mg 90 comprimidos - Lifenatura","description":"El magnesio de la Naturmil es un suplemento alimenticio que favorece el metabolismo nervioso, muscular e inmunitario, siendo \u00fatil en casos de fatiga.","robots":{"index":"index","follow":"follow","max-snippet":"max-snippet:-1","max-image-preview":"max-image-preview:large","max-video-preview":"max-video-preview:-1"},"canonical":"https:\/\/www.lifenatura.com\/es\/produto\/magnesio-500-mg-90-comprimidos-naturmil\/","og_locale":"es_ES","og_type":"article","og_title":"Magn\u00e9sio 500 mg 90 comprimidos - Naturmil - Na Lifenatura ao Melhor Pre\u00e7o | Envio 48h","og_description":"Compre Magn\u00e9sio 500 mg 90 comprimidos - Naturmil com envio r\u00e1pido. Entrega em 48h e portes gr\u00e1tis em compras >35\u20ac. Aproveite j\u00e1 na Lifenatura","og_url":"https:\/\/www.lifenatura.com\/es\/produto\/magnesio-500-mg-90-comprimidos-naturmil\/","og_site_name":"Lifenatura","article_publisher":"https:\/\/www.facebook.com\/lifenatura","article_modified_time":"2025-04-14T12:48:25+00:00","og_image":[{"width":1000,"height":1000,"url":"https:\/\/www.lifenatura.com\/wp-content\/uploads\/2021\/09\/Magnesio-500mg-naturmil.jpg","type":"image\/jpeg"}],"twitter_card":"summary_large_image","twitter_misc":{"Precio":"7,06&nbsp;&euro;","Disponibilidad":"Disponible"},"schema":{"@context":"https:\/\/schema.org","@graph":[{"@type":"WebPage","@id":"https:\/\/www.lifenatura.com\/es\/produto\/magnesio-500-mg-90-comprimidos-naturmil\/","url":"https:\/\/www.lifenatura.com\/es\/produto\/magnesio-500-mg-90-comprimidos-naturmil\/","name":"Naturmil Magn\u00e9sio 500 mg 90 comprimidos - Lifenatura","isPartOf":{"@id":"https:\/\/www.lifenatura.com\/es\/#website"},"primaryImageOfPage":{"@id":"https:\/\/www.lifenatura.com\/es\/produto\/magnesio-500-mg-90-comprimidos-naturmil\/#primaryimage"},"image":{"@id":"https:\/\/www.lifenatura.com\/es\/produto\/magnesio-500-mg-90-comprimidos-naturmil\/#primaryimage"},"thumbnailUrl":"https:\/\/www.lifenatura.com\/wp-content\/uploads\/2021\/09\/Magnesio-500mg-naturmil.jpg","datePublished":"2021-09-30T10:27:15+00:00","dateModified":"2025-04-14T12:48:25+00:00","description":"El magnesio de la Naturmil es un suplemento alimenticio que favorece el metabolismo nervioso, muscular e inmunitario, siendo \u00fatil en casos de fatiga.","breadcrumb":{"@id":"https:\/\/www.lifenatura.com\/es\/produto\/magnesio-500-mg-90-comprimidos-naturmil\/#breadcrumb"},"inLanguage":"es","potentialAction":[{"@type":"ReadAction","target":["https:\/\/www.lifenatura.com\/es\/produto\/magnesio-500-mg-90-comprimidos-naturmil\/"]}]},{"@type":"ImageObject","inLanguage":"es","@id":"https:\/\/www.lifenatura.com\/es\/produto\/magnesio-500-mg-90-comprimidos-naturmil\/#primaryimage","url":"https:\/\/www.lifenatura.com\/wp-content\/uploads\/2021\/09\/Magnesio-500mg-naturmil.jpg","contentUrl":"https:\/\/www.lifenatura.com\/wp-content\/uploads\/2021\/09\/Magnesio-500mg-naturmil.jpg","width":1000,"height":1000,"caption":"Magnesio 500 mg 90 comprimidos - Naturmil"},{"@type":"BreadcrumbList","@id":"https:\/\/www.lifenatura.com\/es\/produto\/magnesio-500-mg-90-comprimidos-naturmil\/#breadcrumb","itemListElement":[{"@type":"ListItem","position":1,"name":"In\u00edcio","item":"https:\/\/www.lifenatura.com\/es\/"},{"@type":"ListItem","position":2,"name":"Todos los Productos","item":"https:\/\/www.lifenatura.com\/es\/tienda\/"},{"@type":"ListItem","position":3,"name":"Magn\u00e9sio 500 mg 90 comprimidos &#8211; Naturmil"}]},{"@type":"WebSite","@id":"https:\/\/www.lifenatura.com\/es\/#website","url":"https:\/\/www.lifenatura.com\/es\/","name":"Lifenatura","description":"A Lifenatura \u00e9 uma loja de produtos naturais, cosm\u00e9tica natural e alimenta\u00e7\u00e3o Biol\u00f3gica.","publisher":{"@id":"https:\/\/www.lifenatura.com\/es\/#organization"},"potentialAction":[{"@type":"SearchAction","target":{"@type":"EntryPoint","urlTemplate":"https:\/\/www.lifenatura.com\/es\/?s={search_term_string}"},"query-input":{"@type":"PropertyValueSpecification","valueRequired":true,"valueName":"search_term_string"}}],"inLanguage":"es"},{"@type":"Organization","@id":"https:\/\/www.lifenatura.com\/es\/#organization","name":"Lifenatura","url":"https:\/\/www.lifenatura.com\/es\/","logo":{"@type":"ImageObject","inLanguage":"es","@id":"https:\/\/www.lifenatura.com\/es\/#\/schema\/logo\/image\/","url":"https:\/\/www.lifenatura.com\/wp-content\/uploads\/2021\/07\/logo.png","contentUrl":"https:\/\/www.lifenatura.com\/wp-content\/uploads\/2021\/07\/logo.png","width":175,"height":55,"caption":"Lifenatura"},"image":{"@id":"https:\/\/www.lifenatura.com\/es\/#\/schema\/logo\/image\/"},"sameAs":["https:\/\/www.facebook.com\/lifenatura","https:\/\/www.instagram.com\/lifenaturapt\/"],"hasMerchantReturnPolicy":{"@type":"MerchantReturnPolicy","merchantReturnLink":"https:\/\/www.lifenatura.com\/termos-condicoes-lifenatura\/"}}]},"product_price_amount":"7.06","product_price_currency":"EUR","og_availability":"instock","product_availability":"instock","product_retailer_item_id":"5605481408168","product_condition":"new"},"df_price":7.06,"df_sale_price":7.06,"df_regular_price":8.82,"df_image_link":"https:\/\/www.lifenatura.com\/wp-content\/uploads\/2021\/09\/Magnesio-500mg-naturmil-300x300.jpg","_links":{"self":[{"href":"https:\/\/www.lifenatura.com\/es\/wp-json\/wp\/v2\/product\/39651","targetHints":{"allow":["GET"]}}],"collection":[{"href":"https:\/\/www.lifenatura.com\/es\/wp-json\/wp\/v2\/product"}],"about":[{"href":"https:\/\/www.lifenatura.com\/es\/wp-json\/wp\/v2\/types\/product"}],"wp:featuredmedia":[{"embeddable":true,"href":"https:\/\/www.lifenatura.com\/es\/wp-json\/wp\/v2\/media\/67275"}],"wp:attachment":[{"href":"https:\/\/www.lifenatura.com\/es\/wp-json\/wp\/v2\/media?parent=39651"}],"wp:term":[{"taxonomy":"product_brand","embeddable":true,"href":"https:\/\/www.lifenatura.com\/es\/wp-json\/wp\/v2\/product_brand?post=39651"},{"taxonomy":"product_cat","embeddable":true,"href":"https:\/\/www.lifenatura.com\/es\/wp-json\/wp\/v2\/product_cat?post=39651"},{"taxonomy":"product_tag","embeddable":true,"href":"https:\/\/www.lifenatura.com\/es\/wp-json\/wp\/v2\/product_tag?post=39651"}],"curies":[{"name":"wp","href":"https:\/\/api.w.org\/{rel}","templated":true}]}}