{"id":39647,"date":"2021-09-30T10:27:15","date_gmt":"2021-09-30T10:27:15","guid":{"rendered":"https:\/\/lifenatura.dev.agenciagetdigital.com\/produto\/levadura-de-cerveza-400-mg-360-120-comprimidos-naturmil\/"},"modified":"2023-06-01T09:24:15","modified_gmt":"2023-06-01T09:24:15","slug":"levadura-de-cerveza-400-mg-360-120-comprimidos-naturmil","status":"publish","type":"product","link":"https:\/\/www.lifenatura.com\/es\/produto\/levadura-de-cerveza-400-mg-360-120-comprimidos-naturmil\/","title":{"rendered":"Levadura de Cerveza 400 mg &#8211; 360 + 120 comprimidos &#8211; Naturmil"},"content":{"rendered":"<h2 style=\"text-align: left\"><strong>Estimula las defensas naturales del organismo<\/strong><\/h2>\n<p>&nbsp;<\/p>\n<p>La levadura de cerveza de la naturmil es un suplemento alimenticio que resulta de su riqueza en vitaminas del complejo B, prote\u00ednas (contiene todos los amino\u00e1cidos esenciales) y minerales (sobre todo f\u00f3sforo, hierro, potasio y cromo). Se utiliza para favorecer el crecimiento y el desarrollo f\u00edsico y mental, en la p\u00e9rdida de peso y en la convalecencia, fortalecimiento de la estructura de los cabellos y las u\u00f1as. Tambi\u00e9n promueve la reconstituci\u00f3n de la flora intestinal, siendo \u00fatil en caso de diarrea. Estimula las defensas naturales.<\/p>\n<p><strong>PRESENTACI\u00d3N<\/strong><\/p>\n<p>480 comprimidos.<\/p>\n<p>&nbsp;<\/p>\n","protected":false},"excerpt":{"rendered":"<p>La levadura de cerveza de 480 comprimidos es un complemento alimenticio derivado de su riqueza en vitaminas del complejo B, prote\u00ednas y minerales. [&#8230;]<\/p>\n<p><a class=\"btn btn-secondary understrap-read-more-link\" href=\"https:\/\/www.lifenatura.com\/es\/produto\/levadura-de-cerveza-400-mg-360-120-comprimidos-naturmil\/\">Leer m\u00e1s&#8230;<span class=\"screen-reader-text\"> from Levadura de Cerveza 400 mg &#8211; 360 + 120 comprimidos &#8211; Naturmil<\/span><\/a><\/p>\n","protected":false},"featured_media":67161,"template":"","meta":{"_acf_changed":false},"product_brand":[8435],"product_cat":[7659,7166,8561,7263,7211,7179],"product_tag":[],"class_list":{"0":"post-39647","1":"product","2":"type-product","3":"status-publish","4":"has-post-thumbnail","6":"product_brand-naturmil","7":"product_cat-ingrediente-natural-bio","8":"product_cat-levadura-de-cerveza","9":"product_cat-naturmil-lleve-4-pago-3","10":"product_cat-packs-de-salud","11":"product_cat-reforza-la-inmunidad-salud","12":"product_cat-salud","14":"first","15":"instock","16":"sale","17":"shipping-taxable","18":"purchasable","19":"product-type-simple","20":"add-to-wishlist-before_image"},"acf":[],"yoast_head":"<!-- This site is optimized with the Yoast SEO Premium plugin v27.1 (Yoast SEO v27.3) - https:\/\/yoast.com\/product\/yoast-seo-premium-wordpress\/ -->\n<title>Levadura de Cerveza 400 mg - 360 + 120 comprimidos - Naturmil<\/title>\n<meta name=\"description\" content=\"La levadura de cerveza de 480 comprimidos es un complemento alimenticio derivado de su riqueza en vitaminas del complejo B, prote\u00ednas y minerales.\" \/>\n<meta name=\"robots\" content=\"index, follow, max-snippet:-1, max-image-preview:large, max-video-preview:-1\" \/>\n<link rel=\"canonical\" href=\"https:\/\/www.lifenatura.com\/es\/produto\/levadura-de-cerveza-400-mg-360-120-comprimidos-naturmil\/\" \/>\n<meta property=\"og:locale\" content=\"es_ES\" \/>\n<meta property=\"og:type\" content=\"article\" \/>\n<meta property=\"og:title\" content=\"Levadura de Cerveza 400 mg - 360 + 120 comprimidos - Naturmil - Lifenatura\" \/>\n<meta property=\"og:description\" content=\"Compre aqui o seu Levadura de Cerveza 400 mg - 360 + 120 comprimidos - Naturmil e a Lifenatura Online envia em 48 H com Portes Gratis &gt;35\u20ac de Pedido.\" \/>\n<meta property=\"og:url\" content=\"https:\/\/www.lifenatura.com\/es\/produto\/levadura-de-cerveza-400-mg-360-120-comprimidos-naturmil\/\" \/>\n<meta property=\"og:site_name\" content=\"Lifenatura\" \/>\n<meta property=\"article:publisher\" content=\"https:\/\/www.facebook.com\/lifenatura\" \/>\n<meta property=\"article:modified_time\" content=\"2023-06-01T09:24:15+00:00\" \/>\n<meta property=\"og:image\" content=\"https:\/\/www.lifenatura.com\/wp-content\/uploads\/2021\/09\/Levedura-Cerveja-480Comp-naturmil.jpg\" \/>\n\t<meta property=\"og:image:width\" content=\"1000\" \/>\n\t<meta property=\"og:image:height\" content=\"1000\" \/>\n\t<meta property=\"og:image:type\" content=\"image\/jpeg\" \/>\n<meta name=\"twitter:card\" content=\"summary_large_image\" \/>\n<meta name=\"twitter:label1\" content=\"Precio\" \/>\n\t<meta name=\"twitter:data1\" content=\"21,86&nbsp;&euro;\" \/>\n\t<meta name=\"twitter:label2\" content=\"Disponibilidad\" \/>\n\t<meta name=\"twitter:data2\" content=\"Disponible\" \/>\n<meta property=\"product:price:amount\" content=\"21.86\" \/>\n<meta property=\"product:price:currency\" content=\"EUR\" \/>\n<meta property=\"og:availability\" content=\"instock\" \/>\n<meta property=\"product:availability\" content=\"instock\" \/>\n<meta property=\"product:retailer_item_id\" content=\"5605481408328\" \/>\n<meta property=\"product:condition\" content=\"new\" \/>\n<!-- \/ Yoast SEO Premium plugin. -->","yoast_head_json":{"title":"Levadura de Cerveza 400 mg - 360 + 120 comprimidos - Naturmil","description":"La levadura de cerveza de 480 comprimidos es un complemento alimenticio derivado de su riqueza en vitaminas del complejo B, prote\u00ednas y minerales.","robots":{"index":"index","follow":"follow","max-snippet":"max-snippet:-1","max-image-preview":"max-image-preview:large","max-video-preview":"max-video-preview:-1"},"canonical":"https:\/\/www.lifenatura.com\/es\/produto\/levadura-de-cerveza-400-mg-360-120-comprimidos-naturmil\/","og_locale":"es_ES","og_type":"article","og_title":"Levadura de Cerveza 400 mg - 360 + 120 comprimidos - Naturmil - Lifenatura","og_description":"Compre aqui o seu Levadura de Cerveza 400 mg - 360 + 120 comprimidos - Naturmil e a Lifenatura Online envia em 48 H com Portes Gratis >35\u20ac de Pedido.","og_url":"https:\/\/www.lifenatura.com\/es\/produto\/levadura-de-cerveza-400-mg-360-120-comprimidos-naturmil\/","og_site_name":"Lifenatura","article_publisher":"https:\/\/www.facebook.com\/lifenatura","article_modified_time":"2023-06-01T09:24:15+00:00","og_image":[{"width":1000,"height":1000,"url":"https:\/\/www.lifenatura.com\/wp-content\/uploads\/2021\/09\/Levedura-Cerveja-480Comp-naturmil.jpg","type":"image\/jpeg"}],"twitter_card":"summary_large_image","twitter_misc":{"Precio":"21,86&nbsp;&euro;","Disponibilidad":"Disponible"},"schema":{"@context":"https:\/\/schema.org","@graph":[{"@type":"WebPage","@id":"https:\/\/www.lifenatura.com\/es\/produto\/levadura-de-cerveza-400-mg-360-120-comprimidos-naturmil\/","url":"https:\/\/www.lifenatura.com\/es\/produto\/levadura-de-cerveza-400-mg-360-120-comprimidos-naturmil\/","name":"Levadura de Cerveza 400 mg - 360 + 120 comprimidos - Naturmil","isPartOf":{"@id":"https:\/\/www.lifenatura.com\/es\/#website"},"primaryImageOfPage":{"@id":"https:\/\/www.lifenatura.com\/es\/produto\/levadura-de-cerveza-400-mg-360-120-comprimidos-naturmil\/#primaryimage"},"image":{"@id":"https:\/\/www.lifenatura.com\/es\/produto\/levadura-de-cerveza-400-mg-360-120-comprimidos-naturmil\/#primaryimage"},"thumbnailUrl":"https:\/\/www.lifenatura.com\/wp-content\/uploads\/2021\/09\/Levedura-Cerveja-480Comp-naturmil.jpg","datePublished":"2021-09-30T10:27:15+00:00","dateModified":"2023-06-01T09:24:15+00:00","description":"La levadura de cerveza de 480 comprimidos es un complemento alimenticio derivado de su riqueza en vitaminas del complejo B, prote\u00ednas y minerales.","breadcrumb":{"@id":"https:\/\/www.lifenatura.com\/es\/produto\/levadura-de-cerveza-400-mg-360-120-comprimidos-naturmil\/#breadcrumb"},"inLanguage":"es","potentialAction":[{"@type":"ReadAction","target":["https:\/\/www.lifenatura.com\/es\/produto\/levadura-de-cerveza-400-mg-360-120-comprimidos-naturmil\/"]}]},{"@type":"ImageObject","inLanguage":"es","@id":"https:\/\/www.lifenatura.com\/es\/produto\/levadura-de-cerveza-400-mg-360-120-comprimidos-naturmil\/#primaryimage","url":"https:\/\/www.lifenatura.com\/wp-content\/uploads\/2021\/09\/Levedura-Cerveja-480Comp-naturmil.jpg","contentUrl":"https:\/\/www.lifenatura.com\/wp-content\/uploads\/2021\/09\/Levedura-Cerveja-480Comp-naturmil.jpg","width":1000,"height":1000,"caption":"Levadura de cerveza 480 comprimidos - Naturmil"},{"@type":"BreadcrumbList","@id":"https:\/\/www.lifenatura.com\/es\/produto\/levadura-de-cerveza-400-mg-360-120-comprimidos-naturmil\/#breadcrumb","itemListElement":[{"@type":"ListItem","position":1,"name":"In\u00edcio","item":"https:\/\/www.lifenatura.com\/es\/"},{"@type":"ListItem","position":2,"name":"Todos los Productos","item":"https:\/\/www.lifenatura.com\/es\/tienda\/"},{"@type":"ListItem","position":3,"name":"Levadura de Cerveza 400 mg &#8211; 360 + 120 comprimidos &#8211; Naturmil"}]},{"@type":"WebSite","@id":"https:\/\/www.lifenatura.com\/es\/#website","url":"https:\/\/www.lifenatura.com\/es\/","name":"Lifenatura","description":"A Lifenatura \u00e9 uma loja de produtos naturais, cosm\u00e9tica natural e alimenta\u00e7\u00e3o Biol\u00f3gica.","publisher":{"@id":"https:\/\/www.lifenatura.com\/es\/#organization"},"potentialAction":[{"@type":"SearchAction","target":{"@type":"EntryPoint","urlTemplate":"https:\/\/www.lifenatura.com\/es\/?s={search_term_string}"},"query-input":{"@type":"PropertyValueSpecification","valueRequired":true,"valueName":"search_term_string"}}],"inLanguage":"es"},{"@type":"Organization","@id":"https:\/\/www.lifenatura.com\/es\/#organization","name":"Lifenatura","url":"https:\/\/www.lifenatura.com\/es\/","logo":{"@type":"ImageObject","inLanguage":"es","@id":"https:\/\/www.lifenatura.com\/es\/#\/schema\/logo\/image\/","url":"https:\/\/www.lifenatura.com\/wp-content\/uploads\/2021\/11\/logo.png","contentUrl":"https:\/\/www.lifenatura.com\/wp-content\/uploads\/2021\/11\/logo.png","width":175,"height":55,"caption":"Lifenatura"},"image":{"@id":"https:\/\/www.lifenatura.com\/es\/#\/schema\/logo\/image\/"},"sameAs":["https:\/\/www.facebook.com\/lifenatura","https:\/\/www.instagram.com\/lifenaturapt\/"]}]},"product_price_amount":"21.86","product_price_currency":"EUR","og_availability":"instock","product_availability":"instock","product_retailer_item_id":"5605481408328","product_condition":"new"},"df_price":21.86,"df_sale_price":21.86,"df_regular_price":27.32,"df_image_link":"https:\/\/www.lifenatura.com\/wp-content\/uploads\/2021\/09\/Levedura-Cerveja-480Comp-naturmil-300x300.jpg","_links":{"self":[{"href":"https:\/\/www.lifenatura.com\/es\/wp-json\/wp\/v2\/product\/39647","targetHints":{"allow":["GET"]}}],"collection":[{"href":"https:\/\/www.lifenatura.com\/es\/wp-json\/wp\/v2\/product"}],"about":[{"href":"https:\/\/www.lifenatura.com\/es\/wp-json\/wp\/v2\/types\/product"}],"wp:featuredmedia":[{"embeddable":true,"href":"https:\/\/www.lifenatura.com\/es\/wp-json\/wp\/v2\/media\/67161"}],"wp:attachment":[{"href":"https:\/\/www.lifenatura.com\/es\/wp-json\/wp\/v2\/media?parent=39647"}],"wp:term":[{"taxonomy":"product_brand","embeddable":true,"href":"https:\/\/www.lifenatura.com\/es\/wp-json\/wp\/v2\/product_brand?post=39647"},{"taxonomy":"product_cat","embeddable":true,"href":"https:\/\/www.lifenatura.com\/es\/wp-json\/wp\/v2\/product_cat?post=39647"},{"taxonomy":"product_tag","embeddable":true,"href":"https:\/\/www.lifenatura.com\/es\/wp-json\/wp\/v2\/product_tag?post=39647"}],"curies":[{"name":"wp","href":"https:\/\/api.w.org\/{rel}","templated":true}]}}