{"id":39645,"date":"2021-09-30T10:27:15","date_gmt":"2021-09-30T10:27:15","guid":{"rendered":"https:\/\/lifenatura.dev.agenciagetdigital.com\/produto\/lecitina-de-soja-1200-mg-90-capsulas-naturmil\/"},"modified":"2023-06-01T09:55:00","modified_gmt":"2023-06-01T09:55:00","slug":"lecitina-de-soja-1200-mg-90-capsulas-naturmil","status":"publish","type":"product","link":"https:\/\/www.lifenatura.com\/es\/produto\/lecitina-de-soja-1200-mg-90-capsulas-naturmil\/","title":{"rendered":"Lecitina de Soja 1200 mg 90 c\u00e1psulas &#8211; Naturmil"},"content":{"rendered":"<h2 style=\"text-align: left\"><strong>Indicado para el colesterol<\/strong><\/h2>\n<p>&nbsp;<\/p>\n<p>La lecitina de soja de la naturmil favorece el mantenimiento de un correcto equilibrio lip\u00eddico en el organismo, manteniendo el colesterol dentro de valores normales, retardando los efectos negativos que un exceso de grasas puede provocar. Su riqueza en fosfol\u00edpidos la convierte en una excelente fuente de nutrientes para las c\u00e9lulas cerebrales, siendo \u00fatil como fortificante. Desempe\u00f1a un papel importante en el metabolismo del h\u00edgado.<\/p>\n<p><strong>PRESENTACI\u00d3N<\/strong><\/p>\n<p>90 C\u00e1psulas.<\/p>\n<p>&nbsp;<\/p>\n","protected":false},"excerpt":{"rendered":"<p>La lecitina de soja 90 c\u00e1psulas de Naturmil est\u00e1 indicada para ayudar a reducir la tasa de colesterol circulante, t\u00f3nico de los vasos sangu\u00edneos. [&#8230;]<\/p>\n<p><a class=\"btn btn-secondary understrap-read-more-link\" href=\"https:\/\/www.lifenatura.com\/es\/produto\/lecitina-de-soja-1200-mg-90-capsulas-naturmil\/\">Leer m\u00e1s&#8230;<span class=\"screen-reader-text\"> from Lecitina de Soja 1200 mg 90 c\u00e1psulas &#8211; Naturmil<\/span><\/a><\/p>\n","protected":false},"featured_media":67113,"template":"","meta":{"_acf_changed":false},"product_brand":[8435],"product_cat":[7222,8561,7263,7179],"product_tag":[],"class_list":{"0":"post-39645","1":"product","2":"type-product","3":"status-publish","4":"has-post-thumbnail","6":"product_brand-naturmil","7":"product_cat-colesterol-salud","8":"product_cat-naturmil-lleve-4-pago-3","9":"product_cat-packs-de-salud","10":"product_cat-salud","12":"first","13":"instock","14":"sale","15":"shipping-taxable","16":"purchasable","17":"product-type-simple","18":"add-to-wishlist-before_image"},"acf":[],"yoast_head":"<!-- This site is optimized with the Yoast SEO Premium plugin v27.1 (Yoast SEO v27.5) - https:\/\/yoast.com\/product\/yoast-seo-premium-wordpress\/ -->\n<title>Naturmil Lecitina de Soja 1200 mg 90 c\u00e1psulas - Lifenatura<\/title>\n<meta name=\"description\" content=\"La lecitina de soja 90 c\u00e1psulas de Naturmil est\u00e1 indicada para ayudar a reducir la tasa de colesterol circulante, t\u00f3nico de los vasos sangu\u00edneos.\" \/>\n<meta name=\"robots\" content=\"index, follow, max-snippet:-1, max-image-preview:large, max-video-preview:-1\" \/>\n<link rel=\"canonical\" href=\"https:\/\/www.lifenatura.com\/es\/produto\/lecitina-de-soja-1200-mg-90-capsulas-naturmil\/\" \/>\n<meta property=\"og:locale\" content=\"es_ES\" \/>\n<meta property=\"og:type\" content=\"article\" \/>\n<meta property=\"og:title\" content=\"Lecitina de Soja 1200 mg 90 c\u00e1psulas - Naturmil - Na Lifenatura ao Melhor Pre\u00e7o | Envio 48h\" \/>\n<meta property=\"og:description\" content=\"Compre Lecitina de Soja 1200 mg 90 c\u00e1psulas - Naturmil com envio r\u00e1pido. Entrega em 48h e portes gr\u00e1tis em compras &gt;35\u20ac. Aproveite j\u00e1 na Lifenatura\" \/>\n<meta property=\"og:url\" content=\"https:\/\/www.lifenatura.com\/es\/produto\/lecitina-de-soja-1200-mg-90-capsulas-naturmil\/\" \/>\n<meta property=\"og:site_name\" content=\"Lifenatura\" \/>\n<meta property=\"article:publisher\" content=\"https:\/\/www.facebook.com\/lifenatura\" \/>\n<meta property=\"article:modified_time\" content=\"2023-06-01T09:55:00+00:00\" \/>\n<meta property=\"og:image\" content=\"https:\/\/www.lifenatura.com\/wp-content\/uploads\/2021\/09\/Lecitina-Soja-90Caps-naturmil.jpg\" \/>\n\t<meta property=\"og:image:width\" content=\"1000\" \/>\n\t<meta property=\"og:image:height\" content=\"1000\" \/>\n\t<meta property=\"og:image:type\" content=\"image\/jpeg\" \/>\n<meta name=\"twitter:card\" content=\"summary_large_image\" \/>\n<meta name=\"twitter:label1\" content=\"Precio\" \/>\n\t<meta name=\"twitter:data1\" content=\"14,18&nbsp;&euro;\" \/>\n\t<meta name=\"twitter:label2\" content=\"Disponibilidad\" \/>\n\t<meta name=\"twitter:data2\" content=\"Disponible\" \/>\n<script type=\"application\/ld+json\" class=\"yoast-schema-graph\">{\"@context\":\"https:\\\/\\\/schema.org\",\"@graph\":[{\"@type\":\"WebPage\",\"@id\":\"https:\\\/\\\/www.lifenatura.com\\\/es\\\/produto\\\/lecitina-de-soja-1200-mg-90-capsulas-naturmil\\\/\",\"url\":\"https:\\\/\\\/www.lifenatura.com\\\/es\\\/produto\\\/lecitina-de-soja-1200-mg-90-capsulas-naturmil\\\/\",\"name\":\"Naturmil Lecitina de Soja 1200 mg 90 c\u00e1psulas - Lifenatura\",\"isPartOf\":{\"@id\":\"https:\\\/\\\/www.lifenatura.com\\\/es\\\/#website\"},\"primaryImageOfPage\":{\"@id\":\"https:\\\/\\\/www.lifenatura.com\\\/es\\\/produto\\\/lecitina-de-soja-1200-mg-90-capsulas-naturmil\\\/#primaryimage\"},\"image\":{\"@id\":\"https:\\\/\\\/www.lifenatura.com\\\/es\\\/produto\\\/lecitina-de-soja-1200-mg-90-capsulas-naturmil\\\/#primaryimage\"},\"thumbnailUrl\":\"https:\\\/\\\/www.lifenatura.com\\\/wp-content\\\/uploads\\\/2021\\\/09\\\/Lecitina-Soja-90Caps-naturmil.jpg\",\"datePublished\":\"2021-09-30T10:27:15+00:00\",\"dateModified\":\"2023-06-01T09:55:00+00:00\",\"description\":\"La lecitina de soja 90 c\u00e1psulas de Naturmil est\u00e1 indicada para ayudar a reducir la tasa de colesterol circulante, t\u00f3nico de los vasos sangu\u00edneos.\",\"breadcrumb\":{\"@id\":\"https:\\\/\\\/www.lifenatura.com\\\/es\\\/produto\\\/lecitina-de-soja-1200-mg-90-capsulas-naturmil\\\/#breadcrumb\"},\"inLanguage\":\"es\",\"potentialAction\":[{\"@type\":\"ReadAction\",\"target\":[\"https:\\\/\\\/www.lifenatura.com\\\/es\\\/produto\\\/lecitina-de-soja-1200-mg-90-capsulas-naturmil\\\/\"]}]},{\"@type\":\"ImageObject\",\"inLanguage\":\"es\",\"@id\":\"https:\\\/\\\/www.lifenatura.com\\\/es\\\/produto\\\/lecitina-de-soja-1200-mg-90-capsulas-naturmil\\\/#primaryimage\",\"url\":\"https:\\\/\\\/www.lifenatura.com\\\/wp-content\\\/uploads\\\/2021\\\/09\\\/Lecitina-Soja-90Caps-naturmil.jpg\",\"contentUrl\":\"https:\\\/\\\/www.lifenatura.com\\\/wp-content\\\/uploads\\\/2021\\\/09\\\/Lecitina-Soja-90Caps-naturmil.jpg\",\"width\":1000,\"height\":1000,\"caption\":\"Lecitina de soja 90 c\u00e1psulas Naturmil\"},{\"@type\":\"BreadcrumbList\",\"@id\":\"https:\\\/\\\/www.lifenatura.com\\\/es\\\/produto\\\/lecitina-de-soja-1200-mg-90-capsulas-naturmil\\\/#breadcrumb\",\"itemListElement\":[{\"@type\":\"ListItem\",\"position\":1,\"name\":\"In\u00edcio\",\"item\":\"https:\\\/\\\/www.lifenatura.com\\\/es\\\/\"},{\"@type\":\"ListItem\",\"position\":2,\"name\":\"Todos los Productos\",\"item\":\"https:\\\/\\\/www.lifenatura.com\\\/es\\\/tienda\\\/\"},{\"@type\":\"ListItem\",\"position\":3,\"name\":\"Lecitina de Soja 1200 mg 90 c\u00e1psulas &#8211; Naturmil\"}]},{\"@type\":\"WebSite\",\"@id\":\"https:\\\/\\\/www.lifenatura.com\\\/es\\\/#website\",\"url\":\"https:\\\/\\\/www.lifenatura.com\\\/es\\\/\",\"name\":\"Lifenatura\",\"description\":\"A Lifenatura \u00e9 uma loja de produtos naturais, cosm\u00e9tica natural e alimenta\u00e7\u00e3o Biol\u00f3gica.\",\"publisher\":{\"@id\":\"https:\\\/\\\/www.lifenatura.com\\\/es\\\/#organization\"},\"potentialAction\":[{\"@type\":\"SearchAction\",\"target\":{\"@type\":\"EntryPoint\",\"urlTemplate\":\"https:\\\/\\\/www.lifenatura.com\\\/es\\\/?s={search_term_string}\"},\"query-input\":{\"@type\":\"PropertyValueSpecification\",\"valueRequired\":true,\"valueName\":\"search_term_string\"}}],\"inLanguage\":\"es\"},{\"@type\":\"Organization\",\"@id\":\"https:\\\/\\\/www.lifenatura.com\\\/es\\\/#organization\",\"name\":\"Lifenatura\",\"url\":\"https:\\\/\\\/www.lifenatura.com\\\/es\\\/\",\"logo\":{\"@type\":\"ImageObject\",\"inLanguage\":\"es\",\"@id\":\"https:\\\/\\\/www.lifenatura.com\\\/es\\\/#\\\/schema\\\/logo\\\/image\\\/\",\"url\":\"https:\\\/\\\/www.lifenatura.com\\\/wp-content\\\/uploads\\\/2021\\\/07\\\/logo.png\",\"contentUrl\":\"https:\\\/\\\/www.lifenatura.com\\\/wp-content\\\/uploads\\\/2021\\\/07\\\/logo.png\",\"width\":175,\"height\":55,\"caption\":\"Lifenatura\"},\"image\":{\"@id\":\"https:\\\/\\\/www.lifenatura.com\\\/es\\\/#\\\/schema\\\/logo\\\/image\\\/\"},\"sameAs\":[\"https:\\\/\\\/www.facebook.com\\\/lifenatura\",\"https:\\\/\\\/www.instagram.com\\\/lifenaturapt\\\/\"],\"hasMerchantReturnPolicy\":{\"@type\":\"MerchantReturnPolicy\",\"merchantReturnLink\":\"https:\\\/\\\/www.lifenatura.com\\\/termos-condicoes-lifenatura\\\/\"}}]}<\/script>\n<meta property=\"product:price:amount\" content=\"14.18\" \/>\n<meta property=\"product:price:currency\" content=\"EUR\" \/>\n<meta property=\"og:availability\" content=\"instock\" \/>\n<meta property=\"product:availability\" content=\"instock\" \/>\n<meta property=\"product:retailer_item_id\" content=\"5605481407093\" \/>\n<meta property=\"product:condition\" content=\"new\" \/>\n<!-- \/ Yoast SEO Premium plugin. -->","yoast_head_json":{"title":"Naturmil Lecitina de Soja 1200 mg 90 c\u00e1psulas - Lifenatura","description":"La lecitina de soja 90 c\u00e1psulas de Naturmil est\u00e1 indicada para ayudar a reducir la tasa de colesterol circulante, t\u00f3nico de los vasos sangu\u00edneos.","robots":{"index":"index","follow":"follow","max-snippet":"max-snippet:-1","max-image-preview":"max-image-preview:large","max-video-preview":"max-video-preview:-1"},"canonical":"https:\/\/www.lifenatura.com\/es\/produto\/lecitina-de-soja-1200-mg-90-capsulas-naturmil\/","og_locale":"es_ES","og_type":"article","og_title":"Lecitina de Soja 1200 mg 90 c\u00e1psulas - Naturmil - Na Lifenatura ao Melhor Pre\u00e7o | Envio 48h","og_description":"Compre Lecitina de Soja 1200 mg 90 c\u00e1psulas - Naturmil com envio r\u00e1pido. Entrega em 48h e portes gr\u00e1tis em compras >35\u20ac. Aproveite j\u00e1 na Lifenatura","og_url":"https:\/\/www.lifenatura.com\/es\/produto\/lecitina-de-soja-1200-mg-90-capsulas-naturmil\/","og_site_name":"Lifenatura","article_publisher":"https:\/\/www.facebook.com\/lifenatura","article_modified_time":"2023-06-01T09:55:00+00:00","og_image":[{"width":1000,"height":1000,"url":"https:\/\/www.lifenatura.com\/wp-content\/uploads\/2021\/09\/Lecitina-Soja-90Caps-naturmil.jpg","type":"image\/jpeg"}],"twitter_card":"summary_large_image","twitter_misc":{"Precio":"14,18&nbsp;&euro;","Disponibilidad":"Disponible"},"schema":{"@context":"https:\/\/schema.org","@graph":[{"@type":"WebPage","@id":"https:\/\/www.lifenatura.com\/es\/produto\/lecitina-de-soja-1200-mg-90-capsulas-naturmil\/","url":"https:\/\/www.lifenatura.com\/es\/produto\/lecitina-de-soja-1200-mg-90-capsulas-naturmil\/","name":"Naturmil Lecitina de Soja 1200 mg 90 c\u00e1psulas - Lifenatura","isPartOf":{"@id":"https:\/\/www.lifenatura.com\/es\/#website"},"primaryImageOfPage":{"@id":"https:\/\/www.lifenatura.com\/es\/produto\/lecitina-de-soja-1200-mg-90-capsulas-naturmil\/#primaryimage"},"image":{"@id":"https:\/\/www.lifenatura.com\/es\/produto\/lecitina-de-soja-1200-mg-90-capsulas-naturmil\/#primaryimage"},"thumbnailUrl":"https:\/\/www.lifenatura.com\/wp-content\/uploads\/2021\/09\/Lecitina-Soja-90Caps-naturmil.jpg","datePublished":"2021-09-30T10:27:15+00:00","dateModified":"2023-06-01T09:55:00+00:00","description":"La lecitina de soja 90 c\u00e1psulas de Naturmil est\u00e1 indicada para ayudar a reducir la tasa de colesterol circulante, t\u00f3nico de los vasos sangu\u00edneos.","breadcrumb":{"@id":"https:\/\/www.lifenatura.com\/es\/produto\/lecitina-de-soja-1200-mg-90-capsulas-naturmil\/#breadcrumb"},"inLanguage":"es","potentialAction":[{"@type":"ReadAction","target":["https:\/\/www.lifenatura.com\/es\/produto\/lecitina-de-soja-1200-mg-90-capsulas-naturmil\/"]}]},{"@type":"ImageObject","inLanguage":"es","@id":"https:\/\/www.lifenatura.com\/es\/produto\/lecitina-de-soja-1200-mg-90-capsulas-naturmil\/#primaryimage","url":"https:\/\/www.lifenatura.com\/wp-content\/uploads\/2021\/09\/Lecitina-Soja-90Caps-naturmil.jpg","contentUrl":"https:\/\/www.lifenatura.com\/wp-content\/uploads\/2021\/09\/Lecitina-Soja-90Caps-naturmil.jpg","width":1000,"height":1000,"caption":"Lecitina de soja 90 c\u00e1psulas Naturmil"},{"@type":"BreadcrumbList","@id":"https:\/\/www.lifenatura.com\/es\/produto\/lecitina-de-soja-1200-mg-90-capsulas-naturmil\/#breadcrumb","itemListElement":[{"@type":"ListItem","position":1,"name":"In\u00edcio","item":"https:\/\/www.lifenatura.com\/es\/"},{"@type":"ListItem","position":2,"name":"Todos los Productos","item":"https:\/\/www.lifenatura.com\/es\/tienda\/"},{"@type":"ListItem","position":3,"name":"Lecitina de Soja 1200 mg 90 c\u00e1psulas &#8211; Naturmil"}]},{"@type":"WebSite","@id":"https:\/\/www.lifenatura.com\/es\/#website","url":"https:\/\/www.lifenatura.com\/es\/","name":"Lifenatura","description":"A Lifenatura \u00e9 uma loja de produtos naturais, cosm\u00e9tica natural e alimenta\u00e7\u00e3o Biol\u00f3gica.","publisher":{"@id":"https:\/\/www.lifenatura.com\/es\/#organization"},"potentialAction":[{"@type":"SearchAction","target":{"@type":"EntryPoint","urlTemplate":"https:\/\/www.lifenatura.com\/es\/?s={search_term_string}"},"query-input":{"@type":"PropertyValueSpecification","valueRequired":true,"valueName":"search_term_string"}}],"inLanguage":"es"},{"@type":"Organization","@id":"https:\/\/www.lifenatura.com\/es\/#organization","name":"Lifenatura","url":"https:\/\/www.lifenatura.com\/es\/","logo":{"@type":"ImageObject","inLanguage":"es","@id":"https:\/\/www.lifenatura.com\/es\/#\/schema\/logo\/image\/","url":"https:\/\/www.lifenatura.com\/wp-content\/uploads\/2021\/07\/logo.png","contentUrl":"https:\/\/www.lifenatura.com\/wp-content\/uploads\/2021\/07\/logo.png","width":175,"height":55,"caption":"Lifenatura"},"image":{"@id":"https:\/\/www.lifenatura.com\/es\/#\/schema\/logo\/image\/"},"sameAs":["https:\/\/www.facebook.com\/lifenatura","https:\/\/www.instagram.com\/lifenaturapt\/"],"hasMerchantReturnPolicy":{"@type":"MerchantReturnPolicy","merchantReturnLink":"https:\/\/www.lifenatura.com\/termos-condicoes-lifenatura\/"}}]},"product_price_amount":"14.18","product_price_currency":"EUR","og_availability":"instock","product_availability":"instock","product_retailer_item_id":"5605481407093","product_condition":"new"},"df_price":14.18,"df_sale_price":14.18,"df_regular_price":17.73,"df_image_link":"https:\/\/www.lifenatura.com\/wp-content\/uploads\/2021\/09\/Lecitina-Soja-90Caps-naturmil-300x300.jpg","_links":{"self":[{"href":"https:\/\/www.lifenatura.com\/es\/wp-json\/wp\/v2\/product\/39645","targetHints":{"allow":["GET"]}}],"collection":[{"href":"https:\/\/www.lifenatura.com\/es\/wp-json\/wp\/v2\/product"}],"about":[{"href":"https:\/\/www.lifenatura.com\/es\/wp-json\/wp\/v2\/types\/product"}],"wp:featuredmedia":[{"embeddable":true,"href":"https:\/\/www.lifenatura.com\/es\/wp-json\/wp\/v2\/media\/67113"}],"wp:attachment":[{"href":"https:\/\/www.lifenatura.com\/es\/wp-json\/wp\/v2\/media?parent=39645"}],"wp:term":[{"taxonomy":"product_brand","embeddable":true,"href":"https:\/\/www.lifenatura.com\/es\/wp-json\/wp\/v2\/product_brand?post=39645"},{"taxonomy":"product_cat","embeddable":true,"href":"https:\/\/www.lifenatura.com\/es\/wp-json\/wp\/v2\/product_cat?post=39645"},{"taxonomy":"product_tag","embeddable":true,"href":"https:\/\/www.lifenatura.com\/es\/wp-json\/wp\/v2\/product_tag?post=39645"}],"curies":[{"name":"wp","href":"https:\/\/api.w.org\/{rel}","templated":true}]}}