{"id":39643,"date":"2021-09-30T10:27:15","date_gmt":"2021-09-30T10:27:15","guid":{"rendered":"https:\/\/lifenatura.dev.agenciagetdigital.com\/produto\/lecitina-de-soja-1200-mg-180-capsulas-naturmil\/"},"modified":"2023-06-01T09:44:24","modified_gmt":"2023-06-01T09:44:24","slug":"lecitina-de-soja-1200-mg-180-capsulas-naturmil","status":"publish","type":"product","link":"https:\/\/www.lifenatura.com\/es\/produto\/lecitina-de-soja-1200-mg-180-capsulas-naturmil\/","title":{"rendered":"Lecitina de Soja 1200 mg 180 c\u00e1psulas &#8211; Naturmil"},"content":{"rendered":"<h2 style=\"text-align: left\"><strong>Lecitina de Soja indicada para el colesterol<\/strong><\/h2>\n<p>&nbsp;<\/p>\n<p>La lecitina de soja de la naturmil favorece el mantenimiento de un correcto equilibrio lip\u00eddico en el organismo, manteniendo el colesterol dentro de valores normales, retardando los efectos negativos que un exceso de grasas puede provocar.<\/p>\n<p>Su riqueza en fosfol\u00edpidos la convierte en una excelente fuente de nutrientes para las c\u00e9lulas cerebrales, siendo \u00fatil como fortificante.<\/p>\n<p>Desempe\u00f1a un papel importante en el metabolismo del h\u00edgado.<\/p>\n<p><strong>PRESENTACI\u00d3N<\/strong><\/p>\n<p>180 C\u00e1psulas.<\/p>\n<p>&nbsp;<\/p>\n","protected":false},"excerpt":{"rendered":"<p>La lecitina de soja de 180 c\u00e1psulas favorece un correcto equilibrio lip\u00eddico en el organismo, manteniendo el colesterol dentro de valores normales. [&#8230;]<\/p>\n<p><a class=\"btn btn-secondary understrap-read-more-link\" href=\"https:\/\/www.lifenatura.com\/es\/produto\/lecitina-de-soja-1200-mg-180-capsulas-naturmil\/\">Leer m\u00e1s&#8230;<span class=\"screen-reader-text\"> from Lecitina de Soja 1200 mg 180 c\u00e1psulas &#8211; Naturmil<\/span><\/a><\/p>\n","protected":false},"featured_media":67101,"template":"","meta":{"_acf_changed":false},"product_brand":[8435],"product_cat":[7222,8561,7263,7179],"product_tag":[],"class_list":{"0":"post-39643","1":"product","2":"type-product","3":"status-publish","4":"has-post-thumbnail","6":"product_brand-naturmil","7":"product_cat-colesterol-salud","8":"product_cat-naturmil-lleve-4-pago-3","9":"product_cat-packs-de-salud","10":"product_cat-salud","12":"first","13":"instock","14":"sale","15":"shipping-taxable","16":"purchasable","17":"product-type-simple","18":"add-to-wishlist-before_image"},"acf":[],"yoast_head":"<!-- This site is optimized with the Yoast SEO Premium plugin v27.1 (Yoast SEO v27.3) - https:\/\/yoast.com\/product\/yoast-seo-premium-wordpress\/ -->\n<title>Naturmil Lecitina de Soja 1200 mg 180 c\u00e1psulas - Lifenatura<\/title>\n<meta name=\"description\" content=\"La lecitina de soja de 180 c\u00e1psulas favorece un correcto equilibrio lip\u00eddico en el organismo, manteniendo el colesterol dentro de valores normales.\" \/>\n<meta name=\"robots\" content=\"index, follow, max-snippet:-1, max-image-preview:large, max-video-preview:-1\" \/>\n<link rel=\"canonical\" href=\"https:\/\/www.lifenatura.com\/es\/produto\/lecitina-de-soja-1200-mg-180-capsulas-naturmil\/\" \/>\n<meta property=\"og:locale\" content=\"es_ES\" \/>\n<meta property=\"og:type\" content=\"article\" \/>\n<meta property=\"og:title\" content=\"Lecitina de Soja 1200 mg 180 c\u00e1psulas - Naturmil - Lifenatura\" \/>\n<meta property=\"og:description\" content=\"Compre aqui o seu Lecitina de Soja 1200 mg 180 c\u00e1psulas - Naturmil e a Lifenatura Online envia em 48 H com Portes Gratis &gt;35\u20ac de Pedido.\" \/>\n<meta property=\"og:url\" content=\"https:\/\/www.lifenatura.com\/es\/produto\/lecitina-de-soja-1200-mg-180-capsulas-naturmil\/\" \/>\n<meta property=\"og:site_name\" content=\"Lifenatura\" \/>\n<meta property=\"article:publisher\" content=\"https:\/\/www.facebook.com\/lifenatura\" \/>\n<meta property=\"article:modified_time\" content=\"2023-06-01T09:44:24+00:00\" \/>\n<meta property=\"og:image\" content=\"https:\/\/www.lifenatura.com\/wp-content\/uploads\/2021\/09\/Lecitina-Soja-180Caps-naturmil.jpg\" \/>\n\t<meta property=\"og:image:width\" content=\"1000\" \/>\n\t<meta property=\"og:image:height\" content=\"1000\" \/>\n\t<meta property=\"og:image:type\" content=\"image\/jpeg\" \/>\n<meta name=\"twitter:card\" content=\"summary_large_image\" \/>\n<meta name=\"twitter:label1\" content=\"Precio\" \/>\n\t<meta name=\"twitter:data1\" content=\"23,99&nbsp;&euro;\" \/>\n\t<meta name=\"twitter:label2\" content=\"Disponibilidad\" \/>\n\t<meta name=\"twitter:data2\" content=\"Disponible\" \/>\n<meta property=\"product:price:amount\" content=\"23.99\" \/>\n<meta property=\"product:price:currency\" content=\"EUR\" \/>\n<meta property=\"og:availability\" content=\"instock\" \/>\n<meta property=\"product:availability\" content=\"instock\" \/>\n<meta property=\"product:retailer_item_id\" content=\"5605481407741\" \/>\n<meta property=\"product:condition\" content=\"new\" \/>\n<!-- \/ Yoast SEO Premium plugin. -->","yoast_head_json":{"title":"Naturmil Lecitina de Soja 1200 mg 180 c\u00e1psulas - Lifenatura","description":"La lecitina de soja de 180 c\u00e1psulas favorece un correcto equilibrio lip\u00eddico en el organismo, manteniendo el colesterol dentro de valores normales.","robots":{"index":"index","follow":"follow","max-snippet":"max-snippet:-1","max-image-preview":"max-image-preview:large","max-video-preview":"max-video-preview:-1"},"canonical":"https:\/\/www.lifenatura.com\/es\/produto\/lecitina-de-soja-1200-mg-180-capsulas-naturmil\/","og_locale":"es_ES","og_type":"article","og_title":"Lecitina de Soja 1200 mg 180 c\u00e1psulas - Naturmil - Lifenatura","og_description":"Compre aqui o seu Lecitina de Soja 1200 mg 180 c\u00e1psulas - Naturmil e a Lifenatura Online envia em 48 H com Portes Gratis >35\u20ac de Pedido.","og_url":"https:\/\/www.lifenatura.com\/es\/produto\/lecitina-de-soja-1200-mg-180-capsulas-naturmil\/","og_site_name":"Lifenatura","article_publisher":"https:\/\/www.facebook.com\/lifenatura","article_modified_time":"2023-06-01T09:44:24+00:00","og_image":[{"width":1000,"height":1000,"url":"https:\/\/www.lifenatura.com\/wp-content\/uploads\/2021\/09\/Lecitina-Soja-180Caps-naturmil.jpg","type":"image\/jpeg"}],"twitter_card":"summary_large_image","twitter_misc":{"Precio":"23,99&nbsp;&euro;","Disponibilidad":"Disponible"},"schema":{"@context":"https:\/\/schema.org","@graph":[{"@type":"WebPage","@id":"https:\/\/www.lifenatura.com\/es\/produto\/lecitina-de-soja-1200-mg-180-capsulas-naturmil\/","url":"https:\/\/www.lifenatura.com\/es\/produto\/lecitina-de-soja-1200-mg-180-capsulas-naturmil\/","name":"Naturmil Lecitina de Soja 1200 mg 180 c\u00e1psulas - Lifenatura","isPartOf":{"@id":"https:\/\/www.lifenatura.com\/es\/#website"},"primaryImageOfPage":{"@id":"https:\/\/www.lifenatura.com\/es\/produto\/lecitina-de-soja-1200-mg-180-capsulas-naturmil\/#primaryimage"},"image":{"@id":"https:\/\/www.lifenatura.com\/es\/produto\/lecitina-de-soja-1200-mg-180-capsulas-naturmil\/#primaryimage"},"thumbnailUrl":"https:\/\/www.lifenatura.com\/wp-content\/uploads\/2021\/09\/Lecitina-Soja-180Caps-naturmil.jpg","datePublished":"2021-09-30T10:27:15+00:00","dateModified":"2023-06-01T09:44:24+00:00","description":"La lecitina de soja de 180 c\u00e1psulas favorece un correcto equilibrio lip\u00eddico en el organismo, manteniendo el colesterol dentro de valores normales.","breadcrumb":{"@id":"https:\/\/www.lifenatura.com\/es\/produto\/lecitina-de-soja-1200-mg-180-capsulas-naturmil\/#breadcrumb"},"inLanguage":"es","potentialAction":[{"@type":"ReadAction","target":["https:\/\/www.lifenatura.com\/es\/produto\/lecitina-de-soja-1200-mg-180-capsulas-naturmil\/"]}]},{"@type":"ImageObject","inLanguage":"es","@id":"https:\/\/www.lifenatura.com\/es\/produto\/lecitina-de-soja-1200-mg-180-capsulas-naturmil\/#primaryimage","url":"https:\/\/www.lifenatura.com\/wp-content\/uploads\/2021\/09\/Lecitina-Soja-180Caps-naturmil.jpg","contentUrl":"https:\/\/www.lifenatura.com\/wp-content\/uploads\/2021\/09\/Lecitina-Soja-180Caps-naturmil.jpg","width":1000,"height":1000,"caption":"Lecitina de Soja 180 c\u00e1psulas Naturmil"},{"@type":"BreadcrumbList","@id":"https:\/\/www.lifenatura.com\/es\/produto\/lecitina-de-soja-1200-mg-180-capsulas-naturmil\/#breadcrumb","itemListElement":[{"@type":"ListItem","position":1,"name":"In\u00edcio","item":"https:\/\/www.lifenatura.com\/es\/"},{"@type":"ListItem","position":2,"name":"Todos los Productos","item":"https:\/\/www.lifenatura.com\/es\/tienda\/"},{"@type":"ListItem","position":3,"name":"Lecitina de Soja 1200 mg 180 c\u00e1psulas &#8211; Naturmil"}]},{"@type":"WebSite","@id":"https:\/\/www.lifenatura.com\/es\/#website","url":"https:\/\/www.lifenatura.com\/es\/","name":"Lifenatura","description":"A Lifenatura \u00e9 uma loja de produtos naturais, cosm\u00e9tica natural e alimenta\u00e7\u00e3o Biol\u00f3gica.","publisher":{"@id":"https:\/\/www.lifenatura.com\/es\/#organization"},"potentialAction":[{"@type":"SearchAction","target":{"@type":"EntryPoint","urlTemplate":"https:\/\/www.lifenatura.com\/es\/?s={search_term_string}"},"query-input":{"@type":"PropertyValueSpecification","valueRequired":true,"valueName":"search_term_string"}}],"inLanguage":"es"},{"@type":"Organization","@id":"https:\/\/www.lifenatura.com\/es\/#organization","name":"Lifenatura","url":"https:\/\/www.lifenatura.com\/es\/","logo":{"@type":"ImageObject","inLanguage":"es","@id":"https:\/\/www.lifenatura.com\/es\/#\/schema\/logo\/image\/","url":"https:\/\/www.lifenatura.com\/wp-content\/uploads\/2021\/11\/logo.png","contentUrl":"https:\/\/www.lifenatura.com\/wp-content\/uploads\/2021\/11\/logo.png","width":175,"height":55,"caption":"Lifenatura"},"image":{"@id":"https:\/\/www.lifenatura.com\/es\/#\/schema\/logo\/image\/"},"sameAs":["https:\/\/www.facebook.com\/lifenatura","https:\/\/www.instagram.com\/lifenaturapt\/"]}]},"product_price_amount":"23.99","product_price_currency":"EUR","og_availability":"instock","product_availability":"instock","product_retailer_item_id":"5605481407741","product_condition":"new"},"df_price":23.99,"df_sale_price":23.99,"df_regular_price":29.99,"df_image_link":"https:\/\/www.lifenatura.com\/wp-content\/uploads\/2021\/09\/Lecitina-Soja-180Caps-naturmil-300x300.jpg","_links":{"self":[{"href":"https:\/\/www.lifenatura.com\/es\/wp-json\/wp\/v2\/product\/39643","targetHints":{"allow":["GET"]}}],"collection":[{"href":"https:\/\/www.lifenatura.com\/es\/wp-json\/wp\/v2\/product"}],"about":[{"href":"https:\/\/www.lifenatura.com\/es\/wp-json\/wp\/v2\/types\/product"}],"wp:featuredmedia":[{"embeddable":true,"href":"https:\/\/www.lifenatura.com\/es\/wp-json\/wp\/v2\/media\/67101"}],"wp:attachment":[{"href":"https:\/\/www.lifenatura.com\/es\/wp-json\/wp\/v2\/media?parent=39643"}],"wp:term":[{"taxonomy":"product_brand","embeddable":true,"href":"https:\/\/www.lifenatura.com\/es\/wp-json\/wp\/v2\/product_brand?post=39643"},{"taxonomy":"product_cat","embeddable":true,"href":"https:\/\/www.lifenatura.com\/es\/wp-json\/wp\/v2\/product_cat?post=39643"},{"taxonomy":"product_tag","embeddable":true,"href":"https:\/\/www.lifenatura.com\/es\/wp-json\/wp\/v2\/product_tag?post=39643"}],"curies":[{"name":"wp","href":"https:\/\/api.w.org\/{rel}","templated":true}]}}