{"id":39609,"date":"2021-09-30T10:26:20","date_gmt":"2021-09-30T10:26:20","guid":{"rendered":"https:\/\/lifenatura.dev.agenciagetdigital.com\/produto\/co-enzima-q10-plus-100-mg-60-capsulas-naturmil\/"},"modified":"2022-08-24T16:44:23","modified_gmt":"2022-08-24T16:44:23","slug":"co-enzima-q10-plus-100-mg-60-capsulas-naturmil","status":"publish","type":"product","link":"https:\/\/www.lifenatura.com\/es\/produto\/co-enzima-q10-plus-100-mg-60-capsulas-naturmil\/","title":{"rendered":"Co-Enzima Q10 Plus 100 mg 60 c\u00e1psulas &#8211; Naturmil"},"content":{"rendered":"<h2 style=\"text-align: left\"><strong>Indicado para el Sistema Cardiovascular<\/strong><\/h2>\n<p>&nbsp;<\/p>\n<p>La co-enzima q10 plus de la naturmil es un suplemento alimenticio de coenzima Q10, cuya principal acci\u00f3n fisiol\u00f3gica reside en la producci\u00f3n de energ\u00eda en el interior de las c\u00e9lulas, sobre todo en aquellas m\u00e1s activas, como es el caso del coraz\u00f3n. Por eso, tambi\u00e9n es \u00fatil para deportistas, estimula las defensas del organismo y favorece la circulaci\u00f3n. Tambi\u00e9n posee actividad antioxidante combatiendo la acci\u00f3n nefasta de los radicales libres sobre los tejidos celulares.<\/p>\n<p><strong>PRESENTACI\u00d3N<\/strong><\/p>\n<p>60 C\u00e1psulas.<\/p>\n<p>&nbsp;<\/p>\n","protected":false},"excerpt":{"rendered":"<p>La co-enzima q10 plus es un suplemento alimenticio de coenzima Q10 que estimula las defensas del organismo y favorece la circulaci\u00f3n. [&#8230;]<\/p>\n<p><a class=\"btn btn-secondary understrap-read-more-link\" href=\"https:\/\/www.lifenatura.com\/es\/produto\/co-enzima-q10-plus-100-mg-60-capsulas-naturmil\/\">Leer m\u00e1s&#8230;<span class=\"screen-reader-text\"> from Co-Enzima Q10 Plus 100 mg 60 c\u00e1psulas &#8211; Naturmil<\/span><\/a><\/p>\n","protected":false},"featured_media":49898,"template":"","meta":{"_acf_changed":false},"product_brand":[8435],"product_cat":[7221,8561,7263,7179],"product_tag":[],"class_list":{"0":"post-39609","1":"product","2":"type-product","3":"status-publish","4":"has-post-thumbnail","6":"product_brand-naturmil","7":"product_cat-sistema-circulatorio","8":"product_cat-naturmil-lleve-4-pago-3","9":"product_cat-packs-de-salud","10":"product_cat-salud","12":"first","13":"instock","14":"sale","15":"shipping-taxable","16":"purchasable","17":"product-type-simple","18":"add-to-wishlist-before_image"},"acf":[],"yoast_head":"<!-- This site is optimized with the Yoast SEO Premium plugin v27.1 (Yoast SEO v27.3) - https:\/\/yoast.com\/product\/yoast-seo-premium-wordpress\/ -->\n<title>Naturmil Co-Enzima Q10 Plus 100 mg - Lifenatura<\/title>\n<meta name=\"description\" content=\"Naturmil La co-enzima q10 plus es un suplemento alimenticio de coenzima Q10 que estimula las defensas del organismo y favorece la circulaci\u00f3n.\" \/>\n<meta name=\"robots\" content=\"index, follow, max-snippet:-1, max-image-preview:large, max-video-preview:-1\" \/>\n<link rel=\"canonical\" href=\"https:\/\/www.lifenatura.com\/es\/produto\/co-enzima-q10-plus-100-mg-60-capsulas-naturmil\/\" \/>\n<meta property=\"og:locale\" content=\"es_ES\" \/>\n<meta property=\"og:type\" content=\"article\" \/>\n<meta property=\"og:title\" content=\"Co-Enzima Q10 Plus 100 mg 60 c\u00e1psulas - Naturmil - Lifenatura\" \/>\n<meta property=\"og:description\" content=\"Compre aqui o seu Co-Enzima Q10 Plus 100 mg 60 c\u00e1psulas - Naturmil e a Lifenatura Online envia em 48 H com Portes Gratis &gt;35\u20ac de Pedido.\" \/>\n<meta property=\"og:url\" content=\"https:\/\/www.lifenatura.com\/es\/produto\/co-enzima-q10-plus-100-mg-60-capsulas-naturmil\/\" \/>\n<meta property=\"og:site_name\" content=\"Lifenatura\" \/>\n<meta property=\"article:publisher\" content=\"https:\/\/www.facebook.com\/lifenatura\" \/>\n<meta property=\"article:modified_time\" content=\"2022-08-24T16:44:23+00:00\" \/>\n<meta property=\"og:image\" content=\"https:\/\/www.lifenatura.com\/wp-content\/uploads\/2021\/09\/Coenzima-Q10-100mg-naturmil.jpg\" \/>\n\t<meta property=\"og:image:width\" content=\"1000\" \/>\n\t<meta property=\"og:image:height\" content=\"1000\" \/>\n\t<meta property=\"og:image:type\" content=\"image\/jpeg\" \/>\n<meta name=\"twitter:card\" content=\"summary_large_image\" \/>\n<meta name=\"twitter:label1\" content=\"Precio\" \/>\n\t<meta name=\"twitter:data1\" content=\"26,11&nbsp;&euro;\" \/>\n\t<meta name=\"twitter:label2\" content=\"Disponibilidad\" \/>\n\t<meta name=\"twitter:data2\" content=\"Disponible\" \/>\n<meta property=\"product:price:amount\" content=\"26.11\" \/>\n<meta property=\"product:price:currency\" content=\"EUR\" \/>\n<meta property=\"og:availability\" content=\"instock\" \/>\n<meta property=\"product:availability\" content=\"instock\" \/>\n<meta property=\"product:retailer_item_id\" content=\"5605481407888\" \/>\n<meta property=\"product:condition\" content=\"new\" \/>\n<!-- \/ Yoast SEO Premium plugin. -->","yoast_head_json":{"title":"Naturmil Co-Enzima Q10 Plus 100 mg - Lifenatura","description":"Naturmil La co-enzima q10 plus es un suplemento alimenticio de coenzima Q10 que estimula las defensas del organismo y favorece la circulaci\u00f3n.","robots":{"index":"index","follow":"follow","max-snippet":"max-snippet:-1","max-image-preview":"max-image-preview:large","max-video-preview":"max-video-preview:-1"},"canonical":"https:\/\/www.lifenatura.com\/es\/produto\/co-enzima-q10-plus-100-mg-60-capsulas-naturmil\/","og_locale":"es_ES","og_type":"article","og_title":"Co-Enzima Q10 Plus 100 mg 60 c\u00e1psulas - Naturmil - Lifenatura","og_description":"Compre aqui o seu Co-Enzima Q10 Plus 100 mg 60 c\u00e1psulas - Naturmil e a Lifenatura Online envia em 48 H com Portes Gratis >35\u20ac de Pedido.","og_url":"https:\/\/www.lifenatura.com\/es\/produto\/co-enzima-q10-plus-100-mg-60-capsulas-naturmil\/","og_site_name":"Lifenatura","article_publisher":"https:\/\/www.facebook.com\/lifenatura","article_modified_time":"2022-08-24T16:44:23+00:00","og_image":[{"width":1000,"height":1000,"url":"https:\/\/www.lifenatura.com\/wp-content\/uploads\/2021\/09\/Coenzima-Q10-100mg-naturmil.jpg","type":"image\/jpeg"}],"twitter_card":"summary_large_image","twitter_misc":{"Precio":"26,11&nbsp;&euro;","Disponibilidad":"Disponible"},"schema":{"@context":"https:\/\/schema.org","@graph":[{"@type":"WebPage","@id":"https:\/\/www.lifenatura.com\/es\/produto\/co-enzima-q10-plus-100-mg-60-capsulas-naturmil\/","url":"https:\/\/www.lifenatura.com\/es\/produto\/co-enzima-q10-plus-100-mg-60-capsulas-naturmil\/","name":"Naturmil Co-Enzima Q10 Plus 100 mg - Lifenatura","isPartOf":{"@id":"https:\/\/www.lifenatura.com\/es\/#website"},"primaryImageOfPage":{"@id":"https:\/\/www.lifenatura.com\/es\/produto\/co-enzima-q10-plus-100-mg-60-capsulas-naturmil\/#primaryimage"},"image":{"@id":"https:\/\/www.lifenatura.com\/es\/produto\/co-enzima-q10-plus-100-mg-60-capsulas-naturmil\/#primaryimage"},"thumbnailUrl":"https:\/\/www.lifenatura.com\/wp-content\/uploads\/2021\/09\/Coenzima-Q10-100mg-naturmil.jpg","datePublished":"2021-09-30T10:26:20+00:00","dateModified":"2022-08-24T16:44:23+00:00","description":"Naturmil La co-enzima q10 plus es un suplemento alimenticio de coenzima Q10 que estimula las defensas del organismo y favorece la circulaci\u00f3n.","breadcrumb":{"@id":"https:\/\/www.lifenatura.com\/es\/produto\/co-enzima-q10-plus-100-mg-60-capsulas-naturmil\/#breadcrumb"},"inLanguage":"es","potentialAction":[{"@type":"ReadAction","target":["https:\/\/www.lifenatura.com\/es\/produto\/co-enzima-q10-plus-100-mg-60-capsulas-naturmil\/"]}]},{"@type":"ImageObject","inLanguage":"es","@id":"https:\/\/www.lifenatura.com\/es\/produto\/co-enzima-q10-plus-100-mg-60-capsulas-naturmil\/#primaryimage","url":"https:\/\/www.lifenatura.com\/wp-content\/uploads\/2021\/09\/Coenzima-Q10-100mg-naturmil.jpg","contentUrl":"https:\/\/www.lifenatura.com\/wp-content\/uploads\/2021\/09\/Coenzima-Q10-100mg-naturmil.jpg","width":1000,"height":1000,"caption":"Co-Enzima Q10 Plus 100 mg 60 c\u00e1psulas - Naturmil"},{"@type":"BreadcrumbList","@id":"https:\/\/www.lifenatura.com\/es\/produto\/co-enzima-q10-plus-100-mg-60-capsulas-naturmil\/#breadcrumb","itemListElement":[{"@type":"ListItem","position":1,"name":"In\u00edcio","item":"https:\/\/www.lifenatura.com\/es\/"},{"@type":"ListItem","position":2,"name":"Todos los Productos","item":"https:\/\/www.lifenatura.com\/es\/tienda\/"},{"@type":"ListItem","position":3,"name":"Co-Enzima Q10 Plus 100 mg 60 c\u00e1psulas &#8211; Naturmil"}]},{"@type":"WebSite","@id":"https:\/\/www.lifenatura.com\/es\/#website","url":"https:\/\/www.lifenatura.com\/es\/","name":"Lifenatura","description":"A Lifenatura \u00e9 uma loja de produtos naturais, cosm\u00e9tica natural e alimenta\u00e7\u00e3o Biol\u00f3gica.","publisher":{"@id":"https:\/\/www.lifenatura.com\/es\/#organization"},"potentialAction":[{"@type":"SearchAction","target":{"@type":"EntryPoint","urlTemplate":"https:\/\/www.lifenatura.com\/es\/?s={search_term_string}"},"query-input":{"@type":"PropertyValueSpecification","valueRequired":true,"valueName":"search_term_string"}}],"inLanguage":"es"},{"@type":"Organization","@id":"https:\/\/www.lifenatura.com\/es\/#organization","name":"Lifenatura","url":"https:\/\/www.lifenatura.com\/es\/","logo":{"@type":"ImageObject","inLanguage":"es","@id":"https:\/\/www.lifenatura.com\/es\/#\/schema\/logo\/image\/","url":"https:\/\/www.lifenatura.com\/wp-content\/uploads\/2021\/11\/logo.png","contentUrl":"https:\/\/www.lifenatura.com\/wp-content\/uploads\/2021\/11\/logo.png","width":175,"height":55,"caption":"Lifenatura"},"image":{"@id":"https:\/\/www.lifenatura.com\/es\/#\/schema\/logo\/image\/"},"sameAs":["https:\/\/www.facebook.com\/lifenatura","https:\/\/www.instagram.com\/lifenaturapt\/"]}]},"product_price_amount":"26.11","product_price_currency":"EUR","og_availability":"instock","product_availability":"instock","product_retailer_item_id":"5605481407888","product_condition":"new"},"df_price":26.11,"df_sale_price":26.11,"df_regular_price":32.64,"df_image_link":"https:\/\/www.lifenatura.com\/wp-content\/uploads\/2021\/09\/Coenzima-Q10-100mg-naturmil-300x300.jpg","_links":{"self":[{"href":"https:\/\/www.lifenatura.com\/es\/wp-json\/wp\/v2\/product\/39609","targetHints":{"allow":["GET"]}}],"collection":[{"href":"https:\/\/www.lifenatura.com\/es\/wp-json\/wp\/v2\/product"}],"about":[{"href":"https:\/\/www.lifenatura.com\/es\/wp-json\/wp\/v2\/types\/product"}],"wp:featuredmedia":[{"embeddable":true,"href":"https:\/\/www.lifenatura.com\/es\/wp-json\/wp\/v2\/media\/49898"}],"wp:attachment":[{"href":"https:\/\/www.lifenatura.com\/es\/wp-json\/wp\/v2\/media?parent=39609"}],"wp:term":[{"taxonomy":"product_brand","embeddable":true,"href":"https:\/\/www.lifenatura.com\/es\/wp-json\/wp\/v2\/product_brand?post=39609"},{"taxonomy":"product_cat","embeddable":true,"href":"https:\/\/www.lifenatura.com\/es\/wp-json\/wp\/v2\/product_cat?post=39609"},{"taxonomy":"product_tag","embeddable":true,"href":"https:\/\/www.lifenatura.com\/es\/wp-json\/wp\/v2\/product_tag?post=39609"}],"curies":[{"name":"wp","href":"https:\/\/api.w.org\/{rel}","templated":true}]}}