{"id":39569,"date":"2021-09-30T10:25:39","date_gmt":"2021-09-30T10:25:39","guid":{"rendered":"https:\/\/lifenatura.dev.agenciagetdigital.com\/produto\/vitamina-d3-5000-ui-pack-natures-plus\/"},"modified":"2026-02-19T08:32:34","modified_gmt":"2026-02-19T08:32:34","slug":"vitamina-d3-5000-ui-pack-natures-plus","status":"publish","type":"product","link":"https:\/\/www.lifenatura.com\/es\/produto\/vitamina-d3-5000-ui-pack-natures-plus\/","title":{"rendered":"Vitamina D3 5000 UI Pack &#8211; Natures Plus"},"content":{"rendered":"<p>Complemento alimenticio de vitamina D3 La vitamina D3 de Natures Plus proviene de la lanolina. La vitamina D participa en la activaci\u00f3n de m\u00e1s de 100 genes. Su complementaci\u00f3n est\u00e1 contemplada en osteoporosis, fracturas, problemas autoinmunes (esclerosis m\u00faltiple, diabetes tipo 1) e infecciones cr\u00f3nicas, entre otros. Tambi\u00e9n se recomienda supervisar su contribuci\u00f3n en casos de malabsorci\u00f3n, falta de luz solar adecuada y restricciones diet\u00e9ticas (vegetarianos y veganos). Las necesidades \u00f3ptimas de vitamina D son aquellas que permiten que los niveles s\u00e9ricos de 25 (OH) D se mantengan por encima de 30 ng \/ ml (75 nmol \/ l). Los s\u00edntomas de deficiencia pueden variar entre sujetos: dolor articular, dolor muscular, fatiga, dificultad para respirar, cambios de humor, s\u00edndrome afectivo estacional. Ahora tenemos disponible el Pack de 3 unidades de Vitamina D3. PRESENTACI\u00d3N 60 c\u00e1psulas x 3<\/p>\n","protected":false},"excerpt":{"rendered":"<p>Complemento alimenticio de vitamina D3 La vitamina D3 de Natures Plus proviene de la lanolina. La vitamina D participa en la activaci\u00f3n de m\u00e1s de 100 genes. Su complementaci\u00f3n est\u00e1 contemplada en osteoporosis, fracturas, problemas autoinmunes (esclerosis m\u00faltiple, diabetes tipo 1) e infecciones cr\u00f3nicas, entre otros. Tambi\u00e9n se recomienda supervisar su contribuci\u00f3n en casos de [&#8230;]<\/p>\n<p><a class=\"btn btn-secondary understrap-read-more-link\" href=\"https:\/\/www.lifenatura.com\/es\/produto\/vitamina-d3-5000-ui-pack-natures-plus\/\">Leer m\u00e1s&#8230;<span class=\"screen-reader-text\"> from Vitamina D3 5000 UI Pack &#8211; Natures Plus<\/span><\/a><\/p>\n","protected":false},"featured_media":20873,"template":"","meta":{"_acf_changed":false},"product_brand":[8438],"product_cat":[7259,7207,7179,7261],"product_tag":[],"class_list":{"0":"post-39569","1":"product","2":"type-product","3":"status-publish","4":"has-post-thumbnail","6":"product_brand-natures-plus-es","7":"product_cat-vitaminas-y-minerales","8":"product_cat-osteoporosis","9":"product_cat-salud","10":"product_cat-vitamina-d-salud","12":"first","13":"outofstock","14":"shipping-taxable","15":"purchasable","16":"product-type-simple","17":"add-to-wishlist-before_image"},"acf":[],"yoast_head":"<!-- This site is optimized with the Yoast SEO Premium plugin v27.1 (Yoast SEO v27.4) - https:\/\/yoast.com\/product\/yoast-seo-premium-wordpress\/ -->\n<title>Vitamina D3 5000 UI Pack - Natures Plus<\/title>\n<meta name=\"description\" content=\"El Pack vitamina D3 de Natures Plus proviene de la lanolina. La vitamina D participa en la activaci\u00f3n de m\u00e1s de 100 genes. Su complementaci\u00f3n est\u00e1 contemplada en osteoporosis.\" \/>\n<meta name=\"robots\" content=\"index, follow, max-snippet:-1, max-image-preview:large, max-video-preview:-1\" \/>\n<link rel=\"canonical\" href=\"https:\/\/www.lifenatura.com\/es\/produto\/vitamina-d3-5000-ui-pack-natures-plus\/\" \/>\n<meta property=\"og:locale\" content=\"es_ES\" \/>\n<meta property=\"og:type\" content=\"article\" \/>\n<meta property=\"og:title\" content=\"Vitamina D3 5000 UI Pack - Natures Plus - Lifenatura\" \/>\n<meta property=\"og:description\" content=\"Compre aqui o seu Vitamina D3 5000 UI Pack - Natures Plus e a Lifenatura Online envia em 48 H com Portes Gratis &gt;35\u20ac de Pedido.\" \/>\n<meta property=\"og:url\" content=\"https:\/\/www.lifenatura.com\/es\/produto\/vitamina-d3-5000-ui-pack-natures-plus\/\" \/>\n<meta property=\"og:site_name\" content=\"Lifenatura\" \/>\n<meta property=\"article:publisher\" content=\"https:\/\/www.facebook.com\/lifenatura\" \/>\n<meta property=\"article:modified_time\" content=\"2026-02-19T08:32:34+00:00\" \/>\n<meta property=\"og:image\" content=\"https:\/\/www.lifenatura.com\/wp-content\/uploads\/2021\/09\/gd_vitamina_d3_pack_natures_plus.jpg\" \/>\n\t<meta property=\"og:image:width\" content=\"1000\" \/>\n\t<meta property=\"og:image:height\" content=\"1000\" \/>\n\t<meta property=\"og:image:type\" content=\"image\/jpeg\" \/>\n<meta name=\"twitter:card\" content=\"summary_large_image\" \/>\n<meta name=\"twitter:label1\" content=\"Precio\" \/>\n\t<meta name=\"twitter:data1\" content=\"96,75&nbsp;&euro;\" \/>\n\t<meta name=\"twitter:label2\" content=\"Disponibilidad\" \/>\n\t<meta name=\"twitter:data2\" content=\"Sin existencias\" \/>\n<meta property=\"product:price:amount\" content=\"96.75\" \/>\n<meta property=\"product:price:currency\" content=\"EUR\" \/>\n<meta property=\"og:availability\" content=\"out of stock\" \/>\n<meta property=\"product:availability\" content=\"out of stock\" \/>\n<meta property=\"product:retailer_item_id\" content=\"097467010475pack\" \/>\n<meta property=\"product:condition\" content=\"new\" \/>\n<!-- \/ Yoast SEO Premium plugin. -->","yoast_head_json":{"title":"Vitamina D3 5000 UI Pack - Natures Plus","description":"El Pack vitamina D3 de Natures Plus proviene de la lanolina. La vitamina D participa en la activaci\u00f3n de m\u00e1s de 100 genes. Su complementaci\u00f3n est\u00e1 contemplada en osteoporosis.","robots":{"index":"index","follow":"follow","max-snippet":"max-snippet:-1","max-image-preview":"max-image-preview:large","max-video-preview":"max-video-preview:-1"},"canonical":"https:\/\/www.lifenatura.com\/es\/produto\/vitamina-d3-5000-ui-pack-natures-plus\/","og_locale":"es_ES","og_type":"article","og_title":"Vitamina D3 5000 UI Pack - Natures Plus - Lifenatura","og_description":"Compre aqui o seu Vitamina D3 5000 UI Pack - Natures Plus e a Lifenatura Online envia em 48 H com Portes Gratis >35\u20ac de Pedido.","og_url":"https:\/\/www.lifenatura.com\/es\/produto\/vitamina-d3-5000-ui-pack-natures-plus\/","og_site_name":"Lifenatura","article_publisher":"https:\/\/www.facebook.com\/lifenatura","article_modified_time":"2026-02-19T08:32:34+00:00","og_image":[{"width":1000,"height":1000,"url":"https:\/\/www.lifenatura.com\/wp-content\/uploads\/2021\/09\/gd_vitamina_d3_pack_natures_plus.jpg","type":"image\/jpeg"}],"twitter_card":"summary_large_image","twitter_misc":{"Precio":"96,75&nbsp;&euro;","Disponibilidad":"Sin existencias"},"schema":{"@context":"https:\/\/schema.org","@graph":[{"@type":"WebPage","@id":"https:\/\/www.lifenatura.com\/es\/produto\/vitamina-d3-5000-ui-pack-natures-plus\/","url":"https:\/\/www.lifenatura.com\/es\/produto\/vitamina-d3-5000-ui-pack-natures-plus\/","name":"Vitamina D3 5000 UI Pack - Natures Plus","isPartOf":{"@id":"https:\/\/www.lifenatura.com\/#website"},"primaryImageOfPage":{"@id":"https:\/\/www.lifenatura.com\/es\/produto\/vitamina-d3-5000-ui-pack-natures-plus\/#primaryimage"},"image":{"@id":"https:\/\/www.lifenatura.com\/es\/produto\/vitamina-d3-5000-ui-pack-natures-plus\/#primaryimage"},"thumbnailUrl":"https:\/\/www.lifenatura.com\/wp-content\/uploads\/2021\/09\/gd_vitamina_d3_pack_natures_plus.jpg","datePublished":"2021-09-30T10:25:39+00:00","dateModified":"2026-02-19T08:32:34+00:00","description":"El Pack vitamina D3 de Natures Plus proviene de la lanolina. La vitamina D participa en la activaci\u00f3n de m\u00e1s de 100 genes. Su complementaci\u00f3n est\u00e1 contemplada en osteoporosis.","breadcrumb":{"@id":"https:\/\/www.lifenatura.com\/es\/produto\/vitamina-d3-5000-ui-pack-natures-plus\/#breadcrumb"},"inLanguage":"es","potentialAction":[{"@type":"ReadAction","target":["https:\/\/www.lifenatura.com\/es\/produto\/vitamina-d3-5000-ui-pack-natures-plus\/"]}]},{"@type":"ImageObject","inLanguage":"es","@id":"https:\/\/www.lifenatura.com\/es\/produto\/vitamina-d3-5000-ui-pack-natures-plus\/#primaryimage","url":"https:\/\/www.lifenatura.com\/wp-content\/uploads\/2021\/09\/gd_vitamina_d3_pack_natures_plus.jpg","contentUrl":"https:\/\/www.lifenatura.com\/wp-content\/uploads\/2021\/09\/gd_vitamina_d3_pack_natures_plus.jpg","width":1000,"height":1000,"caption":"Vitamina D3 5000 UI Pack - Natures Plus"},{"@type":"BreadcrumbList","@id":"https:\/\/www.lifenatura.com\/es\/produto\/vitamina-d3-5000-ui-pack-natures-plus\/#breadcrumb","itemListElement":[{"@type":"ListItem","position":1,"name":"In\u00edcio","item":"https:\/\/www.lifenatura.com\/es\/"},{"@type":"ListItem","position":2,"name":"Todos los Productos","item":"https:\/\/www.lifenatura.com\/es\/tienda\/"},{"@type":"ListItem","position":3,"name":"Vitamina D3 5000 UI Pack &#8211; Natures Plus"}]},{"@type":"WebSite","@id":"https:\/\/www.lifenatura.com\/#website","url":"https:\/\/www.lifenatura.com\/","name":"Lifenatura","description":"A Lifenatura \u00e9 uma loja de produtos naturais, cosm\u00e9tica natural e alimenta\u00e7\u00e3o Biol\u00f3gica.","publisher":{"@id":"https:\/\/www.lifenatura.com\/#organization"},"potentialAction":[{"@type":"SearchAction","target":{"@type":"EntryPoint","urlTemplate":"https:\/\/www.lifenatura.com\/?s={search_term_string}"},"query-input":{"@type":"PropertyValueSpecification","valueRequired":true,"valueName":"search_term_string"}}],"inLanguage":"es"},{"@type":"Organization","@id":"https:\/\/www.lifenatura.com\/#organization","name":"Lifenatura","url":"https:\/\/www.lifenatura.com\/","logo":{"@type":"ImageObject","inLanguage":"es","@id":"https:\/\/www.lifenatura.com\/#\/schema\/logo\/image\/","url":"https:\/\/www.lifenatura.com\/wp-content\/uploads\/2021\/11\/logo.png","contentUrl":"https:\/\/www.lifenatura.com\/wp-content\/uploads\/2021\/11\/logo.png","width":175,"height":55,"caption":"Lifenatura"},"image":{"@id":"https:\/\/www.lifenatura.com\/#\/schema\/logo\/image\/"},"sameAs":["https:\/\/www.facebook.com\/lifenatura","https:\/\/www.instagram.com\/lifenaturapt\/"]}]},"product_price_amount":"96.75","product_price_currency":"EUR","og_availability":"out of stock","product_availability":"out of stock","product_retailer_item_id":"097467010475pack","product_condition":"new"},"df_price":96.75,"df_sale_price":"","df_regular_price":96.75,"df_image_link":"https:\/\/www.lifenatura.com\/wp-content\/uploads\/2021\/09\/gd_vitamina_d3_pack_natures_plus-300x300.jpg","_links":{"self":[{"href":"https:\/\/www.lifenatura.com\/es\/wp-json\/wp\/v2\/product\/39569","targetHints":{"allow":["GET"]}}],"collection":[{"href":"https:\/\/www.lifenatura.com\/es\/wp-json\/wp\/v2\/product"}],"about":[{"href":"https:\/\/www.lifenatura.com\/es\/wp-json\/wp\/v2\/types\/product"}],"wp:featuredmedia":[{"embeddable":true,"href":"https:\/\/www.lifenatura.com\/es\/wp-json\/wp\/v2\/media\/20873"}],"wp:attachment":[{"href":"https:\/\/www.lifenatura.com\/es\/wp-json\/wp\/v2\/media?parent=39569"}],"wp:term":[{"taxonomy":"product_brand","embeddable":true,"href":"https:\/\/www.lifenatura.com\/es\/wp-json\/wp\/v2\/product_brand?post=39569"},{"taxonomy":"product_cat","embeddable":true,"href":"https:\/\/www.lifenatura.com\/es\/wp-json\/wp\/v2\/product_cat?post=39569"},{"taxonomy":"product_tag","embeddable":true,"href":"https:\/\/www.lifenatura.com\/es\/wp-json\/wp\/v2\/product_tag?post=39569"}],"curies":[{"name":"wp","href":"https:\/\/api.w.org\/{rel}","templated":true}]}}