{"id":39564,"date":"2021-09-30T10:25:39","date_gmt":"2021-09-30T10:25:39","guid":{"rendered":"https:\/\/lifenatura.dev.agenciagetdigital.com\/produto\/ca-mg-d3-k2-pack-3-natures-plus\/"},"modified":"2026-02-19T08:32:33","modified_gmt":"2026-02-19T08:32:33","slug":"ca-mg-d3-k2-pack-3-natures-plus","status":"publish","type":"product","link":"https:\/\/www.lifenatura.com\/es\/produto\/ca-mg-d3-k2-pack-3-natures-plus\/","title":{"rendered":"Ca\/Mg\/D3 + K2 Pack 3 &#8211; Natures Plus"},"content":{"rendered":"<h2 style=\"text-align: left;\"><strong>Calcio, Magnesio y Vitamina D3 para fortalecer la masa \u00f3sea<\/strong><\/h2>\n<p>&nbsp;<\/p>\n<p>Este pack de 3 es un suplemento de Calcio, Magnesio, vitaminas D3 (colecalciferol) y K2 (MK-7), combinado con amino\u00e1cidos para una absorci\u00f3n \u00f3ptima, para fortalecer la masa \u00f3sea.<\/p>\n<p><strong>Principales beneficios:<\/strong><\/p>\n<ul>\n<li><strong>Refuerza la salud \u00f3sea:<\/strong> El calcio y la vitamina D3 ayudan a mantener unos huesos fuertes y resistentes.<\/li>\n<li><strong>Mejora la funci\u00f3n muscular:<\/strong> El magnesio favorece la relajaci\u00f3n muscular y previene los calambres y la fatiga.<\/li>\n<li><strong>Adecuada absorci\u00f3n y distribuci\u00f3n del calcio:<\/strong> La vitamina K2 evita el dep\u00f3sito de calcio en las arterias, dirigi\u00e9ndolo correctamente a los huesos.<\/li>\n<li><strong>Apoyo al sistema nervioso:<\/strong> El magnesio desempe\u00f1a un papel esencial en el equilibrio neuromuscular y la reducci\u00f3n del estr\u00e9s.<\/li>\n<li><strong>Salud cardiovascular:<\/strong> Ayuda a regular la presi\u00f3n arterial y favorece una circulaci\u00f3n sangu\u00ednea sana.<\/li>\n<\/ul>\n<p><strong>Adecuado para:<\/strong><\/p>\n<p>Personas que desean fortalecer sus huesos y prevenir la osteoporosis.<br \/>\nPersonas con carencias de calcio, magnesio o vitamina D3.<br \/>\nQuienes buscan mejorar la funci\u00f3n muscular y prevenir los calambres.<br \/>\nIdeal para complementar una dieta equilibrada y un estilo de vida saludable.<\/p>\n<p>Est\u00e1 indicado para ayudar a mantener la masa \u00f3sea. Los minerales calcio y magnesio se aportan en una base de prote\u00edna de arroz hidrolizada, que act\u00faa como fuente de amino\u00e1cidos y \u00e9stos, a su vez, act\u00faan como quelantes, favoreciendo la absorci\u00f3n de los minerales. Con vitamina D3 que participa en el metabolismo del calcio y vitamina K2 que activa la osteocalcina.<\/p>\n<p><strong>PRESENTACI\u00d3N<\/strong><\/p>\n<p>30 comprimidos x 3<\/p>\n<p>&nbsp;<\/p>\n","protected":false},"excerpt":{"rendered":"<p>Suplemento de calcio, magnesio, vitamina D3 y K2 (MK-7), ahora con un pack promocional para toda la familia, para fortalecer la masa \u00f3sea. [&#8230;]<\/p>\n<p><a class=\"btn btn-secondary understrap-read-more-link\" href=\"https:\/\/www.lifenatura.com\/es\/produto\/ca-mg-d3-k2-pack-3-natures-plus\/\">Leer m\u00e1s&#8230;<span class=\"screen-reader-text\"> from Ca\/Mg\/D3 + K2 Pack 3 &#8211; Natures Plus<\/span><\/a><\/p>\n","protected":false},"featured_media":107460,"template":"","meta":{"_acf_changed":false},"product_brand":[8438],"product_cat":[7207,7179],"product_tag":[],"class_list":{"0":"post-39564","1":"product","2":"type-product","3":"status-publish","4":"has-post-thumbnail","6":"product_brand-natures-plus-es","7":"product_cat-osteoporosis","8":"product_cat-salud","10":"first","11":"instock","12":"sale","13":"shipping-taxable","14":"purchasable","15":"product-type-simple","16":"add-to-wishlist-before_image"},"acf":[],"yoast_head":"<!-- This site is optimized with the Yoast SEO Premium plugin v27.1 (Yoast SEO v27.3) - https:\/\/yoast.com\/product\/yoast-seo-premium-wordpress\/ -->\n<title>Ca\/Mg\/D3 + K2 Pack Promoci\u00f3n Natures Plus - Lifenatura<\/title>\n<meta name=\"description\" content=\"Suplemento de calcio, magnesio, vitamina D3 y K2 (MK-7), ahora con un pack promocional para toda la familia, para fortalecer la masa \u00f3sea.\" \/>\n<meta name=\"robots\" content=\"index, follow, max-snippet:-1, max-image-preview:large, max-video-preview:-1\" \/>\n<link rel=\"canonical\" href=\"https:\/\/www.lifenatura.com\/es\/produto\/ca-mg-d3-k2-pack-3-natures-plus\/\" \/>\n<meta property=\"og:locale\" content=\"es_ES\" \/>\n<meta property=\"og:type\" content=\"article\" \/>\n<meta property=\"og:title\" content=\"Ca\/Mg\/D3 + K2 Pack 3 - Natures Plus - Lifenatura\" \/>\n<meta property=\"og:description\" content=\"Compre aqui o seu Ca\/Mg\/D3 + K2 Pack 3 - Natures Plus e a Lifenatura Online envia em 48 H com Portes Gratis &gt;35\u20ac de Pedido.\" \/>\n<meta property=\"og:url\" content=\"https:\/\/www.lifenatura.com\/es\/produto\/ca-mg-d3-k2-pack-3-natures-plus\/\" \/>\n<meta property=\"og:site_name\" content=\"Lifenatura\" \/>\n<meta property=\"article:publisher\" content=\"https:\/\/www.facebook.com\/lifenatura\" \/>\n<meta property=\"article:modified_time\" content=\"2026-02-19T08:32:33+00:00\" \/>\n<meta property=\"og:image\" content=\"https:\/\/www.lifenatura.com\/wp-content\/uploads\/2021\/09\/ca-mg-d3-k2-pack-natures-plus.jpg\" \/>\n\t<meta property=\"og:image:width\" content=\"1000\" \/>\n\t<meta property=\"og:image:height\" content=\"1000\" \/>\n\t<meta property=\"og:image:type\" content=\"image\/jpeg\" \/>\n<meta name=\"twitter:card\" content=\"summary_large_image\" \/>\n<meta name=\"twitter:label1\" content=\"Precio\" \/>\n\t<meta name=\"twitter:data1\" content=\"55,36&nbsp;&euro;\" \/>\n\t<meta name=\"twitter:label2\" content=\"Disponibilidad\" \/>\n\t<meta name=\"twitter:data2\" content=\"Disponible\" \/>\n<meta property=\"product:price:amount\" content=\"55.36\" \/>\n<meta property=\"product:price:currency\" content=\"EUR\" \/>\n<meta property=\"og:availability\" content=\"instock\" \/>\n<meta property=\"product:availability\" content=\"instock\" \/>\n<meta property=\"product:retailer_item_id\" content=\"807205113357pack3\" \/>\n<meta property=\"product:condition\" content=\"new\" \/>\n<!-- \/ Yoast SEO Premium plugin. -->","yoast_head_json":{"title":"Ca\/Mg\/D3 + K2 Pack Promoci\u00f3n Natures Plus - Lifenatura","description":"Suplemento de calcio, magnesio, vitamina D3 y K2 (MK-7), ahora con un pack promocional para toda la familia, para fortalecer la masa \u00f3sea.","robots":{"index":"index","follow":"follow","max-snippet":"max-snippet:-1","max-image-preview":"max-image-preview:large","max-video-preview":"max-video-preview:-1"},"canonical":"https:\/\/www.lifenatura.com\/es\/produto\/ca-mg-d3-k2-pack-3-natures-plus\/","og_locale":"es_ES","og_type":"article","og_title":"Ca\/Mg\/D3 + K2 Pack 3 - Natures Plus - Lifenatura","og_description":"Compre aqui o seu Ca\/Mg\/D3 + K2 Pack 3 - Natures Plus e a Lifenatura Online envia em 48 H com Portes Gratis >35\u20ac de Pedido.","og_url":"https:\/\/www.lifenatura.com\/es\/produto\/ca-mg-d3-k2-pack-3-natures-plus\/","og_site_name":"Lifenatura","article_publisher":"https:\/\/www.facebook.com\/lifenatura","article_modified_time":"2026-02-19T08:32:33+00:00","og_image":[{"width":1000,"height":1000,"url":"https:\/\/www.lifenatura.com\/wp-content\/uploads\/2021\/09\/ca-mg-d3-k2-pack-natures-plus.jpg","type":"image\/jpeg"}],"twitter_card":"summary_large_image","twitter_misc":{"Precio":"55,36&nbsp;&euro;","Disponibilidad":"Disponible"},"schema":{"@context":"https:\/\/schema.org","@graph":[{"@type":"WebPage","@id":"https:\/\/www.lifenatura.com\/es\/produto\/ca-mg-d3-k2-pack-3-natures-plus\/","url":"https:\/\/www.lifenatura.com\/es\/produto\/ca-mg-d3-k2-pack-3-natures-plus\/","name":"Ca\/Mg\/D3 + K2 Pack Promoci\u00f3n Natures Plus - Lifenatura","isPartOf":{"@id":"https:\/\/www.lifenatura.com\/es\/#website"},"primaryImageOfPage":{"@id":"https:\/\/www.lifenatura.com\/es\/produto\/ca-mg-d3-k2-pack-3-natures-plus\/#primaryimage"},"image":{"@id":"https:\/\/www.lifenatura.com\/es\/produto\/ca-mg-d3-k2-pack-3-natures-plus\/#primaryimage"},"thumbnailUrl":"https:\/\/www.lifenatura.com\/wp-content\/uploads\/2021\/09\/ca-mg-d3-k2-pack-natures-plus.jpg","datePublished":"2021-09-30T10:25:39+00:00","dateModified":"2026-02-19T08:32:33+00:00","description":"Suplemento de calcio, magnesio, vitamina D3 y K2 (MK-7), ahora con un pack promocional para toda la familia, para fortalecer la masa \u00f3sea.","breadcrumb":{"@id":"https:\/\/www.lifenatura.com\/es\/produto\/ca-mg-d3-k2-pack-3-natures-plus\/#breadcrumb"},"inLanguage":"es","potentialAction":[{"@type":"ReadAction","target":["https:\/\/www.lifenatura.com\/es\/produto\/ca-mg-d3-k2-pack-3-natures-plus\/"]}]},{"@type":"ImageObject","inLanguage":"es","@id":"https:\/\/www.lifenatura.com\/es\/produto\/ca-mg-d3-k2-pack-3-natures-plus\/#primaryimage","url":"https:\/\/www.lifenatura.com\/wp-content\/uploads\/2021\/09\/ca-mg-d3-k2-pack-natures-plus.jpg","contentUrl":"https:\/\/www.lifenatura.com\/wp-content\/uploads\/2021\/09\/ca-mg-d3-k2-pack-natures-plus.jpg","width":1000,"height":1000,"caption":"Ca,Mg e D3 em pack promocional da natures plus"},{"@type":"BreadcrumbList","@id":"https:\/\/www.lifenatura.com\/es\/produto\/ca-mg-d3-k2-pack-3-natures-plus\/#breadcrumb","itemListElement":[{"@type":"ListItem","position":1,"name":"In\u00edcio","item":"https:\/\/www.lifenatura.com\/es\/"},{"@type":"ListItem","position":2,"name":"Todos los Productos","item":"https:\/\/www.lifenatura.com\/es\/tienda\/"},{"@type":"ListItem","position":3,"name":"Ca\/Mg\/D3 + K2 Pack 3 &#8211; Natures Plus"}]},{"@type":"WebSite","@id":"https:\/\/www.lifenatura.com\/es\/#website","url":"https:\/\/www.lifenatura.com\/es\/","name":"Lifenatura","description":"A Lifenatura \u00e9 uma loja de produtos naturais, cosm\u00e9tica natural e alimenta\u00e7\u00e3o Biol\u00f3gica.","publisher":{"@id":"https:\/\/www.lifenatura.com\/es\/#organization"},"potentialAction":[{"@type":"SearchAction","target":{"@type":"EntryPoint","urlTemplate":"https:\/\/www.lifenatura.com\/es\/?s={search_term_string}"},"query-input":{"@type":"PropertyValueSpecification","valueRequired":true,"valueName":"search_term_string"}}],"inLanguage":"es"},{"@type":"Organization","@id":"https:\/\/www.lifenatura.com\/es\/#organization","name":"Lifenatura","url":"https:\/\/www.lifenatura.com\/es\/","logo":{"@type":"ImageObject","inLanguage":"es","@id":"https:\/\/www.lifenatura.com\/es\/#\/schema\/logo\/image\/","url":"https:\/\/www.lifenatura.com\/wp-content\/uploads\/2021\/11\/logo.png","contentUrl":"https:\/\/www.lifenatura.com\/wp-content\/uploads\/2021\/11\/logo.png","width":175,"height":55,"caption":"Lifenatura"},"image":{"@id":"https:\/\/www.lifenatura.com\/es\/#\/schema\/logo\/image\/"},"sameAs":["https:\/\/www.facebook.com\/lifenatura","https:\/\/www.instagram.com\/lifenaturapt\/"]}]},"product_price_amount":"55.36","product_price_currency":"EUR","og_availability":"instock","product_availability":"instock","product_retailer_item_id":"807205113357pack3","product_condition":"new"},"df_price":55.36,"df_sale_price":55.36,"df_regular_price":58.28,"df_image_link":"https:\/\/www.lifenatura.com\/wp-content\/uploads\/2021\/09\/ca-mg-d3-k2-pack-natures-plus-300x300.jpg","_links":{"self":[{"href":"https:\/\/www.lifenatura.com\/es\/wp-json\/wp\/v2\/product\/39564","targetHints":{"allow":["GET"]}}],"collection":[{"href":"https:\/\/www.lifenatura.com\/es\/wp-json\/wp\/v2\/product"}],"about":[{"href":"https:\/\/www.lifenatura.com\/es\/wp-json\/wp\/v2\/types\/product"}],"wp:featuredmedia":[{"embeddable":true,"href":"https:\/\/www.lifenatura.com\/es\/wp-json\/wp\/v2\/media\/107460"}],"wp:attachment":[{"href":"https:\/\/www.lifenatura.com\/es\/wp-json\/wp\/v2\/media?parent=39564"}],"wp:term":[{"taxonomy":"product_brand","embeddable":true,"href":"https:\/\/www.lifenatura.com\/es\/wp-json\/wp\/v2\/product_brand?post=39564"},{"taxonomy":"product_cat","embeddable":true,"href":"https:\/\/www.lifenatura.com\/es\/wp-json\/wp\/v2\/product_cat?post=39564"},{"taxonomy":"product_tag","embeddable":true,"href":"https:\/\/www.lifenatura.com\/es\/wp-json\/wp\/v2\/product_tag?post=39564"}],"curies":[{"name":"wp","href":"https:\/\/api.w.org\/{rel}","templated":true}]}}