{"id":39545,"date":"2021-09-30T10:25:19","date_gmt":"2021-09-30T10:25:19","guid":{"rendered":"https:\/\/lifenatura.dev.agenciagetdigital.com\/produto\/lecitina-de-soja-1200-mg-90-drageias-natures-plus\/"},"modified":"2025-12-03T06:33:16","modified_gmt":"2025-12-03T06:33:16","slug":"lecitina-de-soja-1200-mg-90-drageias-natures-plus","status":"publish","type":"product","link":"https:\/\/www.lifenatura.com\/es\/produto\/lecitina-de-soja-1200-mg-90-drageias-natures-plus\/","title":{"rendered":"Lecitina de Soja 1200 mg 90 drageias &#8211; Natures Plus"},"content":{"rendered":"<h2 style=\"text-align: left;\"><strong>Lecitina de Soja Indicado para reducir niveles de Colesterol<\/strong><\/h2>\n<p>&nbsp;<\/p>\n<p>El complemento alimenticio lecitina de soja es una fuente natural de colina, indicada para contribuir al metabolismo normal de los l\u00edpidos y al mantenimiento de la funci\u00f3n hep\u00e1tica normal.<\/p>\n<p>Complemento de lecitina de soja que aporta fosfol\u00edpidos de soja, entre los que destacan (3-sn-fosfatidilcolina, fosfatidiletanolamina y fosfatidilinositol).<\/p>\n<p>La lecitina se utiliza tradicionalmente para el alivio de la fatiga y la sensaci\u00f3n temporal de debilidad, tambi\u00e9n es un buen complemento de la dieta en el tratamiento de hipercolesterolemias leves y moderadas.<\/p>\n<p>La lecitina NaturesPlus 1200 mg proporciona una fuente rica en lecitina, que ayuda a la digesti\u00f3n, la hidrataci\u00f3n de la piel y el equilibrio saludable del colesterol.<\/p>\n<p>Contiene soja, sin gluten.<\/p>\n<p><strong>PRESENTACI\u00d3N <\/strong><\/p>\n<p>90 grageas.<\/p>\n<p>&nbsp;<\/p>\n","protected":false},"excerpt":{"rendered":"<p>Lecitina Natures Plus proporciona una fuente rica en lecitina, que ayuda a la digesti\u00f3n, la hidrataci\u00f3n de la piel y el equilibrio saludable del colesterol. [&#8230;]<\/p>\n<p><a class=\"btn btn-secondary understrap-read-more-link\" href=\"https:\/\/www.lifenatura.com\/es\/produto\/lecitina-de-soja-1200-mg-90-drageias-natures-plus\/\">Leer m\u00e1s&#8230;<span class=\"screen-reader-text\"> from Lecitina de Soja 1200 mg 90 drageias &#8211; Natures Plus<\/span><\/a><\/p>\n","protected":false},"featured_media":90600,"template":"","meta":{"_acf_changed":false},"product_brand":[8438],"product_cat":[7222,7179,7883],"product_tag":[],"class_list":{"0":"post-39545","1":"product","2":"type-product","3":"status-publish","4":"has-post-thumbnail","6":"product_brand-natures-plus-es","7":"product_cat-colesterol-salud","8":"product_cat-salud","9":"product_cat-suplementos-alimenticios","11":"first","12":"instock","13":"shipping-taxable","14":"purchasable","15":"product-type-simple","16":"add-to-wishlist-before_image"},"acf":[],"yoast_head":"<!-- This site is optimized with the Yoast SEO Premium plugin v27.1 (Yoast SEO v27.3) - https:\/\/yoast.com\/product\/yoast-seo-premium-wordpress\/ -->\n<title>Lecitina de Soja 1200 mg Natures Plus - Lifenatura<\/title>\n<meta name=\"description\" content=\"Lecitina Natures Plus proporciona una fuente rica en lecitina, que ayuda a la digesti\u00f3n, la hidrataci\u00f3n de la piel y el equilibrio saludable del colesterol.\" \/>\n<meta name=\"robots\" content=\"index, follow, max-snippet:-1, max-image-preview:large, max-video-preview:-1\" \/>\n<link rel=\"canonical\" href=\"https:\/\/www.lifenatura.com\/es\/produto\/lecitina-de-soja-1200-mg-90-drageias-natures-plus\/\" \/>\n<meta property=\"og:locale\" content=\"es_ES\" \/>\n<meta property=\"og:type\" content=\"article\" \/>\n<meta property=\"og:title\" content=\"Lecitina de Soja 1200 mg 90 drageias - Natures Plus - Lifenatura\" \/>\n<meta property=\"og:description\" content=\"Compre aqui o seu Lecitina de Soja 1200 mg 90 drageias - Natures Plus e a Lifenatura Online envia em 48 H com Portes Gratis &gt;35\u20ac de Pedido.\" \/>\n<meta property=\"og:url\" content=\"https:\/\/www.lifenatura.com\/es\/produto\/lecitina-de-soja-1200-mg-90-drageias-natures-plus\/\" \/>\n<meta property=\"og:site_name\" content=\"Lifenatura\" \/>\n<meta property=\"article:publisher\" content=\"https:\/\/www.facebook.com\/lifenatura\" \/>\n<meta property=\"article:modified_time\" content=\"2025-12-03T06:33:16+00:00\" \/>\n<meta property=\"og:image\" content=\"https:\/\/www.lifenatura.com\/wp-content\/uploads\/2021\/09\/lecitina-de-soja-1200mg-90drageias-natures-plus.jpg\" \/>\n\t<meta property=\"og:image:width\" content=\"1000\" \/>\n\t<meta property=\"og:image:height\" content=\"1000\" \/>\n\t<meta property=\"og:image:type\" content=\"image\/jpeg\" \/>\n<meta name=\"twitter:card\" content=\"summary_large_image\" \/>\n<meta name=\"twitter:label1\" content=\"Precio\" \/>\n\t<meta name=\"twitter:data1\" content=\"19,51&nbsp;&euro;\" \/>\n\t<meta name=\"twitter:label2\" content=\"Disponibilidad\" \/>\n\t<meta name=\"twitter:data2\" content=\"Disponible\" \/>\n<meta property=\"product:price:amount\" content=\"19.51\" \/>\n<meta property=\"product:price:currency\" content=\"EUR\" \/>\n<meta property=\"og:availability\" content=\"instock\" \/>\n<meta property=\"product:availability\" content=\"instock\" \/>\n<meta property=\"product:retailer_item_id\" content=\"8072050121556\" \/>\n<meta property=\"product:condition\" content=\"new\" \/>\n<!-- \/ Yoast SEO Premium plugin. -->","yoast_head_json":{"title":"Lecitina de Soja 1200 mg Natures Plus - Lifenatura","description":"Lecitina Natures Plus proporciona una fuente rica en lecitina, que ayuda a la digesti\u00f3n, la hidrataci\u00f3n de la piel y el equilibrio saludable del colesterol.","robots":{"index":"index","follow":"follow","max-snippet":"max-snippet:-1","max-image-preview":"max-image-preview:large","max-video-preview":"max-video-preview:-1"},"canonical":"https:\/\/www.lifenatura.com\/es\/produto\/lecitina-de-soja-1200-mg-90-drageias-natures-plus\/","og_locale":"es_ES","og_type":"article","og_title":"Lecitina de Soja 1200 mg 90 drageias - Natures Plus - Lifenatura","og_description":"Compre aqui o seu Lecitina de Soja 1200 mg 90 drageias - Natures Plus e a Lifenatura Online envia em 48 H com Portes Gratis >35\u20ac de Pedido.","og_url":"https:\/\/www.lifenatura.com\/es\/produto\/lecitina-de-soja-1200-mg-90-drageias-natures-plus\/","og_site_name":"Lifenatura","article_publisher":"https:\/\/www.facebook.com\/lifenatura","article_modified_time":"2025-12-03T06:33:16+00:00","og_image":[{"width":1000,"height":1000,"url":"https:\/\/www.lifenatura.com\/wp-content\/uploads\/2021\/09\/lecitina-de-soja-1200mg-90drageias-natures-plus.jpg","type":"image\/jpeg"}],"twitter_card":"summary_large_image","twitter_misc":{"Precio":"19,51&nbsp;&euro;","Disponibilidad":"Disponible"},"schema":{"@context":"https:\/\/schema.org","@graph":[{"@type":"WebPage","@id":"https:\/\/www.lifenatura.com\/es\/produto\/lecitina-de-soja-1200-mg-90-drageias-natures-plus\/","url":"https:\/\/www.lifenatura.com\/es\/produto\/lecitina-de-soja-1200-mg-90-drageias-natures-plus\/","name":"Lecitina de Soja 1200 mg Natures Plus - Lifenatura","isPartOf":{"@id":"https:\/\/www.lifenatura.com\/es\/#website"},"primaryImageOfPage":{"@id":"https:\/\/www.lifenatura.com\/es\/produto\/lecitina-de-soja-1200-mg-90-drageias-natures-plus\/#primaryimage"},"image":{"@id":"https:\/\/www.lifenatura.com\/es\/produto\/lecitina-de-soja-1200-mg-90-drageias-natures-plus\/#primaryimage"},"thumbnailUrl":"https:\/\/www.lifenatura.com\/wp-content\/uploads\/2021\/09\/lecitina-de-soja-1200mg-90drageias-natures-plus.jpg","datePublished":"2021-09-30T10:25:19+00:00","dateModified":"2025-12-03T06:33:16+00:00","description":"Lecitina Natures Plus proporciona una fuente rica en lecitina, que ayuda a la digesti\u00f3n, la hidrataci\u00f3n de la piel y el equilibrio saludable del colesterol.","breadcrumb":{"@id":"https:\/\/www.lifenatura.com\/es\/produto\/lecitina-de-soja-1200-mg-90-drageias-natures-plus\/#breadcrumb"},"inLanguage":"es","potentialAction":[{"@type":"ReadAction","target":["https:\/\/www.lifenatura.com\/es\/produto\/lecitina-de-soja-1200-mg-90-drageias-natures-plus\/"]}]},{"@type":"ImageObject","inLanguage":"es","@id":"https:\/\/www.lifenatura.com\/es\/produto\/lecitina-de-soja-1200-mg-90-drageias-natures-plus\/#primaryimage","url":"https:\/\/www.lifenatura.com\/wp-content\/uploads\/2021\/09\/lecitina-de-soja-1200mg-90drageias-natures-plus.jpg","contentUrl":"https:\/\/www.lifenatura.com\/wp-content\/uploads\/2021\/09\/lecitina-de-soja-1200mg-90drageias-natures-plus.jpg","width":1000,"height":1000,"caption":"lecitina-de-soja-1200mg-90drageias-natures-plus"},{"@type":"BreadcrumbList","@id":"https:\/\/www.lifenatura.com\/es\/produto\/lecitina-de-soja-1200-mg-90-drageias-natures-plus\/#breadcrumb","itemListElement":[{"@type":"ListItem","position":1,"name":"In\u00edcio","item":"https:\/\/www.lifenatura.com\/es\/"},{"@type":"ListItem","position":2,"name":"Todos los Productos","item":"https:\/\/www.lifenatura.com\/es\/tienda\/"},{"@type":"ListItem","position":3,"name":"Lecitina de Soja 1200 mg 90 drageias &#8211; Natures Plus"}]},{"@type":"WebSite","@id":"https:\/\/www.lifenatura.com\/es\/#website","url":"https:\/\/www.lifenatura.com\/es\/","name":"Lifenatura","description":"A Lifenatura \u00e9 uma loja de produtos naturais, cosm\u00e9tica natural e alimenta\u00e7\u00e3o Biol\u00f3gica.","publisher":{"@id":"https:\/\/www.lifenatura.com\/es\/#organization"},"potentialAction":[{"@type":"SearchAction","target":{"@type":"EntryPoint","urlTemplate":"https:\/\/www.lifenatura.com\/es\/?s={search_term_string}"},"query-input":{"@type":"PropertyValueSpecification","valueRequired":true,"valueName":"search_term_string"}}],"inLanguage":"es"},{"@type":"Organization","@id":"https:\/\/www.lifenatura.com\/es\/#organization","name":"Lifenatura","url":"https:\/\/www.lifenatura.com\/es\/","logo":{"@type":"ImageObject","inLanguage":"es","@id":"https:\/\/www.lifenatura.com\/es\/#\/schema\/logo\/image\/","url":"https:\/\/www.lifenatura.com\/wp-content\/uploads\/2021\/11\/logo.png","contentUrl":"https:\/\/www.lifenatura.com\/wp-content\/uploads\/2021\/11\/logo.png","width":175,"height":55,"caption":"Lifenatura"},"image":{"@id":"https:\/\/www.lifenatura.com\/es\/#\/schema\/logo\/image\/"},"sameAs":["https:\/\/www.facebook.com\/lifenatura","https:\/\/www.instagram.com\/lifenaturapt\/"]}]},"product_price_amount":"19.51","product_price_currency":"EUR","og_availability":"instock","product_availability":"instock","product_retailer_item_id":"8072050121556","product_condition":"new"},"df_price":19.51,"df_sale_price":"","df_regular_price":19.51,"df_image_link":"https:\/\/www.lifenatura.com\/wp-content\/uploads\/2021\/09\/lecitina-de-soja-1200mg-90drageias-natures-plus-300x300.jpg","_links":{"self":[{"href":"https:\/\/www.lifenatura.com\/es\/wp-json\/wp\/v2\/product\/39545","targetHints":{"allow":["GET"]}}],"collection":[{"href":"https:\/\/www.lifenatura.com\/es\/wp-json\/wp\/v2\/product"}],"about":[{"href":"https:\/\/www.lifenatura.com\/es\/wp-json\/wp\/v2\/types\/product"}],"wp:featuredmedia":[{"embeddable":true,"href":"https:\/\/www.lifenatura.com\/es\/wp-json\/wp\/v2\/media\/90600"}],"wp:attachment":[{"href":"https:\/\/www.lifenatura.com\/es\/wp-json\/wp\/v2\/media?parent=39545"}],"wp:term":[{"taxonomy":"product_brand","embeddable":true,"href":"https:\/\/www.lifenatura.com\/es\/wp-json\/wp\/v2\/product_brand?post=39545"},{"taxonomy":"product_cat","embeddable":true,"href":"https:\/\/www.lifenatura.com\/es\/wp-json\/wp\/v2\/product_cat?post=39545"},{"taxonomy":"product_tag","embeddable":true,"href":"https:\/\/www.lifenatura.com\/es\/wp-json\/wp\/v2\/product_tag?post=39545"}],"curies":[{"name":"wp","href":"https:\/\/api.w.org\/{rel}","templated":true}]}}