{"id":39542,"date":"2021-09-30T10:25:19","date_gmt":"2021-09-30T10:25:19","guid":{"rendered":"https:\/\/lifenatura.dev.agenciagetdigital.com\/produto\/garden-vitamina-k2-60-capsulas-natures-plus\/"},"modified":"2026-02-19T08:32:26","modified_gmt":"2026-02-19T08:32:26","slug":"garden-vitamina-k2-60-capsulas-natures-plus","status":"publish","type":"product","link":"https:\/\/www.lifenatura.com\/es\/produto\/garden-vitamina-k2-60-capsulas-natures-plus\/","title":{"rendered":"Garden Vitamina K2 60 c\u00e1psulas &#8211; Natures Plus"},"content":{"rendered":"<p>Vitamina K2 para veganos Vitamin K2 Garden de Natures Plus es un suplemento de vitamina K2 de origen vegetal de Natto org\u00e1nico. Adecuado para veganos y vegetarianos. La vitamina K2 es fundamental para la correcta activaci\u00f3n de la oteocalcina (prote\u00edna \u00f3sea implicada en la mineralizaci\u00f3n). Ambas vitaminas act\u00faan en sinergia en el mantenimiento normal de los huesos. Los estudios demuestran que la vitamina K2 ayuda a revertir la calcificaci\u00f3n arterial inducida por la toma de medicamentos anticoagulantes. Entre las acciones fisiol\u00f3gicas de la vitamina K, destacan la influencia sobre la salud \u00f3sea (refuerza la acci\u00f3n de la vitamina D) y vascular, el crecimiento, la migraci\u00f3n, la proliferaci\u00f3n celular y la apoptosis, la inhibici\u00f3n de se\u00f1ales inflamatorias y la regulaci\u00f3n inmunol\u00f3gica. PRESENTACI\u00d3N 60 c\u00e1psulas.<\/p>\n","protected":false},"excerpt":{"rendered":"<p>Vitamina K2 para veganos Vitamin K2 Garden de Natures Plus es un suplemento de vitamina K2 de origen vegetal de Natto org\u00e1nico. Adecuado para veganos y vegetarianos. La vitamina K2 es fundamental para la correcta activaci\u00f3n de la oteocalcina (prote\u00edna \u00f3sea implicada en la mineralizaci\u00f3n). Ambas vitaminas act\u00faan en sinergia en el mantenimiento normal de [&#8230;]<\/p>\n<p><a class=\"btn btn-secondary understrap-read-more-link\" href=\"https:\/\/www.lifenatura.com\/es\/produto\/garden-vitamina-k2-60-capsulas-natures-plus\/\">Leer m\u00e1s&#8230;<span class=\"screen-reader-text\"> from Garden Vitamina K2 60 c\u00e1psulas &#8211; Natures Plus<\/span><\/a><\/p>\n","protected":false},"featured_media":20846,"template":"","meta":{"_acf_changed":false},"product_brand":[8438],"product_cat":[7179,7883,8013],"product_tag":[],"class_list":{"0":"post-39542","1":"product","2":"type-product","3":"status-publish","4":"has-post-thumbnail","6":"product_brand-natures-plus-es","7":"product_cat-salud","8":"product_cat-suplementos-alimenticios","9":"product_cat-vitamina-k-es","11":"first","12":"instock","13":"shipping-taxable","14":"purchasable","15":"product-type-simple","16":"add-to-wishlist-before_image"},"acf":[],"yoast_head":"<!-- This site is optimized with the Yoast SEO Premium plugin v27.1 (Yoast SEO v27.3) - https:\/\/yoast.com\/product\/yoast-seo-premium-wordpress\/ -->\n<title>Garden Vitamina K2 60 c\u00e1psulas - Natures Plus<\/title>\n<meta name=\"description\" content=\"Vitamin K2 Garden de Natures Plus es un suplemento de vitamina K2 de origen vegetal de Natto org\u00e1nico. Adecuado para veganos y vegetarianos.\" \/>\n<meta name=\"robots\" content=\"index, follow, max-snippet:-1, max-image-preview:large, max-video-preview:-1\" \/>\n<link rel=\"canonical\" href=\"https:\/\/www.lifenatura.com\/es\/produto\/garden-vitamina-k2-60-capsulas-natures-plus\/\" \/>\n<meta property=\"og:locale\" content=\"es_ES\" \/>\n<meta property=\"og:type\" content=\"article\" \/>\n<meta property=\"og:title\" content=\"Garden Vitamina K2 60 c\u00e1psulas - Natures Plus - Lifenatura\" \/>\n<meta property=\"og:description\" content=\"Compre aqui o seu Garden Vitamina K2 60 c\u00e1psulas - Natures Plus e a Lifenatura Online envia em 48 H com Portes Gratis &gt;35\u20ac de Pedido.\" \/>\n<meta property=\"og:url\" content=\"https:\/\/www.lifenatura.com\/es\/produto\/garden-vitamina-k2-60-capsulas-natures-plus\/\" \/>\n<meta property=\"og:site_name\" content=\"Lifenatura\" \/>\n<meta property=\"article:publisher\" content=\"https:\/\/www.facebook.com\/lifenatura\" \/>\n<meta property=\"article:modified_time\" content=\"2026-02-19T08:32:26+00:00\" \/>\n<meta property=\"og:image\" content=\"https:\/\/www.lifenatura.com\/wp-content\/uploads\/2021\/09\/gd_garden_vitamina_k2_60_capsulas_natures_plus.jpg\" \/>\n\t<meta property=\"og:image:width\" content=\"1000\" \/>\n\t<meta property=\"og:image:height\" content=\"1000\" \/>\n\t<meta property=\"og:image:type\" content=\"image\/jpeg\" \/>\n<meta name=\"twitter:card\" content=\"summary_large_image\" \/>\n<meta name=\"twitter:label1\" content=\"Precio\" \/>\n\t<meta name=\"twitter:data1\" content=\"27,74&nbsp;&euro;\" \/>\n\t<meta name=\"twitter:label2\" content=\"Disponibilidad\" \/>\n\t<meta name=\"twitter:data2\" content=\"Disponible\" \/>\n<meta property=\"product:price:amount\" content=\"27.74\" \/>\n<meta property=\"product:price:currency\" content=\"EUR\" \/>\n<meta property=\"og:availability\" content=\"instock\" \/>\n<meta property=\"product:availability\" content=\"instock\" \/>\n<meta property=\"product:retailer_item_id\" content=\"9746730737700\" \/>\n<meta property=\"product:condition\" content=\"new\" \/>\n<!-- \/ Yoast SEO Premium plugin. -->","yoast_head_json":{"title":"Garden Vitamina K2 60 c\u00e1psulas - Natures Plus","description":"Vitamin K2 Garden de Natures Plus es un suplemento de vitamina K2 de origen vegetal de Natto org\u00e1nico. Adecuado para veganos y vegetarianos.","robots":{"index":"index","follow":"follow","max-snippet":"max-snippet:-1","max-image-preview":"max-image-preview:large","max-video-preview":"max-video-preview:-1"},"canonical":"https:\/\/www.lifenatura.com\/es\/produto\/garden-vitamina-k2-60-capsulas-natures-plus\/","og_locale":"es_ES","og_type":"article","og_title":"Garden Vitamina K2 60 c\u00e1psulas - Natures Plus - Lifenatura","og_description":"Compre aqui o seu Garden Vitamina K2 60 c\u00e1psulas - Natures Plus e a Lifenatura Online envia em 48 H com Portes Gratis >35\u20ac de Pedido.","og_url":"https:\/\/www.lifenatura.com\/es\/produto\/garden-vitamina-k2-60-capsulas-natures-plus\/","og_site_name":"Lifenatura","article_publisher":"https:\/\/www.facebook.com\/lifenatura","article_modified_time":"2026-02-19T08:32:26+00:00","og_image":[{"width":1000,"height":1000,"url":"https:\/\/www.lifenatura.com\/wp-content\/uploads\/2021\/09\/gd_garden_vitamina_k2_60_capsulas_natures_plus.jpg","type":"image\/jpeg"}],"twitter_card":"summary_large_image","twitter_misc":{"Precio":"27,74&nbsp;&euro;","Disponibilidad":"Disponible"},"schema":{"@context":"https:\/\/schema.org","@graph":[{"@type":"WebPage","@id":"https:\/\/www.lifenatura.com\/es\/produto\/garden-vitamina-k2-60-capsulas-natures-plus\/","url":"https:\/\/www.lifenatura.com\/es\/produto\/garden-vitamina-k2-60-capsulas-natures-plus\/","name":"Garden Vitamina K2 60 c\u00e1psulas - Natures Plus","isPartOf":{"@id":"https:\/\/www.lifenatura.com\/es\/#website"},"primaryImageOfPage":{"@id":"https:\/\/www.lifenatura.com\/es\/produto\/garden-vitamina-k2-60-capsulas-natures-plus\/#primaryimage"},"image":{"@id":"https:\/\/www.lifenatura.com\/es\/produto\/garden-vitamina-k2-60-capsulas-natures-plus\/#primaryimage"},"thumbnailUrl":"https:\/\/www.lifenatura.com\/wp-content\/uploads\/2021\/09\/gd_garden_vitamina_k2_60_capsulas_natures_plus.jpg","datePublished":"2021-09-30T10:25:19+00:00","dateModified":"2026-02-19T08:32:26+00:00","description":"Vitamin K2 Garden de Natures Plus es un suplemento de vitamina K2 de origen vegetal de Natto org\u00e1nico. Adecuado para veganos y vegetarianos.","breadcrumb":{"@id":"https:\/\/www.lifenatura.com\/es\/produto\/garden-vitamina-k2-60-capsulas-natures-plus\/#breadcrumb"},"inLanguage":"es","potentialAction":[{"@type":"ReadAction","target":["https:\/\/www.lifenatura.com\/es\/produto\/garden-vitamina-k2-60-capsulas-natures-plus\/"]}]},{"@type":"ImageObject","inLanguage":"es","@id":"https:\/\/www.lifenatura.com\/es\/produto\/garden-vitamina-k2-60-capsulas-natures-plus\/#primaryimage","url":"https:\/\/www.lifenatura.com\/wp-content\/uploads\/2021\/09\/gd_garden_vitamina_k2_60_capsulas_natures_plus.jpg","contentUrl":"https:\/\/www.lifenatura.com\/wp-content\/uploads\/2021\/09\/gd_garden_vitamina_k2_60_capsulas_natures_plus.jpg","width":1000,"height":1000,"caption":"Garden Vitamina K2 60 c\u00e1psulas - Natures Plus"},{"@type":"BreadcrumbList","@id":"https:\/\/www.lifenatura.com\/es\/produto\/garden-vitamina-k2-60-capsulas-natures-plus\/#breadcrumb","itemListElement":[{"@type":"ListItem","position":1,"name":"In\u00edcio","item":"https:\/\/www.lifenatura.com\/es\/"},{"@type":"ListItem","position":2,"name":"Todos los Productos","item":"https:\/\/www.lifenatura.com\/es\/tienda\/"},{"@type":"ListItem","position":3,"name":"Garden Vitamina K2 60 c\u00e1psulas &#8211; Natures Plus"}]},{"@type":"WebSite","@id":"https:\/\/www.lifenatura.com\/es\/#website","url":"https:\/\/www.lifenatura.com\/es\/","name":"Lifenatura","description":"A Lifenatura \u00e9 uma loja de produtos naturais, cosm\u00e9tica natural e alimenta\u00e7\u00e3o Biol\u00f3gica.","publisher":{"@id":"https:\/\/www.lifenatura.com\/es\/#organization"},"potentialAction":[{"@type":"SearchAction","target":{"@type":"EntryPoint","urlTemplate":"https:\/\/www.lifenatura.com\/es\/?s={search_term_string}"},"query-input":{"@type":"PropertyValueSpecification","valueRequired":true,"valueName":"search_term_string"}}],"inLanguage":"es"},{"@type":"Organization","@id":"https:\/\/www.lifenatura.com\/es\/#organization","name":"Lifenatura","url":"https:\/\/www.lifenatura.com\/es\/","logo":{"@type":"ImageObject","inLanguage":"es","@id":"https:\/\/www.lifenatura.com\/es\/#\/schema\/logo\/image\/","url":"https:\/\/www.lifenatura.com\/wp-content\/uploads\/2021\/11\/logo.png","contentUrl":"https:\/\/www.lifenatura.com\/wp-content\/uploads\/2021\/11\/logo.png","width":175,"height":55,"caption":"Lifenatura"},"image":{"@id":"https:\/\/www.lifenatura.com\/es\/#\/schema\/logo\/image\/"},"sameAs":["https:\/\/www.facebook.com\/lifenatura","https:\/\/www.instagram.com\/lifenaturapt\/"]}]},"product_price_amount":"27.74","product_price_currency":"EUR","og_availability":"instock","product_availability":"instock","product_retailer_item_id":"9746730737700","product_condition":"new"},"df_price":27.74,"df_sale_price":"","df_regular_price":27.74,"df_image_link":"https:\/\/www.lifenatura.com\/wp-content\/uploads\/2021\/09\/gd_garden_vitamina_k2_60_capsulas_natures_plus-300x300.jpg","_links":{"self":[{"href":"https:\/\/www.lifenatura.com\/es\/wp-json\/wp\/v2\/product\/39542","targetHints":{"allow":["GET"]}}],"collection":[{"href":"https:\/\/www.lifenatura.com\/es\/wp-json\/wp\/v2\/product"}],"about":[{"href":"https:\/\/www.lifenatura.com\/es\/wp-json\/wp\/v2\/types\/product"}],"wp:featuredmedia":[{"embeddable":true,"href":"https:\/\/www.lifenatura.com\/es\/wp-json\/wp\/v2\/media\/20846"}],"wp:attachment":[{"href":"https:\/\/www.lifenatura.com\/es\/wp-json\/wp\/v2\/media?parent=39542"}],"wp:term":[{"taxonomy":"product_brand","embeddable":true,"href":"https:\/\/www.lifenatura.com\/es\/wp-json\/wp\/v2\/product_brand?post=39542"},{"taxonomy":"product_cat","embeddable":true,"href":"https:\/\/www.lifenatura.com\/es\/wp-json\/wp\/v2\/product_cat?post=39542"},{"taxonomy":"product_tag","embeddable":true,"href":"https:\/\/www.lifenatura.com\/es\/wp-json\/wp\/v2\/product_tag?post=39542"}],"curies":[{"name":"wp","href":"https:\/\/api.w.org\/{rel}","templated":true}]}}