{"id":39536,"date":"2021-09-30T10:24:58","date_gmt":"2021-09-30T10:24:58","guid":{"rendered":"https:\/\/lifenatura.dev.agenciagetdigital.com\/produto\/colina-inositol-500-mg-60-comprimidos-natures-plus\/"},"modified":"2026-02-19T08:32:25","modified_gmt":"2026-02-19T08:32:25","slug":"colina-inositol-500-mg-60-comprimidos-natures-plus","status":"publish","type":"product","link":"https:\/\/www.lifenatura.com\/es\/produto\/colina-inositol-500-mg-60-comprimidos-natures-plus\/","title":{"rendered":"Colina &#038; Inositol 500 mg 60 comprimidos &#8211; Natures Plus"},"content":{"rendered":"<h2 style=\"text-align: left;\"><strong>La colina y el inositol previenen la acumulaci\u00f3n de colesterol<\/strong><\/h2>\n<p>&nbsp;<\/p>\n<p>La colina y el inositol son componentes de la lecitina similares al grupo de las vitaminas B. La combinaci\u00f3n colina-inositol ejerce un efecto lipotr\u00f3pico, favorece el aprovechamiento de grasas y colesterol y previene su acumulaci\u00f3n dentro de las c\u00e9lulas del organismo.<\/p>\n<p>Formulada a base de arroz integral org\u00e1nico, la colina contribuye al metabolismo normal de la homociste\u00edna y los l\u00edpidos y a mantener la funci\u00f3n hep\u00e1tica normal. Sin gluten.<\/p>\n<p><strong>Principales beneficios:<\/strong><\/p>\n<ul>\n<li><strong>Salud hep\u00e1tica:<\/strong> La colina favorece la desintoxicaci\u00f3n hep\u00e1tica y ayuda a metabolizar las grasas en el h\u00edgado.<\/li>\n<li><strong>Mejora de la memoria y la concentraci\u00f3n:<\/strong> Contribuye a la funci\u00f3n cognitiva y es esencial para la producci\u00f3n de neurotransmisores como la acetilcolina.<\/li>\n<li><strong>Regulaci\u00f3n del colesterol:<\/strong> El inositol ayuda a equilibrar los niveles de colesterol y favorece un metabolismo sano.<\/li>\n<li><strong>Apoyo al sistema nervioso:<\/strong> Favorece el equilibrio emocional y puede ayudar a reducir los s\u00edntomas del estr\u00e9s y la ansiedad.<\/li>\n<li><strong>Apoyo metab\u00f3lico:<\/strong> Esencial para el metabolismo de los l\u00edpidos, ayuda a la correcta digesti\u00f3n y absorci\u00f3n de las grasas.<\/li>\n<\/ul>\n<p><strong>Adecuado para:<\/strong><\/p>\n<p>Personas que desean apoyar la funci\u00f3n hep\u00e1tica y mejorar la metabolizaci\u00f3n de las grasas.<br \/>\nPersonas que desean mejorar la memoria, la concentraci\u00f3n y la salud cerebral.<br \/>\nQuienes deseen equilibrar los niveles de colesterol de forma natural.<br \/>\nIdeal para quienes se enfrentan a problemas relacionados con el estr\u00e9s y la ansiedad.<\/p>\n<p>La colina desempe\u00f1a un papel fundamental en la funci\u00f3n hep\u00e1tica y en la producci\u00f3n de neurotransmisores que favorecen la memoria y la concentraci\u00f3n. El inositol es conocido por su acci\u00f3n reguladora sobre el sistema nervioso y la metabolizaci\u00f3n de las grasas, ayudando a equilibrar los niveles de colesterol y favoreciendo el bienestar emocional.<\/p>\n<p><strong>PRESENTACI\u00d3N <\/strong><\/p>\n<p>60 comprimidos.<\/p>\n<p>&nbsp;<\/p>\n","protected":false},"excerpt":{"rendered":"<p>Colina e Inositol favorece el h\u00edgado, la funci\u00f3n cerebral y el metabolismo de las grasas, promoviendo la salud hep\u00e1tica, y la memoria y concentracion. [&#8230;]<\/p>\n<p><a class=\"btn btn-secondary understrap-read-more-link\" href=\"https:\/\/www.lifenatura.com\/es\/produto\/colina-inositol-500-mg-60-comprimidos-natures-plus\/\">Leer m\u00e1s&#8230;<span class=\"screen-reader-text\"> from Colina &#038; Inositol 500 mg 60 comprimidos &#8211; Natures Plus<\/span><\/a><\/p>\n","protected":false},"featured_media":107529,"template":"","meta":{"_acf_changed":false},"product_brand":[8438],"product_cat":[7254,7179],"product_tag":[],"class_list":{"0":"post-39536","1":"product","2":"type-product","3":"status-publish","4":"has-post-thumbnail","6":"product_brand-natures-plus-es","7":"product_cat-higado-vesicula","8":"product_cat-salud","10":"first","11":"instock","12":"shipping-taxable","13":"purchasable","14":"product-type-simple","15":"add-to-wishlist-before_image"},"acf":[],"yoast_head":"<!-- This site is optimized with the Yoast SEO Premium plugin v27.1 (Yoast SEO v27.5) - https:\/\/yoast.com\/product\/yoast-seo-premium-wordpress\/ -->\n<title>Colina &amp; Inositol 500 mg Natures Plus - Lifenatura<\/title>\n<meta name=\"description\" content=\"Colina e Inositol favorece el h\u00edgado, la funci\u00f3n cerebral y el metabolismo de las grasas, promoviendo la salud hep\u00e1tica, y la memoria y concentracion.\" \/>\n<meta name=\"robots\" content=\"index, follow, max-snippet:-1, max-image-preview:large, max-video-preview:-1\" \/>\n<link rel=\"canonical\" href=\"https:\/\/www.lifenatura.com\/es\/produto\/colina-inositol-500-mg-60-comprimidos-natures-plus\/\" \/>\n<meta property=\"og:locale\" content=\"es_ES\" \/>\n<meta property=\"og:type\" content=\"article\" \/>\n<meta property=\"og:title\" content=\"Colina &amp; Inositol 500 mg 60 comprimidos - Natures Plus - Na Lifenatura ao Melhor Pre\u00e7o | Envio 48h\" \/>\n<meta property=\"og:description\" content=\"Compre Colina &amp; Inositol 500 mg 60 comprimidos - Natures Plus com envio r\u00e1pido. Entrega em 48h e portes gr\u00e1tis em compras &gt;35\u20ac. Aproveite j\u00e1 na Lifenatura\" \/>\n<meta property=\"og:url\" content=\"https:\/\/www.lifenatura.com\/es\/produto\/colina-inositol-500-mg-60-comprimidos-natures-plus\/\" \/>\n<meta property=\"og:site_name\" content=\"Lifenatura\" \/>\n<meta property=\"article:publisher\" content=\"https:\/\/www.facebook.com\/lifenatura\" \/>\n<meta property=\"article:modified_time\" content=\"2026-02-19T08:32:25+00:00\" \/>\n<meta property=\"og:image\" content=\"https:\/\/www.lifenatura.com\/wp-content\/uploads\/2021\/09\/colina-inositol-natures-plus.jpg\" \/>\n\t<meta property=\"og:image:width\" content=\"1000\" \/>\n\t<meta property=\"og:image:height\" content=\"1000\" \/>\n\t<meta property=\"og:image:type\" content=\"image\/jpeg\" \/>\n<meta name=\"twitter:card\" content=\"summary_large_image\" \/>\n<meta name=\"twitter:label1\" content=\"Precio\" \/>\n\t<meta name=\"twitter:data1\" content=\"40,86&nbsp;&euro;\" \/>\n\t<meta name=\"twitter:label2\" content=\"Disponibilidad\" \/>\n\t<meta name=\"twitter:data2\" content=\"Disponible\" \/>\n<script type=\"application\/ld+json\" class=\"yoast-schema-graph\">{\"@context\":\"https:\\\/\\\/schema.org\",\"@graph\":[{\"@type\":\"WebPage\",\"@id\":\"https:\\\/\\\/www.lifenatura.com\\\/es\\\/produto\\\/colina-inositol-500-mg-60-comprimidos-natures-plus\\\/\",\"url\":\"https:\\\/\\\/www.lifenatura.com\\\/es\\\/produto\\\/colina-inositol-500-mg-60-comprimidos-natures-plus\\\/\",\"name\":\"Colina & Inositol 500 mg Natures Plus - Lifenatura\",\"isPartOf\":{\"@id\":\"https:\\\/\\\/www.lifenatura.com\\\/es\\\/#website\"},\"primaryImageOfPage\":{\"@id\":\"https:\\\/\\\/www.lifenatura.com\\\/es\\\/produto\\\/colina-inositol-500-mg-60-comprimidos-natures-plus\\\/#primaryimage\"},\"image\":{\"@id\":\"https:\\\/\\\/www.lifenatura.com\\\/es\\\/produto\\\/colina-inositol-500-mg-60-comprimidos-natures-plus\\\/#primaryimage\"},\"thumbnailUrl\":\"https:\\\/\\\/www.lifenatura.com\\\/wp-content\\\/uploads\\\/2021\\\/09\\\/colina-inositol-natures-plus.jpg\",\"datePublished\":\"2021-09-30T10:24:58+00:00\",\"dateModified\":\"2026-02-19T08:32:25+00:00\",\"description\":\"Colina e Inositol favorece el h\u00edgado, la funci\u00f3n cerebral y el metabolismo de las grasas, promoviendo la salud hep\u00e1tica, y la memoria y concentracion.\",\"breadcrumb\":{\"@id\":\"https:\\\/\\\/www.lifenatura.com\\\/es\\\/produto\\\/colina-inositol-500-mg-60-comprimidos-natures-plus\\\/#breadcrumb\"},\"inLanguage\":\"es\",\"potentialAction\":[{\"@type\":\"ReadAction\",\"target\":[\"https:\\\/\\\/www.lifenatura.com\\\/es\\\/produto\\\/colina-inositol-500-mg-60-comprimidos-natures-plus\\\/\"]}]},{\"@type\":\"ImageObject\",\"inLanguage\":\"es\",\"@id\":\"https:\\\/\\\/www.lifenatura.com\\\/es\\\/produto\\\/colina-inositol-500-mg-60-comprimidos-natures-plus\\\/#primaryimage\",\"url\":\"https:\\\/\\\/www.lifenatura.com\\\/wp-content\\\/uploads\\\/2021\\\/09\\\/colina-inositol-natures-plus.jpg\",\"contentUrl\":\"https:\\\/\\\/www.lifenatura.com\\\/wp-content\\\/uploads\\\/2021\\\/09\\\/colina-inositol-natures-plus.jpg\",\"width\":1000,\"height\":1000,\"caption\":\"Colina e Inositol da marca Natures Plus\"},{\"@type\":\"BreadcrumbList\",\"@id\":\"https:\\\/\\\/www.lifenatura.com\\\/es\\\/produto\\\/colina-inositol-500-mg-60-comprimidos-natures-plus\\\/#breadcrumb\",\"itemListElement\":[{\"@type\":\"ListItem\",\"position\":1,\"name\":\"In\u00edcio\",\"item\":\"https:\\\/\\\/www.lifenatura.com\\\/es\\\/\"},{\"@type\":\"ListItem\",\"position\":2,\"name\":\"Todos los Productos\",\"item\":\"https:\\\/\\\/www.lifenatura.com\\\/es\\\/tienda\\\/\"},{\"@type\":\"ListItem\",\"position\":3,\"name\":\"Colina &#038; Inositol 500 mg 60 comprimidos &#8211; Natures Plus\"}]},{\"@type\":\"WebSite\",\"@id\":\"https:\\\/\\\/www.lifenatura.com\\\/es\\\/#website\",\"url\":\"https:\\\/\\\/www.lifenatura.com\\\/es\\\/\",\"name\":\"Lifenatura\",\"description\":\"A Lifenatura \u00e9 uma loja de produtos naturais, cosm\u00e9tica natural e alimenta\u00e7\u00e3o Biol\u00f3gica.\",\"publisher\":{\"@id\":\"https:\\\/\\\/www.lifenatura.com\\\/es\\\/#organization\"},\"potentialAction\":[{\"@type\":\"SearchAction\",\"target\":{\"@type\":\"EntryPoint\",\"urlTemplate\":\"https:\\\/\\\/www.lifenatura.com\\\/es\\\/?s={search_term_string}\"},\"query-input\":{\"@type\":\"PropertyValueSpecification\",\"valueRequired\":true,\"valueName\":\"search_term_string\"}}],\"inLanguage\":\"es\"},{\"@type\":\"Organization\",\"@id\":\"https:\\\/\\\/www.lifenatura.com\\\/es\\\/#organization\",\"name\":\"Lifenatura\",\"url\":\"https:\\\/\\\/www.lifenatura.com\\\/es\\\/\",\"logo\":{\"@type\":\"ImageObject\",\"inLanguage\":\"es\",\"@id\":\"https:\\\/\\\/www.lifenatura.com\\\/es\\\/#\\\/schema\\\/logo\\\/image\\\/\",\"url\":\"https:\\\/\\\/www.lifenatura.com\\\/wp-content\\\/uploads\\\/2021\\\/07\\\/logo.png\",\"contentUrl\":\"https:\\\/\\\/www.lifenatura.com\\\/wp-content\\\/uploads\\\/2021\\\/07\\\/logo.png\",\"width\":175,\"height\":55,\"caption\":\"Lifenatura\"},\"image\":{\"@id\":\"https:\\\/\\\/www.lifenatura.com\\\/es\\\/#\\\/schema\\\/logo\\\/image\\\/\"},\"sameAs\":[\"https:\\\/\\\/www.facebook.com\\\/lifenatura\",\"https:\\\/\\\/www.instagram.com\\\/lifenaturapt\\\/\"],\"hasMerchantReturnPolicy\":{\"@type\":\"MerchantReturnPolicy\",\"merchantReturnLink\":\"https:\\\/\\\/www.lifenatura.com\\\/termos-condicoes-lifenatura\\\/\"}}]}<\/script>\n<meta property=\"product:price:amount\" content=\"40.86\" \/>\n<meta property=\"product:price:currency\" content=\"EUR\" \/>\n<meta property=\"og:availability\" content=\"instock\" \/>\n<meta property=\"product:availability\" content=\"instock\" \/>\n<meta property=\"product:retailer_item_id\" content=\"9746702134100\" \/>\n<meta property=\"product:condition\" content=\"new\" \/>\n<!-- \/ Yoast SEO Premium plugin. -->","yoast_head_json":{"title":"Colina & Inositol 500 mg Natures Plus - Lifenatura","description":"Colina e Inositol favorece el h\u00edgado, la funci\u00f3n cerebral y el metabolismo de las grasas, promoviendo la salud hep\u00e1tica, y la memoria y concentracion.","robots":{"index":"index","follow":"follow","max-snippet":"max-snippet:-1","max-image-preview":"max-image-preview:large","max-video-preview":"max-video-preview:-1"},"canonical":"https:\/\/www.lifenatura.com\/es\/produto\/colina-inositol-500-mg-60-comprimidos-natures-plus\/","og_locale":"es_ES","og_type":"article","og_title":"Colina & Inositol 500 mg 60 comprimidos - Natures Plus - Na Lifenatura ao Melhor Pre\u00e7o | Envio 48h","og_description":"Compre Colina & Inositol 500 mg 60 comprimidos - Natures Plus com envio r\u00e1pido. Entrega em 48h e portes gr\u00e1tis em compras >35\u20ac. Aproveite j\u00e1 na Lifenatura","og_url":"https:\/\/www.lifenatura.com\/es\/produto\/colina-inositol-500-mg-60-comprimidos-natures-plus\/","og_site_name":"Lifenatura","article_publisher":"https:\/\/www.facebook.com\/lifenatura","article_modified_time":"2026-02-19T08:32:25+00:00","og_image":[{"width":1000,"height":1000,"url":"https:\/\/www.lifenatura.com\/wp-content\/uploads\/2021\/09\/colina-inositol-natures-plus.jpg","type":"image\/jpeg"}],"twitter_card":"summary_large_image","twitter_misc":{"Precio":"40,86&nbsp;&euro;","Disponibilidad":"Disponible"},"schema":{"@context":"https:\/\/schema.org","@graph":[{"@type":"WebPage","@id":"https:\/\/www.lifenatura.com\/es\/produto\/colina-inositol-500-mg-60-comprimidos-natures-plus\/","url":"https:\/\/www.lifenatura.com\/es\/produto\/colina-inositol-500-mg-60-comprimidos-natures-plus\/","name":"Colina & Inositol 500 mg Natures Plus - Lifenatura","isPartOf":{"@id":"https:\/\/www.lifenatura.com\/es\/#website"},"primaryImageOfPage":{"@id":"https:\/\/www.lifenatura.com\/es\/produto\/colina-inositol-500-mg-60-comprimidos-natures-plus\/#primaryimage"},"image":{"@id":"https:\/\/www.lifenatura.com\/es\/produto\/colina-inositol-500-mg-60-comprimidos-natures-plus\/#primaryimage"},"thumbnailUrl":"https:\/\/www.lifenatura.com\/wp-content\/uploads\/2021\/09\/colina-inositol-natures-plus.jpg","datePublished":"2021-09-30T10:24:58+00:00","dateModified":"2026-02-19T08:32:25+00:00","description":"Colina e Inositol favorece el h\u00edgado, la funci\u00f3n cerebral y el metabolismo de las grasas, promoviendo la salud hep\u00e1tica, y la memoria y concentracion.","breadcrumb":{"@id":"https:\/\/www.lifenatura.com\/es\/produto\/colina-inositol-500-mg-60-comprimidos-natures-plus\/#breadcrumb"},"inLanguage":"es","potentialAction":[{"@type":"ReadAction","target":["https:\/\/www.lifenatura.com\/es\/produto\/colina-inositol-500-mg-60-comprimidos-natures-plus\/"]}]},{"@type":"ImageObject","inLanguage":"es","@id":"https:\/\/www.lifenatura.com\/es\/produto\/colina-inositol-500-mg-60-comprimidos-natures-plus\/#primaryimage","url":"https:\/\/www.lifenatura.com\/wp-content\/uploads\/2021\/09\/colina-inositol-natures-plus.jpg","contentUrl":"https:\/\/www.lifenatura.com\/wp-content\/uploads\/2021\/09\/colina-inositol-natures-plus.jpg","width":1000,"height":1000,"caption":"Colina e Inositol da marca Natures Plus"},{"@type":"BreadcrumbList","@id":"https:\/\/www.lifenatura.com\/es\/produto\/colina-inositol-500-mg-60-comprimidos-natures-plus\/#breadcrumb","itemListElement":[{"@type":"ListItem","position":1,"name":"In\u00edcio","item":"https:\/\/www.lifenatura.com\/es\/"},{"@type":"ListItem","position":2,"name":"Todos los Productos","item":"https:\/\/www.lifenatura.com\/es\/tienda\/"},{"@type":"ListItem","position":3,"name":"Colina &#038; Inositol 500 mg 60 comprimidos &#8211; Natures Plus"}]},{"@type":"WebSite","@id":"https:\/\/www.lifenatura.com\/es\/#website","url":"https:\/\/www.lifenatura.com\/es\/","name":"Lifenatura","description":"A Lifenatura \u00e9 uma loja de produtos naturais, cosm\u00e9tica natural e alimenta\u00e7\u00e3o Biol\u00f3gica.","publisher":{"@id":"https:\/\/www.lifenatura.com\/es\/#organization"},"potentialAction":[{"@type":"SearchAction","target":{"@type":"EntryPoint","urlTemplate":"https:\/\/www.lifenatura.com\/es\/?s={search_term_string}"},"query-input":{"@type":"PropertyValueSpecification","valueRequired":true,"valueName":"search_term_string"}}],"inLanguage":"es"},{"@type":"Organization","@id":"https:\/\/www.lifenatura.com\/es\/#organization","name":"Lifenatura","url":"https:\/\/www.lifenatura.com\/es\/","logo":{"@type":"ImageObject","inLanguage":"es","@id":"https:\/\/www.lifenatura.com\/es\/#\/schema\/logo\/image\/","url":"https:\/\/www.lifenatura.com\/wp-content\/uploads\/2021\/07\/logo.png","contentUrl":"https:\/\/www.lifenatura.com\/wp-content\/uploads\/2021\/07\/logo.png","width":175,"height":55,"caption":"Lifenatura"},"image":{"@id":"https:\/\/www.lifenatura.com\/es\/#\/schema\/logo\/image\/"},"sameAs":["https:\/\/www.facebook.com\/lifenatura","https:\/\/www.instagram.com\/lifenaturapt\/"],"hasMerchantReturnPolicy":{"@type":"MerchantReturnPolicy","merchantReturnLink":"https:\/\/www.lifenatura.com\/termos-condicoes-lifenatura\/"}}]},"product_price_amount":"40.86","product_price_currency":"EUR","og_availability":"instock","product_availability":"instock","product_retailer_item_id":"9746702134100","product_condition":"new"},"df_price":40.86,"df_sale_price":"","df_regular_price":40.86,"df_image_link":"https:\/\/www.lifenatura.com\/wp-content\/uploads\/2021\/09\/colina-inositol-natures-plus-300x300.jpg","_links":{"self":[{"href":"https:\/\/www.lifenatura.com\/es\/wp-json\/wp\/v2\/product\/39536","targetHints":{"allow":["GET"]}}],"collection":[{"href":"https:\/\/www.lifenatura.com\/es\/wp-json\/wp\/v2\/product"}],"about":[{"href":"https:\/\/www.lifenatura.com\/es\/wp-json\/wp\/v2\/types\/product"}],"wp:featuredmedia":[{"embeddable":true,"href":"https:\/\/www.lifenatura.com\/es\/wp-json\/wp\/v2\/media\/107529"}],"wp:attachment":[{"href":"https:\/\/www.lifenatura.com\/es\/wp-json\/wp\/v2\/media?parent=39536"}],"wp:term":[{"taxonomy":"product_brand","embeddable":true,"href":"https:\/\/www.lifenatura.com\/es\/wp-json\/wp\/v2\/product_brand?post=39536"},{"taxonomy":"product_cat","embeddable":true,"href":"https:\/\/www.lifenatura.com\/es\/wp-json\/wp\/v2\/product_cat?post=39536"},{"taxonomy":"product_tag","embeddable":true,"href":"https:\/\/www.lifenatura.com\/es\/wp-json\/wp\/v2\/product_tag?post=39536"}],"curies":[{"name":"wp","href":"https:\/\/api.w.org\/{rel}","templated":true}]}}