{"id":39517,"date":"2021-09-30T10:24:38","date_gmt":"2021-09-30T10:24:38","guid":{"rendered":"https:\/\/lifenatura.dev.agenciagetdigital.com\/produto\/vitamina-c-1000-mg-180-comprimidos-natures-plus\/"},"modified":"2026-02-19T08:32:21","modified_gmt":"2026-02-19T08:32:21","slug":"vitamina-c-1000-mg-180-comprimidos-natures-plus","status":"publish","type":"product","link":"https:\/\/www.lifenatura.com\/es\/produto\/vitamina-c-1000-mg-180-comprimidos-natures-plus\/","title":{"rendered":"Vitamina C 1000 mg 180 comprimidos &#8211; Natures Plus"},"content":{"rendered":"<p>Suplemento de vitamina C Vitamina C de origen natural enriquecida con rosa mosqueta, act\u00faa como antioxidante y realiza m\u00faltiples funciones fisiol\u00f3gicas, y presenta una liberaci\u00f3n sostenida que mejora en un 40% la efectividad y penetraci\u00f3n celular del \u00e1cido asc\u00f3rbico. Participa en la s\u00edntesis de col\u00e1geno, en los procesos de cicatrizaci\u00f3n, s\u00edntesis de hormonas como los corticosteroides y la hormona tiroidea. Tiene un efecto protector sobre la circulaci\u00f3n y los m\u00fasculos, y reduce los efectos negativos de los radicales libres. En invierno, puede ser necesario un aporte extra, ya que aumenta la eficacia del sistema inmunol\u00f3gico. El cin\u00f3rrodo, fruto de la Rosa canina, destaca por ser uno de los mejores antioxidantes naturales, gracias a su contenido en vitamina C y flavonoides. PRESENTACI\u00d3N 180 comprimidos.<\/p>\n","protected":false},"excerpt":{"rendered":"<p>Suplemento de vitamina C Vitamina C de origen natural enriquecida con rosa mosqueta, act\u00faa como antioxidante y realiza m\u00faltiples funciones fisiol\u00f3gicas, y presenta una liberaci\u00f3n sostenida que mejora en un 40% la efectividad y penetraci\u00f3n celular del \u00e1cido asc\u00f3rbico. Participa en la s\u00edntesis de col\u00e1geno, en los procesos de cicatrizaci\u00f3n, s\u00edntesis de hormonas como los [&#8230;]<\/p>\n<p><a class=\"btn btn-secondary understrap-read-more-link\" href=\"https:\/\/www.lifenatura.com\/es\/produto\/vitamina-c-1000-mg-180-comprimidos-natures-plus\/\">Leer m\u00e1s&#8230;<span class=\"screen-reader-text\"> from Vitamina C 1000 mg 180 comprimidos &#8211; Natures Plus<\/span><\/a><\/p>\n","protected":false},"featured_media":20821,"template":"","meta":{"_acf_changed":false},"product_brand":[8438],"product_cat":[7236,7259,7211,7179,7260],"product_tag":[],"class_list":{"0":"post-39517","1":"product","2":"type-product","3":"status-publish","4":"has-post-thumbnail","6":"product_brand-natures-plus-es","7":"product_cat-antioxidantes-salud","8":"product_cat-vitaminas-y-minerales","9":"product_cat-reforza-la-inmunidad-salud","10":"product_cat-salud","11":"product_cat-vitamina-c-salud","13":"first","14":"instock","15":"shipping-taxable","16":"purchasable","17":"product-type-simple","18":"add-to-wishlist-before_image"},"acf":[],"yoast_head":"<!-- This site is optimized with the Yoast SEO Premium plugin v27.1 (Yoast SEO v27.3) - https:\/\/yoast.com\/product\/yoast-seo-premium-wordpress\/ -->\n<title>Vitamina C 1000 mg 180 comprimidos - Natures Plus<\/title>\n<meta name=\"description\" content=\"Participa en la s\u00edntesis de col\u00e1geno, en los procesos de cicatrizaci\u00f3n, s\u00edntesis de hormonas como los corticosteroides y la hormona tiroidea. Tiene un efecto protector sobre la circulaci\u00f3n y los m\u00fasculos.\" \/>\n<meta name=\"robots\" content=\"index, follow, max-snippet:-1, max-image-preview:large, max-video-preview:-1\" \/>\n<link rel=\"canonical\" href=\"https:\/\/www.lifenatura.com\/es\/produto\/vitamina-c-1000-mg-180-comprimidos-natures-plus\/\" \/>\n<meta property=\"og:locale\" content=\"es_ES\" \/>\n<meta property=\"og:type\" content=\"article\" \/>\n<meta property=\"og:title\" content=\"Vitamina C 1000 mg 180 comprimidos - Natures Plus - Lifenatura\" \/>\n<meta property=\"og:description\" content=\"Compre aqui o seu Vitamina C 1000 mg 180 comprimidos - Natures Plus e a Lifenatura Online envia em 48 H com Portes Gratis &gt;35\u20ac de Pedido.\" \/>\n<meta property=\"og:url\" content=\"https:\/\/www.lifenatura.com\/es\/produto\/vitamina-c-1000-mg-180-comprimidos-natures-plus\/\" \/>\n<meta property=\"og:site_name\" content=\"Lifenatura\" \/>\n<meta property=\"article:publisher\" content=\"https:\/\/www.facebook.com\/lifenatura\" \/>\n<meta property=\"article:modified_time\" content=\"2026-02-19T08:32:21+00:00\" \/>\n<meta property=\"og:image\" content=\"https:\/\/www.lifenatura.com\/wp-content\/uploads\/2021\/09\/gd_vitamina_c_1000_mg_180_capsulas_natures_plus.jpg\" \/>\n\t<meta property=\"og:image:width\" content=\"1000\" \/>\n\t<meta property=\"og:image:height\" content=\"1000\" \/>\n\t<meta property=\"og:image:type\" content=\"image\/jpeg\" \/>\n<meta name=\"twitter:card\" content=\"summary_large_image\" \/>\n<meta name=\"twitter:label1\" content=\"Precio\" \/>\n\t<meta name=\"twitter:data1\" content=\"55,39&nbsp;&euro;\" \/>\n\t<meta name=\"twitter:label2\" content=\"Disponibilidad\" \/>\n\t<meta name=\"twitter:data2\" content=\"Disponible\" \/>\n<meta property=\"product:price:amount\" content=\"55.39\" \/>\n<meta property=\"product:price:currency\" content=\"EUR\" \/>\n<meta property=\"og:availability\" content=\"instock\" \/>\n<meta property=\"product:availability\" content=\"instock\" \/>\n<meta property=\"product:retailer_item_id\" content=\"9746702310900\" \/>\n<meta property=\"product:condition\" content=\"new\" \/>\n<!-- \/ Yoast SEO Premium plugin. -->","yoast_head_json":{"title":"Vitamina C 1000 mg 180 comprimidos - Natures Plus","description":"Participa en la s\u00edntesis de col\u00e1geno, en los procesos de cicatrizaci\u00f3n, s\u00edntesis de hormonas como los corticosteroides y la hormona tiroidea. Tiene un efecto protector sobre la circulaci\u00f3n y los m\u00fasculos.","robots":{"index":"index","follow":"follow","max-snippet":"max-snippet:-1","max-image-preview":"max-image-preview:large","max-video-preview":"max-video-preview:-1"},"canonical":"https:\/\/www.lifenatura.com\/es\/produto\/vitamina-c-1000-mg-180-comprimidos-natures-plus\/","og_locale":"es_ES","og_type":"article","og_title":"Vitamina C 1000 mg 180 comprimidos - Natures Plus - Lifenatura","og_description":"Compre aqui o seu Vitamina C 1000 mg 180 comprimidos - Natures Plus e a Lifenatura Online envia em 48 H com Portes Gratis >35\u20ac de Pedido.","og_url":"https:\/\/www.lifenatura.com\/es\/produto\/vitamina-c-1000-mg-180-comprimidos-natures-plus\/","og_site_name":"Lifenatura","article_publisher":"https:\/\/www.facebook.com\/lifenatura","article_modified_time":"2026-02-19T08:32:21+00:00","og_image":[{"width":1000,"height":1000,"url":"https:\/\/www.lifenatura.com\/wp-content\/uploads\/2021\/09\/gd_vitamina_c_1000_mg_180_capsulas_natures_plus.jpg","type":"image\/jpeg"}],"twitter_card":"summary_large_image","twitter_misc":{"Precio":"55,39&nbsp;&euro;","Disponibilidad":"Disponible"},"schema":{"@context":"https:\/\/schema.org","@graph":[{"@type":"WebPage","@id":"https:\/\/www.lifenatura.com\/es\/produto\/vitamina-c-1000-mg-180-comprimidos-natures-plus\/","url":"https:\/\/www.lifenatura.com\/es\/produto\/vitamina-c-1000-mg-180-comprimidos-natures-plus\/","name":"Vitamina C 1000 mg 180 comprimidos - Natures Plus","isPartOf":{"@id":"https:\/\/www.lifenatura.com\/es\/#website"},"primaryImageOfPage":{"@id":"https:\/\/www.lifenatura.com\/es\/produto\/vitamina-c-1000-mg-180-comprimidos-natures-plus\/#primaryimage"},"image":{"@id":"https:\/\/www.lifenatura.com\/es\/produto\/vitamina-c-1000-mg-180-comprimidos-natures-plus\/#primaryimage"},"thumbnailUrl":"https:\/\/www.lifenatura.com\/wp-content\/uploads\/2021\/09\/gd_vitamina_c_1000_mg_180_capsulas_natures_plus.jpg","datePublished":"2021-09-30T10:24:38+00:00","dateModified":"2026-02-19T08:32:21+00:00","description":"Participa en la s\u00edntesis de col\u00e1geno, en los procesos de cicatrizaci\u00f3n, s\u00edntesis de hormonas como los corticosteroides y la hormona tiroidea. Tiene un efecto protector sobre la circulaci\u00f3n y los m\u00fasculos.","breadcrumb":{"@id":"https:\/\/www.lifenatura.com\/es\/produto\/vitamina-c-1000-mg-180-comprimidos-natures-plus\/#breadcrumb"},"inLanguage":"es","potentialAction":[{"@type":"ReadAction","target":["https:\/\/www.lifenatura.com\/es\/produto\/vitamina-c-1000-mg-180-comprimidos-natures-plus\/"]}]},{"@type":"ImageObject","inLanguage":"es","@id":"https:\/\/www.lifenatura.com\/es\/produto\/vitamina-c-1000-mg-180-comprimidos-natures-plus\/#primaryimage","url":"https:\/\/www.lifenatura.com\/wp-content\/uploads\/2021\/09\/gd_vitamina_c_1000_mg_180_capsulas_natures_plus.jpg","contentUrl":"https:\/\/www.lifenatura.com\/wp-content\/uploads\/2021\/09\/gd_vitamina_c_1000_mg_180_capsulas_natures_plus.jpg","width":1000,"height":1000,"caption":"Vitamina C 1000 mg 180 comprimidos - Natures Plus"},{"@type":"BreadcrumbList","@id":"https:\/\/www.lifenatura.com\/es\/produto\/vitamina-c-1000-mg-180-comprimidos-natures-plus\/#breadcrumb","itemListElement":[{"@type":"ListItem","position":1,"name":"In\u00edcio","item":"https:\/\/www.lifenatura.com\/es\/"},{"@type":"ListItem","position":2,"name":"Todos los Productos","item":"https:\/\/www.lifenatura.com\/es\/tienda\/"},{"@type":"ListItem","position":3,"name":"Vitamina C 1000 mg 180 comprimidos &#8211; Natures Plus"}]},{"@type":"WebSite","@id":"https:\/\/www.lifenatura.com\/es\/#website","url":"https:\/\/www.lifenatura.com\/es\/","name":"Lifenatura","description":"A Lifenatura \u00e9 uma loja de produtos naturais, cosm\u00e9tica natural e alimenta\u00e7\u00e3o Biol\u00f3gica.","publisher":{"@id":"https:\/\/www.lifenatura.com\/es\/#organization"},"potentialAction":[{"@type":"SearchAction","target":{"@type":"EntryPoint","urlTemplate":"https:\/\/www.lifenatura.com\/es\/?s={search_term_string}"},"query-input":{"@type":"PropertyValueSpecification","valueRequired":true,"valueName":"search_term_string"}}],"inLanguage":"es"},{"@type":"Organization","@id":"https:\/\/www.lifenatura.com\/es\/#organization","name":"Lifenatura","url":"https:\/\/www.lifenatura.com\/es\/","logo":{"@type":"ImageObject","inLanguage":"es","@id":"https:\/\/www.lifenatura.com\/es\/#\/schema\/logo\/image\/","url":"https:\/\/www.lifenatura.com\/wp-content\/uploads\/2021\/11\/logo.png","contentUrl":"https:\/\/www.lifenatura.com\/wp-content\/uploads\/2021\/11\/logo.png","width":175,"height":55,"caption":"Lifenatura"},"image":{"@id":"https:\/\/www.lifenatura.com\/es\/#\/schema\/logo\/image\/"},"sameAs":["https:\/\/www.facebook.com\/lifenatura","https:\/\/www.instagram.com\/lifenaturapt\/"]}]},"product_price_amount":"55.39","product_price_currency":"EUR","og_availability":"instock","product_availability":"instock","product_retailer_item_id":"9746702310900","product_condition":"new"},"df_price":55.39,"df_sale_price":"","df_regular_price":55.39,"df_image_link":"https:\/\/www.lifenatura.com\/wp-content\/uploads\/2021\/09\/gd_vitamina_c_1000_mg_180_capsulas_natures_plus-300x300.jpg","_links":{"self":[{"href":"https:\/\/www.lifenatura.com\/es\/wp-json\/wp\/v2\/product\/39517","targetHints":{"allow":["GET"]}}],"collection":[{"href":"https:\/\/www.lifenatura.com\/es\/wp-json\/wp\/v2\/product"}],"about":[{"href":"https:\/\/www.lifenatura.com\/es\/wp-json\/wp\/v2\/types\/product"}],"wp:featuredmedia":[{"embeddable":true,"href":"https:\/\/www.lifenatura.com\/es\/wp-json\/wp\/v2\/media\/20821"}],"wp:attachment":[{"href":"https:\/\/www.lifenatura.com\/es\/wp-json\/wp\/v2\/media?parent=39517"}],"wp:term":[{"taxonomy":"product_brand","embeddable":true,"href":"https:\/\/www.lifenatura.com\/es\/wp-json\/wp\/v2\/product_brand?post=39517"},{"taxonomy":"product_cat","embeddable":true,"href":"https:\/\/www.lifenatura.com\/es\/wp-json\/wp\/v2\/product_cat?post=39517"},{"taxonomy":"product_tag","embeddable":true,"href":"https:\/\/www.lifenatura.com\/es\/wp-json\/wp\/v2\/product_tag?post=39517"}],"curies":[{"name":"wp","href":"https:\/\/api.w.org\/{rel}","templated":true}]}}