{"id":39513,"date":"2021-09-30T10:24:38","date_gmt":"2021-09-30T10:24:38","guid":{"rendered":"https:\/\/lifenatura.dev.agenciagetdigital.com\/produto\/dyno-mins-magnesio-300-mg-90-comprimidos-natures-plus\/"},"modified":"2025-02-21T17:24:11","modified_gmt":"2025-02-21T17:24:11","slug":"dyno-mins-magnesio-300-mg-90-comprimidos-natures-plus","status":"publish","type":"product","link":"https:\/\/www.lifenatura.com\/es\/produto\/dyno-mins-magnesio-300-mg-90-comprimidos-natures-plus\/","title":{"rendered":"Dyno-Mins Magn\u00e9sio 300 mg 90 comprimidos &#8211; Natures Plus"},"content":{"rendered":"<h2 style=\"text-align: left;\"><strong>Dyno-Mins Magnesio Natures Plus: Apoyo esencial para m\u00fasculos, huesos y energ\u00eda<\/strong><\/h2>\n<p>&nbsp;<\/p>\n<p>Dyno-Mins Magnesio de Natures Plus es un complemento alimenticio avanzado que proporciona magnesio biodisponible para optimizar su absorci\u00f3n y beneficios en el organismo. El magnesio es un mineral esencial para la funci\u00f3n muscular, la salud \u00f3sea y el equilibrio del sistema nervioso.<\/p>\n<p>El magnesio es un ingrediente mineral de alta calidad basado en tres procedimientos \u00fanicos:<\/p>\n<ul>\n<li>Combinaci\u00f3n \u00f3ptima de diferentes fuentes minerales (\u00f3xidos y fosfatos) y amino\u00e1cidos en forma de hidrolizado de prote\u00edna de arroz, que favorecen el transporte mineral.<\/li>\n<li>Mezcla vegetal de absorci\u00f3n especial a base de pimienta negra, pimienta larga y jengibre.<\/li>\n<li>Mostaza (Brassica juncea), fuente de oligoelementos que act\u00faan como cofactores en el metabolismo mineral.<\/li>\n<\/ul>\n<p><strong>Principales beneficios:<\/strong><\/p>\n<ul>\n<li><strong>Apoyo muscular y nervioso:<\/strong> Contribuye al funcionamiento normal de los m\u00fasculos y del sistema nervioso, previniendo calambres y tensiones musculares.<br \/>\n<strong>Salud \u00f3sea<\/strong>: Esencial para mantener la densidad \u00f3sea, ayudando a la absorci\u00f3n del calcio.<br \/>\n<strong>Reduce el cansancio y la fatiga<\/strong>: Contribuye a la producci\u00f3n de energ\u00eda, mejorando los niveles de vitalidad diarios.<br \/>\n<strong>Equilibrio mental y emocional:<\/strong> Ayuda a reducir el estr\u00e9s y favorece la relajaci\u00f3n, mejorando la calidad del sue\u00f1o.<br \/>\n<strong>Absorci\u00f3n optimizada<\/strong>: F\u00f3rmula altamente biodisponible para asegurar una asimilaci\u00f3n eficaz por el organismo.<\/li>\n<\/ul>\n<p><strong>Adecuado para:<\/strong><\/p>\n<p>Personas con d\u00e9ficit de magnesio que buscan mejorar su salud muscular y nerviosa.<br \/>\nPersonas que sufren calambres, fatiga o estr\u00e9s excesivo.<br \/>\nLas personas que desean reforzar la salud \u00f3sea y prevenir la osteoporosis.<br \/>\nIdeal para deportistas y personas con una rutina exigente que requiera un aporte energ\u00e9tico.<\/p>\n<p>El magnesio act\u00faa como catalizador en el metabolismo de carbohidratos, grasas y prote\u00ednas, as\u00ed como en la utilizaci\u00f3n del f\u00f3sforo, calcio y potasio. Es importante en los procesos de obtenci\u00f3n de energ\u00eda y en el mantenimiento de huesos, arterias, nervios y dientes.<\/p>\n<p>Apto para vegetarianos.<\/p>\n<p><strong>PRESENTACI\u00d3N<\/strong><\/p>\n<p>90 comprimidos.<\/p>\n<p>&nbsp;<\/p>\n","protected":false},"excerpt":{"rendered":"<p>Dyno-Mins Magnesio apoya los m\u00fasculos, los huesos y la energ\u00eda, reduciendo el cansancio y previniendo los calambres. F\u00f3rmula para una m\u00e1xima absorci\u00f3n. [&#8230;]<\/p>\n<p><a class=\"btn btn-secondary understrap-read-more-link\" href=\"https:\/\/www.lifenatura.com\/es\/produto\/dyno-mins-magnesio-300-mg-90-comprimidos-natures-plus\/\">Leer m\u00e1s&#8230;<span class=\"screen-reader-text\"> from Dyno-Mins Magn\u00e9sio 300 mg 90 comprimidos &#8211; Natures Plus<\/span><\/a><\/p>\n","protected":false},"featured_media":107540,"template":"","meta":{"_acf_changed":false},"product_brand":[8438],"product_cat":[7659,7740,7206,7179],"product_tag":[],"class_list":{"0":"post-39513","1":"product","2":"type-product","3":"status-publish","4":"has-post-thumbnail","6":"product_brand-natures-plus-es","7":"product_cat-ingrediente-natural-bio","8":"product_cat-magnesio-es","9":"product_cat-musculos-salud","10":"product_cat-salud","12":"first","13":"instock","14":"shipping-taxable","15":"purchasable","16":"product-type-simple","17":"add-to-wishlist-before_image"},"acf":[],"yoast_head":"<!-- This site is optimized with the Yoast SEO Premium plugin v27.1 (Yoast SEO v27.5) - https:\/\/yoast.com\/product\/yoast-seo-premium-wordpress\/ -->\n<title>Dyno-Mins Magn\u00e9sio 300 mg Natures Plus - Lifenatura<\/title>\n<meta name=\"description\" content=\"Dyno-Mins Magnesio apoya los m\u00fasculos, los huesos y la energ\u00eda, reduciendo el cansancio y previniendo los calambres. F\u00f3rmula para una m\u00e1xima absorci\u00f3n.\" \/>\n<meta name=\"robots\" content=\"index, follow, max-snippet:-1, max-image-preview:large, max-video-preview:-1\" \/>\n<link rel=\"canonical\" href=\"https:\/\/www.lifenatura.com\/es\/produto\/dyno-mins-magnesio-300-mg-90-comprimidos-natures-plus\/\" \/>\n<meta property=\"og:locale\" content=\"es_ES\" \/>\n<meta property=\"og:type\" content=\"article\" \/>\n<meta property=\"og:title\" content=\"Dyno-Mins Magn\u00e9sio 300 mg 90 comprimidos - Natures Plus - Na Lifenatura ao Melhor Pre\u00e7o | Envio 48h\" \/>\n<meta property=\"og:description\" content=\"Compre Dyno-Mins Magn\u00e9sio 300 mg 90 comprimidos - Natures Plus com envio r\u00e1pido. Entrega em 48h e portes gr\u00e1tis em compras &gt;35\u20ac. Aproveite j\u00e1 na Lifenatura\" \/>\n<meta property=\"og:url\" content=\"https:\/\/www.lifenatura.com\/es\/produto\/dyno-mins-magnesio-300-mg-90-comprimidos-natures-plus\/\" \/>\n<meta property=\"og:site_name\" content=\"Lifenatura\" \/>\n<meta property=\"article:publisher\" content=\"https:\/\/www.facebook.com\/lifenatura\" \/>\n<meta property=\"article:modified_time\" content=\"2025-02-21T17:24:11+00:00\" \/>\n<meta property=\"og:image\" content=\"https:\/\/www.lifenatura.com\/wp-content\/uploads\/2021\/09\/dyno-mins-magnesio-natures-plus.jpg\" \/>\n\t<meta property=\"og:image:width\" content=\"1000\" \/>\n\t<meta property=\"og:image:height\" content=\"1000\" \/>\n\t<meta property=\"og:image:type\" content=\"image\/jpeg\" \/>\n<meta name=\"twitter:card\" content=\"summary_large_image\" \/>\n<meta name=\"twitter:label1\" content=\"Precio\" \/>\n\t<meta name=\"twitter:data1\" content=\"28,70&nbsp;&euro;\" \/>\n\t<meta name=\"twitter:label2\" content=\"Disponibilidad\" \/>\n\t<meta name=\"twitter:data2\" content=\"Disponible\" \/>\n<script type=\"application\/ld+json\" class=\"yoast-schema-graph\">{\"@context\":\"https:\\\/\\\/schema.org\",\"@graph\":[{\"@type\":\"WebPage\",\"@id\":\"https:\\\/\\\/www.lifenatura.com\\\/es\\\/produto\\\/dyno-mins-magnesio-300-mg-90-comprimidos-natures-plus\\\/\",\"url\":\"https:\\\/\\\/www.lifenatura.com\\\/es\\\/produto\\\/dyno-mins-magnesio-300-mg-90-comprimidos-natures-plus\\\/\",\"name\":\"Dyno-Mins Magn\u00e9sio 300 mg Natures Plus - Lifenatura\",\"isPartOf\":{\"@id\":\"https:\\\/\\\/www.lifenatura.com\\\/es\\\/#website\"},\"primaryImageOfPage\":{\"@id\":\"https:\\\/\\\/www.lifenatura.com\\\/es\\\/produto\\\/dyno-mins-magnesio-300-mg-90-comprimidos-natures-plus\\\/#primaryimage\"},\"image\":{\"@id\":\"https:\\\/\\\/www.lifenatura.com\\\/es\\\/produto\\\/dyno-mins-magnesio-300-mg-90-comprimidos-natures-plus\\\/#primaryimage\"},\"thumbnailUrl\":\"https:\\\/\\\/www.lifenatura.com\\\/wp-content\\\/uploads\\\/2021\\\/09\\\/dyno-mins-magnesio-natures-plus.jpg\",\"datePublished\":\"2021-09-30T10:24:38+00:00\",\"dateModified\":\"2025-02-21T17:24:11+00:00\",\"description\":\"Dyno-Mins Magnesio apoya los m\u00fasculos, los huesos y la energ\u00eda, reduciendo el cansancio y previniendo los calambres. F\u00f3rmula para una m\u00e1xima absorci\u00f3n.\",\"breadcrumb\":{\"@id\":\"https:\\\/\\\/www.lifenatura.com\\\/es\\\/produto\\\/dyno-mins-magnesio-300-mg-90-comprimidos-natures-plus\\\/#breadcrumb\"},\"inLanguage\":\"es\",\"potentialAction\":[{\"@type\":\"ReadAction\",\"target\":[\"https:\\\/\\\/www.lifenatura.com\\\/es\\\/produto\\\/dyno-mins-magnesio-300-mg-90-comprimidos-natures-plus\\\/\"]}]},{\"@type\":\"ImageObject\",\"inLanguage\":\"es\",\"@id\":\"https:\\\/\\\/www.lifenatura.com\\\/es\\\/produto\\\/dyno-mins-magnesio-300-mg-90-comprimidos-natures-plus\\\/#primaryimage\",\"url\":\"https:\\\/\\\/www.lifenatura.com\\\/wp-content\\\/uploads\\\/2021\\\/09\\\/dyno-mins-magnesio-natures-plus.jpg\",\"contentUrl\":\"https:\\\/\\\/www.lifenatura.com\\\/wp-content\\\/uploads\\\/2021\\\/09\\\/dyno-mins-magnesio-natures-plus.jpg\",\"width\":1000,\"height\":1000,\"caption\":\"Dyno-Mins Magn\u00e9sio da mara Natures Plus\"},{\"@type\":\"BreadcrumbList\",\"@id\":\"https:\\\/\\\/www.lifenatura.com\\\/es\\\/produto\\\/dyno-mins-magnesio-300-mg-90-comprimidos-natures-plus\\\/#breadcrumb\",\"itemListElement\":[{\"@type\":\"ListItem\",\"position\":1,\"name\":\"In\u00edcio\",\"item\":\"https:\\\/\\\/www.lifenatura.com\\\/es\\\/\"},{\"@type\":\"ListItem\",\"position\":2,\"name\":\"Todos los Productos\",\"item\":\"https:\\\/\\\/www.lifenatura.com\\\/es\\\/tienda\\\/\"},{\"@type\":\"ListItem\",\"position\":3,\"name\":\"Dyno-Mins Magn\u00e9sio 300 mg 90 comprimidos &#8211; Natures Plus\"}]},{\"@type\":\"WebSite\",\"@id\":\"https:\\\/\\\/www.lifenatura.com\\\/es\\\/#website\",\"url\":\"https:\\\/\\\/www.lifenatura.com\\\/es\\\/\",\"name\":\"Lifenatura\",\"description\":\"A Lifenatura \u00e9 uma loja de produtos naturais, cosm\u00e9tica natural e alimenta\u00e7\u00e3o Biol\u00f3gica.\",\"publisher\":{\"@id\":\"https:\\\/\\\/www.lifenatura.com\\\/es\\\/#organization\"},\"potentialAction\":[{\"@type\":\"SearchAction\",\"target\":{\"@type\":\"EntryPoint\",\"urlTemplate\":\"https:\\\/\\\/www.lifenatura.com\\\/es\\\/?s={search_term_string}\"},\"query-input\":{\"@type\":\"PropertyValueSpecification\",\"valueRequired\":true,\"valueName\":\"search_term_string\"}}],\"inLanguage\":\"es\"},{\"@type\":\"Organization\",\"@id\":\"https:\\\/\\\/www.lifenatura.com\\\/es\\\/#organization\",\"name\":\"Lifenatura\",\"url\":\"https:\\\/\\\/www.lifenatura.com\\\/es\\\/\",\"logo\":{\"@type\":\"ImageObject\",\"inLanguage\":\"es\",\"@id\":\"https:\\\/\\\/www.lifenatura.com\\\/es\\\/#\\\/schema\\\/logo\\\/image\\\/\",\"url\":\"https:\\\/\\\/www.lifenatura.com\\\/wp-content\\\/uploads\\\/2021\\\/07\\\/logo.png\",\"contentUrl\":\"https:\\\/\\\/www.lifenatura.com\\\/wp-content\\\/uploads\\\/2021\\\/07\\\/logo.png\",\"width\":175,\"height\":55,\"caption\":\"Lifenatura\"},\"image\":{\"@id\":\"https:\\\/\\\/www.lifenatura.com\\\/es\\\/#\\\/schema\\\/logo\\\/image\\\/\"},\"sameAs\":[\"https:\\\/\\\/www.facebook.com\\\/lifenatura\",\"https:\\\/\\\/www.instagram.com\\\/lifenaturapt\\\/\"],\"hasMerchantReturnPolicy\":{\"@type\":\"MerchantReturnPolicy\",\"merchantReturnLink\":\"https:\\\/\\\/www.lifenatura.com\\\/termos-condicoes-lifenatura\\\/\"}}]}<\/script>\n<meta property=\"product:price:amount\" content=\"28.70\" \/>\n<meta property=\"product:price:currency\" content=\"EUR\" \/>\n<meta property=\"og:availability\" content=\"instock\" \/>\n<meta property=\"product:availability\" content=\"instock\" \/>\n<meta property=\"product:retailer_item_id\" content=\"8072051074868\" \/>\n<meta property=\"product:condition\" content=\"new\" \/>\n<!-- \/ Yoast SEO Premium plugin. -->","yoast_head_json":{"title":"Dyno-Mins Magn\u00e9sio 300 mg Natures Plus - Lifenatura","description":"Dyno-Mins Magnesio apoya los m\u00fasculos, los huesos y la energ\u00eda, reduciendo el cansancio y previniendo los calambres. F\u00f3rmula para una m\u00e1xima absorci\u00f3n.","robots":{"index":"index","follow":"follow","max-snippet":"max-snippet:-1","max-image-preview":"max-image-preview:large","max-video-preview":"max-video-preview:-1"},"canonical":"https:\/\/www.lifenatura.com\/es\/produto\/dyno-mins-magnesio-300-mg-90-comprimidos-natures-plus\/","og_locale":"es_ES","og_type":"article","og_title":"Dyno-Mins Magn\u00e9sio 300 mg 90 comprimidos - Natures Plus - Na Lifenatura ao Melhor Pre\u00e7o | Envio 48h","og_description":"Compre Dyno-Mins Magn\u00e9sio 300 mg 90 comprimidos - Natures Plus com envio r\u00e1pido. Entrega em 48h e portes gr\u00e1tis em compras >35\u20ac. Aproveite j\u00e1 na Lifenatura","og_url":"https:\/\/www.lifenatura.com\/es\/produto\/dyno-mins-magnesio-300-mg-90-comprimidos-natures-plus\/","og_site_name":"Lifenatura","article_publisher":"https:\/\/www.facebook.com\/lifenatura","article_modified_time":"2025-02-21T17:24:11+00:00","og_image":[{"width":1000,"height":1000,"url":"https:\/\/www.lifenatura.com\/wp-content\/uploads\/2021\/09\/dyno-mins-magnesio-natures-plus.jpg","type":"image\/jpeg"}],"twitter_card":"summary_large_image","twitter_misc":{"Precio":"28,70&nbsp;&euro;","Disponibilidad":"Disponible"},"schema":{"@context":"https:\/\/schema.org","@graph":[{"@type":"WebPage","@id":"https:\/\/www.lifenatura.com\/es\/produto\/dyno-mins-magnesio-300-mg-90-comprimidos-natures-plus\/","url":"https:\/\/www.lifenatura.com\/es\/produto\/dyno-mins-magnesio-300-mg-90-comprimidos-natures-plus\/","name":"Dyno-Mins Magn\u00e9sio 300 mg Natures Plus - Lifenatura","isPartOf":{"@id":"https:\/\/www.lifenatura.com\/es\/#website"},"primaryImageOfPage":{"@id":"https:\/\/www.lifenatura.com\/es\/produto\/dyno-mins-magnesio-300-mg-90-comprimidos-natures-plus\/#primaryimage"},"image":{"@id":"https:\/\/www.lifenatura.com\/es\/produto\/dyno-mins-magnesio-300-mg-90-comprimidos-natures-plus\/#primaryimage"},"thumbnailUrl":"https:\/\/www.lifenatura.com\/wp-content\/uploads\/2021\/09\/dyno-mins-magnesio-natures-plus.jpg","datePublished":"2021-09-30T10:24:38+00:00","dateModified":"2025-02-21T17:24:11+00:00","description":"Dyno-Mins Magnesio apoya los m\u00fasculos, los huesos y la energ\u00eda, reduciendo el cansancio y previniendo los calambres. F\u00f3rmula para una m\u00e1xima absorci\u00f3n.","breadcrumb":{"@id":"https:\/\/www.lifenatura.com\/es\/produto\/dyno-mins-magnesio-300-mg-90-comprimidos-natures-plus\/#breadcrumb"},"inLanguage":"es","potentialAction":[{"@type":"ReadAction","target":["https:\/\/www.lifenatura.com\/es\/produto\/dyno-mins-magnesio-300-mg-90-comprimidos-natures-plus\/"]}]},{"@type":"ImageObject","inLanguage":"es","@id":"https:\/\/www.lifenatura.com\/es\/produto\/dyno-mins-magnesio-300-mg-90-comprimidos-natures-plus\/#primaryimage","url":"https:\/\/www.lifenatura.com\/wp-content\/uploads\/2021\/09\/dyno-mins-magnesio-natures-plus.jpg","contentUrl":"https:\/\/www.lifenatura.com\/wp-content\/uploads\/2021\/09\/dyno-mins-magnesio-natures-plus.jpg","width":1000,"height":1000,"caption":"Dyno-Mins Magn\u00e9sio da mara Natures Plus"},{"@type":"BreadcrumbList","@id":"https:\/\/www.lifenatura.com\/es\/produto\/dyno-mins-magnesio-300-mg-90-comprimidos-natures-plus\/#breadcrumb","itemListElement":[{"@type":"ListItem","position":1,"name":"In\u00edcio","item":"https:\/\/www.lifenatura.com\/es\/"},{"@type":"ListItem","position":2,"name":"Todos los Productos","item":"https:\/\/www.lifenatura.com\/es\/tienda\/"},{"@type":"ListItem","position":3,"name":"Dyno-Mins Magn\u00e9sio 300 mg 90 comprimidos &#8211; Natures Plus"}]},{"@type":"WebSite","@id":"https:\/\/www.lifenatura.com\/es\/#website","url":"https:\/\/www.lifenatura.com\/es\/","name":"Lifenatura","description":"A Lifenatura \u00e9 uma loja de produtos naturais, cosm\u00e9tica natural e alimenta\u00e7\u00e3o Biol\u00f3gica.","publisher":{"@id":"https:\/\/www.lifenatura.com\/es\/#organization"},"potentialAction":[{"@type":"SearchAction","target":{"@type":"EntryPoint","urlTemplate":"https:\/\/www.lifenatura.com\/es\/?s={search_term_string}"},"query-input":{"@type":"PropertyValueSpecification","valueRequired":true,"valueName":"search_term_string"}}],"inLanguage":"es"},{"@type":"Organization","@id":"https:\/\/www.lifenatura.com\/es\/#organization","name":"Lifenatura","url":"https:\/\/www.lifenatura.com\/es\/","logo":{"@type":"ImageObject","inLanguage":"es","@id":"https:\/\/www.lifenatura.com\/es\/#\/schema\/logo\/image\/","url":"https:\/\/www.lifenatura.com\/wp-content\/uploads\/2021\/07\/logo.png","contentUrl":"https:\/\/www.lifenatura.com\/wp-content\/uploads\/2021\/07\/logo.png","width":175,"height":55,"caption":"Lifenatura"},"image":{"@id":"https:\/\/www.lifenatura.com\/es\/#\/schema\/logo\/image\/"},"sameAs":["https:\/\/www.facebook.com\/lifenatura","https:\/\/www.instagram.com\/lifenaturapt\/"],"hasMerchantReturnPolicy":{"@type":"MerchantReturnPolicy","merchantReturnLink":"https:\/\/www.lifenatura.com\/termos-condicoes-lifenatura\/"}}]},"product_price_amount":"28.70","product_price_currency":"EUR","og_availability":"instock","product_availability":"instock","product_retailer_item_id":"8072051074868","product_condition":"new"},"df_price":28.7,"df_sale_price":"","df_regular_price":28.7,"df_image_link":"https:\/\/www.lifenatura.com\/wp-content\/uploads\/2021\/09\/dyno-mins-magnesio-natures-plus-300x300.jpg","_links":{"self":[{"href":"https:\/\/www.lifenatura.com\/es\/wp-json\/wp\/v2\/product\/39513","targetHints":{"allow":["GET"]}}],"collection":[{"href":"https:\/\/www.lifenatura.com\/es\/wp-json\/wp\/v2\/product"}],"about":[{"href":"https:\/\/www.lifenatura.com\/es\/wp-json\/wp\/v2\/types\/product"}],"wp:featuredmedia":[{"embeddable":true,"href":"https:\/\/www.lifenatura.com\/es\/wp-json\/wp\/v2\/media\/107540"}],"wp:attachment":[{"href":"https:\/\/www.lifenatura.com\/es\/wp-json\/wp\/v2\/media?parent=39513"}],"wp:term":[{"taxonomy":"product_brand","embeddable":true,"href":"https:\/\/www.lifenatura.com\/es\/wp-json\/wp\/v2\/product_brand?post=39513"},{"taxonomy":"product_cat","embeddable":true,"href":"https:\/\/www.lifenatura.com\/es\/wp-json\/wp\/v2\/product_cat?post=39513"},{"taxonomy":"product_tag","embeddable":true,"href":"https:\/\/www.lifenatura.com\/es\/wp-json\/wp\/v2\/product_tag?post=39513"}],"curies":[{"name":"wp","href":"https:\/\/api.w.org\/{rel}","templated":true}]}}