{"id":39512,"date":"2021-09-30T10:24:38","date_gmt":"2021-09-30T10:24:38","guid":{"rendered":"https:\/\/lifenatura.dev.agenciagetdigital.com\/produto\/ca-mg-d3-k2-30-comprimidos-natures-plus\/"},"modified":"2025-02-19T22:14:47","modified_gmt":"2025-02-19T22:14:47","slug":"ca-mg-d3-k2-30-comprimidos-natures-plus","status":"publish","type":"product","link":"https:\/\/www.lifenatura.com\/es\/produto\/ca-mg-d3-k2-30-comprimidos-natures-plus\/","title":{"rendered":"Ca\/Mg\/D3 + K2 30 comprimidos &#8211; Natures Plus"},"content":{"rendered":"<h2 style=\"text-align: left;\"><strong>Ca\/Mg\/D3 + K2 Natures Plus: Apoyo completo para unos huesos fuertes y sanos<\/strong><\/h2>\n<p>&nbsp;<\/p>\n<p>Ca\/Mg\/D3 + K2 de Natures Plus es un complemento alimenticio formulado para promover la salud \u00f3sea y el equilibrio mineral en el organismo. Con una combinaci\u00f3n sin\u00e9rgica de calcio, magnesio, vitamina D3 y vitamina K2, este complemento favorece la densidad \u00f3sea, la funci\u00f3n muscular y la salud cardiovascular.<\/p>\n<p>La vitamina D3 mejora la absorci\u00f3n del calcio, mientras que la vitamina K2 garantiza que este mineral se dirija correctamente a los huesos, evitando la acumulaci\u00f3n indeseada en las arterias.<\/p>\n<p><strong>Principales beneficios:<\/strong><\/p>\n<ul>\n<li><strong>Potencia la salud \u00f3sea:<\/strong> El calcio y la vitamina D3 ayudan a mantener unos huesos fuertes y resistentes.<\/li>\n<li><strong>Mejora la funci\u00f3n muscular:<\/strong> El magnesio favorece la relajaci\u00f3n muscular y previene los calambres y la fatiga.<\/li>\n<li><strong>Adecuada absorci\u00f3n y distribuci\u00f3n del calcio:<\/strong> La vitamina K2 evita el dep\u00f3sito de calcio en las arterias, dirigi\u00e9ndolo correctamente a los huesos.<\/li>\n<li><strong>Apoyo al sistema nervioso:<\/strong> El magnesio desempe\u00f1a un papel esencial en el equilibrio neuromuscular y la reducci\u00f3n del estr\u00e9s.<\/li>\n<li><strong>Salud cardiovascular:<\/strong> Ayuda a regular la presi\u00f3n arterial y favorece una circulaci\u00f3n sangu\u00ednea sana.<\/li>\n<\/ul>\n<p><strong>Adecuado para:<\/strong><\/p>\n<p>Personas que desean fortalecer sus huesos y prevenir la osteoporosis.<br \/>\nPersonas con carencias de calcio, magnesio o vitamina D3.<br \/>\nQuienes buscan mejorar la funci\u00f3n muscular y prevenir los calambres.<br \/>\nIdeal para complementar una dieta equilibrada y un estilo de vida saludable.<\/p>\n<p>Complemento que contiene calcio, magnesio, vitaminas D3 (colecalciferol) y K2 (MK-7), combinados con amino\u00e1cidos para una \u00f3ptima absorci\u00f3n, para reforzar la masa \u00f3sea.<\/p>\n<p>Indicado para ayudar a mantener la masa \u00f3sea, los minerales calcio y magnesio se aportan en una base de hidrolizado de prote\u00edna de arroz, que act\u00faa como fuente de amino\u00e1cidos y \u00e9stos a su vez como quelantes, favoreciendo la absorci\u00f3n de los minerales.<\/p>\n<p>Con vitamina D3 que participa en el metabolismo del calcio y vitamina K2 que activa la osteocalcina.<\/p>\n<p><strong>PRESENTACI\u00d3N<\/strong><\/p>\n<p>30 comprimidos.<\/p>\n<p>&nbsp;<\/p>\n","protected":false},"excerpt":{"rendered":"<p>Ca\/Mg\/D3 + K2 Natures Plus fortalece huesos y m\u00fasculos, mejora la absorci\u00f3n del calcio y favorece la salud cardiovascular con una f\u00f3rmula completa. [&#8230;]<\/p>\n<p><a class=\"btn btn-secondary understrap-read-more-link\" href=\"https:\/\/www.lifenatura.com\/es\/produto\/ca-mg-d3-k2-30-comprimidos-natures-plus\/\">Leer m\u00e1s&#8230;<span class=\"screen-reader-text\"> from Ca\/Mg\/D3 + K2 30 comprimidos &#8211; Natures Plus<\/span><\/a><\/p>\n","protected":false},"featured_media":107458,"template":"","meta":{"_acf_changed":false},"product_brand":[8438],"product_cat":[7207,7179,7883],"product_tag":[],"class_list":{"0":"post-39512","1":"product","2":"type-product","3":"status-publish","4":"has-post-thumbnail","6":"product_brand-natures-plus-es","7":"product_cat-osteoporosis","8":"product_cat-salud","9":"product_cat-suplementos-alimenticios","11":"first","12":"instock","13":"shipping-taxable","14":"purchasable","15":"product-type-simple","16":"add-to-wishlist-before_image"},"acf":[],"yoast_head":"<!-- This site is optimized with the Yoast SEO Premium plugin v27.1 (Yoast SEO v27.5) - https:\/\/yoast.com\/product\/yoast-seo-premium-wordpress\/ -->\n<title>Ca\/Mg\/D3 + K2 Natures Plus - Lifenatura<\/title>\n<meta name=\"description\" content=\"Ca\/Mg\/D3 + K2 Natures Plus fortalece huesos y m\u00fasculos, mejora la absorci\u00f3n del calcio y favorece la salud cardiovascular con una f\u00f3rmula completa.\" \/>\n<meta name=\"robots\" content=\"index, follow, max-snippet:-1, max-image-preview:large, max-video-preview:-1\" \/>\n<link rel=\"canonical\" href=\"https:\/\/www.lifenatura.com\/es\/produto\/ca-mg-d3-k2-30-comprimidos-natures-plus\/\" \/>\n<meta property=\"og:locale\" content=\"es_ES\" \/>\n<meta property=\"og:type\" content=\"article\" \/>\n<meta property=\"og:title\" content=\"Ca\/Mg\/D3 + K2 30 comprimidos - Natures Plus - Na Lifenatura ao Melhor Pre\u00e7o | Envio 48h\" \/>\n<meta property=\"og:description\" content=\"Compre Ca\/Mg\/D3 + K2 30 comprimidos - Natures Plus com envio r\u00e1pido. Entrega em 48h e portes gr\u00e1tis em compras &gt;35\u20ac. Aproveite j\u00e1 na Lifenatura\" \/>\n<meta property=\"og:url\" content=\"https:\/\/www.lifenatura.com\/es\/produto\/ca-mg-d3-k2-30-comprimidos-natures-plus\/\" \/>\n<meta property=\"og:site_name\" content=\"Lifenatura\" \/>\n<meta property=\"article:publisher\" content=\"https:\/\/www.facebook.com\/lifenatura\" \/>\n<meta property=\"article:modified_time\" content=\"2025-02-19T22:14:47+00:00\" \/>\n<meta property=\"og:image\" content=\"https:\/\/www.lifenatura.com\/wp-content\/uploads\/2021\/09\/ca-mg-d3-k2-30comprimidos-natures-plus.jpg\" \/>\n\t<meta property=\"og:image:width\" content=\"1000\" \/>\n\t<meta property=\"og:image:height\" content=\"1000\" \/>\n\t<meta property=\"og:image:type\" content=\"image\/jpeg\" \/>\n<meta name=\"twitter:card\" content=\"summary_large_image\" \/>\n<meta name=\"twitter:label1\" content=\"Precio\" \/>\n\t<meta name=\"twitter:data1\" content=\"19,43&nbsp;&euro;\" \/>\n\t<meta name=\"twitter:label2\" content=\"Disponibilidad\" \/>\n\t<meta name=\"twitter:data2\" content=\"Disponible\" \/>\n<script type=\"application\/ld+json\" class=\"yoast-schema-graph\">{\"@context\":\"https:\\\/\\\/schema.org\",\"@graph\":[{\"@type\":\"WebPage\",\"@id\":\"https:\\\/\\\/www.lifenatura.com\\\/es\\\/produto\\\/ca-mg-d3-k2-30-comprimidos-natures-plus\\\/\",\"url\":\"https:\\\/\\\/www.lifenatura.com\\\/es\\\/produto\\\/ca-mg-d3-k2-30-comprimidos-natures-plus\\\/\",\"name\":\"Ca\\\/Mg\\\/D3 + K2 Natures Plus - Lifenatura\",\"isPartOf\":{\"@id\":\"https:\\\/\\\/www.lifenatura.com\\\/es\\\/#website\"},\"primaryImageOfPage\":{\"@id\":\"https:\\\/\\\/www.lifenatura.com\\\/es\\\/produto\\\/ca-mg-d3-k2-30-comprimidos-natures-plus\\\/#primaryimage\"},\"image\":{\"@id\":\"https:\\\/\\\/www.lifenatura.com\\\/es\\\/produto\\\/ca-mg-d3-k2-30-comprimidos-natures-plus\\\/#primaryimage\"},\"thumbnailUrl\":\"https:\\\/\\\/www.lifenatura.com\\\/wp-content\\\/uploads\\\/2021\\\/09\\\/ca-mg-d3-k2-30comprimidos-natures-plus.jpg\",\"datePublished\":\"2021-09-30T10:24:38+00:00\",\"dateModified\":\"2025-02-19T22:14:47+00:00\",\"description\":\"Ca\\\/Mg\\\/D3 + K2 Natures Plus fortalece huesos y m\u00fasculos, mejora la absorci\u00f3n del calcio y favorece la salud cardiovascular con una f\u00f3rmula completa.\",\"breadcrumb\":{\"@id\":\"https:\\\/\\\/www.lifenatura.com\\\/es\\\/produto\\\/ca-mg-d3-k2-30-comprimidos-natures-plus\\\/#breadcrumb\"},\"inLanguage\":\"es\",\"potentialAction\":[{\"@type\":\"ReadAction\",\"target\":[\"https:\\\/\\\/www.lifenatura.com\\\/es\\\/produto\\\/ca-mg-d3-k2-30-comprimidos-natures-plus\\\/\"]}]},{\"@type\":\"ImageObject\",\"inLanguage\":\"es\",\"@id\":\"https:\\\/\\\/www.lifenatura.com\\\/es\\\/produto\\\/ca-mg-d3-k2-30-comprimidos-natures-plus\\\/#primaryimage\",\"url\":\"https:\\\/\\\/www.lifenatura.com\\\/wp-content\\\/uploads\\\/2021\\\/09\\\/ca-mg-d3-k2-30comprimidos-natures-plus.jpg\",\"contentUrl\":\"https:\\\/\\\/www.lifenatura.com\\\/wp-content\\\/uploads\\\/2021\\\/09\\\/ca-mg-d3-k2-30comprimidos-natures-plus.jpg\",\"width\":1000,\"height\":1000,\"caption\":\"Ca, Mg e D3 da marca Natures Plus\"},{\"@type\":\"BreadcrumbList\",\"@id\":\"https:\\\/\\\/www.lifenatura.com\\\/es\\\/produto\\\/ca-mg-d3-k2-30-comprimidos-natures-plus\\\/#breadcrumb\",\"itemListElement\":[{\"@type\":\"ListItem\",\"position\":1,\"name\":\"In\u00edcio\",\"item\":\"https:\\\/\\\/www.lifenatura.com\\\/es\\\/\"},{\"@type\":\"ListItem\",\"position\":2,\"name\":\"Todos los Productos\",\"item\":\"https:\\\/\\\/www.lifenatura.com\\\/es\\\/tienda\\\/\"},{\"@type\":\"ListItem\",\"position\":3,\"name\":\"Ca\\\/Mg\\\/D3 + K2 30 comprimidos &#8211; Natures Plus\"}]},{\"@type\":\"WebSite\",\"@id\":\"https:\\\/\\\/www.lifenatura.com\\\/es\\\/#website\",\"url\":\"https:\\\/\\\/www.lifenatura.com\\\/es\\\/\",\"name\":\"Lifenatura\",\"description\":\"A Lifenatura \u00e9 uma loja de produtos naturais, cosm\u00e9tica natural e alimenta\u00e7\u00e3o Biol\u00f3gica.\",\"publisher\":{\"@id\":\"https:\\\/\\\/www.lifenatura.com\\\/es\\\/#organization\"},\"potentialAction\":[{\"@type\":\"SearchAction\",\"target\":{\"@type\":\"EntryPoint\",\"urlTemplate\":\"https:\\\/\\\/www.lifenatura.com\\\/es\\\/?s={search_term_string}\"},\"query-input\":{\"@type\":\"PropertyValueSpecification\",\"valueRequired\":true,\"valueName\":\"search_term_string\"}}],\"inLanguage\":\"es\"},{\"@type\":\"Organization\",\"@id\":\"https:\\\/\\\/www.lifenatura.com\\\/es\\\/#organization\",\"name\":\"Lifenatura\",\"url\":\"https:\\\/\\\/www.lifenatura.com\\\/es\\\/\",\"logo\":{\"@type\":\"ImageObject\",\"inLanguage\":\"es\",\"@id\":\"https:\\\/\\\/www.lifenatura.com\\\/es\\\/#\\\/schema\\\/logo\\\/image\\\/\",\"url\":\"https:\\\/\\\/www.lifenatura.com\\\/wp-content\\\/uploads\\\/2021\\\/07\\\/logo.png\",\"contentUrl\":\"https:\\\/\\\/www.lifenatura.com\\\/wp-content\\\/uploads\\\/2021\\\/07\\\/logo.png\",\"width\":175,\"height\":55,\"caption\":\"Lifenatura\"},\"image\":{\"@id\":\"https:\\\/\\\/www.lifenatura.com\\\/es\\\/#\\\/schema\\\/logo\\\/image\\\/\"},\"sameAs\":[\"https:\\\/\\\/www.facebook.com\\\/lifenatura\",\"https:\\\/\\\/www.instagram.com\\\/lifenaturapt\\\/\"],\"hasMerchantReturnPolicy\":{\"@type\":\"MerchantReturnPolicy\",\"merchantReturnLink\":\"https:\\\/\\\/www.lifenatura.com\\\/termos-condicoes-lifenatura\\\/\"}}]}<\/script>\n<meta property=\"product:price:amount\" content=\"19.43\" \/>\n<meta property=\"product:price:currency\" content=\"EUR\" \/>\n<meta property=\"og:availability\" content=\"instock\" \/>\n<meta property=\"product:availability\" content=\"instock\" \/>\n<meta property=\"product:retailer_item_id\" content=\"8072051133572\" \/>\n<meta property=\"product:condition\" content=\"new\" \/>\n<!-- \/ Yoast SEO Premium plugin. -->","yoast_head_json":{"title":"Ca\/Mg\/D3 + K2 Natures Plus - Lifenatura","description":"Ca\/Mg\/D3 + K2 Natures Plus fortalece huesos y m\u00fasculos, mejora la absorci\u00f3n del calcio y favorece la salud cardiovascular con una f\u00f3rmula completa.","robots":{"index":"index","follow":"follow","max-snippet":"max-snippet:-1","max-image-preview":"max-image-preview:large","max-video-preview":"max-video-preview:-1"},"canonical":"https:\/\/www.lifenatura.com\/es\/produto\/ca-mg-d3-k2-30-comprimidos-natures-plus\/","og_locale":"es_ES","og_type":"article","og_title":"Ca\/Mg\/D3 + K2 30 comprimidos - Natures Plus - Na Lifenatura ao Melhor Pre\u00e7o | Envio 48h","og_description":"Compre Ca\/Mg\/D3 + K2 30 comprimidos - Natures Plus com envio r\u00e1pido. Entrega em 48h e portes gr\u00e1tis em compras >35\u20ac. Aproveite j\u00e1 na Lifenatura","og_url":"https:\/\/www.lifenatura.com\/es\/produto\/ca-mg-d3-k2-30-comprimidos-natures-plus\/","og_site_name":"Lifenatura","article_publisher":"https:\/\/www.facebook.com\/lifenatura","article_modified_time":"2025-02-19T22:14:47+00:00","og_image":[{"width":1000,"height":1000,"url":"https:\/\/www.lifenatura.com\/wp-content\/uploads\/2021\/09\/ca-mg-d3-k2-30comprimidos-natures-plus.jpg","type":"image\/jpeg"}],"twitter_card":"summary_large_image","twitter_misc":{"Precio":"19,43&nbsp;&euro;","Disponibilidad":"Disponible"},"schema":{"@context":"https:\/\/schema.org","@graph":[{"@type":"WebPage","@id":"https:\/\/www.lifenatura.com\/es\/produto\/ca-mg-d3-k2-30-comprimidos-natures-plus\/","url":"https:\/\/www.lifenatura.com\/es\/produto\/ca-mg-d3-k2-30-comprimidos-natures-plus\/","name":"Ca\/Mg\/D3 + K2 Natures Plus - Lifenatura","isPartOf":{"@id":"https:\/\/www.lifenatura.com\/es\/#website"},"primaryImageOfPage":{"@id":"https:\/\/www.lifenatura.com\/es\/produto\/ca-mg-d3-k2-30-comprimidos-natures-plus\/#primaryimage"},"image":{"@id":"https:\/\/www.lifenatura.com\/es\/produto\/ca-mg-d3-k2-30-comprimidos-natures-plus\/#primaryimage"},"thumbnailUrl":"https:\/\/www.lifenatura.com\/wp-content\/uploads\/2021\/09\/ca-mg-d3-k2-30comprimidos-natures-plus.jpg","datePublished":"2021-09-30T10:24:38+00:00","dateModified":"2025-02-19T22:14:47+00:00","description":"Ca\/Mg\/D3 + K2 Natures Plus fortalece huesos y m\u00fasculos, mejora la absorci\u00f3n del calcio y favorece la salud cardiovascular con una f\u00f3rmula completa.","breadcrumb":{"@id":"https:\/\/www.lifenatura.com\/es\/produto\/ca-mg-d3-k2-30-comprimidos-natures-plus\/#breadcrumb"},"inLanguage":"es","potentialAction":[{"@type":"ReadAction","target":["https:\/\/www.lifenatura.com\/es\/produto\/ca-mg-d3-k2-30-comprimidos-natures-plus\/"]}]},{"@type":"ImageObject","inLanguage":"es","@id":"https:\/\/www.lifenatura.com\/es\/produto\/ca-mg-d3-k2-30-comprimidos-natures-plus\/#primaryimage","url":"https:\/\/www.lifenatura.com\/wp-content\/uploads\/2021\/09\/ca-mg-d3-k2-30comprimidos-natures-plus.jpg","contentUrl":"https:\/\/www.lifenatura.com\/wp-content\/uploads\/2021\/09\/ca-mg-d3-k2-30comprimidos-natures-plus.jpg","width":1000,"height":1000,"caption":"Ca, Mg e D3 da marca Natures Plus"},{"@type":"BreadcrumbList","@id":"https:\/\/www.lifenatura.com\/es\/produto\/ca-mg-d3-k2-30-comprimidos-natures-plus\/#breadcrumb","itemListElement":[{"@type":"ListItem","position":1,"name":"In\u00edcio","item":"https:\/\/www.lifenatura.com\/es\/"},{"@type":"ListItem","position":2,"name":"Todos los Productos","item":"https:\/\/www.lifenatura.com\/es\/tienda\/"},{"@type":"ListItem","position":3,"name":"Ca\/Mg\/D3 + K2 30 comprimidos &#8211; Natures Plus"}]},{"@type":"WebSite","@id":"https:\/\/www.lifenatura.com\/es\/#website","url":"https:\/\/www.lifenatura.com\/es\/","name":"Lifenatura","description":"A Lifenatura \u00e9 uma loja de produtos naturais, cosm\u00e9tica natural e alimenta\u00e7\u00e3o Biol\u00f3gica.","publisher":{"@id":"https:\/\/www.lifenatura.com\/es\/#organization"},"potentialAction":[{"@type":"SearchAction","target":{"@type":"EntryPoint","urlTemplate":"https:\/\/www.lifenatura.com\/es\/?s={search_term_string}"},"query-input":{"@type":"PropertyValueSpecification","valueRequired":true,"valueName":"search_term_string"}}],"inLanguage":"es"},{"@type":"Organization","@id":"https:\/\/www.lifenatura.com\/es\/#organization","name":"Lifenatura","url":"https:\/\/www.lifenatura.com\/es\/","logo":{"@type":"ImageObject","inLanguage":"es","@id":"https:\/\/www.lifenatura.com\/es\/#\/schema\/logo\/image\/","url":"https:\/\/www.lifenatura.com\/wp-content\/uploads\/2021\/07\/logo.png","contentUrl":"https:\/\/www.lifenatura.com\/wp-content\/uploads\/2021\/07\/logo.png","width":175,"height":55,"caption":"Lifenatura"},"image":{"@id":"https:\/\/www.lifenatura.com\/es\/#\/schema\/logo\/image\/"},"sameAs":["https:\/\/www.facebook.com\/lifenatura","https:\/\/www.instagram.com\/lifenaturapt\/"],"hasMerchantReturnPolicy":{"@type":"MerchantReturnPolicy","merchantReturnLink":"https:\/\/www.lifenatura.com\/termos-condicoes-lifenatura\/"}}]},"product_price_amount":"19.43","product_price_currency":"EUR","og_availability":"instock","product_availability":"instock","product_retailer_item_id":"8072051133572","product_condition":"new"},"df_price":19.43,"df_sale_price":"","df_regular_price":19.43,"df_image_link":"https:\/\/www.lifenatura.com\/wp-content\/uploads\/2021\/09\/ca-mg-d3-k2-30comprimidos-natures-plus-300x300.jpg","_links":{"self":[{"href":"https:\/\/www.lifenatura.com\/es\/wp-json\/wp\/v2\/product\/39512","targetHints":{"allow":["GET"]}}],"collection":[{"href":"https:\/\/www.lifenatura.com\/es\/wp-json\/wp\/v2\/product"}],"about":[{"href":"https:\/\/www.lifenatura.com\/es\/wp-json\/wp\/v2\/types\/product"}],"wp:featuredmedia":[{"embeddable":true,"href":"https:\/\/www.lifenatura.com\/es\/wp-json\/wp\/v2\/media\/107458"}],"wp:attachment":[{"href":"https:\/\/www.lifenatura.com\/es\/wp-json\/wp\/v2\/media?parent=39512"}],"wp:term":[{"taxonomy":"product_brand","embeddable":true,"href":"https:\/\/www.lifenatura.com\/es\/wp-json\/wp\/v2\/product_brand?post=39512"},{"taxonomy":"product_cat","embeddable":true,"href":"https:\/\/www.lifenatura.com\/es\/wp-json\/wp\/v2\/product_cat?post=39512"},{"taxonomy":"product_tag","embeddable":true,"href":"https:\/\/www.lifenatura.com\/es\/wp-json\/wp\/v2\/product_tag?post=39512"}],"curies":[{"name":"wp","href":"https:\/\/api.w.org\/{rel}","templated":true}]}}