{"id":39504,"date":"2021-09-30T10:24:38","date_gmt":"2021-09-30T10:24:38","guid":{"rendered":"https:\/\/lifenatura.dev.agenciagetdigital.com\/produto\/vitamina-c-100-mg-50-ml-natures-aid\/"},"modified":"2026-02-19T08:32:17","modified_gmt":"2026-02-19T08:32:17","slug":"vitamina-c-100-mg-50-ml-natures-aid","status":"publish","type":"product","link":"https:\/\/www.lifenatura.com\/es\/produto\/vitamina-c-100-mg-50-ml-natures-aid\/","title":{"rendered":"Vitamina C 100 mg 50 ml &#8211; Natures Aid"},"content":{"rendered":"<p>Vitamina C em Gotas para as Crian\u00e7as A Vitamina C da Natures Aid foi formulada para responder \u00e0s necessidades imunit\u00e1rias em beb\u00e9s, crian\u00e7as e adolescentes. Usada no tratamento do escorbuto, a vitamina C contribui para o funcionamento regular do sistema imunit\u00e1rio, tendo poderosa a\u00e7\u00e3o antioxidante, muito \u00fatil no tratamento de gripes, constipa\u00e7\u00f5es e resfriados e na preven\u00e7\u00e3o das suas complica\u00e7\u00f5es, como pneumonias e infe\u00e7\u00f5es pulmonares. Atua na terapia auxiliar em situa\u00e7\u00e3o de gripe, constipa\u00e7\u00e3o e infe\u00e7\u00f5es cr\u00f3nicas, nomeadamente ao n\u00edvel das vias respirat\u00f3rias. A sua a\u00e7\u00e3o anti-hemorr\u00e1gica, antifadiga e antisstress, al\u00e9m da a\u00e7\u00e3o antioxidante, fazem desta vitamina um importante auxiliar em diversas doen\u00e7as e situa\u00e7\u00f5es cl\u00ednicas, tanto para crian\u00e7as como para os mais idosos. APRESENTA\u00c7\u00c3O 50 ml.<\/p>\n","protected":false},"excerpt":{"rendered":"<p>Vitamina C em Gotas para as Crian\u00e7as A Vitamina C da Natures Aid foi formulada para responder \u00e0s necessidades imunit\u00e1rias em beb\u00e9s, crian\u00e7as e adolescentes. Usada no tratamento do escorbuto, a vitamina C contribui para o funcionamento regular do sistema imunit\u00e1rio, tendo poderosa a\u00e7\u00e3o antioxidante, muito \u00fatil no tratamento de gripes, constipa\u00e7\u00f5es e resfriados e [&#8230;]<\/p>\n<p><a class=\"btn btn-secondary understrap-read-more-link\" href=\"https:\/\/www.lifenatura.com\/es\/produto\/vitamina-c-100-mg-50-ml-natures-aid\/\">Leer m\u00e1s&#8230;<span class=\"screen-reader-text\"> from Vitamina C 100 mg 50 ml &#8211; Natures Aid<\/span><\/a><\/p>\n","protected":false},"featured_media":0,"template":"","meta":{"_acf_changed":false},"product_brand":[8592],"product_cat":[7180,7179,7189],"product_tag":[],"class_list":{"0":"post-39504","1":"product","2":"type-product","3":"status-publish","5":"product_brand-natures-aid","6":"product_cat-para-los-ninos","7":"product_cat-salud","8":"product_cat-vitaminas-kids-para-ninos","10":"first","11":"outofstock","12":"purchasable","13":"product-type-simple","14":"add-to-wishlist-before_image"},"acf":[],"yoast_head":"<!-- This site is optimized with the Yoast SEO Premium plugin v27.1 (Yoast SEO v27.3) - https:\/\/yoast.com\/product\/yoast-seo-premium-wordpress\/ -->\n<title>Vitamina C 100 mg 50 ml - Natures Aid<\/title>\n<meta name=\"description\" content=\"Compre aqui o seu Vitamina C 100 mg 50 ml - Natures Aid e a Lifenatura Online envia em 48 H com Portes Gratis &gt;35\u20ac de Pedido.\" \/>\n<meta name=\"robots\" content=\"index, follow, max-snippet:-1, max-image-preview:large, max-video-preview:-1\" \/>\n<link rel=\"canonical\" href=\"https:\/\/www.lifenatura.com\/es\/produto\/vitamina-c-100-mg-50-ml-natures-aid\/\" \/>\n<meta property=\"og:locale\" content=\"es_ES\" \/>\n<meta property=\"og:type\" content=\"article\" \/>\n<meta property=\"og:title\" content=\"Vitamina C 100 mg 50 ml - Natures Aid - Lifenatura\" \/>\n<meta property=\"og:description\" content=\"Compre aqui o seu Vitamina C 100 mg 50 ml - Natures Aid e a Lifenatura Online envia em 48 H com Portes Gratis &gt;35\u20ac de Pedido.\" \/>\n<meta property=\"og:url\" content=\"https:\/\/www.lifenatura.com\/es\/produto\/vitamina-c-100-mg-50-ml-natures-aid\/\" \/>\n<meta property=\"og:site_name\" content=\"Lifenatura\" \/>\n<meta property=\"article:publisher\" content=\"https:\/\/www.facebook.com\/lifenatura\" \/>\n<meta property=\"article:modified_time\" content=\"2026-02-19T08:32:17+00:00\" \/>\n<meta property=\"og:image\" content=\"https:\/\/www.lifenatura.com\/wp-content\/uploads\/2021\/07\/logo.png\" \/>\n\t<meta property=\"og:image:width\" content=\"175\" \/>\n\t<meta property=\"og:image:height\" content=\"55\" \/>\n\t<meta property=\"og:image:type\" content=\"image\/png\" \/>\n<meta name=\"twitter:card\" content=\"summary_large_image\" \/>\n<meta name=\"twitter:label1\" content=\"Precio\" \/>\n\t<meta name=\"twitter:data1\" content=\"11,86&nbsp;&euro;\" \/>\n\t<meta name=\"twitter:label2\" content=\"Disponibilidad\" \/>\n\t<meta name=\"twitter:data2\" content=\"Sin existencias\" \/>\n<meta property=\"product:price:amount\" content=\"11.86\" \/>\n<meta property=\"product:price:currency\" content=\"EUR\" \/>\n<meta property=\"og:availability\" content=\"out of stock\" \/>\n<meta property=\"product:availability\" content=\"out of stock\" \/>\n<meta property=\"product:retailer_item_id\" content=\"5023652384057\" \/>\n<meta property=\"product:condition\" content=\"new\" \/>\n<!-- \/ Yoast SEO Premium plugin. -->","yoast_head_json":{"title":"Vitamina C 100 mg 50 ml - Natures Aid","description":"Compre aqui o seu Vitamina C 100 mg 50 ml - Natures Aid e a Lifenatura Online envia em 48 H com Portes Gratis >35\u20ac de Pedido.","robots":{"index":"index","follow":"follow","max-snippet":"max-snippet:-1","max-image-preview":"max-image-preview:large","max-video-preview":"max-video-preview:-1"},"canonical":"https:\/\/www.lifenatura.com\/es\/produto\/vitamina-c-100-mg-50-ml-natures-aid\/","og_locale":"es_ES","og_type":"article","og_title":"Vitamina C 100 mg 50 ml - Natures Aid - Lifenatura","og_description":"Compre aqui o seu Vitamina C 100 mg 50 ml - Natures Aid e a Lifenatura Online envia em 48 H com Portes Gratis >35\u20ac de Pedido.","og_url":"https:\/\/www.lifenatura.com\/es\/produto\/vitamina-c-100-mg-50-ml-natures-aid\/","og_site_name":"Lifenatura","article_publisher":"https:\/\/www.facebook.com\/lifenatura","article_modified_time":"2026-02-19T08:32:17+00:00","og_image":[{"width":175,"height":55,"url":"https:\/\/www.lifenatura.com\/wp-content\/uploads\/2021\/07\/logo.png","type":"image\/png"}],"twitter_card":"summary_large_image","twitter_misc":{"Precio":"11,86&nbsp;&euro;","Disponibilidad":"Sin existencias"},"schema":{"@context":"https:\/\/schema.org","@graph":[{"@type":"WebPage","@id":"https:\/\/www.lifenatura.com\/es\/produto\/vitamina-c-100-mg-50-ml-natures-aid\/","url":"https:\/\/www.lifenatura.com\/es\/produto\/vitamina-c-100-mg-50-ml-natures-aid\/","name":"Vitamina C 100 mg 50 ml - Natures Aid","isPartOf":{"@id":"https:\/\/www.lifenatura.com\/es\/#website"},"datePublished":"2021-09-30T10:24:38+00:00","dateModified":"2026-02-19T08:32:17+00:00","description":"Compre aqui o seu Vitamina C 100 mg 50 ml - Natures Aid e a Lifenatura Online envia em 48 H com Portes Gratis >35\u20ac de Pedido.","breadcrumb":{"@id":"https:\/\/www.lifenatura.com\/es\/produto\/vitamina-c-100-mg-50-ml-natures-aid\/#breadcrumb"},"inLanguage":"es","potentialAction":[{"@type":"ReadAction","target":["https:\/\/www.lifenatura.com\/es\/produto\/vitamina-c-100-mg-50-ml-natures-aid\/"]}]},{"@type":"BreadcrumbList","@id":"https:\/\/www.lifenatura.com\/es\/produto\/vitamina-c-100-mg-50-ml-natures-aid\/#breadcrumb","itemListElement":[{"@type":"ListItem","position":1,"name":"In\u00edcio","item":"https:\/\/www.lifenatura.com\/es\/"},{"@type":"ListItem","position":2,"name":"Todos los Productos","item":"https:\/\/www.lifenatura.com\/es\/tienda\/"},{"@type":"ListItem","position":3,"name":"Vitamina C 100 mg 50 ml &#8211; Natures Aid"}]},{"@type":"WebSite","@id":"https:\/\/www.lifenatura.com\/es\/#website","url":"https:\/\/www.lifenatura.com\/es\/","name":"Lifenatura","description":"A Lifenatura \u00e9 uma loja de produtos naturais, cosm\u00e9tica natural e alimenta\u00e7\u00e3o Biol\u00f3gica.","publisher":{"@id":"https:\/\/www.lifenatura.com\/es\/#organization"},"potentialAction":[{"@type":"SearchAction","target":{"@type":"EntryPoint","urlTemplate":"https:\/\/www.lifenatura.com\/es\/?s={search_term_string}"},"query-input":{"@type":"PropertyValueSpecification","valueRequired":true,"valueName":"search_term_string"}}],"inLanguage":"es"},{"@type":"Organization","@id":"https:\/\/www.lifenatura.com\/es\/#organization","name":"Lifenatura","url":"https:\/\/www.lifenatura.com\/es\/","logo":{"@type":"ImageObject","inLanguage":"es","@id":"https:\/\/www.lifenatura.com\/es\/#\/schema\/logo\/image\/","url":"https:\/\/www.lifenatura.com\/wp-content\/uploads\/2021\/11\/logo.png","contentUrl":"https:\/\/www.lifenatura.com\/wp-content\/uploads\/2021\/11\/logo.png","width":175,"height":55,"caption":"Lifenatura"},"image":{"@id":"https:\/\/www.lifenatura.com\/es\/#\/schema\/logo\/image\/"},"sameAs":["https:\/\/www.facebook.com\/lifenatura","https:\/\/www.instagram.com\/lifenaturapt\/"]}]},"product_price_amount":"11.86","product_price_currency":"EUR","og_availability":"out of stock","product_availability":"out of stock","product_retailer_item_id":"5023652384057","product_condition":"new"},"df_price":11.86,"df_sale_price":"","df_regular_price":11.86,"df_image_link":"https:\/\/www.lifenatura.com\/wp-content\/uploads\/woocommerce-placeholder-300x300.png","_links":{"self":[{"href":"https:\/\/www.lifenatura.com\/es\/wp-json\/wp\/v2\/product\/39504","targetHints":{"allow":["GET"]}}],"collection":[{"href":"https:\/\/www.lifenatura.com\/es\/wp-json\/wp\/v2\/product"}],"about":[{"href":"https:\/\/www.lifenatura.com\/es\/wp-json\/wp\/v2\/types\/product"}],"wp:attachment":[{"href":"https:\/\/www.lifenatura.com\/es\/wp-json\/wp\/v2\/media?parent=39504"}],"wp:term":[{"taxonomy":"product_brand","embeddable":true,"href":"https:\/\/www.lifenatura.com\/es\/wp-json\/wp\/v2\/product_brand?post=39504"},{"taxonomy":"product_cat","embeddable":true,"href":"https:\/\/www.lifenatura.com\/es\/wp-json\/wp\/v2\/product_cat?post=39504"},{"taxonomy":"product_tag","embeddable":true,"href":"https:\/\/www.lifenatura.com\/es\/wp-json\/wp\/v2\/product_tag?post=39504"}],"curies":[{"name":"wp","href":"https:\/\/api.w.org\/{rel}","templated":true}]}}