{"id":39493,"date":"2021-09-30T10:24:20","date_gmt":"2021-09-30T10:24:20","guid":{"rendered":"https:\/\/lifenatura.dev.agenciagetdigital.com\/produto\/kidz-omega-3-com-vitamina-d3-150-ml-natures-aid\/"},"modified":"2026-02-19T08:32:09","modified_gmt":"2026-02-19T08:32:09","slug":"kidz-omega-3-com-vitamina-d3-150-ml-natures-aid","status":"publish","type":"product","link":"https:\/\/www.lifenatura.com\/es\/produto\/kidz-omega-3-com-vitamina-d3-150-ml-natures-aid\/","title":{"rendered":"Kidz Omega 3 com Vitamina D3 150 ml &#8211; Natures Aid"},"content":{"rendered":"<p>\u00d3mega 3 + D3 Sabor a Lim\u00e3o Kidz Omega 3 com Vitamina D3 da Natures AId \u00e9 um suplemento de \u00f3leo de peixe, rico em Omega 3, com um agrad\u00e1vel sabor natural a lim\u00e3o, ideal para todas as idades, e em particular, crian\u00e7as, gr\u00e1vidas e idosos, para promover a sa\u00fade dos sistemas nervoso, visual, imunit\u00e1rio e cardiovascular. Ao n\u00edvel da sa\u00fade \u00f3ssea, a vitamina D3 tem um papel chave na regula\u00e7\u00e3o sangu\u00ednea dos n\u00edveis de c\u00e1lcio e f\u00f3sforo, ao promover a absor\u00e7\u00e3o intestinal e a reabsor\u00e7\u00e3o do c\u00e1lcio nos rins. Ao n\u00edvel da sa\u00fade do sistema imunit\u00e1rio, a vitamina D3 tem um importante papel em virtude de promover o processo de fagocitose. APRESENTA\u00c7\u00c3O 150 ml.<\/p>\n","protected":false},"excerpt":{"rendered":"<p>\u00d3mega 3 + D3 Sabor a Lim\u00e3o Kidz Omega 3 com Vitamina D3 da Natures AId \u00e9 um suplemento de \u00f3leo de peixe, rico em Omega 3, com um agrad\u00e1vel sabor natural a lim\u00e3o, ideal para todas as idades, e em particular, crian\u00e7as, gr\u00e1vidas e idosos, para promover a sa\u00fade dos sistemas nervoso, visual, imunit\u00e1rio [&#8230;]<\/p>\n<p><a class=\"btn btn-secondary understrap-read-more-link\" href=\"https:\/\/www.lifenatura.com\/es\/produto\/kidz-omega-3-com-vitamina-d3-150-ml-natures-aid\/\">Leer m\u00e1s&#8230;<span class=\"screen-reader-text\"> from Kidz Omega 3 com Vitamina D3 150 ml &#8211; Natures Aid<\/span><\/a><\/p>\n","protected":false},"featured_media":0,"template":"","meta":{"_acf_changed":false},"product_brand":[8592],"product_cat":[7291,7189],"product_tag":[],"class_list":{"0":"post-39493","1":"product","2":"type-product","3":"status-publish","5":"product_brand-natures-aid","6":"product_cat-agotados","7":"product_cat-vitaminas-kids-para-ninos","9":"first","10":"outofstock","11":"purchasable","12":"product-type-simple","13":"add-to-wishlist-before_image"},"acf":[],"yoast_head":"<!-- This site is optimized with the Yoast SEO Premium plugin v27.1 (Yoast SEO v27.3) - https:\/\/yoast.com\/product\/yoast-seo-premium-wordpress\/ -->\n<title>Kidz Omega 3 com Vitamina D3 150 ml - Natures Aid<\/title>\n<meta name=\"description\" content=\"Compre aqui o seu Kidz Omega 3 com Vitamina D3 150 ml - Natures Aid e a Lifenatura Online envia em 48 H com Portes Gratis &gt;35\u20ac de Pedido.\" \/>\n<meta name=\"robots\" content=\"index, follow, max-snippet:-1, max-image-preview:large, max-video-preview:-1\" \/>\n<link rel=\"canonical\" href=\"https:\/\/www.lifenatura.com\/es\/produto\/kidz-omega-3-com-vitamina-d3-150-ml-natures-aid\/\" \/>\n<meta property=\"og:locale\" content=\"es_ES\" \/>\n<meta property=\"og:type\" content=\"article\" \/>\n<meta property=\"og:title\" content=\"Kidz Omega 3 com Vitamina D3 150 ml - Natures Aid - Lifenatura\" \/>\n<meta property=\"og:description\" content=\"Compre aqui o seu Kidz Omega 3 com Vitamina D3 150 ml - Natures Aid e a Lifenatura Online envia em 48 H com Portes Gratis &gt;35\u20ac de Pedido.\" \/>\n<meta property=\"og:url\" content=\"https:\/\/www.lifenatura.com\/es\/produto\/kidz-omega-3-com-vitamina-d3-150-ml-natures-aid\/\" \/>\n<meta property=\"og:site_name\" content=\"Lifenatura\" \/>\n<meta property=\"article:publisher\" content=\"https:\/\/www.facebook.com\/lifenatura\" \/>\n<meta property=\"article:modified_time\" content=\"2026-02-19T08:32:09+00:00\" \/>\n<meta property=\"og:image\" content=\"https:\/\/www.lifenatura.com\/wp-content\/uploads\/2021\/07\/logo.png\" \/>\n\t<meta property=\"og:image:width\" content=\"175\" \/>\n\t<meta property=\"og:image:height\" content=\"55\" \/>\n\t<meta property=\"og:image:type\" content=\"image\/png\" \/>\n<meta name=\"twitter:card\" content=\"summary_large_image\" \/>\n<meta name=\"twitter:label1\" content=\"Precio\" \/>\n\t<meta name=\"twitter:data1\" content=\"19,92&nbsp;&euro;\" \/>\n\t<meta name=\"twitter:label2\" content=\"Disponibilidad\" \/>\n\t<meta name=\"twitter:data2\" content=\"Sin existencias\" \/>\n<meta property=\"product:price:amount\" content=\"19.92\" \/>\n<meta property=\"product:price:currency\" content=\"EUR\" \/>\n<meta property=\"og:availability\" content=\"out of stock\" \/>\n<meta property=\"product:availability\" content=\"out of stock\" \/>\n<meta property=\"product:retailer_item_id\" content=\"5023652395152\" \/>\n<meta property=\"product:condition\" content=\"new\" \/>\n<!-- \/ Yoast SEO Premium plugin. -->","yoast_head_json":{"title":"Kidz Omega 3 com Vitamina D3 150 ml - Natures Aid","description":"Compre aqui o seu Kidz Omega 3 com Vitamina D3 150 ml - Natures Aid e a Lifenatura Online envia em 48 H com Portes Gratis >35\u20ac de Pedido.","robots":{"index":"index","follow":"follow","max-snippet":"max-snippet:-1","max-image-preview":"max-image-preview:large","max-video-preview":"max-video-preview:-1"},"canonical":"https:\/\/www.lifenatura.com\/es\/produto\/kidz-omega-3-com-vitamina-d3-150-ml-natures-aid\/","og_locale":"es_ES","og_type":"article","og_title":"Kidz Omega 3 com Vitamina D3 150 ml - Natures Aid - Lifenatura","og_description":"Compre aqui o seu Kidz Omega 3 com Vitamina D3 150 ml - Natures Aid e a Lifenatura Online envia em 48 H com Portes Gratis >35\u20ac de Pedido.","og_url":"https:\/\/www.lifenatura.com\/es\/produto\/kidz-omega-3-com-vitamina-d3-150-ml-natures-aid\/","og_site_name":"Lifenatura","article_publisher":"https:\/\/www.facebook.com\/lifenatura","article_modified_time":"2026-02-19T08:32:09+00:00","og_image":[{"width":175,"height":55,"url":"https:\/\/www.lifenatura.com\/wp-content\/uploads\/2021\/07\/logo.png","type":"image\/png"}],"twitter_card":"summary_large_image","twitter_misc":{"Precio":"19,92&nbsp;&euro;","Disponibilidad":"Sin existencias"},"schema":{"@context":"https:\/\/schema.org","@graph":[{"@type":"WebPage","@id":"https:\/\/www.lifenatura.com\/es\/produto\/kidz-omega-3-com-vitamina-d3-150-ml-natures-aid\/","url":"https:\/\/www.lifenatura.com\/es\/produto\/kidz-omega-3-com-vitamina-d3-150-ml-natures-aid\/","name":"Kidz Omega 3 com Vitamina D3 150 ml - Natures Aid","isPartOf":{"@id":"https:\/\/www.lifenatura.com\/es\/#website"},"datePublished":"2021-09-30T10:24:20+00:00","dateModified":"2026-02-19T08:32:09+00:00","description":"Compre aqui o seu Kidz Omega 3 com Vitamina D3 150 ml - Natures Aid e a Lifenatura Online envia em 48 H com Portes Gratis >35\u20ac de Pedido.","breadcrumb":{"@id":"https:\/\/www.lifenatura.com\/es\/produto\/kidz-omega-3-com-vitamina-d3-150-ml-natures-aid\/#breadcrumb"},"inLanguage":"es","potentialAction":[{"@type":"ReadAction","target":["https:\/\/www.lifenatura.com\/es\/produto\/kidz-omega-3-com-vitamina-d3-150-ml-natures-aid\/"]}]},{"@type":"BreadcrumbList","@id":"https:\/\/www.lifenatura.com\/es\/produto\/kidz-omega-3-com-vitamina-d3-150-ml-natures-aid\/#breadcrumb","itemListElement":[{"@type":"ListItem","position":1,"name":"In\u00edcio","item":"https:\/\/www.lifenatura.com\/es\/"},{"@type":"ListItem","position":2,"name":"Todos los Productos","item":"https:\/\/www.lifenatura.com\/es\/tienda\/"},{"@type":"ListItem","position":3,"name":"Kidz Omega 3 com Vitamina D3 150 ml &#8211; Natures Aid"}]},{"@type":"WebSite","@id":"https:\/\/www.lifenatura.com\/es\/#website","url":"https:\/\/www.lifenatura.com\/es\/","name":"Lifenatura","description":"A Lifenatura \u00e9 uma loja de produtos naturais, cosm\u00e9tica natural e alimenta\u00e7\u00e3o Biol\u00f3gica.","publisher":{"@id":"https:\/\/www.lifenatura.com\/es\/#organization"},"potentialAction":[{"@type":"SearchAction","target":{"@type":"EntryPoint","urlTemplate":"https:\/\/www.lifenatura.com\/es\/?s={search_term_string}"},"query-input":{"@type":"PropertyValueSpecification","valueRequired":true,"valueName":"search_term_string"}}],"inLanguage":"es"},{"@type":"Organization","@id":"https:\/\/www.lifenatura.com\/es\/#organization","name":"Lifenatura","url":"https:\/\/www.lifenatura.com\/es\/","logo":{"@type":"ImageObject","inLanguage":"es","@id":"https:\/\/www.lifenatura.com\/es\/#\/schema\/logo\/image\/","url":"https:\/\/www.lifenatura.com\/wp-content\/uploads\/2021\/11\/logo.png","contentUrl":"https:\/\/www.lifenatura.com\/wp-content\/uploads\/2021\/11\/logo.png","width":175,"height":55,"caption":"Lifenatura"},"image":{"@id":"https:\/\/www.lifenatura.com\/es\/#\/schema\/logo\/image\/"},"sameAs":["https:\/\/www.facebook.com\/lifenatura","https:\/\/www.instagram.com\/lifenaturapt\/"]}]},"product_price_amount":"19.92","product_price_currency":"EUR","og_availability":"out of stock","product_availability":"out of stock","product_retailer_item_id":"5023652395152","product_condition":"new"},"df_price":19.92,"df_sale_price":"","df_regular_price":19.92,"df_image_link":"https:\/\/www.lifenatura.com\/wp-content\/uploads\/woocommerce-placeholder-300x300.png","_links":{"self":[{"href":"https:\/\/www.lifenatura.com\/es\/wp-json\/wp\/v2\/product\/39493","targetHints":{"allow":["GET"]}}],"collection":[{"href":"https:\/\/www.lifenatura.com\/es\/wp-json\/wp\/v2\/product"}],"about":[{"href":"https:\/\/www.lifenatura.com\/es\/wp-json\/wp\/v2\/types\/product"}],"wp:attachment":[{"href":"https:\/\/www.lifenatura.com\/es\/wp-json\/wp\/v2\/media?parent=39493"}],"wp:term":[{"taxonomy":"product_brand","embeddable":true,"href":"https:\/\/www.lifenatura.com\/es\/wp-json\/wp\/v2\/product_brand?post=39493"},{"taxonomy":"product_cat","embeddable":true,"href":"https:\/\/www.lifenatura.com\/es\/wp-json\/wp\/v2\/product_cat?post=39493"},{"taxonomy":"product_tag","embeddable":true,"href":"https:\/\/www.lifenatura.com\/es\/wp-json\/wp\/v2\/product_tag?post=39493"}],"curies":[{"name":"wp","href":"https:\/\/api.w.org\/{rel}","templated":true}]}}