{"id":39489,"date":"2021-09-30T10:24:20","date_gmt":"2021-09-30T10:24:20","guid":{"rendered":"https:\/\/lifenatura.dev.agenciagetdigital.com\/produto\/multi-vitaminas-e-minerais-90-comprimidos-natures-aid\/"},"modified":"2026-02-19T08:32:07","modified_gmt":"2026-02-19T08:32:07","slug":"multi-vitaminas-e-minerais-90-comprimidos-natures-aid","status":"publish","type":"product","link":"https:\/\/www.lifenatura.com\/es\/produto\/multi-vitaminas-e-minerais-90-comprimidos-natures-aid\/","title":{"rendered":"Multi-Vitaminas e Minerais 90 comprimidos &#8211; Natures Aid"},"content":{"rendered":"<p>F\u00f3rmula Completa de Multi-Vitaminas e Minerais com Antioxidantes Multi-Vitaminas e Minerais da Natures Aid confere um potencial antioxidante importante e garante o aporte mais adequado de nutrientes fundamentais para o bom funcionamento do organismo. Recomendado em situa\u00e7\u00e3o de dificuldades de absor\u00e7\u00e3o, como as causadas por gastroenterite ou colite cr\u00f3nicas, em situa\u00e7\u00e3o de falta de apetite, car\u00eancias alimentares, per\u00edodos de convalescen\u00e7a, per\u00edodos pr\u00e9 e p\u00f3s-operat\u00f3rios, emagrecimento, cansa\u00e7o ou esgotamento f\u00edsico e intelectual. Indicado em casos de gravidez e lacta\u00e7\u00e3o, per\u00edodos de crescimento e na terceira idade e ainda como suplemento alimentar de apoio \u00e0 atividade f\u00edsica intensa, como a observada nos desportistas. APRESENTA\u00c7\u00c3O 90 comprimidos.<\/p>\n","protected":false},"excerpt":{"rendered":"<p>F\u00f3rmula Completa de Multi-Vitaminas e Minerais com Antioxidantes Multi-Vitaminas e Minerais da Natures Aid confere um potencial antioxidante importante e garante o aporte mais adequado de nutrientes fundamentais para o bom funcionamento do organismo. Recomendado em situa\u00e7\u00e3o de dificuldades de absor\u00e7\u00e3o, como as causadas por gastroenterite ou colite cr\u00f3nicas, em situa\u00e7\u00e3o de falta de apetite, [&#8230;]<\/p>\n<p><a class=\"btn btn-secondary understrap-read-more-link\" href=\"https:\/\/www.lifenatura.com\/es\/produto\/multi-vitaminas-e-minerais-90-comprimidos-natures-aid\/\">Leer m\u00e1s&#8230;<span class=\"screen-reader-text\"> from Multi-Vitaminas e Minerais 90 comprimidos &#8211; Natures Aid<\/span><\/a><\/p>\n","protected":false},"featured_media":88038,"template":"","meta":{"_acf_changed":false},"product_brand":[8592],"product_cat":[7659,7740,7259,7179],"product_tag":[],"class_list":{"0":"post-39489","1":"product","2":"type-product","3":"status-publish","4":"has-post-thumbnail","6":"product_brand-natures-aid","7":"product_cat-ingrediente-natural-bio","8":"product_cat-magnesio-es","9":"product_cat-vitaminas-y-minerales","10":"product_cat-salud","12":"first","13":"outofstock","14":"purchasable","15":"product-type-simple","16":"add-to-wishlist-before_image"},"acf":[],"yoast_head":"<!-- This site is optimized with the Yoast SEO Premium plugin v27.1 (Yoast SEO v27.6) - https:\/\/yoast.com\/product\/yoast-seo-premium-wordpress\/ -->\n<title>Multi-Vitaminas e Minerais 90 comprimidos - Natures Aid<\/title>\n<meta name=\"description\" content=\"Compre Multi-Vitaminas e Minerais 90 comprimidos - Natures Aid com envio r\u00e1pido. Entrega em 48h e portes gr\u00e1tis em compras &gt;35\u20ac. Aproveite j\u00e1 na Lifenatura\" \/>\n<meta name=\"robots\" content=\"index, follow, max-snippet:-1, max-image-preview:large, max-video-preview:-1\" \/>\n<link rel=\"canonical\" href=\"https:\/\/www.lifenatura.com\/es\/produto\/multi-vitaminas-e-minerais-90-comprimidos-natures-aid\/\" \/>\n<meta property=\"og:locale\" content=\"es_ES\" \/>\n<meta property=\"og:type\" content=\"article\" \/>\n<meta property=\"og:title\" content=\"Multi-Vitaminas e Minerais 90 comprimidos - Natures Aid - Na Lifenatura ao Melhor Pre\u00e7o | Envio 48h\" \/>\n<meta property=\"og:description\" content=\"Compre Multi-Vitaminas e Minerais 90 comprimidos - Natures Aid com envio r\u00e1pido. Entrega em 48h e portes gr\u00e1tis em compras &gt;35\u20ac. Aproveite j\u00e1 na Lifenatura\" \/>\n<meta property=\"og:url\" content=\"https:\/\/www.lifenatura.com\/es\/produto\/multi-vitaminas-e-minerais-90-comprimidos-natures-aid\/\" \/>\n<meta property=\"og:site_name\" content=\"Lifenatura\" \/>\n<meta property=\"article:publisher\" content=\"https:\/\/www.facebook.com\/lifenatura\" \/>\n<meta property=\"article:modified_time\" content=\"2026-02-19T08:32:07+00:00\" \/>\n<meta property=\"og:image\" content=\"https:\/\/www.lifenatura.com\/wp-content\/uploads\/2021\/09\/Multi-Vitaminas-e-Minerais-90-comprimidos-Natures-Aid.jpg\" \/>\n\t<meta property=\"og:image:width\" content=\"1000\" \/>\n\t<meta property=\"og:image:height\" content=\"1000\" \/>\n\t<meta property=\"og:image:type\" content=\"image\/jpeg\" \/>\n<meta name=\"twitter:card\" content=\"summary_large_image\" \/>\n<meta name=\"twitter:label1\" content=\"Precio\" \/>\n\t<meta name=\"twitter:data1\" content=\"9,59&nbsp;&euro;\" \/>\n\t<meta name=\"twitter:label2\" content=\"Disponibilidad\" \/>\n\t<meta name=\"twitter:data2\" content=\"Sin existencias\" \/>\n<script type=\"application\/ld+json\" class=\"yoast-schema-graph\">{\"@context\":\"https:\\\/\\\/schema.org\",\"@graph\":[{\"@type\":\"WebPage\",\"@id\":\"https:\\\/\\\/www.lifenatura.com\\\/es\\\/produto\\\/multi-vitaminas-e-minerais-90-comprimidos-natures-aid\\\/\",\"url\":\"https:\\\/\\\/www.lifenatura.com\\\/es\\\/produto\\\/multi-vitaminas-e-minerais-90-comprimidos-natures-aid\\\/\",\"name\":\"Multi-Vitaminas e Minerais 90 comprimidos - Natures Aid\",\"isPartOf\":{\"@id\":\"https:\\\/\\\/www.lifenatura.com\\\/es\\\/#website\"},\"primaryImageOfPage\":{\"@id\":\"https:\\\/\\\/www.lifenatura.com\\\/es\\\/produto\\\/multi-vitaminas-e-minerais-90-comprimidos-natures-aid\\\/#primaryimage\"},\"image\":{\"@id\":\"https:\\\/\\\/www.lifenatura.com\\\/es\\\/produto\\\/multi-vitaminas-e-minerais-90-comprimidos-natures-aid\\\/#primaryimage\"},\"thumbnailUrl\":\"https:\\\/\\\/www.lifenatura.com\\\/wp-content\\\/uploads\\\/2021\\\/09\\\/Multi-Vitaminas-e-Minerais-90-comprimidos-Natures-Aid.jpg\",\"datePublished\":\"2021-09-30T10:24:20+00:00\",\"dateModified\":\"2026-02-19T08:32:07+00:00\",\"description\":\"Compre Multi-Vitaminas e Minerais 90 comprimidos - Natures Aid com envio r\u00e1pido. Entrega em 48h e portes gr\u00e1tis em compras >35\u20ac. Aproveite j\u00e1 na Lifenatura\",\"breadcrumb\":{\"@id\":\"https:\\\/\\\/www.lifenatura.com\\\/es\\\/produto\\\/multi-vitaminas-e-minerais-90-comprimidos-natures-aid\\\/#breadcrumb\"},\"inLanguage\":\"es\",\"potentialAction\":[{\"@type\":\"ReadAction\",\"target\":[\"https:\\\/\\\/www.lifenatura.com\\\/es\\\/produto\\\/multi-vitaminas-e-minerais-90-comprimidos-natures-aid\\\/\"]}]},{\"@type\":\"ImageObject\",\"inLanguage\":\"es\",\"@id\":\"https:\\\/\\\/www.lifenatura.com\\\/es\\\/produto\\\/multi-vitaminas-e-minerais-90-comprimidos-natures-aid\\\/#primaryimage\",\"url\":\"https:\\\/\\\/www.lifenatura.com\\\/wp-content\\\/uploads\\\/2021\\\/09\\\/Multi-Vitaminas-e-Minerais-90-comprimidos-Natures-Aid.jpg\",\"contentUrl\":\"https:\\\/\\\/www.lifenatura.com\\\/wp-content\\\/uploads\\\/2021\\\/09\\\/Multi-Vitaminas-e-Minerais-90-comprimidos-Natures-Aid.jpg\",\"width\":1000,\"height\":1000,\"caption\":\"Multi-Vitaminas e Minerais 90 comprimidos - Natures Aid\"},{\"@type\":\"BreadcrumbList\",\"@id\":\"https:\\\/\\\/www.lifenatura.com\\\/es\\\/produto\\\/multi-vitaminas-e-minerais-90-comprimidos-natures-aid\\\/#breadcrumb\",\"itemListElement\":[{\"@type\":\"ListItem\",\"position\":1,\"name\":\"In\u00edcio\",\"item\":\"https:\\\/\\\/www.lifenatura.com\\\/es\\\/\"},{\"@type\":\"ListItem\",\"position\":2,\"name\":\"Todos los Productos\",\"item\":\"https:\\\/\\\/www.lifenatura.com\\\/es\\\/tienda\\\/\"},{\"@type\":\"ListItem\",\"position\":3,\"name\":\"Multi-Vitaminas e Minerais 90 comprimidos &#8211; Natures Aid\"}]},{\"@type\":\"WebSite\",\"@id\":\"https:\\\/\\\/www.lifenatura.com\\\/es\\\/#website\",\"url\":\"https:\\\/\\\/www.lifenatura.com\\\/es\\\/\",\"name\":\"Lifenatura\",\"description\":\"A Lifenatura \u00e9 uma loja de produtos naturais, cosm\u00e9tica natural e alimenta\u00e7\u00e3o Biol\u00f3gica.\",\"publisher\":{\"@id\":\"https:\\\/\\\/www.lifenatura.com\\\/es\\\/#organization\"},\"potentialAction\":[{\"@type\":\"SearchAction\",\"target\":{\"@type\":\"EntryPoint\",\"urlTemplate\":\"https:\\\/\\\/www.lifenatura.com\\\/es\\\/?s={search_term_string}\"},\"query-input\":{\"@type\":\"PropertyValueSpecification\",\"valueRequired\":true,\"valueName\":\"search_term_string\"}}],\"inLanguage\":\"es\"},{\"@type\":\"Organization\",\"@id\":\"https:\\\/\\\/www.lifenatura.com\\\/es\\\/#organization\",\"name\":\"Lifenatura\",\"url\":\"https:\\\/\\\/www.lifenatura.com\\\/es\\\/\",\"logo\":{\"@type\":\"ImageObject\",\"inLanguage\":\"es\",\"@id\":\"https:\\\/\\\/www.lifenatura.com\\\/es\\\/#\\\/schema\\\/logo\\\/image\\\/\",\"url\":\"https:\\\/\\\/www.lifenatura.com\\\/wp-content\\\/uploads\\\/2021\\\/07\\\/logo.png\",\"contentUrl\":\"https:\\\/\\\/www.lifenatura.com\\\/wp-content\\\/uploads\\\/2021\\\/07\\\/logo.png\",\"width\":175,\"height\":55,\"caption\":\"Lifenatura\"},\"image\":{\"@id\":\"https:\\\/\\\/www.lifenatura.com\\\/es\\\/#\\\/schema\\\/logo\\\/image\\\/\"},\"sameAs\":[\"https:\\\/\\\/www.facebook.com\\\/lifenatura\",\"https:\\\/\\\/www.instagram.com\\\/lifenaturapt\\\/\"],\"hasMerchantReturnPolicy\":{\"@type\":\"MerchantReturnPolicy\",\"merchantReturnLink\":\"https:\\\/\\\/www.lifenatura.com\\\/termos-condicoes-lifenatura\\\/\"}}]}<\/script>\n<meta property=\"product:price:amount\" content=\"9.59\" \/>\n<meta property=\"product:price:currency\" content=\"EUR\" \/>\n<meta property=\"og:availability\" content=\"out of stock\" \/>\n<meta property=\"product:availability\" content=\"out of stock\" \/>\n<meta property=\"product:retailer_item_id\" content=\"5023652670907\" \/>\n<meta property=\"product:condition\" content=\"new\" \/>\n<!-- \/ Yoast SEO Premium plugin. -->","yoast_head_json":{"title":"Multi-Vitaminas e Minerais 90 comprimidos - Natures Aid","description":"Compre Multi-Vitaminas e Minerais 90 comprimidos - Natures Aid com envio r\u00e1pido. Entrega em 48h e portes gr\u00e1tis em compras >35\u20ac. Aproveite j\u00e1 na Lifenatura","robots":{"index":"index","follow":"follow","max-snippet":"max-snippet:-1","max-image-preview":"max-image-preview:large","max-video-preview":"max-video-preview:-1"},"canonical":"https:\/\/www.lifenatura.com\/es\/produto\/multi-vitaminas-e-minerais-90-comprimidos-natures-aid\/","og_locale":"es_ES","og_type":"article","og_title":"Multi-Vitaminas e Minerais 90 comprimidos - Natures Aid - Na Lifenatura ao Melhor Pre\u00e7o | Envio 48h","og_description":"Compre Multi-Vitaminas e Minerais 90 comprimidos - Natures Aid com envio r\u00e1pido. Entrega em 48h e portes gr\u00e1tis em compras >35\u20ac. Aproveite j\u00e1 na Lifenatura","og_url":"https:\/\/www.lifenatura.com\/es\/produto\/multi-vitaminas-e-minerais-90-comprimidos-natures-aid\/","og_site_name":"Lifenatura","article_publisher":"https:\/\/www.facebook.com\/lifenatura","article_modified_time":"2026-02-19T08:32:07+00:00","og_image":[{"width":1000,"height":1000,"url":"https:\/\/www.lifenatura.com\/wp-content\/uploads\/2021\/09\/Multi-Vitaminas-e-Minerais-90-comprimidos-Natures-Aid.jpg","type":"image\/jpeg"}],"twitter_card":"summary_large_image","twitter_misc":{"Precio":"9,59&nbsp;&euro;","Disponibilidad":"Sin existencias"},"schema":{"@context":"https:\/\/schema.org","@graph":[{"@type":"WebPage","@id":"https:\/\/www.lifenatura.com\/es\/produto\/multi-vitaminas-e-minerais-90-comprimidos-natures-aid\/","url":"https:\/\/www.lifenatura.com\/es\/produto\/multi-vitaminas-e-minerais-90-comprimidos-natures-aid\/","name":"Multi-Vitaminas e Minerais 90 comprimidos - Natures Aid","isPartOf":{"@id":"https:\/\/www.lifenatura.com\/es\/#website"},"primaryImageOfPage":{"@id":"https:\/\/www.lifenatura.com\/es\/produto\/multi-vitaminas-e-minerais-90-comprimidos-natures-aid\/#primaryimage"},"image":{"@id":"https:\/\/www.lifenatura.com\/es\/produto\/multi-vitaminas-e-minerais-90-comprimidos-natures-aid\/#primaryimage"},"thumbnailUrl":"https:\/\/www.lifenatura.com\/wp-content\/uploads\/2021\/09\/Multi-Vitaminas-e-Minerais-90-comprimidos-Natures-Aid.jpg","datePublished":"2021-09-30T10:24:20+00:00","dateModified":"2026-02-19T08:32:07+00:00","description":"Compre Multi-Vitaminas e Minerais 90 comprimidos - Natures Aid com envio r\u00e1pido. Entrega em 48h e portes gr\u00e1tis em compras >35\u20ac. Aproveite j\u00e1 na Lifenatura","breadcrumb":{"@id":"https:\/\/www.lifenatura.com\/es\/produto\/multi-vitaminas-e-minerais-90-comprimidos-natures-aid\/#breadcrumb"},"inLanguage":"es","potentialAction":[{"@type":"ReadAction","target":["https:\/\/www.lifenatura.com\/es\/produto\/multi-vitaminas-e-minerais-90-comprimidos-natures-aid\/"]}]},{"@type":"ImageObject","inLanguage":"es","@id":"https:\/\/www.lifenatura.com\/es\/produto\/multi-vitaminas-e-minerais-90-comprimidos-natures-aid\/#primaryimage","url":"https:\/\/www.lifenatura.com\/wp-content\/uploads\/2021\/09\/Multi-Vitaminas-e-Minerais-90-comprimidos-Natures-Aid.jpg","contentUrl":"https:\/\/www.lifenatura.com\/wp-content\/uploads\/2021\/09\/Multi-Vitaminas-e-Minerais-90-comprimidos-Natures-Aid.jpg","width":1000,"height":1000,"caption":"Multi-Vitaminas e Minerais 90 comprimidos - Natures Aid"},{"@type":"BreadcrumbList","@id":"https:\/\/www.lifenatura.com\/es\/produto\/multi-vitaminas-e-minerais-90-comprimidos-natures-aid\/#breadcrumb","itemListElement":[{"@type":"ListItem","position":1,"name":"In\u00edcio","item":"https:\/\/www.lifenatura.com\/es\/"},{"@type":"ListItem","position":2,"name":"Todos los Productos","item":"https:\/\/www.lifenatura.com\/es\/tienda\/"},{"@type":"ListItem","position":3,"name":"Multi-Vitaminas e Minerais 90 comprimidos &#8211; Natures Aid"}]},{"@type":"WebSite","@id":"https:\/\/www.lifenatura.com\/es\/#website","url":"https:\/\/www.lifenatura.com\/es\/","name":"Lifenatura","description":"A Lifenatura \u00e9 uma loja de produtos naturais, cosm\u00e9tica natural e alimenta\u00e7\u00e3o Biol\u00f3gica.","publisher":{"@id":"https:\/\/www.lifenatura.com\/es\/#organization"},"potentialAction":[{"@type":"SearchAction","target":{"@type":"EntryPoint","urlTemplate":"https:\/\/www.lifenatura.com\/es\/?s={search_term_string}"},"query-input":{"@type":"PropertyValueSpecification","valueRequired":true,"valueName":"search_term_string"}}],"inLanguage":"es"},{"@type":"Organization","@id":"https:\/\/www.lifenatura.com\/es\/#organization","name":"Lifenatura","url":"https:\/\/www.lifenatura.com\/es\/","logo":{"@type":"ImageObject","inLanguage":"es","@id":"https:\/\/www.lifenatura.com\/es\/#\/schema\/logo\/image\/","url":"https:\/\/www.lifenatura.com\/wp-content\/uploads\/2021\/07\/logo.png","contentUrl":"https:\/\/www.lifenatura.com\/wp-content\/uploads\/2021\/07\/logo.png","width":175,"height":55,"caption":"Lifenatura"},"image":{"@id":"https:\/\/www.lifenatura.com\/es\/#\/schema\/logo\/image\/"},"sameAs":["https:\/\/www.facebook.com\/lifenatura","https:\/\/www.instagram.com\/lifenaturapt\/"],"hasMerchantReturnPolicy":{"@type":"MerchantReturnPolicy","merchantReturnLink":"https:\/\/www.lifenatura.com\/termos-condicoes-lifenatura\/"}}]},"product_price_amount":"9.59","product_price_currency":"EUR","og_availability":"out of stock","product_availability":"out of stock","product_retailer_item_id":"5023652670907","product_condition":"new"},"df_price":9.59,"df_sale_price":"","df_regular_price":9.59,"df_image_link":"https:\/\/www.lifenatura.com\/wp-content\/uploads\/2021\/09\/Multi-Vitaminas-e-Minerais-90-comprimidos-Natures-Aid-300x300.jpg","_links":{"self":[{"href":"https:\/\/www.lifenatura.com\/es\/wp-json\/wp\/v2\/product\/39489","targetHints":{"allow":["GET"]}}],"collection":[{"href":"https:\/\/www.lifenatura.com\/es\/wp-json\/wp\/v2\/product"}],"about":[{"href":"https:\/\/www.lifenatura.com\/es\/wp-json\/wp\/v2\/types\/product"}],"wp:featuredmedia":[{"embeddable":true,"href":"https:\/\/www.lifenatura.com\/es\/wp-json\/wp\/v2\/media\/88038"}],"wp:attachment":[{"href":"https:\/\/www.lifenatura.com\/es\/wp-json\/wp\/v2\/media?parent=39489"}],"wp:term":[{"taxonomy":"product_brand","embeddable":true,"href":"https:\/\/www.lifenatura.com\/es\/wp-json\/wp\/v2\/product_brand?post=39489"},{"taxonomy":"product_cat","embeddable":true,"href":"https:\/\/www.lifenatura.com\/es\/wp-json\/wp\/v2\/product_cat?post=39489"},{"taxonomy":"product_tag","embeddable":true,"href":"https:\/\/www.lifenatura.com\/es\/wp-json\/wp\/v2\/product_tag?post=39489"}],"curies":[{"name":"wp","href":"https:\/\/api.w.org\/{rel}","templated":true}]}}