{"id":39478,"date":"2021-09-30T10:23:59","date_gmt":"2021-09-30T10:23:59","guid":{"rendered":"https:\/\/lifenatura.dev.agenciagetdigital.com\/produto\/vitamina-c-500-mg-50-comprimidos-natures-aid\/"},"modified":"2026-02-19T08:32:02","modified_gmt":"2026-02-19T08:32:02","slug":"vitamina-c-500-mg-50-comprimidos-natures-aid","status":"publish","type":"product","link":"https:\/\/www.lifenatura.com\/es\/produto\/vitamina-c-500-mg-50-comprimidos-natures-aid\/","title":{"rendered":"Vitamina C 500 mg 50 comprimidos &#8211; Natures Aid"},"content":{"rendered":"<p>Para quien tiene falta de Vitamina C La vitamina C tiene propiedades antioxidantes, por lo que tiene un papel importante en la protecci\u00f3n de todas las estructuras del organismo, pues neutraliza radicales libres, como el hidroxilo y el hidroxiper\u00f3xido. La vitamina C tambi\u00e9n tiene funci\u00f3n de estimulaci\u00f3n del sistema inmunitario. Su suplementaci\u00f3n mostr\u00f3 aumentar la funci\u00f3n de los gl\u00f3bulos blancos, la producci\u00f3n de interfer\u00f3n (mediador proteico que defiende las c\u00e9lulas contra agentes pat\u00f3genos), as\u00ed como la producci\u00f3n de anticuerpos. PRESENTACI\u00d3N 50 Comprimidos.<\/p>\n","protected":false},"excerpt":{"rendered":"<p>Para quien tiene falta de Vitamina C La vitamina C tiene propiedades antioxidantes, por lo que tiene un papel importante en la protecci\u00f3n de todas las estructuras del organismo, pues neutraliza radicales libres, como el hidroxilo y el hidroxiper\u00f3xido. La vitamina C tambi\u00e9n tiene funci\u00f3n de estimulaci\u00f3n del sistema inmunitario. Su suplementaci\u00f3n mostr\u00f3 aumentar la [&#8230;]<\/p>\n<p><a class=\"btn btn-secondary understrap-read-more-link\" href=\"https:\/\/www.lifenatura.com\/es\/produto\/vitamina-c-500-mg-50-comprimidos-natures-aid\/\">Leer m\u00e1s&#8230;<span class=\"screen-reader-text\"> from Vitamina C 500 mg 50 comprimidos &#8211; Natures Aid<\/span><\/a><\/p>\n","protected":false},"featured_media":20806,"template":"","meta":{"_acf_changed":false},"product_brand":[8592],"product_cat":[7259,7179,7260],"product_tag":[],"class_list":{"0":"post-39478","1":"product","2":"type-product","3":"status-publish","4":"has-post-thumbnail","6":"product_brand-natures-aid","7":"product_cat-vitaminas-y-minerales","8":"product_cat-salud","9":"product_cat-vitamina-c-salud","11":"first","12":"outofstock","13":"purchasable","14":"product-type-simple","15":"add-to-wishlist-before_image"},"acf":[],"yoast_head":"<!-- This site is optimized with the Yoast SEO Premium plugin v27.1 (Yoast SEO v27.5) - https:\/\/yoast.com\/product\/yoast-seo-premium-wordpress\/ -->\n<title>Vitamina C 500 mg 50 comprimidos - Natures Aid - Na Lifenatura ao Melhor Pre\u00e7o | Envio em 48h<\/title>\n<meta name=\"description\" content=\"La vitamina C tiene propiedades antioxidantes, por lo que tiene un papel importante en la protecci\u00f3n de todas las estructuras del organismo, pues neutraliza radicales libres, como el hidroxilo y el hidroxiper\u00f3xido.\" \/>\n<meta name=\"robots\" content=\"index, follow, max-snippet:-1, max-image-preview:large, max-video-preview:-1\" \/>\n<link rel=\"canonical\" href=\"https:\/\/www.lifenatura.com\/es\/produto\/vitamina-c-500-mg-50-comprimidos-natures-aid\/\" \/>\n<meta property=\"og:locale\" content=\"es_ES\" \/>\n<meta property=\"og:type\" content=\"article\" \/>\n<meta property=\"og:title\" content=\"Vitamina C 500 mg 50 comprimidos - Natures Aid - Na Lifenatura ao Melhor Pre\u00e7o | Envio 48h\" \/>\n<meta property=\"og:description\" content=\"Compre Vitamina C 500 mg 50 comprimidos - Natures Aid com envio r\u00e1pido. Entrega em 48h e portes gr\u00e1tis em compras &gt;35\u20ac. Aproveite j\u00e1 na Lifenatura\" \/>\n<meta property=\"og:url\" content=\"https:\/\/www.lifenatura.com\/es\/produto\/vitamina-c-500-mg-50-comprimidos-natures-aid\/\" \/>\n<meta property=\"og:site_name\" content=\"Lifenatura\" \/>\n<meta property=\"article:publisher\" content=\"https:\/\/www.facebook.com\/lifenatura\" \/>\n<meta property=\"article:modified_time\" content=\"2026-02-19T08:32:02+00:00\" \/>\n<meta property=\"og:image\" content=\"https:\/\/www.lifenatura.com\/wp-content\/uploads\/2021\/09\/gd_vitamina-c-500-mg-50-comprimidos-natures-aid.jpg\" \/>\n\t<meta property=\"og:image:width\" content=\"1000\" \/>\n\t<meta property=\"og:image:height\" content=\"1000\" \/>\n\t<meta property=\"og:image:type\" content=\"image\/jpeg\" \/>\n<meta name=\"twitter:card\" content=\"summary_large_image\" \/>\n<meta name=\"twitter:label1\" content=\"Precio\" \/>\n\t<meta name=\"twitter:data1\" content=\"10,74&nbsp;&euro;\" \/>\n\t<meta name=\"twitter:label2\" content=\"Disponibilidad\" \/>\n\t<meta name=\"twitter:data2\" content=\"Sin existencias\" \/>\n<script type=\"application\/ld+json\" class=\"yoast-schema-graph\">{\"@context\":\"https:\\\/\\\/schema.org\",\"@graph\":[{\"@type\":\"WebPage\",\"@id\":\"https:\\\/\\\/www.lifenatura.com\\\/es\\\/produto\\\/vitamina-c-500-mg-50-comprimidos-natures-aid\\\/\",\"url\":\"https:\\\/\\\/www.lifenatura.com\\\/es\\\/produto\\\/vitamina-c-500-mg-50-comprimidos-natures-aid\\\/\",\"name\":\"Vitamina C 500 mg 50 comprimidos - Natures Aid - Na Lifenatura ao Melhor Pre\u00e7o | Envio em 48h\",\"isPartOf\":{\"@id\":\"https:\\\/\\\/www.lifenatura.com\\\/es\\\/#website\"},\"primaryImageOfPage\":{\"@id\":\"https:\\\/\\\/www.lifenatura.com\\\/es\\\/produto\\\/vitamina-c-500-mg-50-comprimidos-natures-aid\\\/#primaryimage\"},\"image\":{\"@id\":\"https:\\\/\\\/www.lifenatura.com\\\/es\\\/produto\\\/vitamina-c-500-mg-50-comprimidos-natures-aid\\\/#primaryimage\"},\"thumbnailUrl\":\"https:\\\/\\\/www.lifenatura.com\\\/wp-content\\\/uploads\\\/2021\\\/09\\\/gd_vitamina-c-500-mg-50-comprimidos-natures-aid.jpg\",\"datePublished\":\"2021-09-30T10:23:59+00:00\",\"dateModified\":\"2026-02-19T08:32:02+00:00\",\"description\":\"La vitamina C tiene propiedades antioxidantes, por lo que tiene un papel importante en la protecci\u00f3n de todas las estructuras del organismo, pues neutraliza radicales libres, como el hidroxilo y el hidroxiper\u00f3xido.\",\"breadcrumb\":{\"@id\":\"https:\\\/\\\/www.lifenatura.com\\\/es\\\/produto\\\/vitamina-c-500-mg-50-comprimidos-natures-aid\\\/#breadcrumb\"},\"inLanguage\":\"es\",\"potentialAction\":[{\"@type\":\"ReadAction\",\"target\":[\"https:\\\/\\\/www.lifenatura.com\\\/es\\\/produto\\\/vitamina-c-500-mg-50-comprimidos-natures-aid\\\/\"]}]},{\"@type\":\"ImageObject\",\"inLanguage\":\"es\",\"@id\":\"https:\\\/\\\/www.lifenatura.com\\\/es\\\/produto\\\/vitamina-c-500-mg-50-comprimidos-natures-aid\\\/#primaryimage\",\"url\":\"https:\\\/\\\/www.lifenatura.com\\\/wp-content\\\/uploads\\\/2021\\\/09\\\/gd_vitamina-c-500-mg-50-comprimidos-natures-aid.jpg\",\"contentUrl\":\"https:\\\/\\\/www.lifenatura.com\\\/wp-content\\\/uploads\\\/2021\\\/09\\\/gd_vitamina-c-500-mg-50-comprimidos-natures-aid.jpg\",\"width\":1000,\"height\":1000,\"caption\":\"Vitamina C 500 mg 50 comprimidos - Natures Aid\"},{\"@type\":\"BreadcrumbList\",\"@id\":\"https:\\\/\\\/www.lifenatura.com\\\/es\\\/produto\\\/vitamina-c-500-mg-50-comprimidos-natures-aid\\\/#breadcrumb\",\"itemListElement\":[{\"@type\":\"ListItem\",\"position\":1,\"name\":\"In\u00edcio\",\"item\":\"https:\\\/\\\/www.lifenatura.com\\\/es\\\/\"},{\"@type\":\"ListItem\",\"position\":2,\"name\":\"Todos los Productos\",\"item\":\"https:\\\/\\\/www.lifenatura.com\\\/es\\\/tienda\\\/\"},{\"@type\":\"ListItem\",\"position\":3,\"name\":\"Vitamina C 500 mg 50 comprimidos &#8211; Natures Aid\"}]},{\"@type\":\"WebSite\",\"@id\":\"https:\\\/\\\/www.lifenatura.com\\\/es\\\/#website\",\"url\":\"https:\\\/\\\/www.lifenatura.com\\\/es\\\/\",\"name\":\"Lifenatura\",\"description\":\"A Lifenatura \u00e9 uma loja de produtos naturais, cosm\u00e9tica natural e alimenta\u00e7\u00e3o Biol\u00f3gica.\",\"publisher\":{\"@id\":\"https:\\\/\\\/www.lifenatura.com\\\/es\\\/#organization\"},\"potentialAction\":[{\"@type\":\"SearchAction\",\"target\":{\"@type\":\"EntryPoint\",\"urlTemplate\":\"https:\\\/\\\/www.lifenatura.com\\\/es\\\/?s={search_term_string}\"},\"query-input\":{\"@type\":\"PropertyValueSpecification\",\"valueRequired\":true,\"valueName\":\"search_term_string\"}}],\"inLanguage\":\"es\"},{\"@type\":\"Organization\",\"@id\":\"https:\\\/\\\/www.lifenatura.com\\\/es\\\/#organization\",\"name\":\"Lifenatura\",\"url\":\"https:\\\/\\\/www.lifenatura.com\\\/es\\\/\",\"logo\":{\"@type\":\"ImageObject\",\"inLanguage\":\"es\",\"@id\":\"https:\\\/\\\/www.lifenatura.com\\\/es\\\/#\\\/schema\\\/logo\\\/image\\\/\",\"url\":\"https:\\\/\\\/www.lifenatura.com\\\/wp-content\\\/uploads\\\/2021\\\/07\\\/logo.png\",\"contentUrl\":\"https:\\\/\\\/www.lifenatura.com\\\/wp-content\\\/uploads\\\/2021\\\/07\\\/logo.png\",\"width\":175,\"height\":55,\"caption\":\"Lifenatura\"},\"image\":{\"@id\":\"https:\\\/\\\/www.lifenatura.com\\\/es\\\/#\\\/schema\\\/logo\\\/image\\\/\"},\"sameAs\":[\"https:\\\/\\\/www.facebook.com\\\/lifenatura\",\"https:\\\/\\\/www.instagram.com\\\/lifenaturapt\\\/\"],\"hasMerchantReturnPolicy\":{\"@type\":\"MerchantReturnPolicy\",\"merchantReturnLink\":\"https:\\\/\\\/www.lifenatura.com\\\/termos-condicoes-lifenatura\\\/\"}}]}<\/script>\n<meta property=\"product:price:amount\" content=\"10.74\" \/>\n<meta property=\"product:price:currency\" content=\"EUR\" \/>\n<meta property=\"og:availability\" content=\"out of stock\" \/>\n<meta property=\"product:availability\" content=\"out of stock\" \/>\n<meta property=\"product:retailer_item_id\" content=\"5023652364059\" \/>\n<meta property=\"product:condition\" content=\"new\" \/>\n<!-- \/ Yoast SEO Premium plugin. -->","yoast_head_json":{"title":"Vitamina C 500 mg 50 comprimidos - Natures Aid - Na Lifenatura ao Melhor Pre\u00e7o | Envio em 48h","description":"La vitamina C tiene propiedades antioxidantes, por lo que tiene un papel importante en la protecci\u00f3n de todas las estructuras del organismo, pues neutraliza radicales libres, como el hidroxilo y el hidroxiper\u00f3xido.","robots":{"index":"index","follow":"follow","max-snippet":"max-snippet:-1","max-image-preview":"max-image-preview:large","max-video-preview":"max-video-preview:-1"},"canonical":"https:\/\/www.lifenatura.com\/es\/produto\/vitamina-c-500-mg-50-comprimidos-natures-aid\/","og_locale":"es_ES","og_type":"article","og_title":"Vitamina C 500 mg 50 comprimidos - Natures Aid - Na Lifenatura ao Melhor Pre\u00e7o | Envio 48h","og_description":"Compre Vitamina C 500 mg 50 comprimidos - Natures Aid com envio r\u00e1pido. Entrega em 48h e portes gr\u00e1tis em compras >35\u20ac. Aproveite j\u00e1 na Lifenatura","og_url":"https:\/\/www.lifenatura.com\/es\/produto\/vitamina-c-500-mg-50-comprimidos-natures-aid\/","og_site_name":"Lifenatura","article_publisher":"https:\/\/www.facebook.com\/lifenatura","article_modified_time":"2026-02-19T08:32:02+00:00","og_image":[{"width":1000,"height":1000,"url":"https:\/\/www.lifenatura.com\/wp-content\/uploads\/2021\/09\/gd_vitamina-c-500-mg-50-comprimidos-natures-aid.jpg","type":"image\/jpeg"}],"twitter_card":"summary_large_image","twitter_misc":{"Precio":"10,74&nbsp;&euro;","Disponibilidad":"Sin existencias"},"schema":{"@context":"https:\/\/schema.org","@graph":[{"@type":"WebPage","@id":"https:\/\/www.lifenatura.com\/es\/produto\/vitamina-c-500-mg-50-comprimidos-natures-aid\/","url":"https:\/\/www.lifenatura.com\/es\/produto\/vitamina-c-500-mg-50-comprimidos-natures-aid\/","name":"Vitamina C 500 mg 50 comprimidos - Natures Aid - Na Lifenatura ao Melhor Pre\u00e7o | Envio em 48h","isPartOf":{"@id":"https:\/\/www.lifenatura.com\/es\/#website"},"primaryImageOfPage":{"@id":"https:\/\/www.lifenatura.com\/es\/produto\/vitamina-c-500-mg-50-comprimidos-natures-aid\/#primaryimage"},"image":{"@id":"https:\/\/www.lifenatura.com\/es\/produto\/vitamina-c-500-mg-50-comprimidos-natures-aid\/#primaryimage"},"thumbnailUrl":"https:\/\/www.lifenatura.com\/wp-content\/uploads\/2021\/09\/gd_vitamina-c-500-mg-50-comprimidos-natures-aid.jpg","datePublished":"2021-09-30T10:23:59+00:00","dateModified":"2026-02-19T08:32:02+00:00","description":"La vitamina C tiene propiedades antioxidantes, por lo que tiene un papel importante en la protecci\u00f3n de todas las estructuras del organismo, pues neutraliza radicales libres, como el hidroxilo y el hidroxiper\u00f3xido.","breadcrumb":{"@id":"https:\/\/www.lifenatura.com\/es\/produto\/vitamina-c-500-mg-50-comprimidos-natures-aid\/#breadcrumb"},"inLanguage":"es","potentialAction":[{"@type":"ReadAction","target":["https:\/\/www.lifenatura.com\/es\/produto\/vitamina-c-500-mg-50-comprimidos-natures-aid\/"]}]},{"@type":"ImageObject","inLanguage":"es","@id":"https:\/\/www.lifenatura.com\/es\/produto\/vitamina-c-500-mg-50-comprimidos-natures-aid\/#primaryimage","url":"https:\/\/www.lifenatura.com\/wp-content\/uploads\/2021\/09\/gd_vitamina-c-500-mg-50-comprimidos-natures-aid.jpg","contentUrl":"https:\/\/www.lifenatura.com\/wp-content\/uploads\/2021\/09\/gd_vitamina-c-500-mg-50-comprimidos-natures-aid.jpg","width":1000,"height":1000,"caption":"Vitamina C 500 mg 50 comprimidos - Natures Aid"},{"@type":"BreadcrumbList","@id":"https:\/\/www.lifenatura.com\/es\/produto\/vitamina-c-500-mg-50-comprimidos-natures-aid\/#breadcrumb","itemListElement":[{"@type":"ListItem","position":1,"name":"In\u00edcio","item":"https:\/\/www.lifenatura.com\/es\/"},{"@type":"ListItem","position":2,"name":"Todos los Productos","item":"https:\/\/www.lifenatura.com\/es\/tienda\/"},{"@type":"ListItem","position":3,"name":"Vitamina C 500 mg 50 comprimidos &#8211; Natures Aid"}]},{"@type":"WebSite","@id":"https:\/\/www.lifenatura.com\/es\/#website","url":"https:\/\/www.lifenatura.com\/es\/","name":"Lifenatura","description":"A Lifenatura \u00e9 uma loja de produtos naturais, cosm\u00e9tica natural e alimenta\u00e7\u00e3o Biol\u00f3gica.","publisher":{"@id":"https:\/\/www.lifenatura.com\/es\/#organization"},"potentialAction":[{"@type":"SearchAction","target":{"@type":"EntryPoint","urlTemplate":"https:\/\/www.lifenatura.com\/es\/?s={search_term_string}"},"query-input":{"@type":"PropertyValueSpecification","valueRequired":true,"valueName":"search_term_string"}}],"inLanguage":"es"},{"@type":"Organization","@id":"https:\/\/www.lifenatura.com\/es\/#organization","name":"Lifenatura","url":"https:\/\/www.lifenatura.com\/es\/","logo":{"@type":"ImageObject","inLanguage":"es","@id":"https:\/\/www.lifenatura.com\/es\/#\/schema\/logo\/image\/","url":"https:\/\/www.lifenatura.com\/wp-content\/uploads\/2021\/07\/logo.png","contentUrl":"https:\/\/www.lifenatura.com\/wp-content\/uploads\/2021\/07\/logo.png","width":175,"height":55,"caption":"Lifenatura"},"image":{"@id":"https:\/\/www.lifenatura.com\/es\/#\/schema\/logo\/image\/"},"sameAs":["https:\/\/www.facebook.com\/lifenatura","https:\/\/www.instagram.com\/lifenaturapt\/"],"hasMerchantReturnPolicy":{"@type":"MerchantReturnPolicy","merchantReturnLink":"https:\/\/www.lifenatura.com\/termos-condicoes-lifenatura\/"}}]},"product_price_amount":"10.74","product_price_currency":"EUR","og_availability":"out of stock","product_availability":"out of stock","product_retailer_item_id":"5023652364059","product_condition":"new"},"df_price":10.74,"df_sale_price":"","df_regular_price":10.74,"df_image_link":"https:\/\/www.lifenatura.com\/wp-content\/uploads\/2021\/09\/gd_vitamina-c-500-mg-50-comprimidos-natures-aid-300x300.jpg","_links":{"self":[{"href":"https:\/\/www.lifenatura.com\/es\/wp-json\/wp\/v2\/product\/39478","targetHints":{"allow":["GET"]}}],"collection":[{"href":"https:\/\/www.lifenatura.com\/es\/wp-json\/wp\/v2\/product"}],"about":[{"href":"https:\/\/www.lifenatura.com\/es\/wp-json\/wp\/v2\/types\/product"}],"wp:featuredmedia":[{"embeddable":true,"href":"https:\/\/www.lifenatura.com\/es\/wp-json\/wp\/v2\/media\/20806"}],"wp:attachment":[{"href":"https:\/\/www.lifenatura.com\/es\/wp-json\/wp\/v2\/media?parent=39478"}],"wp:term":[{"taxonomy":"product_brand","embeddable":true,"href":"https:\/\/www.lifenatura.com\/es\/wp-json\/wp\/v2\/product_brand?post=39478"},{"taxonomy":"product_cat","embeddable":true,"href":"https:\/\/www.lifenatura.com\/es\/wp-json\/wp\/v2\/product_cat?post=39478"},{"taxonomy":"product_tag","embeddable":true,"href":"https:\/\/www.lifenatura.com\/es\/wp-json\/wp\/v2\/product_tag?post=39478"}],"curies":[{"name":"wp","href":"https:\/\/api.w.org\/{rel}","templated":true}]}}