{"id":39461,"date":"2021-09-30T10:23:39","date_gmt":"2021-09-30T10:23:39","guid":{"rendered":"https:\/\/lifenatura.dev.agenciagetdigital.com\/produto\/dha-gotas-50-ml-natures-aid\/"},"modified":"2026-02-19T08:31:53","modified_gmt":"2026-02-19T08:31:53","slug":"dha-gotas-50-ml-natures-aid","status":"publish","type":"product","link":"https:\/\/www.lifenatura.com\/es\/produto\/dha-gotas-50-ml-natures-aid\/","title":{"rendered":"DHA Gotas 50 ml &#8211; Natures Aid"},"content":{"rendered":"<p>Desarrollo y crecimiento de los ni\u00f1os DHA es un suplemento alimentario indicado para ni\u00f1os de 3 meses a 5 a\u00f1os, apoyando el normal desarrollo y crecimiento. El omega 3 (\u00e1cido linol\u00e9nico) es un \u00e1cido graso esencial que nuestro cuerpo no puede producir y que es de vital importancia para asegurar una \u00f3ptima nutrici\u00f3n. A partir del \u00e1cido linol\u00e9nico, el cuerpo produce EPA y a partir de \u00e9ste produce DHA, que son ambos omega 3. Estos \u00e1cidos grasos son componentes estructurales de las membranas de los fosfol\u00edpidos de los tejidos del cuerpo, estando presentes en niveles especialmente altos en la retina y el cerebro, en los que el DHA constituye m\u00e1s del 35% del total de los \u00e1cidos grasos. PRESENTACI\u00d3N 50 Ml.<\/p>\n","protected":false},"excerpt":{"rendered":"<p>Desarrollo y crecimiento de los ni\u00f1os DHA es un suplemento alimentario indicado para ni\u00f1os de 3 meses a 5 a\u00f1os, apoyando el normal desarrollo y crecimiento. El omega 3 (\u00e1cido linol\u00e9nico) es un \u00e1cido graso esencial que nuestro cuerpo no puede producir y que es de vital importancia para asegurar una \u00f3ptima nutrici\u00f3n. A partir [&#8230;]<\/p>\n<p><a class=\"btn btn-secondary understrap-read-more-link\" href=\"https:\/\/www.lifenatura.com\/es\/produto\/dha-gotas-50-ml-natures-aid\/\">Leer m\u00e1s&#8230;<span class=\"screen-reader-text\"> from DHA Gotas 50 ml &#8211; Natures Aid<\/span><\/a><\/p>\n","protected":false},"featured_media":20789,"template":"","meta":{"_acf_changed":false},"product_brand":[8592],"product_cat":[7182,7659,7755,7180,7179],"product_tag":[],"class_list":{"0":"post-39461","1":"product","2":"type-product","3":"status-publish","4":"has-post-thumbnail","6":"product_brand-natures-aid","7":"product_cat-concentracion-memoria","8":"product_cat-ingrediente-natural-bio","9":"product_cat-omega-3-es","10":"product_cat-para-los-ninos","11":"product_cat-salud","13":"first","14":"outofstock","15":"purchasable","16":"product-type-simple","17":"add-to-wishlist-before_image"},"acf":[],"yoast_head":"<!-- This site is optimized with the Yoast SEO Premium plugin v27.1 (Yoast SEO v27.4) - https:\/\/yoast.com\/product\/yoast-seo-premium-wordpress\/ -->\n<title>DHA Gotas 50 ml - Natures Aid<\/title>\n<meta name=\"description\" content=\"DHA es un suplemento alimentario indicado para ni\u00f1os de 3 meses a 5 a\u00f1os, apoyando el normal desarrollo y crecimiento.\" \/>\n<meta name=\"robots\" content=\"index, follow, max-snippet:-1, max-image-preview:large, max-video-preview:-1\" \/>\n<link rel=\"canonical\" href=\"https:\/\/www.lifenatura.com\/es\/produto\/dha-gotas-50-ml-natures-aid\/\" \/>\n<meta property=\"og:locale\" content=\"es_ES\" \/>\n<meta property=\"og:type\" content=\"article\" \/>\n<meta property=\"og:title\" content=\"DHA Gotas 50 ml - Natures Aid - Lifenatura\" \/>\n<meta property=\"og:description\" content=\"Compre aqui o seu DHA Gotas 50 ml - Natures Aid e a Lifenatura Online envia em 48 H com Portes Gratis &gt;35\u20ac de Pedido.\" \/>\n<meta property=\"og:url\" content=\"https:\/\/www.lifenatura.com\/es\/produto\/dha-gotas-50-ml-natures-aid\/\" \/>\n<meta property=\"og:site_name\" content=\"Lifenatura\" \/>\n<meta property=\"article:publisher\" content=\"https:\/\/www.facebook.com\/lifenatura\" \/>\n<meta property=\"article:modified_time\" content=\"2026-02-19T08:31:53+00:00\" \/>\n<meta property=\"og:image\" content=\"https:\/\/www.lifenatura.com\/wp-content\/uploads\/2021\/09\/gd_dha-gotas-50-ml-natures-aid.jpg\" \/>\n\t<meta property=\"og:image:width\" content=\"1000\" \/>\n\t<meta property=\"og:image:height\" content=\"1000\" \/>\n\t<meta property=\"og:image:type\" content=\"image\/jpeg\" \/>\n<meta name=\"twitter:card\" content=\"summary_large_image\" \/>\n<meta name=\"twitter:label1\" content=\"Precio\" \/>\n\t<meta name=\"twitter:data1\" content=\"23,85&nbsp;&euro;\" \/>\n\t<meta name=\"twitter:label2\" content=\"Disponibilidad\" \/>\n\t<meta name=\"twitter:data2\" content=\"Sin existencias\" \/>\n<meta property=\"product:price:amount\" content=\"23.85\" \/>\n<meta property=\"product:price:currency\" content=\"EUR\" \/>\n<meta property=\"og:availability\" content=\"out of stock\" \/>\n<meta property=\"product:availability\" content=\"out of stock\" \/>\n<meta property=\"product:retailer_item_id\" content=\"5023652385054\" \/>\n<meta property=\"product:condition\" content=\"new\" \/>\n<!-- \/ Yoast SEO Premium plugin. -->","yoast_head_json":{"title":"DHA Gotas 50 ml - Natures Aid","description":"DHA es un suplemento alimentario indicado para ni\u00f1os de 3 meses a 5 a\u00f1os, apoyando el normal desarrollo y crecimiento.","robots":{"index":"index","follow":"follow","max-snippet":"max-snippet:-1","max-image-preview":"max-image-preview:large","max-video-preview":"max-video-preview:-1"},"canonical":"https:\/\/www.lifenatura.com\/es\/produto\/dha-gotas-50-ml-natures-aid\/","og_locale":"es_ES","og_type":"article","og_title":"DHA Gotas 50 ml - Natures Aid - Lifenatura","og_description":"Compre aqui o seu DHA Gotas 50 ml - Natures Aid e a Lifenatura Online envia em 48 H com Portes Gratis >35\u20ac de Pedido.","og_url":"https:\/\/www.lifenatura.com\/es\/produto\/dha-gotas-50-ml-natures-aid\/","og_site_name":"Lifenatura","article_publisher":"https:\/\/www.facebook.com\/lifenatura","article_modified_time":"2026-02-19T08:31:53+00:00","og_image":[{"width":1000,"height":1000,"url":"https:\/\/www.lifenatura.com\/wp-content\/uploads\/2021\/09\/gd_dha-gotas-50-ml-natures-aid.jpg","type":"image\/jpeg"}],"twitter_card":"summary_large_image","twitter_misc":{"Precio":"23,85&nbsp;&euro;","Disponibilidad":"Sin existencias"},"schema":{"@context":"https:\/\/schema.org","@graph":[{"@type":"WebPage","@id":"https:\/\/www.lifenatura.com\/es\/produto\/dha-gotas-50-ml-natures-aid\/","url":"https:\/\/www.lifenatura.com\/es\/produto\/dha-gotas-50-ml-natures-aid\/","name":"DHA Gotas 50 ml - Natures Aid","isPartOf":{"@id":"https:\/\/www.lifenatura.com\/es\/#website"},"primaryImageOfPage":{"@id":"https:\/\/www.lifenatura.com\/es\/produto\/dha-gotas-50-ml-natures-aid\/#primaryimage"},"image":{"@id":"https:\/\/www.lifenatura.com\/es\/produto\/dha-gotas-50-ml-natures-aid\/#primaryimage"},"thumbnailUrl":"https:\/\/www.lifenatura.com\/wp-content\/uploads\/2021\/09\/gd_dha-gotas-50-ml-natures-aid.jpg","datePublished":"2021-09-30T10:23:39+00:00","dateModified":"2026-02-19T08:31:53+00:00","description":"DHA es un suplemento alimentario indicado para ni\u00f1os de 3 meses a 5 a\u00f1os, apoyando el normal desarrollo y crecimiento.","breadcrumb":{"@id":"https:\/\/www.lifenatura.com\/es\/produto\/dha-gotas-50-ml-natures-aid\/#breadcrumb"},"inLanguage":"es","potentialAction":[{"@type":"ReadAction","target":["https:\/\/www.lifenatura.com\/es\/produto\/dha-gotas-50-ml-natures-aid\/"]}]},{"@type":"ImageObject","inLanguage":"es","@id":"https:\/\/www.lifenatura.com\/es\/produto\/dha-gotas-50-ml-natures-aid\/#primaryimage","url":"https:\/\/www.lifenatura.com\/wp-content\/uploads\/2021\/09\/gd_dha-gotas-50-ml-natures-aid.jpg","contentUrl":"https:\/\/www.lifenatura.com\/wp-content\/uploads\/2021\/09\/gd_dha-gotas-50-ml-natures-aid.jpg","width":1000,"height":1000,"caption":"DHA Gotas 50 ml - Natures Aid"},{"@type":"BreadcrumbList","@id":"https:\/\/www.lifenatura.com\/es\/produto\/dha-gotas-50-ml-natures-aid\/#breadcrumb","itemListElement":[{"@type":"ListItem","position":1,"name":"In\u00edcio","item":"https:\/\/www.lifenatura.com\/es\/"},{"@type":"ListItem","position":2,"name":"Todos los Productos","item":"https:\/\/www.lifenatura.com\/es\/tienda\/"},{"@type":"ListItem","position":3,"name":"DHA Gotas 50 ml &#8211; Natures Aid"}]},{"@type":"WebSite","@id":"https:\/\/www.lifenatura.com\/es\/#website","url":"https:\/\/www.lifenatura.com\/es\/","name":"Lifenatura","description":"A Lifenatura \u00e9 uma loja de produtos naturais, cosm\u00e9tica natural e alimenta\u00e7\u00e3o Biol\u00f3gica.","publisher":{"@id":"https:\/\/www.lifenatura.com\/es\/#organization"},"potentialAction":[{"@type":"SearchAction","target":{"@type":"EntryPoint","urlTemplate":"https:\/\/www.lifenatura.com\/es\/?s={search_term_string}"},"query-input":{"@type":"PropertyValueSpecification","valueRequired":true,"valueName":"search_term_string"}}],"inLanguage":"es"},{"@type":"Organization","@id":"https:\/\/www.lifenatura.com\/es\/#organization","name":"Lifenatura","url":"https:\/\/www.lifenatura.com\/es\/","logo":{"@type":"ImageObject","inLanguage":"es","@id":"https:\/\/www.lifenatura.com\/es\/#\/schema\/logo\/image\/","url":"https:\/\/www.lifenatura.com\/wp-content\/uploads\/2021\/11\/logo.png","contentUrl":"https:\/\/www.lifenatura.com\/wp-content\/uploads\/2021\/11\/logo.png","width":175,"height":55,"caption":"Lifenatura"},"image":{"@id":"https:\/\/www.lifenatura.com\/es\/#\/schema\/logo\/image\/"},"sameAs":["https:\/\/www.facebook.com\/lifenatura","https:\/\/www.instagram.com\/lifenaturapt\/"]}]},"product_price_amount":"23.85","product_price_currency":"EUR","og_availability":"out of stock","product_availability":"out of stock","product_retailer_item_id":"5023652385054","product_condition":"new"},"df_price":23.85,"df_sale_price":"","df_regular_price":23.85,"df_image_link":"https:\/\/www.lifenatura.com\/wp-content\/uploads\/2021\/09\/gd_dha-gotas-50-ml-natures-aid-300x300.jpg","_links":{"self":[{"href":"https:\/\/www.lifenatura.com\/es\/wp-json\/wp\/v2\/product\/39461","targetHints":{"allow":["GET"]}}],"collection":[{"href":"https:\/\/www.lifenatura.com\/es\/wp-json\/wp\/v2\/product"}],"about":[{"href":"https:\/\/www.lifenatura.com\/es\/wp-json\/wp\/v2\/types\/product"}],"wp:featuredmedia":[{"embeddable":true,"href":"https:\/\/www.lifenatura.com\/es\/wp-json\/wp\/v2\/media\/20789"}],"wp:attachment":[{"href":"https:\/\/www.lifenatura.com\/es\/wp-json\/wp\/v2\/media?parent=39461"}],"wp:term":[{"taxonomy":"product_brand","embeddable":true,"href":"https:\/\/www.lifenatura.com\/es\/wp-json\/wp\/v2\/product_brand?post=39461"},{"taxonomy":"product_cat","embeddable":true,"href":"https:\/\/www.lifenatura.com\/es\/wp-json\/wp\/v2\/product_cat?post=39461"},{"taxonomy":"product_tag","embeddable":true,"href":"https:\/\/www.lifenatura.com\/es\/wp-json\/wp\/v2\/product_tag?post=39461"}],"curies":[{"name":"wp","href":"https:\/\/api.w.org\/{rel}","templated":true}]}}