{"id":39416,"date":"2021-09-30T10:23:00","date_gmt":"2021-09-30T10:23:00","guid":{"rendered":"https:\/\/lifenatura.dev.agenciagetdigital.com\/produto\/pau-darco-100-capsulas-natures-life\/"},"modified":"2026-01-29T06:43:07","modified_gmt":"2026-01-29T06:43:07","slug":"pau-darco-100-capsulas-natures-life","status":"publish","type":"product","link":"https:\/\/www.lifenatura.com\/es\/produto\/pau-darco-100-capsulas-natures-life\/","title":{"rendered":"Pau De Arco 100 c\u00e1psulas &#8211; Natures Life"},"content":{"rendered":"<h2 style=\"text-align: left;\"><strong>Pau D&#8217;Arco indicado para el sistema inmunitario<\/strong><\/h2>\n<p>&nbsp;<\/p>\n<p>Pau D\u00b4Arco de Nature\u00b4s Life est\u00e1 indicado para el tratamiento de infecciones, \u00falceras, enfermedades cancerosas, retenci\u00f3n de l\u00edquidos, anemias, cansancio, leucemia (y tendencias hemorr\u00e1gicas asociadas), debilidad card\u00edaca, \u00falceras de est\u00f3mago, gastritis, colitis, enfermedades endocrinol\u00f3gicas, enfermedades de la piel y reumatismos.<\/p>\n<p>Tambi\u00e9n est\u00e1 indicado para combatir infecciones bacterianas y f\u00fangicas, tiene acci\u00f3n antic\u00e1ndida, purificadora de la sangre e inmunoestimulante.<\/p>\n<p><strong>PRESENTACI\u00d3N<\/strong><\/p>\n<p>100 c\u00e1psulas.<\/p>\n<p>&nbsp;<\/p>\n","protected":false},"excerpt":{"rendered":"<p>Pau de arco indicado como coadyuvante del tratamiento en diversas situaciones, como infecciones, \u00falceras, enfermedades cancerosas y retenci\u00f3n de l\u00edquidos. [&#8230;]<\/p>\n<p><a class=\"btn btn-secondary understrap-read-more-link\" href=\"https:\/\/www.lifenatura.com\/es\/produto\/pau-darco-100-capsulas-natures-life\/\">Leer m\u00e1s&#8230;<span class=\"screen-reader-text\"> from Pau De Arco 100 c\u00e1psulas &#8211; Natures Life<\/span><\/a><\/p>\n","protected":false},"featured_media":125317,"template":"","meta":{"_acf_changed":false},"product_brand":[8439],"product_cat":[7659,7761,7179],"product_tag":[],"class_list":{"0":"post-39416","1":"product","2":"type-product","3":"status-publish","4":"has-post-thumbnail","6":"product_brand-natures-life","7":"product_cat-ingrediente-natural-bio","8":"product_cat-pau-d-arco","9":"product_cat-salud","11":"first","12":"instock","13":"shipping-taxable","14":"purchasable","15":"product-type-simple","16":"add-to-wishlist-before_image"},"acf":[],"yoast_head":"<!-- This site is optimized with the Yoast SEO Premium plugin v27.1 (Yoast SEO v27.5) - https:\/\/yoast.com\/product\/yoast-seo-premium-wordpress\/ -->\n<title>Pau D\u00b4Arco 100 c\u00e1psulas - Nature\u00b4s Life<\/title>\n<meta name=\"description\" content=\"Pau de arco indicado como coadyuvante del tratamiento en diversas situaciones, como infecciones, \u00falceras, enfermedades cancerosas y retenci\u00f3n de l\u00edquidos.\" \/>\n<meta name=\"robots\" content=\"index, follow, max-snippet:-1, max-image-preview:large, max-video-preview:-1\" \/>\n<link rel=\"canonical\" href=\"https:\/\/www.lifenatura.com\/es\/produto\/pau-darco-100-capsulas-natures-life\/\" \/>\n<meta property=\"og:locale\" content=\"es_ES\" \/>\n<meta property=\"og:type\" content=\"article\" \/>\n<meta property=\"og:title\" content=\"Pau De Arco 100 c\u00e1psulas - Natures Life - Na Lifenatura ao Melhor Pre\u00e7o | Envio 48h\" \/>\n<meta property=\"og:description\" content=\"Compre Pau De Arco 100 c\u00e1psulas - Natures Life com envio r\u00e1pido. Entrega em 48h e portes gr\u00e1tis em compras &gt;35\u20ac. Aproveite j\u00e1 na Lifenatura\" \/>\n<meta property=\"og:url\" content=\"https:\/\/www.lifenatura.com\/es\/produto\/pau-darco-100-capsulas-natures-life\/\" \/>\n<meta property=\"og:site_name\" content=\"Lifenatura\" \/>\n<meta property=\"article:publisher\" content=\"https:\/\/www.facebook.com\/lifenatura\" \/>\n<meta property=\"article:modified_time\" content=\"2026-01-29T06:43:07+00:00\" \/>\n<meta property=\"og:image\" content=\"https:\/\/www.lifenatura.com\/wp-content\/uploads\/2021\/09\/pau-de-arco-natures-life.jpg\" \/>\n\t<meta property=\"og:image:width\" content=\"1000\" \/>\n\t<meta property=\"og:image:height\" content=\"1000\" \/>\n\t<meta property=\"og:image:type\" content=\"image\/jpeg\" \/>\n<meta name=\"twitter:card\" content=\"summary_large_image\" \/>\n<meta name=\"twitter:label1\" content=\"Precio\" \/>\n\t<meta name=\"twitter:data1\" content=\"21,45&nbsp;&euro;\" \/>\n\t<meta name=\"twitter:label2\" content=\"Disponibilidad\" \/>\n\t<meta name=\"twitter:data2\" content=\"Disponible\" \/>\n<script type=\"application\/ld+json\" class=\"yoast-schema-graph\">{\"@context\":\"https:\\\/\\\/schema.org\",\"@graph\":[{\"@type\":\"WebPage\",\"@id\":\"https:\\\/\\\/www.lifenatura.com\\\/es\\\/produto\\\/pau-darco-100-capsulas-natures-life\\\/\",\"url\":\"https:\\\/\\\/www.lifenatura.com\\\/es\\\/produto\\\/pau-darco-100-capsulas-natures-life\\\/\",\"name\":\"Pau D\u00b4Arco 100 c\u00e1psulas - Nature\u00b4s Life\",\"isPartOf\":{\"@id\":\"https:\\\/\\\/www.lifenatura.com\\\/es\\\/#website\"},\"primaryImageOfPage\":{\"@id\":\"https:\\\/\\\/www.lifenatura.com\\\/es\\\/produto\\\/pau-darco-100-capsulas-natures-life\\\/#primaryimage\"},\"image\":{\"@id\":\"https:\\\/\\\/www.lifenatura.com\\\/es\\\/produto\\\/pau-darco-100-capsulas-natures-life\\\/#primaryimage\"},\"thumbnailUrl\":\"https:\\\/\\\/www.lifenatura.com\\\/wp-content\\\/uploads\\\/2021\\\/09\\\/pau-de-arco-natures-life.jpg\",\"datePublished\":\"2021-09-30T10:23:00+00:00\",\"dateModified\":\"2026-01-29T06:43:07+00:00\",\"description\":\"Pau de arco indicado como coadyuvante del tratamiento en diversas situaciones, como infecciones, \u00falceras, enfermedades cancerosas y retenci\u00f3n de l\u00edquidos.\",\"breadcrumb\":{\"@id\":\"https:\\\/\\\/www.lifenatura.com\\\/es\\\/produto\\\/pau-darco-100-capsulas-natures-life\\\/#breadcrumb\"},\"inLanguage\":\"es\",\"potentialAction\":[{\"@type\":\"ReadAction\",\"target\":[\"https:\\\/\\\/www.lifenatura.com\\\/es\\\/produto\\\/pau-darco-100-capsulas-natures-life\\\/\"]}]},{\"@type\":\"ImageObject\",\"inLanguage\":\"es\",\"@id\":\"https:\\\/\\\/www.lifenatura.com\\\/es\\\/produto\\\/pau-darco-100-capsulas-natures-life\\\/#primaryimage\",\"url\":\"https:\\\/\\\/www.lifenatura.com\\\/wp-content\\\/uploads\\\/2021\\\/09\\\/pau-de-arco-natures-life.jpg\",\"contentUrl\":\"https:\\\/\\\/www.lifenatura.com\\\/wp-content\\\/uploads\\\/2021\\\/09\\\/pau-de-arco-natures-life.jpg\",\"width\":1000,\"height\":1000,\"caption\":\"pau de arco da marca naturss life\"},{\"@type\":\"BreadcrumbList\",\"@id\":\"https:\\\/\\\/www.lifenatura.com\\\/es\\\/produto\\\/pau-darco-100-capsulas-natures-life\\\/#breadcrumb\",\"itemListElement\":[{\"@type\":\"ListItem\",\"position\":1,\"name\":\"In\u00edcio\",\"item\":\"https:\\\/\\\/www.lifenatura.com\\\/es\\\/\"},{\"@type\":\"ListItem\",\"position\":2,\"name\":\"Todos los Productos\",\"item\":\"https:\\\/\\\/www.lifenatura.com\\\/es\\\/tienda\\\/\"},{\"@type\":\"ListItem\",\"position\":3,\"name\":\"Pau De Arco 100 c\u00e1psulas &#8211; Natures Life\"}]},{\"@type\":\"WebSite\",\"@id\":\"https:\\\/\\\/www.lifenatura.com\\\/es\\\/#website\",\"url\":\"https:\\\/\\\/www.lifenatura.com\\\/es\\\/\",\"name\":\"Lifenatura\",\"description\":\"A Lifenatura \u00e9 uma loja de produtos naturais, cosm\u00e9tica natural e alimenta\u00e7\u00e3o Biol\u00f3gica.\",\"publisher\":{\"@id\":\"https:\\\/\\\/www.lifenatura.com\\\/es\\\/#organization\"},\"potentialAction\":[{\"@type\":\"SearchAction\",\"target\":{\"@type\":\"EntryPoint\",\"urlTemplate\":\"https:\\\/\\\/www.lifenatura.com\\\/es\\\/?s={search_term_string}\"},\"query-input\":{\"@type\":\"PropertyValueSpecification\",\"valueRequired\":true,\"valueName\":\"search_term_string\"}}],\"inLanguage\":\"es\"},{\"@type\":\"Organization\",\"@id\":\"https:\\\/\\\/www.lifenatura.com\\\/es\\\/#organization\",\"name\":\"Lifenatura\",\"url\":\"https:\\\/\\\/www.lifenatura.com\\\/es\\\/\",\"logo\":{\"@type\":\"ImageObject\",\"inLanguage\":\"es\",\"@id\":\"https:\\\/\\\/www.lifenatura.com\\\/es\\\/#\\\/schema\\\/logo\\\/image\\\/\",\"url\":\"https:\\\/\\\/www.lifenatura.com\\\/wp-content\\\/uploads\\\/2021\\\/07\\\/logo.png\",\"contentUrl\":\"https:\\\/\\\/www.lifenatura.com\\\/wp-content\\\/uploads\\\/2021\\\/07\\\/logo.png\",\"width\":175,\"height\":55,\"caption\":\"Lifenatura\"},\"image\":{\"@id\":\"https:\\\/\\\/www.lifenatura.com\\\/es\\\/#\\\/schema\\\/logo\\\/image\\\/\"},\"sameAs\":[\"https:\\\/\\\/www.facebook.com\\\/lifenatura\",\"https:\\\/\\\/www.instagram.com\\\/lifenaturapt\\\/\"],\"hasMerchantReturnPolicy\":{\"@type\":\"MerchantReturnPolicy\",\"merchantReturnLink\":\"https:\\\/\\\/www.lifenatura.com\\\/termos-condicoes-lifenatura\\\/\"}}]}<\/script>\n<meta property=\"product:price:amount\" content=\"21.45\" \/>\n<meta property=\"product:price:currency\" content=\"EUR\" \/>\n<meta property=\"og:availability\" content=\"instock\" \/>\n<meta property=\"product:availability\" content=\"instock\" \/>\n<meta property=\"product:retailer_item_id\" content=\"0041954547432\" \/>\n<meta property=\"product:condition\" content=\"new\" \/>\n<!-- \/ Yoast SEO Premium plugin. -->","yoast_head_json":{"title":"Pau D\u00b4Arco 100 c\u00e1psulas - Nature\u00b4s Life","description":"Pau de arco indicado como coadyuvante del tratamiento en diversas situaciones, como infecciones, \u00falceras, enfermedades cancerosas y retenci\u00f3n de l\u00edquidos.","robots":{"index":"index","follow":"follow","max-snippet":"max-snippet:-1","max-image-preview":"max-image-preview:large","max-video-preview":"max-video-preview:-1"},"canonical":"https:\/\/www.lifenatura.com\/es\/produto\/pau-darco-100-capsulas-natures-life\/","og_locale":"es_ES","og_type":"article","og_title":"Pau De Arco 100 c\u00e1psulas - Natures Life - Na Lifenatura ao Melhor Pre\u00e7o | Envio 48h","og_description":"Compre Pau De Arco 100 c\u00e1psulas - Natures Life com envio r\u00e1pido. Entrega em 48h e portes gr\u00e1tis em compras >35\u20ac. Aproveite j\u00e1 na Lifenatura","og_url":"https:\/\/www.lifenatura.com\/es\/produto\/pau-darco-100-capsulas-natures-life\/","og_site_name":"Lifenatura","article_publisher":"https:\/\/www.facebook.com\/lifenatura","article_modified_time":"2026-01-29T06:43:07+00:00","og_image":[{"width":1000,"height":1000,"url":"https:\/\/www.lifenatura.com\/wp-content\/uploads\/2021\/09\/pau-de-arco-natures-life.jpg","type":"image\/jpeg"}],"twitter_card":"summary_large_image","twitter_misc":{"Precio":"21,45&nbsp;&euro;","Disponibilidad":"Disponible"},"schema":{"@context":"https:\/\/schema.org","@graph":[{"@type":"WebPage","@id":"https:\/\/www.lifenatura.com\/es\/produto\/pau-darco-100-capsulas-natures-life\/","url":"https:\/\/www.lifenatura.com\/es\/produto\/pau-darco-100-capsulas-natures-life\/","name":"Pau D\u00b4Arco 100 c\u00e1psulas - Nature\u00b4s Life","isPartOf":{"@id":"https:\/\/www.lifenatura.com\/es\/#website"},"primaryImageOfPage":{"@id":"https:\/\/www.lifenatura.com\/es\/produto\/pau-darco-100-capsulas-natures-life\/#primaryimage"},"image":{"@id":"https:\/\/www.lifenatura.com\/es\/produto\/pau-darco-100-capsulas-natures-life\/#primaryimage"},"thumbnailUrl":"https:\/\/www.lifenatura.com\/wp-content\/uploads\/2021\/09\/pau-de-arco-natures-life.jpg","datePublished":"2021-09-30T10:23:00+00:00","dateModified":"2026-01-29T06:43:07+00:00","description":"Pau de arco indicado como coadyuvante del tratamiento en diversas situaciones, como infecciones, \u00falceras, enfermedades cancerosas y retenci\u00f3n de l\u00edquidos.","breadcrumb":{"@id":"https:\/\/www.lifenatura.com\/es\/produto\/pau-darco-100-capsulas-natures-life\/#breadcrumb"},"inLanguage":"es","potentialAction":[{"@type":"ReadAction","target":["https:\/\/www.lifenatura.com\/es\/produto\/pau-darco-100-capsulas-natures-life\/"]}]},{"@type":"ImageObject","inLanguage":"es","@id":"https:\/\/www.lifenatura.com\/es\/produto\/pau-darco-100-capsulas-natures-life\/#primaryimage","url":"https:\/\/www.lifenatura.com\/wp-content\/uploads\/2021\/09\/pau-de-arco-natures-life.jpg","contentUrl":"https:\/\/www.lifenatura.com\/wp-content\/uploads\/2021\/09\/pau-de-arco-natures-life.jpg","width":1000,"height":1000,"caption":"pau de arco da marca naturss life"},{"@type":"BreadcrumbList","@id":"https:\/\/www.lifenatura.com\/es\/produto\/pau-darco-100-capsulas-natures-life\/#breadcrumb","itemListElement":[{"@type":"ListItem","position":1,"name":"In\u00edcio","item":"https:\/\/www.lifenatura.com\/es\/"},{"@type":"ListItem","position":2,"name":"Todos los Productos","item":"https:\/\/www.lifenatura.com\/es\/tienda\/"},{"@type":"ListItem","position":3,"name":"Pau De Arco 100 c\u00e1psulas &#8211; Natures Life"}]},{"@type":"WebSite","@id":"https:\/\/www.lifenatura.com\/es\/#website","url":"https:\/\/www.lifenatura.com\/es\/","name":"Lifenatura","description":"A Lifenatura \u00e9 uma loja de produtos naturais, cosm\u00e9tica natural e alimenta\u00e7\u00e3o Biol\u00f3gica.","publisher":{"@id":"https:\/\/www.lifenatura.com\/es\/#organization"},"potentialAction":[{"@type":"SearchAction","target":{"@type":"EntryPoint","urlTemplate":"https:\/\/www.lifenatura.com\/es\/?s={search_term_string}"},"query-input":{"@type":"PropertyValueSpecification","valueRequired":true,"valueName":"search_term_string"}}],"inLanguage":"es"},{"@type":"Organization","@id":"https:\/\/www.lifenatura.com\/es\/#organization","name":"Lifenatura","url":"https:\/\/www.lifenatura.com\/es\/","logo":{"@type":"ImageObject","inLanguage":"es","@id":"https:\/\/www.lifenatura.com\/es\/#\/schema\/logo\/image\/","url":"https:\/\/www.lifenatura.com\/wp-content\/uploads\/2021\/07\/logo.png","contentUrl":"https:\/\/www.lifenatura.com\/wp-content\/uploads\/2021\/07\/logo.png","width":175,"height":55,"caption":"Lifenatura"},"image":{"@id":"https:\/\/www.lifenatura.com\/es\/#\/schema\/logo\/image\/"},"sameAs":["https:\/\/www.facebook.com\/lifenatura","https:\/\/www.instagram.com\/lifenaturapt\/"],"hasMerchantReturnPolicy":{"@type":"MerchantReturnPolicy","merchantReturnLink":"https:\/\/www.lifenatura.com\/termos-condicoes-lifenatura\/"}}]},"product_price_amount":"21.45","product_price_currency":"EUR","og_availability":"instock","product_availability":"instock","product_retailer_item_id":"0041954547432","product_condition":"new"},"df_price":21.45,"df_sale_price":"","df_regular_price":21.45,"df_image_link":"https:\/\/www.lifenatura.com\/wp-content\/uploads\/2021\/09\/pau-de-arco-natures-life-300x300.jpg","_links":{"self":[{"href":"https:\/\/www.lifenatura.com\/es\/wp-json\/wp\/v2\/product\/39416","targetHints":{"allow":["GET"]}}],"collection":[{"href":"https:\/\/www.lifenatura.com\/es\/wp-json\/wp\/v2\/product"}],"about":[{"href":"https:\/\/www.lifenatura.com\/es\/wp-json\/wp\/v2\/types\/product"}],"wp:featuredmedia":[{"embeddable":true,"href":"https:\/\/www.lifenatura.com\/es\/wp-json\/wp\/v2\/media\/125317"}],"wp:attachment":[{"href":"https:\/\/www.lifenatura.com\/es\/wp-json\/wp\/v2\/media?parent=39416"}],"wp:term":[{"taxonomy":"product_brand","embeddable":true,"href":"https:\/\/www.lifenatura.com\/es\/wp-json\/wp\/v2\/product_brand?post=39416"},{"taxonomy":"product_cat","embeddable":true,"href":"https:\/\/www.lifenatura.com\/es\/wp-json\/wp\/v2\/product_cat?post=39416"},{"taxonomy":"product_tag","embeddable":true,"href":"https:\/\/www.lifenatura.com\/es\/wp-json\/wp\/v2\/product_tag?post=39416"}],"curies":[{"name":"wp","href":"https:\/\/api.w.org\/{rel}","templated":true}]}}