{"id":39377,"date":"2021-09-30T10:22:16","date_gmt":"2021-09-30T10:22:16","guid":{"rendered":"https:\/\/lifenatura.dev.agenciagetdigital.com\/produto\/lapacho-feno-grego-200-ml-natiris\/"},"modified":"2026-05-01T00:13:25","modified_gmt":"2026-05-01T00:13:25","slug":"lapacho-feno-grego-200-ml-natiris","status":"publish","type":"product","link":"https:\/\/www.lifenatura.com\/es\/produto\/lapacho-feno-grego-200-ml-natiris\/","title":{"rendered":"Lapacho Feno Grego 200 ml &#8211; Natiris"},"content":{"rendered":"<p>Indicado para el Sistema Inmunitario El Lapacho es tambi\u00e9n un poderoso antioxidante, creyendo ser esa la raz\u00f3n que permite la subsistencia de la planta a altitudes donde la concentraci\u00f3n de ozono es muy elevada. El Lapacho tambi\u00e9n contiene indol, que est\u00e1 presente en la familia de las cruc\u00edferas, bien conocidas por promover actividad antioxidante. El Lapacho demuestra tener actividad antiviral y antiparasitaria, siendo efectivo en el tratamiento de candidiasis vaginal, dermatofitosis y Candida albicans. PRESENTACI\u00d3N 200 Ml.<\/p>\n","protected":false},"excerpt":{"rendered":"<p>Indicado para el Sistema Inmunitario El Lapacho es tambi\u00e9n un poderoso antioxidante, creyendo ser esa la raz\u00f3n que permite la subsistencia de la planta a altitudes donde la concentraci\u00f3n de ozono es muy elevada. El Lapacho tambi\u00e9n contiene indol, que est\u00e1 presente en la familia de las cruc\u00edferas, bien conocidas por promover actividad antioxidante. El [&#8230;]<\/p>\n<p><a class=\"btn btn-secondary understrap-read-more-link\" href=\"https:\/\/www.lifenatura.com\/es\/produto\/lapacho-feno-grego-200-ml-natiris\/\">Leer m\u00e1s&#8230;<span class=\"screen-reader-text\"> from Lapacho Feno Grego 200 ml &#8211; Natiris<\/span><\/a><\/p>\n","protected":false},"featured_media":130641,"template":"","meta":{"_acf_changed":false},"product_brand":[8441],"product_cat":[7659,7761,7211,7179],"product_tag":[8701],"class_list":{"0":"post-39377","1":"product","2":"type-product","3":"status-publish","4":"has-post-thumbnail","6":"product_brand-natiris","7":"product_cat-ingrediente-natural-bio","8":"product_cat-pau-d-arco","9":"product_cat-reforza-la-inmunidad-salud","10":"product_cat-salud","11":"product_tag-natiris","13":"first","14":"instock","15":"featured","16":"shipping-taxable","17":"purchasable","18":"product-type-simple","19":"add-to-wishlist-before_image"},"acf":[],"yoast_head":"<!-- This site is optimized with the Yoast SEO Premium plugin v27.1 (Yoast SEO v27.5) - https:\/\/yoast.com\/product\/yoast-seo-premium-wordpress\/ -->\n<title>Lapacho Feno Grego 200 ml - Natiris<\/title>\n<meta name=\"description\" content=\"El lapacho heno griego es un estimulante del sistema inmunitario, antioxidante, anti-tumoral, antiviral.\" \/>\n<meta name=\"robots\" content=\"index, follow, max-snippet:-1, max-image-preview:large, max-video-preview:-1\" \/>\n<link rel=\"canonical\" href=\"https:\/\/www.lifenatura.com\/es\/produto\/lapacho-feno-grego-200-ml-natiris\/\" \/>\n<meta property=\"og:locale\" content=\"es_ES\" \/>\n<meta property=\"og:type\" content=\"article\" \/>\n<meta property=\"og:title\" content=\"Lapacho Feno Grego 200 ml - Natiris - Na Lifenatura ao Melhor Pre\u00e7o | Envio 48h\" \/>\n<meta property=\"og:description\" content=\"Compre Lapacho Feno Grego 200 ml - Natiris com envio r\u00e1pido. Entrega em 48h e portes gr\u00e1tis em compras &gt;35\u20ac. Aproveite j\u00e1 na Lifenatura\" \/>\n<meta property=\"og:url\" content=\"https:\/\/www.lifenatura.com\/es\/produto\/lapacho-feno-grego-200-ml-natiris\/\" \/>\n<meta property=\"og:site_name\" content=\"Lifenatura\" \/>\n<meta property=\"article:publisher\" content=\"https:\/\/www.facebook.com\/lifenatura\" \/>\n<meta property=\"article:modified_time\" content=\"2026-05-01T00:13:25+00:00\" \/>\n<meta property=\"og:image\" content=\"https:\/\/www.lifenatura.com\/wp-content\/uploads\/2021\/09\/gd_lapacho-feno-grego-200ml-natiris.jpg\" \/>\n\t<meta property=\"og:image:width\" content=\"1000\" \/>\n\t<meta property=\"og:image:height\" content=\"1000\" \/>\n\t<meta property=\"og:image:type\" content=\"image\/jpeg\" \/>\n<meta name=\"twitter:card\" content=\"summary_large_image\" \/>\n<meta name=\"twitter:label1\" content=\"Precio\" \/>\n\t<meta name=\"twitter:data1\" content=\"17,49&nbsp;&euro;\" \/>\n\t<meta name=\"twitter:label2\" content=\"Disponibilidad\" \/>\n\t<meta name=\"twitter:data2\" content=\"Disponible\" \/>\n<script type=\"application\/ld+json\" class=\"yoast-schema-graph\">{\"@context\":\"https:\\\/\\\/schema.org\",\"@graph\":[{\"@type\":\"WebPage\",\"@id\":\"https:\\\/\\\/www.lifenatura.com\\\/es\\\/produto\\\/lapacho-feno-grego-200-ml-natiris\\\/\",\"url\":\"https:\\\/\\\/www.lifenatura.com\\\/es\\\/produto\\\/lapacho-feno-grego-200-ml-natiris\\\/\",\"name\":\"Lapacho Feno Grego 200 ml - Natiris\",\"isPartOf\":{\"@id\":\"https:\\\/\\\/www.lifenatura.com\\\/es\\\/#website\"},\"primaryImageOfPage\":{\"@id\":\"https:\\\/\\\/www.lifenatura.com\\\/es\\\/produto\\\/lapacho-feno-grego-200-ml-natiris\\\/#primaryimage\"},\"image\":{\"@id\":\"https:\\\/\\\/www.lifenatura.com\\\/es\\\/produto\\\/lapacho-feno-grego-200-ml-natiris\\\/#primaryimage\"},\"thumbnailUrl\":\"https:\\\/\\\/www.lifenatura.com\\\/wp-content\\\/uploads\\\/2026\\\/03\\\/LAPACHO_FENO_GREGO_BLUE.jpg\",\"datePublished\":\"2021-09-30T10:22:16+00:00\",\"dateModified\":\"2026-05-01T00:13:25+00:00\",\"description\":\"El lapacho heno griego es un estimulante del sistema inmunitario, antioxidante, anti-tumoral, antiviral.\",\"breadcrumb\":{\"@id\":\"https:\\\/\\\/www.lifenatura.com\\\/es\\\/produto\\\/lapacho-feno-grego-200-ml-natiris\\\/#breadcrumb\"},\"inLanguage\":\"es\",\"potentialAction\":[{\"@type\":\"ReadAction\",\"target\":[\"https:\\\/\\\/www.lifenatura.com\\\/es\\\/produto\\\/lapacho-feno-grego-200-ml-natiris\\\/\"]}]},{\"@type\":\"ImageObject\",\"inLanguage\":\"es\",\"@id\":\"https:\\\/\\\/www.lifenatura.com\\\/es\\\/produto\\\/lapacho-feno-grego-200-ml-natiris\\\/#primaryimage\",\"url\":\"https:\\\/\\\/www.lifenatura.com\\\/wp-content\\\/uploads\\\/2026\\\/03\\\/LAPACHO_FENO_GREGO_BLUE.jpg\",\"contentUrl\":\"https:\\\/\\\/www.lifenatura.com\\\/wp-content\\\/uploads\\\/2026\\\/03\\\/LAPACHO_FENO_GREGO_BLUE.jpg\",\"width\":600,\"height\":600},{\"@type\":\"BreadcrumbList\",\"@id\":\"https:\\\/\\\/www.lifenatura.com\\\/es\\\/produto\\\/lapacho-feno-grego-200-ml-natiris\\\/#breadcrumb\",\"itemListElement\":[{\"@type\":\"ListItem\",\"position\":1,\"name\":\"In\u00edcio\",\"item\":\"https:\\\/\\\/www.lifenatura.com\\\/es\\\/\"},{\"@type\":\"ListItem\",\"position\":2,\"name\":\"Todos los Productos\",\"item\":\"https:\\\/\\\/www.lifenatura.com\\\/es\\\/tienda\\\/\"},{\"@type\":\"ListItem\",\"position\":3,\"name\":\"Lapacho Feno Grego 200 ml &#8211; Natiris\"}]},{\"@type\":\"WebSite\",\"@id\":\"https:\\\/\\\/www.lifenatura.com\\\/es\\\/#website\",\"url\":\"https:\\\/\\\/www.lifenatura.com\\\/es\\\/\",\"name\":\"Lifenatura\",\"description\":\"A Lifenatura \u00e9 uma loja de produtos naturais, cosm\u00e9tica natural e alimenta\u00e7\u00e3o Biol\u00f3gica.\",\"publisher\":{\"@id\":\"https:\\\/\\\/www.lifenatura.com\\\/es\\\/#organization\"},\"potentialAction\":[{\"@type\":\"SearchAction\",\"target\":{\"@type\":\"EntryPoint\",\"urlTemplate\":\"https:\\\/\\\/www.lifenatura.com\\\/es\\\/?s={search_term_string}\"},\"query-input\":{\"@type\":\"PropertyValueSpecification\",\"valueRequired\":true,\"valueName\":\"search_term_string\"}}],\"inLanguage\":\"es\"},{\"@type\":\"Organization\",\"@id\":\"https:\\\/\\\/www.lifenatura.com\\\/es\\\/#organization\",\"name\":\"Lifenatura\",\"url\":\"https:\\\/\\\/www.lifenatura.com\\\/es\\\/\",\"logo\":{\"@type\":\"ImageObject\",\"inLanguage\":\"es\",\"@id\":\"https:\\\/\\\/www.lifenatura.com\\\/es\\\/#\\\/schema\\\/logo\\\/image\\\/\",\"url\":\"https:\\\/\\\/www.lifenatura.com\\\/wp-content\\\/uploads\\\/2021\\\/07\\\/logo.png\",\"contentUrl\":\"https:\\\/\\\/www.lifenatura.com\\\/wp-content\\\/uploads\\\/2021\\\/07\\\/logo.png\",\"width\":175,\"height\":55,\"caption\":\"Lifenatura\"},\"image\":{\"@id\":\"https:\\\/\\\/www.lifenatura.com\\\/es\\\/#\\\/schema\\\/logo\\\/image\\\/\"},\"sameAs\":[\"https:\\\/\\\/www.facebook.com\\\/lifenatura\",\"https:\\\/\\\/www.instagram.com\\\/lifenaturapt\\\/\"],\"hasMerchantReturnPolicy\":{\"@type\":\"MerchantReturnPolicy\",\"merchantReturnLink\":\"https:\\\/\\\/www.lifenatura.com\\\/termos-condicoes-lifenatura\\\/\"}}]}<\/script>\n<meta property=\"product:price:amount\" content=\"17.49\" \/>\n<meta property=\"product:price:currency\" content=\"EUR\" \/>\n<meta property=\"og:availability\" content=\"instock\" \/>\n<meta property=\"product:availability\" content=\"instock\" \/>\n<meta property=\"product:retailer_item_id\" content=\"5601436104840\" \/>\n<meta property=\"product:condition\" content=\"new\" \/>\n<!-- \/ Yoast SEO Premium plugin. -->","yoast_head_json":{"title":"Lapacho Feno Grego 200 ml - Natiris","description":"El lapacho heno griego es un estimulante del sistema inmunitario, antioxidante, anti-tumoral, antiviral.","robots":{"index":"index","follow":"follow","max-snippet":"max-snippet:-1","max-image-preview":"max-image-preview:large","max-video-preview":"max-video-preview:-1"},"canonical":"https:\/\/www.lifenatura.com\/es\/produto\/lapacho-feno-grego-200-ml-natiris\/","og_locale":"es_ES","og_type":"article","og_title":"Lapacho Feno Grego 200 ml - Natiris - Na Lifenatura ao Melhor Pre\u00e7o | Envio 48h","og_description":"Compre Lapacho Feno Grego 200 ml - Natiris com envio r\u00e1pido. Entrega em 48h e portes gr\u00e1tis em compras >35\u20ac. Aproveite j\u00e1 na Lifenatura","og_url":"https:\/\/www.lifenatura.com\/es\/produto\/lapacho-feno-grego-200-ml-natiris\/","og_site_name":"Lifenatura","article_publisher":"https:\/\/www.facebook.com\/lifenatura","article_modified_time":"2026-05-01T00:13:25+00:00","og_image":[{"width":1000,"height":1000,"url":"https:\/\/www.lifenatura.com\/wp-content\/uploads\/2021\/09\/gd_lapacho-feno-grego-200ml-natiris.jpg","type":"image\/jpeg"}],"twitter_card":"summary_large_image","twitter_misc":{"Precio":"17,49&nbsp;&euro;","Disponibilidad":"Disponible"},"schema":{"@context":"https:\/\/schema.org","@graph":[{"@type":"WebPage","@id":"https:\/\/www.lifenatura.com\/es\/produto\/lapacho-feno-grego-200-ml-natiris\/","url":"https:\/\/www.lifenatura.com\/es\/produto\/lapacho-feno-grego-200-ml-natiris\/","name":"Lapacho Feno Grego 200 ml - Natiris","isPartOf":{"@id":"https:\/\/www.lifenatura.com\/es\/#website"},"primaryImageOfPage":{"@id":"https:\/\/www.lifenatura.com\/es\/produto\/lapacho-feno-grego-200-ml-natiris\/#primaryimage"},"image":{"@id":"https:\/\/www.lifenatura.com\/es\/produto\/lapacho-feno-grego-200-ml-natiris\/#primaryimage"},"thumbnailUrl":"https:\/\/www.lifenatura.com\/wp-content\/uploads\/2026\/03\/LAPACHO_FENO_GREGO_BLUE.jpg","datePublished":"2021-09-30T10:22:16+00:00","dateModified":"2026-05-01T00:13:25+00:00","description":"El lapacho heno griego es un estimulante del sistema inmunitario, antioxidante, anti-tumoral, antiviral.","breadcrumb":{"@id":"https:\/\/www.lifenatura.com\/es\/produto\/lapacho-feno-grego-200-ml-natiris\/#breadcrumb"},"inLanguage":"es","potentialAction":[{"@type":"ReadAction","target":["https:\/\/www.lifenatura.com\/es\/produto\/lapacho-feno-grego-200-ml-natiris\/"]}]},{"@type":"ImageObject","inLanguage":"es","@id":"https:\/\/www.lifenatura.com\/es\/produto\/lapacho-feno-grego-200-ml-natiris\/#primaryimage","url":"https:\/\/www.lifenatura.com\/wp-content\/uploads\/2026\/03\/LAPACHO_FENO_GREGO_BLUE.jpg","contentUrl":"https:\/\/www.lifenatura.com\/wp-content\/uploads\/2026\/03\/LAPACHO_FENO_GREGO_BLUE.jpg","width":600,"height":600},{"@type":"BreadcrumbList","@id":"https:\/\/www.lifenatura.com\/es\/produto\/lapacho-feno-grego-200-ml-natiris\/#breadcrumb","itemListElement":[{"@type":"ListItem","position":1,"name":"In\u00edcio","item":"https:\/\/www.lifenatura.com\/es\/"},{"@type":"ListItem","position":2,"name":"Todos los Productos","item":"https:\/\/www.lifenatura.com\/es\/tienda\/"},{"@type":"ListItem","position":3,"name":"Lapacho Feno Grego 200 ml &#8211; Natiris"}]},{"@type":"WebSite","@id":"https:\/\/www.lifenatura.com\/es\/#website","url":"https:\/\/www.lifenatura.com\/es\/","name":"Lifenatura","description":"A Lifenatura \u00e9 uma loja de produtos naturais, cosm\u00e9tica natural e alimenta\u00e7\u00e3o Biol\u00f3gica.","publisher":{"@id":"https:\/\/www.lifenatura.com\/es\/#organization"},"potentialAction":[{"@type":"SearchAction","target":{"@type":"EntryPoint","urlTemplate":"https:\/\/www.lifenatura.com\/es\/?s={search_term_string}"},"query-input":{"@type":"PropertyValueSpecification","valueRequired":true,"valueName":"search_term_string"}}],"inLanguage":"es"},{"@type":"Organization","@id":"https:\/\/www.lifenatura.com\/es\/#organization","name":"Lifenatura","url":"https:\/\/www.lifenatura.com\/es\/","logo":{"@type":"ImageObject","inLanguage":"es","@id":"https:\/\/www.lifenatura.com\/es\/#\/schema\/logo\/image\/","url":"https:\/\/www.lifenatura.com\/wp-content\/uploads\/2021\/07\/logo.png","contentUrl":"https:\/\/www.lifenatura.com\/wp-content\/uploads\/2021\/07\/logo.png","width":175,"height":55,"caption":"Lifenatura"},"image":{"@id":"https:\/\/www.lifenatura.com\/es\/#\/schema\/logo\/image\/"},"sameAs":["https:\/\/www.facebook.com\/lifenatura","https:\/\/www.instagram.com\/lifenaturapt\/"],"hasMerchantReturnPolicy":{"@type":"MerchantReturnPolicy","merchantReturnLink":"https:\/\/www.lifenatura.com\/termos-condicoes-lifenatura\/"}}]},"product_price_amount":"17.49","product_price_currency":"EUR","og_availability":"instock","product_availability":"instock","product_retailer_item_id":"5601436104840","product_condition":"new"},"df_price":17.49,"df_sale_price":13.12,"df_regular_price":17.49,"df_image_link":"https:\/\/www.lifenatura.com\/wp-content\/uploads\/2026\/03\/LAPACHO_FENO_GREGO_BLUE-300x300.jpg","_links":{"self":[{"href":"https:\/\/www.lifenatura.com\/es\/wp-json\/wp\/v2\/product\/39377","targetHints":{"allow":["GET"]}}],"collection":[{"href":"https:\/\/www.lifenatura.com\/es\/wp-json\/wp\/v2\/product"}],"about":[{"href":"https:\/\/www.lifenatura.com\/es\/wp-json\/wp\/v2\/types\/product"}],"wp:featuredmedia":[{"embeddable":true,"href":"https:\/\/www.lifenatura.com\/es\/wp-json\/wp\/v2\/media\/130641"}],"wp:attachment":[{"href":"https:\/\/www.lifenatura.com\/es\/wp-json\/wp\/v2\/media?parent=39377"}],"wp:term":[{"taxonomy":"product_brand","embeddable":true,"href":"https:\/\/www.lifenatura.com\/es\/wp-json\/wp\/v2\/product_brand?post=39377"},{"taxonomy":"product_cat","embeddable":true,"href":"https:\/\/www.lifenatura.com\/es\/wp-json\/wp\/v2\/product_cat?post=39377"},{"taxonomy":"product_tag","embeddable":true,"href":"https:\/\/www.lifenatura.com\/es\/wp-json\/wp\/v2\/product_tag?post=39377"}],"curies":[{"name":"wp","href":"https:\/\/api.w.org\/{rel}","templated":true}]}}