{"id":39334,"date":"2021-09-30T10:21:33","date_gmt":"2021-09-30T10:21:33","guid":{"rendered":"https:\/\/lifenatura.dev.agenciagetdigital.com\/produto\/memorium-estudiantes-30-ampollas-dietmed\/"},"modified":"2025-06-17T15:27:24","modified_gmt":"2025-06-17T15:27:24","slug":"memorium-estudiantes-30-ampollas-dietmed","status":"publish","type":"product","link":"https:\/\/www.lifenatura.com\/es\/produto\/memorium-estudiantes-30-ampollas-dietmed\/","title":{"rendered":"Memorium Estudiantes 30 ampollas &#8211; Dietmed"},"content":{"rendered":"<h2 style=\"text-align: left;\"><strong>Memorium mejora la concentraci\u00f3n del estudiante<\/strong><\/h2>\n<p>&nbsp;<\/p>\n<p>La l\u00ednea Memorium Estudiente consta de un conjunto de complementos alimenticios que permiten obtener la energ\u00eda necesaria para incrementar el rendimiento f\u00edsico y psicol\u00f3gico, especialmente en momentos de mayor demanda, como es el caso durante el per\u00edodo de ex\u00e1menes.<\/p>\n<p>\u00datil en \u00e9pocas de mayor esfuerzo intelectual. La Jalea Real es conocida por sus propiedades nutritivas y fortificantes, siendo especialmente \u00fatil en situaciones de estr\u00e9s y cansancio f\u00edsico o intelectual.<\/p>\n<p>Cansancio y fatiga La vitamina B6, la vitamina B12, el \u00e1cido pantot\u00e9nico, el \u00e1cido f\u00f3lico (folato), la niacina y la vitamina C contribuyen a la reducci\u00f3n del cansancio y la fatiga.<\/p>\n<p>La gama Memorium Estudiantes est\u00e1 compuesta por un conjunto de complementos alimenticios que aportan la energ\u00eda necesaria para aumentar el rendimiento f\u00edsico y mental, especialmente en los momentos de mayor exigencia, como la \u00e9poca de ex\u00e1menes.<\/p>\n<p><strong>Principales beneficios:<\/strong><\/p>\n<ul>\n<li><strong>Mejora de la Memoria y la Concentraci\u00f3n:<\/strong> Ingredientes como la fosfatidilserina y el ginkgo biloba ayudan a mejorar la capacidad de memoria y la concentraci\u00f3n, fundamentales para el \u00e9xito en los estudios.<\/li>\n<li><strong>Aumento de la Energ\u00eda Mental:<\/strong> La cafe\u00edna y las vitaminas del grupo B favorecen la energ\u00eda mental, ayudando a combatir el cansancio y la fatiga, especialmente durante largos periodos de estudio.<\/li>\n<li><strong>Reduce el Estr\u00e9s y la Ansiedad:<\/strong> Favorece el equilibrio mental, ayudando a reducir el estr\u00e9s y la ansiedad, factores que pueden perjudicar el rendimiento durante los ex\u00e1menes o el estudio intensivo.<\/li>\n<li><strong>F\u00e1cil absorci\u00f3n:<\/strong> F\u00f3rmula de r\u00e1pida absorci\u00f3n que proporciona efectos r\u00e1pidos y sostenidos, permiti\u00e9ndole estudiar durante m\u00e1s tiempo con mayor concentraci\u00f3n y energ\u00eda.<\/li>\n<li><strong>Apoyo Cognitivo Completo:<\/strong> Adem\u00e1s de mejorar la concentraci\u00f3n y la memoria, ayuda a optimizar el razonamiento y el rendimiento mental en general.<\/li>\n<\/ul>\n<p><strong>PRESENTACI\u00d3N <\/strong><\/p>\n<p>30 ampollas.<\/p>\n<p>&nbsp;<\/p>\n","protected":false},"excerpt":{"rendered":"<p>Memorium Estudiente consta de un conjunto de complementos alimenticios que permiten obtener la energ\u00eda necesaria para incrementar el rendimiento f\u00edsico y psicol\u00f3gico [&#8230;]<\/p>\n<p><a class=\"btn btn-secondary understrap-read-more-link\" href=\"https:\/\/www.lifenatura.com\/es\/produto\/memorium-estudiantes-30-ampollas-dietmed\/\">Leer m\u00e1s&#8230;<span class=\"screen-reader-text\"> from Memorium Estudiantes 30 ampollas &#8211; Dietmed<\/span><\/a><\/p>\n","protected":false},"featured_media":45844,"template":"","meta":{"_acf_changed":false},"product_brand":[8444],"product_cat":[7223,7722,7659,7164,7179],"product_tag":[],"class_list":{"0":"post-39334","1":"product","2":"type-product","3":"status-publish","4":"has-post-thumbnail","6":"product_brand-memorium","7":"product_cat-concentracion-memoria-salud","8":"product_cat-guarana-es","9":"product_cat-ingrediente-natural-bio","10":"product_cat-jalea-real","11":"product_cat-salud","13":"first","14":"instock","15":"sale","16":"shipping-taxable","17":"purchasable","18":"product-type-simple","19":"add-to-wishlist-before_image"},"acf":[],"yoast_head":"<!-- This site is optimized with the Yoast SEO Premium plugin v27.1 (Yoast SEO v27.5) - https:\/\/yoast.com\/product\/yoast-seo-premium-wordpress\/ -->\n<title>Memorium Estudiantes 30 ampollas Dietmed - Lifenatura<\/title>\n<meta name=\"description\" content=\"Memorium Estudiantes permiten obtener la energ\u00eda necesaria para aumentar el rendimiento f\u00edsico y ps\u00edquico, en la \u00e9poca de ex\u00e1menes.\" \/>\n<meta name=\"robots\" content=\"index, follow, max-snippet:-1, max-image-preview:large, max-video-preview:-1\" \/>\n<link rel=\"canonical\" href=\"https:\/\/www.lifenatura.com\/es\/produto\/memorium-estudiantes-30-ampollas-dietmed\/\" \/>\n<meta property=\"og:locale\" content=\"es_ES\" \/>\n<meta property=\"og:type\" content=\"article\" \/>\n<meta property=\"og:title\" content=\"Memorium Estudiantes 30 ampollas - Dietmed - Na Lifenatura ao Melhor Pre\u00e7o | Envio 48h\" \/>\n<meta property=\"og:description\" content=\"Compre Memorium Estudiantes 30 ampollas - Dietmed com envio r\u00e1pido. Entrega em 48h e portes gr\u00e1tis em compras &gt;35\u20ac. Aproveite j\u00e1 na Lifenatura\" \/>\n<meta property=\"og:url\" content=\"https:\/\/www.lifenatura.com\/es\/produto\/memorium-estudiantes-30-ampollas-dietmed\/\" \/>\n<meta property=\"og:site_name\" content=\"Lifenatura\" \/>\n<meta property=\"article:publisher\" content=\"https:\/\/www.facebook.com\/lifenatura\" \/>\n<meta property=\"article:modified_time\" content=\"2025-06-17T15:27:24+00:00\" \/>\n<meta property=\"og:image\" content=\"https:\/\/www.lifenatura.com\/wp-content\/uploads\/2021\/09\/memorium-estudantes-30ampolas.jpg\" \/>\n\t<meta property=\"og:image:width\" content=\"1000\" \/>\n\t<meta property=\"og:image:height\" content=\"1000\" \/>\n\t<meta property=\"og:image:type\" content=\"image\/jpeg\" \/>\n<meta name=\"twitter:card\" content=\"summary_large_image\" \/>\n<meta name=\"twitter:label1\" content=\"Precio\" \/>\n\t<meta name=\"twitter:data1\" content=\"28,76&nbsp;&euro;\" \/>\n\t<meta name=\"twitter:label2\" content=\"Disponibilidad\" \/>\n\t<meta name=\"twitter:data2\" content=\"Disponible\" \/>\n<script type=\"application\/ld+json\" class=\"yoast-schema-graph\">{\"@context\":\"https:\\\/\\\/schema.org\",\"@graph\":[{\"@type\":\"WebPage\",\"@id\":\"https:\\\/\\\/www.lifenatura.com\\\/es\\\/produto\\\/memorium-estudiantes-30-ampollas-dietmed\\\/\",\"url\":\"https:\\\/\\\/www.lifenatura.com\\\/es\\\/produto\\\/memorium-estudiantes-30-ampollas-dietmed\\\/\",\"name\":\"Memorium Estudiantes 30 ampollas Dietmed - Lifenatura\",\"isPartOf\":{\"@id\":\"https:\\\/\\\/www.lifenatura.com\\\/es\\\/#website\"},\"primaryImageOfPage\":{\"@id\":\"https:\\\/\\\/www.lifenatura.com\\\/es\\\/produto\\\/memorium-estudiantes-30-ampollas-dietmed\\\/#primaryimage\"},\"image\":{\"@id\":\"https:\\\/\\\/www.lifenatura.com\\\/es\\\/produto\\\/memorium-estudiantes-30-ampollas-dietmed\\\/#primaryimage\"},\"thumbnailUrl\":\"https:\\\/\\\/www.lifenatura.com\\\/wp-content\\\/uploads\\\/2021\\\/09\\\/memorium-estudantes-30ampolas.jpg\",\"datePublished\":\"2021-09-30T10:21:33+00:00\",\"dateModified\":\"2025-06-17T15:27:24+00:00\",\"description\":\"Memorium Estudiantes permiten obtener la energ\u00eda necesaria para aumentar el rendimiento f\u00edsico y ps\u00edquico, en la \u00e9poca de ex\u00e1menes.\",\"breadcrumb\":{\"@id\":\"https:\\\/\\\/www.lifenatura.com\\\/es\\\/produto\\\/memorium-estudiantes-30-ampollas-dietmed\\\/#breadcrumb\"},\"inLanguage\":\"es\",\"potentialAction\":[{\"@type\":\"ReadAction\",\"target\":[\"https:\\\/\\\/www.lifenatura.com\\\/es\\\/produto\\\/memorium-estudiantes-30-ampollas-dietmed\\\/\"]}]},{\"@type\":\"ImageObject\",\"inLanguage\":\"es\",\"@id\":\"https:\\\/\\\/www.lifenatura.com\\\/es\\\/produto\\\/memorium-estudiantes-30-ampollas-dietmed\\\/#primaryimage\",\"url\":\"https:\\\/\\\/www.lifenatura.com\\\/wp-content\\\/uploads\\\/2021\\\/09\\\/memorium-estudantes-30ampolas.jpg\",\"contentUrl\":\"https:\\\/\\\/www.lifenatura.com\\\/wp-content\\\/uploads\\\/2021\\\/09\\\/memorium-estudantes-30ampolas.jpg\",\"width\":1000,\"height\":1000,\"caption\":\"Memorium Estudantes 30 ampolas - Dietmed\"},{\"@type\":\"BreadcrumbList\",\"@id\":\"https:\\\/\\\/www.lifenatura.com\\\/es\\\/produto\\\/memorium-estudiantes-30-ampollas-dietmed\\\/#breadcrumb\",\"itemListElement\":[{\"@type\":\"ListItem\",\"position\":1,\"name\":\"In\u00edcio\",\"item\":\"https:\\\/\\\/www.lifenatura.com\\\/es\\\/\"},{\"@type\":\"ListItem\",\"position\":2,\"name\":\"Todos los Productos\",\"item\":\"https:\\\/\\\/www.lifenatura.com\\\/es\\\/tienda\\\/\"},{\"@type\":\"ListItem\",\"position\":3,\"name\":\"Memorium Estudiantes 30 ampollas &#8211; Dietmed\"}]},{\"@type\":\"WebSite\",\"@id\":\"https:\\\/\\\/www.lifenatura.com\\\/es\\\/#website\",\"url\":\"https:\\\/\\\/www.lifenatura.com\\\/es\\\/\",\"name\":\"Lifenatura\",\"description\":\"A Lifenatura \u00e9 uma loja de produtos naturais, cosm\u00e9tica natural e alimenta\u00e7\u00e3o Biol\u00f3gica.\",\"publisher\":{\"@id\":\"https:\\\/\\\/www.lifenatura.com\\\/es\\\/#organization\"},\"potentialAction\":[{\"@type\":\"SearchAction\",\"target\":{\"@type\":\"EntryPoint\",\"urlTemplate\":\"https:\\\/\\\/www.lifenatura.com\\\/es\\\/?s={search_term_string}\"},\"query-input\":{\"@type\":\"PropertyValueSpecification\",\"valueRequired\":true,\"valueName\":\"search_term_string\"}}],\"inLanguage\":\"es\"},{\"@type\":\"Organization\",\"@id\":\"https:\\\/\\\/www.lifenatura.com\\\/es\\\/#organization\",\"name\":\"Lifenatura\",\"url\":\"https:\\\/\\\/www.lifenatura.com\\\/es\\\/\",\"logo\":{\"@type\":\"ImageObject\",\"inLanguage\":\"es\",\"@id\":\"https:\\\/\\\/www.lifenatura.com\\\/es\\\/#\\\/schema\\\/logo\\\/image\\\/\",\"url\":\"https:\\\/\\\/www.lifenatura.com\\\/wp-content\\\/uploads\\\/2021\\\/07\\\/logo.png\",\"contentUrl\":\"https:\\\/\\\/www.lifenatura.com\\\/wp-content\\\/uploads\\\/2021\\\/07\\\/logo.png\",\"width\":175,\"height\":55,\"caption\":\"Lifenatura\"},\"image\":{\"@id\":\"https:\\\/\\\/www.lifenatura.com\\\/es\\\/#\\\/schema\\\/logo\\\/image\\\/\"},\"sameAs\":[\"https:\\\/\\\/www.facebook.com\\\/lifenatura\",\"https:\\\/\\\/www.instagram.com\\\/lifenaturapt\\\/\"],\"hasMerchantReturnPolicy\":{\"@type\":\"MerchantReturnPolicy\",\"merchantReturnLink\":\"https:\\\/\\\/www.lifenatura.com\\\/termos-condicoes-lifenatura\\\/\"}}]}<\/script>\n<meta property=\"product:price:amount\" content=\"28.76\" \/>\n<meta property=\"product:price:currency\" content=\"EUR\" \/>\n<meta property=\"og:availability\" content=\"instock\" \/>\n<meta property=\"product:availability\" content=\"instock\" \/>\n<meta property=\"product:retailer_item_id\" content=\"5605481101441\" \/>\n<meta property=\"product:condition\" content=\"new\" \/>\n<!-- \/ Yoast SEO Premium plugin. -->","yoast_head_json":{"title":"Memorium Estudiantes 30 ampollas Dietmed - Lifenatura","description":"Memorium Estudiantes permiten obtener la energ\u00eda necesaria para aumentar el rendimiento f\u00edsico y ps\u00edquico, en la \u00e9poca de ex\u00e1menes.","robots":{"index":"index","follow":"follow","max-snippet":"max-snippet:-1","max-image-preview":"max-image-preview:large","max-video-preview":"max-video-preview:-1"},"canonical":"https:\/\/www.lifenatura.com\/es\/produto\/memorium-estudiantes-30-ampollas-dietmed\/","og_locale":"es_ES","og_type":"article","og_title":"Memorium Estudiantes 30 ampollas - Dietmed - Na Lifenatura ao Melhor Pre\u00e7o | Envio 48h","og_description":"Compre Memorium Estudiantes 30 ampollas - Dietmed com envio r\u00e1pido. Entrega em 48h e portes gr\u00e1tis em compras >35\u20ac. Aproveite j\u00e1 na Lifenatura","og_url":"https:\/\/www.lifenatura.com\/es\/produto\/memorium-estudiantes-30-ampollas-dietmed\/","og_site_name":"Lifenatura","article_publisher":"https:\/\/www.facebook.com\/lifenatura","article_modified_time":"2025-06-17T15:27:24+00:00","og_image":[{"width":1000,"height":1000,"url":"https:\/\/www.lifenatura.com\/wp-content\/uploads\/2021\/09\/memorium-estudantes-30ampolas.jpg","type":"image\/jpeg"}],"twitter_card":"summary_large_image","twitter_misc":{"Precio":"28,76&nbsp;&euro;","Disponibilidad":"Disponible"},"schema":{"@context":"https:\/\/schema.org","@graph":[{"@type":"WebPage","@id":"https:\/\/www.lifenatura.com\/es\/produto\/memorium-estudiantes-30-ampollas-dietmed\/","url":"https:\/\/www.lifenatura.com\/es\/produto\/memorium-estudiantes-30-ampollas-dietmed\/","name":"Memorium Estudiantes 30 ampollas Dietmed - Lifenatura","isPartOf":{"@id":"https:\/\/www.lifenatura.com\/es\/#website"},"primaryImageOfPage":{"@id":"https:\/\/www.lifenatura.com\/es\/produto\/memorium-estudiantes-30-ampollas-dietmed\/#primaryimage"},"image":{"@id":"https:\/\/www.lifenatura.com\/es\/produto\/memorium-estudiantes-30-ampollas-dietmed\/#primaryimage"},"thumbnailUrl":"https:\/\/www.lifenatura.com\/wp-content\/uploads\/2021\/09\/memorium-estudantes-30ampolas.jpg","datePublished":"2021-09-30T10:21:33+00:00","dateModified":"2025-06-17T15:27:24+00:00","description":"Memorium Estudiantes permiten obtener la energ\u00eda necesaria para aumentar el rendimiento f\u00edsico y ps\u00edquico, en la \u00e9poca de ex\u00e1menes.","breadcrumb":{"@id":"https:\/\/www.lifenatura.com\/es\/produto\/memorium-estudiantes-30-ampollas-dietmed\/#breadcrumb"},"inLanguage":"es","potentialAction":[{"@type":"ReadAction","target":["https:\/\/www.lifenatura.com\/es\/produto\/memorium-estudiantes-30-ampollas-dietmed\/"]}]},{"@type":"ImageObject","inLanguage":"es","@id":"https:\/\/www.lifenatura.com\/es\/produto\/memorium-estudiantes-30-ampollas-dietmed\/#primaryimage","url":"https:\/\/www.lifenatura.com\/wp-content\/uploads\/2021\/09\/memorium-estudantes-30ampolas.jpg","contentUrl":"https:\/\/www.lifenatura.com\/wp-content\/uploads\/2021\/09\/memorium-estudantes-30ampolas.jpg","width":1000,"height":1000,"caption":"Memorium Estudantes 30 ampolas - Dietmed"},{"@type":"BreadcrumbList","@id":"https:\/\/www.lifenatura.com\/es\/produto\/memorium-estudiantes-30-ampollas-dietmed\/#breadcrumb","itemListElement":[{"@type":"ListItem","position":1,"name":"In\u00edcio","item":"https:\/\/www.lifenatura.com\/es\/"},{"@type":"ListItem","position":2,"name":"Todos los Productos","item":"https:\/\/www.lifenatura.com\/es\/tienda\/"},{"@type":"ListItem","position":3,"name":"Memorium Estudiantes 30 ampollas &#8211; Dietmed"}]},{"@type":"WebSite","@id":"https:\/\/www.lifenatura.com\/es\/#website","url":"https:\/\/www.lifenatura.com\/es\/","name":"Lifenatura","description":"A Lifenatura \u00e9 uma loja de produtos naturais, cosm\u00e9tica natural e alimenta\u00e7\u00e3o Biol\u00f3gica.","publisher":{"@id":"https:\/\/www.lifenatura.com\/es\/#organization"},"potentialAction":[{"@type":"SearchAction","target":{"@type":"EntryPoint","urlTemplate":"https:\/\/www.lifenatura.com\/es\/?s={search_term_string}"},"query-input":{"@type":"PropertyValueSpecification","valueRequired":true,"valueName":"search_term_string"}}],"inLanguage":"es"},{"@type":"Organization","@id":"https:\/\/www.lifenatura.com\/es\/#organization","name":"Lifenatura","url":"https:\/\/www.lifenatura.com\/es\/","logo":{"@type":"ImageObject","inLanguage":"es","@id":"https:\/\/www.lifenatura.com\/es\/#\/schema\/logo\/image\/","url":"https:\/\/www.lifenatura.com\/wp-content\/uploads\/2021\/07\/logo.png","contentUrl":"https:\/\/www.lifenatura.com\/wp-content\/uploads\/2021\/07\/logo.png","width":175,"height":55,"caption":"Lifenatura"},"image":{"@id":"https:\/\/www.lifenatura.com\/es\/#\/schema\/logo\/image\/"},"sameAs":["https:\/\/www.facebook.com\/lifenatura","https:\/\/www.instagram.com\/lifenaturapt\/"],"hasMerchantReturnPolicy":{"@type":"MerchantReturnPolicy","merchantReturnLink":"https:\/\/www.lifenatura.com\/termos-condicoes-lifenatura\/"}}]},"product_price_amount":"28.76","product_price_currency":"EUR","og_availability":"instock","product_availability":"instock","product_retailer_item_id":"5605481101441","product_condition":"new"},"df_price":28.76,"df_sale_price":28.76,"df_regular_price":35.96,"df_image_link":"https:\/\/www.lifenatura.com\/wp-content\/uploads\/2021\/09\/memorium-estudantes-30ampolas-300x300.jpg","_links":{"self":[{"href":"https:\/\/www.lifenatura.com\/es\/wp-json\/wp\/v2\/product\/39334","targetHints":{"allow":["GET"]}}],"collection":[{"href":"https:\/\/www.lifenatura.com\/es\/wp-json\/wp\/v2\/product"}],"about":[{"href":"https:\/\/www.lifenatura.com\/es\/wp-json\/wp\/v2\/types\/product"}],"wp:featuredmedia":[{"embeddable":true,"href":"https:\/\/www.lifenatura.com\/es\/wp-json\/wp\/v2\/media\/45844"}],"wp:attachment":[{"href":"https:\/\/www.lifenatura.com\/es\/wp-json\/wp\/v2\/media?parent=39334"}],"wp:term":[{"taxonomy":"product_brand","embeddable":true,"href":"https:\/\/www.lifenatura.com\/es\/wp-json\/wp\/v2\/product_brand?post=39334"},{"taxonomy":"product_cat","embeddable":true,"href":"https:\/\/www.lifenatura.com\/es\/wp-json\/wp\/v2\/product_cat?post=39334"},{"taxonomy":"product_tag","embeddable":true,"href":"https:\/\/www.lifenatura.com\/es\/wp-json\/wp\/v2\/product_tag?post=39334"}],"curies":[{"name":"wp","href":"https:\/\/api.w.org\/{rel}","templated":true}]}}