{"id":39330,"date":"2021-09-30T10:21:33","date_gmt":"2021-09-30T10:21:33","guid":{"rendered":"https:\/\/lifenatura.dev.agenciagetdigital.com\/produto\/memorium-energy-ampollas-dietmed\/"},"modified":"2025-06-17T13:45:25","modified_gmt":"2025-06-17T13:45:25","slug":"memorium-energy-ampollas-dietmed","status":"publish","type":"product","link":"https:\/\/www.lifenatura.com\/es\/produto\/memorium-energy-ampollas-dietmed\/","title":{"rendered":"Memorium Energy ampollas &#8211; Dietmed"},"content":{"rendered":"<h2 style=\"text-align: left;\"><strong>Memorium Energy + Energia &#8211; Cansancio<\/strong><\/h2>\n<p>&nbsp;<\/p>\n<p>Memorium Energy de Dietmed est\u00e1 dise\u00f1ado para estimular el rendimiento cerebral en periodos m\u00e1s activos y combatir el agotamiento f\u00edsico y psicol\u00f3gico, est\u00e1 compuesto por varios elementos vegetales ricos en amino\u00e1cidos, vitaminas y minerales con funciones regenerativas y energ\u00e9ticas.<\/p>\n<p>Memorium Energy es un complemento alimenticio formulado para mejorar el rendimiento mental y aumentar los niveles de energ\u00eda. Este producto combina ingredientes naturales como cafe\u00edna, taurina, vitaminas del grupo B y otros compuestos que act\u00faan sin\u00e9rgicamente para proporcionar una sensaci\u00f3n de mayor vitalidad, atenci\u00f3n y concentraci\u00f3n.<\/p>\n<p><strong>Principales beneficios:<\/strong><\/p>\n<ul>\n<li><strong>Aumento de la Energ\u00eda Mental y F\u00edsica:<\/strong> Contiene ingredientes que estimulan los niveles de energ\u00eda, proporcionando m\u00e1s vitalidad y ganas de afrontar el d\u00eda.<\/li>\n<li><strong>Mejora la Concentraci\u00f3n y el Enfoque:<\/strong> Ingredientes como la cafe\u00edna y las vitaminas del grupo B ayudan a mejorar la concentraci\u00f3n, promoviendo una mente m\u00e1s centrada y productiva.<\/li>\n<li><strong>Reduce la Fatiga:<\/strong> Ayuda a combatir la fatiga f\u00edsica y mental, ideal para aquellos que necesitan mantener su rendimiento alto durante todo el d\u00eda.<\/li>\n<li><strong>Apoyo cognitivo:<\/strong> Adem\u00e1s de aumentar la energ\u00eda, Memorium Energy tambi\u00e9n apoya la funci\u00f3n cognitiva, ayudando a mejorar el razonamiento y la memoria.<\/li>\n<li><strong>Acci\u00f3n r\u00e1pida:<\/strong> Su f\u00f3rmula se absorbe r\u00e1pidamente, proporcionando efectos energizantes inmediatos y prolongados.<\/li>\n<\/ul>\n<p><strong>Adecuado para:<\/strong><\/p>\n<ul>\n<li><strong>Personas con vidas ajetreadas:<\/strong> Ideal para quienes necesitan energ\u00eda extra para afrontar jornadas largas y exigentes, ya sea en el trabajo, en los estudios o en actividades f\u00edsicas.<\/li>\n<li><strong>Mejora del Rendimiento Cognitivo:<\/strong> Indicado para quienes necesitan mejorar la concentraci\u00f3n y el enfoque en tareas que requieren mucho esfuerzo mental.<\/li>\n<li><strong>Prevenci\u00f3n de la fatiga:<\/strong> Adecuado para quienes desean prevenir la fatiga f\u00edsica y mental y mantener la productividad a lo largo del d\u00eda.<\/li>\n<li><strong>Aumento de la Vitalidad:<\/strong> Perfecto para personas que buscan un suplemento que ayude a aumentar los niveles de energ\u00eda de forma natural y eficaz.<\/li>\n<\/ul>\n<p><strong>PRESENTACI\u00d3N<\/strong><\/p>\n<p>30 ampollas<\/p>\n<p>&nbsp;<\/p>\n","protected":false},"excerpt":{"rendered":"<p>Memorium energy en ampollas es indicado para estimular el rendimiento cerebral en periodos m\u00e1s activos, combate el agotamiento f\u00edsico y psicol\u00f3gico. [&#8230;]<\/p>\n<p><a class=\"btn btn-secondary understrap-read-more-link\" href=\"https:\/\/www.lifenatura.com\/es\/produto\/memorium-energy-ampollas-dietmed\/\">Leer m\u00e1s&#8230;<span class=\"screen-reader-text\"> from Memorium Energy ampollas &#8211; Dietmed<\/span><\/a><\/p>\n","protected":false},"featured_media":45856,"template":"","meta":{"_acf_changed":false},"product_brand":[8444],"product_cat":[7223,7707,7659,7164,7740,7755,7179],"product_tag":[],"class_list":{"0":"post-39330","1":"product","2":"type-product","3":"status-publish","4":"has-post-thumbnail","6":"product_brand-memorium","7":"product_cat-concentracion-memoria-salud","8":"product_cat-ginseng-es","9":"product_cat-ingrediente-natural-bio","10":"product_cat-jalea-real","11":"product_cat-magnesio-es","12":"product_cat-omega-3-es","13":"product_cat-salud","15":"first","16":"instock","17":"sale","18":"shipping-taxable","19":"purchasable","20":"product-type-simple","21":"add-to-wishlist-before_image"},"acf":[],"yoast_head":"<!-- This site is optimized with the Yoast SEO Premium plugin v27.1 (Yoast SEO v27.5) - https:\/\/yoast.com\/product\/yoast-seo-premium-wordpress\/ -->\n<title>Memorium Energy ampollas Dietmed - Lifenatura<\/title>\n<meta name=\"description\" content=\"Memorium energy en ampollas es indicado para estimular el rendimiento cerebral en periodos m\u00e1s activos, combate el agotamiento f\u00edsico y psicol\u00f3gico.\" \/>\n<meta name=\"robots\" content=\"index, follow, max-snippet:-1, max-image-preview:large, max-video-preview:-1\" \/>\n<link rel=\"canonical\" href=\"https:\/\/www.lifenatura.com\/es\/produto\/memorium-energy-ampollas-dietmed\/\" \/>\n<meta property=\"og:locale\" content=\"es_ES\" \/>\n<meta property=\"og:type\" content=\"article\" \/>\n<meta property=\"og:title\" content=\"Memorium Energy ampollas - Dietmed - Na Lifenatura ao Melhor Pre\u00e7o | Envio 48h\" \/>\n<meta property=\"og:description\" content=\"Compre Memorium Energy ampollas - Dietmed com envio r\u00e1pido. Entrega em 48h e portes gr\u00e1tis em compras &gt;35\u20ac. Aproveite j\u00e1 na Lifenatura\" \/>\n<meta property=\"og:url\" content=\"https:\/\/www.lifenatura.com\/es\/produto\/memorium-energy-ampollas-dietmed\/\" \/>\n<meta property=\"og:site_name\" content=\"Lifenatura\" \/>\n<meta property=\"article:publisher\" content=\"https:\/\/www.facebook.com\/lifenatura\" \/>\n<meta property=\"article:modified_time\" content=\"2025-06-17T13:45:25+00:00\" \/>\n<meta property=\"og:image\" content=\"https:\/\/www.lifenatura.com\/wp-content\/uploads\/2021\/09\/memorium-energy-30ampolas.jpg\" \/>\n\t<meta property=\"og:image:width\" content=\"1000\" \/>\n\t<meta property=\"og:image:height\" content=\"1000\" \/>\n\t<meta property=\"og:image:type\" content=\"image\/jpeg\" \/>\n<meta name=\"twitter:card\" content=\"summary_large_image\" \/>\n<meta name=\"twitter:label1\" content=\"Precio\" \/>\n\t<meta name=\"twitter:data1\" content=\"33,96&nbsp;&euro;\" \/>\n\t<meta name=\"twitter:label2\" content=\"Disponibilidad\" \/>\n\t<meta name=\"twitter:data2\" content=\"Disponible\" \/>\n<script type=\"application\/ld+json\" class=\"yoast-schema-graph\">{\"@context\":\"https:\\\/\\\/schema.org\",\"@graph\":[{\"@type\":\"WebPage\",\"@id\":\"https:\\\/\\\/www.lifenatura.com\\\/es\\\/produto\\\/memorium-energy-ampollas-dietmed\\\/\",\"url\":\"https:\\\/\\\/www.lifenatura.com\\\/es\\\/produto\\\/memorium-energy-ampollas-dietmed\\\/\",\"name\":\"Memorium Energy ampollas Dietmed - Lifenatura\",\"isPartOf\":{\"@id\":\"https:\\\/\\\/www.lifenatura.com\\\/es\\\/#website\"},\"primaryImageOfPage\":{\"@id\":\"https:\\\/\\\/www.lifenatura.com\\\/es\\\/produto\\\/memorium-energy-ampollas-dietmed\\\/#primaryimage\"},\"image\":{\"@id\":\"https:\\\/\\\/www.lifenatura.com\\\/es\\\/produto\\\/memorium-energy-ampollas-dietmed\\\/#primaryimage\"},\"thumbnailUrl\":\"https:\\\/\\\/www.lifenatura.com\\\/wp-content\\\/uploads\\\/2021\\\/09\\\/memorium-energy-30ampolas.jpg\",\"datePublished\":\"2021-09-30T10:21:33+00:00\",\"dateModified\":\"2025-06-17T13:45:25+00:00\",\"description\":\"Memorium energy en ampollas es indicado para estimular el rendimiento cerebral en periodos m\u00e1s activos, combate el agotamiento f\u00edsico y psicol\u00f3gico.\",\"breadcrumb\":{\"@id\":\"https:\\\/\\\/www.lifenatura.com\\\/es\\\/produto\\\/memorium-energy-ampollas-dietmed\\\/#breadcrumb\"},\"inLanguage\":\"es\",\"potentialAction\":[{\"@type\":\"ReadAction\",\"target\":[\"https:\\\/\\\/www.lifenatura.com\\\/es\\\/produto\\\/memorium-energy-ampollas-dietmed\\\/\"]}]},{\"@type\":\"ImageObject\",\"inLanguage\":\"es\",\"@id\":\"https:\\\/\\\/www.lifenatura.com\\\/es\\\/produto\\\/memorium-energy-ampollas-dietmed\\\/#primaryimage\",\"url\":\"https:\\\/\\\/www.lifenatura.com\\\/wp-content\\\/uploads\\\/2021\\\/09\\\/memorium-energy-30ampolas.jpg\",\"contentUrl\":\"https:\\\/\\\/www.lifenatura.com\\\/wp-content\\\/uploads\\\/2021\\\/09\\\/memorium-energy-30ampolas.jpg\",\"width\":1000,\"height\":1000,\"caption\":\"Memorium Energy 30 ampolas - Dietmed\"},{\"@type\":\"BreadcrumbList\",\"@id\":\"https:\\\/\\\/www.lifenatura.com\\\/es\\\/produto\\\/memorium-energy-ampollas-dietmed\\\/#breadcrumb\",\"itemListElement\":[{\"@type\":\"ListItem\",\"position\":1,\"name\":\"In\u00edcio\",\"item\":\"https:\\\/\\\/www.lifenatura.com\\\/es\\\/\"},{\"@type\":\"ListItem\",\"position\":2,\"name\":\"Todos los Productos\",\"item\":\"https:\\\/\\\/www.lifenatura.com\\\/es\\\/tienda\\\/\"},{\"@type\":\"ListItem\",\"position\":3,\"name\":\"Memorium Energy ampollas &#8211; Dietmed\"}]},{\"@type\":\"WebSite\",\"@id\":\"https:\\\/\\\/www.lifenatura.com\\\/es\\\/#website\",\"url\":\"https:\\\/\\\/www.lifenatura.com\\\/es\\\/\",\"name\":\"Lifenatura\",\"description\":\"A Lifenatura \u00e9 uma loja de produtos naturais, cosm\u00e9tica natural e alimenta\u00e7\u00e3o Biol\u00f3gica.\",\"publisher\":{\"@id\":\"https:\\\/\\\/www.lifenatura.com\\\/es\\\/#organization\"},\"potentialAction\":[{\"@type\":\"SearchAction\",\"target\":{\"@type\":\"EntryPoint\",\"urlTemplate\":\"https:\\\/\\\/www.lifenatura.com\\\/es\\\/?s={search_term_string}\"},\"query-input\":{\"@type\":\"PropertyValueSpecification\",\"valueRequired\":true,\"valueName\":\"search_term_string\"}}],\"inLanguage\":\"es\"},{\"@type\":\"Organization\",\"@id\":\"https:\\\/\\\/www.lifenatura.com\\\/es\\\/#organization\",\"name\":\"Lifenatura\",\"url\":\"https:\\\/\\\/www.lifenatura.com\\\/es\\\/\",\"logo\":{\"@type\":\"ImageObject\",\"inLanguage\":\"es\",\"@id\":\"https:\\\/\\\/www.lifenatura.com\\\/es\\\/#\\\/schema\\\/logo\\\/image\\\/\",\"url\":\"https:\\\/\\\/www.lifenatura.com\\\/wp-content\\\/uploads\\\/2021\\\/07\\\/logo.png\",\"contentUrl\":\"https:\\\/\\\/www.lifenatura.com\\\/wp-content\\\/uploads\\\/2021\\\/07\\\/logo.png\",\"width\":175,\"height\":55,\"caption\":\"Lifenatura\"},\"image\":{\"@id\":\"https:\\\/\\\/www.lifenatura.com\\\/es\\\/#\\\/schema\\\/logo\\\/image\\\/\"},\"sameAs\":[\"https:\\\/\\\/www.facebook.com\\\/lifenatura\",\"https:\\\/\\\/www.instagram.com\\\/lifenaturapt\\\/\"],\"hasMerchantReturnPolicy\":{\"@type\":\"MerchantReturnPolicy\",\"merchantReturnLink\":\"https:\\\/\\\/www.lifenatura.com\\\/termos-condicoes-lifenatura\\\/\"}}]}<\/script>\n<meta property=\"product:price:amount\" content=\"33.96\" \/>\n<meta property=\"product:price:currency\" content=\"EUR\" \/>\n<meta property=\"og:availability\" content=\"instock\" \/>\n<meta property=\"product:availability\" content=\"instock\" \/>\n<meta property=\"product:retailer_item_id\" content=\"5605481101106\" \/>\n<meta property=\"product:condition\" content=\"new\" \/>\n<!-- \/ Yoast SEO Premium plugin. -->","yoast_head_json":{"title":"Memorium Energy ampollas Dietmed - Lifenatura","description":"Memorium energy en ampollas es indicado para estimular el rendimiento cerebral en periodos m\u00e1s activos, combate el agotamiento f\u00edsico y psicol\u00f3gico.","robots":{"index":"index","follow":"follow","max-snippet":"max-snippet:-1","max-image-preview":"max-image-preview:large","max-video-preview":"max-video-preview:-1"},"canonical":"https:\/\/www.lifenatura.com\/es\/produto\/memorium-energy-ampollas-dietmed\/","og_locale":"es_ES","og_type":"article","og_title":"Memorium Energy ampollas - Dietmed - Na Lifenatura ao Melhor Pre\u00e7o | Envio 48h","og_description":"Compre Memorium Energy ampollas - Dietmed com envio r\u00e1pido. Entrega em 48h e portes gr\u00e1tis em compras >35\u20ac. Aproveite j\u00e1 na Lifenatura","og_url":"https:\/\/www.lifenatura.com\/es\/produto\/memorium-energy-ampollas-dietmed\/","og_site_name":"Lifenatura","article_publisher":"https:\/\/www.facebook.com\/lifenatura","article_modified_time":"2025-06-17T13:45:25+00:00","og_image":[{"width":1000,"height":1000,"url":"https:\/\/www.lifenatura.com\/wp-content\/uploads\/2021\/09\/memorium-energy-30ampolas.jpg","type":"image\/jpeg"}],"twitter_card":"summary_large_image","twitter_misc":{"Precio":"33,96&nbsp;&euro;","Disponibilidad":"Disponible"},"schema":{"@context":"https:\/\/schema.org","@graph":[{"@type":"WebPage","@id":"https:\/\/www.lifenatura.com\/es\/produto\/memorium-energy-ampollas-dietmed\/","url":"https:\/\/www.lifenatura.com\/es\/produto\/memorium-energy-ampollas-dietmed\/","name":"Memorium Energy ampollas Dietmed - Lifenatura","isPartOf":{"@id":"https:\/\/www.lifenatura.com\/es\/#website"},"primaryImageOfPage":{"@id":"https:\/\/www.lifenatura.com\/es\/produto\/memorium-energy-ampollas-dietmed\/#primaryimage"},"image":{"@id":"https:\/\/www.lifenatura.com\/es\/produto\/memorium-energy-ampollas-dietmed\/#primaryimage"},"thumbnailUrl":"https:\/\/www.lifenatura.com\/wp-content\/uploads\/2021\/09\/memorium-energy-30ampolas.jpg","datePublished":"2021-09-30T10:21:33+00:00","dateModified":"2025-06-17T13:45:25+00:00","description":"Memorium energy en ampollas es indicado para estimular el rendimiento cerebral en periodos m\u00e1s activos, combate el agotamiento f\u00edsico y psicol\u00f3gico.","breadcrumb":{"@id":"https:\/\/www.lifenatura.com\/es\/produto\/memorium-energy-ampollas-dietmed\/#breadcrumb"},"inLanguage":"es","potentialAction":[{"@type":"ReadAction","target":["https:\/\/www.lifenatura.com\/es\/produto\/memorium-energy-ampollas-dietmed\/"]}]},{"@type":"ImageObject","inLanguage":"es","@id":"https:\/\/www.lifenatura.com\/es\/produto\/memorium-energy-ampollas-dietmed\/#primaryimage","url":"https:\/\/www.lifenatura.com\/wp-content\/uploads\/2021\/09\/memorium-energy-30ampolas.jpg","contentUrl":"https:\/\/www.lifenatura.com\/wp-content\/uploads\/2021\/09\/memorium-energy-30ampolas.jpg","width":1000,"height":1000,"caption":"Memorium Energy 30 ampolas - Dietmed"},{"@type":"BreadcrumbList","@id":"https:\/\/www.lifenatura.com\/es\/produto\/memorium-energy-ampollas-dietmed\/#breadcrumb","itemListElement":[{"@type":"ListItem","position":1,"name":"In\u00edcio","item":"https:\/\/www.lifenatura.com\/es\/"},{"@type":"ListItem","position":2,"name":"Todos los Productos","item":"https:\/\/www.lifenatura.com\/es\/tienda\/"},{"@type":"ListItem","position":3,"name":"Memorium Energy ampollas &#8211; Dietmed"}]},{"@type":"WebSite","@id":"https:\/\/www.lifenatura.com\/es\/#website","url":"https:\/\/www.lifenatura.com\/es\/","name":"Lifenatura","description":"A Lifenatura \u00e9 uma loja de produtos naturais, cosm\u00e9tica natural e alimenta\u00e7\u00e3o Biol\u00f3gica.","publisher":{"@id":"https:\/\/www.lifenatura.com\/es\/#organization"},"potentialAction":[{"@type":"SearchAction","target":{"@type":"EntryPoint","urlTemplate":"https:\/\/www.lifenatura.com\/es\/?s={search_term_string}"},"query-input":{"@type":"PropertyValueSpecification","valueRequired":true,"valueName":"search_term_string"}}],"inLanguage":"es"},{"@type":"Organization","@id":"https:\/\/www.lifenatura.com\/es\/#organization","name":"Lifenatura","url":"https:\/\/www.lifenatura.com\/es\/","logo":{"@type":"ImageObject","inLanguage":"es","@id":"https:\/\/www.lifenatura.com\/es\/#\/schema\/logo\/image\/","url":"https:\/\/www.lifenatura.com\/wp-content\/uploads\/2021\/07\/logo.png","contentUrl":"https:\/\/www.lifenatura.com\/wp-content\/uploads\/2021\/07\/logo.png","width":175,"height":55,"caption":"Lifenatura"},"image":{"@id":"https:\/\/www.lifenatura.com\/es\/#\/schema\/logo\/image\/"},"sameAs":["https:\/\/www.facebook.com\/lifenatura","https:\/\/www.instagram.com\/lifenaturapt\/"],"hasMerchantReturnPolicy":{"@type":"MerchantReturnPolicy","merchantReturnLink":"https:\/\/www.lifenatura.com\/termos-condicoes-lifenatura\/"}}]},"product_price_amount":"33.96","product_price_currency":"EUR","og_availability":"instock","product_availability":"instock","product_retailer_item_id":"5605481101106","product_condition":"new"},"df_price":33.96,"df_sale_price":33.96,"df_regular_price":42.45,"df_image_link":"https:\/\/www.lifenatura.com\/wp-content\/uploads\/2021\/09\/memorium-energy-30ampolas-300x300.jpg","_links":{"self":[{"href":"https:\/\/www.lifenatura.com\/es\/wp-json\/wp\/v2\/product\/39330","targetHints":{"allow":["GET"]}}],"collection":[{"href":"https:\/\/www.lifenatura.com\/es\/wp-json\/wp\/v2\/product"}],"about":[{"href":"https:\/\/www.lifenatura.com\/es\/wp-json\/wp\/v2\/types\/product"}],"wp:featuredmedia":[{"embeddable":true,"href":"https:\/\/www.lifenatura.com\/es\/wp-json\/wp\/v2\/media\/45856"}],"wp:attachment":[{"href":"https:\/\/www.lifenatura.com\/es\/wp-json\/wp\/v2\/media?parent=39330"}],"wp:term":[{"taxonomy":"product_brand","embeddable":true,"href":"https:\/\/www.lifenatura.com\/es\/wp-json\/wp\/v2\/product_brand?post=39330"},{"taxonomy":"product_cat","embeddable":true,"href":"https:\/\/www.lifenatura.com\/es\/wp-json\/wp\/v2\/product_cat?post=39330"},{"taxonomy":"product_tag","embeddable":true,"href":"https:\/\/www.lifenatura.com\/es\/wp-json\/wp\/v2\/product_tag?post=39330"}],"curies":[{"name":"wp","href":"https:\/\/api.w.org\/{rel}","templated":true}]}}