{"id":39329,"date":"2021-09-30T10:21:33","date_gmt":"2021-09-30T10:21:33","guid":{"rendered":"https:\/\/lifenatura.dev.agenciagetdigital.com\/produto\/memorium-estudiante-60-capsulas-dietmed\/"},"modified":"2025-06-17T14:33:03","modified_gmt":"2025-06-17T14:33:03","slug":"memorium-estudiante-60-capsulas-dietmed","status":"publish","type":"product","link":"https:\/\/www.lifenatura.com\/es\/produto\/memorium-estudiante-60-capsulas-dietmed\/","title":{"rendered":"Memorium Estudiante 60 c\u00e1psulas &#8211; Dietmed"},"content":{"rendered":"<h2><strong>Memorium mejora la concentraci\u00f3n del estudiante<\/strong><\/h2>\n<p>&nbsp;<\/p>\n<p>El Memorium Students de Dietmed permite obtener la energ\u00eda necesaria para incrementar el rendimiento f\u00edsico y psicol\u00f3gico, especialmente en momentos de mayor exigencia, como es el caso durante el per\u00edodo de ex\u00e1menes.<\/p>\n<p>\u00datil en \u00e9pocas de mayor esfuerzo intelectual. La Jalea Real es conocida por sus propiedades nutritivas y fortificantes, siendo especialmente \u00fatil en situaciones de estr\u00e9s y cansancio f\u00edsico o intelectual. Est\u00e1 elaborado con guaran\u00e1 y taurina para estimular y dar energ\u00eda.<\/p>\n<p><strong>Principales Beneficios:<\/strong><\/p>\n<ul>\n<li><strong>Mejora de la Memoria y la Concentraci\u00f3n:<\/strong> Ingredientes como la fosfatidilserina y el ginkgo biloba ayudan a mejorar la capacidad de memoria y la concentraci\u00f3n, fundamentales para estudiar con \u00e9xito.<\/li>\n<li><strong>Aumento de la Energ\u00eda Mental:<\/strong> La cafe\u00edna y las vitaminas del grupo B favorecen la energ\u00eda mental, ayudando a combatir el cansancio y la fatiga, especialmente durante largos periodos de estudio.<\/li>\n<li><strong>Reduce el Estr\u00e9s y la Ansiedad<\/strong>: Favorece el equilibrio mental, ayudando a reducir el estr\u00e9s y la ansiedad, factores que pueden perjudicar el rendimiento durante los ex\u00e1menes o el estudio intensivo.<\/li>\n<li><strong>F\u00e1cil absorci\u00f3n:<\/strong> F\u00f3rmula de r\u00e1pida absorci\u00f3n que proporciona efectos r\u00e1pidos y sostenidos, permiti\u00e9ndole estudiar durante m\u00e1s tiempo con mayor concentraci\u00f3n y energ\u00eda.<\/li>\n<li><strong>Apoyo Cognitivo Completo<\/strong>: Adem\u00e1s de mejorar la concentraci\u00f3n y la memoria, ayuda a optimizar el razonamiento y el rendimiento mental en general.<\/li>\n<\/ul>\n<p><strong>Adecuado para:<\/strong><\/p>\n<ul>\n<li><strong>Estudiantes en Periodo de Ex\u00e1menes:<\/strong> Ideal para estudiantes que est\u00e1n en temporada de ex\u00e1menes o que necesitan un apoyo extra para largas horas de estudio.<\/li>\n<li><strong>Mejora del Rendimiento Acad\u00e9mico:<\/strong> Indicado para aquellos que quieran mejorar su memoria, concentraci\u00f3n y capacidad de aprendizaje.<\/li>\n<li><strong>Prevenci\u00f3n de la Fatiga Mental:<\/strong> Adecuado para estudiantes que necesitan combatir la fatiga mental y mantener la energ\u00eda y la concentraci\u00f3n durante todo el d\u00eda.<\/li>\n<li><strong>Apoyo en Situaciones de Estr\u00e9s:<\/strong> Perfecto para aquellos que sienten el impacto del estr\u00e9s y la ansiedad en su capacidad de estudio y buscan mantener la calma y el equilibrio.<\/li>\n<\/ul>\n<p><strong>PRESENTACI\u00d3N<\/strong><\/p>\n<p>60 c\u00e1psulas<\/p>\n<p>&nbsp;<\/p>\n","protected":false},"excerpt":{"rendered":"<p>Memorium estudiantes aumenta la obtenci\u00f3n de energ\u00eda, mayor rendimiento f\u00edsico y ps\u00edquico, \u00fatil en momentos de mayor esfuerzo intelectual. [&#8230;]<\/p>\n<p><a class=\"btn btn-secondary understrap-read-more-link\" href=\"https:\/\/www.lifenatura.com\/es\/produto\/memorium-estudiante-60-capsulas-dietmed\/\">Leer m\u00e1s&#8230;<span class=\"screen-reader-text\"> from Memorium Estudiante 60 c\u00e1psulas &#8211; Dietmed<\/span><\/a><\/p>\n","protected":false},"featured_media":45868,"template":"","meta":{"_acf_changed":false},"product_brand":[8444],"product_cat":[7223,7722,7659,7164,7728,7179],"product_tag":[],"class_list":{"0":"post-39329","1":"product","2":"type-product","3":"status-publish","4":"has-post-thumbnail","6":"product_brand-memorium","7":"product_cat-concentracion-memoria-salud","8":"product_cat-guarana-es","9":"product_cat-ingrediente-natural-bio","10":"product_cat-jalea-real","11":"product_cat-l-carnitina-es","12":"product_cat-salud","14":"first","15":"instock","16":"sale","17":"shipping-taxable","18":"purchasable","19":"product-type-simple","20":"add-to-wishlist-before_image"},"acf":[],"yoast_head":"<!-- This site is optimized with the Yoast SEO Premium plugin v27.1 (Yoast SEO v27.5) - https:\/\/yoast.com\/product\/yoast-seo-premium-wordpress\/ -->\n<title>Memorium Estudiante 60 c\u00e1psulas Dietmed - Lifenatura<\/title>\n<meta name=\"description\" content=\"Memorium estudiantes aumenta la obtenci\u00f3n de energ\u00eda, mayor rendimiento f\u00edsico y ps\u00edquico, \u00fatil en momentos de mayor esfuerzo intelectual.\" \/>\n<meta name=\"robots\" content=\"index, follow, max-snippet:-1, max-image-preview:large, max-video-preview:-1\" \/>\n<link rel=\"canonical\" href=\"https:\/\/www.lifenatura.com\/es\/produto\/memorium-estudiante-60-capsulas-dietmed\/\" \/>\n<meta property=\"og:locale\" content=\"es_ES\" \/>\n<meta property=\"og:type\" content=\"article\" \/>\n<meta property=\"og:title\" content=\"Memorium Estudiante 60 c\u00e1psulas - Dietmed - Na Lifenatura ao Melhor Pre\u00e7o | Envio 48h\" \/>\n<meta property=\"og:description\" content=\"Compre Memorium Estudiante 60 c\u00e1psulas - Dietmed com envio r\u00e1pido. Entrega em 48h e portes gr\u00e1tis em compras &gt;35\u20ac. Aproveite j\u00e1 na Lifenatura\" \/>\n<meta property=\"og:url\" content=\"https:\/\/www.lifenatura.com\/es\/produto\/memorium-estudiante-60-capsulas-dietmed\/\" \/>\n<meta property=\"og:site_name\" content=\"Lifenatura\" \/>\n<meta property=\"article:publisher\" content=\"https:\/\/www.facebook.com\/lifenatura\" \/>\n<meta property=\"article:modified_time\" content=\"2025-06-17T14:33:03+00:00\" \/>\n<meta property=\"og:image\" content=\"https:\/\/www.lifenatura.com\/wp-content\/uploads\/2021\/09\/memorium-estudantes-60capsulas.jpg\" \/>\n\t<meta property=\"og:image:width\" content=\"1000\" \/>\n\t<meta property=\"og:image:height\" content=\"1000\" \/>\n\t<meta property=\"og:image:type\" content=\"image\/jpeg\" \/>\n<meta name=\"twitter:card\" content=\"summary_large_image\" \/>\n<meta name=\"twitter:label1\" content=\"Precio\" \/>\n\t<meta name=\"twitter:data1\" content=\"20,50&nbsp;&euro;\" \/>\n\t<meta name=\"twitter:label2\" content=\"Disponibilidad\" \/>\n\t<meta name=\"twitter:data2\" content=\"Disponible\" \/>\n<script type=\"application\/ld+json\" class=\"yoast-schema-graph\">{\"@context\":\"https:\\\/\\\/schema.org\",\"@graph\":[{\"@type\":\"WebPage\",\"@id\":\"https:\\\/\\\/www.lifenatura.com\\\/es\\\/produto\\\/memorium-estudiante-60-capsulas-dietmed\\\/\",\"url\":\"https:\\\/\\\/www.lifenatura.com\\\/es\\\/produto\\\/memorium-estudiante-60-capsulas-dietmed\\\/\",\"name\":\"Memorium Estudiante 60 c\u00e1psulas Dietmed - Lifenatura\",\"isPartOf\":{\"@id\":\"https:\\\/\\\/www.lifenatura.com\\\/es\\\/#website\"},\"primaryImageOfPage\":{\"@id\":\"https:\\\/\\\/www.lifenatura.com\\\/es\\\/produto\\\/memorium-estudiante-60-capsulas-dietmed\\\/#primaryimage\"},\"image\":{\"@id\":\"https:\\\/\\\/www.lifenatura.com\\\/es\\\/produto\\\/memorium-estudiante-60-capsulas-dietmed\\\/#primaryimage\"},\"thumbnailUrl\":\"https:\\\/\\\/www.lifenatura.com\\\/wp-content\\\/uploads\\\/2021\\\/09\\\/memorium-estudantes-60capsulas.jpg\",\"datePublished\":\"2021-09-30T10:21:33+00:00\",\"dateModified\":\"2025-06-17T14:33:03+00:00\",\"description\":\"Memorium estudiantes aumenta la obtenci\u00f3n de energ\u00eda, mayor rendimiento f\u00edsico y ps\u00edquico, \u00fatil en momentos de mayor esfuerzo intelectual.\",\"breadcrumb\":{\"@id\":\"https:\\\/\\\/www.lifenatura.com\\\/es\\\/produto\\\/memorium-estudiante-60-capsulas-dietmed\\\/#breadcrumb\"},\"inLanguage\":\"es\",\"potentialAction\":[{\"@type\":\"ReadAction\",\"target\":[\"https:\\\/\\\/www.lifenatura.com\\\/es\\\/produto\\\/memorium-estudiante-60-capsulas-dietmed\\\/\"]}]},{\"@type\":\"ImageObject\",\"inLanguage\":\"es\",\"@id\":\"https:\\\/\\\/www.lifenatura.com\\\/es\\\/produto\\\/memorium-estudiante-60-capsulas-dietmed\\\/#primaryimage\",\"url\":\"https:\\\/\\\/www.lifenatura.com\\\/wp-content\\\/uploads\\\/2021\\\/09\\\/memorium-estudantes-60capsulas.jpg\",\"contentUrl\":\"https:\\\/\\\/www.lifenatura.com\\\/wp-content\\\/uploads\\\/2021\\\/09\\\/memorium-estudantes-60capsulas.jpg\",\"width\":1000,\"height\":1000,\"caption\":\"Memorium Estudantes 60 c\u00e1psulas - Dietmed\"},{\"@type\":\"BreadcrumbList\",\"@id\":\"https:\\\/\\\/www.lifenatura.com\\\/es\\\/produto\\\/memorium-estudiante-60-capsulas-dietmed\\\/#breadcrumb\",\"itemListElement\":[{\"@type\":\"ListItem\",\"position\":1,\"name\":\"In\u00edcio\",\"item\":\"https:\\\/\\\/www.lifenatura.com\\\/es\\\/\"},{\"@type\":\"ListItem\",\"position\":2,\"name\":\"Todos los Productos\",\"item\":\"https:\\\/\\\/www.lifenatura.com\\\/es\\\/tienda\\\/\"},{\"@type\":\"ListItem\",\"position\":3,\"name\":\"Memorium Estudiante 60 c\u00e1psulas &#8211; Dietmed\"}]},{\"@type\":\"WebSite\",\"@id\":\"https:\\\/\\\/www.lifenatura.com\\\/es\\\/#website\",\"url\":\"https:\\\/\\\/www.lifenatura.com\\\/es\\\/\",\"name\":\"Lifenatura\",\"description\":\"A Lifenatura \u00e9 uma loja de produtos naturais, cosm\u00e9tica natural e alimenta\u00e7\u00e3o Biol\u00f3gica.\",\"publisher\":{\"@id\":\"https:\\\/\\\/www.lifenatura.com\\\/es\\\/#organization\"},\"potentialAction\":[{\"@type\":\"SearchAction\",\"target\":{\"@type\":\"EntryPoint\",\"urlTemplate\":\"https:\\\/\\\/www.lifenatura.com\\\/es\\\/?s={search_term_string}\"},\"query-input\":{\"@type\":\"PropertyValueSpecification\",\"valueRequired\":true,\"valueName\":\"search_term_string\"}}],\"inLanguage\":\"es\"},{\"@type\":\"Organization\",\"@id\":\"https:\\\/\\\/www.lifenatura.com\\\/es\\\/#organization\",\"name\":\"Lifenatura\",\"url\":\"https:\\\/\\\/www.lifenatura.com\\\/es\\\/\",\"logo\":{\"@type\":\"ImageObject\",\"inLanguage\":\"es\",\"@id\":\"https:\\\/\\\/www.lifenatura.com\\\/es\\\/#\\\/schema\\\/logo\\\/image\\\/\",\"url\":\"https:\\\/\\\/www.lifenatura.com\\\/wp-content\\\/uploads\\\/2021\\\/07\\\/logo.png\",\"contentUrl\":\"https:\\\/\\\/www.lifenatura.com\\\/wp-content\\\/uploads\\\/2021\\\/07\\\/logo.png\",\"width\":175,\"height\":55,\"caption\":\"Lifenatura\"},\"image\":{\"@id\":\"https:\\\/\\\/www.lifenatura.com\\\/es\\\/#\\\/schema\\\/logo\\\/image\\\/\"},\"sameAs\":[\"https:\\\/\\\/www.facebook.com\\\/lifenatura\",\"https:\\\/\\\/www.instagram.com\\\/lifenaturapt\\\/\"],\"hasMerchantReturnPolicy\":{\"@type\":\"MerchantReturnPolicy\",\"merchantReturnLink\":\"https:\\\/\\\/www.lifenatura.com\\\/termos-condicoes-lifenatura\\\/\"}}]}<\/script>\n<meta property=\"product:price:amount\" content=\"20.50\" \/>\n<meta property=\"product:price:currency\" content=\"EUR\" \/>\n<meta property=\"og:availability\" content=\"instock\" \/>\n<meta property=\"product:availability\" content=\"instock\" \/>\n<meta property=\"product:retailer_item_id\" content=\"5605481107481\" \/>\n<meta property=\"product:condition\" content=\"new\" \/>\n<!-- \/ Yoast SEO Premium plugin. -->","yoast_head_json":{"title":"Memorium Estudiante 60 c\u00e1psulas Dietmed - Lifenatura","description":"Memorium estudiantes aumenta la obtenci\u00f3n de energ\u00eda, mayor rendimiento f\u00edsico y ps\u00edquico, \u00fatil en momentos de mayor esfuerzo intelectual.","robots":{"index":"index","follow":"follow","max-snippet":"max-snippet:-1","max-image-preview":"max-image-preview:large","max-video-preview":"max-video-preview:-1"},"canonical":"https:\/\/www.lifenatura.com\/es\/produto\/memorium-estudiante-60-capsulas-dietmed\/","og_locale":"es_ES","og_type":"article","og_title":"Memorium Estudiante 60 c\u00e1psulas - Dietmed - Na Lifenatura ao Melhor Pre\u00e7o | Envio 48h","og_description":"Compre Memorium Estudiante 60 c\u00e1psulas - Dietmed com envio r\u00e1pido. Entrega em 48h e portes gr\u00e1tis em compras >35\u20ac. Aproveite j\u00e1 na Lifenatura","og_url":"https:\/\/www.lifenatura.com\/es\/produto\/memorium-estudiante-60-capsulas-dietmed\/","og_site_name":"Lifenatura","article_publisher":"https:\/\/www.facebook.com\/lifenatura","article_modified_time":"2025-06-17T14:33:03+00:00","og_image":[{"width":1000,"height":1000,"url":"https:\/\/www.lifenatura.com\/wp-content\/uploads\/2021\/09\/memorium-estudantes-60capsulas.jpg","type":"image\/jpeg"}],"twitter_card":"summary_large_image","twitter_misc":{"Precio":"20,50&nbsp;&euro;","Disponibilidad":"Disponible"},"schema":{"@context":"https:\/\/schema.org","@graph":[{"@type":"WebPage","@id":"https:\/\/www.lifenatura.com\/es\/produto\/memorium-estudiante-60-capsulas-dietmed\/","url":"https:\/\/www.lifenatura.com\/es\/produto\/memorium-estudiante-60-capsulas-dietmed\/","name":"Memorium Estudiante 60 c\u00e1psulas Dietmed - Lifenatura","isPartOf":{"@id":"https:\/\/www.lifenatura.com\/es\/#website"},"primaryImageOfPage":{"@id":"https:\/\/www.lifenatura.com\/es\/produto\/memorium-estudiante-60-capsulas-dietmed\/#primaryimage"},"image":{"@id":"https:\/\/www.lifenatura.com\/es\/produto\/memorium-estudiante-60-capsulas-dietmed\/#primaryimage"},"thumbnailUrl":"https:\/\/www.lifenatura.com\/wp-content\/uploads\/2021\/09\/memorium-estudantes-60capsulas.jpg","datePublished":"2021-09-30T10:21:33+00:00","dateModified":"2025-06-17T14:33:03+00:00","description":"Memorium estudiantes aumenta la obtenci\u00f3n de energ\u00eda, mayor rendimiento f\u00edsico y ps\u00edquico, \u00fatil en momentos de mayor esfuerzo intelectual.","breadcrumb":{"@id":"https:\/\/www.lifenatura.com\/es\/produto\/memorium-estudiante-60-capsulas-dietmed\/#breadcrumb"},"inLanguage":"es","potentialAction":[{"@type":"ReadAction","target":["https:\/\/www.lifenatura.com\/es\/produto\/memorium-estudiante-60-capsulas-dietmed\/"]}]},{"@type":"ImageObject","inLanguage":"es","@id":"https:\/\/www.lifenatura.com\/es\/produto\/memorium-estudiante-60-capsulas-dietmed\/#primaryimage","url":"https:\/\/www.lifenatura.com\/wp-content\/uploads\/2021\/09\/memorium-estudantes-60capsulas.jpg","contentUrl":"https:\/\/www.lifenatura.com\/wp-content\/uploads\/2021\/09\/memorium-estudantes-60capsulas.jpg","width":1000,"height":1000,"caption":"Memorium Estudantes 60 c\u00e1psulas - Dietmed"},{"@type":"BreadcrumbList","@id":"https:\/\/www.lifenatura.com\/es\/produto\/memorium-estudiante-60-capsulas-dietmed\/#breadcrumb","itemListElement":[{"@type":"ListItem","position":1,"name":"In\u00edcio","item":"https:\/\/www.lifenatura.com\/es\/"},{"@type":"ListItem","position":2,"name":"Todos los Productos","item":"https:\/\/www.lifenatura.com\/es\/tienda\/"},{"@type":"ListItem","position":3,"name":"Memorium Estudiante 60 c\u00e1psulas &#8211; Dietmed"}]},{"@type":"WebSite","@id":"https:\/\/www.lifenatura.com\/es\/#website","url":"https:\/\/www.lifenatura.com\/es\/","name":"Lifenatura","description":"A Lifenatura \u00e9 uma loja de produtos naturais, cosm\u00e9tica natural e alimenta\u00e7\u00e3o Biol\u00f3gica.","publisher":{"@id":"https:\/\/www.lifenatura.com\/es\/#organization"},"potentialAction":[{"@type":"SearchAction","target":{"@type":"EntryPoint","urlTemplate":"https:\/\/www.lifenatura.com\/es\/?s={search_term_string}"},"query-input":{"@type":"PropertyValueSpecification","valueRequired":true,"valueName":"search_term_string"}}],"inLanguage":"es"},{"@type":"Organization","@id":"https:\/\/www.lifenatura.com\/es\/#organization","name":"Lifenatura","url":"https:\/\/www.lifenatura.com\/es\/","logo":{"@type":"ImageObject","inLanguage":"es","@id":"https:\/\/www.lifenatura.com\/es\/#\/schema\/logo\/image\/","url":"https:\/\/www.lifenatura.com\/wp-content\/uploads\/2021\/07\/logo.png","contentUrl":"https:\/\/www.lifenatura.com\/wp-content\/uploads\/2021\/07\/logo.png","width":175,"height":55,"caption":"Lifenatura"},"image":{"@id":"https:\/\/www.lifenatura.com\/es\/#\/schema\/logo\/image\/"},"sameAs":["https:\/\/www.facebook.com\/lifenatura","https:\/\/www.instagram.com\/lifenaturapt\/"],"hasMerchantReturnPolicy":{"@type":"MerchantReturnPolicy","merchantReturnLink":"https:\/\/www.lifenatura.com\/termos-condicoes-lifenatura\/"}}]},"product_price_amount":"20.50","product_price_currency":"EUR","og_availability":"instock","product_availability":"instock","product_retailer_item_id":"5605481107481","product_condition":"new"},"df_price":20.5,"df_sale_price":20.5,"df_regular_price":25.62,"df_image_link":"https:\/\/www.lifenatura.com\/wp-content\/uploads\/2021\/09\/memorium-estudantes-60capsulas-300x300.jpg","_links":{"self":[{"href":"https:\/\/www.lifenatura.com\/es\/wp-json\/wp\/v2\/product\/39329","targetHints":{"allow":["GET"]}}],"collection":[{"href":"https:\/\/www.lifenatura.com\/es\/wp-json\/wp\/v2\/product"}],"about":[{"href":"https:\/\/www.lifenatura.com\/es\/wp-json\/wp\/v2\/types\/product"}],"wp:featuredmedia":[{"embeddable":true,"href":"https:\/\/www.lifenatura.com\/es\/wp-json\/wp\/v2\/media\/45868"}],"wp:attachment":[{"href":"https:\/\/www.lifenatura.com\/es\/wp-json\/wp\/v2\/media?parent=39329"}],"wp:term":[{"taxonomy":"product_brand","embeddable":true,"href":"https:\/\/www.lifenatura.com\/es\/wp-json\/wp\/v2\/product_brand?post=39329"},{"taxonomy":"product_cat","embeddable":true,"href":"https:\/\/www.lifenatura.com\/es\/wp-json\/wp\/v2\/product_cat?post=39329"},{"taxonomy":"product_tag","embeddable":true,"href":"https:\/\/www.lifenatura.com\/es\/wp-json\/wp\/v2\/product_tag?post=39329"}],"curies":[{"name":"wp","href":"https:\/\/api.w.org\/{rel}","templated":true}]}}