{"id":39316,"date":"2021-09-30T13:14:10","date_gmt":"2021-09-30T13:14:10","guid":{"rendered":"https:\/\/lifenatura.dev.agenciagetdigital.com\/produto\/mar-in-oil-oleo-de-salmao-60-capsulas-marnys\/"},"modified":"2026-02-19T08:31:21","modified_gmt":"2026-02-19T08:31:21","slug":"mar-in-oil-oleo-de-salmao-60-capsulas-marnys","status":"publish","type":"product","link":"https:\/\/www.lifenatura.com\/es\/produto\/mar-in-oil-oleo-de-salmao-60-capsulas-marnys\/","title":{"rendered":"Mar-In-Oil &#8211; \u00d3leo de Salm\u00e3o 60 c\u00e1psulas &#8211; Marnys"},"content":{"rendered":"<p>Indicado para Colesterol Mar-In-Oil da Marnys \u00e9 um suplemento alimentar \u00e0 base de \u00f3leo de salm\u00e3o, \u00e9 indicado para redu\u00e7\u00e3o dos n\u00edveis plasm\u00e1ticos de colesterol e triglic\u00e9ridos, ajudando a prevenir a arteriosclerose e outras doen\u00e7as cardiovasculares. Indicado como regulador da tens\u00e3o arterial e anti-inflamat\u00f3rio ajudando no al\u00edvio dos sintomas de artrite reumatoide, asma e psor\u00edase. O \u00d3leo de Salm\u00e3o possui diversas propriedades terap\u00eauticos devido ao seu conte\u00fado em \u00e1cidos gordos insaturados EPA (\u00e1cido docosapentaen\u00f3ico) e DHA (\u00e1cido docosaexaen\u00f3ico). APRESENTA\u00c7\u00c3O 60 c\u00e1psulas.<\/p>\n","protected":false},"excerpt":{"rendered":"<p>Indicado para Colesterol Mar-In-Oil da Marnys \u00e9 um suplemento alimentar \u00e0 base de \u00f3leo de salm\u00e3o, \u00e9 indicado para redu\u00e7\u00e3o dos n\u00edveis plasm\u00e1ticos de colesterol e triglic\u00e9ridos, ajudando a prevenir a arteriosclerose e outras doen\u00e7as cardiovasculares. Indicado como regulador da tens\u00e3o arterial e anti-inflamat\u00f3rio ajudando no al\u00edvio dos sintomas de artrite reumatoide, asma e psor\u00edase. [&#8230;]<\/p>\n<p><a class=\"btn btn-secondary understrap-read-more-link\" href=\"https:\/\/www.lifenatura.com\/es\/produto\/mar-in-oil-oleo-de-salmao-60-capsulas-marnys\/\">Leer m\u00e1s&#8230;<span class=\"screen-reader-text\"> from Mar-In-Oil &#8211; \u00d3leo de Salm\u00e3o 60 c\u00e1psulas &#8211; Marnys<\/span><\/a><\/p>\n","protected":false},"featured_media":0,"template":"","meta":{"_acf_changed":false},"product_brand":[8173],"product_cat":[7009,6887,7046,6942,6966,7049],"product_tag":[],"class_list":{"0":"post-39316","1":"product","2":"type-product","3":"status-publish","5":"product_brand-marnys","6":"product_cat-colesterol","7":"product_cat-ingrediente-natural","8":"product_cat-vitaminas-e-minerais","9":"product_cat-omega-3","10":"product_cat-saude-bem-estar","11":"product_cat-vitamina-e","13":"first","14":"instock","15":"shipping-taxable","16":"purchasable","17":"product-type-simple","18":"add-to-wishlist-before_image"},"acf":[],"yoast_head":"<!-- This site is optimized with the Yoast SEO Premium plugin v27.1 (Yoast SEO v27.3) - https:\/\/yoast.com\/product\/yoast-seo-premium-wordpress\/ -->\n<title>Mar-In-Oil - \u00d3leo de Salm\u00e3o 60 c\u00e1psulas - Marnys<\/title>\n<meta name=\"description\" content=\"Compre aqui o seu Mar-In-Oil - \u00d3leo de Salm\u00e3o 60 c\u00e1psulas - Marnys e a Lifenatura Online envia em 48 H com Portes Gratis &gt;35\u20ac de Pedido.\" \/>\n<meta name=\"robots\" content=\"index, follow, max-snippet:-1, max-image-preview:large, max-video-preview:-1\" \/>\n<link rel=\"canonical\" href=\"https:\/\/www.lifenatura.com\/es\/produto\/mar-in-oil-oleo-de-salmao-60-capsulas-marnys\/\" \/>\n<meta property=\"og:locale\" content=\"es_ES\" \/>\n<meta property=\"og:type\" content=\"article\" \/>\n<meta property=\"og:title\" content=\"Mar-In-Oil - \u00d3leo de Salm\u00e3o 60 c\u00e1psulas - Marnys - Lifenatura\" \/>\n<meta property=\"og:description\" content=\"Compre aqui o seu Mar-In-Oil - \u00d3leo de Salm\u00e3o 60 c\u00e1psulas - Marnys e a Lifenatura Online envia em 48 H com Portes Gratis &gt;35\u20ac de Pedido.\" \/>\n<meta property=\"og:url\" content=\"https:\/\/www.lifenatura.com\/es\/produto\/mar-in-oil-oleo-de-salmao-60-capsulas-marnys\/\" \/>\n<meta property=\"og:site_name\" content=\"Lifenatura\" \/>\n<meta property=\"article:publisher\" content=\"https:\/\/www.facebook.com\/lifenatura\" \/>\n<meta property=\"article:modified_time\" content=\"2026-02-19T08:31:21+00:00\" \/>\n<meta property=\"og:image\" content=\"https:\/\/www.lifenatura.com\/wp-content\/uploads\/2021\/07\/logo.png\" \/>\n\t<meta property=\"og:image:width\" content=\"175\" \/>\n\t<meta property=\"og:image:height\" content=\"55\" \/>\n\t<meta property=\"og:image:type\" content=\"image\/png\" \/>\n<meta name=\"twitter:card\" content=\"summary_large_image\" \/>\n<meta name=\"twitter:label1\" content=\"Precio\" \/>\n\t<meta name=\"twitter:data1\" content=\"18,68&nbsp;&euro;\" \/>\n\t<meta name=\"twitter:label2\" content=\"Disponibilidad\" \/>\n\t<meta name=\"twitter:data2\" content=\"Disponible\" \/>\n<meta property=\"product:price:amount\" content=\"18.68\" \/>\n<meta property=\"product:price:currency\" content=\"EUR\" \/>\n<meta property=\"og:availability\" content=\"instock\" \/>\n<meta property=\"product:availability\" content=\"instock\" \/>\n<meta property=\"product:retailer_item_id\" content=\"84108850701355\" \/>\n<meta property=\"product:condition\" content=\"new\" \/>\n<!-- \/ Yoast SEO Premium plugin. -->","yoast_head_json":{"title":"Mar-In-Oil - \u00d3leo de Salm\u00e3o 60 c\u00e1psulas - Marnys","description":"Compre aqui o seu Mar-In-Oil - \u00d3leo de Salm\u00e3o 60 c\u00e1psulas - Marnys e a Lifenatura Online envia em 48 H com Portes Gratis >35\u20ac de Pedido.","robots":{"index":"index","follow":"follow","max-snippet":"max-snippet:-1","max-image-preview":"max-image-preview:large","max-video-preview":"max-video-preview:-1"},"canonical":"https:\/\/www.lifenatura.com\/es\/produto\/mar-in-oil-oleo-de-salmao-60-capsulas-marnys\/","og_locale":"es_ES","og_type":"article","og_title":"Mar-In-Oil - \u00d3leo de Salm\u00e3o 60 c\u00e1psulas - Marnys - Lifenatura","og_description":"Compre aqui o seu Mar-In-Oil - \u00d3leo de Salm\u00e3o 60 c\u00e1psulas - Marnys e a Lifenatura Online envia em 48 H com Portes Gratis >35\u20ac de Pedido.","og_url":"https:\/\/www.lifenatura.com\/es\/produto\/mar-in-oil-oleo-de-salmao-60-capsulas-marnys\/","og_site_name":"Lifenatura","article_publisher":"https:\/\/www.facebook.com\/lifenatura","article_modified_time":"2026-02-19T08:31:21+00:00","og_image":[{"width":175,"height":55,"url":"https:\/\/www.lifenatura.com\/wp-content\/uploads\/2021\/07\/logo.png","type":"image\/png"}],"twitter_card":"summary_large_image","twitter_misc":{"Precio":"18,68&nbsp;&euro;","Disponibilidad":"Disponible"},"schema":{"@context":"https:\/\/schema.org","@graph":[{"@type":"WebPage","@id":"https:\/\/www.lifenatura.com\/es\/produto\/mar-in-oil-oleo-de-salmao-60-capsulas-marnys\/","url":"https:\/\/www.lifenatura.com\/es\/produto\/mar-in-oil-oleo-de-salmao-60-capsulas-marnys\/","name":"Mar-In-Oil - \u00d3leo de Salm\u00e3o 60 c\u00e1psulas - Marnys","isPartOf":{"@id":"https:\/\/www.lifenatura.com\/es\/#website"},"datePublished":"2021-09-30T13:14:10+00:00","dateModified":"2026-02-19T08:31:21+00:00","description":"Compre aqui o seu Mar-In-Oil - \u00d3leo de Salm\u00e3o 60 c\u00e1psulas - Marnys e a Lifenatura Online envia em 48 H com Portes Gratis >35\u20ac de Pedido.","breadcrumb":{"@id":"https:\/\/www.lifenatura.com\/es\/produto\/mar-in-oil-oleo-de-salmao-60-capsulas-marnys\/#breadcrumb"},"inLanguage":"es","potentialAction":[{"@type":"ReadAction","target":["https:\/\/www.lifenatura.com\/es\/produto\/mar-in-oil-oleo-de-salmao-60-capsulas-marnys\/"]}]},{"@type":"BreadcrumbList","@id":"https:\/\/www.lifenatura.com\/es\/produto\/mar-in-oil-oleo-de-salmao-60-capsulas-marnys\/#breadcrumb","itemListElement":[{"@type":"ListItem","position":1,"name":"In\u00edcio","item":"https:\/\/www.lifenatura.com\/es\/"},{"@type":"ListItem","position":2,"name":"Todos los Productos","item":"https:\/\/www.lifenatura.com\/es\/tienda\/"},{"@type":"ListItem","position":3,"name":"Mar-In-Oil &#8211; \u00d3leo de Salm\u00e3o 60 c\u00e1psulas &#8211; Marnys"}]},{"@type":"WebSite","@id":"https:\/\/www.lifenatura.com\/es\/#website","url":"https:\/\/www.lifenatura.com\/es\/","name":"Lifenatura","description":"A Lifenatura \u00e9 uma loja de produtos naturais, cosm\u00e9tica natural e alimenta\u00e7\u00e3o Biol\u00f3gica.","publisher":{"@id":"https:\/\/www.lifenatura.com\/es\/#organization"},"potentialAction":[{"@type":"SearchAction","target":{"@type":"EntryPoint","urlTemplate":"https:\/\/www.lifenatura.com\/es\/?s={search_term_string}"},"query-input":{"@type":"PropertyValueSpecification","valueRequired":true,"valueName":"search_term_string"}}],"inLanguage":"es"},{"@type":"Organization","@id":"https:\/\/www.lifenatura.com\/es\/#organization","name":"Lifenatura","url":"https:\/\/www.lifenatura.com\/es\/","logo":{"@type":"ImageObject","inLanguage":"es","@id":"https:\/\/www.lifenatura.com\/es\/#\/schema\/logo\/image\/","url":"https:\/\/www.lifenatura.com\/wp-content\/uploads\/2021\/11\/logo.png","contentUrl":"https:\/\/www.lifenatura.com\/wp-content\/uploads\/2021\/11\/logo.png","width":175,"height":55,"caption":"Lifenatura"},"image":{"@id":"https:\/\/www.lifenatura.com\/es\/#\/schema\/logo\/image\/"},"sameAs":["https:\/\/www.facebook.com\/lifenatura","https:\/\/www.instagram.com\/lifenaturapt\/"]}]},"product_price_amount":"18.68","product_price_currency":"EUR","og_availability":"instock","product_availability":"instock","product_retailer_item_id":"84108850701355","product_condition":"new"},"df_price":18.68,"df_sale_price":"","df_regular_price":18.68,"df_image_link":"https:\/\/www.lifenatura.com\/wp-content\/uploads\/woocommerce-placeholder-300x300.png","_links":{"self":[{"href":"https:\/\/www.lifenatura.com\/es\/wp-json\/wp\/v2\/product\/39316","targetHints":{"allow":["GET"]}}],"collection":[{"href":"https:\/\/www.lifenatura.com\/es\/wp-json\/wp\/v2\/product"}],"about":[{"href":"https:\/\/www.lifenatura.com\/es\/wp-json\/wp\/v2\/types\/product"}],"wp:attachment":[{"href":"https:\/\/www.lifenatura.com\/es\/wp-json\/wp\/v2\/media?parent=39316"}],"wp:term":[{"taxonomy":"product_brand","embeddable":true,"href":"https:\/\/www.lifenatura.com\/es\/wp-json\/wp\/v2\/product_brand?post=39316"},{"taxonomy":"product_cat","embeddable":true,"href":"https:\/\/www.lifenatura.com\/es\/wp-json\/wp\/v2\/product_cat?post=39316"},{"taxonomy":"product_tag","embeddable":true,"href":"https:\/\/www.lifenatura.com\/es\/wp-json\/wp\/v2\/product_tag?post=39316"}],"curies":[{"name":"wp","href":"https:\/\/api.w.org\/{rel}","templated":true}]}}