{"id":39308,"date":"2021-09-30T10:21:16","date_gmt":"2021-09-30T13:13:53","guid":{"rendered":"https:\/\/lifenatura.dev.agenciagetdigital.com\/produto\/difusor-de-aromas-para-carro-50-ml-marnys\/"},"modified":"2026-02-19T08:31:16","modified_gmt":"2026-02-19T08:31:16","slug":"difusor-de-aromas-para-carro-50-ml-marnys","status":"publish","type":"product","link":"https:\/\/www.lifenatura.com\/es\/produto\/difusor-de-aromas-para-carro-50-ml-marnys\/","title":{"rendered":"Difusor de Aromas para Carro 50 ml &#8211; Marnys"},"content":{"rendered":"<p>D\u00e9jate seducir por la aromaterapia El difusor de aromas para el coche te ayudar\u00e1 a envolverte en un ambiente arom\u00e1tico que transformar\u00e1 tus sentidos con tu fragancia natural favorita. El difusor ultras\u00f3nico para autom\u00f3viles Marnys\u00ae es un excelente humidificador de aromaterapia para veh\u00edculos. Lanza el perfume seleccionado por ultrasonidos y funciona como humidificador de aire y difusor de aroma. Dependiendo del aceite seleccionado (aceite esencial o mezcla de aceites esenciales elegidos), el ambiente tendr\u00e1 diferentes notas arom\u00e1ticas y crear\u00e1 ambientes relajantes, m\u00edsticos, energ\u00e9ticos, estimulantes o tonificantes. Contenido del paquete: 1 difusor para coches 3 esponjas (recambios) 1 manual de usuario<\/p>\n","protected":false},"excerpt":{"rendered":"<p>D\u00e9jate seducir por la aromaterapia El difusor de aromas para el coche te ayudar\u00e1 a envolverte en un ambiente arom\u00e1tico que transformar\u00e1 tus sentidos con tu fragancia natural favorita. El difusor ultras\u00f3nico para autom\u00f3viles Marnys\u00ae es un excelente humidificador de aromaterapia para veh\u00edculos. Lanza el perfume seleccionado por ultrasonidos y funciona como humidificador de aire [&#8230;]<\/p>\n<p><a class=\"btn btn-secondary understrap-read-more-link\" href=\"https:\/\/www.lifenatura.com\/es\/produto\/difusor-de-aromas-para-carro-50-ml-marnys\/\">Leer m\u00e1s&#8230;<span class=\"screen-reader-text\"> from Difusor de Aromas para Carro 50 ml &#8211; Marnys<\/span><\/a><\/p>\n","protected":false},"featured_media":20670,"template":"","meta":{"_acf_changed":false},"product_brand":[8173],"product_cat":[7659,7211,7179,7162],"product_tag":[],"class_list":{"0":"post-39308","1":"product","2":"type-product","3":"status-publish","4":"has-post-thumbnail","6":"product_brand-marnys","7":"product_cat-ingrediente-natural-bio","8":"product_cat-reforza-la-inmunidad-salud","9":"product_cat-salud","10":"product_cat-seta-shitake","12":"first","13":"instock","14":"shipping-taxable","15":"purchasable","16":"product-type-simple","17":"add-to-wishlist-before_image"},"acf":[],"yoast_head":"<!-- This site is optimized with the Yoast SEO Premium plugin v27.1 (Yoast SEO v27.6) - https:\/\/yoast.com\/product\/yoast-seo-premium-wordpress\/ -->\n<title>Difusor de Aromas para Carro 50 ml - Marnys<\/title>\n<meta name=\"description\" content=\"El difusor de aromas para el coche te ayudar\u00e1 a envolverte en un ambiente arom\u00e1tico que transformar\u00e1 tus sentidos con tu fragancia natural favorita.\" \/>\n<meta name=\"robots\" content=\"index, follow, max-snippet:-1, max-image-preview:large, max-video-preview:-1\" \/>\n<link rel=\"canonical\" href=\"https:\/\/www.lifenatura.com\/es\/produto\/difusor-de-aromas-para-carro-50-ml-marnys\/\" \/>\n<meta property=\"og:locale\" content=\"es_ES\" \/>\n<meta property=\"og:type\" content=\"article\" \/>\n<meta property=\"og:title\" content=\"Difusor de Aromas para Carro 50 ml - Marnys - Na Lifenatura ao Melhor Pre\u00e7o | Envio 48h\" \/>\n<meta property=\"og:description\" content=\"Compre Difusor de Aromas para Carro 50 ml - Marnys com envio r\u00e1pido. Entrega em 48h e portes gr\u00e1tis em compras &gt;35\u20ac. Aproveite j\u00e1 na Lifenatura\" \/>\n<meta property=\"og:url\" content=\"https:\/\/www.lifenatura.com\/es\/produto\/difusor-de-aromas-para-carro-50-ml-marnys\/\" \/>\n<meta property=\"og:site_name\" content=\"Lifenatura\" \/>\n<meta property=\"article:publisher\" content=\"https:\/\/www.facebook.com\/lifenatura\" \/>\n<meta property=\"article:modified_time\" content=\"2026-02-19T08:31:16+00:00\" \/>\n<meta property=\"og:image\" content=\"https:\/\/www.lifenatura.com\/wp-content\/uploads\/2021\/09\/gd_difusor_aromas_para_carro_50_ml_marnys.jpg\" \/>\n\t<meta property=\"og:image:width\" content=\"1000\" \/>\n\t<meta property=\"og:image:height\" content=\"1000\" \/>\n\t<meta property=\"og:image:type\" content=\"image\/jpeg\" \/>\n<meta name=\"twitter:card\" content=\"summary_large_image\" \/>\n<meta name=\"twitter:label1\" content=\"Precio\" \/>\n\t<meta name=\"twitter:data1\" content=\"20,66&nbsp;&euro;\" \/>\n\t<meta name=\"twitter:label2\" content=\"Disponibilidad\" \/>\n\t<meta name=\"twitter:data2\" content=\"Disponible\" \/>\n<script type=\"application\/ld+json\" class=\"yoast-schema-graph\">{\"@context\":\"https:\\\/\\\/schema.org\",\"@graph\":[{\"@type\":\"WebPage\",\"@id\":\"https:\\\/\\\/www.lifenatura.com\\\/es\\\/produto\\\/difusor-de-aromas-para-carro-50-ml-marnys\\\/\",\"url\":\"https:\\\/\\\/www.lifenatura.com\\\/es\\\/produto\\\/difusor-de-aromas-para-carro-50-ml-marnys\\\/\",\"name\":\"Difusor de Aromas para Carro 50 ml - Marnys\",\"isPartOf\":{\"@id\":\"https:\\\/\\\/www.lifenatura.com\\\/es\\\/#website\"},\"primaryImageOfPage\":{\"@id\":\"https:\\\/\\\/www.lifenatura.com\\\/es\\\/produto\\\/difusor-de-aromas-para-carro-50-ml-marnys\\\/#primaryimage\"},\"image\":{\"@id\":\"https:\\\/\\\/www.lifenatura.com\\\/es\\\/produto\\\/difusor-de-aromas-para-carro-50-ml-marnys\\\/#primaryimage\"},\"thumbnailUrl\":\"https:\\\/\\\/www.lifenatura.com\\\/wp-content\\\/uploads\\\/2021\\\/09\\\/gd_difusor_aromas_para_carro_50_ml_marnys.jpg\",\"datePublished\":\"2021-09-30T13:13:53+00:00\",\"dateModified\":\"2026-02-19T08:31:16+00:00\",\"description\":\"El difusor de aromas para el coche te ayudar\u00e1 a envolverte en un ambiente arom\u00e1tico que transformar\u00e1 tus sentidos con tu fragancia natural favorita.\",\"breadcrumb\":{\"@id\":\"https:\\\/\\\/www.lifenatura.com\\\/es\\\/produto\\\/difusor-de-aromas-para-carro-50-ml-marnys\\\/#breadcrumb\"},\"inLanguage\":\"es\",\"potentialAction\":[{\"@type\":\"ReadAction\",\"target\":[\"https:\\\/\\\/www.lifenatura.com\\\/es\\\/produto\\\/difusor-de-aromas-para-carro-50-ml-marnys\\\/\"]}]},{\"@type\":\"ImageObject\",\"inLanguage\":\"es\",\"@id\":\"https:\\\/\\\/www.lifenatura.com\\\/es\\\/produto\\\/difusor-de-aromas-para-carro-50-ml-marnys\\\/#primaryimage\",\"url\":\"https:\\\/\\\/www.lifenatura.com\\\/wp-content\\\/uploads\\\/2021\\\/09\\\/gd_difusor_aromas_para_carro_50_ml_marnys.jpg\",\"contentUrl\":\"https:\\\/\\\/www.lifenatura.com\\\/wp-content\\\/uploads\\\/2021\\\/09\\\/gd_difusor_aromas_para_carro_50_ml_marnys.jpg\",\"width\":1000,\"height\":1000,\"caption\":\"Difusor de Aromas para Carro 50 ml - Marnys\"},{\"@type\":\"BreadcrumbList\",\"@id\":\"https:\\\/\\\/www.lifenatura.com\\\/es\\\/produto\\\/difusor-de-aromas-para-carro-50-ml-marnys\\\/#breadcrumb\",\"itemListElement\":[{\"@type\":\"ListItem\",\"position\":1,\"name\":\"In\u00edcio\",\"item\":\"https:\\\/\\\/www.lifenatura.com\\\/es\\\/\"},{\"@type\":\"ListItem\",\"position\":2,\"name\":\"Todos los Productos\",\"item\":\"https:\\\/\\\/www.lifenatura.com\\\/es\\\/tienda\\\/\"},{\"@type\":\"ListItem\",\"position\":3,\"name\":\"Difusor de Aromas para Carro 50 ml &#8211; Marnys\"}]},{\"@type\":\"WebSite\",\"@id\":\"https:\\\/\\\/www.lifenatura.com\\\/es\\\/#website\",\"url\":\"https:\\\/\\\/www.lifenatura.com\\\/es\\\/\",\"name\":\"Lifenatura\",\"description\":\"A Lifenatura \u00e9 uma loja de produtos naturais, cosm\u00e9tica natural e alimenta\u00e7\u00e3o Biol\u00f3gica.\",\"publisher\":{\"@id\":\"https:\\\/\\\/www.lifenatura.com\\\/es\\\/#organization\"},\"potentialAction\":[{\"@type\":\"SearchAction\",\"target\":{\"@type\":\"EntryPoint\",\"urlTemplate\":\"https:\\\/\\\/www.lifenatura.com\\\/es\\\/?s={search_term_string}\"},\"query-input\":{\"@type\":\"PropertyValueSpecification\",\"valueRequired\":true,\"valueName\":\"search_term_string\"}}],\"inLanguage\":\"es\"},{\"@type\":\"Organization\",\"@id\":\"https:\\\/\\\/www.lifenatura.com\\\/es\\\/#organization\",\"name\":\"Lifenatura\",\"url\":\"https:\\\/\\\/www.lifenatura.com\\\/es\\\/\",\"logo\":{\"@type\":\"ImageObject\",\"inLanguage\":\"es\",\"@id\":\"https:\\\/\\\/www.lifenatura.com\\\/es\\\/#\\\/schema\\\/logo\\\/image\\\/\",\"url\":\"https:\\\/\\\/www.lifenatura.com\\\/wp-content\\\/uploads\\\/2021\\\/07\\\/logo.png\",\"contentUrl\":\"https:\\\/\\\/www.lifenatura.com\\\/wp-content\\\/uploads\\\/2021\\\/07\\\/logo.png\",\"width\":175,\"height\":55,\"caption\":\"Lifenatura\"},\"image\":{\"@id\":\"https:\\\/\\\/www.lifenatura.com\\\/es\\\/#\\\/schema\\\/logo\\\/image\\\/\"},\"sameAs\":[\"https:\\\/\\\/www.facebook.com\\\/lifenatura\",\"https:\\\/\\\/www.instagram.com\\\/lifenaturapt\\\/\"],\"hasMerchantReturnPolicy\":{\"@type\":\"MerchantReturnPolicy\",\"merchantReturnLink\":\"https:\\\/\\\/www.lifenatura.com\\\/termos-condicoes-lifenatura\\\/\"}}]}<\/script>\n<meta property=\"product:price:amount\" content=\"20.66\" \/>\n<meta property=\"product:price:currency\" content=\"EUR\" \/>\n<meta property=\"og:availability\" content=\"instock\" \/>\n<meta property=\"product:availability\" content=\"instock\" \/>\n<meta property=\"product:retailer_item_id\" content=\"84108850864888\" \/>\n<meta property=\"product:condition\" content=\"new\" \/>\n<!-- \/ Yoast SEO Premium plugin. -->","yoast_head_json":{"title":"Difusor de Aromas para Carro 50 ml - Marnys","description":"El difusor de aromas para el coche te ayudar\u00e1 a envolverte en un ambiente arom\u00e1tico que transformar\u00e1 tus sentidos con tu fragancia natural favorita.","robots":{"index":"index","follow":"follow","max-snippet":"max-snippet:-1","max-image-preview":"max-image-preview:large","max-video-preview":"max-video-preview:-1"},"canonical":"https:\/\/www.lifenatura.com\/es\/produto\/difusor-de-aromas-para-carro-50-ml-marnys\/","og_locale":"es_ES","og_type":"article","og_title":"Difusor de Aromas para Carro 50 ml - Marnys - Na Lifenatura ao Melhor Pre\u00e7o | Envio 48h","og_description":"Compre Difusor de Aromas para Carro 50 ml - Marnys com envio r\u00e1pido. Entrega em 48h e portes gr\u00e1tis em compras >35\u20ac. Aproveite j\u00e1 na Lifenatura","og_url":"https:\/\/www.lifenatura.com\/es\/produto\/difusor-de-aromas-para-carro-50-ml-marnys\/","og_site_name":"Lifenatura","article_publisher":"https:\/\/www.facebook.com\/lifenatura","article_modified_time":"2026-02-19T08:31:16+00:00","og_image":[{"width":1000,"height":1000,"url":"https:\/\/www.lifenatura.com\/wp-content\/uploads\/2021\/09\/gd_difusor_aromas_para_carro_50_ml_marnys.jpg","type":"image\/jpeg"}],"twitter_card":"summary_large_image","twitter_misc":{"Precio":"20,66&nbsp;&euro;","Disponibilidad":"Disponible"},"schema":{"@context":"https:\/\/schema.org","@graph":[{"@type":"WebPage","@id":"https:\/\/www.lifenatura.com\/es\/produto\/difusor-de-aromas-para-carro-50-ml-marnys\/","url":"https:\/\/www.lifenatura.com\/es\/produto\/difusor-de-aromas-para-carro-50-ml-marnys\/","name":"Difusor de Aromas para Carro 50 ml - Marnys","isPartOf":{"@id":"https:\/\/www.lifenatura.com\/es\/#website"},"primaryImageOfPage":{"@id":"https:\/\/www.lifenatura.com\/es\/produto\/difusor-de-aromas-para-carro-50-ml-marnys\/#primaryimage"},"image":{"@id":"https:\/\/www.lifenatura.com\/es\/produto\/difusor-de-aromas-para-carro-50-ml-marnys\/#primaryimage"},"thumbnailUrl":"https:\/\/www.lifenatura.com\/wp-content\/uploads\/2021\/09\/gd_difusor_aromas_para_carro_50_ml_marnys.jpg","datePublished":"2021-09-30T13:13:53+00:00","dateModified":"2026-02-19T08:31:16+00:00","description":"El difusor de aromas para el coche te ayudar\u00e1 a envolverte en un ambiente arom\u00e1tico que transformar\u00e1 tus sentidos con tu fragancia natural favorita.","breadcrumb":{"@id":"https:\/\/www.lifenatura.com\/es\/produto\/difusor-de-aromas-para-carro-50-ml-marnys\/#breadcrumb"},"inLanguage":"es","potentialAction":[{"@type":"ReadAction","target":["https:\/\/www.lifenatura.com\/es\/produto\/difusor-de-aromas-para-carro-50-ml-marnys\/"]}]},{"@type":"ImageObject","inLanguage":"es","@id":"https:\/\/www.lifenatura.com\/es\/produto\/difusor-de-aromas-para-carro-50-ml-marnys\/#primaryimage","url":"https:\/\/www.lifenatura.com\/wp-content\/uploads\/2021\/09\/gd_difusor_aromas_para_carro_50_ml_marnys.jpg","contentUrl":"https:\/\/www.lifenatura.com\/wp-content\/uploads\/2021\/09\/gd_difusor_aromas_para_carro_50_ml_marnys.jpg","width":1000,"height":1000,"caption":"Difusor de Aromas para Carro 50 ml - Marnys"},{"@type":"BreadcrumbList","@id":"https:\/\/www.lifenatura.com\/es\/produto\/difusor-de-aromas-para-carro-50-ml-marnys\/#breadcrumb","itemListElement":[{"@type":"ListItem","position":1,"name":"In\u00edcio","item":"https:\/\/www.lifenatura.com\/es\/"},{"@type":"ListItem","position":2,"name":"Todos los Productos","item":"https:\/\/www.lifenatura.com\/es\/tienda\/"},{"@type":"ListItem","position":3,"name":"Difusor de Aromas para Carro 50 ml &#8211; Marnys"}]},{"@type":"WebSite","@id":"https:\/\/www.lifenatura.com\/es\/#website","url":"https:\/\/www.lifenatura.com\/es\/","name":"Lifenatura","description":"A Lifenatura \u00e9 uma loja de produtos naturais, cosm\u00e9tica natural e alimenta\u00e7\u00e3o Biol\u00f3gica.","publisher":{"@id":"https:\/\/www.lifenatura.com\/es\/#organization"},"potentialAction":[{"@type":"SearchAction","target":{"@type":"EntryPoint","urlTemplate":"https:\/\/www.lifenatura.com\/es\/?s={search_term_string}"},"query-input":{"@type":"PropertyValueSpecification","valueRequired":true,"valueName":"search_term_string"}}],"inLanguage":"es"},{"@type":"Organization","@id":"https:\/\/www.lifenatura.com\/es\/#organization","name":"Lifenatura","url":"https:\/\/www.lifenatura.com\/es\/","logo":{"@type":"ImageObject","inLanguage":"es","@id":"https:\/\/www.lifenatura.com\/es\/#\/schema\/logo\/image\/","url":"https:\/\/www.lifenatura.com\/wp-content\/uploads\/2021\/07\/logo.png","contentUrl":"https:\/\/www.lifenatura.com\/wp-content\/uploads\/2021\/07\/logo.png","width":175,"height":55,"caption":"Lifenatura"},"image":{"@id":"https:\/\/www.lifenatura.com\/es\/#\/schema\/logo\/image\/"},"sameAs":["https:\/\/www.facebook.com\/lifenatura","https:\/\/www.instagram.com\/lifenaturapt\/"],"hasMerchantReturnPolicy":{"@type":"MerchantReturnPolicy","merchantReturnLink":"https:\/\/www.lifenatura.com\/termos-condicoes-lifenatura\/"}}]},"product_price_amount":"20.66","product_price_currency":"EUR","og_availability":"instock","product_availability":"instock","product_retailer_item_id":"84108850864888","product_condition":"new"},"df_price":20.66,"df_sale_price":"","df_regular_price":20.66,"df_image_link":"https:\/\/www.lifenatura.com\/wp-content\/uploads\/2021\/09\/gd_difusor_aromas_para_carro_50_ml_marnys-300x300.jpg","_links":{"self":[{"href":"https:\/\/www.lifenatura.com\/es\/wp-json\/wp\/v2\/product\/39308","targetHints":{"allow":["GET"]}}],"collection":[{"href":"https:\/\/www.lifenatura.com\/es\/wp-json\/wp\/v2\/product"}],"about":[{"href":"https:\/\/www.lifenatura.com\/es\/wp-json\/wp\/v2\/types\/product"}],"wp:featuredmedia":[{"embeddable":true,"href":"https:\/\/www.lifenatura.com\/es\/wp-json\/wp\/v2\/media\/20670"}],"wp:attachment":[{"href":"https:\/\/www.lifenatura.com\/es\/wp-json\/wp\/v2\/media?parent=39308"}],"wp:term":[{"taxonomy":"product_brand","embeddable":true,"href":"https:\/\/www.lifenatura.com\/es\/wp-json\/wp\/v2\/product_brand?post=39308"},{"taxonomy":"product_cat","embeddable":true,"href":"https:\/\/www.lifenatura.com\/es\/wp-json\/wp\/v2\/product_cat?post=39308"},{"taxonomy":"product_tag","embeddable":true,"href":"https:\/\/www.lifenatura.com\/es\/wp-json\/wp\/v2\/product_tag?post=39308"}],"curies":[{"name":"wp","href":"https:\/\/api.w.org\/{rel}","templated":true}]}}