{"id":39304,"date":"2021-09-30T10:21:16","date_gmt":"2021-09-30T13:13:53","guid":{"rendered":"https:\/\/lifenatura.dev.agenciagetdigital.com\/produto\/cogumelo-maitake-bio-400-mg-30-capsulas-marnys\/"},"modified":"2026-02-19T08:31:13","modified_gmt":"2026-02-19T08:31:13","slug":"cogumelo-maitake-bio-400-mg-30-capsulas-marnys","status":"publish","type":"product","link":"https:\/\/www.lifenatura.com\/es\/produto\/cogumelo-maitake-bio-400-mg-30-capsulas-marnys\/","title":{"rendered":"Cogumelo Maitake Bio 400 mg 30 c\u00e1psulas &#8211; Marnys"},"content":{"rendered":"<p>Indicado para o Sistema Imunit\u00e1rio Cogumelo Maitake da Marnys \u00e9 composto por prote\u00ednas, vitaminas e oligoelementos, amino\u00e1cidos, \u00e1cidos org\u00e2nicos e polissac\u00e1ridos, sendo os beta-glucanos os mais importantes. \u00c9 um suplemento alimentar que visa contribuir para a regula\u00e7\u00e3o e modula\u00e7\u00e3o do sistema imunit\u00e1rio favorecendo a melhoria das doen\u00e7as inflamat\u00f3rias intestinais (DII). APRESENTA\u00c7\u00c3O 30 c\u00e1psulas.<\/p>\n","protected":false},"excerpt":{"rendered":"<p>Indicado para o Sistema Imunit\u00e1rio Cogumelo Maitake da Marnys \u00e9 composto por prote\u00ednas, vitaminas e oligoelementos, amino\u00e1cidos, \u00e1cidos org\u00e2nicos e polissac\u00e1ridos, sendo os beta-glucanos os mais importantes. \u00c9 um suplemento alimentar que visa contribuir para a regula\u00e7\u00e3o e modula\u00e7\u00e3o do sistema imunit\u00e1rio favorecendo a melhoria das doen\u00e7as inflamat\u00f3rias intestinais (DII). APRESENTA\u00c7\u00c3O 30 c\u00e1psulas. [&#8230;]<\/p>\n<p><a class=\"btn btn-secondary understrap-read-more-link\" href=\"https:\/\/www.lifenatura.com\/es\/produto\/cogumelo-maitake-bio-400-mg-30-capsulas-marnys\/\">Leer m\u00e1s&#8230;<span class=\"screen-reader-text\"> from Cogumelo Maitake Bio 400 mg 30 c\u00e1psulas &#8211; Marnys<\/span><\/a><\/p>\n","protected":false},"featured_media":0,"template":"","meta":{"_acf_changed":false},"product_brand":[8173],"product_cat":[7211,7179],"product_tag":[],"class_list":{"0":"post-39304","1":"product","2":"type-product","3":"status-publish","5":"product_brand-marnys","6":"product_cat-reforza-la-inmunidad-salud","7":"product_cat-salud","9":"first","10":"instock","11":"shipping-taxable","12":"purchasable","13":"product-type-simple","14":"add-to-wishlist-before_image"},"acf":[],"yoast_head":"<!-- This site is optimized with the Yoast SEO Premium plugin v27.1 (Yoast SEO v27.4) - https:\/\/yoast.com\/product\/yoast-seo-premium-wordpress\/ -->\n<title>Cogumelo Maitake Bio 400 mg 30 c\u00e1psulas - Marnys<\/title>\n<meta name=\"description\" content=\"Compre Cogumelo Maitake Bio 400 mg 30 c\u00e1psulas - Marnys com envio r\u00e1pido. Entrega em 48h e portes gr\u00e1tis em compras &gt;35\u20ac. Aproveite j\u00e1 na Lifenatura\" \/>\n<meta name=\"robots\" content=\"index, follow, max-snippet:-1, max-image-preview:large, max-video-preview:-1\" \/>\n<link rel=\"canonical\" href=\"https:\/\/www.lifenatura.com\/es\/produto\/cogumelo-maitake-bio-400-mg-30-capsulas-marnys\/\" \/>\n<meta property=\"og:locale\" content=\"es_ES\" \/>\n<meta property=\"og:type\" content=\"article\" \/>\n<meta property=\"og:title\" content=\"Cogumelo Maitake Bio 400 mg 30 c\u00e1psulas - Marnys - Na Lifenatura ao Melhor Pre\u00e7o | Envio 48h\" \/>\n<meta property=\"og:description\" content=\"Compre Cogumelo Maitake Bio 400 mg 30 c\u00e1psulas - Marnys com envio r\u00e1pido. Entrega em 48h e portes gr\u00e1tis em compras &gt;35\u20ac. Aproveite j\u00e1 na Lifenatura\" \/>\n<meta property=\"og:url\" content=\"https:\/\/www.lifenatura.com\/es\/produto\/cogumelo-maitake-bio-400-mg-30-capsulas-marnys\/\" \/>\n<meta property=\"og:site_name\" content=\"Lifenatura\" \/>\n<meta property=\"article:publisher\" content=\"https:\/\/www.facebook.com\/lifenatura\" \/>\n<meta property=\"article:modified_time\" content=\"2026-02-19T08:31:13+00:00\" \/>\n<meta property=\"og:image\" content=\"https:\/\/www.lifenatura.com\/wp-content\/uploads\/2021\/07\/logo.png\" \/>\n\t<meta property=\"og:image:width\" content=\"175\" \/>\n\t<meta property=\"og:image:height\" content=\"55\" \/>\n\t<meta property=\"og:image:type\" content=\"image\/png\" \/>\n<meta name=\"twitter:card\" content=\"summary_large_image\" \/>\n<meta name=\"twitter:label1\" content=\"Precio\" \/>\n\t<meta name=\"twitter:data1\" content=\"20,66&nbsp;&euro;\" \/>\n\t<meta name=\"twitter:label2\" content=\"Disponibilidad\" \/>\n\t<meta name=\"twitter:data2\" content=\"Disponible\" \/>\n<script type=\"application\/ld+json\" class=\"yoast-schema-graph\">{\"@context\":\"https:\\\/\\\/schema.org\",\"@graph\":[{\"@type\":\"WebPage\",\"@id\":\"https:\\\/\\\/www.lifenatura.com\\\/es\\\/produto\\\/cogumelo-maitake-bio-400-mg-30-capsulas-marnys\\\/\",\"url\":\"https:\\\/\\\/www.lifenatura.com\\\/es\\\/produto\\\/cogumelo-maitake-bio-400-mg-30-capsulas-marnys\\\/\",\"name\":\"Cogumelo Maitake Bio 400 mg 30 c\u00e1psulas - Marnys\",\"isPartOf\":{\"@id\":\"https:\\\/\\\/www.lifenatura.com\\\/es\\\/#website\"},\"datePublished\":\"2021-09-30T13:13:53+00:00\",\"dateModified\":\"2026-02-19T08:31:13+00:00\",\"description\":\"Compre Cogumelo Maitake Bio 400 mg 30 c\u00e1psulas - Marnys com envio r\u00e1pido. Entrega em 48h e portes gr\u00e1tis em compras >35\u20ac. Aproveite j\u00e1 na Lifenatura\",\"breadcrumb\":{\"@id\":\"https:\\\/\\\/www.lifenatura.com\\\/es\\\/produto\\\/cogumelo-maitake-bio-400-mg-30-capsulas-marnys\\\/#breadcrumb\"},\"inLanguage\":\"es\",\"potentialAction\":[{\"@type\":\"ReadAction\",\"target\":[\"https:\\\/\\\/www.lifenatura.com\\\/es\\\/produto\\\/cogumelo-maitake-bio-400-mg-30-capsulas-marnys\\\/\"]}]},{\"@type\":\"BreadcrumbList\",\"@id\":\"https:\\\/\\\/www.lifenatura.com\\\/es\\\/produto\\\/cogumelo-maitake-bio-400-mg-30-capsulas-marnys\\\/#breadcrumb\",\"itemListElement\":[{\"@type\":\"ListItem\",\"position\":1,\"name\":\"In\u00edcio\",\"item\":\"https:\\\/\\\/www.lifenatura.com\\\/es\\\/\"},{\"@type\":\"ListItem\",\"position\":2,\"name\":\"Todos los Productos\",\"item\":\"https:\\\/\\\/www.lifenatura.com\\\/es\\\/tienda\\\/\"},{\"@type\":\"ListItem\",\"position\":3,\"name\":\"Cogumelo Maitake Bio 400 mg 30 c\u00e1psulas &#8211; Marnys\"}]},{\"@type\":\"WebSite\",\"@id\":\"https:\\\/\\\/www.lifenatura.com\\\/es\\\/#website\",\"url\":\"https:\\\/\\\/www.lifenatura.com\\\/es\\\/\",\"name\":\"Lifenatura\",\"description\":\"A Lifenatura \u00e9 uma loja de produtos naturais, cosm\u00e9tica natural e alimenta\u00e7\u00e3o Biol\u00f3gica.\",\"publisher\":{\"@id\":\"https:\\\/\\\/www.lifenatura.com\\\/es\\\/#organization\"},\"potentialAction\":[{\"@type\":\"SearchAction\",\"target\":{\"@type\":\"EntryPoint\",\"urlTemplate\":\"https:\\\/\\\/www.lifenatura.com\\\/es\\\/?s={search_term_string}\"},\"query-input\":{\"@type\":\"PropertyValueSpecification\",\"valueRequired\":true,\"valueName\":\"search_term_string\"}}],\"inLanguage\":\"es\"},{\"@type\":\"Organization\",\"@id\":\"https:\\\/\\\/www.lifenatura.com\\\/es\\\/#organization\",\"name\":\"Lifenatura\",\"url\":\"https:\\\/\\\/www.lifenatura.com\\\/es\\\/\",\"logo\":{\"@type\":\"ImageObject\",\"inLanguage\":\"es\",\"@id\":\"https:\\\/\\\/www.lifenatura.com\\\/es\\\/#\\\/schema\\\/logo\\\/image\\\/\",\"url\":\"https:\\\/\\\/www.lifenatura.com\\\/wp-content\\\/uploads\\\/2021\\\/07\\\/logo.png\",\"contentUrl\":\"https:\\\/\\\/www.lifenatura.com\\\/wp-content\\\/uploads\\\/2021\\\/07\\\/logo.png\",\"width\":175,\"height\":55,\"caption\":\"Lifenatura\"},\"image\":{\"@id\":\"https:\\\/\\\/www.lifenatura.com\\\/es\\\/#\\\/schema\\\/logo\\\/image\\\/\"},\"sameAs\":[\"https:\\\/\\\/www.facebook.com\\\/lifenatura\",\"https:\\\/\\\/www.instagram.com\\\/lifenaturapt\\\/\"],\"hasMerchantReturnPolicy\":{\"@type\":\"MerchantReturnPolicy\",\"merchantReturnLink\":\"https:\\\/\\\/www.lifenatura.com\\\/termos-condicoes-lifenatura\\\/\"}}]}<\/script>\n<meta property=\"product:price:amount\" content=\"20.66\" \/>\n<meta property=\"product:price:currency\" content=\"EUR\" \/>\n<meta property=\"og:availability\" content=\"instock\" \/>\n<meta property=\"product:availability\" content=\"instock\" \/>\n<meta property=\"product:retailer_item_id\" content=\"84108850780011\" \/>\n<meta property=\"product:condition\" content=\"new\" \/>\n<!-- \/ Yoast SEO Premium plugin. -->","yoast_head_json":{"title":"Cogumelo Maitake Bio 400 mg 30 c\u00e1psulas - Marnys","description":"Compre Cogumelo Maitake Bio 400 mg 30 c\u00e1psulas - Marnys com envio r\u00e1pido. Entrega em 48h e portes gr\u00e1tis em compras >35\u20ac. Aproveite j\u00e1 na Lifenatura","robots":{"index":"index","follow":"follow","max-snippet":"max-snippet:-1","max-image-preview":"max-image-preview:large","max-video-preview":"max-video-preview:-1"},"canonical":"https:\/\/www.lifenatura.com\/es\/produto\/cogumelo-maitake-bio-400-mg-30-capsulas-marnys\/","og_locale":"es_ES","og_type":"article","og_title":"Cogumelo Maitake Bio 400 mg 30 c\u00e1psulas - Marnys - Na Lifenatura ao Melhor Pre\u00e7o | Envio 48h","og_description":"Compre Cogumelo Maitake Bio 400 mg 30 c\u00e1psulas - Marnys com envio r\u00e1pido. Entrega em 48h e portes gr\u00e1tis em compras >35\u20ac. Aproveite j\u00e1 na Lifenatura","og_url":"https:\/\/www.lifenatura.com\/es\/produto\/cogumelo-maitake-bio-400-mg-30-capsulas-marnys\/","og_site_name":"Lifenatura","article_publisher":"https:\/\/www.facebook.com\/lifenatura","article_modified_time":"2026-02-19T08:31:13+00:00","og_image":[{"width":175,"height":55,"url":"https:\/\/www.lifenatura.com\/wp-content\/uploads\/2021\/07\/logo.png","type":"image\/png"}],"twitter_card":"summary_large_image","twitter_misc":{"Precio":"20,66&nbsp;&euro;","Disponibilidad":"Disponible"},"schema":{"@context":"https:\/\/schema.org","@graph":[{"@type":"WebPage","@id":"https:\/\/www.lifenatura.com\/es\/produto\/cogumelo-maitake-bio-400-mg-30-capsulas-marnys\/","url":"https:\/\/www.lifenatura.com\/es\/produto\/cogumelo-maitake-bio-400-mg-30-capsulas-marnys\/","name":"Cogumelo Maitake Bio 400 mg 30 c\u00e1psulas - Marnys","isPartOf":{"@id":"https:\/\/www.lifenatura.com\/es\/#website"},"datePublished":"2021-09-30T13:13:53+00:00","dateModified":"2026-02-19T08:31:13+00:00","description":"Compre Cogumelo Maitake Bio 400 mg 30 c\u00e1psulas - Marnys com envio r\u00e1pido. Entrega em 48h e portes gr\u00e1tis em compras >35\u20ac. Aproveite j\u00e1 na Lifenatura","breadcrumb":{"@id":"https:\/\/www.lifenatura.com\/es\/produto\/cogumelo-maitake-bio-400-mg-30-capsulas-marnys\/#breadcrumb"},"inLanguage":"es","potentialAction":[{"@type":"ReadAction","target":["https:\/\/www.lifenatura.com\/es\/produto\/cogumelo-maitake-bio-400-mg-30-capsulas-marnys\/"]}]},{"@type":"BreadcrumbList","@id":"https:\/\/www.lifenatura.com\/es\/produto\/cogumelo-maitake-bio-400-mg-30-capsulas-marnys\/#breadcrumb","itemListElement":[{"@type":"ListItem","position":1,"name":"In\u00edcio","item":"https:\/\/www.lifenatura.com\/es\/"},{"@type":"ListItem","position":2,"name":"Todos los Productos","item":"https:\/\/www.lifenatura.com\/es\/tienda\/"},{"@type":"ListItem","position":3,"name":"Cogumelo Maitake Bio 400 mg 30 c\u00e1psulas &#8211; Marnys"}]},{"@type":"WebSite","@id":"https:\/\/www.lifenatura.com\/es\/#website","url":"https:\/\/www.lifenatura.com\/es\/","name":"Lifenatura","description":"A Lifenatura \u00e9 uma loja de produtos naturais, cosm\u00e9tica natural e alimenta\u00e7\u00e3o Biol\u00f3gica.","publisher":{"@id":"https:\/\/www.lifenatura.com\/es\/#organization"},"potentialAction":[{"@type":"SearchAction","target":{"@type":"EntryPoint","urlTemplate":"https:\/\/www.lifenatura.com\/es\/?s={search_term_string}"},"query-input":{"@type":"PropertyValueSpecification","valueRequired":true,"valueName":"search_term_string"}}],"inLanguage":"es"},{"@type":"Organization","@id":"https:\/\/www.lifenatura.com\/es\/#organization","name":"Lifenatura","url":"https:\/\/www.lifenatura.com\/es\/","logo":{"@type":"ImageObject","inLanguage":"es","@id":"https:\/\/www.lifenatura.com\/es\/#\/schema\/logo\/image\/","url":"https:\/\/www.lifenatura.com\/wp-content\/uploads\/2021\/07\/logo.png","contentUrl":"https:\/\/www.lifenatura.com\/wp-content\/uploads\/2021\/07\/logo.png","width":175,"height":55,"caption":"Lifenatura"},"image":{"@id":"https:\/\/www.lifenatura.com\/es\/#\/schema\/logo\/image\/"},"sameAs":["https:\/\/www.facebook.com\/lifenatura","https:\/\/www.instagram.com\/lifenaturapt\/"],"hasMerchantReturnPolicy":{"@type":"MerchantReturnPolicy","merchantReturnLink":"https:\/\/www.lifenatura.com\/termos-condicoes-lifenatura\/"}}]},"product_price_amount":"20.66","product_price_currency":"EUR","og_availability":"instock","product_availability":"instock","product_retailer_item_id":"84108850780011","product_condition":"new"},"df_price":20.66,"df_sale_price":"","df_regular_price":20.66,"df_image_link":"https:\/\/www.lifenatura.com\/wp-content\/uploads\/woocommerce-placeholder-300x300.png","_links":{"self":[{"href":"https:\/\/www.lifenatura.com\/es\/wp-json\/wp\/v2\/product\/39304","targetHints":{"allow":["GET"]}}],"collection":[{"href":"https:\/\/www.lifenatura.com\/es\/wp-json\/wp\/v2\/product"}],"about":[{"href":"https:\/\/www.lifenatura.com\/es\/wp-json\/wp\/v2\/types\/product"}],"wp:attachment":[{"href":"https:\/\/www.lifenatura.com\/es\/wp-json\/wp\/v2\/media?parent=39304"}],"wp:term":[{"taxonomy":"product_brand","embeddable":true,"href":"https:\/\/www.lifenatura.com\/es\/wp-json\/wp\/v2\/product_brand?post=39304"},{"taxonomy":"product_cat","embeddable":true,"href":"https:\/\/www.lifenatura.com\/es\/wp-json\/wp\/v2\/product_cat?post=39304"},{"taxonomy":"product_tag","embeddable":true,"href":"https:\/\/www.lifenatura.com\/es\/wp-json\/wp\/v2\/product_tag?post=39304"}],"curies":[{"name":"wp","href":"https:\/\/api.w.org\/{rel}","templated":true}]}}