{"id":39295,"date":"2021-09-30T13:13:34","date_gmt":"2021-09-30T13:13:34","guid":{"rendered":"https:\/\/lifenatura.dev.agenciagetdigital.com\/produto\/vitamina-e-liquida-30-ml-marnys\/"},"modified":"2026-02-19T08:31:09","modified_gmt":"2026-02-19T08:31:09","slug":"vitamina-e-liquida-30-ml-marnys","status":"publish","type":"product","link":"https:\/\/www.lifenatura.com\/es\/produto\/vitamina-e-liquida-30-ml-marnys\/","title":{"rendered":"Vitamina E L\u00edquida 30 ml &#8211; Marnys"},"content":{"rendered":"<p>Vitaminas y Minerales La vitamina E l\u00edquida es un antioxidante muy importante para el organismo, protegiendo todas las estructuras de metales pesados, radicales libres y otras sustancias t\u00f3xicas. Por su poder antioxidante, mantiene la integridad de las membranas celulares y evita la oxidaci\u00f3n del colesterol LDL (colesterol &#8220;mal&#8221;), tipo de colesterol implicado en el desarrollo de enfermedades cardiovasculares. Esta vitamina tambi\u00e9n aumenta el colesterol HDL (colesterol &#8220;bueno&#8221;), inhibe la agregaci\u00f3n plaquetaria y ayuda en el restablecimiento de un ritmo card\u00edaco normal (regula el m\u00fasculo card\u00edaco en la respuesta al calcio). PRESENTACI\u00d3N 30 Ml.<\/p>\n","protected":false},"excerpt":{"rendered":"<p>Vitaminas y Minerales La vitamina E l\u00edquida es un antioxidante muy importante para el organismo, protegiendo todas las estructuras de metales pesados, radicales libres y otras sustancias t\u00f3xicas. Por su poder antioxidante, mantiene la integridad de las membranas celulares y evita la oxidaci\u00f3n del colesterol LDL (colesterol &#8220;mal&#8221;), tipo de colesterol implicado en el desarrollo [&#8230;]<\/p>\n<p><a class=\"btn btn-secondary understrap-read-more-link\" href=\"https:\/\/www.lifenatura.com\/es\/produto\/vitamina-e-liquida-30-ml-marnys\/\">Leer m\u00e1s&#8230;<span class=\"screen-reader-text\"> from Vitamina E L\u00edquida 30 ml &#8211; Marnys<\/span><\/a><\/p>\n","protected":false},"featured_media":20668,"template":"","meta":{"_acf_changed":false},"product_brand":[8173],"product_cat":[7883,7262],"product_tag":[],"class_list":{"0":"post-39295","1":"product","2":"type-product","3":"status-publish","4":"has-post-thumbnail","6":"product_brand-marnys","7":"product_cat-suplementos-alimenticios","8":"product_cat-vitamina-e-salud","10":"first","11":"instock","12":"shipping-taxable","13":"purchasable","14":"product-type-simple","15":"add-to-wishlist-before_image"},"acf":[],"yoast_head":"<!-- This site is optimized with the Yoast SEO Premium plugin v27.1 (Yoast SEO v27.3) - https:\/\/yoast.com\/product\/yoast-seo-premium-wordpress\/ -->\n<title>Vitamina E L\u00edquida 30 ml - Marnys<\/title>\n<meta name=\"description\" content=\"La vitamina E l\u00edquida es un antioxidante muy importante para el organismo, protegiendo todas las estructuras de metales pesados, radicales libres y otras sustancias t\u00f3xicas.\" \/>\n<meta name=\"robots\" content=\"index, follow, max-snippet:-1, max-image-preview:large, max-video-preview:-1\" \/>\n<link rel=\"canonical\" href=\"https:\/\/www.lifenatura.com\/es\/produto\/vitamina-e-liquida-30-ml-marnys\/\" \/>\n<meta property=\"og:locale\" content=\"es_ES\" \/>\n<meta property=\"og:type\" content=\"article\" \/>\n<meta property=\"og:title\" content=\"Vitamina E L\u00edquida 30 ml - Marnys - Lifenatura\" \/>\n<meta property=\"og:description\" content=\"Compre aqui o seu Vitamina E L\u00edquida 30 ml - Marnys e a Lifenatura Online envia em 48 H com Portes Gratis &gt;35\u20ac de Pedido.\" \/>\n<meta property=\"og:url\" content=\"https:\/\/www.lifenatura.com\/es\/produto\/vitamina-e-liquida-30-ml-marnys\/\" \/>\n<meta property=\"og:site_name\" content=\"Lifenatura\" \/>\n<meta property=\"article:publisher\" content=\"https:\/\/www.facebook.com\/lifenatura\" \/>\n<meta property=\"article:modified_time\" content=\"2026-02-19T08:31:09+00:00\" \/>\n<meta property=\"og:image\" content=\"https:\/\/www.lifenatura.com\/wp-content\/uploads\/2021\/09\/gd_vitamina-e-liquida-30-ml-marnys.jpg\" \/>\n\t<meta property=\"og:image:width\" content=\"1000\" \/>\n\t<meta property=\"og:image:height\" content=\"1000\" \/>\n\t<meta property=\"og:image:type\" content=\"image\/jpeg\" \/>\n<meta name=\"twitter:card\" content=\"summary_large_image\" \/>\n<meta name=\"twitter:label1\" content=\"Precio\" \/>\n\t<meta name=\"twitter:data1\" content=\"18,40&nbsp;&euro;\" \/>\n\t<meta name=\"twitter:label2\" content=\"Disponibilidad\" \/>\n\t<meta name=\"twitter:data2\" content=\"Disponible\" \/>\n<meta property=\"product:price:amount\" content=\"18.40\" \/>\n<meta property=\"product:price:currency\" content=\"EUR\" \/>\n<meta property=\"og:availability\" content=\"instock\" \/>\n<meta property=\"product:availability\" content=\"instock\" \/>\n<meta property=\"product:retailer_item_id\" content=\"84108850738600\" \/>\n<meta property=\"product:condition\" content=\"new\" \/>\n<!-- \/ Yoast SEO Premium plugin. -->","yoast_head_json":{"title":"Vitamina E L\u00edquida 30 ml - Marnys","description":"La vitamina E l\u00edquida es un antioxidante muy importante para el organismo, protegiendo todas las estructuras de metales pesados, radicales libres y otras sustancias t\u00f3xicas.","robots":{"index":"index","follow":"follow","max-snippet":"max-snippet:-1","max-image-preview":"max-image-preview:large","max-video-preview":"max-video-preview:-1"},"canonical":"https:\/\/www.lifenatura.com\/es\/produto\/vitamina-e-liquida-30-ml-marnys\/","og_locale":"es_ES","og_type":"article","og_title":"Vitamina E L\u00edquida 30 ml - Marnys - Lifenatura","og_description":"Compre aqui o seu Vitamina E L\u00edquida 30 ml - Marnys e a Lifenatura Online envia em 48 H com Portes Gratis >35\u20ac de Pedido.","og_url":"https:\/\/www.lifenatura.com\/es\/produto\/vitamina-e-liquida-30-ml-marnys\/","og_site_name":"Lifenatura","article_publisher":"https:\/\/www.facebook.com\/lifenatura","article_modified_time":"2026-02-19T08:31:09+00:00","og_image":[{"width":1000,"height":1000,"url":"https:\/\/www.lifenatura.com\/wp-content\/uploads\/2021\/09\/gd_vitamina-e-liquida-30-ml-marnys.jpg","type":"image\/jpeg"}],"twitter_card":"summary_large_image","twitter_misc":{"Precio":"18,40&nbsp;&euro;","Disponibilidad":"Disponible"},"schema":{"@context":"https:\/\/schema.org","@graph":[{"@type":"WebPage","@id":"https:\/\/www.lifenatura.com\/es\/produto\/vitamina-e-liquida-30-ml-marnys\/","url":"https:\/\/www.lifenatura.com\/es\/produto\/vitamina-e-liquida-30-ml-marnys\/","name":"Vitamina E L\u00edquida 30 ml - Marnys","isPartOf":{"@id":"https:\/\/www.lifenatura.com\/es\/#website"},"primaryImageOfPage":{"@id":"https:\/\/www.lifenatura.com\/es\/produto\/vitamina-e-liquida-30-ml-marnys\/#primaryimage"},"image":{"@id":"https:\/\/www.lifenatura.com\/es\/produto\/vitamina-e-liquida-30-ml-marnys\/#primaryimage"},"thumbnailUrl":"https:\/\/www.lifenatura.com\/wp-content\/uploads\/2021\/09\/gd_vitamina-e-liquida-30-ml-marnys.jpg","datePublished":"2021-09-30T13:13:34+00:00","dateModified":"2026-02-19T08:31:09+00:00","description":"La vitamina E l\u00edquida es un antioxidante muy importante para el organismo, protegiendo todas las estructuras de metales pesados, radicales libres y otras sustancias t\u00f3xicas.","breadcrumb":{"@id":"https:\/\/www.lifenatura.com\/es\/produto\/vitamina-e-liquida-30-ml-marnys\/#breadcrumb"},"inLanguage":"es","potentialAction":[{"@type":"ReadAction","target":["https:\/\/www.lifenatura.com\/es\/produto\/vitamina-e-liquida-30-ml-marnys\/"]}]},{"@type":"ImageObject","inLanguage":"es","@id":"https:\/\/www.lifenatura.com\/es\/produto\/vitamina-e-liquida-30-ml-marnys\/#primaryimage","url":"https:\/\/www.lifenatura.com\/wp-content\/uploads\/2021\/09\/gd_vitamina-e-liquida-30-ml-marnys.jpg","contentUrl":"https:\/\/www.lifenatura.com\/wp-content\/uploads\/2021\/09\/gd_vitamina-e-liquida-30-ml-marnys.jpg","width":1000,"height":1000,"caption":"Vitamina E L\u00edquida 30 ml - Marnys"},{"@type":"BreadcrumbList","@id":"https:\/\/www.lifenatura.com\/es\/produto\/vitamina-e-liquida-30-ml-marnys\/#breadcrumb","itemListElement":[{"@type":"ListItem","position":1,"name":"In\u00edcio","item":"https:\/\/www.lifenatura.com\/es\/"},{"@type":"ListItem","position":2,"name":"Todos los Productos","item":"https:\/\/www.lifenatura.com\/es\/tienda\/"},{"@type":"ListItem","position":3,"name":"Vitamina E L\u00edquida 30 ml &#8211; Marnys"}]},{"@type":"WebSite","@id":"https:\/\/www.lifenatura.com\/es\/#website","url":"https:\/\/www.lifenatura.com\/es\/","name":"Lifenatura","description":"A Lifenatura \u00e9 uma loja de produtos naturais, cosm\u00e9tica natural e alimenta\u00e7\u00e3o Biol\u00f3gica.","publisher":{"@id":"https:\/\/www.lifenatura.com\/es\/#organization"},"potentialAction":[{"@type":"SearchAction","target":{"@type":"EntryPoint","urlTemplate":"https:\/\/www.lifenatura.com\/es\/?s={search_term_string}"},"query-input":{"@type":"PropertyValueSpecification","valueRequired":true,"valueName":"search_term_string"}}],"inLanguage":"es"},{"@type":"Organization","@id":"https:\/\/www.lifenatura.com\/es\/#organization","name":"Lifenatura","url":"https:\/\/www.lifenatura.com\/es\/","logo":{"@type":"ImageObject","inLanguage":"es","@id":"https:\/\/www.lifenatura.com\/es\/#\/schema\/logo\/image\/","url":"https:\/\/www.lifenatura.com\/wp-content\/uploads\/2021\/11\/logo.png","contentUrl":"https:\/\/www.lifenatura.com\/wp-content\/uploads\/2021\/11\/logo.png","width":175,"height":55,"caption":"Lifenatura"},"image":{"@id":"https:\/\/www.lifenatura.com\/es\/#\/schema\/logo\/image\/"},"sameAs":["https:\/\/www.facebook.com\/lifenatura","https:\/\/www.instagram.com\/lifenaturapt\/"]}]},"product_price_amount":"18.40","product_price_currency":"EUR","og_availability":"instock","product_availability":"instock","product_retailer_item_id":"84108850738600","product_condition":"new"},"df_price":18.4,"df_sale_price":"","df_regular_price":18.4,"df_image_link":"https:\/\/www.lifenatura.com\/wp-content\/uploads\/2021\/09\/gd_vitamina-e-liquida-30-ml-marnys-300x300.jpg","_links":{"self":[{"href":"https:\/\/www.lifenatura.com\/es\/wp-json\/wp\/v2\/product\/39295","targetHints":{"allow":["GET"]}}],"collection":[{"href":"https:\/\/www.lifenatura.com\/es\/wp-json\/wp\/v2\/product"}],"about":[{"href":"https:\/\/www.lifenatura.com\/es\/wp-json\/wp\/v2\/types\/product"}],"wp:featuredmedia":[{"embeddable":true,"href":"https:\/\/www.lifenatura.com\/es\/wp-json\/wp\/v2\/media\/20668"}],"wp:attachment":[{"href":"https:\/\/www.lifenatura.com\/es\/wp-json\/wp\/v2\/media?parent=39295"}],"wp:term":[{"taxonomy":"product_brand","embeddable":true,"href":"https:\/\/www.lifenatura.com\/es\/wp-json\/wp\/v2\/product_brand?post=39295"},{"taxonomy":"product_cat","embeddable":true,"href":"https:\/\/www.lifenatura.com\/es\/wp-json\/wp\/v2\/product_cat?post=39295"},{"taxonomy":"product_tag","embeddable":true,"href":"https:\/\/www.lifenatura.com\/es\/wp-json\/wp\/v2\/product_tag?post=39295"}],"curies":[{"name":"wp","href":"https:\/\/api.w.org\/{rel}","templated":true}]}}