{"id":39262,"date":"2021-09-30T10:20:33","date_gmt":"2021-09-30T10:20:33","guid":{"rendered":"https:\/\/lifenatura.dev.agenciagetdigital.com\/produto\/lucidus-neuro-30-ampolas-lleve-3-pague-2\/"},"modified":"2026-03-12T11:22:41","modified_gmt":"2026-03-12T11:22:41","slug":"lucidus-neuro-30-ampolas-lleve-3-pague-2","status":"publish","type":"product","link":"https:\/\/www.lifenatura.com\/es\/produto\/lucidus-neuro-30-ampolas-lleve-3-pague-2\/","title":{"rendered":"Lucidus Neuro 30 ampolas Lleve 3 Pague 2"},"content":{"rendered":"<h2><strong>Lucidus Neuro \u00e9 indicado para aumentar a concentra\u00e7\u00e3o e a mem\u00f3ria.<\/strong><\/h2>\n<p>&nbsp;<\/p>\n<p>Lucidus Neuro \u00e9 uma f\u00f3rmula que cont\u00e9m nutrientes e plantas essenciais para melhorar o desempenho cerebral, como a Bacopa moniera, amino\u00e1cidos, minerais e vitaminas do complexo B.<\/p>\n<p><strong>Agora dispon\u00edvel em embalagem familiar Leve 3 Pay 2.<\/strong><\/p>\n<p>Fortificado com 5-HTP (5-hidroxitriptofano) e Rhodiola rosea, essenciais para a regula\u00e7\u00e3o do sistema nervoso, combatendo os sintomas depressivos e a ansiedade.<\/p>\n<p><strong>Os 3 principais benef\u00edcios:<\/strong><\/p>\n<ul>\n<li><strong>Melhoria da mem\u00f3ria<\/strong>: Lucidus Neuro cont\u00e9m ingredientes que apoiam a fun\u00e7\u00e3o da mem\u00f3ria, aumentando a capacidade de reter informa\u00e7\u00e3o e tornando-a mais f\u00e1cil de recordar.<\/li>\n<li><strong>Maior foco e concentra\u00e7\u00e3o<\/strong>: A sua f\u00f3rmula avan\u00e7ada foi concebida para aumentar o foco, a aten\u00e7\u00e3o e a concentra\u00e7\u00e3o, permitindo-lhe manter-se alerta e produtivo nas suas actividades di\u00e1rias.<\/li>\n<li>Maior <strong>clareza mental:<\/strong> Os nutrientes do Lucidus Neuro promovem uma maior clareza mental, reduzindo o nevoeiro cerebral e melhorando a capacidade de racioc\u00ednio e de tomada de decis\u00f5es.<\/li>\n<\/ul>\n<p><strong>APRESENTA\u00c7\u00c3O<\/strong><\/p>\n<p>30 Ampolas x 3<\/p>\n<p>&nbsp;<\/p>\n","protected":false},"excerpt":{"rendered":"<p>Lucidus Neuro es la elecci\u00f3n ideal para aquellos que buscan maximizar su capacidad mental y alcanzar un rendimiento cognitivo superior. Ahora Lleve 3 Pago 2 [&#8230;]<\/p>\n<p><a class=\"btn btn-secondary understrap-read-more-link\" href=\"https:\/\/www.lifenatura.com\/es\/produto\/lucidus-neuro-30-ampolas-lleve-3-pague-2\/\">Leer m\u00e1s&#8230;<span class=\"screen-reader-text\"> from Lucidus Neuro 30 ampolas Lleve 3 Pague 2<\/span><\/a><\/p>\n","protected":false},"featured_media":20635,"template":"","meta":{"_acf_changed":false},"product_brand":[8447],"product_cat":[7223,7276,7263,7179],"product_tag":[],"class_list":{"0":"post-39262","1":"product","2":"type-product","3":"status-publish","4":"has-post-thumbnail","6":"product_brand-lucidus","7":"product_cat-concentracion-memoria-salud","8":"product_cat-lleve-3-pago-2","9":"product_cat-packs-de-salud","10":"product_cat-salud","12":"first","13":"instock","14":"sale","15":"shipping-taxable","16":"purchasable","17":"product-type-woosb","18":"add-to-wishlist-before_image"},"acf":[],"yoast_head":"<!-- This site is optimized with the Yoast SEO Premium plugin v27.1 (Yoast SEO v27.5) - https:\/\/yoast.com\/product\/yoast-seo-premium-wordpress\/ -->\n<title>Lucidus Neuro ampolas Lleve 3 Pague 2<\/title>\n<meta name=\"description\" content=\"Lucidus Neuro es la elecci\u00f3n ideal para aquellos que buscan maximizar su capacidad mental y alcanzar un rendimiento cognitivo superior. Ahora Lleve 3 Pago 2\" \/>\n<meta name=\"robots\" content=\"index, follow, max-snippet:-1, max-image-preview:large, max-video-preview:-1\" \/>\n<link rel=\"canonical\" href=\"https:\/\/www.lifenatura.com\/es\/produto\/lucidus-neuro-30-ampolas-lleve-3-pague-2\/\" \/>\n<meta property=\"og:locale\" content=\"es_ES\" \/>\n<meta property=\"og:type\" content=\"article\" \/>\n<meta property=\"og:title\" content=\"Lucidus Neuro 30 ampolas Lleve 3 Pague 2 - Na Lifenatura ao Melhor Pre\u00e7o | Envio 48h\" \/>\n<meta property=\"og:description\" content=\"Compre Lucidus Neuro 30 ampolas Lleve 3 Pague 2 com envio r\u00e1pido. Entrega em 48h e portes gr\u00e1tis em compras &gt;35\u20ac. Aproveite j\u00e1 na Lifenatura\" \/>\n<meta property=\"og:url\" content=\"https:\/\/www.lifenatura.com\/es\/produto\/lucidus-neuro-30-ampolas-lleve-3-pague-2\/\" \/>\n<meta property=\"og:site_name\" content=\"Lifenatura\" \/>\n<meta property=\"article:publisher\" content=\"https:\/\/www.facebook.com\/lifenatura\" \/>\n<meta property=\"article:modified_time\" content=\"2026-03-12T11:22:41+00:00\" \/>\n<meta property=\"og:image\" content=\"https:\/\/www.lifenatura.com\/wp-content\/uploads\/2021\/09\/gd_lucidus_neuro_pack3_farmodietica.jpg\" \/>\n\t<meta property=\"og:image:width\" content=\"1000\" \/>\n\t<meta property=\"og:image:height\" content=\"1000\" \/>\n\t<meta property=\"og:image:type\" content=\"image\/jpeg\" \/>\n<meta name=\"twitter:card\" content=\"summary_large_image\" \/>\n<meta name=\"twitter:label1\" content=\"Precio\" \/>\n\t<meta name=\"twitter:data1\" content=\"73,26&nbsp;&euro;\" \/>\n\t<meta name=\"twitter:label2\" content=\"Disponibilidad\" \/>\n\t<meta name=\"twitter:data2\" content=\"Disponible\" \/>\n<script type=\"application\/ld+json\" class=\"yoast-schema-graph\">{\"@context\":\"https:\\\/\\\/schema.org\",\"@graph\":[{\"@type\":\"WebPage\",\"@id\":\"https:\\\/\\\/www.lifenatura.com\\\/es\\\/produto\\\/lucidus-neuro-30-ampolas-lleve-3-pague-2\\\/\",\"url\":\"https:\\\/\\\/www.lifenatura.com\\\/es\\\/produto\\\/lucidus-neuro-30-ampolas-lleve-3-pague-2\\\/\",\"name\":\"Lucidus Neuro ampolas Lleve 3 Pague 2\",\"isPartOf\":{\"@id\":\"https:\\\/\\\/www.lifenatura.com\\\/es\\\/#website\"},\"primaryImageOfPage\":{\"@id\":\"https:\\\/\\\/www.lifenatura.com\\\/es\\\/produto\\\/lucidus-neuro-30-ampolas-lleve-3-pague-2\\\/#primaryimage\"},\"image\":{\"@id\":\"https:\\\/\\\/www.lifenatura.com\\\/es\\\/produto\\\/lucidus-neuro-30-ampolas-lleve-3-pague-2\\\/#primaryimage\"},\"thumbnailUrl\":\"https:\\\/\\\/www.lifenatura.com\\\/wp-content\\\/uploads\\\/2021\\\/09\\\/gd_lucidus_neuro_pack3_farmodietica.jpg\",\"datePublished\":\"2021-09-30T10:20:33+00:00\",\"dateModified\":\"2026-03-12T11:22:41+00:00\",\"description\":\"Lucidus Neuro es la elecci\u00f3n ideal para aquellos que buscan maximizar su capacidad mental y alcanzar un rendimiento cognitivo superior. Ahora Lleve 3 Pago 2\",\"breadcrumb\":{\"@id\":\"https:\\\/\\\/www.lifenatura.com\\\/es\\\/produto\\\/lucidus-neuro-30-ampolas-lleve-3-pague-2\\\/#breadcrumb\"},\"inLanguage\":\"es\",\"potentialAction\":[{\"@type\":\"ReadAction\",\"target\":[\"https:\\\/\\\/www.lifenatura.com\\\/es\\\/produto\\\/lucidus-neuro-30-ampolas-lleve-3-pague-2\\\/\"]}]},{\"@type\":\"ImageObject\",\"inLanguage\":\"es\",\"@id\":\"https:\\\/\\\/www.lifenatura.com\\\/es\\\/produto\\\/lucidus-neuro-30-ampolas-lleve-3-pague-2\\\/#primaryimage\",\"url\":\"https:\\\/\\\/www.lifenatura.com\\\/wp-content\\\/uploads\\\/2021\\\/09\\\/gd_lucidus_neuro_pack3_farmodietica.jpg\",\"contentUrl\":\"https:\\\/\\\/www.lifenatura.com\\\/wp-content\\\/uploads\\\/2021\\\/09\\\/gd_lucidus_neuro_pack3_farmodietica.jpg\",\"width\":1000,\"height\":1000,\"caption\":\"Lucidus Neuro 30 ampolas Lleve 3 Pague 2\"},{\"@type\":\"BreadcrumbList\",\"@id\":\"https:\\\/\\\/www.lifenatura.com\\\/es\\\/produto\\\/lucidus-neuro-30-ampolas-lleve-3-pague-2\\\/#breadcrumb\",\"itemListElement\":[{\"@type\":\"ListItem\",\"position\":1,\"name\":\"In\u00edcio\",\"item\":\"https:\\\/\\\/www.lifenatura.com\\\/es\\\/\"},{\"@type\":\"ListItem\",\"position\":2,\"name\":\"Todos los Productos\",\"item\":\"https:\\\/\\\/www.lifenatura.com\\\/es\\\/tienda\\\/\"},{\"@type\":\"ListItem\",\"position\":3,\"name\":\"Lucidus Neuro 30 ampolas Lleve 3 Pague 2\"}]},{\"@type\":\"WebSite\",\"@id\":\"https:\\\/\\\/www.lifenatura.com\\\/es\\\/#website\",\"url\":\"https:\\\/\\\/www.lifenatura.com\\\/es\\\/\",\"name\":\"Lifenatura\",\"description\":\"A Lifenatura \u00e9 uma loja de produtos naturais, cosm\u00e9tica natural e alimenta\u00e7\u00e3o Biol\u00f3gica.\",\"publisher\":{\"@id\":\"https:\\\/\\\/www.lifenatura.com\\\/es\\\/#organization\"},\"potentialAction\":[{\"@type\":\"SearchAction\",\"target\":{\"@type\":\"EntryPoint\",\"urlTemplate\":\"https:\\\/\\\/www.lifenatura.com\\\/es\\\/?s={search_term_string}\"},\"query-input\":{\"@type\":\"PropertyValueSpecification\",\"valueRequired\":true,\"valueName\":\"search_term_string\"}}],\"inLanguage\":\"es\"},{\"@type\":\"Organization\",\"@id\":\"https:\\\/\\\/www.lifenatura.com\\\/es\\\/#organization\",\"name\":\"Lifenatura\",\"url\":\"https:\\\/\\\/www.lifenatura.com\\\/es\\\/\",\"logo\":{\"@type\":\"ImageObject\",\"inLanguage\":\"es\",\"@id\":\"https:\\\/\\\/www.lifenatura.com\\\/es\\\/#\\\/schema\\\/logo\\\/image\\\/\",\"url\":\"https:\\\/\\\/www.lifenatura.com\\\/wp-content\\\/uploads\\\/2021\\\/07\\\/logo.png\",\"contentUrl\":\"https:\\\/\\\/www.lifenatura.com\\\/wp-content\\\/uploads\\\/2021\\\/07\\\/logo.png\",\"width\":175,\"height\":55,\"caption\":\"Lifenatura\"},\"image\":{\"@id\":\"https:\\\/\\\/www.lifenatura.com\\\/es\\\/#\\\/schema\\\/logo\\\/image\\\/\"},\"sameAs\":[\"https:\\\/\\\/www.facebook.com\\\/lifenatura\",\"https:\\\/\\\/www.instagram.com\\\/lifenaturapt\\\/\"],\"hasMerchantReturnPolicy\":{\"@type\":\"MerchantReturnPolicy\",\"merchantReturnLink\":\"https:\\\/\\\/www.lifenatura.com\\\/termos-condicoes-lifenatura\\\/\"}}]}<\/script>\n<meta property=\"product:price:amount\" content=\"73.26\" \/>\n<meta property=\"product:price:currency\" content=\"EUR\" \/>\n<meta property=\"og:availability\" content=\"instock\" \/>\n<meta property=\"product:availability\" content=\"instock\" \/>\n<meta property=\"product:retailer_item_id\" content=\"56016530137966\" \/>\n<meta property=\"product:condition\" content=\"new\" \/>\n<!-- \/ Yoast SEO Premium plugin. -->","yoast_head_json":{"title":"Lucidus Neuro ampolas Lleve 3 Pague 2","description":"Lucidus Neuro es la elecci\u00f3n ideal para aquellos que buscan maximizar su capacidad mental y alcanzar un rendimiento cognitivo superior. Ahora Lleve 3 Pago 2","robots":{"index":"index","follow":"follow","max-snippet":"max-snippet:-1","max-image-preview":"max-image-preview:large","max-video-preview":"max-video-preview:-1"},"canonical":"https:\/\/www.lifenatura.com\/es\/produto\/lucidus-neuro-30-ampolas-lleve-3-pague-2\/","og_locale":"es_ES","og_type":"article","og_title":"Lucidus Neuro 30 ampolas Lleve 3 Pague 2 - Na Lifenatura ao Melhor Pre\u00e7o | Envio 48h","og_description":"Compre Lucidus Neuro 30 ampolas Lleve 3 Pague 2 com envio r\u00e1pido. Entrega em 48h e portes gr\u00e1tis em compras >35\u20ac. Aproveite j\u00e1 na Lifenatura","og_url":"https:\/\/www.lifenatura.com\/es\/produto\/lucidus-neuro-30-ampolas-lleve-3-pague-2\/","og_site_name":"Lifenatura","article_publisher":"https:\/\/www.facebook.com\/lifenatura","article_modified_time":"2026-03-12T11:22:41+00:00","og_image":[{"width":1000,"height":1000,"url":"https:\/\/www.lifenatura.com\/wp-content\/uploads\/2021\/09\/gd_lucidus_neuro_pack3_farmodietica.jpg","type":"image\/jpeg"}],"twitter_card":"summary_large_image","twitter_misc":{"Precio":"73,26&nbsp;&euro;","Disponibilidad":"Disponible"},"schema":{"@context":"https:\/\/schema.org","@graph":[{"@type":"WebPage","@id":"https:\/\/www.lifenatura.com\/es\/produto\/lucidus-neuro-30-ampolas-lleve-3-pague-2\/","url":"https:\/\/www.lifenatura.com\/es\/produto\/lucidus-neuro-30-ampolas-lleve-3-pague-2\/","name":"Lucidus Neuro ampolas Lleve 3 Pague 2","isPartOf":{"@id":"https:\/\/www.lifenatura.com\/es\/#website"},"primaryImageOfPage":{"@id":"https:\/\/www.lifenatura.com\/es\/produto\/lucidus-neuro-30-ampolas-lleve-3-pague-2\/#primaryimage"},"image":{"@id":"https:\/\/www.lifenatura.com\/es\/produto\/lucidus-neuro-30-ampolas-lleve-3-pague-2\/#primaryimage"},"thumbnailUrl":"https:\/\/www.lifenatura.com\/wp-content\/uploads\/2021\/09\/gd_lucidus_neuro_pack3_farmodietica.jpg","datePublished":"2021-09-30T10:20:33+00:00","dateModified":"2026-03-12T11:22:41+00:00","description":"Lucidus Neuro es la elecci\u00f3n ideal para aquellos que buscan maximizar su capacidad mental y alcanzar un rendimiento cognitivo superior. Ahora Lleve 3 Pago 2","breadcrumb":{"@id":"https:\/\/www.lifenatura.com\/es\/produto\/lucidus-neuro-30-ampolas-lleve-3-pague-2\/#breadcrumb"},"inLanguage":"es","potentialAction":[{"@type":"ReadAction","target":["https:\/\/www.lifenatura.com\/es\/produto\/lucidus-neuro-30-ampolas-lleve-3-pague-2\/"]}]},{"@type":"ImageObject","inLanguage":"es","@id":"https:\/\/www.lifenatura.com\/es\/produto\/lucidus-neuro-30-ampolas-lleve-3-pague-2\/#primaryimage","url":"https:\/\/www.lifenatura.com\/wp-content\/uploads\/2021\/09\/gd_lucidus_neuro_pack3_farmodietica.jpg","contentUrl":"https:\/\/www.lifenatura.com\/wp-content\/uploads\/2021\/09\/gd_lucidus_neuro_pack3_farmodietica.jpg","width":1000,"height":1000,"caption":"Lucidus Neuro 30 ampolas Lleve 3 Pague 2"},{"@type":"BreadcrumbList","@id":"https:\/\/www.lifenatura.com\/es\/produto\/lucidus-neuro-30-ampolas-lleve-3-pague-2\/#breadcrumb","itemListElement":[{"@type":"ListItem","position":1,"name":"In\u00edcio","item":"https:\/\/www.lifenatura.com\/es\/"},{"@type":"ListItem","position":2,"name":"Todos los Productos","item":"https:\/\/www.lifenatura.com\/es\/tienda\/"},{"@type":"ListItem","position":3,"name":"Lucidus Neuro 30 ampolas Lleve 3 Pague 2"}]},{"@type":"WebSite","@id":"https:\/\/www.lifenatura.com\/es\/#website","url":"https:\/\/www.lifenatura.com\/es\/","name":"Lifenatura","description":"A Lifenatura \u00e9 uma loja de produtos naturais, cosm\u00e9tica natural e alimenta\u00e7\u00e3o Biol\u00f3gica.","publisher":{"@id":"https:\/\/www.lifenatura.com\/es\/#organization"},"potentialAction":[{"@type":"SearchAction","target":{"@type":"EntryPoint","urlTemplate":"https:\/\/www.lifenatura.com\/es\/?s={search_term_string}"},"query-input":{"@type":"PropertyValueSpecification","valueRequired":true,"valueName":"search_term_string"}}],"inLanguage":"es"},{"@type":"Organization","@id":"https:\/\/www.lifenatura.com\/es\/#organization","name":"Lifenatura","url":"https:\/\/www.lifenatura.com\/es\/","logo":{"@type":"ImageObject","inLanguage":"es","@id":"https:\/\/www.lifenatura.com\/es\/#\/schema\/logo\/image\/","url":"https:\/\/www.lifenatura.com\/wp-content\/uploads\/2021\/07\/logo.png","contentUrl":"https:\/\/www.lifenatura.com\/wp-content\/uploads\/2021\/07\/logo.png","width":175,"height":55,"caption":"Lifenatura"},"image":{"@id":"https:\/\/www.lifenatura.com\/es\/#\/schema\/logo\/image\/"},"sameAs":["https:\/\/www.facebook.com\/lifenatura","https:\/\/www.instagram.com\/lifenaturapt\/"],"hasMerchantReturnPolicy":{"@type":"MerchantReturnPolicy","merchantReturnLink":"https:\/\/www.lifenatura.com\/termos-condicoes-lifenatura\/"}}]},"product_price_amount":"73.26","product_price_currency":"EUR","og_availability":"instock","product_availability":"instock","product_retailer_item_id":"56016530137966","product_condition":"new"},"df_price":73.26,"df_sale_price":67.17,"df_regular_price":143.67000000000002,"df_image_link":"https:\/\/www.lifenatura.com\/wp-content\/uploads\/2021\/09\/gd_lucidus_neuro_pack3_farmodietica-300x300.jpg","_links":{"self":[{"href":"https:\/\/www.lifenatura.com\/es\/wp-json\/wp\/v2\/product\/39262","targetHints":{"allow":["GET"]}}],"collection":[{"href":"https:\/\/www.lifenatura.com\/es\/wp-json\/wp\/v2\/product"}],"about":[{"href":"https:\/\/www.lifenatura.com\/es\/wp-json\/wp\/v2\/types\/product"}],"wp:featuredmedia":[{"embeddable":true,"href":"https:\/\/www.lifenatura.com\/es\/wp-json\/wp\/v2\/media\/20635"}],"wp:attachment":[{"href":"https:\/\/www.lifenatura.com\/es\/wp-json\/wp\/v2\/media?parent=39262"}],"wp:term":[{"taxonomy":"product_brand","embeddable":true,"href":"https:\/\/www.lifenatura.com\/es\/wp-json\/wp\/v2\/product_brand?post=39262"},{"taxonomy":"product_cat","embeddable":true,"href":"https:\/\/www.lifenatura.com\/es\/wp-json\/wp\/v2\/product_cat?post=39262"},{"taxonomy":"product_tag","embeddable":true,"href":"https:\/\/www.lifenatura.com\/es\/wp-json\/wp\/v2\/product_tag?post=39262"}],"curies":[{"name":"wp","href":"https:\/\/api.w.org\/{rel}","templated":true}]}}