{"id":39258,"date":"2021-09-30T10:20:12","date_gmt":"2021-09-30T10:20:12","guid":{"rendered":"https:\/\/lifenatura.dev.agenciagetdigital.com\/produto\/lucidus-essencial-lleve-3-pague-2-farmodietica\/"},"modified":"2026-03-12T11:21:52","modified_gmt":"2026-03-12T11:21:52","slug":"lucidus-essencial-lleve-3-pague-2-farmodietica","status":"publish","type":"product","link":"https:\/\/www.lifenatura.com\/es\/produto\/lucidus-essencial-lleve-3-pague-2-farmodietica\/","title":{"rendered":"Lucidus Essencial Lleve 3 Pague 2 &#8211; Farmodietica"},"content":{"rendered":"<h2><strong>Lucidus Essential indicado para aumentar la Concentraci\u00f3n y la Memoria<\/strong><\/h2>\n<p>&nbsp;<\/p>\n<p>Lucidus Essential es una elecci\u00f3n fiable para quienes desean optimizar su funci\u00f3n mental y disfrutar de una mente aguda y concentrada. Con su f\u00f3rmula avanzada, sus ingredientes naturales y sus beneficios demostrados, este suplemento cognitivo ofrece un apoyo vital para una funci\u00f3n cerebral sana y un rendimiento mental optimizado.<\/p>\n<p><strong>Los 3 beneficios principales<\/strong><\/p>\n<ul>\n<li><strong>Mejora de la memoria:<\/strong> Essential Lucidus contiene ingredientes que pueden ayudar a mejorar la memoria, la retenci\u00f3n de informaci\u00f3n y la capacidad de recordar, proporcionando un apoyo vital para optimizar el rendimiento cognitivo.<\/li>\n<li><strong>Mayor enfoque y concentraci\u00f3n<\/strong>: Su f\u00f3rmula avanzada est\u00e1 dise\u00f1ada para aumentar el enfoque, la atenci\u00f3n y la concentraci\u00f3n, permiti\u00e9ndole mantenerse alerta y productivo durante todo el d\u00eda.<\/li>\n<li><strong>Claridad Mental:<\/strong> Los nutrientes y compuestos presentes en Lucidus Esencial pueden ayudar a promover la claridad mental, reduciendo la niebla cerebral y mejorando el razonamiento y la capacidad de resoluci\u00f3n de problemas.<\/li>\n<\/ul>\n<p>Tiene una composici\u00f3n de ingredientes activos que act\u00faan sin\u00e9rgicamente para optimizar la funci\u00f3n cerebral y las capacidades intelectuales, lo que resulta en un aumento de la concentraci\u00f3n, la memoria y la resistencia a la fatiga intelectual.<\/p>\n<p><strong>PRESENTACI\u00d3N<\/strong><\/p>\n<p>30 comprimidos x 3<\/p>\n<p>&nbsp;<\/p>\n","protected":false},"excerpt":{"rendered":"<p>Lucidus Essential ahora en envase Take 3 Pay 2 y rico en extractos de hierbas, vitaminas y minerales conocidos por sus efectos sobre la funci\u00f3n cognitiva. [&#8230;]<\/p>\n<p><a class=\"btn btn-secondary understrap-read-more-link\" href=\"https:\/\/www.lifenatura.com\/es\/produto\/lucidus-essencial-lleve-3-pague-2-farmodietica\/\">Leer m\u00e1s&#8230;<span class=\"screen-reader-text\"> from Lucidus Essencial Lleve 3 Pague 2 &#8211; Farmodietica<\/span><\/a><\/p>\n","protected":false},"featured_media":20631,"template":"","meta":{"_acf_changed":false},"product_brand":[8447],"product_cat":[7223,7276,7263,7179],"product_tag":[],"class_list":{"0":"post-39258","1":"product","2":"type-product","3":"status-publish","4":"has-post-thumbnail","6":"product_brand-lucidus","7":"product_cat-concentracion-memoria-salud","8":"product_cat-lleve-3-pago-2","9":"product_cat-packs-de-salud","10":"product_cat-salud","12":"first","13":"instock","14":"sale","15":"shipping-taxable","16":"purchasable","17":"product-type-woosb","18":"add-to-wishlist-before_image"},"acf":[],"yoast_head":"<!-- This site is optimized with the Yoast SEO Premium plugin v27.1 (Yoast SEO v27.5) - https:\/\/yoast.com\/product\/yoast-seo-premium-wordpress\/ -->\n<title>Lucidus Essencial Lleve 3 Pago 2 - Lifenatura<\/title>\n<meta name=\"description\" content=\"Lucidus Essential ahora en envase Take 3 Pay 2 y rico en extractos de hierbas, vitaminas y minerales conocidos por sus efectos sobre la funci\u00f3n cognitiva.\" \/>\n<meta name=\"robots\" content=\"index, follow, max-snippet:-1, max-image-preview:large, max-video-preview:-1\" \/>\n<link rel=\"canonical\" href=\"https:\/\/www.lifenatura.com\/es\/produto\/lucidus-essencial-lleve-3-pague-2-farmodietica\/\" \/>\n<meta property=\"og:locale\" content=\"es_ES\" \/>\n<meta property=\"og:type\" content=\"article\" \/>\n<meta property=\"og:title\" content=\"Lucidus Essencial Lleve 3 Pague 2 - Farmodietica - Na Lifenatura ao Melhor Pre\u00e7o | Envio 48h\" \/>\n<meta property=\"og:description\" content=\"Compre Lucidus Essencial Lleve 3 Pague 2 - Farmodietica com envio r\u00e1pido. Entrega em 48h e portes gr\u00e1tis em compras &gt;35\u20ac. Aproveite j\u00e1 na Lifenatura\" \/>\n<meta property=\"og:url\" content=\"https:\/\/www.lifenatura.com\/es\/produto\/lucidus-essencial-lleve-3-pague-2-farmodietica\/\" \/>\n<meta property=\"og:site_name\" content=\"Lifenatura\" \/>\n<meta property=\"article:publisher\" content=\"https:\/\/www.facebook.com\/lifenatura\" \/>\n<meta property=\"article:modified_time\" content=\"2026-03-12T11:21:52+00:00\" \/>\n<meta property=\"og:image\" content=\"https:\/\/www.lifenatura.com\/wp-content\/uploads\/2021\/09\/gd_lucidus_essencial_pack3_farmodietica.jpg\" \/>\n\t<meta property=\"og:image:width\" content=\"1000\" \/>\n\t<meta property=\"og:image:height\" content=\"1000\" \/>\n\t<meta property=\"og:image:type\" content=\"image\/jpeg\" \/>\n<meta name=\"twitter:card\" content=\"summary_large_image\" \/>\n<meta name=\"twitter:label1\" content=\"Precio\" \/>\n\t<meta name=\"twitter:data1\" content=\"46,61&nbsp;&euro;\" \/>\n\t<meta name=\"twitter:label2\" content=\"Disponibilidad\" \/>\n\t<meta name=\"twitter:data2\" content=\"Disponible\" \/>\n<script type=\"application\/ld+json\" class=\"yoast-schema-graph\">{\"@context\":\"https:\\\/\\\/schema.org\",\"@graph\":[{\"@type\":\"WebPage\",\"@id\":\"https:\\\/\\\/www.lifenatura.com\\\/es\\\/produto\\\/lucidus-essencial-lleve-3-pague-2-farmodietica\\\/\",\"url\":\"https:\\\/\\\/www.lifenatura.com\\\/es\\\/produto\\\/lucidus-essencial-lleve-3-pague-2-farmodietica\\\/\",\"name\":\"Lucidus Essencial Lleve 3 Pago 2 - Lifenatura\",\"isPartOf\":{\"@id\":\"https:\\\/\\\/www.lifenatura.com\\\/es\\\/#website\"},\"primaryImageOfPage\":{\"@id\":\"https:\\\/\\\/www.lifenatura.com\\\/es\\\/produto\\\/lucidus-essencial-lleve-3-pague-2-farmodietica\\\/#primaryimage\"},\"image\":{\"@id\":\"https:\\\/\\\/www.lifenatura.com\\\/es\\\/produto\\\/lucidus-essencial-lleve-3-pague-2-farmodietica\\\/#primaryimage\"},\"thumbnailUrl\":\"https:\\\/\\\/www.lifenatura.com\\\/wp-content\\\/uploads\\\/2021\\\/09\\\/gd_lucidus_essencial_pack3_farmodietica.jpg\",\"datePublished\":\"2021-09-30T10:20:12+00:00\",\"dateModified\":\"2026-03-12T11:21:52+00:00\",\"description\":\"Lucidus Essential ahora en envase Take 3 Pay 2 y rico en extractos de hierbas, vitaminas y minerales conocidos por sus efectos sobre la funci\u00f3n cognitiva.\",\"breadcrumb\":{\"@id\":\"https:\\\/\\\/www.lifenatura.com\\\/es\\\/produto\\\/lucidus-essencial-lleve-3-pague-2-farmodietica\\\/#breadcrumb\"},\"inLanguage\":\"es\",\"potentialAction\":[{\"@type\":\"ReadAction\",\"target\":[\"https:\\\/\\\/www.lifenatura.com\\\/es\\\/produto\\\/lucidus-essencial-lleve-3-pague-2-farmodietica\\\/\"]}]},{\"@type\":\"ImageObject\",\"inLanguage\":\"es\",\"@id\":\"https:\\\/\\\/www.lifenatura.com\\\/es\\\/produto\\\/lucidus-essencial-lleve-3-pague-2-farmodietica\\\/#primaryimage\",\"url\":\"https:\\\/\\\/www.lifenatura.com\\\/wp-content\\\/uploads\\\/2021\\\/09\\\/gd_lucidus_essencial_pack3_farmodietica.jpg\",\"contentUrl\":\"https:\\\/\\\/www.lifenatura.com\\\/wp-content\\\/uploads\\\/2021\\\/09\\\/gd_lucidus_essencial_pack3_farmodietica.jpg\",\"width\":1000,\"height\":1000,\"caption\":\"Lucidus Essencial Lleve 3 Pague 2 - Farmodietica\"},{\"@type\":\"BreadcrumbList\",\"@id\":\"https:\\\/\\\/www.lifenatura.com\\\/es\\\/produto\\\/lucidus-essencial-lleve-3-pague-2-farmodietica\\\/#breadcrumb\",\"itemListElement\":[{\"@type\":\"ListItem\",\"position\":1,\"name\":\"In\u00edcio\",\"item\":\"https:\\\/\\\/www.lifenatura.com\\\/es\\\/\"},{\"@type\":\"ListItem\",\"position\":2,\"name\":\"Todos los Productos\",\"item\":\"https:\\\/\\\/www.lifenatura.com\\\/es\\\/tienda\\\/\"},{\"@type\":\"ListItem\",\"position\":3,\"name\":\"Lucidus Essencial Lleve 3 Pague 2 &#8211; Farmodietica\"}]},{\"@type\":\"WebSite\",\"@id\":\"https:\\\/\\\/www.lifenatura.com\\\/es\\\/#website\",\"url\":\"https:\\\/\\\/www.lifenatura.com\\\/es\\\/\",\"name\":\"Lifenatura\",\"description\":\"A Lifenatura \u00e9 uma loja de produtos naturais, cosm\u00e9tica natural e alimenta\u00e7\u00e3o Biol\u00f3gica.\",\"publisher\":{\"@id\":\"https:\\\/\\\/www.lifenatura.com\\\/es\\\/#organization\"},\"potentialAction\":[{\"@type\":\"SearchAction\",\"target\":{\"@type\":\"EntryPoint\",\"urlTemplate\":\"https:\\\/\\\/www.lifenatura.com\\\/es\\\/?s={search_term_string}\"},\"query-input\":{\"@type\":\"PropertyValueSpecification\",\"valueRequired\":true,\"valueName\":\"search_term_string\"}}],\"inLanguage\":\"es\"},{\"@type\":\"Organization\",\"@id\":\"https:\\\/\\\/www.lifenatura.com\\\/es\\\/#organization\",\"name\":\"Lifenatura\",\"url\":\"https:\\\/\\\/www.lifenatura.com\\\/es\\\/\",\"logo\":{\"@type\":\"ImageObject\",\"inLanguage\":\"es\",\"@id\":\"https:\\\/\\\/www.lifenatura.com\\\/es\\\/#\\\/schema\\\/logo\\\/image\\\/\",\"url\":\"https:\\\/\\\/www.lifenatura.com\\\/wp-content\\\/uploads\\\/2021\\\/07\\\/logo.png\",\"contentUrl\":\"https:\\\/\\\/www.lifenatura.com\\\/wp-content\\\/uploads\\\/2021\\\/07\\\/logo.png\",\"width\":175,\"height\":55,\"caption\":\"Lifenatura\"},\"image\":{\"@id\":\"https:\\\/\\\/www.lifenatura.com\\\/es\\\/#\\\/schema\\\/logo\\\/image\\\/\"},\"sameAs\":[\"https:\\\/\\\/www.facebook.com\\\/lifenatura\",\"https:\\\/\\\/www.instagram.com\\\/lifenaturapt\\\/\"],\"hasMerchantReturnPolicy\":{\"@type\":\"MerchantReturnPolicy\",\"merchantReturnLink\":\"https:\\\/\\\/www.lifenatura.com\\\/termos-condicoes-lifenatura\\\/\"}}]}<\/script>\n<meta property=\"product:price:amount\" content=\"46.61\" \/>\n<meta property=\"product:price:currency\" content=\"EUR\" \/>\n<meta property=\"og:availability\" content=\"instock\" \/>\n<meta property=\"product:availability\" content=\"instock\" \/>\n<meta property=\"product:retailer_item_id\" content=\"56016530081366\" \/>\n<meta property=\"product:condition\" content=\"new\" \/>\n<!-- \/ Yoast SEO Premium plugin. -->","yoast_head_json":{"title":"Lucidus Essencial Lleve 3 Pago 2 - Lifenatura","description":"Lucidus Essential ahora en envase Take 3 Pay 2 y rico en extractos de hierbas, vitaminas y minerales conocidos por sus efectos sobre la funci\u00f3n cognitiva.","robots":{"index":"index","follow":"follow","max-snippet":"max-snippet:-1","max-image-preview":"max-image-preview:large","max-video-preview":"max-video-preview:-1"},"canonical":"https:\/\/www.lifenatura.com\/es\/produto\/lucidus-essencial-lleve-3-pague-2-farmodietica\/","og_locale":"es_ES","og_type":"article","og_title":"Lucidus Essencial Lleve 3 Pague 2 - Farmodietica - Na Lifenatura ao Melhor Pre\u00e7o | Envio 48h","og_description":"Compre Lucidus Essencial Lleve 3 Pague 2 - Farmodietica com envio r\u00e1pido. Entrega em 48h e portes gr\u00e1tis em compras >35\u20ac. Aproveite j\u00e1 na Lifenatura","og_url":"https:\/\/www.lifenatura.com\/es\/produto\/lucidus-essencial-lleve-3-pague-2-farmodietica\/","og_site_name":"Lifenatura","article_publisher":"https:\/\/www.facebook.com\/lifenatura","article_modified_time":"2026-03-12T11:21:52+00:00","og_image":[{"width":1000,"height":1000,"url":"https:\/\/www.lifenatura.com\/wp-content\/uploads\/2021\/09\/gd_lucidus_essencial_pack3_farmodietica.jpg","type":"image\/jpeg"}],"twitter_card":"summary_large_image","twitter_misc":{"Precio":"46,61&nbsp;&euro;","Disponibilidad":"Disponible"},"schema":{"@context":"https:\/\/schema.org","@graph":[{"@type":"WebPage","@id":"https:\/\/www.lifenatura.com\/es\/produto\/lucidus-essencial-lleve-3-pague-2-farmodietica\/","url":"https:\/\/www.lifenatura.com\/es\/produto\/lucidus-essencial-lleve-3-pague-2-farmodietica\/","name":"Lucidus Essencial Lleve 3 Pago 2 - Lifenatura","isPartOf":{"@id":"https:\/\/www.lifenatura.com\/es\/#website"},"primaryImageOfPage":{"@id":"https:\/\/www.lifenatura.com\/es\/produto\/lucidus-essencial-lleve-3-pague-2-farmodietica\/#primaryimage"},"image":{"@id":"https:\/\/www.lifenatura.com\/es\/produto\/lucidus-essencial-lleve-3-pague-2-farmodietica\/#primaryimage"},"thumbnailUrl":"https:\/\/www.lifenatura.com\/wp-content\/uploads\/2021\/09\/gd_lucidus_essencial_pack3_farmodietica.jpg","datePublished":"2021-09-30T10:20:12+00:00","dateModified":"2026-03-12T11:21:52+00:00","description":"Lucidus Essential ahora en envase Take 3 Pay 2 y rico en extractos de hierbas, vitaminas y minerales conocidos por sus efectos sobre la funci\u00f3n cognitiva.","breadcrumb":{"@id":"https:\/\/www.lifenatura.com\/es\/produto\/lucidus-essencial-lleve-3-pague-2-farmodietica\/#breadcrumb"},"inLanguage":"es","potentialAction":[{"@type":"ReadAction","target":["https:\/\/www.lifenatura.com\/es\/produto\/lucidus-essencial-lleve-3-pague-2-farmodietica\/"]}]},{"@type":"ImageObject","inLanguage":"es","@id":"https:\/\/www.lifenatura.com\/es\/produto\/lucidus-essencial-lleve-3-pague-2-farmodietica\/#primaryimage","url":"https:\/\/www.lifenatura.com\/wp-content\/uploads\/2021\/09\/gd_lucidus_essencial_pack3_farmodietica.jpg","contentUrl":"https:\/\/www.lifenatura.com\/wp-content\/uploads\/2021\/09\/gd_lucidus_essencial_pack3_farmodietica.jpg","width":1000,"height":1000,"caption":"Lucidus Essencial Lleve 3 Pague 2 - Farmodietica"},{"@type":"BreadcrumbList","@id":"https:\/\/www.lifenatura.com\/es\/produto\/lucidus-essencial-lleve-3-pague-2-farmodietica\/#breadcrumb","itemListElement":[{"@type":"ListItem","position":1,"name":"In\u00edcio","item":"https:\/\/www.lifenatura.com\/es\/"},{"@type":"ListItem","position":2,"name":"Todos los Productos","item":"https:\/\/www.lifenatura.com\/es\/tienda\/"},{"@type":"ListItem","position":3,"name":"Lucidus Essencial Lleve 3 Pague 2 &#8211; Farmodietica"}]},{"@type":"WebSite","@id":"https:\/\/www.lifenatura.com\/es\/#website","url":"https:\/\/www.lifenatura.com\/es\/","name":"Lifenatura","description":"A Lifenatura \u00e9 uma loja de produtos naturais, cosm\u00e9tica natural e alimenta\u00e7\u00e3o Biol\u00f3gica.","publisher":{"@id":"https:\/\/www.lifenatura.com\/es\/#organization"},"potentialAction":[{"@type":"SearchAction","target":{"@type":"EntryPoint","urlTemplate":"https:\/\/www.lifenatura.com\/es\/?s={search_term_string}"},"query-input":{"@type":"PropertyValueSpecification","valueRequired":true,"valueName":"search_term_string"}}],"inLanguage":"es"},{"@type":"Organization","@id":"https:\/\/www.lifenatura.com\/es\/#organization","name":"Lifenatura","url":"https:\/\/www.lifenatura.com\/es\/","logo":{"@type":"ImageObject","inLanguage":"es","@id":"https:\/\/www.lifenatura.com\/es\/#\/schema\/logo\/image\/","url":"https:\/\/www.lifenatura.com\/wp-content\/uploads\/2021\/07\/logo.png","contentUrl":"https:\/\/www.lifenatura.com\/wp-content\/uploads\/2021\/07\/logo.png","width":175,"height":55,"caption":"Lifenatura"},"image":{"@id":"https:\/\/www.lifenatura.com\/es\/#\/schema\/logo\/image\/"},"sameAs":["https:\/\/www.facebook.com\/lifenatura","https:\/\/www.instagram.com\/lifenaturapt\/"],"hasMerchantReturnPolicy":{"@type":"MerchantReturnPolicy","merchantReturnLink":"https:\/\/www.lifenatura.com\/termos-condicoes-lifenatura\/"}}]},"product_price_amount":"46.61","product_price_currency":"EUR","og_availability":"instock","product_availability":"instock","product_retailer_item_id":"56016530081366","product_condition":"new"},"df_price":46.61,"df_sale_price":42.74,"df_regular_price":91.41,"df_image_link":"https:\/\/www.lifenatura.com\/wp-content\/uploads\/2021\/09\/gd_lucidus_essencial_pack3_farmodietica-300x300.jpg","_links":{"self":[{"href":"https:\/\/www.lifenatura.com\/es\/wp-json\/wp\/v2\/product\/39258","targetHints":{"allow":["GET"]}}],"collection":[{"href":"https:\/\/www.lifenatura.com\/es\/wp-json\/wp\/v2\/product"}],"about":[{"href":"https:\/\/www.lifenatura.com\/es\/wp-json\/wp\/v2\/types\/product"}],"wp:featuredmedia":[{"embeddable":true,"href":"https:\/\/www.lifenatura.com\/es\/wp-json\/wp\/v2\/media\/20631"}],"wp:attachment":[{"href":"https:\/\/www.lifenatura.com\/es\/wp-json\/wp\/v2\/media?parent=39258"}],"wp:term":[{"taxonomy":"product_brand","embeddable":true,"href":"https:\/\/www.lifenatura.com\/es\/wp-json\/wp\/v2\/product_brand?post=39258"},{"taxonomy":"product_cat","embeddable":true,"href":"https:\/\/www.lifenatura.com\/es\/wp-json\/wp\/v2\/product_cat?post=39258"},{"taxonomy":"product_tag","embeddable":true,"href":"https:\/\/www.lifenatura.com\/es\/wp-json\/wp\/v2\/product_tag?post=39258"}],"curies":[{"name":"wp","href":"https:\/\/api.w.org\/{rel}","templated":true}]}}