{"id":39256,"date":"2021-09-30T10:20:12","date_gmt":"2021-09-30T10:20:12","guid":{"rendered":"https:\/\/lifenatura.dev.agenciagetdigital.com\/produto\/lucidus-essencial-30-capsulas\/"},"modified":"2025-02-02T00:03:00","modified_gmt":"2025-02-02T00:03:00","slug":"lucidus-essencial-30-capsulas","status":"publish","type":"product","link":"https:\/\/www.lifenatura.com\/es\/produto\/lucidus-essencial-30-capsulas\/","title":{"rendered":"Lucidus Essencial 30 c\u00e1psulas"},"content":{"rendered":"<h2><strong>Lucidus Essential aumenta la Concentraci\u00f3n y la Memoria<\/strong><\/h2>\n<p>&nbsp;<\/p>\n<p>Lucidus Essential es un complemento alimenticio ideal para periodos de mayor exigencia intelectual, con una f\u00f3rmula especializada que contiene ingredientes activos como \u00c1cidos Grasos Omega 3 DHA y EPA, L-Arginina, amino\u00e1cidos, extracto seco de Bacopa Monniera, Vitamina PP, B6, B5, B2, B1, B12 y otros.<\/p>\n<p>Lucidus Essential es un suplemento cognitivo avanzado dise\u00f1ado para mejorar la funci\u00f3n mental, la claridad cognitiva y el rendimiento cerebral. Su f\u00f3rmula exclusiva combina una variedad de ingredientes naturales cuidadosamente seleccionados y conocidos por sus beneficios para el cerebro y la salud cognitiva.<\/p>\n<p>Dise\u00f1ado para personas que desean optimizar su enfoque, concentraci\u00f3n, memoria y rendimiento mental, Lucidus Essential proporciona un apoyo esencial para una mente clara y una funci\u00f3n cerebral saludable.<\/p>\n<p><strong>Los 3 beneficios principales:<\/strong><\/p>\n<ul>\n<li><strong>Mejora de la Memoria:<\/strong> Contiene ingredientes que pueden ayudar a mejorar la memoria, la retenci\u00f3n de informaci\u00f3n y la capacidad de recordar, proporcionando un apoyo vital para optimizar el rendimiento cognitivo.<\/li>\n<li><strong>Mayor enfoque y concentraci\u00f3n<\/strong>: Su avanzada f\u00f3rmula est\u00e1 dise\u00f1ada para aumentar el enfoque, la atenci\u00f3n y la concentraci\u00f3n, permiti\u00e9ndole mantenerse alerta y productivo durante todo el d\u00eda.<\/li>\n<li><strong>Claridad Mental:<\/strong> Los nutrientes y compuestos presentes en Lucidus Essential pueden ayudar a promover la claridad mental, reduciendo la niebla cerebral y mejorando el razonamiento y la capacidad de resoluci\u00f3n de problemas.<\/li>\n<\/ul>\n<p><strong>PRESENTACI\u00d3N<\/strong><\/p>\n<p>30 c\u00e1psulas.<\/p>\n<p>&nbsp;<\/p>\n","protected":false},"excerpt":{"rendered":"<p>Lucidus Essencial es un suplemento alimenticio ideal para per\u00edodos de mayor exigencia intelectual, con una f\u00f3rmula que contiene ingredientes activos. [&#8230;]<\/p>\n<p><a class=\"btn btn-secondary understrap-read-more-link\" href=\"https:\/\/www.lifenatura.com\/es\/produto\/lucidus-essencial-30-capsulas\/\">Leer m\u00e1s&#8230;<span class=\"screen-reader-text\"> from Lucidus Essencial 30 c\u00e1psulas<\/span><\/a><\/p>\n","protected":false},"featured_media":131407,"template":"","meta":{"_acf_changed":false},"product_brand":[8447],"product_cat":[7223,7179],"product_tag":[8699],"class_list":{"0":"post-39256","1":"product","2":"type-product","3":"status-publish","4":"has-post-thumbnail","6":"product_brand-lucidus","7":"product_cat-concentracion-memoria-salud","8":"product_cat-salud","9":"product_tag-farmodietica","11":"first","12":"instock","13":"sale","14":"featured","15":"shipping-taxable","16":"purchasable","17":"product-type-simple","18":"add-to-wishlist-before_image"},"acf":[],"yoast_head":"<!-- This site is optimized with the Yoast SEO Premium plugin v27.1 (Yoast SEO v27.3) - https:\/\/yoast.com\/product\/yoast-seo-premium-wordpress\/ -->\n<title>Lucidus Essencial 30 c\u00e1psulas - Lifenatura<\/title>\n<meta name=\"description\" content=\"Lucidus Essencial es un suplemento alimenticio ideal para per\u00edodos de mayor exigencia intelectual, con una f\u00f3rmula que contiene ingredientes activos.\" \/>\n<meta name=\"robots\" content=\"index, follow, max-snippet:-1, max-image-preview:large, max-video-preview:-1\" \/>\n<link rel=\"canonical\" href=\"https:\/\/www.lifenatura.com\/es\/produto\/lucidus-essencial-30-capsulas\/\" \/>\n<meta property=\"og:locale\" content=\"es_ES\" \/>\n<meta property=\"og:type\" content=\"article\" \/>\n<meta property=\"og:title\" content=\"Lucidus Essencial 30 c\u00e1psulas - Lifenatura\" \/>\n<meta property=\"og:description\" content=\"Compre aqui o seu Lucidus Essencial 30 c\u00e1psulas e a Lifenatura Online envia em 48 H com Portes Gratis &gt;35\u20ac de Pedido.\" \/>\n<meta property=\"og:url\" content=\"https:\/\/www.lifenatura.com\/es\/produto\/lucidus-essencial-30-capsulas\/\" \/>\n<meta property=\"og:site_name\" content=\"Lifenatura\" \/>\n<meta property=\"article:publisher\" content=\"https:\/\/www.facebook.com\/lifenatura\" \/>\n<meta property=\"article:modified_time\" content=\"2025-02-02T00:03:00+00:00\" \/>\n<meta property=\"og:image\" content=\"https:\/\/www.lifenatura.com\/wp-content\/uploads\/2021\/09\/gd_lucidus-esssencial-30-capsulas.jpg\" \/>\n\t<meta property=\"og:image:width\" content=\"1000\" \/>\n\t<meta property=\"og:image:height\" content=\"1000\" \/>\n\t<meta property=\"og:image:type\" content=\"image\/jpeg\" \/>\n<meta name=\"twitter:card\" content=\"summary_large_image\" \/>\n<meta name=\"twitter:label1\" content=\"Precio\" \/>\n\t<meta name=\"twitter:data1\" content=\"16,76&nbsp;&euro;\" \/>\n\t<meta name=\"twitter:label2\" content=\"Disponibilidad\" \/>\n\t<meta name=\"twitter:data2\" content=\"Disponible\" \/>\n<meta property=\"product:price:amount\" content=\"16.76\" \/>\n<meta property=\"product:price:currency\" content=\"EUR\" \/>\n<meta property=\"og:availability\" content=\"instock\" \/>\n<meta property=\"product:availability\" content=\"instock\" \/>\n<meta property=\"product:retailer_item_id\" content=\"5601653008136\" \/>\n<meta property=\"product:condition\" content=\"new\" \/>\n<!-- \/ Yoast SEO Premium plugin. -->","yoast_head_json":{"title":"Lucidus Essencial 30 c\u00e1psulas - Lifenatura","description":"Lucidus Essencial es un suplemento alimenticio ideal para per\u00edodos de mayor exigencia intelectual, con una f\u00f3rmula que contiene ingredientes activos.","robots":{"index":"index","follow":"follow","max-snippet":"max-snippet:-1","max-image-preview":"max-image-preview:large","max-video-preview":"max-video-preview:-1"},"canonical":"https:\/\/www.lifenatura.com\/es\/produto\/lucidus-essencial-30-capsulas\/","og_locale":"es_ES","og_type":"article","og_title":"Lucidus Essencial 30 c\u00e1psulas - Lifenatura","og_description":"Compre aqui o seu Lucidus Essencial 30 c\u00e1psulas e a Lifenatura Online envia em 48 H com Portes Gratis >35\u20ac de Pedido.","og_url":"https:\/\/www.lifenatura.com\/es\/produto\/lucidus-essencial-30-capsulas\/","og_site_name":"Lifenatura","article_publisher":"https:\/\/www.facebook.com\/lifenatura","article_modified_time":"2025-02-02T00:03:00+00:00","og_image":[{"width":1000,"height":1000,"url":"https:\/\/www.lifenatura.com\/wp-content\/uploads\/2021\/09\/gd_lucidus-esssencial-30-capsulas.jpg","type":"image\/jpeg"}],"twitter_card":"summary_large_image","twitter_misc":{"Precio":"16,76&nbsp;&euro;","Disponibilidad":"Disponible"},"schema":{"@context":"https:\/\/schema.org","@graph":[{"@type":"WebPage","@id":"https:\/\/www.lifenatura.com\/es\/produto\/lucidus-essencial-30-capsulas\/","url":"https:\/\/www.lifenatura.com\/es\/produto\/lucidus-essencial-30-capsulas\/","name":"Lucidus Essencial 30 c\u00e1psulas - Lifenatura","isPartOf":{"@id":"https:\/\/www.lifenatura.com\/es\/#website"},"primaryImageOfPage":{"@id":"https:\/\/www.lifenatura.com\/es\/produto\/lucidus-essencial-30-capsulas\/#primaryimage"},"image":{"@id":"https:\/\/www.lifenatura.com\/es\/produto\/lucidus-essencial-30-capsulas\/#primaryimage"},"thumbnailUrl":"https:\/\/www.lifenatura.com\/wp-content\/uploads\/2026\/03\/3D-Lucidus-Esssencial.png","datePublished":"2021-09-30T10:20:12+00:00","dateModified":"2025-02-02T00:03:00+00:00","description":"Lucidus Essencial es un suplemento alimenticio ideal para per\u00edodos de mayor exigencia intelectual, con una f\u00f3rmula que contiene ingredientes activos.","breadcrumb":{"@id":"https:\/\/www.lifenatura.com\/es\/produto\/lucidus-essencial-30-capsulas\/#breadcrumb"},"inLanguage":"es","potentialAction":[{"@type":"ReadAction","target":["https:\/\/www.lifenatura.com\/es\/produto\/lucidus-essencial-30-capsulas\/"]}]},{"@type":"ImageObject","inLanguage":"es","@id":"https:\/\/www.lifenatura.com\/es\/produto\/lucidus-essencial-30-capsulas\/#primaryimage","url":"https:\/\/www.lifenatura.com\/wp-content\/uploads\/2026\/03\/3D-Lucidus-Esssencial.png","contentUrl":"https:\/\/www.lifenatura.com\/wp-content\/uploads\/2026\/03\/3D-Lucidus-Esssencial.png","width":2268,"height":2268},{"@type":"BreadcrumbList","@id":"https:\/\/www.lifenatura.com\/es\/produto\/lucidus-essencial-30-capsulas\/#breadcrumb","itemListElement":[{"@type":"ListItem","position":1,"name":"In\u00edcio","item":"https:\/\/www.lifenatura.com\/es\/"},{"@type":"ListItem","position":2,"name":"Todos los Productos","item":"https:\/\/www.lifenatura.com\/es\/tienda\/"},{"@type":"ListItem","position":3,"name":"Lucidus Essencial 30 c\u00e1psulas"}]},{"@type":"WebSite","@id":"https:\/\/www.lifenatura.com\/es\/#website","url":"https:\/\/www.lifenatura.com\/es\/","name":"Lifenatura","description":"A Lifenatura \u00e9 uma loja de produtos naturais, cosm\u00e9tica natural e alimenta\u00e7\u00e3o Biol\u00f3gica.","publisher":{"@id":"https:\/\/www.lifenatura.com\/es\/#organization"},"potentialAction":[{"@type":"SearchAction","target":{"@type":"EntryPoint","urlTemplate":"https:\/\/www.lifenatura.com\/es\/?s={search_term_string}"},"query-input":{"@type":"PropertyValueSpecification","valueRequired":true,"valueName":"search_term_string"}}],"inLanguage":"es"},{"@type":"Organization","@id":"https:\/\/www.lifenatura.com\/es\/#organization","name":"Lifenatura","url":"https:\/\/www.lifenatura.com\/es\/","logo":{"@type":"ImageObject","inLanguage":"es","@id":"https:\/\/www.lifenatura.com\/es\/#\/schema\/logo\/image\/","url":"https:\/\/www.lifenatura.com\/wp-content\/uploads\/2021\/11\/logo.png","contentUrl":"https:\/\/www.lifenatura.com\/wp-content\/uploads\/2021\/11\/logo.png","width":175,"height":55,"caption":"Lifenatura"},"image":{"@id":"https:\/\/www.lifenatura.com\/es\/#\/schema\/logo\/image\/"},"sameAs":["https:\/\/www.facebook.com\/lifenatura","https:\/\/www.instagram.com\/lifenaturapt\/"]}]},"product_price_amount":"16.76","product_price_currency":"EUR","og_availability":"instock","product_availability":"instock","product_retailer_item_id":"5601653008136","product_condition":"new"},"df_price":16.76,"df_sale_price":16.76,"df_regular_price":30.47,"df_image_link":"https:\/\/www.lifenatura.com\/wp-content\/uploads\/2026\/03\/3D-Lucidus-Esssencial-300x300.png","_links":{"self":[{"href":"https:\/\/www.lifenatura.com\/es\/wp-json\/wp\/v2\/product\/39256","targetHints":{"allow":["GET"]}}],"collection":[{"href":"https:\/\/www.lifenatura.com\/es\/wp-json\/wp\/v2\/product"}],"about":[{"href":"https:\/\/www.lifenatura.com\/es\/wp-json\/wp\/v2\/types\/product"}],"wp:featuredmedia":[{"embeddable":true,"href":"https:\/\/www.lifenatura.com\/es\/wp-json\/wp\/v2\/media\/131407"}],"wp:attachment":[{"href":"https:\/\/www.lifenatura.com\/es\/wp-json\/wp\/v2\/media?parent=39256"}],"wp:term":[{"taxonomy":"product_brand","embeddable":true,"href":"https:\/\/www.lifenatura.com\/es\/wp-json\/wp\/v2\/product_brand?post=39256"},{"taxonomy":"product_cat","embeddable":true,"href":"https:\/\/www.lifenatura.com\/es\/wp-json\/wp\/v2\/product_cat?post=39256"},{"taxonomy":"product_tag","embeddable":true,"href":"https:\/\/www.lifenatura.com\/es\/wp-json\/wp\/v2\/product_tag?post=39256"}],"curies":[{"name":"wp","href":"https:\/\/api.w.org\/{rel}","templated":true}]}}