{"id":39255,"date":"2021-09-30T10:20:12","date_gmt":"2021-09-30T10:20:12","guid":{"rendered":"https:\/\/lifenatura.dev.agenciagetdigital.com\/produto\/lucidus-omega-3-fusion-pack-30-ampollas-30-capsulas\/"},"modified":"2025-02-02T00:03:00","modified_gmt":"2025-02-02T00:03:00","slug":"lucidus-omega-3-fusion-pack-30-ampollas-30-capsulas","status":"publish","type":"product","link":"https:\/\/www.lifenatura.com\/es\/produto\/lucidus-omega-3-fusion-pack-30-ampollas-30-capsulas\/","title":{"rendered":"Lucidus Omega 3 &#8211; Fusion Pack &#8211; 30 Ampollas + 30 C\u00e1psulas"},"content":{"rendered":"<h2><strong>Lucidus Fusion Pack para aumentar la concentraci\u00f3n y la memoria<\/strong><\/h2>\n<p>&nbsp;<\/p>\n<p>Lucidus Omega 3 es un complemento alimenticio con una f\u00f3rmula completa que contiene Bacopa monniera, vitaminas del grupo B, amino\u00e1cidos, aspartato de arginina, magnesio, f\u00f3sforo y zinc, reforzado con un alto contenido en \u00e1cidos grasos omega 3.<\/p>\n<p>El Lucidus Fusion Pack es una soluci\u00f3n completa dise\u00f1ada para optimizar la funci\u00f3n cerebral y promover una mente sana y aguda. Este completo kit re\u00fane una selecci\u00f3n de suplementos cognitivos de alta calidad, cada uno de ellos formulado para proporcionar un apoyo espec\u00edfico a diferentes aspectos de la salud cerebral.<\/p>\n<p>El Lucidus Fusion Pack ha sido desarrollado para personas que desean maximizar su memoria, atenci\u00f3n, concentraci\u00f3n y claridad mental, y ofrece un enfoque hol\u00edstico para mejorar el rendimiento cognitivo y promover el bienestar cerebral.<\/p>\n<p><strong>Los 3 beneficios principales:<\/strong><\/p>\n<ul>\n<li><strong>Mejora de la Memoria y<\/strong> la Concentraci\u00f3n: Est\u00e1n dise\u00f1ados para mejorar la memoria, la concentraci\u00f3n y la claridad mental, permiti\u00e9ndole recordar mejor la informaci\u00f3n y concentrarse m\u00e1s f\u00e1cilmente en sus tareas.<\/li>\n<li><strong>Apoyo Integral al<\/strong> Cerebro: Cada componente ofrece un apoyo integral a la salud cerebral, promoviendo una funci\u00f3n cognitiva \u00f3ptima y protegiendo contra el deterioro cognitivo relacionado con la edad.<\/li>\n<li><strong>Equilibrio Hormonal:<\/strong> Ayuda a equilibrar las hormonas femeninas, promoviendo el bienestar emocional y f\u00edsico general.<\/li>\n<\/ul>\n<p><strong>PRESENTACI\u00d3N<\/strong><\/p>\n<p>30 Ampollas + 30 C\u00e1psulas.<\/p>\n<p>&nbsp;<\/p>\n","protected":false},"excerpt":{"rendered":"<p>Lucidus Omega-3 contribuye al bienestar, vitalidad, funci\u00f3n cognitiva y desempe\u00f1o mental diario., rico en Omega 3 y \u00e1cidos grasos. [&#8230;]<\/p>\n<p><a class=\"btn btn-secondary understrap-read-more-link\" href=\"https:\/\/www.lifenatura.com\/es\/produto\/lucidus-omega-3-fusion-pack-30-ampollas-30-capsulas\/\">Leer m\u00e1s&#8230;<span class=\"screen-reader-text\"> from Lucidus Omega 3 &#8211; Fusion Pack &#8211; 30 Ampollas + 30 C\u00e1psulas<\/span><\/a><\/p>\n","protected":false},"featured_media":131423,"template":"","meta":{"_acf_changed":false},"product_brand":[8447],"product_cat":[7223,7659,7740,7755,7179],"product_tag":[8699],"class_list":{"0":"post-39255","1":"product","2":"type-product","3":"status-publish","4":"has-post-thumbnail","6":"product_brand-lucidus","7":"product_cat-concentracion-memoria-salud","8":"product_cat-ingrediente-natural-bio","9":"product_cat-magnesio-es","10":"product_cat-omega-3-es","11":"product_cat-salud","12":"product_tag-farmodietica","14":"first","15":"instock","16":"sale","17":"featured","18":"shipping-taxable","19":"purchasable","20":"product-type-simple","21":"add-to-wishlist-before_image"},"acf":[],"yoast_head":"<!-- This site is optimized with the Yoast SEO Premium plugin v27.1 (Yoast SEO v27.5) - https:\/\/yoast.com\/product\/yoast-seo-premium-wordpress\/ -->\n<title>Lucidus Omega 3 - 30 Ampollas + 30 C\u00e1psulas<\/title>\n<meta name=\"description\" content=\"Lucidus Omega-3 contribuye al bienestar, vitalidad, funci\u00f3n cognitiva y desempe\u00f1o mental diario., rico en Omega 3 y \u00e1cidos grasos.\" \/>\n<meta name=\"robots\" content=\"index, follow, max-snippet:-1, max-image-preview:large, max-video-preview:-1\" \/>\n<link rel=\"canonical\" href=\"https:\/\/www.lifenatura.com\/es\/produto\/lucidus-omega-3-fusion-pack-30-ampollas-30-capsulas\/\" \/>\n<meta property=\"og:locale\" content=\"es_ES\" \/>\n<meta property=\"og:type\" content=\"article\" \/>\n<meta property=\"og:title\" content=\"Lucidus Omega 3 - Fusion Pack - 30 Ampollas + 30 C\u00e1psulas - Na Lifenatura ao Melhor Pre\u00e7o | Envio 48h\" \/>\n<meta property=\"og:description\" content=\"Compre Lucidus Omega 3 - Fusion Pack - 30 Ampollas + 30 C\u00e1psulas com envio r\u00e1pido. Entrega em 48h e portes gr\u00e1tis em compras &gt;35\u20ac. Aproveite j\u00e1 na Lifenatura\" \/>\n<meta property=\"og:url\" content=\"https:\/\/www.lifenatura.com\/es\/produto\/lucidus-omega-3-fusion-pack-30-ampollas-30-capsulas\/\" \/>\n<meta property=\"og:site_name\" content=\"Lifenatura\" \/>\n<meta property=\"article:publisher\" content=\"https:\/\/www.facebook.com\/lifenatura\" \/>\n<meta property=\"article:modified_time\" content=\"2025-02-02T00:03:00+00:00\" \/>\n<meta property=\"og:image\" content=\"https:\/\/www.lifenatura.com\/wp-content\/uploads\/2021\/09\/gd_lucidus-omega3-fusion-pack.jpg\" \/>\n\t<meta property=\"og:image:width\" content=\"1000\" \/>\n\t<meta property=\"og:image:height\" content=\"1000\" \/>\n\t<meta property=\"og:image:type\" content=\"image\/jpeg\" \/>\n<meta name=\"twitter:card\" content=\"summary_large_image\" \/>\n<meta name=\"twitter:label1\" content=\"Precio\" \/>\n\t<meta name=\"twitter:data1\" content=\"28,36&nbsp;&euro;\" \/>\n\t<meta name=\"twitter:label2\" content=\"Disponibilidad\" \/>\n\t<meta name=\"twitter:data2\" content=\"Disponible\" \/>\n<script type=\"application\/ld+json\" class=\"yoast-schema-graph\">{\"@context\":\"https:\\\/\\\/schema.org\",\"@graph\":[{\"@type\":\"WebPage\",\"@id\":\"https:\\\/\\\/www.lifenatura.com\\\/es\\\/produto\\\/lucidus-omega-3-fusion-pack-30-ampollas-30-capsulas\\\/\",\"url\":\"https:\\\/\\\/www.lifenatura.com\\\/es\\\/produto\\\/lucidus-omega-3-fusion-pack-30-ampollas-30-capsulas\\\/\",\"name\":\"Lucidus Omega 3 - 30 Ampollas + 30 C\u00e1psulas\",\"isPartOf\":{\"@id\":\"https:\\\/\\\/www.lifenatura.com\\\/es\\\/#website\"},\"primaryImageOfPage\":{\"@id\":\"https:\\\/\\\/www.lifenatura.com\\\/es\\\/produto\\\/lucidus-omega-3-fusion-pack-30-ampollas-30-capsulas\\\/#primaryimage\"},\"image\":{\"@id\":\"https:\\\/\\\/www.lifenatura.com\\\/es\\\/produto\\\/lucidus-omega-3-fusion-pack-30-ampollas-30-capsulas\\\/#primaryimage\"},\"thumbnailUrl\":\"https:\\\/\\\/www.lifenatura.com\\\/wp-content\\\/uploads\\\/2026\\\/03\\\/3D-LucidusOmega3.png\",\"datePublished\":\"2021-09-30T10:20:12+00:00\",\"dateModified\":\"2025-02-02T00:03:00+00:00\",\"description\":\"Lucidus Omega-3 contribuye al bienestar, vitalidad, funci\u00f3n cognitiva y desempe\u00f1o mental diario., rico en Omega 3 y \u00e1cidos grasos.\",\"breadcrumb\":{\"@id\":\"https:\\\/\\\/www.lifenatura.com\\\/es\\\/produto\\\/lucidus-omega-3-fusion-pack-30-ampollas-30-capsulas\\\/#breadcrumb\"},\"inLanguage\":\"es\",\"potentialAction\":[{\"@type\":\"ReadAction\",\"target\":[\"https:\\\/\\\/www.lifenatura.com\\\/es\\\/produto\\\/lucidus-omega-3-fusion-pack-30-ampollas-30-capsulas\\\/\"]}]},{\"@type\":\"ImageObject\",\"inLanguage\":\"es\",\"@id\":\"https:\\\/\\\/www.lifenatura.com\\\/es\\\/produto\\\/lucidus-omega-3-fusion-pack-30-ampollas-30-capsulas\\\/#primaryimage\",\"url\":\"https:\\\/\\\/www.lifenatura.com\\\/wp-content\\\/uploads\\\/2026\\\/03\\\/3D-LucidusOmega3.png\",\"contentUrl\":\"https:\\\/\\\/www.lifenatura.com\\\/wp-content\\\/uploads\\\/2026\\\/03\\\/3D-LucidusOmega3.png\",\"width\":2268,\"height\":2268},{\"@type\":\"BreadcrumbList\",\"@id\":\"https:\\\/\\\/www.lifenatura.com\\\/es\\\/produto\\\/lucidus-omega-3-fusion-pack-30-ampollas-30-capsulas\\\/#breadcrumb\",\"itemListElement\":[{\"@type\":\"ListItem\",\"position\":1,\"name\":\"In\u00edcio\",\"item\":\"https:\\\/\\\/www.lifenatura.com\\\/es\\\/\"},{\"@type\":\"ListItem\",\"position\":2,\"name\":\"Todos los Productos\",\"item\":\"https:\\\/\\\/www.lifenatura.com\\\/es\\\/tienda\\\/\"},{\"@type\":\"ListItem\",\"position\":3,\"name\":\"Lucidus Omega 3 &#8211; Fusion Pack &#8211; 30 Ampollas + 30 C\u00e1psulas\"}]},{\"@type\":\"WebSite\",\"@id\":\"https:\\\/\\\/www.lifenatura.com\\\/es\\\/#website\",\"url\":\"https:\\\/\\\/www.lifenatura.com\\\/es\\\/\",\"name\":\"Lifenatura\",\"description\":\"A Lifenatura \u00e9 uma loja de produtos naturais, cosm\u00e9tica natural e alimenta\u00e7\u00e3o Biol\u00f3gica.\",\"publisher\":{\"@id\":\"https:\\\/\\\/www.lifenatura.com\\\/es\\\/#organization\"},\"potentialAction\":[{\"@type\":\"SearchAction\",\"target\":{\"@type\":\"EntryPoint\",\"urlTemplate\":\"https:\\\/\\\/www.lifenatura.com\\\/es\\\/?s={search_term_string}\"},\"query-input\":{\"@type\":\"PropertyValueSpecification\",\"valueRequired\":true,\"valueName\":\"search_term_string\"}}],\"inLanguage\":\"es\"},{\"@type\":\"Organization\",\"@id\":\"https:\\\/\\\/www.lifenatura.com\\\/es\\\/#organization\",\"name\":\"Lifenatura\",\"url\":\"https:\\\/\\\/www.lifenatura.com\\\/es\\\/\",\"logo\":{\"@type\":\"ImageObject\",\"inLanguage\":\"es\",\"@id\":\"https:\\\/\\\/www.lifenatura.com\\\/es\\\/#\\\/schema\\\/logo\\\/image\\\/\",\"url\":\"https:\\\/\\\/www.lifenatura.com\\\/wp-content\\\/uploads\\\/2021\\\/07\\\/logo.png\",\"contentUrl\":\"https:\\\/\\\/www.lifenatura.com\\\/wp-content\\\/uploads\\\/2021\\\/07\\\/logo.png\",\"width\":175,\"height\":55,\"caption\":\"Lifenatura\"},\"image\":{\"@id\":\"https:\\\/\\\/www.lifenatura.com\\\/es\\\/#\\\/schema\\\/logo\\\/image\\\/\"},\"sameAs\":[\"https:\\\/\\\/www.facebook.com\\\/lifenatura\",\"https:\\\/\\\/www.instagram.com\\\/lifenaturapt\\\/\"],\"hasMerchantReturnPolicy\":{\"@type\":\"MerchantReturnPolicy\",\"merchantReturnLink\":\"https:\\\/\\\/www.lifenatura.com\\\/termos-condicoes-lifenatura\\\/\"}}]}<\/script>\n<meta property=\"product:price:amount\" content=\"28.36\" \/>\n<meta property=\"product:price:currency\" content=\"EUR\" \/>\n<meta property=\"og:availability\" content=\"instock\" \/>\n<meta property=\"product:availability\" content=\"instock\" \/>\n<meta property=\"product:retailer_item_id\" content=\"5601653007047\" \/>\n<meta property=\"product:condition\" content=\"new\" \/>\n<!-- \/ Yoast SEO Premium plugin. -->","yoast_head_json":{"title":"Lucidus Omega 3 - 30 Ampollas + 30 C\u00e1psulas","description":"Lucidus Omega-3 contribuye al bienestar, vitalidad, funci\u00f3n cognitiva y desempe\u00f1o mental diario., rico en Omega 3 y \u00e1cidos grasos.","robots":{"index":"index","follow":"follow","max-snippet":"max-snippet:-1","max-image-preview":"max-image-preview:large","max-video-preview":"max-video-preview:-1"},"canonical":"https:\/\/www.lifenatura.com\/es\/produto\/lucidus-omega-3-fusion-pack-30-ampollas-30-capsulas\/","og_locale":"es_ES","og_type":"article","og_title":"Lucidus Omega 3 - Fusion Pack - 30 Ampollas + 30 C\u00e1psulas - Na Lifenatura ao Melhor Pre\u00e7o | Envio 48h","og_description":"Compre Lucidus Omega 3 - Fusion Pack - 30 Ampollas + 30 C\u00e1psulas com envio r\u00e1pido. Entrega em 48h e portes gr\u00e1tis em compras >35\u20ac. Aproveite j\u00e1 na Lifenatura","og_url":"https:\/\/www.lifenatura.com\/es\/produto\/lucidus-omega-3-fusion-pack-30-ampollas-30-capsulas\/","og_site_name":"Lifenatura","article_publisher":"https:\/\/www.facebook.com\/lifenatura","article_modified_time":"2025-02-02T00:03:00+00:00","og_image":[{"width":1000,"height":1000,"url":"https:\/\/www.lifenatura.com\/wp-content\/uploads\/2021\/09\/gd_lucidus-omega3-fusion-pack.jpg","type":"image\/jpeg"}],"twitter_card":"summary_large_image","twitter_misc":{"Precio":"28,36&nbsp;&euro;","Disponibilidad":"Disponible"},"schema":{"@context":"https:\/\/schema.org","@graph":[{"@type":"WebPage","@id":"https:\/\/www.lifenatura.com\/es\/produto\/lucidus-omega-3-fusion-pack-30-ampollas-30-capsulas\/","url":"https:\/\/www.lifenatura.com\/es\/produto\/lucidus-omega-3-fusion-pack-30-ampollas-30-capsulas\/","name":"Lucidus Omega 3 - 30 Ampollas + 30 C\u00e1psulas","isPartOf":{"@id":"https:\/\/www.lifenatura.com\/es\/#website"},"primaryImageOfPage":{"@id":"https:\/\/www.lifenatura.com\/es\/produto\/lucidus-omega-3-fusion-pack-30-ampollas-30-capsulas\/#primaryimage"},"image":{"@id":"https:\/\/www.lifenatura.com\/es\/produto\/lucidus-omega-3-fusion-pack-30-ampollas-30-capsulas\/#primaryimage"},"thumbnailUrl":"https:\/\/www.lifenatura.com\/wp-content\/uploads\/2026\/03\/3D-LucidusOmega3.png","datePublished":"2021-09-30T10:20:12+00:00","dateModified":"2025-02-02T00:03:00+00:00","description":"Lucidus Omega-3 contribuye al bienestar, vitalidad, funci\u00f3n cognitiva y desempe\u00f1o mental diario., rico en Omega 3 y \u00e1cidos grasos.","breadcrumb":{"@id":"https:\/\/www.lifenatura.com\/es\/produto\/lucidus-omega-3-fusion-pack-30-ampollas-30-capsulas\/#breadcrumb"},"inLanguage":"es","potentialAction":[{"@type":"ReadAction","target":["https:\/\/www.lifenatura.com\/es\/produto\/lucidus-omega-3-fusion-pack-30-ampollas-30-capsulas\/"]}]},{"@type":"ImageObject","inLanguage":"es","@id":"https:\/\/www.lifenatura.com\/es\/produto\/lucidus-omega-3-fusion-pack-30-ampollas-30-capsulas\/#primaryimage","url":"https:\/\/www.lifenatura.com\/wp-content\/uploads\/2026\/03\/3D-LucidusOmega3.png","contentUrl":"https:\/\/www.lifenatura.com\/wp-content\/uploads\/2026\/03\/3D-LucidusOmega3.png","width":2268,"height":2268},{"@type":"BreadcrumbList","@id":"https:\/\/www.lifenatura.com\/es\/produto\/lucidus-omega-3-fusion-pack-30-ampollas-30-capsulas\/#breadcrumb","itemListElement":[{"@type":"ListItem","position":1,"name":"In\u00edcio","item":"https:\/\/www.lifenatura.com\/es\/"},{"@type":"ListItem","position":2,"name":"Todos los Productos","item":"https:\/\/www.lifenatura.com\/es\/tienda\/"},{"@type":"ListItem","position":3,"name":"Lucidus Omega 3 &#8211; Fusion Pack &#8211; 30 Ampollas + 30 C\u00e1psulas"}]},{"@type":"WebSite","@id":"https:\/\/www.lifenatura.com\/es\/#website","url":"https:\/\/www.lifenatura.com\/es\/","name":"Lifenatura","description":"A Lifenatura \u00e9 uma loja de produtos naturais, cosm\u00e9tica natural e alimenta\u00e7\u00e3o Biol\u00f3gica.","publisher":{"@id":"https:\/\/www.lifenatura.com\/es\/#organization"},"potentialAction":[{"@type":"SearchAction","target":{"@type":"EntryPoint","urlTemplate":"https:\/\/www.lifenatura.com\/es\/?s={search_term_string}"},"query-input":{"@type":"PropertyValueSpecification","valueRequired":true,"valueName":"search_term_string"}}],"inLanguage":"es"},{"@type":"Organization","@id":"https:\/\/www.lifenatura.com\/es\/#organization","name":"Lifenatura","url":"https:\/\/www.lifenatura.com\/es\/","logo":{"@type":"ImageObject","inLanguage":"es","@id":"https:\/\/www.lifenatura.com\/es\/#\/schema\/logo\/image\/","url":"https:\/\/www.lifenatura.com\/wp-content\/uploads\/2021\/07\/logo.png","contentUrl":"https:\/\/www.lifenatura.com\/wp-content\/uploads\/2021\/07\/logo.png","width":175,"height":55,"caption":"Lifenatura"},"image":{"@id":"https:\/\/www.lifenatura.com\/es\/#\/schema\/logo\/image\/"},"sameAs":["https:\/\/www.facebook.com\/lifenatura","https:\/\/www.instagram.com\/lifenaturapt\/"],"hasMerchantReturnPolicy":{"@type":"MerchantReturnPolicy","merchantReturnLink":"https:\/\/www.lifenatura.com\/termos-condicoes-lifenatura\/"}}]},"product_price_amount":"28.36","product_price_currency":"EUR","og_availability":"instock","product_availability":"instock","product_retailer_item_id":"5601653007047","product_condition":"new"},"df_price":28.36,"df_sale_price":28.36,"df_regular_price":51.57,"df_image_link":"https:\/\/www.lifenatura.com\/wp-content\/uploads\/2026\/03\/3D-LucidusOmega3-300x300.png","_links":{"self":[{"href":"https:\/\/www.lifenatura.com\/es\/wp-json\/wp\/v2\/product\/39255","targetHints":{"allow":["GET"]}}],"collection":[{"href":"https:\/\/www.lifenatura.com\/es\/wp-json\/wp\/v2\/product"}],"about":[{"href":"https:\/\/www.lifenatura.com\/es\/wp-json\/wp\/v2\/types\/product"}],"wp:featuredmedia":[{"embeddable":true,"href":"https:\/\/www.lifenatura.com\/es\/wp-json\/wp\/v2\/media\/131423"}],"wp:attachment":[{"href":"https:\/\/www.lifenatura.com\/es\/wp-json\/wp\/v2\/media?parent=39255"}],"wp:term":[{"taxonomy":"product_brand","embeddable":true,"href":"https:\/\/www.lifenatura.com\/es\/wp-json\/wp\/v2\/product_brand?post=39255"},{"taxonomy":"product_cat","embeddable":true,"href":"https:\/\/www.lifenatura.com\/es\/wp-json\/wp\/v2\/product_cat?post=39255"},{"taxonomy":"product_tag","embeddable":true,"href":"https:\/\/www.lifenatura.com\/es\/wp-json\/wp\/v2\/product_tag?post=39255"}],"curies":[{"name":"wp","href":"https:\/\/api.w.org\/{rel}","templated":true}]}}