{"id":39246,"date":"2021-09-30T10:20:12","date_gmt":"2021-09-30T10:20:12","guid":{"rendered":"https:\/\/lifenatura.dev.agenciagetdigital.com\/produto\/zumo-de-aloe-vera-946-ml-lily-of-the-desert\/"},"modified":"2025-04-04T12:33:24","modified_gmt":"2025-04-04T12:33:24","slug":"zumo-de-aloe-vera-946-ml-lily-of-the-desert","status":"publish","type":"product","link":"https:\/\/www.lifenatura.com\/es\/produto\/zumo-de-aloe-vera-946-ml-lily-of-the-desert\/","title":{"rendered":"Zumo de Alo\u00e9 Vera 946 ml &#8211; Lily of the Desert"},"content":{"rendered":"<h2 style=\"text-align: left;\"><strong>Zumo de Aloe Vera Bienestar digestivo y equilibrio natural<\/strong><\/h2>\n<p>&nbsp;<\/p>\n<p>El zumo de aloe vera de Lily of the desert est\u00e1 elaborado a partir de hojas frescas enteras de Aloe Barbadensis, y est\u00e1 indicado para diversas situaciones pero principalmente en el estre\u00f1imiento y tambi\u00e9n act\u00faa como probi\u00f3tico mejorando la flora intestinal.<\/p>\n<p>El zumo de Aloe Vera se elabora a partir de Aloe Vera de la variedad Aloe barbadensis Miller, procedente de cultivos ecol\u00f3gicos propiedad del laboratorio. Las hojas frescas se procesan delicadamente para garantizar la m\u00e1xima integridad de los componentes activos. Las f\u00f3rmulas est\u00e1n enriquecidas con Aloesorb \u2122, un concentrado de polisac\u00e1ridos de Aloe vera desarrollado por Lily of the Desert.<\/p>\n<p>Lily of the Desert es una marca de referencia internacional en la elaboraci\u00f3n de productos a base de aloe vera, con certificaciones que garantizan la pureza, calidad y cultivo sostenible de la planta.<\/p>\n<p><strong>Principales beneficios:<\/strong><\/p>\n<ul>\n<li>Favorece la salud digestiva y el confort gastrointestinal<\/li>\n<li>Ayuda a regular la acidez y favorece una digesti\u00f3n m\u00e1s ligera<\/li>\n<li>Contribuye a la eliminaci\u00f3n de toxinas y a la hidrataci\u00f3n interna<\/li>\n<li>Refuerza naturalmente el sistema inmunitario<\/li>\n<li>Sin edulcorantes artificiales, conservantes ni colorantes<\/li>\n<\/ul>\n<p><strong>Adecuado para:<\/strong><\/p>\n<ul>\n<li>Personas con digestiones sensibles o molestias g\u00e1stricas<\/li>\n<li>Quienes buscan un suplemento natural de uso diario<\/li>\n<li>Personas que valoran un apoyo desintoxicante suave y eficaz<\/li>\n<li>Estilos de vida saludables y conscientes<\/li>\n<\/ul>\n<p>Aloesorb \u2122 tiene un contenido de 62% de polisac\u00e1ridos de Aloe de alto peso molecular. Estos son los componentes del Aloe que apoyan la salud digestiva, la absorci\u00f3n de nutrientes y la mejora del sistema inmunol\u00f3gico. No es de concentrado, no contiene almidones, az\u00facares ni agua a\u00f1adida.<\/p>\n<p>Sin aleaciones (&lt;1 ppm). Una vez abierto, conservar en nevera y consumir en un plazo de 45 a 60 d\u00edas.<\/p>\n<ul>\n<li>Certificado por IASC (International Aloe Science Council).<\/li>\n<li>Certificado kosher.<\/li>\n<li>Apto para vegetarianos y veganos<\/li>\n<\/ul>\n<p><strong>PRESENTACI\u00d3N <\/strong><\/p>\n<p>946 ml.<\/p>\n<p>&nbsp;<\/p>\n","protected":false},"excerpt":{"rendered":"<p>El Jugo de Aloe Vera de Lily of the Desert favorece la digesti\u00f3n, hidrata y refuerza las defensas. Natural, ecol\u00f3gico y sin aditivos. Ideal para uso diario. [&#8230;]<\/p>\n<p><a class=\"btn btn-secondary understrap-read-more-link\" href=\"https:\/\/www.lifenatura.com\/es\/produto\/zumo-de-aloe-vera-946-ml-lily-of-the-desert\/\">Leer m\u00e1s&#8230;<span class=\"screen-reader-text\"> from Zumo de Alo\u00e9 Vera 946 ml &#8211; Lily of the Desert<\/span><\/a><\/p>\n","protected":false},"featured_media":20619,"template":"","meta":{"_acf_changed":false},"product_brand":[8449],"product_cat":[7668,7256,7659,7179],"product_tag":[],"class_list":{"0":"post-39246","1":"product","2":"type-product","3":"status-publish","4":"has-post-thumbnail","6":"product_brand-lily-of-the-desert","7":"product_cat-aloe-vera-bio","8":"product_cat-flora-intestinal-salud","9":"product_cat-ingrediente-natural-bio","10":"product_cat-salud","12":"first","13":"instock","14":"sale","15":"shipping-taxable","16":"purchasable","17":"product-type-simple","18":"add-to-wishlist-before_image"},"acf":[],"yoast_head":"<!-- This site is optimized with the Yoast SEO Premium plugin v27.1 (Yoast SEO v27.5) - https:\/\/yoast.com\/product\/yoast-seo-premium-wordpress\/ -->\n<title>Zumo de Alo\u00e9 Vera 946 ml - Lily of the Desert - Na Lifenatura ao Melhor Pre\u00e7o | Envio em 48h<\/title>\n<meta name=\"description\" content=\"El Jugo de Aloe Vera de Lily of the Desert favorece la digesti\u00f3n, hidrata y refuerza las defensas. Natural, ecol\u00f3gico y sin aditivos. Ideal para uso diario.\" \/>\n<meta name=\"robots\" content=\"index, follow, max-snippet:-1, max-image-preview:large, max-video-preview:-1\" \/>\n<link rel=\"canonical\" href=\"https:\/\/www.lifenatura.com\/es\/produto\/zumo-de-aloe-vera-946-ml-lily-of-the-desert\/\" \/>\n<meta property=\"og:locale\" content=\"es_ES\" \/>\n<meta property=\"og:type\" content=\"article\" \/>\n<meta property=\"og:title\" content=\"Zumo de Alo\u00e9 Vera 946 ml - Lily of the Desert - Na Lifenatura ao Melhor Pre\u00e7o | Envio 48h\" \/>\n<meta property=\"og:description\" content=\"Compre Zumo de Alo\u00e9 Vera 946 ml - Lily of the Desert com envio r\u00e1pido. Entrega em 48h e portes gr\u00e1tis em compras &gt;35\u20ac. Aproveite j\u00e1 na Lifenatura\" \/>\n<meta property=\"og:url\" content=\"https:\/\/www.lifenatura.com\/es\/produto\/zumo-de-aloe-vera-946-ml-lily-of-the-desert\/\" \/>\n<meta property=\"og:site_name\" content=\"Lifenatura\" \/>\n<meta property=\"article:publisher\" content=\"https:\/\/www.facebook.com\/lifenatura\" \/>\n<meta property=\"article:modified_time\" content=\"2025-04-04T12:33:24+00:00\" \/>\n<meta property=\"og:image\" content=\"https:\/\/www.lifenatura.com\/wp-content\/uploads\/2021\/09\/gd_zumo_de_aloe_vera_946_ml_lily_of_the_desert.jpg\" \/>\n\t<meta property=\"og:image:width\" content=\"1000\" \/>\n\t<meta property=\"og:image:height\" content=\"1000\" \/>\n\t<meta property=\"og:image:type\" content=\"image\/jpeg\" \/>\n<meta name=\"twitter:card\" content=\"summary_large_image\" \/>\n<meta name=\"twitter:label1\" content=\"Precio\" \/>\n\t<meta name=\"twitter:data1\" content=\"19,99&nbsp;&euro;\" \/>\n\t<meta name=\"twitter:label2\" content=\"Disponibilidad\" \/>\n\t<meta name=\"twitter:data2\" content=\"Disponible\" \/>\n<script type=\"application\/ld+json\" class=\"yoast-schema-graph\">{\"@context\":\"https:\\\/\\\/schema.org\",\"@graph\":[{\"@type\":\"WebPage\",\"@id\":\"https:\\\/\\\/www.lifenatura.com\\\/es\\\/produto\\\/zumo-de-aloe-vera-946-ml-lily-of-the-desert\\\/\",\"url\":\"https:\\\/\\\/www.lifenatura.com\\\/es\\\/produto\\\/zumo-de-aloe-vera-946-ml-lily-of-the-desert\\\/\",\"name\":\"Zumo de Alo\u00e9 Vera 946 ml - Lily of the Desert - Na Lifenatura ao Melhor Pre\u00e7o | Envio em 48h\",\"isPartOf\":{\"@id\":\"https:\\\/\\\/www.lifenatura.com\\\/es\\\/#website\"},\"primaryImageOfPage\":{\"@id\":\"https:\\\/\\\/www.lifenatura.com\\\/es\\\/produto\\\/zumo-de-aloe-vera-946-ml-lily-of-the-desert\\\/#primaryimage\"},\"image\":{\"@id\":\"https:\\\/\\\/www.lifenatura.com\\\/es\\\/produto\\\/zumo-de-aloe-vera-946-ml-lily-of-the-desert\\\/#primaryimage\"},\"thumbnailUrl\":\"https:\\\/\\\/www.lifenatura.com\\\/wp-content\\\/uploads\\\/2021\\\/09\\\/gd_zumo_de_aloe_vera_946_ml_lily_of_the_desert.jpg\",\"datePublished\":\"2021-09-30T10:20:12+00:00\",\"dateModified\":\"2025-04-04T12:33:24+00:00\",\"description\":\"El Jugo de Aloe Vera de Lily of the Desert favorece la digesti\u00f3n, hidrata y refuerza las defensas. Natural, ecol\u00f3gico y sin aditivos. Ideal para uso diario.\",\"breadcrumb\":{\"@id\":\"https:\\\/\\\/www.lifenatura.com\\\/es\\\/produto\\\/zumo-de-aloe-vera-946-ml-lily-of-the-desert\\\/#breadcrumb\"},\"inLanguage\":\"es\",\"potentialAction\":[{\"@type\":\"ReadAction\",\"target\":[\"https:\\\/\\\/www.lifenatura.com\\\/es\\\/produto\\\/zumo-de-aloe-vera-946-ml-lily-of-the-desert\\\/\"]}]},{\"@type\":\"ImageObject\",\"inLanguage\":\"es\",\"@id\":\"https:\\\/\\\/www.lifenatura.com\\\/es\\\/produto\\\/zumo-de-aloe-vera-946-ml-lily-of-the-desert\\\/#primaryimage\",\"url\":\"https:\\\/\\\/www.lifenatura.com\\\/wp-content\\\/uploads\\\/2021\\\/09\\\/gd_zumo_de_aloe_vera_946_ml_lily_of_the_desert.jpg\",\"contentUrl\":\"https:\\\/\\\/www.lifenatura.com\\\/wp-content\\\/uploads\\\/2021\\\/09\\\/gd_zumo_de_aloe_vera_946_ml_lily_of_the_desert.jpg\",\"width\":1000,\"height\":1000,\"caption\":\"Zumo de Alo\u00e9 Vera 946 ml - Lily of the Desert\"},{\"@type\":\"BreadcrumbList\",\"@id\":\"https:\\\/\\\/www.lifenatura.com\\\/es\\\/produto\\\/zumo-de-aloe-vera-946-ml-lily-of-the-desert\\\/#breadcrumb\",\"itemListElement\":[{\"@type\":\"ListItem\",\"position\":1,\"name\":\"In\u00edcio\",\"item\":\"https:\\\/\\\/www.lifenatura.com\\\/es\\\/\"},{\"@type\":\"ListItem\",\"position\":2,\"name\":\"Todos los Productos\",\"item\":\"https:\\\/\\\/www.lifenatura.com\\\/es\\\/tienda\\\/\"},{\"@type\":\"ListItem\",\"position\":3,\"name\":\"Zumo de Alo\u00e9 Vera 946 ml &#8211; Lily of the Desert\"}]},{\"@type\":\"WebSite\",\"@id\":\"https:\\\/\\\/www.lifenatura.com\\\/es\\\/#website\",\"url\":\"https:\\\/\\\/www.lifenatura.com\\\/es\\\/\",\"name\":\"Lifenatura\",\"description\":\"A Lifenatura \u00e9 uma loja de produtos naturais, cosm\u00e9tica natural e alimenta\u00e7\u00e3o Biol\u00f3gica.\",\"publisher\":{\"@id\":\"https:\\\/\\\/www.lifenatura.com\\\/es\\\/#organization\"},\"potentialAction\":[{\"@type\":\"SearchAction\",\"target\":{\"@type\":\"EntryPoint\",\"urlTemplate\":\"https:\\\/\\\/www.lifenatura.com\\\/es\\\/?s={search_term_string}\"},\"query-input\":{\"@type\":\"PropertyValueSpecification\",\"valueRequired\":true,\"valueName\":\"search_term_string\"}}],\"inLanguage\":\"es\"},{\"@type\":\"Organization\",\"@id\":\"https:\\\/\\\/www.lifenatura.com\\\/es\\\/#organization\",\"name\":\"Lifenatura\",\"url\":\"https:\\\/\\\/www.lifenatura.com\\\/es\\\/\",\"logo\":{\"@type\":\"ImageObject\",\"inLanguage\":\"es\",\"@id\":\"https:\\\/\\\/www.lifenatura.com\\\/es\\\/#\\\/schema\\\/logo\\\/image\\\/\",\"url\":\"https:\\\/\\\/www.lifenatura.com\\\/wp-content\\\/uploads\\\/2021\\\/07\\\/logo.png\",\"contentUrl\":\"https:\\\/\\\/www.lifenatura.com\\\/wp-content\\\/uploads\\\/2021\\\/07\\\/logo.png\",\"width\":175,\"height\":55,\"caption\":\"Lifenatura\"},\"image\":{\"@id\":\"https:\\\/\\\/www.lifenatura.com\\\/es\\\/#\\\/schema\\\/logo\\\/image\\\/\"},\"sameAs\":[\"https:\\\/\\\/www.facebook.com\\\/lifenatura\",\"https:\\\/\\\/www.instagram.com\\\/lifenaturapt\\\/\"],\"hasMerchantReturnPolicy\":{\"@type\":\"MerchantReturnPolicy\",\"merchantReturnLink\":\"https:\\\/\\\/www.lifenatura.com\\\/termos-condicoes-lifenatura\\\/\"}}]}<\/script>\n<meta property=\"product:price:amount\" content=\"19.99\" \/>\n<meta property=\"product:price:currency\" content=\"EUR\" \/>\n<meta property=\"og:availability\" content=\"instock\" \/>\n<meta property=\"product:availability\" content=\"instock\" \/>\n<meta property=\"product:retailer_item_id\" content=\"8436037510571\" \/>\n<meta property=\"product:condition\" content=\"new\" \/>\n<!-- \/ Yoast SEO Premium plugin. -->","yoast_head_json":{"title":"Zumo de Alo\u00e9 Vera 946 ml - Lily of the Desert - Na Lifenatura ao Melhor Pre\u00e7o | Envio em 48h","description":"El Jugo de Aloe Vera de Lily of the Desert favorece la digesti\u00f3n, hidrata y refuerza las defensas. Natural, ecol\u00f3gico y sin aditivos. Ideal para uso diario.","robots":{"index":"index","follow":"follow","max-snippet":"max-snippet:-1","max-image-preview":"max-image-preview:large","max-video-preview":"max-video-preview:-1"},"canonical":"https:\/\/www.lifenatura.com\/es\/produto\/zumo-de-aloe-vera-946-ml-lily-of-the-desert\/","og_locale":"es_ES","og_type":"article","og_title":"Zumo de Alo\u00e9 Vera 946 ml - Lily of the Desert - Na Lifenatura ao Melhor Pre\u00e7o | Envio 48h","og_description":"Compre Zumo de Alo\u00e9 Vera 946 ml - Lily of the Desert com envio r\u00e1pido. Entrega em 48h e portes gr\u00e1tis em compras >35\u20ac. Aproveite j\u00e1 na Lifenatura","og_url":"https:\/\/www.lifenatura.com\/es\/produto\/zumo-de-aloe-vera-946-ml-lily-of-the-desert\/","og_site_name":"Lifenatura","article_publisher":"https:\/\/www.facebook.com\/lifenatura","article_modified_time":"2025-04-04T12:33:24+00:00","og_image":[{"width":1000,"height":1000,"url":"https:\/\/www.lifenatura.com\/wp-content\/uploads\/2021\/09\/gd_zumo_de_aloe_vera_946_ml_lily_of_the_desert.jpg","type":"image\/jpeg"}],"twitter_card":"summary_large_image","twitter_misc":{"Precio":"19,99&nbsp;&euro;","Disponibilidad":"Disponible"},"schema":{"@context":"https:\/\/schema.org","@graph":[{"@type":"WebPage","@id":"https:\/\/www.lifenatura.com\/es\/produto\/zumo-de-aloe-vera-946-ml-lily-of-the-desert\/","url":"https:\/\/www.lifenatura.com\/es\/produto\/zumo-de-aloe-vera-946-ml-lily-of-the-desert\/","name":"Zumo de Alo\u00e9 Vera 946 ml - Lily of the Desert - Na Lifenatura ao Melhor Pre\u00e7o | Envio em 48h","isPartOf":{"@id":"https:\/\/www.lifenatura.com\/es\/#website"},"primaryImageOfPage":{"@id":"https:\/\/www.lifenatura.com\/es\/produto\/zumo-de-aloe-vera-946-ml-lily-of-the-desert\/#primaryimage"},"image":{"@id":"https:\/\/www.lifenatura.com\/es\/produto\/zumo-de-aloe-vera-946-ml-lily-of-the-desert\/#primaryimage"},"thumbnailUrl":"https:\/\/www.lifenatura.com\/wp-content\/uploads\/2021\/09\/gd_zumo_de_aloe_vera_946_ml_lily_of_the_desert.jpg","datePublished":"2021-09-30T10:20:12+00:00","dateModified":"2025-04-04T12:33:24+00:00","description":"El Jugo de Aloe Vera de Lily of the Desert favorece la digesti\u00f3n, hidrata y refuerza las defensas. Natural, ecol\u00f3gico y sin aditivos. Ideal para uso diario.","breadcrumb":{"@id":"https:\/\/www.lifenatura.com\/es\/produto\/zumo-de-aloe-vera-946-ml-lily-of-the-desert\/#breadcrumb"},"inLanguage":"es","potentialAction":[{"@type":"ReadAction","target":["https:\/\/www.lifenatura.com\/es\/produto\/zumo-de-aloe-vera-946-ml-lily-of-the-desert\/"]}]},{"@type":"ImageObject","inLanguage":"es","@id":"https:\/\/www.lifenatura.com\/es\/produto\/zumo-de-aloe-vera-946-ml-lily-of-the-desert\/#primaryimage","url":"https:\/\/www.lifenatura.com\/wp-content\/uploads\/2021\/09\/gd_zumo_de_aloe_vera_946_ml_lily_of_the_desert.jpg","contentUrl":"https:\/\/www.lifenatura.com\/wp-content\/uploads\/2021\/09\/gd_zumo_de_aloe_vera_946_ml_lily_of_the_desert.jpg","width":1000,"height":1000,"caption":"Zumo de Alo\u00e9 Vera 946 ml - Lily of the Desert"},{"@type":"BreadcrumbList","@id":"https:\/\/www.lifenatura.com\/es\/produto\/zumo-de-aloe-vera-946-ml-lily-of-the-desert\/#breadcrumb","itemListElement":[{"@type":"ListItem","position":1,"name":"In\u00edcio","item":"https:\/\/www.lifenatura.com\/es\/"},{"@type":"ListItem","position":2,"name":"Todos los Productos","item":"https:\/\/www.lifenatura.com\/es\/tienda\/"},{"@type":"ListItem","position":3,"name":"Zumo de Alo\u00e9 Vera 946 ml &#8211; Lily of the Desert"}]},{"@type":"WebSite","@id":"https:\/\/www.lifenatura.com\/es\/#website","url":"https:\/\/www.lifenatura.com\/es\/","name":"Lifenatura","description":"A Lifenatura \u00e9 uma loja de produtos naturais, cosm\u00e9tica natural e alimenta\u00e7\u00e3o Biol\u00f3gica.","publisher":{"@id":"https:\/\/www.lifenatura.com\/es\/#organization"},"potentialAction":[{"@type":"SearchAction","target":{"@type":"EntryPoint","urlTemplate":"https:\/\/www.lifenatura.com\/es\/?s={search_term_string}"},"query-input":{"@type":"PropertyValueSpecification","valueRequired":true,"valueName":"search_term_string"}}],"inLanguage":"es"},{"@type":"Organization","@id":"https:\/\/www.lifenatura.com\/es\/#organization","name":"Lifenatura","url":"https:\/\/www.lifenatura.com\/es\/","logo":{"@type":"ImageObject","inLanguage":"es","@id":"https:\/\/www.lifenatura.com\/es\/#\/schema\/logo\/image\/","url":"https:\/\/www.lifenatura.com\/wp-content\/uploads\/2021\/07\/logo.png","contentUrl":"https:\/\/www.lifenatura.com\/wp-content\/uploads\/2021\/07\/logo.png","width":175,"height":55,"caption":"Lifenatura"},"image":{"@id":"https:\/\/www.lifenatura.com\/es\/#\/schema\/logo\/image\/"},"sameAs":["https:\/\/www.facebook.com\/lifenatura","https:\/\/www.instagram.com\/lifenaturapt\/"],"hasMerchantReturnPolicy":{"@type":"MerchantReturnPolicy","merchantReturnLink":"https:\/\/www.lifenatura.com\/termos-condicoes-lifenatura\/"}}]},"product_price_amount":"19.99","product_price_currency":"EUR","og_availability":"instock","product_availability":"instock","product_retailer_item_id":"8436037510571","product_condition":"new"},"df_price":19.99,"df_sale_price":19.99,"df_regular_price":27.65,"df_image_link":"https:\/\/www.lifenatura.com\/wp-content\/uploads\/2021\/09\/gd_zumo_de_aloe_vera_946_ml_lily_of_the_desert-300x300.jpg","_links":{"self":[{"href":"https:\/\/www.lifenatura.com\/es\/wp-json\/wp\/v2\/product\/39246","targetHints":{"allow":["GET"]}}],"collection":[{"href":"https:\/\/www.lifenatura.com\/es\/wp-json\/wp\/v2\/product"}],"about":[{"href":"https:\/\/www.lifenatura.com\/es\/wp-json\/wp\/v2\/types\/product"}],"wp:featuredmedia":[{"embeddable":true,"href":"https:\/\/www.lifenatura.com\/es\/wp-json\/wp\/v2\/media\/20619"}],"wp:attachment":[{"href":"https:\/\/www.lifenatura.com\/es\/wp-json\/wp\/v2\/media?parent=39246"}],"wp:term":[{"taxonomy":"product_brand","embeddable":true,"href":"https:\/\/www.lifenatura.com\/es\/wp-json\/wp\/v2\/product_brand?post=39246"},{"taxonomy":"product_cat","embeddable":true,"href":"https:\/\/www.lifenatura.com\/es\/wp-json\/wp\/v2\/product_cat?post=39246"},{"taxonomy":"product_tag","embeddable":true,"href":"https:\/\/www.lifenatura.com\/es\/wp-json\/wp\/v2\/product_tag?post=39246"}],"curies":[{"name":"wp","href":"https:\/\/api.w.org\/{rel}","templated":true}]}}