{"id":39243,"date":"2021-09-30T10:20:12","date_gmt":"2021-09-30T10:20:12","guid":{"rendered":"https:\/\/lifenatura.dev.agenciagetdigital.com\/produto\/gel-de-aloe-vera-946-ml-lily-of-the-desert\/"},"modified":"2025-04-03T14:47:58","modified_gmt":"2025-04-03T14:47:58","slug":"gel-de-aloe-vera-946-ml-lily-of-the-desert","status":"publish","type":"product","link":"https:\/\/www.lifenatura.com\/es\/produto\/gel-de-aloe-vera-946-ml-lily-of-the-desert\/","title":{"rendered":"Gel de Aloe Vera 946 ml &#8211; Lily of the Desert"},"content":{"rendered":"<h2 style=\"text-align: left;\"><strong>Gel oral de aloe vera de Lily of the Desert para ayudar el estomago<\/strong><\/h2>\n<p>&nbsp;<\/p>\n<p>Este gel de aloe vera est\u00e1 elaborado con el jugo de hojas frescas enteras de aloe vera con una textura m\u00e1s densa que el jugo, gracias a la presencia de carragenina natural. Con mayor adherencia a la pared del tracto gastrointestinal, el gel forma una pel\u00edcula protectora cuando pasa por el est\u00f3mago.<\/p>\n<p>Las f\u00f3rmulas est\u00e1n enriquecidas con Aloesorb \u2122, un extracto patentado de polisac\u00e1ridos de alto peso molecular de Aloe Vera propiedad de Lily of the Desert, que ha demostrado brindar mayores beneficios que otros productos de Aloe vera.<\/p>\n<p><strong>Principales beneficios:<\/strong><\/p>\n<ul>\n<li>Favorece el bienestar digestivo y la salud gastrointestinal<\/li>\n<li>Alivia s\u00edntomas como la acidez y el reflujo g\u00e1strico<\/li>\n<li>Favorece una digesti\u00f3n equilibrada y eficaz<\/li>\n<li>Hidrata y refuerza las defensas naturales del organismo<\/li>\n<li>Sin aditivos artificiales, colorantes ni conservantes<\/li>\n<\/ul>\n<p><strong>Adecuado para:<\/strong><\/p>\n<ul>\n<li>Personas con digestiones sensibles o reflujo<\/li>\n<li>Quienes buscan un apoyo natural para el sistema digestivo<\/li>\n<li>Personas que desean mejorar la absorci\u00f3n de nutrientes<\/li>\n<li>Uso diario como parte de un estilo de vida saludable<\/li>\n<\/ul>\n<p>Elaborado con jugo de Aloe Vera y con consistencia de gel, gracias al aporte de extracto de carragenina. El gel de aloe vera est\u00e1 elaborado a partir de jugo de hoja entera para garantizar todos los beneficios de la planta. Se caracteriza por tener una amplia gama de polisac\u00e1ridos y es fuente de \u00e1cido m\u00e1lico.<\/p>\n<p>Sin az\u00facares a\u00f1adidos ni almidones. Sin aleo (&lt;1ppm). Una vez abierto, conservar en nevera y consumir en un plazo de 45 a 60 d\u00edas. Apto para vegetarianos.<\/p>\n<p><strong>PRESENTACI\u00d3N <\/strong><\/p>\n<p>946 ml<\/p>\n<p>&nbsp;<\/p>\n","protected":false},"excerpt":{"rendered":"<p>Gel Oral de Aloe Vera de Lily of the Desert favorece el bienestar digestivo, alivia la acidez y refuerza las defensas. Suplemento natural con aloe vera. [&#8230;]<\/p>\n<p><a class=\"btn btn-secondary understrap-read-more-link\" href=\"https:\/\/www.lifenatura.com\/es\/produto\/gel-de-aloe-vera-946-ml-lily-of-the-desert\/\">Leer m\u00e1s&#8230;<span class=\"screen-reader-text\"> from Gel de Aloe Vera 946 ml &#8211; Lily of the Desert<\/span><\/a><\/p>\n","protected":false},"featured_media":20616,"template":"","meta":{"_acf_changed":false},"product_brand":[8449],"product_cat":[7668,7659,7258,7179],"product_tag":[],"class_list":{"0":"post-39243","1":"product","2":"type-product","3":"status-publish","4":"has-post-thumbnail","6":"product_brand-lily-of-the-desert","7":"product_cat-aloe-vera-bio","8":"product_cat-ingrediente-natural-bio","9":"product_cat-proteccion-del-estomago","10":"product_cat-salud","12":"first","13":"instock","14":"sale","15":"shipping-taxable","16":"purchasable","17":"product-type-simple","18":"add-to-wishlist-before_image"},"acf":[],"yoast_head":"<!-- This site is optimized with the Yoast SEO Premium plugin v27.1 (Yoast SEO v27.4) - https:\/\/yoast.com\/product\/yoast-seo-premium-wordpress\/ -->\n<title>Gel de Aloe Vera 946 ml - Lily of the Desert<\/title>\n<meta name=\"description\" content=\"Gel Oral de Aloe Vera de Lily of the Desert favorece el bienestar digestivo, alivia la acidez y refuerza las defensas. Suplemento natural con aloe vera.\" \/>\n<meta name=\"robots\" content=\"index, follow, max-snippet:-1, max-image-preview:large, max-video-preview:-1\" \/>\n<link rel=\"canonical\" href=\"https:\/\/www.lifenatura.com\/es\/produto\/gel-de-aloe-vera-946-ml-lily-of-the-desert\/\" \/>\n<meta property=\"og:locale\" content=\"es_ES\" \/>\n<meta property=\"og:type\" content=\"article\" \/>\n<meta property=\"og:title\" content=\"Gel de Aloe Vera 946 ml - Lily of the Desert - Na Lifenatura ao Melhor Pre\u00e7o | Envio 48h\" \/>\n<meta property=\"og:description\" content=\"Compre Gel de Aloe Vera 946 ml - Lily of the Desert com envio r\u00e1pido. Entrega em 48h e portes gr\u00e1tis em compras &gt;35\u20ac. Aproveite j\u00e1 na Lifenatura\" \/>\n<meta property=\"og:url\" content=\"https:\/\/www.lifenatura.com\/es\/produto\/gel-de-aloe-vera-946-ml-lily-of-the-desert\/\" \/>\n<meta property=\"og:site_name\" content=\"Lifenatura\" \/>\n<meta property=\"article:publisher\" content=\"https:\/\/www.facebook.com\/lifenatura\" \/>\n<meta property=\"article:modified_time\" content=\"2025-04-03T14:47:58+00:00\" \/>\n<meta property=\"og:image\" content=\"https:\/\/www.lifenatura.com\/wp-content\/uploads\/2021\/09\/gd_gel_de_aloe_vera_946_ml_lily_of_the_desert.jpg\" \/>\n\t<meta property=\"og:image:width\" content=\"1000\" \/>\n\t<meta property=\"og:image:height\" content=\"1000\" \/>\n\t<meta property=\"og:image:type\" content=\"image\/jpeg\" \/>\n<meta name=\"twitter:card\" content=\"summary_large_image\" \/>\n<meta name=\"twitter:label1\" content=\"Precio\" \/>\n\t<meta name=\"twitter:data1\" content=\"19,90&nbsp;&euro;\" \/>\n\t<meta name=\"twitter:label2\" content=\"Disponibilidad\" \/>\n\t<meta name=\"twitter:data2\" content=\"Disponible\" \/>\n<script type=\"application\/ld+json\" class=\"yoast-schema-graph\">{\"@context\":\"https:\\\/\\\/schema.org\",\"@graph\":[{\"@type\":\"WebPage\",\"@id\":\"https:\\\/\\\/www.lifenatura.com\\\/es\\\/produto\\\/gel-de-aloe-vera-946-ml-lily-of-the-desert\\\/\",\"url\":\"https:\\\/\\\/www.lifenatura.com\\\/es\\\/produto\\\/gel-de-aloe-vera-946-ml-lily-of-the-desert\\\/\",\"name\":\"Gel de Aloe Vera 946 ml - Lily of the Desert\",\"isPartOf\":{\"@id\":\"https:\\\/\\\/www.lifenatura.com\\\/es\\\/#website\"},\"primaryImageOfPage\":{\"@id\":\"https:\\\/\\\/www.lifenatura.com\\\/es\\\/produto\\\/gel-de-aloe-vera-946-ml-lily-of-the-desert\\\/#primaryimage\"},\"image\":{\"@id\":\"https:\\\/\\\/www.lifenatura.com\\\/es\\\/produto\\\/gel-de-aloe-vera-946-ml-lily-of-the-desert\\\/#primaryimage\"},\"thumbnailUrl\":\"https:\\\/\\\/www.lifenatura.com\\\/wp-content\\\/uploads\\\/2021\\\/09\\\/gd_gel_de_aloe_vera_946_ml_lily_of_the_desert.jpg\",\"datePublished\":\"2021-09-30T10:20:12+00:00\",\"dateModified\":\"2025-04-03T14:47:58+00:00\",\"description\":\"Gel Oral de Aloe Vera de Lily of the Desert favorece el bienestar digestivo, alivia la acidez y refuerza las defensas. Suplemento natural con aloe vera.\",\"breadcrumb\":{\"@id\":\"https:\\\/\\\/www.lifenatura.com\\\/es\\\/produto\\\/gel-de-aloe-vera-946-ml-lily-of-the-desert\\\/#breadcrumb\"},\"inLanguage\":\"es\",\"potentialAction\":[{\"@type\":\"ReadAction\",\"target\":[\"https:\\\/\\\/www.lifenatura.com\\\/es\\\/produto\\\/gel-de-aloe-vera-946-ml-lily-of-the-desert\\\/\"]}]},{\"@type\":\"ImageObject\",\"inLanguage\":\"es\",\"@id\":\"https:\\\/\\\/www.lifenatura.com\\\/es\\\/produto\\\/gel-de-aloe-vera-946-ml-lily-of-the-desert\\\/#primaryimage\",\"url\":\"https:\\\/\\\/www.lifenatura.com\\\/wp-content\\\/uploads\\\/2021\\\/09\\\/gd_gel_de_aloe_vera_946_ml_lily_of_the_desert.jpg\",\"contentUrl\":\"https:\\\/\\\/www.lifenatura.com\\\/wp-content\\\/uploads\\\/2021\\\/09\\\/gd_gel_de_aloe_vera_946_ml_lily_of_the_desert.jpg\",\"width\":1000,\"height\":1000,\"caption\":\"Gel de Aloe Vera 946 ml - Lily of the Desert\"},{\"@type\":\"BreadcrumbList\",\"@id\":\"https:\\\/\\\/www.lifenatura.com\\\/es\\\/produto\\\/gel-de-aloe-vera-946-ml-lily-of-the-desert\\\/#breadcrumb\",\"itemListElement\":[{\"@type\":\"ListItem\",\"position\":1,\"name\":\"In\u00edcio\",\"item\":\"https:\\\/\\\/www.lifenatura.com\\\/es\\\/\"},{\"@type\":\"ListItem\",\"position\":2,\"name\":\"Todos los Productos\",\"item\":\"https:\\\/\\\/www.lifenatura.com\\\/es\\\/tienda\\\/\"},{\"@type\":\"ListItem\",\"position\":3,\"name\":\"Gel de Aloe Vera 946 ml &#8211; Lily of the Desert\"}]},{\"@type\":\"WebSite\",\"@id\":\"https:\\\/\\\/www.lifenatura.com\\\/es\\\/#website\",\"url\":\"https:\\\/\\\/www.lifenatura.com\\\/es\\\/\",\"name\":\"Lifenatura\",\"description\":\"A Lifenatura \u00e9 uma loja de produtos naturais, cosm\u00e9tica natural e alimenta\u00e7\u00e3o Biol\u00f3gica.\",\"publisher\":{\"@id\":\"https:\\\/\\\/www.lifenatura.com\\\/es\\\/#organization\"},\"potentialAction\":[{\"@type\":\"SearchAction\",\"target\":{\"@type\":\"EntryPoint\",\"urlTemplate\":\"https:\\\/\\\/www.lifenatura.com\\\/es\\\/?s={search_term_string}\"},\"query-input\":{\"@type\":\"PropertyValueSpecification\",\"valueRequired\":true,\"valueName\":\"search_term_string\"}}],\"inLanguage\":\"es\"},{\"@type\":\"Organization\",\"@id\":\"https:\\\/\\\/www.lifenatura.com\\\/es\\\/#organization\",\"name\":\"Lifenatura\",\"url\":\"https:\\\/\\\/www.lifenatura.com\\\/es\\\/\",\"logo\":{\"@type\":\"ImageObject\",\"inLanguage\":\"es\",\"@id\":\"https:\\\/\\\/www.lifenatura.com\\\/es\\\/#\\\/schema\\\/logo\\\/image\\\/\",\"url\":\"https:\\\/\\\/www.lifenatura.com\\\/wp-content\\\/uploads\\\/2021\\\/07\\\/logo.png\",\"contentUrl\":\"https:\\\/\\\/www.lifenatura.com\\\/wp-content\\\/uploads\\\/2021\\\/07\\\/logo.png\",\"width\":175,\"height\":55,\"caption\":\"Lifenatura\"},\"image\":{\"@id\":\"https:\\\/\\\/www.lifenatura.com\\\/es\\\/#\\\/schema\\\/logo\\\/image\\\/\"},\"sameAs\":[\"https:\\\/\\\/www.facebook.com\\\/lifenatura\",\"https:\\\/\\\/www.instagram.com\\\/lifenaturapt\\\/\"],\"hasMerchantReturnPolicy\":{\"@type\":\"MerchantReturnPolicy\",\"merchantReturnLink\":\"https:\\\/\\\/www.lifenatura.com\\\/termos-condicoes-lifenatura\\\/\"}}]}<\/script>\n<meta property=\"product:price:amount\" content=\"19.90\" \/>\n<meta property=\"product:price:currency\" content=\"EUR\" \/>\n<meta property=\"og:availability\" content=\"instock\" \/>\n<meta property=\"product:availability\" content=\"instock\" \/>\n<meta property=\"product:retailer_item_id\" content=\"8436037510588\" \/>\n<meta property=\"product:condition\" content=\"new\" \/>\n<!-- \/ Yoast SEO Premium plugin. -->","yoast_head_json":{"title":"Gel de Aloe Vera 946 ml - Lily of the Desert","description":"Gel Oral de Aloe Vera de Lily of the Desert favorece el bienestar digestivo, alivia la acidez y refuerza las defensas. Suplemento natural con aloe vera.","robots":{"index":"index","follow":"follow","max-snippet":"max-snippet:-1","max-image-preview":"max-image-preview:large","max-video-preview":"max-video-preview:-1"},"canonical":"https:\/\/www.lifenatura.com\/es\/produto\/gel-de-aloe-vera-946-ml-lily-of-the-desert\/","og_locale":"es_ES","og_type":"article","og_title":"Gel de Aloe Vera 946 ml - Lily of the Desert - Na Lifenatura ao Melhor Pre\u00e7o | Envio 48h","og_description":"Compre Gel de Aloe Vera 946 ml - Lily of the Desert com envio r\u00e1pido. Entrega em 48h e portes gr\u00e1tis em compras >35\u20ac. Aproveite j\u00e1 na Lifenatura","og_url":"https:\/\/www.lifenatura.com\/es\/produto\/gel-de-aloe-vera-946-ml-lily-of-the-desert\/","og_site_name":"Lifenatura","article_publisher":"https:\/\/www.facebook.com\/lifenatura","article_modified_time":"2025-04-03T14:47:58+00:00","og_image":[{"width":1000,"height":1000,"url":"https:\/\/www.lifenatura.com\/wp-content\/uploads\/2021\/09\/gd_gel_de_aloe_vera_946_ml_lily_of_the_desert.jpg","type":"image\/jpeg"}],"twitter_card":"summary_large_image","twitter_misc":{"Precio":"19,90&nbsp;&euro;","Disponibilidad":"Disponible"},"schema":{"@context":"https:\/\/schema.org","@graph":[{"@type":"WebPage","@id":"https:\/\/www.lifenatura.com\/es\/produto\/gel-de-aloe-vera-946-ml-lily-of-the-desert\/","url":"https:\/\/www.lifenatura.com\/es\/produto\/gel-de-aloe-vera-946-ml-lily-of-the-desert\/","name":"Gel de Aloe Vera 946 ml - Lily of the Desert","isPartOf":{"@id":"https:\/\/www.lifenatura.com\/es\/#website"},"primaryImageOfPage":{"@id":"https:\/\/www.lifenatura.com\/es\/produto\/gel-de-aloe-vera-946-ml-lily-of-the-desert\/#primaryimage"},"image":{"@id":"https:\/\/www.lifenatura.com\/es\/produto\/gel-de-aloe-vera-946-ml-lily-of-the-desert\/#primaryimage"},"thumbnailUrl":"https:\/\/www.lifenatura.com\/wp-content\/uploads\/2021\/09\/gd_gel_de_aloe_vera_946_ml_lily_of_the_desert.jpg","datePublished":"2021-09-30T10:20:12+00:00","dateModified":"2025-04-03T14:47:58+00:00","description":"Gel Oral de Aloe Vera de Lily of the Desert favorece el bienestar digestivo, alivia la acidez y refuerza las defensas. Suplemento natural con aloe vera.","breadcrumb":{"@id":"https:\/\/www.lifenatura.com\/es\/produto\/gel-de-aloe-vera-946-ml-lily-of-the-desert\/#breadcrumb"},"inLanguage":"es","potentialAction":[{"@type":"ReadAction","target":["https:\/\/www.lifenatura.com\/es\/produto\/gel-de-aloe-vera-946-ml-lily-of-the-desert\/"]}]},{"@type":"ImageObject","inLanguage":"es","@id":"https:\/\/www.lifenatura.com\/es\/produto\/gel-de-aloe-vera-946-ml-lily-of-the-desert\/#primaryimage","url":"https:\/\/www.lifenatura.com\/wp-content\/uploads\/2021\/09\/gd_gel_de_aloe_vera_946_ml_lily_of_the_desert.jpg","contentUrl":"https:\/\/www.lifenatura.com\/wp-content\/uploads\/2021\/09\/gd_gel_de_aloe_vera_946_ml_lily_of_the_desert.jpg","width":1000,"height":1000,"caption":"Gel de Aloe Vera 946 ml - Lily of the Desert"},{"@type":"BreadcrumbList","@id":"https:\/\/www.lifenatura.com\/es\/produto\/gel-de-aloe-vera-946-ml-lily-of-the-desert\/#breadcrumb","itemListElement":[{"@type":"ListItem","position":1,"name":"In\u00edcio","item":"https:\/\/www.lifenatura.com\/es\/"},{"@type":"ListItem","position":2,"name":"Todos los Productos","item":"https:\/\/www.lifenatura.com\/es\/tienda\/"},{"@type":"ListItem","position":3,"name":"Gel de Aloe Vera 946 ml &#8211; Lily of the Desert"}]},{"@type":"WebSite","@id":"https:\/\/www.lifenatura.com\/es\/#website","url":"https:\/\/www.lifenatura.com\/es\/","name":"Lifenatura","description":"A Lifenatura \u00e9 uma loja de produtos naturais, cosm\u00e9tica natural e alimenta\u00e7\u00e3o Biol\u00f3gica.","publisher":{"@id":"https:\/\/www.lifenatura.com\/es\/#organization"},"potentialAction":[{"@type":"SearchAction","target":{"@type":"EntryPoint","urlTemplate":"https:\/\/www.lifenatura.com\/es\/?s={search_term_string}"},"query-input":{"@type":"PropertyValueSpecification","valueRequired":true,"valueName":"search_term_string"}}],"inLanguage":"es"},{"@type":"Organization","@id":"https:\/\/www.lifenatura.com\/es\/#organization","name":"Lifenatura","url":"https:\/\/www.lifenatura.com\/es\/","logo":{"@type":"ImageObject","inLanguage":"es","@id":"https:\/\/www.lifenatura.com\/es\/#\/schema\/logo\/image\/","url":"https:\/\/www.lifenatura.com\/wp-content\/uploads\/2021\/07\/logo.png","contentUrl":"https:\/\/www.lifenatura.com\/wp-content\/uploads\/2021\/07\/logo.png","width":175,"height":55,"caption":"Lifenatura"},"image":{"@id":"https:\/\/www.lifenatura.com\/es\/#\/schema\/logo\/image\/"},"sameAs":["https:\/\/www.facebook.com\/lifenatura","https:\/\/www.instagram.com\/lifenaturapt\/"],"hasMerchantReturnPolicy":{"@type":"MerchantReturnPolicy","merchantReturnLink":"https:\/\/www.lifenatura.com\/termos-condicoes-lifenatura\/"}}]},"product_price_amount":"19.90","product_price_currency":"EUR","og_availability":"instock","product_availability":"instock","product_retailer_item_id":"8436037510588","product_condition":"new"},"df_price":19.9,"df_sale_price":19.9,"df_regular_price":27.65,"df_image_link":"https:\/\/www.lifenatura.com\/wp-content\/uploads\/2021\/09\/gd_gel_de_aloe_vera_946_ml_lily_of_the_desert-300x300.jpg","_links":{"self":[{"href":"https:\/\/www.lifenatura.com\/es\/wp-json\/wp\/v2\/product\/39243","targetHints":{"allow":["GET"]}}],"collection":[{"href":"https:\/\/www.lifenatura.com\/es\/wp-json\/wp\/v2\/product"}],"about":[{"href":"https:\/\/www.lifenatura.com\/es\/wp-json\/wp\/v2\/types\/product"}],"wp:featuredmedia":[{"embeddable":true,"href":"https:\/\/www.lifenatura.com\/es\/wp-json\/wp\/v2\/media\/20616"}],"wp:attachment":[{"href":"https:\/\/www.lifenatura.com\/es\/wp-json\/wp\/v2\/media?parent=39243"}],"wp:term":[{"taxonomy":"product_brand","embeddable":true,"href":"https:\/\/www.lifenatura.com\/es\/wp-json\/wp\/v2\/product_brand?post=39243"},{"taxonomy":"product_cat","embeddable":true,"href":"https:\/\/www.lifenatura.com\/es\/wp-json\/wp\/v2\/product_cat?post=39243"},{"taxonomy":"product_tag","embeddable":true,"href":"https:\/\/www.lifenatura.com\/es\/wp-json\/wp\/v2\/product_tag?post=39243"}],"curies":[{"name":"wp","href":"https:\/\/api.w.org\/{rel}","templated":true}]}}