{"id":39172,"date":"2021-09-30T10:18:55","date_gmt":"2021-09-30T10:18:55","guid":{"rendered":"https:\/\/lifenatura.dev.agenciagetdigital.com\/produto\/vitamina-e-natural-250-u-i-100-capsulas-lamberts\/"},"modified":"2026-02-17T07:59:02","modified_gmt":"2026-02-17T07:59:02","slug":"vitamina-e-natural-250-u-i-100-capsulas-lamberts","status":"publish","type":"product","link":"https:\/\/www.lifenatura.com\/es\/produto\/vitamina-e-natural-250-u-i-100-capsulas-lamberts\/","title":{"rendered":"Vitamina E-Natural 250 U.I 100 c\u00e1psulas &#8211; Lamberts"},"content":{"rendered":"<p>Vitaminas y Minerales La Vitamina E, act\u00faa en la prevenci\u00f3n de las enfermedades coronarias, pues impide la oxidaci\u00f3n de las grasas polinsaturadas. Aumenta el porcentaje de ox\u00edgeno en la sangre, retrasa el envejecimiento celular y reduce la fatiga. Es muy importante para disminuir el riesgo del infarto de miocardio. PRESENTACI\u00d3N 100 C\u00e1psulas.<\/p>\n","protected":false},"excerpt":{"rendered":"<p>Vitaminas y Minerales La Vitamina E, act\u00faa en la prevenci\u00f3n de las enfermedades coronarias, pues impide la oxidaci\u00f3n de las grasas polinsaturadas. Aumenta el porcentaje de ox\u00edgeno en la sangre, retrasa el envejecimiento celular y reduce la fatiga. Es muy importante para disminuir el riesgo del infarto de miocardio. PRESENTACI\u00d3N 100 C\u00e1psulas. [&#8230;]<\/p>\n<p><a class=\"btn btn-secondary understrap-read-more-link\" href=\"https:\/\/www.lifenatura.com\/es\/produto\/vitamina-e-natural-250-u-i-100-capsulas-lamberts\/\">Leer m\u00e1s&#8230;<span class=\"screen-reader-text\"> from Vitamina E-Natural 250 U.I 100 c\u00e1psulas &#8211; Lamberts<\/span><\/a><\/p>\n","protected":false},"featured_media":20589,"template":"","meta":{"_acf_changed":false},"product_brand":[8457],"product_cat":[7179,7883,7262],"product_tag":[],"class_list":{"0":"post-39172","1":"product","2":"type-product","3":"status-publish","4":"has-post-thumbnail","6":"product_brand-lamberts","7":"product_cat-salud","8":"product_cat-suplementos-alimenticios","9":"product_cat-vitamina-e-salud","11":"first","12":"outofstock","13":"shipping-taxable","14":"purchasable","15":"product-type-simple","16":"add-to-wishlist-before_image"},"acf":[],"yoast_head":"<!-- This site is optimized with the Yoast SEO Premium plugin v27.1 (Yoast SEO v27.4) - https:\/\/yoast.com\/product\/yoast-seo-premium-wordpress\/ -->\n<title>Vitamina E-Natural 250 U.I 100 c\u00e1psulas - Lamberts<\/title>\n<meta name=\"description\" content=\"La Vitamina E, act\u00faa en la prevenci\u00f3n de las enfermedades coronarias, pues impide la oxidaci\u00f3n de las grasas polinsaturadas.\" \/>\n<meta name=\"robots\" content=\"index, follow, max-snippet:-1, max-image-preview:large, max-video-preview:-1\" \/>\n<link rel=\"canonical\" href=\"https:\/\/www.lifenatura.com\/es\/produto\/vitamina-e-natural-250-u-i-100-capsulas-lamberts\/\" \/>\n<meta property=\"og:locale\" content=\"es_ES\" \/>\n<meta property=\"og:type\" content=\"article\" \/>\n<meta property=\"og:title\" content=\"Vitamina E-Natural 250 U.I 100 c\u00e1psulas - Lamberts - Lifenatura\" \/>\n<meta property=\"og:description\" content=\"Compre aqui o seu Vitamina E-Natural 250 U.I 100 c\u00e1psulas - Lamberts e a Lifenatura Online envia em 48 H com Portes Gratis &gt;35\u20ac de Pedido.\" \/>\n<meta property=\"og:url\" content=\"https:\/\/www.lifenatura.com\/es\/produto\/vitamina-e-natural-250-u-i-100-capsulas-lamberts\/\" \/>\n<meta property=\"og:site_name\" content=\"Lifenatura\" \/>\n<meta property=\"article:publisher\" content=\"https:\/\/www.facebook.com\/lifenatura\" \/>\n<meta property=\"article:modified_time\" content=\"2026-02-17T07:59:02+00:00\" \/>\n<meta property=\"og:image\" content=\"https:\/\/www.lifenatura.com\/wp-content\/uploads\/2021\/09\/gd_vitamina-e-natural-250-u-i-100-capsulas-lamberts.jpg\" \/>\n\t<meta property=\"og:image:width\" content=\"1000\" \/>\n\t<meta property=\"og:image:height\" content=\"1000\" \/>\n\t<meta property=\"og:image:type\" content=\"image\/jpeg\" \/>\n<meta name=\"twitter:card\" content=\"summary_large_image\" \/>\n<meta name=\"twitter:label1\" content=\"Precio\" \/>\n\t<meta name=\"twitter:data1\" content=\"20,71&nbsp;&euro;\" \/>\n\t<meta name=\"twitter:label2\" content=\"Disponibilidad\" \/>\n\t<meta name=\"twitter:data2\" content=\"Sin existencias\" \/>\n<meta property=\"product:price:amount\" content=\"20.71\" \/>\n<meta property=\"product:price:currency\" content=\"EUR\" \/>\n<meta property=\"og:availability\" content=\"out of stock\" \/>\n<meta property=\"product:availability\" content=\"out of stock\" \/>\n<meta property=\"product:retailer_item_id\" content=\"5055148400033\" \/>\n<meta property=\"product:condition\" content=\"new\" \/>\n<!-- \/ Yoast SEO Premium plugin. -->","yoast_head_json":{"title":"Vitamina E-Natural 250 U.I 100 c\u00e1psulas - Lamberts","description":"La Vitamina E, act\u00faa en la prevenci\u00f3n de las enfermedades coronarias, pues impide la oxidaci\u00f3n de las grasas polinsaturadas.","robots":{"index":"index","follow":"follow","max-snippet":"max-snippet:-1","max-image-preview":"max-image-preview:large","max-video-preview":"max-video-preview:-1"},"canonical":"https:\/\/www.lifenatura.com\/es\/produto\/vitamina-e-natural-250-u-i-100-capsulas-lamberts\/","og_locale":"es_ES","og_type":"article","og_title":"Vitamina E-Natural 250 U.I 100 c\u00e1psulas - Lamberts - Lifenatura","og_description":"Compre aqui o seu Vitamina E-Natural 250 U.I 100 c\u00e1psulas - Lamberts e a Lifenatura Online envia em 48 H com Portes Gratis >35\u20ac de Pedido.","og_url":"https:\/\/www.lifenatura.com\/es\/produto\/vitamina-e-natural-250-u-i-100-capsulas-lamberts\/","og_site_name":"Lifenatura","article_publisher":"https:\/\/www.facebook.com\/lifenatura","article_modified_time":"2026-02-17T07:59:02+00:00","og_image":[{"width":1000,"height":1000,"url":"https:\/\/www.lifenatura.com\/wp-content\/uploads\/2021\/09\/gd_vitamina-e-natural-250-u-i-100-capsulas-lamberts.jpg","type":"image\/jpeg"}],"twitter_card":"summary_large_image","twitter_misc":{"Precio":"20,71&nbsp;&euro;","Disponibilidad":"Sin existencias"},"schema":{"@context":"https:\/\/schema.org","@graph":[{"@type":"WebPage","@id":"https:\/\/www.lifenatura.com\/es\/produto\/vitamina-e-natural-250-u-i-100-capsulas-lamberts\/","url":"https:\/\/www.lifenatura.com\/es\/produto\/vitamina-e-natural-250-u-i-100-capsulas-lamberts\/","name":"Vitamina E-Natural 250 U.I 100 c\u00e1psulas - Lamberts","isPartOf":{"@id":"https:\/\/www.lifenatura.com\/es\/#website"},"primaryImageOfPage":{"@id":"https:\/\/www.lifenatura.com\/es\/produto\/vitamina-e-natural-250-u-i-100-capsulas-lamberts\/#primaryimage"},"image":{"@id":"https:\/\/www.lifenatura.com\/es\/produto\/vitamina-e-natural-250-u-i-100-capsulas-lamberts\/#primaryimage"},"thumbnailUrl":"https:\/\/www.lifenatura.com\/wp-content\/uploads\/2021\/09\/gd_vitamina-e-natural-250-u-i-100-capsulas-lamberts.jpg","datePublished":"2021-09-30T10:18:55+00:00","dateModified":"2026-02-17T07:59:02+00:00","description":"La Vitamina E, act\u00faa en la prevenci\u00f3n de las enfermedades coronarias, pues impide la oxidaci\u00f3n de las grasas polinsaturadas.","breadcrumb":{"@id":"https:\/\/www.lifenatura.com\/es\/produto\/vitamina-e-natural-250-u-i-100-capsulas-lamberts\/#breadcrumb"},"inLanguage":"es","potentialAction":[{"@type":"ReadAction","target":["https:\/\/www.lifenatura.com\/es\/produto\/vitamina-e-natural-250-u-i-100-capsulas-lamberts\/"]}]},{"@type":"ImageObject","inLanguage":"es","@id":"https:\/\/www.lifenatura.com\/es\/produto\/vitamina-e-natural-250-u-i-100-capsulas-lamberts\/#primaryimage","url":"https:\/\/www.lifenatura.com\/wp-content\/uploads\/2021\/09\/gd_vitamina-e-natural-250-u-i-100-capsulas-lamberts.jpg","contentUrl":"https:\/\/www.lifenatura.com\/wp-content\/uploads\/2021\/09\/gd_vitamina-e-natural-250-u-i-100-capsulas-lamberts.jpg","width":1000,"height":1000,"caption":"Vitamina E-Natural 250 U.I 100 c\u00e1psulas - Lamberts"},{"@type":"BreadcrumbList","@id":"https:\/\/www.lifenatura.com\/es\/produto\/vitamina-e-natural-250-u-i-100-capsulas-lamberts\/#breadcrumb","itemListElement":[{"@type":"ListItem","position":1,"name":"In\u00edcio","item":"https:\/\/www.lifenatura.com\/es\/"},{"@type":"ListItem","position":2,"name":"Todos los Productos","item":"https:\/\/www.lifenatura.com\/es\/tienda\/"},{"@type":"ListItem","position":3,"name":"Vitamina E-Natural 250 U.I 100 c\u00e1psulas &#8211; Lamberts"}]},{"@type":"WebSite","@id":"https:\/\/www.lifenatura.com\/es\/#website","url":"https:\/\/www.lifenatura.com\/es\/","name":"Lifenatura","description":"A Lifenatura \u00e9 uma loja de produtos naturais, cosm\u00e9tica natural e alimenta\u00e7\u00e3o Biol\u00f3gica.","publisher":{"@id":"https:\/\/www.lifenatura.com\/es\/#organization"},"potentialAction":[{"@type":"SearchAction","target":{"@type":"EntryPoint","urlTemplate":"https:\/\/www.lifenatura.com\/es\/?s={search_term_string}"},"query-input":{"@type":"PropertyValueSpecification","valueRequired":true,"valueName":"search_term_string"}}],"inLanguage":"es"},{"@type":"Organization","@id":"https:\/\/www.lifenatura.com\/es\/#organization","name":"Lifenatura","url":"https:\/\/www.lifenatura.com\/es\/","logo":{"@type":"ImageObject","inLanguage":"es","@id":"https:\/\/www.lifenatura.com\/es\/#\/schema\/logo\/image\/","url":"https:\/\/www.lifenatura.com\/wp-content\/uploads\/2021\/11\/logo.png","contentUrl":"https:\/\/www.lifenatura.com\/wp-content\/uploads\/2021\/11\/logo.png","width":175,"height":55,"caption":"Lifenatura"},"image":{"@id":"https:\/\/www.lifenatura.com\/es\/#\/schema\/logo\/image\/"},"sameAs":["https:\/\/www.facebook.com\/lifenatura","https:\/\/www.instagram.com\/lifenaturapt\/"]}]},"product_price_amount":"20.71","product_price_currency":"EUR","og_availability":"out of stock","product_availability":"out of stock","product_retailer_item_id":"5055148400033","product_condition":"new"},"df_price":20.71,"df_sale_price":"","df_regular_price":20.71,"df_image_link":"https:\/\/www.lifenatura.com\/wp-content\/uploads\/2021\/09\/gd_vitamina-e-natural-250-u-i-100-capsulas-lamberts-300x300.jpg","_links":{"self":[{"href":"https:\/\/www.lifenatura.com\/es\/wp-json\/wp\/v2\/product\/39172","targetHints":{"allow":["GET"]}}],"collection":[{"href":"https:\/\/www.lifenatura.com\/es\/wp-json\/wp\/v2\/product"}],"about":[{"href":"https:\/\/www.lifenatura.com\/es\/wp-json\/wp\/v2\/types\/product"}],"wp:featuredmedia":[{"embeddable":true,"href":"https:\/\/www.lifenatura.com\/es\/wp-json\/wp\/v2\/media\/20589"}],"wp:attachment":[{"href":"https:\/\/www.lifenatura.com\/es\/wp-json\/wp\/v2\/media?parent=39172"}],"wp:term":[{"taxonomy":"product_brand","embeddable":true,"href":"https:\/\/www.lifenatura.com\/es\/wp-json\/wp\/v2\/product_brand?post=39172"},{"taxonomy":"product_cat","embeddable":true,"href":"https:\/\/www.lifenatura.com\/es\/wp-json\/wp\/v2\/product_cat?post=39172"},{"taxonomy":"product_tag","embeddable":true,"href":"https:\/\/www.lifenatura.com\/es\/wp-json\/wp\/v2\/product_tag?post=39172"}],"curies":[{"name":"wp","href":"https:\/\/api.w.org\/{rel}","templated":true}]}}