{"id":39168,"date":"2021-09-30T10:18:55","date_gmt":"2021-09-30T10:18:55","guid":{"rendered":"https:\/\/lifenatura.dev.agenciagetdigital.com\/produto\/vitamina-d-3-400-ui-120-comprimidos-lamberts\/"},"modified":"2026-02-17T07:59:01","modified_gmt":"2026-02-17T07:59:01","slug":"vitamina-d-3-400-ui-120-comprimidos-lamberts","status":"publish","type":"product","link":"https:\/\/www.lifenatura.com\/es\/produto\/vitamina-d-3-400-ui-120-comprimidos-lamberts\/","title":{"rendered":"Vitamina D-3 400 UI 120 comprimidos &#8211; Lamberts"},"content":{"rendered":"<p>Vitaminas y Minerales La vitamina D-3 400 UI se convierte en nuestro cuerpo en una importante hormona que controla el metabolismo del calcio. Por eso, es esencial para mantener la salud de los huesos (densidad \u00f3sea en adultos y ni\u00f1os) y de los dientes. Tambi\u00e9n es importante para el sistema inmunol\u00f3gico y para el normal funcionamiento de los m\u00fasculos. PRESENTACI\u00d3N 120 comprimidos.<\/p>\n","protected":false},"excerpt":{"rendered":"<p>Vitaminas y Minerales La vitamina D-3 400 UI se convierte en nuestro cuerpo en una importante hormona que controla el metabolismo del calcio. Por eso, es esencial para mantener la salud de los huesos (densidad \u00f3sea en adultos y ni\u00f1os) y de los dientes. Tambi\u00e9n es importante para el sistema inmunol\u00f3gico y para el normal [&#8230;]<\/p>\n<p><a class=\"btn btn-secondary understrap-read-more-link\" href=\"https:\/\/www.lifenatura.com\/es\/produto\/vitamina-d-3-400-ui-120-comprimidos-lamberts\/\">Leer m\u00e1s&#8230;<span class=\"screen-reader-text\"> from Vitamina D-3 400 UI 120 comprimidos &#8211; Lamberts<\/span><\/a><\/p>\n","protected":false},"featured_media":20585,"template":"","meta":{"_acf_changed":false},"product_brand":[8457],"product_cat":[7179,7883,7261],"product_tag":[],"class_list":{"0":"post-39168","1":"product","2":"type-product","3":"status-publish","4":"has-post-thumbnail","6":"product_brand-lamberts","7":"product_cat-salud","8":"product_cat-suplementos-alimenticios","9":"product_cat-vitamina-d-salud","11":"first","12":"instock","13":"sale","14":"featured","15":"shipping-taxable","16":"purchasable","17":"product-type-simple","18":"add-to-wishlist-before_image"},"acf":[],"yoast_head":"<!-- This site is optimized with the Yoast SEO Premium plugin v27.1 (Yoast SEO v27.4) - https:\/\/yoast.com\/product\/yoast-seo-premium-wordpress\/ -->\n<title>Vitamina D-3 400 UI 120 comprimidos - Lamberts<\/title>\n<meta name=\"description\" content=\"La vitamina D-3 400 UI se convierte en nuestro cuerpo en una importante hormona que controla el metabolismo del calcio.\" \/>\n<meta name=\"robots\" content=\"index, follow, max-snippet:-1, max-image-preview:large, max-video-preview:-1\" \/>\n<link rel=\"canonical\" href=\"https:\/\/www.lifenatura.com\/es\/produto\/vitamina-d-3-400-ui-120-comprimidos-lamberts\/\" \/>\n<meta property=\"og:locale\" content=\"es_ES\" \/>\n<meta property=\"og:type\" content=\"article\" \/>\n<meta property=\"og:title\" content=\"Vitamina D-3 400 UI 120 comprimidos - Lamberts - Lifenatura\" \/>\n<meta property=\"og:description\" content=\"Compre aqui o seu Vitamina D-3 400 UI 120 comprimidos - Lamberts e a Lifenatura Online envia em 48 H com Portes Gratis &gt;35\u20ac de Pedido.\" \/>\n<meta property=\"og:url\" content=\"https:\/\/www.lifenatura.com\/es\/produto\/vitamina-d-3-400-ui-120-comprimidos-lamberts\/\" \/>\n<meta property=\"og:site_name\" content=\"Lifenatura\" \/>\n<meta property=\"article:publisher\" content=\"https:\/\/www.facebook.com\/lifenatura\" \/>\n<meta property=\"article:modified_time\" content=\"2026-02-17T07:59:01+00:00\" \/>\n<meta property=\"og:image\" content=\"https:\/\/www.lifenatura.com\/wp-content\/uploads\/2021\/09\/gd_vitamina-d-3-400-ui-120-comprimidos-lamberts.jpg\" \/>\n\t<meta property=\"og:image:width\" content=\"1000\" \/>\n\t<meta property=\"og:image:height\" content=\"1000\" \/>\n\t<meta property=\"og:image:type\" content=\"image\/jpeg\" \/>\n<meta name=\"twitter:card\" content=\"summary_large_image\" \/>\n<meta name=\"twitter:label1\" content=\"Precio\" \/>\n\t<meta name=\"twitter:data1\" content=\"18,60&nbsp;&euro;\" \/>\n\t<meta name=\"twitter:label2\" content=\"Disponibilidad\" \/>\n\t<meta name=\"twitter:data2\" content=\"Disponible\" \/>\n<meta property=\"product:price:amount\" content=\"18.60\" \/>\n<meta property=\"product:price:currency\" content=\"EUR\" \/>\n<meta property=\"og:availability\" content=\"instock\" \/>\n<meta property=\"product:availability\" content=\"instock\" \/>\n<meta property=\"product:retailer_item_id\" content=\"5055148403942\" \/>\n<meta property=\"product:condition\" content=\"new\" \/>\n<!-- \/ Yoast SEO Premium plugin. -->","yoast_head_json":{"title":"Vitamina D-3 400 UI 120 comprimidos - Lamberts","description":"La vitamina D-3 400 UI se convierte en nuestro cuerpo en una importante hormona que controla el metabolismo del calcio.","robots":{"index":"index","follow":"follow","max-snippet":"max-snippet:-1","max-image-preview":"max-image-preview:large","max-video-preview":"max-video-preview:-1"},"canonical":"https:\/\/www.lifenatura.com\/es\/produto\/vitamina-d-3-400-ui-120-comprimidos-lamberts\/","og_locale":"es_ES","og_type":"article","og_title":"Vitamina D-3 400 UI 120 comprimidos - Lamberts - Lifenatura","og_description":"Compre aqui o seu Vitamina D-3 400 UI 120 comprimidos - Lamberts e a Lifenatura Online envia em 48 H com Portes Gratis >35\u20ac de Pedido.","og_url":"https:\/\/www.lifenatura.com\/es\/produto\/vitamina-d-3-400-ui-120-comprimidos-lamberts\/","og_site_name":"Lifenatura","article_publisher":"https:\/\/www.facebook.com\/lifenatura","article_modified_time":"2026-02-17T07:59:01+00:00","og_image":[{"width":1000,"height":1000,"url":"https:\/\/www.lifenatura.com\/wp-content\/uploads\/2021\/09\/gd_vitamina-d-3-400-ui-120-comprimidos-lamberts.jpg","type":"image\/jpeg"}],"twitter_card":"summary_large_image","twitter_misc":{"Precio":"18,60&nbsp;&euro;","Disponibilidad":"Disponible"},"schema":{"@context":"https:\/\/schema.org","@graph":[{"@type":"WebPage","@id":"https:\/\/www.lifenatura.com\/es\/produto\/vitamina-d-3-400-ui-120-comprimidos-lamberts\/","url":"https:\/\/www.lifenatura.com\/es\/produto\/vitamina-d-3-400-ui-120-comprimidos-lamberts\/","name":"Vitamina D-3 400 UI 120 comprimidos - Lamberts","isPartOf":{"@id":"https:\/\/www.lifenatura.com\/es\/#website"},"primaryImageOfPage":{"@id":"https:\/\/www.lifenatura.com\/es\/produto\/vitamina-d-3-400-ui-120-comprimidos-lamberts\/#primaryimage"},"image":{"@id":"https:\/\/www.lifenatura.com\/es\/produto\/vitamina-d-3-400-ui-120-comprimidos-lamberts\/#primaryimage"},"thumbnailUrl":"https:\/\/www.lifenatura.com\/wp-content\/uploads\/2021\/09\/gd_vitamina-d-3-400-ui-120-comprimidos-lamberts.jpg","datePublished":"2021-09-30T10:18:55+00:00","dateModified":"2026-02-17T07:59:01+00:00","description":"La vitamina D-3 400 UI se convierte en nuestro cuerpo en una importante hormona que controla el metabolismo del calcio.","breadcrumb":{"@id":"https:\/\/www.lifenatura.com\/es\/produto\/vitamina-d-3-400-ui-120-comprimidos-lamberts\/#breadcrumb"},"inLanguage":"es","potentialAction":[{"@type":"ReadAction","target":["https:\/\/www.lifenatura.com\/es\/produto\/vitamina-d-3-400-ui-120-comprimidos-lamberts\/"]}]},{"@type":"ImageObject","inLanguage":"es","@id":"https:\/\/www.lifenatura.com\/es\/produto\/vitamina-d-3-400-ui-120-comprimidos-lamberts\/#primaryimage","url":"https:\/\/www.lifenatura.com\/wp-content\/uploads\/2021\/09\/gd_vitamina-d-3-400-ui-120-comprimidos-lamberts.jpg","contentUrl":"https:\/\/www.lifenatura.com\/wp-content\/uploads\/2021\/09\/gd_vitamina-d-3-400-ui-120-comprimidos-lamberts.jpg","width":1000,"height":1000,"caption":"Vitamina D-3 400 UI 120 comprimidos - Lamberts"},{"@type":"BreadcrumbList","@id":"https:\/\/www.lifenatura.com\/es\/produto\/vitamina-d-3-400-ui-120-comprimidos-lamberts\/#breadcrumb","itemListElement":[{"@type":"ListItem","position":1,"name":"In\u00edcio","item":"https:\/\/www.lifenatura.com\/es\/"},{"@type":"ListItem","position":2,"name":"Todos los Productos","item":"https:\/\/www.lifenatura.com\/es\/tienda\/"},{"@type":"ListItem","position":3,"name":"Vitamina D-3 400 UI 120 comprimidos &#8211; Lamberts"}]},{"@type":"WebSite","@id":"https:\/\/www.lifenatura.com\/es\/#website","url":"https:\/\/www.lifenatura.com\/es\/","name":"Lifenatura","description":"A Lifenatura \u00e9 uma loja de produtos naturais, cosm\u00e9tica natural e alimenta\u00e7\u00e3o Biol\u00f3gica.","publisher":{"@id":"https:\/\/www.lifenatura.com\/es\/#organization"},"potentialAction":[{"@type":"SearchAction","target":{"@type":"EntryPoint","urlTemplate":"https:\/\/www.lifenatura.com\/es\/?s={search_term_string}"},"query-input":{"@type":"PropertyValueSpecification","valueRequired":true,"valueName":"search_term_string"}}],"inLanguage":"es"},{"@type":"Organization","@id":"https:\/\/www.lifenatura.com\/es\/#organization","name":"Lifenatura","url":"https:\/\/www.lifenatura.com\/es\/","logo":{"@type":"ImageObject","inLanguage":"es","@id":"https:\/\/www.lifenatura.com\/es\/#\/schema\/logo\/image\/","url":"https:\/\/www.lifenatura.com\/wp-content\/uploads\/2021\/11\/logo.png","contentUrl":"https:\/\/www.lifenatura.com\/wp-content\/uploads\/2021\/11\/logo.png","width":175,"height":55,"caption":"Lifenatura"},"image":{"@id":"https:\/\/www.lifenatura.com\/es\/#\/schema\/logo\/image\/"},"sameAs":["https:\/\/www.facebook.com\/lifenatura","https:\/\/www.instagram.com\/lifenaturapt\/"]}]},"product_price_amount":"18.60","product_price_currency":"EUR","og_availability":"instock","product_availability":"instock","product_retailer_item_id":"5055148403942","product_condition":"new"},"df_price":18.6,"df_sale_price":18.6,"df_regular_price":27.76,"df_image_link":"https:\/\/www.lifenatura.com\/wp-content\/uploads\/2021\/09\/gd_vitamina-d-3-400-ui-120-comprimidos-lamberts-300x300.jpg","_links":{"self":[{"href":"https:\/\/www.lifenatura.com\/es\/wp-json\/wp\/v2\/product\/39168","targetHints":{"allow":["GET"]}}],"collection":[{"href":"https:\/\/www.lifenatura.com\/es\/wp-json\/wp\/v2\/product"}],"about":[{"href":"https:\/\/www.lifenatura.com\/es\/wp-json\/wp\/v2\/types\/product"}],"wp:featuredmedia":[{"embeddable":true,"href":"https:\/\/www.lifenatura.com\/es\/wp-json\/wp\/v2\/media\/20585"}],"wp:attachment":[{"href":"https:\/\/www.lifenatura.com\/es\/wp-json\/wp\/v2\/media?parent=39168"}],"wp:term":[{"taxonomy":"product_brand","embeddable":true,"href":"https:\/\/www.lifenatura.com\/es\/wp-json\/wp\/v2\/product_brand?post=39168"},{"taxonomy":"product_cat","embeddable":true,"href":"https:\/\/www.lifenatura.com\/es\/wp-json\/wp\/v2\/product_cat?post=39168"},{"taxonomy":"product_tag","embeddable":true,"href":"https:\/\/www.lifenatura.com\/es\/wp-json\/wp\/v2\/product_tag?post=39168"}],"curies":[{"name":"wp","href":"https:\/\/api.w.org\/{rel}","templated":true}]}}