{"id":39146,"date":"2021-09-30T10:18:36","date_gmt":"2021-09-30T10:18:36","guid":{"rendered":"https:\/\/lifenatura.dev.agenciagetdigital.com\/produto\/prostex-90-comprimidos-lamberts\/"},"modified":"2026-02-17T07:58:52","modified_gmt":"2026-02-17T07:58:52","slug":"prostex-90-comprimidos-lamberts","status":"publish","type":"product","link":"https:\/\/www.lifenatura.com\/es\/produto\/prostex-90-comprimidos-lamberts\/","title":{"rendered":"Prostex 90 comprimidos &#8211; Lamberts"},"content":{"rendered":"<p>Indicado para la Pr\u00f3stata Prostex de Lamberts es un suplemento alimentario indicado para la salud de la pr\u00f3stata, siendo beneficioso en caso de Hiperplasia Benigna de la Pr\u00f3stata (HBP), condici\u00f3n en que hay un aumento del tama\u00f1o de la pr\u00f3stata, pudiendo presionar la uretra. Los s\u00edntomas resultantes incluyen micci\u00f3n frecuente y dolorosa y dificultad para vaciar la orina. En la composici\u00f3n: Beta Sitoterol, Quercetina, Glicina, \u00c1cido L-Glut\u00e1mico, L-Alanina, Zinc, Tiamina, Riboflavina y vitaminas C, E y D. PRESENTACI\u00d3N 90 comprimidos.<\/p>\n","protected":false},"excerpt":{"rendered":"<p>Indicado para la Pr\u00f3stata Prostex de Lamberts es un suplemento alimentario indicado para la salud de la pr\u00f3stata, siendo beneficioso en caso de Hiperplasia Benigna de la Pr\u00f3stata (HBP), condici\u00f3n en que hay un aumento del tama\u00f1o de la pr\u00f3stata, pudiendo presionar la uretra. Los s\u00edntomas resultantes incluyen micci\u00f3n frecuente y dolorosa y dificultad para [&#8230;]<\/p>\n<p><a class=\"btn btn-secondary understrap-read-more-link\" href=\"https:\/\/www.lifenatura.com\/es\/produto\/prostex-90-comprimidos-lamberts\/\">Leer m\u00e1s&#8230;<span class=\"screen-reader-text\"> from Prostex 90 comprimidos &#8211; Lamberts<\/span><\/a><\/p>\n","protected":false},"featured_media":20564,"template":"","meta":{"_acf_changed":false},"product_brand":[8457],"product_cat":[7259,7251,7179,7262],"product_tag":[],"class_list":{"0":"post-39146","1":"product","2":"type-product","3":"status-publish","4":"has-post-thumbnail","6":"product_brand-lamberts","7":"product_cat-vitaminas-y-minerales","8":"product_cat-prostata-salud","9":"product_cat-salud","10":"product_cat-vitamina-e-salud","12":"first","13":"instock","14":"sale","15":"featured","16":"shipping-taxable","17":"purchasable","18":"product-type-simple","19":"add-to-wishlist-before_image"},"acf":[],"yoast_head":"<!-- This site is optimized with the Yoast SEO Premium plugin v27.1 (Yoast SEO v27.5) - https:\/\/yoast.com\/product\/yoast-seo-premium-wordpress\/ -->\n<title>Prostex 90 comprimidos - Lamberts<\/title>\n<meta name=\"description\" content=\"Prostex de Lamberts es un suplemento alimentario indicado para la salud de la pr\u00f3stata, siendo beneficioso en caso de Hiperplasia Benigna de la Pr\u00f3stata (HBP).\" \/>\n<meta name=\"robots\" content=\"index, follow, max-snippet:-1, max-image-preview:large, max-video-preview:-1\" \/>\n<link rel=\"canonical\" href=\"https:\/\/www.lifenatura.com\/es\/produto\/prostex-90-comprimidos-lamberts\/\" \/>\n<meta property=\"og:locale\" content=\"es_ES\" \/>\n<meta property=\"og:type\" content=\"article\" \/>\n<meta property=\"og:title\" content=\"Prostex 90 comprimidos - Lamberts - Na Lifenatura ao Melhor Pre\u00e7o | Envio 48h\" \/>\n<meta property=\"og:description\" content=\"Compre Prostex 90 comprimidos - Lamberts com envio r\u00e1pido. Entrega em 48h e portes gr\u00e1tis em compras &gt;35\u20ac. Aproveite j\u00e1 na Lifenatura\" \/>\n<meta property=\"og:url\" content=\"https:\/\/www.lifenatura.com\/es\/produto\/prostex-90-comprimidos-lamberts\/\" \/>\n<meta property=\"og:site_name\" content=\"Lifenatura\" \/>\n<meta property=\"article:publisher\" content=\"https:\/\/www.facebook.com\/lifenatura\" \/>\n<meta property=\"article:modified_time\" content=\"2026-02-17T07:58:52+00:00\" \/>\n<meta property=\"og:image\" content=\"https:\/\/www.lifenatura.com\/wp-content\/uploads\/2021\/09\/gd_prostex-90-comprimidos-lamberts.jpg\" \/>\n\t<meta property=\"og:image:width\" content=\"1000\" \/>\n\t<meta property=\"og:image:height\" content=\"1000\" \/>\n\t<meta property=\"og:image:type\" content=\"image\/jpeg\" \/>\n<meta name=\"twitter:card\" content=\"summary_large_image\" \/>\n<meta name=\"twitter:label1\" content=\"Precio\" \/>\n\t<meta name=\"twitter:data1\" content=\"48,43&nbsp;&euro;\" \/>\n\t<meta name=\"twitter:label2\" content=\"Disponibilidad\" \/>\n\t<meta name=\"twitter:data2\" content=\"Disponible\" \/>\n<script type=\"application\/ld+json\" class=\"yoast-schema-graph\">{\"@context\":\"https:\\\/\\\/schema.org\",\"@graph\":[{\"@type\":\"WebPage\",\"@id\":\"https:\\\/\\\/www.lifenatura.com\\\/es\\\/produto\\\/prostex-90-comprimidos-lamberts\\\/\",\"url\":\"https:\\\/\\\/www.lifenatura.com\\\/es\\\/produto\\\/prostex-90-comprimidos-lamberts\\\/\",\"name\":\"Prostex 90 comprimidos - Lamberts\",\"isPartOf\":{\"@id\":\"https:\\\/\\\/www.lifenatura.com\\\/es\\\/#website\"},\"primaryImageOfPage\":{\"@id\":\"https:\\\/\\\/www.lifenatura.com\\\/es\\\/produto\\\/prostex-90-comprimidos-lamberts\\\/#primaryimage\"},\"image\":{\"@id\":\"https:\\\/\\\/www.lifenatura.com\\\/es\\\/produto\\\/prostex-90-comprimidos-lamberts\\\/#primaryimage\"},\"thumbnailUrl\":\"https:\\\/\\\/www.lifenatura.com\\\/wp-content\\\/uploads\\\/2021\\\/09\\\/gd_prostex-90-comprimidos-lamberts.jpg\",\"datePublished\":\"2021-09-30T10:18:36+00:00\",\"dateModified\":\"2026-02-17T07:58:52+00:00\",\"description\":\"Prostex de Lamberts es un suplemento alimentario indicado para la salud de la pr\u00f3stata, siendo beneficioso en caso de Hiperplasia Benigna de la Pr\u00f3stata (HBP).\",\"breadcrumb\":{\"@id\":\"https:\\\/\\\/www.lifenatura.com\\\/es\\\/produto\\\/prostex-90-comprimidos-lamberts\\\/#breadcrumb\"},\"inLanguage\":\"es\",\"potentialAction\":[{\"@type\":\"ReadAction\",\"target\":[\"https:\\\/\\\/www.lifenatura.com\\\/es\\\/produto\\\/prostex-90-comprimidos-lamberts\\\/\"]}]},{\"@type\":\"ImageObject\",\"inLanguage\":\"es\",\"@id\":\"https:\\\/\\\/www.lifenatura.com\\\/es\\\/produto\\\/prostex-90-comprimidos-lamberts\\\/#primaryimage\",\"url\":\"https:\\\/\\\/www.lifenatura.com\\\/wp-content\\\/uploads\\\/2021\\\/09\\\/gd_prostex-90-comprimidos-lamberts.jpg\",\"contentUrl\":\"https:\\\/\\\/www.lifenatura.com\\\/wp-content\\\/uploads\\\/2021\\\/09\\\/gd_prostex-90-comprimidos-lamberts.jpg\",\"width\":1000,\"height\":1000,\"caption\":\"Prostex 90 comprimidos - Lamberts\"},{\"@type\":\"BreadcrumbList\",\"@id\":\"https:\\\/\\\/www.lifenatura.com\\\/es\\\/produto\\\/prostex-90-comprimidos-lamberts\\\/#breadcrumb\",\"itemListElement\":[{\"@type\":\"ListItem\",\"position\":1,\"name\":\"In\u00edcio\",\"item\":\"https:\\\/\\\/www.lifenatura.com\\\/es\\\/\"},{\"@type\":\"ListItem\",\"position\":2,\"name\":\"Todos los Productos\",\"item\":\"https:\\\/\\\/www.lifenatura.com\\\/es\\\/tienda\\\/\"},{\"@type\":\"ListItem\",\"position\":3,\"name\":\"Prostex 90 comprimidos &#8211; Lamberts\"}]},{\"@type\":\"WebSite\",\"@id\":\"https:\\\/\\\/www.lifenatura.com\\\/es\\\/#website\",\"url\":\"https:\\\/\\\/www.lifenatura.com\\\/es\\\/\",\"name\":\"Lifenatura\",\"description\":\"A Lifenatura \u00e9 uma loja de produtos naturais, cosm\u00e9tica natural e alimenta\u00e7\u00e3o Biol\u00f3gica.\",\"publisher\":{\"@id\":\"https:\\\/\\\/www.lifenatura.com\\\/es\\\/#organization\"},\"potentialAction\":[{\"@type\":\"SearchAction\",\"target\":{\"@type\":\"EntryPoint\",\"urlTemplate\":\"https:\\\/\\\/www.lifenatura.com\\\/es\\\/?s={search_term_string}\"},\"query-input\":{\"@type\":\"PropertyValueSpecification\",\"valueRequired\":true,\"valueName\":\"search_term_string\"}}],\"inLanguage\":\"es\"},{\"@type\":\"Organization\",\"@id\":\"https:\\\/\\\/www.lifenatura.com\\\/es\\\/#organization\",\"name\":\"Lifenatura\",\"url\":\"https:\\\/\\\/www.lifenatura.com\\\/es\\\/\",\"logo\":{\"@type\":\"ImageObject\",\"inLanguage\":\"es\",\"@id\":\"https:\\\/\\\/www.lifenatura.com\\\/es\\\/#\\\/schema\\\/logo\\\/image\\\/\",\"url\":\"https:\\\/\\\/www.lifenatura.com\\\/wp-content\\\/uploads\\\/2021\\\/07\\\/logo.png\",\"contentUrl\":\"https:\\\/\\\/www.lifenatura.com\\\/wp-content\\\/uploads\\\/2021\\\/07\\\/logo.png\",\"width\":175,\"height\":55,\"caption\":\"Lifenatura\"},\"image\":{\"@id\":\"https:\\\/\\\/www.lifenatura.com\\\/es\\\/#\\\/schema\\\/logo\\\/image\\\/\"},\"sameAs\":[\"https:\\\/\\\/www.facebook.com\\\/lifenatura\",\"https:\\\/\\\/www.instagram.com\\\/lifenaturapt\\\/\"],\"hasMerchantReturnPolicy\":{\"@type\":\"MerchantReturnPolicy\",\"merchantReturnLink\":\"https:\\\/\\\/www.lifenatura.com\\\/termos-condicoes-lifenatura\\\/\"}}]}<\/script>\n<meta property=\"product:price:amount\" content=\"48.43\" \/>\n<meta property=\"product:price:currency\" content=\"EUR\" \/>\n<meta property=\"og:availability\" content=\"instock\" \/>\n<meta property=\"product:availability\" content=\"instock\" \/>\n<meta property=\"product:retailer_item_id\" content=\"5055148409944\" \/>\n<meta property=\"product:condition\" content=\"new\" \/>\n<!-- \/ Yoast SEO Premium plugin. -->","yoast_head_json":{"title":"Prostex 90 comprimidos - Lamberts","description":"Prostex de Lamberts es un suplemento alimentario indicado para la salud de la pr\u00f3stata, siendo beneficioso en caso de Hiperplasia Benigna de la Pr\u00f3stata (HBP).","robots":{"index":"index","follow":"follow","max-snippet":"max-snippet:-1","max-image-preview":"max-image-preview:large","max-video-preview":"max-video-preview:-1"},"canonical":"https:\/\/www.lifenatura.com\/es\/produto\/prostex-90-comprimidos-lamberts\/","og_locale":"es_ES","og_type":"article","og_title":"Prostex 90 comprimidos - Lamberts - Na Lifenatura ao Melhor Pre\u00e7o | Envio 48h","og_description":"Compre Prostex 90 comprimidos - Lamberts com envio r\u00e1pido. Entrega em 48h e portes gr\u00e1tis em compras >35\u20ac. Aproveite j\u00e1 na Lifenatura","og_url":"https:\/\/www.lifenatura.com\/es\/produto\/prostex-90-comprimidos-lamberts\/","og_site_name":"Lifenatura","article_publisher":"https:\/\/www.facebook.com\/lifenatura","article_modified_time":"2026-02-17T07:58:52+00:00","og_image":[{"width":1000,"height":1000,"url":"https:\/\/www.lifenatura.com\/wp-content\/uploads\/2021\/09\/gd_prostex-90-comprimidos-lamberts.jpg","type":"image\/jpeg"}],"twitter_card":"summary_large_image","twitter_misc":{"Precio":"48,43&nbsp;&euro;","Disponibilidad":"Disponible"},"schema":{"@context":"https:\/\/schema.org","@graph":[{"@type":"WebPage","@id":"https:\/\/www.lifenatura.com\/es\/produto\/prostex-90-comprimidos-lamberts\/","url":"https:\/\/www.lifenatura.com\/es\/produto\/prostex-90-comprimidos-lamberts\/","name":"Prostex 90 comprimidos - Lamberts","isPartOf":{"@id":"https:\/\/www.lifenatura.com\/es\/#website"},"primaryImageOfPage":{"@id":"https:\/\/www.lifenatura.com\/es\/produto\/prostex-90-comprimidos-lamberts\/#primaryimage"},"image":{"@id":"https:\/\/www.lifenatura.com\/es\/produto\/prostex-90-comprimidos-lamberts\/#primaryimage"},"thumbnailUrl":"https:\/\/www.lifenatura.com\/wp-content\/uploads\/2021\/09\/gd_prostex-90-comprimidos-lamberts.jpg","datePublished":"2021-09-30T10:18:36+00:00","dateModified":"2026-02-17T07:58:52+00:00","description":"Prostex de Lamberts es un suplemento alimentario indicado para la salud de la pr\u00f3stata, siendo beneficioso en caso de Hiperplasia Benigna de la Pr\u00f3stata (HBP).","breadcrumb":{"@id":"https:\/\/www.lifenatura.com\/es\/produto\/prostex-90-comprimidos-lamberts\/#breadcrumb"},"inLanguage":"es","potentialAction":[{"@type":"ReadAction","target":["https:\/\/www.lifenatura.com\/es\/produto\/prostex-90-comprimidos-lamberts\/"]}]},{"@type":"ImageObject","inLanguage":"es","@id":"https:\/\/www.lifenatura.com\/es\/produto\/prostex-90-comprimidos-lamberts\/#primaryimage","url":"https:\/\/www.lifenatura.com\/wp-content\/uploads\/2021\/09\/gd_prostex-90-comprimidos-lamberts.jpg","contentUrl":"https:\/\/www.lifenatura.com\/wp-content\/uploads\/2021\/09\/gd_prostex-90-comprimidos-lamberts.jpg","width":1000,"height":1000,"caption":"Prostex 90 comprimidos - Lamberts"},{"@type":"BreadcrumbList","@id":"https:\/\/www.lifenatura.com\/es\/produto\/prostex-90-comprimidos-lamberts\/#breadcrumb","itemListElement":[{"@type":"ListItem","position":1,"name":"In\u00edcio","item":"https:\/\/www.lifenatura.com\/es\/"},{"@type":"ListItem","position":2,"name":"Todos los Productos","item":"https:\/\/www.lifenatura.com\/es\/tienda\/"},{"@type":"ListItem","position":3,"name":"Prostex 90 comprimidos &#8211; Lamberts"}]},{"@type":"WebSite","@id":"https:\/\/www.lifenatura.com\/es\/#website","url":"https:\/\/www.lifenatura.com\/es\/","name":"Lifenatura","description":"A Lifenatura \u00e9 uma loja de produtos naturais, cosm\u00e9tica natural e alimenta\u00e7\u00e3o Biol\u00f3gica.","publisher":{"@id":"https:\/\/www.lifenatura.com\/es\/#organization"},"potentialAction":[{"@type":"SearchAction","target":{"@type":"EntryPoint","urlTemplate":"https:\/\/www.lifenatura.com\/es\/?s={search_term_string}"},"query-input":{"@type":"PropertyValueSpecification","valueRequired":true,"valueName":"search_term_string"}}],"inLanguage":"es"},{"@type":"Organization","@id":"https:\/\/www.lifenatura.com\/es\/#organization","name":"Lifenatura","url":"https:\/\/www.lifenatura.com\/es\/","logo":{"@type":"ImageObject","inLanguage":"es","@id":"https:\/\/www.lifenatura.com\/es\/#\/schema\/logo\/image\/","url":"https:\/\/www.lifenatura.com\/wp-content\/uploads\/2021\/07\/logo.png","contentUrl":"https:\/\/www.lifenatura.com\/wp-content\/uploads\/2021\/07\/logo.png","width":175,"height":55,"caption":"Lifenatura"},"image":{"@id":"https:\/\/www.lifenatura.com\/es\/#\/schema\/logo\/image\/"},"sameAs":["https:\/\/www.facebook.com\/lifenatura","https:\/\/www.instagram.com\/lifenaturapt\/"],"hasMerchantReturnPolicy":{"@type":"MerchantReturnPolicy","merchantReturnLink":"https:\/\/www.lifenatura.com\/termos-condicoes-lifenatura\/"}}]},"product_price_amount":"48.43","product_price_currency":"EUR","og_availability":"instock","product_availability":"instock","product_retailer_item_id":"5055148409944","product_condition":"new"},"df_price":48.43,"df_sale_price":48.43,"df_regular_price":72.28,"df_image_link":"https:\/\/www.lifenatura.com\/wp-content\/uploads\/2021\/09\/gd_prostex-90-comprimidos-lamberts-300x300.jpg","_links":{"self":[{"href":"https:\/\/www.lifenatura.com\/es\/wp-json\/wp\/v2\/product\/39146","targetHints":{"allow":["GET"]}}],"collection":[{"href":"https:\/\/www.lifenatura.com\/es\/wp-json\/wp\/v2\/product"}],"about":[{"href":"https:\/\/www.lifenatura.com\/es\/wp-json\/wp\/v2\/types\/product"}],"wp:featuredmedia":[{"embeddable":true,"href":"https:\/\/www.lifenatura.com\/es\/wp-json\/wp\/v2\/media\/20564"}],"wp:attachment":[{"href":"https:\/\/www.lifenatura.com\/es\/wp-json\/wp\/v2\/media?parent=39146"}],"wp:term":[{"taxonomy":"product_brand","embeddable":true,"href":"https:\/\/www.lifenatura.com\/es\/wp-json\/wp\/v2\/product_brand?post=39146"},{"taxonomy":"product_cat","embeddable":true,"href":"https:\/\/www.lifenatura.com\/es\/wp-json\/wp\/v2\/product_cat?post=39146"},{"taxonomy":"product_tag","embeddable":true,"href":"https:\/\/www.lifenatura.com\/es\/wp-json\/wp\/v2\/product_tag?post=39146"}],"curies":[{"name":"wp","href":"https:\/\/api.w.org\/{rel}","templated":true}]}}