{"id":39134,"date":"2021-09-30T10:18:15","date_gmt":"2021-09-30T10:18:15","guid":{"rendered":"https:\/\/lifenatura.dev.agenciagetdigital.com\/produto\/aceite-de-borraje-puro-1000-mg-90-capsulas-lamberts\/"},"modified":"2026-02-17T07:58:45","modified_gmt":"2026-02-17T07:58:45","slug":"aceite-de-borraje-puro-1000-mg-90-capsulas-lamberts","status":"publish","type":"product","link":"https:\/\/www.lifenatura.com\/es\/produto\/aceite-de-borraje-puro-1000-mg-90-capsulas-lamberts\/","title":{"rendered":"Aceite de Borraje Puro 1000 mg 90 c\u00e1psulas &#8211; Lamberts"},"content":{"rendered":"<p>Indicado para la menopausia Aceite de Borraje Puro es un precursor de un tipo particularmente importante de la prostaglandina llamada PGE1, involucrado en la regulaci\u00f3n de los sistemas nervioso, cardiovascular y reproductor, mejora el estado de la piel y otras funciones corporales biol\u00f3gicas. La fuente diet\u00e9tica de GLA, para evitar el proceso de conversi\u00f3n, es \u00fatil para el cuerpo. El GLA es \u00fatil en mujeres durante la menopausia en mujeres en el per\u00edodo de menstruaci\u00f3n y para quien quiere mantener la piel en buenas condiciones. PRESENTACI\u00d3N 90 C\u00e1psulas.<\/p>\n","protected":false},"excerpt":{"rendered":"<p>Indicado para la menopausia Aceite de Borraje Puro es un precursor de un tipo particularmente importante de la prostaglandina llamada PGE1, involucrado en la regulaci\u00f3n de los sistemas nervioso, cardiovascular y reproductor, mejora el estado de la piel y otras funciones corporales biol\u00f3gicas. La fuente diet\u00e9tica de GLA, para evitar el proceso de conversi\u00f3n, es [&#8230;]<\/p>\n<p><a class=\"btn btn-secondary understrap-read-more-link\" href=\"https:\/\/www.lifenatura.com\/es\/produto\/aceite-de-borraje-puro-1000-mg-90-capsulas-lamberts\/\">Leer m\u00e1s&#8230;<span class=\"screen-reader-text\"> from Aceite de Borraje Puro 1000 mg 90 c\u00e1psulas &#8211; Lamberts<\/span><\/a><\/p>\n","protected":false},"featured_media":20552,"template":"","meta":{"_acf_changed":false},"product_brand":[8457],"product_cat":[7243,7179],"product_tag":[],"class_list":{"0":"post-39134","1":"product","2":"type-product","3":"status-publish","4":"has-post-thumbnail","6":"product_brand-lamberts","7":"product_cat-menopausia","8":"product_cat-salud","10":"first","11":"instock","12":"shipping-taxable","13":"purchasable","14":"product-type-simple","15":"add-to-wishlist-before_image"},"acf":[],"yoast_head":"<!-- This site is optimized with the Yoast SEO Premium plugin v27.1 (Yoast SEO v27.3) - https:\/\/yoast.com\/product\/yoast-seo-premium-wordpress\/ -->\n<title>Aceite de Borraje Puro 1000 mg 90 c\u00e1psulas - Lamberts<\/title>\n<meta name=\"description\" content=\"Aceite de Borraje Puro es \u00fatil en mujeres durante la menopausia en mujeres en el per\u00edodo de menstruaci\u00f3n y para quien quiere mantener la piel en buenas condiciones.\" \/>\n<meta name=\"robots\" content=\"index, follow, max-snippet:-1, max-image-preview:large, max-video-preview:-1\" \/>\n<link rel=\"canonical\" href=\"https:\/\/www.lifenatura.com\/es\/produto\/aceite-de-borraje-puro-1000-mg-90-capsulas-lamberts\/\" \/>\n<meta property=\"og:locale\" content=\"es_ES\" \/>\n<meta property=\"og:type\" content=\"article\" \/>\n<meta property=\"og:title\" content=\"Aceite de Borraje Puro 1000 mg 90 c\u00e1psulas - Lamberts - Lifenatura\" \/>\n<meta property=\"og:description\" content=\"Compre aqui o seu Aceite de Borraje Puro 1000 mg 90 c\u00e1psulas - Lamberts e a Lifenatura Online envia em 48 H com Portes Gratis &gt;35\u20ac de Pedido.\" \/>\n<meta property=\"og:url\" content=\"https:\/\/www.lifenatura.com\/es\/produto\/aceite-de-borraje-puro-1000-mg-90-capsulas-lamberts\/\" \/>\n<meta property=\"og:site_name\" content=\"Lifenatura\" \/>\n<meta property=\"article:publisher\" content=\"https:\/\/www.facebook.com\/lifenatura\" \/>\n<meta property=\"article:modified_time\" content=\"2026-02-17T07:58:45+00:00\" \/>\n<meta property=\"og:image\" content=\"https:\/\/www.lifenatura.com\/wp-content\/uploads\/2021\/09\/gd_oleo-de-borragem-puro-1000-mg-90-capsulas-lamberts.jpg\" \/>\n\t<meta property=\"og:image:width\" content=\"1000\" \/>\n\t<meta property=\"og:image:height\" content=\"1000\" \/>\n\t<meta property=\"og:image:type\" content=\"image\/jpeg\" \/>\n<meta name=\"twitter:card\" content=\"summary_large_image\" \/>\n<meta name=\"twitter:label1\" content=\"Precio\" \/>\n\t<meta name=\"twitter:data1\" content=\"35,30&nbsp;&euro;\" \/>\n\t<meta name=\"twitter:label2\" content=\"Disponibilidad\" \/>\n\t<meta name=\"twitter:data2\" content=\"Disponible\" \/>\n<meta property=\"product:price:amount\" content=\"35.30\" \/>\n<meta property=\"product:price:currency\" content=\"EUR\" \/>\n<meta property=\"og:availability\" content=\"instock\" \/>\n<meta property=\"product:availability\" content=\"instock\" \/>\n<meta property=\"product:retailer_item_id\" content=\"5055148400491\" \/>\n<meta property=\"product:condition\" content=\"new\" \/>\n<!-- \/ Yoast SEO Premium plugin. -->","yoast_head_json":{"title":"Aceite de Borraje Puro 1000 mg 90 c\u00e1psulas - Lamberts","description":"Aceite de Borraje Puro es \u00fatil en mujeres durante la menopausia en mujeres en el per\u00edodo de menstruaci\u00f3n y para quien quiere mantener la piel en buenas condiciones.","robots":{"index":"index","follow":"follow","max-snippet":"max-snippet:-1","max-image-preview":"max-image-preview:large","max-video-preview":"max-video-preview:-1"},"canonical":"https:\/\/www.lifenatura.com\/es\/produto\/aceite-de-borraje-puro-1000-mg-90-capsulas-lamberts\/","og_locale":"es_ES","og_type":"article","og_title":"Aceite de Borraje Puro 1000 mg 90 c\u00e1psulas - Lamberts - Lifenatura","og_description":"Compre aqui o seu Aceite de Borraje Puro 1000 mg 90 c\u00e1psulas - Lamberts e a Lifenatura Online envia em 48 H com Portes Gratis >35\u20ac de Pedido.","og_url":"https:\/\/www.lifenatura.com\/es\/produto\/aceite-de-borraje-puro-1000-mg-90-capsulas-lamberts\/","og_site_name":"Lifenatura","article_publisher":"https:\/\/www.facebook.com\/lifenatura","article_modified_time":"2026-02-17T07:58:45+00:00","og_image":[{"width":1000,"height":1000,"url":"https:\/\/www.lifenatura.com\/wp-content\/uploads\/2021\/09\/gd_oleo-de-borragem-puro-1000-mg-90-capsulas-lamberts.jpg","type":"image\/jpeg"}],"twitter_card":"summary_large_image","twitter_misc":{"Precio":"35,30&nbsp;&euro;","Disponibilidad":"Disponible"},"schema":{"@context":"https:\/\/schema.org","@graph":[{"@type":"WebPage","@id":"https:\/\/www.lifenatura.com\/es\/produto\/aceite-de-borraje-puro-1000-mg-90-capsulas-lamberts\/","url":"https:\/\/www.lifenatura.com\/es\/produto\/aceite-de-borraje-puro-1000-mg-90-capsulas-lamberts\/","name":"Aceite de Borraje Puro 1000 mg 90 c\u00e1psulas - Lamberts","isPartOf":{"@id":"https:\/\/www.lifenatura.com\/es\/#website"},"primaryImageOfPage":{"@id":"https:\/\/www.lifenatura.com\/es\/produto\/aceite-de-borraje-puro-1000-mg-90-capsulas-lamberts\/#primaryimage"},"image":{"@id":"https:\/\/www.lifenatura.com\/es\/produto\/aceite-de-borraje-puro-1000-mg-90-capsulas-lamberts\/#primaryimage"},"thumbnailUrl":"https:\/\/www.lifenatura.com\/wp-content\/uploads\/2021\/09\/gd_oleo-de-borragem-puro-1000-mg-90-capsulas-lamberts.jpg","datePublished":"2021-09-30T10:18:15+00:00","dateModified":"2026-02-17T07:58:45+00:00","description":"Aceite de Borraje Puro es \u00fatil en mujeres durante la menopausia en mujeres en el per\u00edodo de menstruaci\u00f3n y para quien quiere mantener la piel en buenas condiciones.","breadcrumb":{"@id":"https:\/\/www.lifenatura.com\/es\/produto\/aceite-de-borraje-puro-1000-mg-90-capsulas-lamberts\/#breadcrumb"},"inLanguage":"es","potentialAction":[{"@type":"ReadAction","target":["https:\/\/www.lifenatura.com\/es\/produto\/aceite-de-borraje-puro-1000-mg-90-capsulas-lamberts\/"]}]},{"@type":"ImageObject","inLanguage":"es","@id":"https:\/\/www.lifenatura.com\/es\/produto\/aceite-de-borraje-puro-1000-mg-90-capsulas-lamberts\/#primaryimage","url":"https:\/\/www.lifenatura.com\/wp-content\/uploads\/2021\/09\/gd_oleo-de-borragem-puro-1000-mg-90-capsulas-lamberts.jpg","contentUrl":"https:\/\/www.lifenatura.com\/wp-content\/uploads\/2021\/09\/gd_oleo-de-borragem-puro-1000-mg-90-capsulas-lamberts.jpg","width":1000,"height":1000,"caption":"Aceite de Borraje Puro 1000 mg 90 c\u00e1psulas - Lamberts"},{"@type":"BreadcrumbList","@id":"https:\/\/www.lifenatura.com\/es\/produto\/aceite-de-borraje-puro-1000-mg-90-capsulas-lamberts\/#breadcrumb","itemListElement":[{"@type":"ListItem","position":1,"name":"In\u00edcio","item":"https:\/\/www.lifenatura.com\/es\/"},{"@type":"ListItem","position":2,"name":"Todos los Productos","item":"https:\/\/www.lifenatura.com\/es\/tienda\/"},{"@type":"ListItem","position":3,"name":"Aceite de Borraje Puro 1000 mg 90 c\u00e1psulas &#8211; Lamberts"}]},{"@type":"WebSite","@id":"https:\/\/www.lifenatura.com\/es\/#website","url":"https:\/\/www.lifenatura.com\/es\/","name":"Lifenatura","description":"A Lifenatura \u00e9 uma loja de produtos naturais, cosm\u00e9tica natural e alimenta\u00e7\u00e3o Biol\u00f3gica.","publisher":{"@id":"https:\/\/www.lifenatura.com\/es\/#organization"},"potentialAction":[{"@type":"SearchAction","target":{"@type":"EntryPoint","urlTemplate":"https:\/\/www.lifenatura.com\/es\/?s={search_term_string}"},"query-input":{"@type":"PropertyValueSpecification","valueRequired":true,"valueName":"search_term_string"}}],"inLanguage":"es"},{"@type":"Organization","@id":"https:\/\/www.lifenatura.com\/es\/#organization","name":"Lifenatura","url":"https:\/\/www.lifenatura.com\/es\/","logo":{"@type":"ImageObject","inLanguage":"es","@id":"https:\/\/www.lifenatura.com\/es\/#\/schema\/logo\/image\/","url":"https:\/\/www.lifenatura.com\/wp-content\/uploads\/2021\/11\/logo.png","contentUrl":"https:\/\/www.lifenatura.com\/wp-content\/uploads\/2021\/11\/logo.png","width":175,"height":55,"caption":"Lifenatura"},"image":{"@id":"https:\/\/www.lifenatura.com\/es\/#\/schema\/logo\/image\/"},"sameAs":["https:\/\/www.facebook.com\/lifenatura","https:\/\/www.instagram.com\/lifenaturapt\/"]}]},"product_price_amount":"35.30","product_price_currency":"EUR","og_availability":"instock","product_availability":"instock","product_retailer_item_id":"5055148400491","product_condition":"new"},"df_price":35.3,"df_sale_price":"","df_regular_price":35.3,"df_image_link":"https:\/\/www.lifenatura.com\/wp-content\/uploads\/2021\/09\/gd_oleo-de-borragem-puro-1000-mg-90-capsulas-lamberts-300x300.jpg","_links":{"self":[{"href":"https:\/\/www.lifenatura.com\/es\/wp-json\/wp\/v2\/product\/39134","targetHints":{"allow":["GET"]}}],"collection":[{"href":"https:\/\/www.lifenatura.com\/es\/wp-json\/wp\/v2\/product"}],"about":[{"href":"https:\/\/www.lifenatura.com\/es\/wp-json\/wp\/v2\/types\/product"}],"wp:featuredmedia":[{"embeddable":true,"href":"https:\/\/www.lifenatura.com\/es\/wp-json\/wp\/v2\/media\/20552"}],"wp:attachment":[{"href":"https:\/\/www.lifenatura.com\/es\/wp-json\/wp\/v2\/media?parent=39134"}],"wp:term":[{"taxonomy":"product_brand","embeddable":true,"href":"https:\/\/www.lifenatura.com\/es\/wp-json\/wp\/v2\/product_brand?post=39134"},{"taxonomy":"product_cat","embeddable":true,"href":"https:\/\/www.lifenatura.com\/es\/wp-json\/wp\/v2\/product_cat?post=39134"},{"taxonomy":"product_tag","embeddable":true,"href":"https:\/\/www.lifenatura.com\/es\/wp-json\/wp\/v2\/product_tag?post=39134"}],"curies":[{"name":"wp","href":"https:\/\/api.w.org\/{rel}","templated":true}]}}