{"id":39107,"date":"2021-09-30T10:17:55","date_gmt":"2021-09-30T10:17:55","guid":{"rendered":"https:\/\/lifenatura.dev.agenciagetdigital.com\/produto\/digestizyme-100-capsulas-lamberts\/"},"modified":"2026-02-17T07:58:34","modified_gmt":"2026-02-17T07:58:34","slug":"digestizyme-100-capsulas-lamberts","status":"publish","type":"product","link":"https:\/\/www.lifenatura.com\/es\/produto\/digestizyme-100-capsulas-lamberts\/","title":{"rendered":"Digestizyme 100 c\u00e1psulas &#8211; Lamberts"},"content":{"rendered":"<p>Indicado para el Sistema Digestivo Digestizyme proporciona un amplio espectro de enzimas de origen vegetal, que son capaces de digerir prote\u00ednas, grasas e hidratos de carbono. En la mayor\u00eda de los casos, la digesti\u00f3n de todo tipo de alimentos, una acci\u00f3n antinflamatoria intestinal, disminuye la inflamaci\u00f3n, el dolor, la fermentaci\u00f3n, la hinchaz\u00f3n y la acumulaci\u00f3n de gases, revitaliza y apoya la correcta nutrici\u00f3n de las c\u00e9lulas. Las enzimas naturales de las plantas ofrecen una alta biodisponibilidad y el tracto digestivo las acepta con facilidad. PRESENTACI\u00d3N 100 C\u00e1psulas.<\/p>\n","protected":false},"excerpt":{"rendered":"<p>Indicado para el Sistema Digestivo Digestizyme proporciona un amplio espectro de enzimas de origen vegetal, que son capaces de digerir prote\u00ednas, grasas e hidratos de carbono. En la mayor\u00eda de los casos, la digesti\u00f3n de todo tipo de alimentos, una acci\u00f3n antinflamatoria intestinal, disminuye la inflamaci\u00f3n, el dolor, la fermentaci\u00f3n, la hinchaz\u00f3n y la acumulaci\u00f3n [&#8230;]<\/p>\n<p><a class=\"btn btn-secondary understrap-read-more-link\" href=\"https:\/\/www.lifenatura.com\/es\/produto\/digestizyme-100-capsulas-lamberts\/\">Leer m\u00e1s&#8230;<span class=\"screen-reader-text\"> from Digestizyme 100 c\u00e1psulas &#8211; Lamberts<\/span><\/a><\/p>\n","protected":false},"featured_media":20525,"template":"","meta":{"_acf_changed":false},"product_brand":[8457],"product_cat":[7255,7179],"product_tag":[],"class_list":{"0":"post-39107","1":"product","2":"type-product","3":"status-publish","4":"has-post-thumbnail","6":"product_brand-lamberts","7":"product_cat-gases","8":"product_cat-salud","10":"first","11":"instock","12":"shipping-taxable","13":"purchasable","14":"product-type-simple","15":"add-to-wishlist-before_image"},"acf":[],"yoast_head":"<!-- This site is optimized with the Yoast SEO Premium plugin v27.1 (Yoast SEO v27.3) - https:\/\/yoast.com\/product\/yoast-seo-premium-wordpress\/ -->\n<title>Digestizyme 100 c\u00e1psulas - Lamberts<\/title>\n<meta name=\"description\" content=\"Digestizyme proporciona un amplio espectro de enzimas de origen vegetal, que son capaces de digerir prote\u00ednas, grasas e hidratos de carbono.\" \/>\n<meta name=\"robots\" content=\"index, follow, max-snippet:-1, max-image-preview:large, max-video-preview:-1\" \/>\n<link rel=\"canonical\" href=\"https:\/\/www.lifenatura.com\/es\/produto\/digestizyme-100-capsulas-lamberts\/\" \/>\n<meta property=\"og:locale\" content=\"es_ES\" \/>\n<meta property=\"og:type\" content=\"article\" \/>\n<meta property=\"og:title\" content=\"Digestizyme 100 c\u00e1psulas - Lamberts - Lifenatura\" \/>\n<meta property=\"og:description\" content=\"Compre aqui o seu Digestizyme 100 c\u00e1psulas - Lamberts e a Lifenatura Online envia em 48 H com Portes Gratis &gt;35\u20ac de Pedido.\" \/>\n<meta property=\"og:url\" content=\"https:\/\/www.lifenatura.com\/es\/produto\/digestizyme-100-capsulas-lamberts\/\" \/>\n<meta property=\"og:site_name\" content=\"Lifenatura\" \/>\n<meta property=\"article:publisher\" content=\"https:\/\/www.facebook.com\/lifenatura\" \/>\n<meta property=\"article:modified_time\" content=\"2026-02-17T07:58:34+00:00\" \/>\n<meta property=\"og:image\" content=\"https:\/\/www.lifenatura.com\/wp-content\/uploads\/2021\/09\/gd_digestizyme-100-capsulas-lamberts.jpg\" \/>\n\t<meta property=\"og:image:width\" content=\"1000\" \/>\n\t<meta property=\"og:image:height\" content=\"1000\" \/>\n\t<meta property=\"og:image:type\" content=\"image\/jpeg\" \/>\n<meta name=\"twitter:card\" content=\"summary_large_image\" \/>\n<meta name=\"twitter:label1\" content=\"Precio\" \/>\n\t<meta name=\"twitter:data1\" content=\"34,40&nbsp;&euro;\" \/>\n\t<meta name=\"twitter:label2\" content=\"Disponibilidad\" \/>\n\t<meta name=\"twitter:data2\" content=\"Disponible\" \/>\n<meta property=\"product:price:amount\" content=\"34.40\" \/>\n<meta property=\"product:price:currency\" content=\"EUR\" \/>\n<meta property=\"og:availability\" content=\"instock\" \/>\n<meta property=\"product:availability\" content=\"instock\" \/>\n<meta property=\"product:retailer_item_id\" content=\"5055148403003\" \/>\n<meta property=\"product:condition\" content=\"new\" \/>\n<!-- \/ Yoast SEO Premium plugin. -->","yoast_head_json":{"title":"Digestizyme 100 c\u00e1psulas - Lamberts","description":"Digestizyme proporciona un amplio espectro de enzimas de origen vegetal, que son capaces de digerir prote\u00ednas, grasas e hidratos de carbono.","robots":{"index":"index","follow":"follow","max-snippet":"max-snippet:-1","max-image-preview":"max-image-preview:large","max-video-preview":"max-video-preview:-1"},"canonical":"https:\/\/www.lifenatura.com\/es\/produto\/digestizyme-100-capsulas-lamberts\/","og_locale":"es_ES","og_type":"article","og_title":"Digestizyme 100 c\u00e1psulas - Lamberts - Lifenatura","og_description":"Compre aqui o seu Digestizyme 100 c\u00e1psulas - Lamberts e a Lifenatura Online envia em 48 H com Portes Gratis >35\u20ac de Pedido.","og_url":"https:\/\/www.lifenatura.com\/es\/produto\/digestizyme-100-capsulas-lamberts\/","og_site_name":"Lifenatura","article_publisher":"https:\/\/www.facebook.com\/lifenatura","article_modified_time":"2026-02-17T07:58:34+00:00","og_image":[{"width":1000,"height":1000,"url":"https:\/\/www.lifenatura.com\/wp-content\/uploads\/2021\/09\/gd_digestizyme-100-capsulas-lamberts.jpg","type":"image\/jpeg"}],"twitter_card":"summary_large_image","twitter_misc":{"Precio":"34,40&nbsp;&euro;","Disponibilidad":"Disponible"},"schema":{"@context":"https:\/\/schema.org","@graph":[{"@type":"WebPage","@id":"https:\/\/www.lifenatura.com\/es\/produto\/digestizyme-100-capsulas-lamberts\/","url":"https:\/\/www.lifenatura.com\/es\/produto\/digestizyme-100-capsulas-lamberts\/","name":"Digestizyme 100 c\u00e1psulas - Lamberts","isPartOf":{"@id":"https:\/\/www.lifenatura.com\/es\/#website"},"primaryImageOfPage":{"@id":"https:\/\/www.lifenatura.com\/es\/produto\/digestizyme-100-capsulas-lamberts\/#primaryimage"},"image":{"@id":"https:\/\/www.lifenatura.com\/es\/produto\/digestizyme-100-capsulas-lamberts\/#primaryimage"},"thumbnailUrl":"https:\/\/www.lifenatura.com\/wp-content\/uploads\/2021\/09\/gd_digestizyme-100-capsulas-lamberts.jpg","datePublished":"2021-09-30T10:17:55+00:00","dateModified":"2026-02-17T07:58:34+00:00","description":"Digestizyme proporciona un amplio espectro de enzimas de origen vegetal, que son capaces de digerir prote\u00ednas, grasas e hidratos de carbono.","breadcrumb":{"@id":"https:\/\/www.lifenatura.com\/es\/produto\/digestizyme-100-capsulas-lamberts\/#breadcrumb"},"inLanguage":"es","potentialAction":[{"@type":"ReadAction","target":["https:\/\/www.lifenatura.com\/es\/produto\/digestizyme-100-capsulas-lamberts\/"]}]},{"@type":"ImageObject","inLanguage":"es","@id":"https:\/\/www.lifenatura.com\/es\/produto\/digestizyme-100-capsulas-lamberts\/#primaryimage","url":"https:\/\/www.lifenatura.com\/wp-content\/uploads\/2021\/09\/gd_digestizyme-100-capsulas-lamberts.jpg","contentUrl":"https:\/\/www.lifenatura.com\/wp-content\/uploads\/2021\/09\/gd_digestizyme-100-capsulas-lamberts.jpg","width":1000,"height":1000,"caption":"Digestizyme 100 c\u00e1psulas - Lamberts"},{"@type":"BreadcrumbList","@id":"https:\/\/www.lifenatura.com\/es\/produto\/digestizyme-100-capsulas-lamberts\/#breadcrumb","itemListElement":[{"@type":"ListItem","position":1,"name":"In\u00edcio","item":"https:\/\/www.lifenatura.com\/es\/"},{"@type":"ListItem","position":2,"name":"Todos los Productos","item":"https:\/\/www.lifenatura.com\/es\/tienda\/"},{"@type":"ListItem","position":3,"name":"Digestizyme 100 c\u00e1psulas &#8211; Lamberts"}]},{"@type":"WebSite","@id":"https:\/\/www.lifenatura.com\/es\/#website","url":"https:\/\/www.lifenatura.com\/es\/","name":"Lifenatura","description":"A Lifenatura \u00e9 uma loja de produtos naturais, cosm\u00e9tica natural e alimenta\u00e7\u00e3o Biol\u00f3gica.","publisher":{"@id":"https:\/\/www.lifenatura.com\/es\/#organization"},"potentialAction":[{"@type":"SearchAction","target":{"@type":"EntryPoint","urlTemplate":"https:\/\/www.lifenatura.com\/es\/?s={search_term_string}"},"query-input":{"@type":"PropertyValueSpecification","valueRequired":true,"valueName":"search_term_string"}}],"inLanguage":"es"},{"@type":"Organization","@id":"https:\/\/www.lifenatura.com\/es\/#organization","name":"Lifenatura","url":"https:\/\/www.lifenatura.com\/es\/","logo":{"@type":"ImageObject","inLanguage":"es","@id":"https:\/\/www.lifenatura.com\/es\/#\/schema\/logo\/image\/","url":"https:\/\/www.lifenatura.com\/wp-content\/uploads\/2021\/11\/logo.png","contentUrl":"https:\/\/www.lifenatura.com\/wp-content\/uploads\/2021\/11\/logo.png","width":175,"height":55,"caption":"Lifenatura"},"image":{"@id":"https:\/\/www.lifenatura.com\/es\/#\/schema\/logo\/image\/"},"sameAs":["https:\/\/www.facebook.com\/lifenatura","https:\/\/www.instagram.com\/lifenaturapt\/"]}]},"product_price_amount":"34.40","product_price_currency":"EUR","og_availability":"instock","product_availability":"instock","product_retailer_item_id":"5055148403003","product_condition":"new"},"df_price":34.4,"df_sale_price":"","df_regular_price":34.4,"df_image_link":"https:\/\/www.lifenatura.com\/wp-content\/uploads\/2021\/09\/gd_digestizyme-100-capsulas-lamberts-300x300.jpg","_links":{"self":[{"href":"https:\/\/www.lifenatura.com\/es\/wp-json\/wp\/v2\/product\/39107","targetHints":{"allow":["GET"]}}],"collection":[{"href":"https:\/\/www.lifenatura.com\/es\/wp-json\/wp\/v2\/product"}],"about":[{"href":"https:\/\/www.lifenatura.com\/es\/wp-json\/wp\/v2\/types\/product"}],"wp:featuredmedia":[{"embeddable":true,"href":"https:\/\/www.lifenatura.com\/es\/wp-json\/wp\/v2\/media\/20525"}],"wp:attachment":[{"href":"https:\/\/www.lifenatura.com\/es\/wp-json\/wp\/v2\/media?parent=39107"}],"wp:term":[{"taxonomy":"product_brand","embeddable":true,"href":"https:\/\/www.lifenatura.com\/es\/wp-json\/wp\/v2\/product_brand?post=39107"},{"taxonomy":"product_cat","embeddable":true,"href":"https:\/\/www.lifenatura.com\/es\/wp-json\/wp\/v2\/product_cat?post=39107"},{"taxonomy":"product_tag","embeddable":true,"href":"https:\/\/www.lifenatura.com\/es\/wp-json\/wp\/v2\/product_tag?post=39107"}],"curies":[{"name":"wp","href":"https:\/\/api.w.org\/{rel}","templated":true}]}}