{"id":39101,"date":"2021-09-30T10:17:34","date_gmt":"2021-09-30T10:17:34","guid":{"rendered":"https:\/\/lifenatura.dev.agenciagetdigital.com\/produto\/colina-inositol-60-capsulas-lamberts\/"},"modified":"2026-02-17T07:58:32","modified_gmt":"2026-02-17T07:58:32","slug":"colina-inositol-60-capsulas-lamberts","status":"publish","type":"product","link":"https:\/\/www.lifenatura.com\/es\/produto\/colina-inositol-60-capsulas-lamberts\/","title":{"rendered":"Colina + Inositol 60 c\u00e1psulas &#8211; Lamberts"},"content":{"rendered":"<p>Indicado para el Sistema Hep\u00e1tico Colina + Inositol es una de las vitaminas B y contribuye al mantenimiento de la funci\u00f3n hep\u00e1tica normal y al metabolismo normal de l\u00edpidos (grasas). La fuente m\u00e1s rica de colina en nuestras dietas viene de un compuesto llamado lecitina que se encuentra en alimentos como los huevos y la soja. El inositol es hecho por el cuerpo y por lo tanto no es una vitamina, pero tambi\u00e9n se encuentra asociado con las vitaminas del complejo B. Como la colina, el inositol se encuentra en altas concentraciones en lecitina. PRESENTACI\u00d3N 60 C\u00e1psulas.<\/p>\n","protected":false},"excerpt":{"rendered":"<p>Indicado para el Sistema Hep\u00e1tico Colina + Inositol es una de las vitaminas B y contribuye al mantenimiento de la funci\u00f3n hep\u00e1tica normal y al metabolismo normal de l\u00edpidos (grasas). La fuente m\u00e1s rica de colina en nuestras dietas viene de un compuesto llamado lecitina que se encuentra en alimentos como los huevos y la [&#8230;]<\/p>\n<p><a class=\"btn btn-secondary understrap-read-more-link\" href=\"https:\/\/www.lifenatura.com\/es\/produto\/colina-inositol-60-capsulas-lamberts\/\">Leer m\u00e1s&#8230;<span class=\"screen-reader-text\"> from Colina + Inositol 60 c\u00e1psulas &#8211; Lamberts<\/span><\/a><\/p>\n","protected":false},"featured_media":20519,"template":"","meta":{"_acf_changed":false},"product_brand":[8457],"product_cat":[7254,7179],"product_tag":[],"class_list":{"0":"post-39101","1":"product","2":"type-product","3":"status-publish","4":"has-post-thumbnail","6":"product_brand-lamberts","7":"product_cat-higado-vesicula","8":"product_cat-salud","10":"first","11":"outofstock","12":"shipping-taxable","13":"purchasable","14":"product-type-simple","15":"add-to-wishlist-before_image"},"acf":[],"yoast_head":"<!-- This site is optimized with the Yoast SEO Premium plugin v27.1 (Yoast SEO v27.4) - https:\/\/yoast.com\/product\/yoast-seo-premium-wordpress\/ -->\n<title>Colina + Inositol 60 c\u00e1psulas - Lamberts<\/title>\n<meta name=\"description\" content=\"Colina + Inositol es una de las vitaminas B y contribuye al mantenimiento de la funci\u00f3n hep\u00e1tica normal y al metabolismo normal de l\u00edpidos (grasas).\" \/>\n<meta name=\"robots\" content=\"index, follow, max-snippet:-1, max-image-preview:large, max-video-preview:-1\" \/>\n<link rel=\"canonical\" href=\"https:\/\/www.lifenatura.com\/es\/produto\/colina-inositol-60-capsulas-lamberts\/\" \/>\n<meta property=\"og:locale\" content=\"es_ES\" \/>\n<meta property=\"og:type\" content=\"article\" \/>\n<meta property=\"og:title\" content=\"Colina + Inositol 60 c\u00e1psulas - Lamberts - Na Lifenatura ao Melhor Pre\u00e7o | Envio 48h\" \/>\n<meta property=\"og:description\" content=\"Compre Colina + Inositol 60 c\u00e1psulas - Lamberts com envio r\u00e1pido. Entrega em 48h e portes gr\u00e1tis em compras &gt;35\u20ac. Aproveite j\u00e1 na Lifenatura\" \/>\n<meta property=\"og:url\" content=\"https:\/\/www.lifenatura.com\/es\/produto\/colina-inositol-60-capsulas-lamberts\/\" \/>\n<meta property=\"og:site_name\" content=\"Lifenatura\" \/>\n<meta property=\"article:publisher\" content=\"https:\/\/www.facebook.com\/lifenatura\" \/>\n<meta property=\"article:modified_time\" content=\"2026-02-17T07:58:32+00:00\" \/>\n<meta property=\"og:image\" content=\"https:\/\/www.lifenatura.com\/wp-content\/uploads\/2021\/09\/gd_colina-inositol-60-capsulas-lamberts.jpg\" \/>\n\t<meta property=\"og:image:width\" content=\"1000\" \/>\n\t<meta property=\"og:image:height\" content=\"1000\" \/>\n\t<meta property=\"og:image:type\" content=\"image\/jpeg\" \/>\n<meta name=\"twitter:card\" content=\"summary_large_image\" \/>\n<meta name=\"twitter:label1\" content=\"Precio\" \/>\n\t<meta name=\"twitter:data1\" content=\"17,10&nbsp;&euro;\" \/>\n\t<meta name=\"twitter:label2\" content=\"Disponibilidad\" \/>\n\t<meta name=\"twitter:data2\" content=\"Sin existencias\" \/>\n<script type=\"application\/ld+json\" class=\"yoast-schema-graph\">{\"@context\":\"https:\\\/\\\/schema.org\",\"@graph\":[{\"@type\":\"WebPage\",\"@id\":\"https:\\\/\\\/www.lifenatura.com\\\/es\\\/produto\\\/colina-inositol-60-capsulas-lamberts\\\/\",\"url\":\"https:\\\/\\\/www.lifenatura.com\\\/es\\\/produto\\\/colina-inositol-60-capsulas-lamberts\\\/\",\"name\":\"Colina + Inositol 60 c\u00e1psulas - Lamberts\",\"isPartOf\":{\"@id\":\"https:\\\/\\\/www.lifenatura.com\\\/es\\\/#website\"},\"primaryImageOfPage\":{\"@id\":\"https:\\\/\\\/www.lifenatura.com\\\/es\\\/produto\\\/colina-inositol-60-capsulas-lamberts\\\/#primaryimage\"},\"image\":{\"@id\":\"https:\\\/\\\/www.lifenatura.com\\\/es\\\/produto\\\/colina-inositol-60-capsulas-lamberts\\\/#primaryimage\"},\"thumbnailUrl\":\"https:\\\/\\\/www.lifenatura.com\\\/wp-content\\\/uploads\\\/2021\\\/09\\\/gd_colina-inositol-60-capsulas-lamberts.jpg\",\"datePublished\":\"2021-09-30T10:17:34+00:00\",\"dateModified\":\"2026-02-17T07:58:32+00:00\",\"description\":\"Colina + Inositol es una de las vitaminas B y contribuye al mantenimiento de la funci\u00f3n hep\u00e1tica normal y al metabolismo normal de l\u00edpidos (grasas).\",\"breadcrumb\":{\"@id\":\"https:\\\/\\\/www.lifenatura.com\\\/es\\\/produto\\\/colina-inositol-60-capsulas-lamberts\\\/#breadcrumb\"},\"inLanguage\":\"es\",\"potentialAction\":[{\"@type\":\"ReadAction\",\"target\":[\"https:\\\/\\\/www.lifenatura.com\\\/es\\\/produto\\\/colina-inositol-60-capsulas-lamberts\\\/\"]}]},{\"@type\":\"ImageObject\",\"inLanguage\":\"es\",\"@id\":\"https:\\\/\\\/www.lifenatura.com\\\/es\\\/produto\\\/colina-inositol-60-capsulas-lamberts\\\/#primaryimage\",\"url\":\"https:\\\/\\\/www.lifenatura.com\\\/wp-content\\\/uploads\\\/2021\\\/09\\\/gd_colina-inositol-60-capsulas-lamberts.jpg\",\"contentUrl\":\"https:\\\/\\\/www.lifenatura.com\\\/wp-content\\\/uploads\\\/2021\\\/09\\\/gd_colina-inositol-60-capsulas-lamberts.jpg\",\"width\":1000,\"height\":1000,\"caption\":\"Colina + Inositol 60 c\u00e1psulas - Lamberts\"},{\"@type\":\"BreadcrumbList\",\"@id\":\"https:\\\/\\\/www.lifenatura.com\\\/es\\\/produto\\\/colina-inositol-60-capsulas-lamberts\\\/#breadcrumb\",\"itemListElement\":[{\"@type\":\"ListItem\",\"position\":1,\"name\":\"In\u00edcio\",\"item\":\"https:\\\/\\\/www.lifenatura.com\\\/es\\\/\"},{\"@type\":\"ListItem\",\"position\":2,\"name\":\"Todos los Productos\",\"item\":\"https:\\\/\\\/www.lifenatura.com\\\/es\\\/tienda\\\/\"},{\"@type\":\"ListItem\",\"position\":3,\"name\":\"Colina + Inositol 60 c\u00e1psulas &#8211; Lamberts\"}]},{\"@type\":\"WebSite\",\"@id\":\"https:\\\/\\\/www.lifenatura.com\\\/es\\\/#website\",\"url\":\"https:\\\/\\\/www.lifenatura.com\\\/es\\\/\",\"name\":\"Lifenatura\",\"description\":\"A Lifenatura \u00e9 uma loja de produtos naturais, cosm\u00e9tica natural e alimenta\u00e7\u00e3o Biol\u00f3gica.\",\"publisher\":{\"@id\":\"https:\\\/\\\/www.lifenatura.com\\\/es\\\/#organization\"},\"potentialAction\":[{\"@type\":\"SearchAction\",\"target\":{\"@type\":\"EntryPoint\",\"urlTemplate\":\"https:\\\/\\\/www.lifenatura.com\\\/es\\\/?s={search_term_string}\"},\"query-input\":{\"@type\":\"PropertyValueSpecification\",\"valueRequired\":true,\"valueName\":\"search_term_string\"}}],\"inLanguage\":\"es\"},{\"@type\":\"Organization\",\"@id\":\"https:\\\/\\\/www.lifenatura.com\\\/es\\\/#organization\",\"name\":\"Lifenatura\",\"url\":\"https:\\\/\\\/www.lifenatura.com\\\/es\\\/\",\"logo\":{\"@type\":\"ImageObject\",\"inLanguage\":\"es\",\"@id\":\"https:\\\/\\\/www.lifenatura.com\\\/es\\\/#\\\/schema\\\/logo\\\/image\\\/\",\"url\":\"https:\\\/\\\/www.lifenatura.com\\\/wp-content\\\/uploads\\\/2021\\\/07\\\/logo.png\",\"contentUrl\":\"https:\\\/\\\/www.lifenatura.com\\\/wp-content\\\/uploads\\\/2021\\\/07\\\/logo.png\",\"width\":175,\"height\":55,\"caption\":\"Lifenatura\"},\"image\":{\"@id\":\"https:\\\/\\\/www.lifenatura.com\\\/es\\\/#\\\/schema\\\/logo\\\/image\\\/\"},\"sameAs\":[\"https:\\\/\\\/www.facebook.com\\\/lifenatura\",\"https:\\\/\\\/www.instagram.com\\\/lifenaturapt\\\/\"],\"hasMerchantReturnPolicy\":{\"@type\":\"MerchantReturnPolicy\",\"merchantReturnLink\":\"https:\\\/\\\/www.lifenatura.com\\\/termos-condicoes-lifenatura\\\/\"}}]}<\/script>\n<meta property=\"product:price:amount\" content=\"17.10\" \/>\n<meta property=\"product:price:currency\" content=\"EUR\" \/>\n<meta property=\"og:availability\" content=\"out of stock\" \/>\n<meta property=\"product:availability\" content=\"out of stock\" \/>\n<meta property=\"product:retailer_item_id\" content=\"5055148401412\" \/>\n<meta property=\"product:condition\" content=\"new\" \/>\n<!-- \/ Yoast SEO Premium plugin. -->","yoast_head_json":{"title":"Colina + Inositol 60 c\u00e1psulas - Lamberts","description":"Colina + Inositol es una de las vitaminas B y contribuye al mantenimiento de la funci\u00f3n hep\u00e1tica normal y al metabolismo normal de l\u00edpidos (grasas).","robots":{"index":"index","follow":"follow","max-snippet":"max-snippet:-1","max-image-preview":"max-image-preview:large","max-video-preview":"max-video-preview:-1"},"canonical":"https:\/\/www.lifenatura.com\/es\/produto\/colina-inositol-60-capsulas-lamberts\/","og_locale":"es_ES","og_type":"article","og_title":"Colina + Inositol 60 c\u00e1psulas - Lamberts - Na Lifenatura ao Melhor Pre\u00e7o | Envio 48h","og_description":"Compre Colina + Inositol 60 c\u00e1psulas - Lamberts com envio r\u00e1pido. Entrega em 48h e portes gr\u00e1tis em compras >35\u20ac. Aproveite j\u00e1 na Lifenatura","og_url":"https:\/\/www.lifenatura.com\/es\/produto\/colina-inositol-60-capsulas-lamberts\/","og_site_name":"Lifenatura","article_publisher":"https:\/\/www.facebook.com\/lifenatura","article_modified_time":"2026-02-17T07:58:32+00:00","og_image":[{"width":1000,"height":1000,"url":"https:\/\/www.lifenatura.com\/wp-content\/uploads\/2021\/09\/gd_colina-inositol-60-capsulas-lamberts.jpg","type":"image\/jpeg"}],"twitter_card":"summary_large_image","twitter_misc":{"Precio":"17,10&nbsp;&euro;","Disponibilidad":"Sin existencias"},"schema":{"@context":"https:\/\/schema.org","@graph":[{"@type":"WebPage","@id":"https:\/\/www.lifenatura.com\/es\/produto\/colina-inositol-60-capsulas-lamberts\/","url":"https:\/\/www.lifenatura.com\/es\/produto\/colina-inositol-60-capsulas-lamberts\/","name":"Colina + Inositol 60 c\u00e1psulas - Lamberts","isPartOf":{"@id":"https:\/\/www.lifenatura.com\/es\/#website"},"primaryImageOfPage":{"@id":"https:\/\/www.lifenatura.com\/es\/produto\/colina-inositol-60-capsulas-lamberts\/#primaryimage"},"image":{"@id":"https:\/\/www.lifenatura.com\/es\/produto\/colina-inositol-60-capsulas-lamberts\/#primaryimage"},"thumbnailUrl":"https:\/\/www.lifenatura.com\/wp-content\/uploads\/2021\/09\/gd_colina-inositol-60-capsulas-lamberts.jpg","datePublished":"2021-09-30T10:17:34+00:00","dateModified":"2026-02-17T07:58:32+00:00","description":"Colina + Inositol es una de las vitaminas B y contribuye al mantenimiento de la funci\u00f3n hep\u00e1tica normal y al metabolismo normal de l\u00edpidos (grasas).","breadcrumb":{"@id":"https:\/\/www.lifenatura.com\/es\/produto\/colina-inositol-60-capsulas-lamberts\/#breadcrumb"},"inLanguage":"es","potentialAction":[{"@type":"ReadAction","target":["https:\/\/www.lifenatura.com\/es\/produto\/colina-inositol-60-capsulas-lamberts\/"]}]},{"@type":"ImageObject","inLanguage":"es","@id":"https:\/\/www.lifenatura.com\/es\/produto\/colina-inositol-60-capsulas-lamberts\/#primaryimage","url":"https:\/\/www.lifenatura.com\/wp-content\/uploads\/2021\/09\/gd_colina-inositol-60-capsulas-lamberts.jpg","contentUrl":"https:\/\/www.lifenatura.com\/wp-content\/uploads\/2021\/09\/gd_colina-inositol-60-capsulas-lamberts.jpg","width":1000,"height":1000,"caption":"Colina + Inositol 60 c\u00e1psulas - Lamberts"},{"@type":"BreadcrumbList","@id":"https:\/\/www.lifenatura.com\/es\/produto\/colina-inositol-60-capsulas-lamberts\/#breadcrumb","itemListElement":[{"@type":"ListItem","position":1,"name":"In\u00edcio","item":"https:\/\/www.lifenatura.com\/es\/"},{"@type":"ListItem","position":2,"name":"Todos los Productos","item":"https:\/\/www.lifenatura.com\/es\/tienda\/"},{"@type":"ListItem","position":3,"name":"Colina + Inositol 60 c\u00e1psulas &#8211; Lamberts"}]},{"@type":"WebSite","@id":"https:\/\/www.lifenatura.com\/es\/#website","url":"https:\/\/www.lifenatura.com\/es\/","name":"Lifenatura","description":"A Lifenatura \u00e9 uma loja de produtos naturais, cosm\u00e9tica natural e alimenta\u00e7\u00e3o Biol\u00f3gica.","publisher":{"@id":"https:\/\/www.lifenatura.com\/es\/#organization"},"potentialAction":[{"@type":"SearchAction","target":{"@type":"EntryPoint","urlTemplate":"https:\/\/www.lifenatura.com\/es\/?s={search_term_string}"},"query-input":{"@type":"PropertyValueSpecification","valueRequired":true,"valueName":"search_term_string"}}],"inLanguage":"es"},{"@type":"Organization","@id":"https:\/\/www.lifenatura.com\/es\/#organization","name":"Lifenatura","url":"https:\/\/www.lifenatura.com\/es\/","logo":{"@type":"ImageObject","inLanguage":"es","@id":"https:\/\/www.lifenatura.com\/es\/#\/schema\/logo\/image\/","url":"https:\/\/www.lifenatura.com\/wp-content\/uploads\/2021\/07\/logo.png","contentUrl":"https:\/\/www.lifenatura.com\/wp-content\/uploads\/2021\/07\/logo.png","width":175,"height":55,"caption":"Lifenatura"},"image":{"@id":"https:\/\/www.lifenatura.com\/es\/#\/schema\/logo\/image\/"},"sameAs":["https:\/\/www.facebook.com\/lifenatura","https:\/\/www.instagram.com\/lifenaturapt\/"],"hasMerchantReturnPolicy":{"@type":"MerchantReturnPolicy","merchantReturnLink":"https:\/\/www.lifenatura.com\/termos-condicoes-lifenatura\/"}}]},"product_price_amount":"17.10","product_price_currency":"EUR","og_availability":"out of stock","product_availability":"out of stock","product_retailer_item_id":"5055148401412","product_condition":"new"},"df_price":17.1,"df_sale_price":"","df_regular_price":17.1,"df_image_link":"https:\/\/www.lifenatura.com\/wp-content\/uploads\/2021\/09\/gd_colina-inositol-60-capsulas-lamberts-300x300.jpg","_links":{"self":[{"href":"https:\/\/www.lifenatura.com\/es\/wp-json\/wp\/v2\/product\/39101","targetHints":{"allow":["GET"]}}],"collection":[{"href":"https:\/\/www.lifenatura.com\/es\/wp-json\/wp\/v2\/product"}],"about":[{"href":"https:\/\/www.lifenatura.com\/es\/wp-json\/wp\/v2\/types\/product"}],"wp:featuredmedia":[{"embeddable":true,"href":"https:\/\/www.lifenatura.com\/es\/wp-json\/wp\/v2\/media\/20519"}],"wp:attachment":[{"href":"https:\/\/www.lifenatura.com\/es\/wp-json\/wp\/v2\/media?parent=39101"}],"wp:term":[{"taxonomy":"product_brand","embeddable":true,"href":"https:\/\/www.lifenatura.com\/es\/wp-json\/wp\/v2\/product_brand?post=39101"},{"taxonomy":"product_cat","embeddable":true,"href":"https:\/\/www.lifenatura.com\/es\/wp-json\/wp\/v2\/product_cat?post=39101"},{"taxonomy":"product_tag","embeddable":true,"href":"https:\/\/www.lifenatura.com\/es\/wp-json\/wp\/v2\/product_tag?post=39101"}],"curies":[{"name":"wp","href":"https:\/\/api.w.org\/{rel}","templated":true}]}}