{"id":39079,"date":"2021-09-30T10:17:14","date_gmt":"2021-09-30T10:17:14","guid":{"rendered":"https:\/\/lifenatura.dev.agenciagetdigital.com\/produto\/multivitaminas-a-z-60-comprimidos-lamberts\/"},"modified":"2026-02-17T07:58:23","modified_gmt":"2026-02-17T07:58:23","slug":"multivitaminas-a-z-60-comprimidos-lamberts","status":"publish","type":"product","link":"https:\/\/www.lifenatura.com\/es\/produto\/multivitaminas-a-z-60-comprimidos-lamberts\/","title":{"rendered":"Multivitaminas A-Z 60 Comprimidos &#8211; Lamberts"},"content":{"rendered":"<p>Un Multivitaminico muy completo Multivitaminas y Minerales Lamberts es un suplemento multivitam\u00ednico y mineral que proporciona todos los micronutrientes esenciales, un solo comprimido al d\u00eda cubre, en la mayor\u00eda de los casos, el 100% de las necesidades diarias de estos micronutrientes. Las vitaminas son un grupo de nutrientes org\u00e1nicos esenciales para regular los procesos qu\u00edmicos en el organismo. Generalmente, el organismo no las puede sintetizar, sin embargo, deben ser obtenidas a trav\u00e9s de los alimentos o suplementos alimenticios. PRESENTACI\u00d3N 60 Comprimidos.<\/p>\n","protected":false},"excerpt":{"rendered":"<p>Un Multivitaminico muy completo Multivitaminas y Minerales Lamberts es un suplemento multivitam\u00ednico y mineral que proporciona todos los micronutrientes esenciales, un solo comprimido al d\u00eda cubre, en la mayor\u00eda de los casos, el 100% de las necesidades diarias de estos micronutrientes. Las vitaminas son un grupo de nutrientes org\u00e1nicos esenciales para regular los procesos qu\u00edmicos [&#8230;]<\/p>\n<p><a class=\"btn btn-secondary understrap-read-more-link\" href=\"https:\/\/www.lifenatura.com\/es\/produto\/multivitaminas-a-z-60-comprimidos-lamberts\/\">Leer m\u00e1s&#8230;<span class=\"screen-reader-text\"> from Multivitaminas A-Z 60 Comprimidos &#8211; Lamberts<\/span><\/a><\/p>\n","protected":false},"featured_media":20497,"template":"","meta":{"_acf_changed":false},"product_brand":[8457],"product_cat":[7259,7179,7262],"product_tag":[],"class_list":{"0":"post-39079","1":"product","2":"type-product","3":"status-publish","4":"has-post-thumbnail","6":"product_brand-lamberts","7":"product_cat-vitaminas-y-minerales","8":"product_cat-salud","9":"product_cat-vitamina-e-salud","11":"first","12":"instock","13":"shipping-taxable","14":"purchasable","15":"product-type-simple","16":"add-to-wishlist-before_image"},"acf":[],"yoast_head":"<!-- This site is optimized with the Yoast SEO Premium plugin v27.1 (Yoast SEO v27.5) - https:\/\/yoast.com\/product\/yoast-seo-premium-wordpress\/ -->\n<title>Multivitaminas A-Z 60 Comprimidos - Lamberts<\/title>\n<meta name=\"description\" content=\"Es un suplemento multivitam\u00ednico y mineral que proporciona todos los micronutrientes esenciales, un solo comprimido al d\u00eda cubre, en la mayor\u00eda de los casos.\" \/>\n<meta name=\"robots\" content=\"index, follow, max-snippet:-1, max-image-preview:large, max-video-preview:-1\" \/>\n<link rel=\"canonical\" href=\"https:\/\/www.lifenatura.com\/es\/produto\/multivitaminas-a-z-60-comprimidos-lamberts\/\" \/>\n<meta property=\"og:locale\" content=\"es_ES\" \/>\n<meta property=\"og:type\" content=\"article\" \/>\n<meta property=\"og:title\" content=\"Multivitaminas A-Z 60 Comprimidos - Lamberts - Na Lifenatura ao Melhor Pre\u00e7o | Envio 48h\" \/>\n<meta property=\"og:description\" content=\"Compre Multivitaminas A-Z 60 Comprimidos - Lamberts com envio r\u00e1pido. Entrega em 48h e portes gr\u00e1tis em compras &gt;35\u20ac. Aproveite j\u00e1 na Lifenatura\" \/>\n<meta property=\"og:url\" content=\"https:\/\/www.lifenatura.com\/es\/produto\/multivitaminas-a-z-60-comprimidos-lamberts\/\" \/>\n<meta property=\"og:site_name\" content=\"Lifenatura\" \/>\n<meta property=\"article:publisher\" content=\"https:\/\/www.facebook.com\/lifenatura\" \/>\n<meta property=\"article:modified_time\" content=\"2026-02-17T07:58:23+00:00\" \/>\n<meta property=\"og:image\" content=\"https:\/\/www.lifenatura.com\/wp-content\/uploads\/2021\/09\/gd_a-z-multi-60-comprimidos-lamberts.jpg\" \/>\n\t<meta property=\"og:image:width\" content=\"1000\" \/>\n\t<meta property=\"og:image:height\" content=\"1000\" \/>\n\t<meta property=\"og:image:type\" content=\"image\/jpeg\" \/>\n<meta name=\"twitter:card\" content=\"summary_large_image\" \/>\n<meta name=\"twitter:label1\" content=\"Precio\" \/>\n\t<meta name=\"twitter:data1\" content=\"19,90&nbsp;&euro;\" \/>\n\t<meta name=\"twitter:label2\" content=\"Disponibilidad\" \/>\n\t<meta name=\"twitter:data2\" content=\"Disponible\" \/>\n<script type=\"application\/ld+json\" class=\"yoast-schema-graph\">{\"@context\":\"https:\\\/\\\/schema.org\",\"@graph\":[{\"@type\":\"WebPage\",\"@id\":\"https:\\\/\\\/www.lifenatura.com\\\/es\\\/produto\\\/multivitaminas-a-z-60-comprimidos-lamberts\\\/\",\"url\":\"https:\\\/\\\/www.lifenatura.com\\\/es\\\/produto\\\/multivitaminas-a-z-60-comprimidos-lamberts\\\/\",\"name\":\"Multivitaminas A-Z 60 Comprimidos - Lamberts\",\"isPartOf\":{\"@id\":\"https:\\\/\\\/www.lifenatura.com\\\/es\\\/#website\"},\"primaryImageOfPage\":{\"@id\":\"https:\\\/\\\/www.lifenatura.com\\\/es\\\/produto\\\/multivitaminas-a-z-60-comprimidos-lamberts\\\/#primaryimage\"},\"image\":{\"@id\":\"https:\\\/\\\/www.lifenatura.com\\\/es\\\/produto\\\/multivitaminas-a-z-60-comprimidos-lamberts\\\/#primaryimage\"},\"thumbnailUrl\":\"https:\\\/\\\/www.lifenatura.com\\\/wp-content\\\/uploads\\\/2021\\\/09\\\/gd_a-z-multi-60-comprimidos-lamberts.jpg\",\"datePublished\":\"2021-09-30T10:17:14+00:00\",\"dateModified\":\"2026-02-17T07:58:23+00:00\",\"description\":\"Es un suplemento multivitam\u00ednico y mineral que proporciona todos los micronutrientes esenciales, un solo comprimido al d\u00eda cubre, en la mayor\u00eda de los casos.\",\"breadcrumb\":{\"@id\":\"https:\\\/\\\/www.lifenatura.com\\\/es\\\/produto\\\/multivitaminas-a-z-60-comprimidos-lamberts\\\/#breadcrumb\"},\"inLanguage\":\"es\",\"potentialAction\":[{\"@type\":\"ReadAction\",\"target\":[\"https:\\\/\\\/www.lifenatura.com\\\/es\\\/produto\\\/multivitaminas-a-z-60-comprimidos-lamberts\\\/\"]}]},{\"@type\":\"ImageObject\",\"inLanguage\":\"es\",\"@id\":\"https:\\\/\\\/www.lifenatura.com\\\/es\\\/produto\\\/multivitaminas-a-z-60-comprimidos-lamberts\\\/#primaryimage\",\"url\":\"https:\\\/\\\/www.lifenatura.com\\\/wp-content\\\/uploads\\\/2021\\\/09\\\/gd_a-z-multi-60-comprimidos-lamberts.jpg\",\"contentUrl\":\"https:\\\/\\\/www.lifenatura.com\\\/wp-content\\\/uploads\\\/2021\\\/09\\\/gd_a-z-multi-60-comprimidos-lamberts.jpg\",\"width\":1000,\"height\":1000,\"caption\":\"Multivitaminas A-Z 60 Comprimidos - Lamberts\"},{\"@type\":\"BreadcrumbList\",\"@id\":\"https:\\\/\\\/www.lifenatura.com\\\/es\\\/produto\\\/multivitaminas-a-z-60-comprimidos-lamberts\\\/#breadcrumb\",\"itemListElement\":[{\"@type\":\"ListItem\",\"position\":1,\"name\":\"In\u00edcio\",\"item\":\"https:\\\/\\\/www.lifenatura.com\\\/es\\\/\"},{\"@type\":\"ListItem\",\"position\":2,\"name\":\"Todos los Productos\",\"item\":\"https:\\\/\\\/www.lifenatura.com\\\/es\\\/tienda\\\/\"},{\"@type\":\"ListItem\",\"position\":3,\"name\":\"Multivitaminas A-Z 60 Comprimidos &#8211; Lamberts\"}]},{\"@type\":\"WebSite\",\"@id\":\"https:\\\/\\\/www.lifenatura.com\\\/es\\\/#website\",\"url\":\"https:\\\/\\\/www.lifenatura.com\\\/es\\\/\",\"name\":\"Lifenatura\",\"description\":\"A Lifenatura \u00e9 uma loja de produtos naturais, cosm\u00e9tica natural e alimenta\u00e7\u00e3o Biol\u00f3gica.\",\"publisher\":{\"@id\":\"https:\\\/\\\/www.lifenatura.com\\\/es\\\/#organization\"},\"potentialAction\":[{\"@type\":\"SearchAction\",\"target\":{\"@type\":\"EntryPoint\",\"urlTemplate\":\"https:\\\/\\\/www.lifenatura.com\\\/es\\\/?s={search_term_string}\"},\"query-input\":{\"@type\":\"PropertyValueSpecification\",\"valueRequired\":true,\"valueName\":\"search_term_string\"}}],\"inLanguage\":\"es\"},{\"@type\":\"Organization\",\"@id\":\"https:\\\/\\\/www.lifenatura.com\\\/es\\\/#organization\",\"name\":\"Lifenatura\",\"url\":\"https:\\\/\\\/www.lifenatura.com\\\/es\\\/\",\"logo\":{\"@type\":\"ImageObject\",\"inLanguage\":\"es\",\"@id\":\"https:\\\/\\\/www.lifenatura.com\\\/es\\\/#\\\/schema\\\/logo\\\/image\\\/\",\"url\":\"https:\\\/\\\/www.lifenatura.com\\\/wp-content\\\/uploads\\\/2021\\\/07\\\/logo.png\",\"contentUrl\":\"https:\\\/\\\/www.lifenatura.com\\\/wp-content\\\/uploads\\\/2021\\\/07\\\/logo.png\",\"width\":175,\"height\":55,\"caption\":\"Lifenatura\"},\"image\":{\"@id\":\"https:\\\/\\\/www.lifenatura.com\\\/es\\\/#\\\/schema\\\/logo\\\/image\\\/\"},\"sameAs\":[\"https:\\\/\\\/www.facebook.com\\\/lifenatura\",\"https:\\\/\\\/www.instagram.com\\\/lifenaturapt\\\/\"],\"hasMerchantReturnPolicy\":{\"@type\":\"MerchantReturnPolicy\",\"merchantReturnLink\":\"https:\\\/\\\/www.lifenatura.com\\\/termos-condicoes-lifenatura\\\/\"}}]}<\/script>\n<meta property=\"product:price:amount\" content=\"19.90\" \/>\n<meta property=\"product:price:currency\" content=\"EUR\" \/>\n<meta property=\"og:availability\" content=\"instock\" \/>\n<meta property=\"product:availability\" content=\"instock\" \/>\n<meta property=\"product:retailer_item_id\" content=\"5055148400361\" \/>\n<meta property=\"product:condition\" content=\"new\" \/>\n<!-- \/ Yoast SEO Premium plugin. -->","yoast_head_json":{"title":"Multivitaminas A-Z 60 Comprimidos - Lamberts","description":"Es un suplemento multivitam\u00ednico y mineral que proporciona todos los micronutrientes esenciales, un solo comprimido al d\u00eda cubre, en la mayor\u00eda de los casos.","robots":{"index":"index","follow":"follow","max-snippet":"max-snippet:-1","max-image-preview":"max-image-preview:large","max-video-preview":"max-video-preview:-1"},"canonical":"https:\/\/www.lifenatura.com\/es\/produto\/multivitaminas-a-z-60-comprimidos-lamberts\/","og_locale":"es_ES","og_type":"article","og_title":"Multivitaminas A-Z 60 Comprimidos - Lamberts - Na Lifenatura ao Melhor Pre\u00e7o | Envio 48h","og_description":"Compre Multivitaminas A-Z 60 Comprimidos - Lamberts com envio r\u00e1pido. Entrega em 48h e portes gr\u00e1tis em compras >35\u20ac. Aproveite j\u00e1 na Lifenatura","og_url":"https:\/\/www.lifenatura.com\/es\/produto\/multivitaminas-a-z-60-comprimidos-lamberts\/","og_site_name":"Lifenatura","article_publisher":"https:\/\/www.facebook.com\/lifenatura","article_modified_time":"2026-02-17T07:58:23+00:00","og_image":[{"width":1000,"height":1000,"url":"https:\/\/www.lifenatura.com\/wp-content\/uploads\/2021\/09\/gd_a-z-multi-60-comprimidos-lamberts.jpg","type":"image\/jpeg"}],"twitter_card":"summary_large_image","twitter_misc":{"Precio":"19,90&nbsp;&euro;","Disponibilidad":"Disponible"},"schema":{"@context":"https:\/\/schema.org","@graph":[{"@type":"WebPage","@id":"https:\/\/www.lifenatura.com\/es\/produto\/multivitaminas-a-z-60-comprimidos-lamberts\/","url":"https:\/\/www.lifenatura.com\/es\/produto\/multivitaminas-a-z-60-comprimidos-lamberts\/","name":"Multivitaminas A-Z 60 Comprimidos - Lamberts","isPartOf":{"@id":"https:\/\/www.lifenatura.com\/es\/#website"},"primaryImageOfPage":{"@id":"https:\/\/www.lifenatura.com\/es\/produto\/multivitaminas-a-z-60-comprimidos-lamberts\/#primaryimage"},"image":{"@id":"https:\/\/www.lifenatura.com\/es\/produto\/multivitaminas-a-z-60-comprimidos-lamberts\/#primaryimage"},"thumbnailUrl":"https:\/\/www.lifenatura.com\/wp-content\/uploads\/2021\/09\/gd_a-z-multi-60-comprimidos-lamberts.jpg","datePublished":"2021-09-30T10:17:14+00:00","dateModified":"2026-02-17T07:58:23+00:00","description":"Es un suplemento multivitam\u00ednico y mineral que proporciona todos los micronutrientes esenciales, un solo comprimido al d\u00eda cubre, en la mayor\u00eda de los casos.","breadcrumb":{"@id":"https:\/\/www.lifenatura.com\/es\/produto\/multivitaminas-a-z-60-comprimidos-lamberts\/#breadcrumb"},"inLanguage":"es","potentialAction":[{"@type":"ReadAction","target":["https:\/\/www.lifenatura.com\/es\/produto\/multivitaminas-a-z-60-comprimidos-lamberts\/"]}]},{"@type":"ImageObject","inLanguage":"es","@id":"https:\/\/www.lifenatura.com\/es\/produto\/multivitaminas-a-z-60-comprimidos-lamberts\/#primaryimage","url":"https:\/\/www.lifenatura.com\/wp-content\/uploads\/2021\/09\/gd_a-z-multi-60-comprimidos-lamberts.jpg","contentUrl":"https:\/\/www.lifenatura.com\/wp-content\/uploads\/2021\/09\/gd_a-z-multi-60-comprimidos-lamberts.jpg","width":1000,"height":1000,"caption":"Multivitaminas A-Z 60 Comprimidos - Lamberts"},{"@type":"BreadcrumbList","@id":"https:\/\/www.lifenatura.com\/es\/produto\/multivitaminas-a-z-60-comprimidos-lamberts\/#breadcrumb","itemListElement":[{"@type":"ListItem","position":1,"name":"In\u00edcio","item":"https:\/\/www.lifenatura.com\/es\/"},{"@type":"ListItem","position":2,"name":"Todos los Productos","item":"https:\/\/www.lifenatura.com\/es\/tienda\/"},{"@type":"ListItem","position":3,"name":"Multivitaminas A-Z 60 Comprimidos &#8211; Lamberts"}]},{"@type":"WebSite","@id":"https:\/\/www.lifenatura.com\/es\/#website","url":"https:\/\/www.lifenatura.com\/es\/","name":"Lifenatura","description":"A Lifenatura \u00e9 uma loja de produtos naturais, cosm\u00e9tica natural e alimenta\u00e7\u00e3o Biol\u00f3gica.","publisher":{"@id":"https:\/\/www.lifenatura.com\/es\/#organization"},"potentialAction":[{"@type":"SearchAction","target":{"@type":"EntryPoint","urlTemplate":"https:\/\/www.lifenatura.com\/es\/?s={search_term_string}"},"query-input":{"@type":"PropertyValueSpecification","valueRequired":true,"valueName":"search_term_string"}}],"inLanguage":"es"},{"@type":"Organization","@id":"https:\/\/www.lifenatura.com\/es\/#organization","name":"Lifenatura","url":"https:\/\/www.lifenatura.com\/es\/","logo":{"@type":"ImageObject","inLanguage":"es","@id":"https:\/\/www.lifenatura.com\/es\/#\/schema\/logo\/image\/","url":"https:\/\/www.lifenatura.com\/wp-content\/uploads\/2021\/07\/logo.png","contentUrl":"https:\/\/www.lifenatura.com\/wp-content\/uploads\/2021\/07\/logo.png","width":175,"height":55,"caption":"Lifenatura"},"image":{"@id":"https:\/\/www.lifenatura.com\/es\/#\/schema\/logo\/image\/"},"sameAs":["https:\/\/www.facebook.com\/lifenatura","https:\/\/www.instagram.com\/lifenaturapt\/"],"hasMerchantReturnPolicy":{"@type":"MerchantReturnPolicy","merchantReturnLink":"https:\/\/www.lifenatura.com\/termos-condicoes-lifenatura\/"}}]},"product_price_amount":"19.90","product_price_currency":"EUR","og_availability":"instock","product_availability":"instock","product_retailer_item_id":"5055148400361","product_condition":"new"},"df_price":19.9,"df_sale_price":"","df_regular_price":19.9,"df_image_link":"https:\/\/www.lifenatura.com\/wp-content\/uploads\/2021\/09\/gd_a-z-multi-60-comprimidos-lamberts-300x300.jpg","_links":{"self":[{"href":"https:\/\/www.lifenatura.com\/es\/wp-json\/wp\/v2\/product\/39079","targetHints":{"allow":["GET"]}}],"collection":[{"href":"https:\/\/www.lifenatura.com\/es\/wp-json\/wp\/v2\/product"}],"about":[{"href":"https:\/\/www.lifenatura.com\/es\/wp-json\/wp\/v2\/types\/product"}],"wp:featuredmedia":[{"embeddable":true,"href":"https:\/\/www.lifenatura.com\/es\/wp-json\/wp\/v2\/media\/20497"}],"wp:attachment":[{"href":"https:\/\/www.lifenatura.com\/es\/wp-json\/wp\/v2\/media?parent=39079"}],"wp:term":[{"taxonomy":"product_brand","embeddable":true,"href":"https:\/\/www.lifenatura.com\/es\/wp-json\/wp\/v2\/product_brand?post=39079"},{"taxonomy":"product_cat","embeddable":true,"href":"https:\/\/www.lifenatura.com\/es\/wp-json\/wp\/v2\/product_cat?post=39079"},{"taxonomy":"product_tag","embeddable":true,"href":"https:\/\/www.lifenatura.com\/es\/wp-json\/wp\/v2\/product_tag?post=39079"}],"curies":[{"name":"wp","href":"https:\/\/api.w.org\/{rel}","templated":true}]}}