{"id":39067,"date":"2021-09-30T10:17:14","date_gmt":"2021-09-30T10:17:14","guid":{"rendered":"https:\/\/lifenatura.dev.agenciagetdigital.com\/produto\/kyolic-probiotico-kyo-dophilus-9-90-capsulas\/"},"modified":"2026-02-17T07:58:21","modified_gmt":"2026-02-17T07:58:21","slug":"kyolic-probiotico-kyo-dophilus-9-90-capsulas","status":"publish","type":"product","link":"https:\/\/www.lifenatura.com\/es\/produto\/kyolic-probiotico-kyo-dophilus-9-90-capsulas\/","title":{"rendered":"Kyolic Probi\u00f3tico Kyo Dophilus 9 90 c\u00e1psulas"},"content":{"rendered":"<p>Indicado para la Flora Intestinal Kyo Dophilus 9 contiene los mecanismos de actuaci\u00f3n de estas bacterias probi\u00f3ticas implican la producci\u00f3n de sustancias inhibidoras de pat\u00f3genos, impedimento de la fijaci\u00f3n de bacterias pat\u00f3genas e inhibici\u00f3n de la acci\u00f3n de toxinas microbianas. Estos m\u00faltiples mecanismos de acci\u00f3n van a potenciar la producci\u00f3n de nutrientes y de agentes antimicrobianos, digesti\u00f3n de la lactosa, fortalecimiento del sistema inmunitario y, consecuentemente, crear un ambiente favorable a la multiplicaci\u00f3n de las bacterias beneficiosas. PRESENTACI\u00d3N 90 C\u00e1psulas.<\/p>\n","protected":false},"excerpt":{"rendered":"<p>Indicado para la Flora Intestinal Kyo Dophilus 9 contiene los mecanismos de actuaci\u00f3n de estas bacterias probi\u00f3ticas implican la producci\u00f3n de sustancias inhibidoras de pat\u00f3genos, impedimento de la fijaci\u00f3n de bacterias pat\u00f3genas e inhibici\u00f3n de la acci\u00f3n de toxinas microbianas. Estos m\u00faltiples mecanismos de acci\u00f3n van a potenciar la producci\u00f3n de nutrientes y de agentes [&#8230;]<\/p>\n<p><a class=\"btn btn-secondary understrap-read-more-link\" href=\"https:\/\/www.lifenatura.com\/es\/produto\/kyolic-probiotico-kyo-dophilus-9-90-capsulas\/\">Leer m\u00e1s&#8230;<span class=\"screen-reader-text\"> from Kyolic Probi\u00f3tico Kyo Dophilus 9 90 c\u00e1psulas<\/span><\/a><\/p>\n","protected":false},"featured_media":130434,"template":"","meta":{"_acf_changed":false},"product_brand":[8459],"product_cat":[7256,7659,7770,7179],"product_tag":[8702],"class_list":{"0":"post-39067","1":"product","2":"type-product","3":"status-publish","4":"has-post-thumbnail","6":"product_brand-kyolic","7":"product_cat-flora-intestinal-salud","8":"product_cat-ingrediente-natural-bio","9":"product_cat-probioticos-es","10":"product_cat-salud","11":"product_tag-nutricion-oro","13":"first","14":"instock","15":"sale","16":"shipping-taxable","17":"purchasable","18":"product-type-simple","19":"add-to-wishlist-before_image"},"acf":[],"yoast_head":"<!-- This site is optimized with the Yoast SEO Premium plugin v27.1 (Yoast SEO v27.3) - https:\/\/yoast.com\/product\/yoast-seo-premium-wordpress\/ -->\n<title>Kyolic Probi\u00f3tico Kyo Dophilus 9 90 c\u00e1psulas<\/title>\n<meta name=\"description\" content=\"Kyolic Dophilus 9 est\u00e1 indicado para restablecer la flora intestinal ben\u00e9fica, fortalecer el sistema inmunitario, promover y regular el buen funcionamiento intestinal.\" \/>\n<meta name=\"robots\" content=\"index, follow, max-snippet:-1, max-image-preview:large, max-video-preview:-1\" \/>\n<link rel=\"canonical\" href=\"https:\/\/www.lifenatura.com\/es\/produto\/kyolic-probiotico-kyo-dophilus-9-90-capsulas\/\" \/>\n<meta property=\"og:locale\" content=\"es_ES\" \/>\n<meta property=\"og:type\" content=\"article\" \/>\n<meta property=\"og:title\" content=\"Kyolic Probi\u00f3tico Kyo Dophilus 9 90 c\u00e1psulas - Lifenatura\" \/>\n<meta property=\"og:description\" content=\"Compre aqui o seu Kyolic Probi\u00f3tico Kyo Dophilus 9 90 c\u00e1psulas e a Lifenatura Online envia em 48 H com Portes Gratis &gt;35\u20ac de Pedido.\" \/>\n<meta property=\"og:url\" content=\"https:\/\/www.lifenatura.com\/es\/produto\/kyolic-probiotico-kyo-dophilus-9-90-capsulas\/\" \/>\n<meta property=\"og:site_name\" content=\"Lifenatura\" \/>\n<meta property=\"article:publisher\" content=\"https:\/\/www.facebook.com\/lifenatura\" \/>\n<meta property=\"article:modified_time\" content=\"2026-02-17T07:58:21+00:00\" \/>\n<meta property=\"og:image\" content=\"https:\/\/www.lifenatura.com\/wp-content\/uploads\/2021\/09\/gd_kyolic_probiotico_kyo_dophilus_9_90_capsulas.jpg\" \/>\n\t<meta property=\"og:image:width\" content=\"1000\" \/>\n\t<meta property=\"og:image:height\" content=\"1000\" \/>\n\t<meta property=\"og:image:type\" content=\"image\/jpeg\" \/>\n<meta name=\"twitter:card\" content=\"summary_large_image\" \/>\n<meta name=\"twitter:label1\" content=\"Precio\" \/>\n\t<meta name=\"twitter:data1\" content=\"38,34&nbsp;&euro;\" \/>\n\t<meta name=\"twitter:label2\" content=\"Disponibilidad\" \/>\n\t<meta name=\"twitter:data2\" content=\"Disponible\" \/>\n<meta property=\"product:price:amount\" content=\"38.34\" \/>\n<meta property=\"product:price:currency\" content=\"EUR\" \/>\n<meta property=\"og:availability\" content=\"instock\" \/>\n<meta property=\"product:availability\" content=\"instock\" \/>\n<meta property=\"product:retailer_item_id\" content=\"0023542610490\" \/>\n<meta property=\"product:condition\" content=\"new\" \/>\n<!-- \/ Yoast SEO Premium plugin. -->","yoast_head_json":{"title":"Kyolic Probi\u00f3tico Kyo Dophilus 9 90 c\u00e1psulas","description":"Kyolic Dophilus 9 est\u00e1 indicado para restablecer la flora intestinal ben\u00e9fica, fortalecer el sistema inmunitario, promover y regular el buen funcionamiento intestinal.","robots":{"index":"index","follow":"follow","max-snippet":"max-snippet:-1","max-image-preview":"max-image-preview:large","max-video-preview":"max-video-preview:-1"},"canonical":"https:\/\/www.lifenatura.com\/es\/produto\/kyolic-probiotico-kyo-dophilus-9-90-capsulas\/","og_locale":"es_ES","og_type":"article","og_title":"Kyolic Probi\u00f3tico Kyo Dophilus 9 90 c\u00e1psulas - Lifenatura","og_description":"Compre aqui o seu Kyolic Probi\u00f3tico Kyo Dophilus 9 90 c\u00e1psulas e a Lifenatura Online envia em 48 H com Portes Gratis >35\u20ac de Pedido.","og_url":"https:\/\/www.lifenatura.com\/es\/produto\/kyolic-probiotico-kyo-dophilus-9-90-capsulas\/","og_site_name":"Lifenatura","article_publisher":"https:\/\/www.facebook.com\/lifenatura","article_modified_time":"2026-02-17T07:58:21+00:00","og_image":[{"width":1000,"height":1000,"url":"https:\/\/www.lifenatura.com\/wp-content\/uploads\/2021\/09\/gd_kyolic_probiotico_kyo_dophilus_9_90_capsulas.jpg","type":"image\/jpeg"}],"twitter_card":"summary_large_image","twitter_misc":{"Precio":"38,34&nbsp;&euro;","Disponibilidad":"Disponible"},"schema":{"@context":"https:\/\/schema.org","@graph":[{"@type":"WebPage","@id":"https:\/\/www.lifenatura.com\/es\/produto\/kyolic-probiotico-kyo-dophilus-9-90-capsulas\/","url":"https:\/\/www.lifenatura.com\/es\/produto\/kyolic-probiotico-kyo-dophilus-9-90-capsulas\/","name":"Kyolic Probi\u00f3tico Kyo Dophilus 9 90 c\u00e1psulas","isPartOf":{"@id":"https:\/\/www.lifenatura.com\/es\/#website"},"primaryImageOfPage":{"@id":"https:\/\/www.lifenatura.com\/es\/produto\/kyolic-probiotico-kyo-dophilus-9-90-capsulas\/#primaryimage"},"image":{"@id":"https:\/\/www.lifenatura.com\/es\/produto\/kyolic-probiotico-kyo-dophilus-9-90-capsulas\/#primaryimage"},"thumbnailUrl":"https:\/\/www.lifenatura.com\/wp-content\/uploads\/2026\/03\/Prod_KyodophilusMulti9.jpg","datePublished":"2021-09-30T10:17:14+00:00","dateModified":"2026-02-17T07:58:21+00:00","description":"Kyolic Dophilus 9 est\u00e1 indicado para restablecer la flora intestinal ben\u00e9fica, fortalecer el sistema inmunitario, promover y regular el buen funcionamiento intestinal.","breadcrumb":{"@id":"https:\/\/www.lifenatura.com\/es\/produto\/kyolic-probiotico-kyo-dophilus-9-90-capsulas\/#breadcrumb"},"inLanguage":"es","potentialAction":[{"@type":"ReadAction","target":["https:\/\/www.lifenatura.com\/es\/produto\/kyolic-probiotico-kyo-dophilus-9-90-capsulas\/"]}]},{"@type":"ImageObject","inLanguage":"es","@id":"https:\/\/www.lifenatura.com\/es\/produto\/kyolic-probiotico-kyo-dophilus-9-90-capsulas\/#primaryimage","url":"https:\/\/www.lifenatura.com\/wp-content\/uploads\/2026\/03\/Prod_KyodophilusMulti9.jpg","contentUrl":"https:\/\/www.lifenatura.com\/wp-content\/uploads\/2026\/03\/Prod_KyodophilusMulti9.jpg","width":830,"height":820},{"@type":"BreadcrumbList","@id":"https:\/\/www.lifenatura.com\/es\/produto\/kyolic-probiotico-kyo-dophilus-9-90-capsulas\/#breadcrumb","itemListElement":[{"@type":"ListItem","position":1,"name":"In\u00edcio","item":"https:\/\/www.lifenatura.com\/es\/"},{"@type":"ListItem","position":2,"name":"Todos los Productos","item":"https:\/\/www.lifenatura.com\/es\/tienda\/"},{"@type":"ListItem","position":3,"name":"Kyolic Probi\u00f3tico Kyo Dophilus 9 90 c\u00e1psulas"}]},{"@type":"WebSite","@id":"https:\/\/www.lifenatura.com\/es\/#website","url":"https:\/\/www.lifenatura.com\/es\/","name":"Lifenatura","description":"A Lifenatura \u00e9 uma loja de produtos naturais, cosm\u00e9tica natural e alimenta\u00e7\u00e3o Biol\u00f3gica.","publisher":{"@id":"https:\/\/www.lifenatura.com\/es\/#organization"},"potentialAction":[{"@type":"SearchAction","target":{"@type":"EntryPoint","urlTemplate":"https:\/\/www.lifenatura.com\/es\/?s={search_term_string}"},"query-input":{"@type":"PropertyValueSpecification","valueRequired":true,"valueName":"search_term_string"}}],"inLanguage":"es"},{"@type":"Organization","@id":"https:\/\/www.lifenatura.com\/es\/#organization","name":"Lifenatura","url":"https:\/\/www.lifenatura.com\/es\/","logo":{"@type":"ImageObject","inLanguage":"es","@id":"https:\/\/www.lifenatura.com\/es\/#\/schema\/logo\/image\/","url":"https:\/\/www.lifenatura.com\/wp-content\/uploads\/2021\/11\/logo.png","contentUrl":"https:\/\/www.lifenatura.com\/wp-content\/uploads\/2021\/11\/logo.png","width":175,"height":55,"caption":"Lifenatura"},"image":{"@id":"https:\/\/www.lifenatura.com\/es\/#\/schema\/logo\/image\/"},"sameAs":["https:\/\/www.facebook.com\/lifenatura","https:\/\/www.instagram.com\/lifenaturapt\/"]}]},"product_price_amount":"38.34","product_price_currency":"EUR","og_availability":"instock","product_availability":"instock","product_retailer_item_id":"0023542610490","product_condition":"new"},"df_price":38.34,"df_sale_price":38.34,"df_regular_price":51.12,"df_image_link":"https:\/\/www.lifenatura.com\/wp-content\/uploads\/2026\/03\/Prod_KyodophilusMulti9-300x296.jpg","_links":{"self":[{"href":"https:\/\/www.lifenatura.com\/es\/wp-json\/wp\/v2\/product\/39067","targetHints":{"allow":["GET"]}}],"collection":[{"href":"https:\/\/www.lifenatura.com\/es\/wp-json\/wp\/v2\/product"}],"about":[{"href":"https:\/\/www.lifenatura.com\/es\/wp-json\/wp\/v2\/types\/product"}],"wp:featuredmedia":[{"embeddable":true,"href":"https:\/\/www.lifenatura.com\/es\/wp-json\/wp\/v2\/media\/130434"}],"wp:attachment":[{"href":"https:\/\/www.lifenatura.com\/es\/wp-json\/wp\/v2\/media?parent=39067"}],"wp:term":[{"taxonomy":"product_brand","embeddable":true,"href":"https:\/\/www.lifenatura.com\/es\/wp-json\/wp\/v2\/product_brand?post=39067"},{"taxonomy":"product_cat","embeddable":true,"href":"https:\/\/www.lifenatura.com\/es\/wp-json\/wp\/v2\/product_cat?post=39067"},{"taxonomy":"product_tag","embeddable":true,"href":"https:\/\/www.lifenatura.com\/es\/wp-json\/wp\/v2\/product_tag?post=39067"}],"curies":[{"name":"wp","href":"https:\/\/api.w.org\/{rel}","templated":true}]}}