{"id":39065,"date":"2021-09-30T10:17:14","date_gmt":"2021-09-30T10:17:14","guid":{"rendered":"https:\/\/lifenatura.dev.agenciagetdigital.com\/produto\/kyolic-probiotico-kyo-dophilus-45-capsulas\/"},"modified":"2026-05-03T00:07:37","modified_gmt":"2026-05-03T00:07:37","slug":"kyolic-probiotico-kyo-dophilus-45-capsulas","status":"publish","type":"product","link":"https:\/\/www.lifenatura.com\/es\/produto\/kyolic-probiotico-kyo-dophilus-45-capsulas\/","title":{"rendered":"Kyolic Probi\u00f3tico Kyo Dophilus 45 c\u00e1psulas"},"content":{"rendered":"<p>Indicado para la Flora Intestinal Kyo-dophilus es una f\u00f3rmula \u00fanica que combina tres cepas de bacterias &#8211; L.acidophilus, B. bifidum y B. longum, proporcionando cerca de 1.500 millones de c\u00e9lulas vivas por c\u00e1psula. Estas tres especies son las bacterias que prevalecen en los intestinos, siendo completamente compatibles, unas con otras. En el conjunto de sus caracter\u00edsticas individuales, las convierten en una poderosa combinaci\u00f3n. Su capacidad de producci\u00f3n de \u00e1cidos y sustancias que inhiben el crecimiento de las bacterias pat\u00f3genas, permite crear un ambiente propicio para las bacterias beneficiosas, pero adverso a las bacterias pat\u00f3genas. PRESENTACI\u00d3N 45 C\u00e1psulas.<\/p>\n","protected":false},"excerpt":{"rendered":"<p>Indicado para la Flora Intestinal Kyo-dophilus es una f\u00f3rmula \u00fanica que combina tres cepas de bacterias &#8211; L.acidophilus, B. bifidum y B. longum, proporcionando cerca de 1.500 millones de c\u00e9lulas vivas por c\u00e1psula. Estas tres especies son las bacterias que prevalecen en los intestinos, siendo completamente compatibles, unas con otras. En el conjunto de sus [&#8230;]<\/p>\n<p><a class=\"btn btn-secondary understrap-read-more-link\" href=\"https:\/\/www.lifenatura.com\/es\/produto\/kyolic-probiotico-kyo-dophilus-45-capsulas\/\">Leer m\u00e1s&#8230;<span class=\"screen-reader-text\"> from Kyolic Probi\u00f3tico Kyo Dophilus 45 c\u00e1psulas<\/span><\/a><\/p>\n","protected":false},"featured_media":130427,"template":"","meta":{"_acf_changed":false},"product_brand":[8459],"product_cat":[7256,7659,7770,7179],"product_tag":[8702],"class_list":{"0":"post-39065","1":"product","2":"type-product","3":"status-publish","4":"has-post-thumbnail","6":"product_brand-kyolic","7":"product_cat-flora-intestinal-salud","8":"product_cat-ingrediente-natural-bio","9":"product_cat-probioticos-es","10":"product_cat-salud","11":"product_tag-nutricion-oro","13":"first","14":"instock","15":"shipping-taxable","16":"purchasable","17":"product-type-simple","18":"add-to-wishlist-before_image"},"acf":[],"yoast_head":"<!-- This site is optimized with the Yoast SEO Premium plugin v27.1 (Yoast SEO v27.5) - https:\/\/yoast.com\/product\/yoast-seo-premium-wordpress\/ -->\n<title>Kyolic Probi\u00f3tico Kyo Dophilus 45 c\u00e1psulas<\/title>\n<meta name=\"description\" content=\"Kyo-dophilus es una f\u00f3rmula \u00fanica que combina tres cepas de bacterias - L.acidophilus, B. bifidum y B. longum, proporcionando cerca de 1.500 millones de c\u00e9lulas vivas por c\u00e1psula\" \/>\n<meta name=\"robots\" content=\"index, follow, max-snippet:-1, max-image-preview:large, max-video-preview:-1\" \/>\n<link rel=\"canonical\" href=\"https:\/\/www.lifenatura.com\/es\/produto\/kyolic-probiotico-kyo-dophilus-45-capsulas\/\" \/>\n<meta property=\"og:locale\" content=\"es_ES\" \/>\n<meta property=\"og:type\" content=\"article\" \/>\n<meta property=\"og:title\" content=\"Kyolic Probi\u00f3tico Kyo Dophilus 45 c\u00e1psulas - Na Lifenatura ao Melhor Pre\u00e7o | Envio 48h\" \/>\n<meta property=\"og:description\" content=\"Compre Kyolic Probi\u00f3tico Kyo Dophilus 45 c\u00e1psulas com envio r\u00e1pido. Entrega em 48h e portes gr\u00e1tis em compras &gt;35\u20ac. Aproveite j\u00e1 na Lifenatura\" \/>\n<meta property=\"og:url\" content=\"https:\/\/www.lifenatura.com\/es\/produto\/kyolic-probiotico-kyo-dophilus-45-capsulas\/\" \/>\n<meta property=\"og:site_name\" content=\"Lifenatura\" \/>\n<meta property=\"article:publisher\" content=\"https:\/\/www.facebook.com\/lifenatura\" \/>\n<meta property=\"article:modified_time\" content=\"2026-05-03T00:07:37+00:00\" \/>\n<meta property=\"og:image\" content=\"https:\/\/www.lifenatura.com\/wp-content\/uploads\/2021\/09\/gd_kyolic_probio_tico_kyo_dophilus_45_capsulas.jpg\" \/>\n\t<meta property=\"og:image:width\" content=\"1000\" \/>\n\t<meta property=\"og:image:height\" content=\"1000\" \/>\n\t<meta property=\"og:image:type\" content=\"image\/jpeg\" \/>\n<meta name=\"twitter:card\" content=\"summary_large_image\" \/>\n<meta name=\"twitter:label1\" content=\"Precio\" \/>\n\t<meta name=\"twitter:data1\" content=\"18,73&nbsp;&euro;\" \/>\n\t<meta name=\"twitter:label2\" content=\"Disponibilidad\" \/>\n\t<meta name=\"twitter:data2\" content=\"Disponible\" \/>\n<script type=\"application\/ld+json\" class=\"yoast-schema-graph\">{\"@context\":\"https:\\\/\\\/schema.org\",\"@graph\":[{\"@type\":\"WebPage\",\"@id\":\"https:\\\/\\\/www.lifenatura.com\\\/es\\\/produto\\\/kyolic-probiotico-kyo-dophilus-45-capsulas\\\/\",\"url\":\"https:\\\/\\\/www.lifenatura.com\\\/es\\\/produto\\\/kyolic-probiotico-kyo-dophilus-45-capsulas\\\/\",\"name\":\"Kyolic Probi\u00f3tico Kyo Dophilus 45 c\u00e1psulas\",\"isPartOf\":{\"@id\":\"https:\\\/\\\/www.lifenatura.com\\\/es\\\/#website\"},\"primaryImageOfPage\":{\"@id\":\"https:\\\/\\\/www.lifenatura.com\\\/es\\\/produto\\\/kyolic-probiotico-kyo-dophilus-45-capsulas\\\/#primaryimage\"},\"image\":{\"@id\":\"https:\\\/\\\/www.lifenatura.com\\\/es\\\/produto\\\/kyolic-probiotico-kyo-dophilus-45-capsulas\\\/#primaryimage\"},\"thumbnailUrl\":\"https:\\\/\\\/www.lifenatura.com\\\/wp-content\\\/uploads\\\/2026\\\/03\\\/Prod_KyodophilusDaily.jpg\",\"datePublished\":\"2021-09-30T10:17:14+00:00\",\"dateModified\":\"2026-05-03T00:07:37+00:00\",\"description\":\"Kyo-dophilus es una f\u00f3rmula \u00fanica que combina tres cepas de bacterias - L.acidophilus, B. bifidum y B. longum, proporcionando cerca de 1.500 millones de c\u00e9lulas vivas por c\u00e1psula\",\"breadcrumb\":{\"@id\":\"https:\\\/\\\/www.lifenatura.com\\\/es\\\/produto\\\/kyolic-probiotico-kyo-dophilus-45-capsulas\\\/#breadcrumb\"},\"inLanguage\":\"es\",\"potentialAction\":[{\"@type\":\"ReadAction\",\"target\":[\"https:\\\/\\\/www.lifenatura.com\\\/es\\\/produto\\\/kyolic-probiotico-kyo-dophilus-45-capsulas\\\/\"]}]},{\"@type\":\"ImageObject\",\"inLanguage\":\"es\",\"@id\":\"https:\\\/\\\/www.lifenatura.com\\\/es\\\/produto\\\/kyolic-probiotico-kyo-dophilus-45-capsulas\\\/#primaryimage\",\"url\":\"https:\\\/\\\/www.lifenatura.com\\\/wp-content\\\/uploads\\\/2026\\\/03\\\/Prod_KyodophilusDaily.jpg\",\"contentUrl\":\"https:\\\/\\\/www.lifenatura.com\\\/wp-content\\\/uploads\\\/2026\\\/03\\\/Prod_KyodophilusDaily.jpg\",\"width\":830,\"height\":820},{\"@type\":\"BreadcrumbList\",\"@id\":\"https:\\\/\\\/www.lifenatura.com\\\/es\\\/produto\\\/kyolic-probiotico-kyo-dophilus-45-capsulas\\\/#breadcrumb\",\"itemListElement\":[{\"@type\":\"ListItem\",\"position\":1,\"name\":\"In\u00edcio\",\"item\":\"https:\\\/\\\/www.lifenatura.com\\\/es\\\/\"},{\"@type\":\"ListItem\",\"position\":2,\"name\":\"Todos los Productos\",\"item\":\"https:\\\/\\\/www.lifenatura.com\\\/es\\\/tienda\\\/\"},{\"@type\":\"ListItem\",\"position\":3,\"name\":\"Kyolic Probi\u00f3tico Kyo Dophilus 45 c\u00e1psulas\"}]},{\"@type\":\"WebSite\",\"@id\":\"https:\\\/\\\/www.lifenatura.com\\\/es\\\/#website\",\"url\":\"https:\\\/\\\/www.lifenatura.com\\\/es\\\/\",\"name\":\"Lifenatura\",\"description\":\"A Lifenatura \u00e9 uma loja de produtos naturais, cosm\u00e9tica natural e alimenta\u00e7\u00e3o Biol\u00f3gica.\",\"publisher\":{\"@id\":\"https:\\\/\\\/www.lifenatura.com\\\/es\\\/#organization\"},\"potentialAction\":[{\"@type\":\"SearchAction\",\"target\":{\"@type\":\"EntryPoint\",\"urlTemplate\":\"https:\\\/\\\/www.lifenatura.com\\\/es\\\/?s={search_term_string}\"},\"query-input\":{\"@type\":\"PropertyValueSpecification\",\"valueRequired\":true,\"valueName\":\"search_term_string\"}}],\"inLanguage\":\"es\"},{\"@type\":\"Organization\",\"@id\":\"https:\\\/\\\/www.lifenatura.com\\\/es\\\/#organization\",\"name\":\"Lifenatura\",\"url\":\"https:\\\/\\\/www.lifenatura.com\\\/es\\\/\",\"logo\":{\"@type\":\"ImageObject\",\"inLanguage\":\"es\",\"@id\":\"https:\\\/\\\/www.lifenatura.com\\\/es\\\/#\\\/schema\\\/logo\\\/image\\\/\",\"url\":\"https:\\\/\\\/www.lifenatura.com\\\/wp-content\\\/uploads\\\/2021\\\/07\\\/logo.png\",\"contentUrl\":\"https:\\\/\\\/www.lifenatura.com\\\/wp-content\\\/uploads\\\/2021\\\/07\\\/logo.png\",\"width\":175,\"height\":55,\"caption\":\"Lifenatura\"},\"image\":{\"@id\":\"https:\\\/\\\/www.lifenatura.com\\\/es\\\/#\\\/schema\\\/logo\\\/image\\\/\"},\"sameAs\":[\"https:\\\/\\\/www.facebook.com\\\/lifenatura\",\"https:\\\/\\\/www.instagram.com\\\/lifenaturapt\\\/\"],\"hasMerchantReturnPolicy\":{\"@type\":\"MerchantReturnPolicy\",\"merchantReturnLink\":\"https:\\\/\\\/www.lifenatura.com\\\/termos-condicoes-lifenatura\\\/\"}}]}<\/script>\n<meta property=\"product:price:amount\" content=\"18.73\" \/>\n<meta property=\"product:price:currency\" content=\"EUR\" \/>\n<meta property=\"og:availability\" content=\"instock\" \/>\n<meta property=\"product:availability\" content=\"instock\" \/>\n<meta property=\"product:retailer_item_id\" content=\"0023542600453\" \/>\n<meta property=\"product:condition\" content=\"new\" \/>\n<!-- \/ Yoast SEO Premium plugin. -->","yoast_head_json":{"title":"Kyolic Probi\u00f3tico Kyo Dophilus 45 c\u00e1psulas","description":"Kyo-dophilus es una f\u00f3rmula \u00fanica que combina tres cepas de bacterias - L.acidophilus, B. bifidum y B. longum, proporcionando cerca de 1.500 millones de c\u00e9lulas vivas por c\u00e1psula","robots":{"index":"index","follow":"follow","max-snippet":"max-snippet:-1","max-image-preview":"max-image-preview:large","max-video-preview":"max-video-preview:-1"},"canonical":"https:\/\/www.lifenatura.com\/es\/produto\/kyolic-probiotico-kyo-dophilus-45-capsulas\/","og_locale":"es_ES","og_type":"article","og_title":"Kyolic Probi\u00f3tico Kyo Dophilus 45 c\u00e1psulas - Na Lifenatura ao Melhor Pre\u00e7o | Envio 48h","og_description":"Compre Kyolic Probi\u00f3tico Kyo Dophilus 45 c\u00e1psulas com envio r\u00e1pido. Entrega em 48h e portes gr\u00e1tis em compras >35\u20ac. Aproveite j\u00e1 na Lifenatura","og_url":"https:\/\/www.lifenatura.com\/es\/produto\/kyolic-probiotico-kyo-dophilus-45-capsulas\/","og_site_name":"Lifenatura","article_publisher":"https:\/\/www.facebook.com\/lifenatura","article_modified_time":"2026-05-03T00:07:37+00:00","og_image":[{"width":1000,"height":1000,"url":"https:\/\/www.lifenatura.com\/wp-content\/uploads\/2021\/09\/gd_kyolic_probio_tico_kyo_dophilus_45_capsulas.jpg","type":"image\/jpeg"}],"twitter_card":"summary_large_image","twitter_misc":{"Precio":"18,73&nbsp;&euro;","Disponibilidad":"Disponible"},"schema":{"@context":"https:\/\/schema.org","@graph":[{"@type":"WebPage","@id":"https:\/\/www.lifenatura.com\/es\/produto\/kyolic-probiotico-kyo-dophilus-45-capsulas\/","url":"https:\/\/www.lifenatura.com\/es\/produto\/kyolic-probiotico-kyo-dophilus-45-capsulas\/","name":"Kyolic Probi\u00f3tico Kyo Dophilus 45 c\u00e1psulas","isPartOf":{"@id":"https:\/\/www.lifenatura.com\/es\/#website"},"primaryImageOfPage":{"@id":"https:\/\/www.lifenatura.com\/es\/produto\/kyolic-probiotico-kyo-dophilus-45-capsulas\/#primaryimage"},"image":{"@id":"https:\/\/www.lifenatura.com\/es\/produto\/kyolic-probiotico-kyo-dophilus-45-capsulas\/#primaryimage"},"thumbnailUrl":"https:\/\/www.lifenatura.com\/wp-content\/uploads\/2026\/03\/Prod_KyodophilusDaily.jpg","datePublished":"2021-09-30T10:17:14+00:00","dateModified":"2026-05-03T00:07:37+00:00","description":"Kyo-dophilus es una f\u00f3rmula \u00fanica que combina tres cepas de bacterias - L.acidophilus, B. bifidum y B. longum, proporcionando cerca de 1.500 millones de c\u00e9lulas vivas por c\u00e1psula","breadcrumb":{"@id":"https:\/\/www.lifenatura.com\/es\/produto\/kyolic-probiotico-kyo-dophilus-45-capsulas\/#breadcrumb"},"inLanguage":"es","potentialAction":[{"@type":"ReadAction","target":["https:\/\/www.lifenatura.com\/es\/produto\/kyolic-probiotico-kyo-dophilus-45-capsulas\/"]}]},{"@type":"ImageObject","inLanguage":"es","@id":"https:\/\/www.lifenatura.com\/es\/produto\/kyolic-probiotico-kyo-dophilus-45-capsulas\/#primaryimage","url":"https:\/\/www.lifenatura.com\/wp-content\/uploads\/2026\/03\/Prod_KyodophilusDaily.jpg","contentUrl":"https:\/\/www.lifenatura.com\/wp-content\/uploads\/2026\/03\/Prod_KyodophilusDaily.jpg","width":830,"height":820},{"@type":"BreadcrumbList","@id":"https:\/\/www.lifenatura.com\/es\/produto\/kyolic-probiotico-kyo-dophilus-45-capsulas\/#breadcrumb","itemListElement":[{"@type":"ListItem","position":1,"name":"In\u00edcio","item":"https:\/\/www.lifenatura.com\/es\/"},{"@type":"ListItem","position":2,"name":"Todos los Productos","item":"https:\/\/www.lifenatura.com\/es\/tienda\/"},{"@type":"ListItem","position":3,"name":"Kyolic Probi\u00f3tico Kyo Dophilus 45 c\u00e1psulas"}]},{"@type":"WebSite","@id":"https:\/\/www.lifenatura.com\/es\/#website","url":"https:\/\/www.lifenatura.com\/es\/","name":"Lifenatura","description":"A Lifenatura \u00e9 uma loja de produtos naturais, cosm\u00e9tica natural e alimenta\u00e7\u00e3o Biol\u00f3gica.","publisher":{"@id":"https:\/\/www.lifenatura.com\/es\/#organization"},"potentialAction":[{"@type":"SearchAction","target":{"@type":"EntryPoint","urlTemplate":"https:\/\/www.lifenatura.com\/es\/?s={search_term_string}"},"query-input":{"@type":"PropertyValueSpecification","valueRequired":true,"valueName":"search_term_string"}}],"inLanguage":"es"},{"@type":"Organization","@id":"https:\/\/www.lifenatura.com\/es\/#organization","name":"Lifenatura","url":"https:\/\/www.lifenatura.com\/es\/","logo":{"@type":"ImageObject","inLanguage":"es","@id":"https:\/\/www.lifenatura.com\/es\/#\/schema\/logo\/image\/","url":"https:\/\/www.lifenatura.com\/wp-content\/uploads\/2021\/07\/logo.png","contentUrl":"https:\/\/www.lifenatura.com\/wp-content\/uploads\/2021\/07\/logo.png","width":175,"height":55,"caption":"Lifenatura"},"image":{"@id":"https:\/\/www.lifenatura.com\/es\/#\/schema\/logo\/image\/"},"sameAs":["https:\/\/www.facebook.com\/lifenatura","https:\/\/www.instagram.com\/lifenaturapt\/"],"hasMerchantReturnPolicy":{"@type":"MerchantReturnPolicy","merchantReturnLink":"https:\/\/www.lifenatura.com\/termos-condicoes-lifenatura\/"}}]},"product_price_amount":"18.73","product_price_currency":"EUR","og_availability":"instock","product_availability":"instock","product_retailer_item_id":"0023542600453","product_condition":"new"},"df_price":18.73,"df_sale_price":14.05,"df_regular_price":18.73,"df_image_link":"https:\/\/www.lifenatura.com\/wp-content\/uploads\/2026\/03\/Prod_KyodophilusDaily-300x296.jpg","_links":{"self":[{"href":"https:\/\/www.lifenatura.com\/es\/wp-json\/wp\/v2\/product\/39065","targetHints":{"allow":["GET"]}}],"collection":[{"href":"https:\/\/www.lifenatura.com\/es\/wp-json\/wp\/v2\/product"}],"about":[{"href":"https:\/\/www.lifenatura.com\/es\/wp-json\/wp\/v2\/types\/product"}],"wp:featuredmedia":[{"embeddable":true,"href":"https:\/\/www.lifenatura.com\/es\/wp-json\/wp\/v2\/media\/130427"}],"wp:attachment":[{"href":"https:\/\/www.lifenatura.com\/es\/wp-json\/wp\/v2\/media?parent=39065"}],"wp:term":[{"taxonomy":"product_brand","embeddable":true,"href":"https:\/\/www.lifenatura.com\/es\/wp-json\/wp\/v2\/product_brand?post=39065"},{"taxonomy":"product_cat","embeddable":true,"href":"https:\/\/www.lifenatura.com\/es\/wp-json\/wp\/v2\/product_cat?post=39065"},{"taxonomy":"product_tag","embeddable":true,"href":"https:\/\/www.lifenatura.com\/es\/wp-json\/wp\/v2\/product_tag?post=39065"}],"curies":[{"name":"wp","href":"https:\/\/api.w.org\/{rel}","templated":true}]}}