{"id":39036,"date":"2021-09-30T10:16:35","date_gmt":"2021-09-30T10:16:35","guid":{"rendered":"https:\/\/lifenatura.dev.agenciagetdigital.com\/produto\/allergoval-50-capsulas-kvp\/"},"modified":"2026-02-17T07:58:07","modified_gmt":"2026-02-17T07:58:07","slug":"allergoval-50-capsulas-kvp","status":"publish","type":"product","link":"https:\/\/www.lifenatura.com\/es\/produto\/allergoval-50-capsulas-kvp\/","title":{"rendered":"Allergoval 50 c\u00e1psulas &#8211; KVP"},"content":{"rendered":"<p>Indicado para las Alergias Allergoval es indicado para las alergias que son muy vulgares hoy en d\u00eda, siendo las alergias alimentarias un grupo de dif\u00edcil diagn\u00f3stico. El Allergoval ayuda en el despiste cl\u00ednico al cromoglicato dis\u00f3dico, ya que su ingesti\u00f3n elimina todos los s\u00edntomas de alergias alimentarias, ya sean d\u00e9rmicos, respiratorios u otros (si no es alergia alimentar los s\u00edntomas se aten\u00faan, pero no desaparecen en su totalidad). PRESENTACI\u00d3N 50 C\u00e1psulas.<\/p>\n","protected":false},"excerpt":{"rendered":"<p>Indicado para las Alergias Allergoval es indicado para las alergias que son muy vulgares hoy en d\u00eda, siendo las alergias alimentarias un grupo de dif\u00edcil diagn\u00f3stico. El Allergoval ayuda en el despiste cl\u00ednico al cromoglicato dis\u00f3dico, ya que su ingesti\u00f3n elimina todos los s\u00edntomas de alergias alimentarias, ya sean d\u00e9rmicos, respiratorios u otros (si no [&#8230;]<\/p>\n<p><a class=\"btn btn-secondary understrap-read-more-link\" href=\"https:\/\/www.lifenatura.com\/es\/produto\/allergoval-50-capsulas-kvp\/\">Leer m\u00e1s&#8230;<span class=\"screen-reader-text\"> from Allergoval 50 c\u00e1psulas &#8211; KVP<\/span><\/a><\/p>\n","protected":false},"featured_media":20454,"template":"","meta":{"_acf_changed":false},"product_brand":[8462],"product_cat":[7230,7179],"product_tag":[],"class_list":{"0":"post-39036","1":"product","2":"type-product","3":"status-publish","4":"has-post-thumbnail","6":"product_brand-kvp","7":"product_cat-alergias-respiratorias","8":"product_cat-salud","10":"first","11":"outofstock","12":"shipping-taxable","13":"purchasable","14":"product-type-simple","15":"add-to-wishlist-before_image"},"acf":[],"yoast_head":"<!-- This site is optimized with the Yoast SEO Premium plugin v27.1 (Yoast SEO v27.4) - https:\/\/yoast.com\/product\/yoast-seo-premium-wordpress\/ -->\n<title>Allergoval 50 c\u00e1psulas - KVP<\/title>\n<meta name=\"description\" content=\"Allergoval es indicado para las alergias que son muy vulgares hoy en d\u00eda, siendo las alergias alimentarias un grupo de dif\u00edcil diagn\u00f3stico.\" \/>\n<meta name=\"robots\" content=\"index, follow, max-snippet:-1, max-image-preview:large, max-video-preview:-1\" \/>\n<link rel=\"canonical\" href=\"https:\/\/www.lifenatura.com\/es\/produto\/allergoval-50-capsulas-kvp\/\" \/>\n<meta property=\"og:locale\" content=\"es_ES\" \/>\n<meta property=\"og:type\" content=\"article\" \/>\n<meta property=\"og:title\" content=\"Allergoval 50 c\u00e1psulas - KVP - Lifenatura\" \/>\n<meta property=\"og:description\" content=\"Compre aqui o seu Allergoval 50 c\u00e1psulas - KVP e a Lifenatura Online envia em 48 H com Portes Gratis &gt;35\u20ac de Pedido.\" \/>\n<meta property=\"og:url\" content=\"https:\/\/www.lifenatura.com\/es\/produto\/allergoval-50-capsulas-kvp\/\" \/>\n<meta property=\"og:site_name\" content=\"Lifenatura\" \/>\n<meta property=\"article:publisher\" content=\"https:\/\/www.facebook.com\/lifenatura\" \/>\n<meta property=\"article:modified_time\" content=\"2026-02-17T07:58:07+00:00\" \/>\n<meta property=\"og:image\" content=\"https:\/\/www.lifenatura.com\/wp-content\/uploads\/2021\/09\/gd_allergoval-50-caps-2-m-pharma.jpg\" \/>\n\t<meta property=\"og:image:width\" content=\"1000\" \/>\n\t<meta property=\"og:image:height\" content=\"1000\" \/>\n\t<meta property=\"og:image:type\" content=\"image\/jpeg\" \/>\n<meta name=\"twitter:card\" content=\"summary_large_image\" \/>\n<meta name=\"twitter:label1\" content=\"Precio\" \/>\n\t<meta name=\"twitter:data1\" content=\"44,55&nbsp;&euro;\" \/>\n\t<meta name=\"twitter:label2\" content=\"Disponibilidad\" \/>\n\t<meta name=\"twitter:data2\" content=\"Sin existencias\" \/>\n<meta property=\"product:price:amount\" content=\"44.55\" \/>\n<meta property=\"product:price:currency\" content=\"EUR\" \/>\n<meta property=\"og:availability\" content=\"out of stock\" \/>\n<meta property=\"product:availability\" content=\"out of stock\" \/>\n<meta property=\"product:retailer_item_id\" content=\"5600000000298\" \/>\n<meta property=\"product:condition\" content=\"new\" \/>\n<!-- \/ Yoast SEO Premium plugin. -->","yoast_head_json":{"title":"Allergoval 50 c\u00e1psulas - KVP","description":"Allergoval es indicado para las alergias que son muy vulgares hoy en d\u00eda, siendo las alergias alimentarias un grupo de dif\u00edcil diagn\u00f3stico.","robots":{"index":"index","follow":"follow","max-snippet":"max-snippet:-1","max-image-preview":"max-image-preview:large","max-video-preview":"max-video-preview:-1"},"canonical":"https:\/\/www.lifenatura.com\/es\/produto\/allergoval-50-capsulas-kvp\/","og_locale":"es_ES","og_type":"article","og_title":"Allergoval 50 c\u00e1psulas - KVP - Lifenatura","og_description":"Compre aqui o seu Allergoval 50 c\u00e1psulas - KVP e a Lifenatura Online envia em 48 H com Portes Gratis >35\u20ac de Pedido.","og_url":"https:\/\/www.lifenatura.com\/es\/produto\/allergoval-50-capsulas-kvp\/","og_site_name":"Lifenatura","article_publisher":"https:\/\/www.facebook.com\/lifenatura","article_modified_time":"2026-02-17T07:58:07+00:00","og_image":[{"width":1000,"height":1000,"url":"https:\/\/www.lifenatura.com\/wp-content\/uploads\/2021\/09\/gd_allergoval-50-caps-2-m-pharma.jpg","type":"image\/jpeg"}],"twitter_card":"summary_large_image","twitter_misc":{"Precio":"44,55&nbsp;&euro;","Disponibilidad":"Sin existencias"},"schema":{"@context":"https:\/\/schema.org","@graph":[{"@type":"WebPage","@id":"https:\/\/www.lifenatura.com\/es\/produto\/allergoval-50-capsulas-kvp\/","url":"https:\/\/www.lifenatura.com\/es\/produto\/allergoval-50-capsulas-kvp\/","name":"Allergoval 50 c\u00e1psulas - KVP","isPartOf":{"@id":"https:\/\/www.lifenatura.com\/es\/#website"},"primaryImageOfPage":{"@id":"https:\/\/www.lifenatura.com\/es\/produto\/allergoval-50-capsulas-kvp\/#primaryimage"},"image":{"@id":"https:\/\/www.lifenatura.com\/es\/produto\/allergoval-50-capsulas-kvp\/#primaryimage"},"thumbnailUrl":"https:\/\/www.lifenatura.com\/wp-content\/uploads\/2021\/09\/gd_allergoval-50-caps-2-m-pharma.jpg","datePublished":"2021-09-30T10:16:35+00:00","dateModified":"2026-02-17T07:58:07+00:00","description":"Allergoval es indicado para las alergias que son muy vulgares hoy en d\u00eda, siendo las alergias alimentarias un grupo de dif\u00edcil diagn\u00f3stico.","breadcrumb":{"@id":"https:\/\/www.lifenatura.com\/es\/produto\/allergoval-50-capsulas-kvp\/#breadcrumb"},"inLanguage":"es","potentialAction":[{"@type":"ReadAction","target":["https:\/\/www.lifenatura.com\/es\/produto\/allergoval-50-capsulas-kvp\/"]}]},{"@type":"ImageObject","inLanguage":"es","@id":"https:\/\/www.lifenatura.com\/es\/produto\/allergoval-50-capsulas-kvp\/#primaryimage","url":"https:\/\/www.lifenatura.com\/wp-content\/uploads\/2021\/09\/gd_allergoval-50-caps-2-m-pharma.jpg","contentUrl":"https:\/\/www.lifenatura.com\/wp-content\/uploads\/2021\/09\/gd_allergoval-50-caps-2-m-pharma.jpg","width":1000,"height":1000,"caption":"Allergoval 50 c\u00e1psulas - KVP"},{"@type":"BreadcrumbList","@id":"https:\/\/www.lifenatura.com\/es\/produto\/allergoval-50-capsulas-kvp\/#breadcrumb","itemListElement":[{"@type":"ListItem","position":1,"name":"In\u00edcio","item":"https:\/\/www.lifenatura.com\/es\/"},{"@type":"ListItem","position":2,"name":"Todos los Productos","item":"https:\/\/www.lifenatura.com\/es\/tienda\/"},{"@type":"ListItem","position":3,"name":"Allergoval 50 c\u00e1psulas &#8211; KVP"}]},{"@type":"WebSite","@id":"https:\/\/www.lifenatura.com\/es\/#website","url":"https:\/\/www.lifenatura.com\/es\/","name":"Lifenatura","description":"A Lifenatura \u00e9 uma loja de produtos naturais, cosm\u00e9tica natural e alimenta\u00e7\u00e3o Biol\u00f3gica.","publisher":{"@id":"https:\/\/www.lifenatura.com\/es\/#organization"},"potentialAction":[{"@type":"SearchAction","target":{"@type":"EntryPoint","urlTemplate":"https:\/\/www.lifenatura.com\/es\/?s={search_term_string}"},"query-input":{"@type":"PropertyValueSpecification","valueRequired":true,"valueName":"search_term_string"}}],"inLanguage":"es"},{"@type":"Organization","@id":"https:\/\/www.lifenatura.com\/es\/#organization","name":"Lifenatura","url":"https:\/\/www.lifenatura.com\/es\/","logo":{"@type":"ImageObject","inLanguage":"es","@id":"https:\/\/www.lifenatura.com\/es\/#\/schema\/logo\/image\/","url":"https:\/\/www.lifenatura.com\/wp-content\/uploads\/2021\/11\/logo.png","contentUrl":"https:\/\/www.lifenatura.com\/wp-content\/uploads\/2021\/11\/logo.png","width":175,"height":55,"caption":"Lifenatura"},"image":{"@id":"https:\/\/www.lifenatura.com\/es\/#\/schema\/logo\/image\/"},"sameAs":["https:\/\/www.facebook.com\/lifenatura","https:\/\/www.instagram.com\/lifenaturapt\/"]}]},"product_price_amount":"44.55","product_price_currency":"EUR","og_availability":"out of stock","product_availability":"out of stock","product_retailer_item_id":"5600000000298","product_condition":"new"},"df_price":44.55,"df_sale_price":"","df_regular_price":44.55,"df_image_link":"https:\/\/www.lifenatura.com\/wp-content\/uploads\/2021\/09\/gd_allergoval-50-caps-2-m-pharma-300x300.jpg","_links":{"self":[{"href":"https:\/\/www.lifenatura.com\/es\/wp-json\/wp\/v2\/product\/39036","targetHints":{"allow":["GET"]}}],"collection":[{"href":"https:\/\/www.lifenatura.com\/es\/wp-json\/wp\/v2\/product"}],"about":[{"href":"https:\/\/www.lifenatura.com\/es\/wp-json\/wp\/v2\/types\/product"}],"wp:featuredmedia":[{"embeddable":true,"href":"https:\/\/www.lifenatura.com\/es\/wp-json\/wp\/v2\/media\/20454"}],"wp:attachment":[{"href":"https:\/\/www.lifenatura.com\/es\/wp-json\/wp\/v2\/media?parent=39036"}],"wp:term":[{"taxonomy":"product_brand","embeddable":true,"href":"https:\/\/www.lifenatura.com\/es\/wp-json\/wp\/v2\/product_brand?post=39036"},{"taxonomy":"product_cat","embeddable":true,"href":"https:\/\/www.lifenatura.com\/es\/wp-json\/wp\/v2\/product_cat?post=39036"},{"taxonomy":"product_tag","embeddable":true,"href":"https:\/\/www.lifenatura.com\/es\/wp-json\/wp\/v2\/product_tag?post=39036"}],"curies":[{"name":"wp","href":"https:\/\/api.w.org\/{rel}","templated":true}]}}